{"id":23493,"date":"2025-05-26T10:24:24","date_gmt":"2025-05-26T08:24:24","guid":{"rendered":"https:\/\/www.ferberpainting.com\/products\/glyphosate\/"},"modified":"2026-02-24T18:08:45","modified_gmt":"2026-02-24T17:08:45","slug":"glyphosate","status":"publish","type":"product","link":"https:\/\/www.ferberpainting.com\/hu\/products\/glyphosate\/","title":{"rendered":"Glifoz\u00e1t"},"content":{"rendered":"<p><img decoding=\"async\" style=\"margin-right: 12px;\" src=\"https:\/\/www.ferberpainting.com\/wp-content\/uploads\/2026\/02\/Check.svg\" alt=\"\" width=\"18\" height=\"15\" \/><strong>Er\u0151teljes sziszt\u00e9m\u00e1s gyomirt\u00e1s magas glifoz\u00e1tkoncentr\u00e1ci\u00f3val.<\/strong> Glifoz\u00e1t oldatunk 360 g\/l kiv\u00e1l\u00f3 min\u0151s\u00e9g\u0171 hat\u00f3anyagot tartalmaz, amely er\u0151s \u00e9s megb\u00edzhat\u00f3 sziszt\u00e9m\u00e1s hat\u00e1st biztos\u00edt a gyomok sz\u00e9les spektrum\u00e1val szemben. A kijuttat\u00e1st k\u00f6vet\u0151en a hat\u00f3anyag a leveleken kereszt\u00fcl felsz\u00edv\u00f3dik, \u00e9s az eg\u00e9sz n\u00f6v\u00e9nyben eljut a gy\u00f6kerekhez \u00e9s a f\u00f6ld alatti strukt\u00far\u00e1khoz, \u00edgy biztos\u00edtva a teljes \u00e9s tart\u00f3s v\u00e9dekez\u00e9st. Ezt a nagy teljes\u00edtm\u00e9ny\u0171 k\u00e9sz\u00edtm\u00e9nyt a mez\u0151gazdas\u00e1gi, ipari \u00e9s lakoss\u00e1gi k\u00f6rnyezetben t\u00f6rt\u00e9n\u0151 hat\u00e9kony n\u00f6v\u00e9nyzetkezel\u00e9sre tervezt\u00e9k.<\/p>\n<p><strong><img decoding=\"async\" style=\"margin-right: 12px;\" src=\"https:\/\/www.ferberpainting.com\/wp-content\/uploads\/2026\/02\/Check.svg\" alt=\"\" width=\"18\" height=\"15\" \/>A leghat\u00e9konyabb nem szelekt\u00edv gyomirt\u00f3 szer a piacon.<\/strong> A gyors felsz\u00edv\u00f3d\u00e1sra \u00e9s m\u00e9lyen sziszt\u00e9m\u00e1s hat\u00e1sra tervezett glifoz\u00e1tk\u00e9sz\u00edtm\u00e9ny hat\u00e9konyabban irtja az egyny\u00e1ri \u00e9s \u00e9vel\u0151 gyomokat, mint a kiz\u00e1r\u00f3lag kontakt kezel\u00e9sek. A teljes n\u00f6v\u00e9nyi rendszert megc\u00e9lozza, megakad\u00e1lyozza az \u00fajran\u00f6veked\u00e9st \u00e9s jelent\u0151sen cs\u00f6kkenti az ism\u00e9telt alkalmaz\u00e1sok sz\u00fcks\u00e9gess\u00e9g\u00e9t.<\/p>\n<p><strong><img decoding=\"async\" style=\"margin-right: 12px;\" src=\"https:\/\/www.ferberpainting.com\/wp-content\/uploads\/2026\/02\/Check.svg\" alt=\"\" width=\"18\" height=\"15\" \/>P\u00e9nzvisszafizet\u00e9si garancia a teljes nyugalom\u00e9rt.<\/strong> Teljesen biztosak vagyunk a glifoz\u00e1t megold\u00e1sunk megb\u00edzhat\u00f3s\u00e1g\u00e1ban \u00e9s teljes\u00edtm\u00e9ny\u00e9ben. Ha nem teljesen el\u00e9gedett az eredm\u00e9nnyel, visszat\u00e9r\u00edtj\u00fck a v\u00e9tel\u00e1rat. P\u00e9nzvisszafizet\u00e9si garanci\u00e1nk biztos\u00edtja, hogy befektet\u00e9se teljesen kock\u00e1zatmentes, \u00e9s t\u00fckr\u00f6zi elk\u00f6telezetts\u00e9g\u00fcnket a professzion\u00e1lis gyomirt\u00e1s ir\u00e1nt.<\/p>\n<p><strong><img decoding=\"async\" style=\"margin-right: 12px;\" src=\"https:\/\/www.ferberpainting.com\/wp-content\/uploads\/2026\/02\/Check.svg\" alt=\"\" width=\"18\" height=\"15\" \/>Az el\u00e9rhet\u0151 legolcs\u00f3bb nagy teljes\u00edtm\u00e9ny\u0171 glifoz\u00e1toldat.<\/strong> A professzion\u00e1lis gyomirt\u00e1snak nem kell dr\u00e1g\u00e1nak lennie. Koncentr\u00e1lt formul\u00e1nk a piacon el\u00e9rhet\u0151 legversenyk\u00e9pesebb \u00e1ron ny\u00fajt pr\u00e9mium sziszt\u00e9m\u00e1s gyomirt\u00e1st, kiv\u00e9teles \u00e9rt\u00e9ket k\u00edn\u00e1lva a gazd\u00e1lkod\u00f3k, kert\u00e9p\u00edt\u0151k, v\u00e1llalkoz\u00f3k \u00e9s ingatlantulajdonosok sz\u00e1m\u00e1ra.<\/p>\n<p><strong><img decoding=\"async\" style=\"margin-right: 12px;\" src=\"https:\/\/www.ferberpainting.com\/wp-content\/uploads\/2026\/02\/Check.svg\" alt=\"\" width=\"18\" height=\"15\" \/>Gyors, 24 \u00f3r\u00e1s sz\u00e1ll\u00edt\u00e1s a s\u00fcrg\u0151s n\u00f6v\u00e9nyzet elleni v\u00e9dekez\u00e9shez.<\/strong> A gyomn\u00f6veked\u00e9s gyorsan kezelhetetlenn\u00e9 v\u00e1lhat. Ez\u00e9rt biztos\u00edtunk megb\u00edzhat\u00f3, 24 \u00f3r\u00e1s kisz\u00e1ll\u00edt\u00e1st, amely biztos\u00edtja, hogy \u00d6n gyorsan megkapja a glifoz\u00e1toldatot, \u00edgy k\u00e9sedelem n\u00e9lk\u00fcl cselekedhet.<\/p>\n<p><strong><img decoding=\"async\" style=\"margin-right: 12px;\" src=\"https:\/\/www.ferberpainting.com\/wp-content\/uploads\/2026\/02\/Check.svg\" alt=\"\" width=\"18\" height=\"15\" \/>Az optim\u00e1lis teljes\u00edtm\u00e9ny \u00e9rdek\u00e9ben aj\u00e1nlott h\u00edg\u00edt\u00e1si ar\u00e1ny 50 ml\/l v\u00edz.<\/strong> A hat\u00e9kony kijuttat\u00e1s \u00e9rdek\u00e9ben a term\u00e9ket 1 liter tiszta v\u00edzhez 50 ml glifoz\u00e1tot kell h\u00edg\u00edtani. Ez a kiegyens\u00falyozott koncentr\u00e1ci\u00f3 biztos\u00edtja a megfelel\u0151 sziszt\u00e9m\u00e1s felsz\u00edv\u00f3d\u00e1st a hat\u00e9kony fedetts\u00e9g \u00e9s a k\u00f6lts\u00e9gkontroll fenntart\u00e1sa mellett.<\/p>\n<p><strong><img decoding=\"async\" style=\"margin-right: 12px;\" src=\"https:\/\/www.ferberpainting.com\/wp-content\/uploads\/2026\/02\/Check.svg\" alt=\"\" width=\"18\" height=\"15\" \/>Sz\u00e9les spektrum\u00fa gyomirt\u00f3 k\u00e9pess\u00e9g.<\/strong> Ez a glifoz\u00e1tk\u00e9sz\u00edtm\u00e9ny a gyomok sz\u00e9les sk\u00e1l\u00e1ja ellen hat\u00e9kony, bele\u00e9rtve a f\u0171f\u00e9l\u00e9ket, a sz\u00e9leslevel\u0171 gyomokat \u00e9s az invaz\u00edv n\u00f6v\u00e9nyfajokat. Kertekben, felhajt\u00f3kban, ipari ter\u00fcleteken, mez\u0151gazdas\u00e1gi ter\u00fcleteken, ker\u00edt\u00e9svonalakon \u00e9s nem term\u0151ter\u00fcleteken haszn\u00e1lhat\u00f3.<\/p>\n<p><strong><img decoding=\"async\" style=\"margin-right: 12px;\" src=\"https:\/\/www.ferberpainting.com\/wp-content\/uploads\/2026\/02\/Check.svg\" alt=\"\" width=\"18\" height=\"15\" \/>Sziszt\u00e9m\u00e1s hat\u00e1s a teljes gy\u00f6keres elt\u00e1vol\u00edt\u00e1s \u00e9rdek\u00e9ben.<\/strong> A kontakt gyomirt\u00f3 szerekkel ellent\u00e9tben, amelyek csak a l\u00e1that\u00f3 lombozatot k\u00e1ros\u00edtj\u00e1k, a glifoz\u00e1t a n\u00f6v\u00e9ny eg\u00e9sz \u00e9rrendszer\u00e9ben terjed. Megzavarja az alapvet\u0151 n\u00f6veked\u00e9si folyamatokat, biztos\u00edtva, hogy a kezelt gyomok a gy\u00f6kerekt\u0151l felfel\u00e9 elpusztuljanak, jelent\u0151sen cs\u00f6kkentve az \u00fajran\u00f6veked\u00e9st.<\/p>\n<p><strong><img decoding=\"async\" style=\"margin-right: 12px;\" src=\"https:\/\/www.ferberpainting.com\/wp-content\/uploads\/2026\/02\/Check.svg\" alt=\"\" width=\"18\" height=\"15\" \/>Ide\u00e1lis nagyszab\u00e1s\u00fa \u00e9s c\u00e9lzott alkalmaz\u00e1sokhoz.<\/strong> A koncentr\u00e1lt formula rugalmas kever\u00e9si mennyis\u00e9get tesz lehet\u0151v\u00e9, \u00edgy alkalmas mind a kisebb foltok kezel\u00e9s\u00e9re, mind a nagy ter\u00fclet\u0171 n\u00f6v\u00e9nyzet kezel\u00e9s\u00e9re. Az egy\u00e9rtelm\u0171 h\u00edg\u00edt\u00e1si ar\u00e1ny leegyszer\u0171s\u00edti az el\u0151k\u00e9sz\u00edt\u00e9st \u00e9s biztos\u00edtja az egyenletes eredm\u00e9nyeket.<\/p>\n<p><strong><img decoding=\"async\" style=\"margin-right: 12px;\" src=\"https:\/\/www.ferberpainting.com\/wp-content\/uploads\/2026\/02\/Check.svg\" alt=\"\" width=\"18\" height=\"15\" \/>Megb\u00edzhat\u00f3 teljes\u00edtm\u00e9ny k\u00fcl\u00f6nb\u00f6z\u0151 k\u00f6rnyezetekben.<\/strong> Ezt a term\u00e9ket \u00fagy tervezt\u00e9k, hogy az utas\u00edt\u00e1soknak megfelel\u0151en alkalmazva k\u00fcl\u00f6nb\u00f6z\u0151 \u00e9ghajlati \u00e9s veget\u00e1ci\u00f3s k\u00f6r\u00fclm\u00e9nyek k\u00f6z\u00f6tt is hat\u00e9konyan m\u0171k\u00f6dj\u00f6n. K\u00f6vetkezetes \u00f6sszet\u00e9tele kisz\u00e1m\u00edthat\u00f3 \u00e9s megb\u00edzhat\u00f3 gyomirt\u00e1si eredm\u00e9nyeket biztos\u00edt.<\/p>\n<h2><strong>Utas\u00edt\u00e1sok<\/strong><\/h2>\n<ul>\n<li>\u00d3vatosan m\u00e9rjen ki 50 ml glifoz\u00e1t koncentr\u00e1tumot 1 liter tiszta v\u00edzhez.<\/li>\n<li>Megfelel\u0151 permetez\u0151tart\u00e1lyban vagy kijuttat\u00f3ed\u00e9nyben alaposan keverje \u00f6ssze, am\u00edg az oldat egyenletes nem lesz.<\/li>\n<li>Kalibr\u00e1lt permetez\u0151g\u00e9ppel vigye fel a k\u00e9sz\u00edtm\u00e9nyt a c\u00e9lzott gyomn\u00f6v\u00e9nyek egyenletes eloszl\u00e1s\u00e1nak biztos\u00edt\u00e1sa \u00e9rdek\u00e9ben.<\/li>\n<li>Permetezze k\u00f6zvetlen\u00fcl az akt\u00edvan n\u00f6vekv\u0151 gyomn\u00f6v\u00e9nyekre, biztos\u00edtva a lev\u00e9lfel\u00fcletek teljes lefedetts\u00e9g\u00e9t, t\u00falzott lefoly\u00e1s n\u00e9lk\u00fcl.<\/li>\n<li>A megfelel\u0151 felsz\u00edv\u00f3d\u00e1s \u00e9rdek\u00e9ben sz\u00e1raz id\u0151j\u00e1r\u00e1si k\u00f6r\u00fclm\u00e9nyek k\u00f6z\u00f6tt alkalmazza, amikor a kezel\u00e9st k\u00f6vet\u0151 n\u00e9h\u00e1ny \u00f3r\u00e1n bel\u00fcl nem v\u00e1rhat\u00f3 es\u0151.<\/li>\n<li>Ker\u00fclje a permetez\u00e9st er\u0151s sz\u00e9lben, hogy elker\u00fclje a k\u00edv\u00e1natos n\u00f6v\u00e9nyekre val\u00f3 elsodr\u00f3d\u00e1st.<\/li>\n<li>Ne alkalmazza gyepre vagy kult\u00farn\u00f6v\u00e9nyekre, kiv\u00e9ve, ha a n\u00f6v\u00e9nyzet teljes elt\u00e1vol\u00edt\u00e1sa a c\u00e9l, mivel ez egy nem szelekt\u00edv gyomirt\u00f3 szer.<\/li>\n<li>A kezelt gyomn\u00f6v\u00e9nyek megbolygat\u00e1sa el\u0151tt hagyjon elegend\u0151 id\u0151t a sziszt\u00e9m\u00e1s felsz\u00edv\u00f3d\u00e1sra. A l\u00e1that\u00f3 t\u00fcnetek a k\u00f6rnyezeti felt\u00e9telekt\u0151l f\u00fcgg\u0151en n\u00e9h\u00e1ny napon bel\u00fcl jelentkezhetnek.<\/li>\n<li>\u00c9vel\u0151 vagy er\u0151sen megtelepedett gyomn\u00f6v\u00e9nyek eset\u00e9ben a kezdeti visszaszorul\u00e1s ut\u00e1n ism\u00e9telt kijuttat\u00e1sra lehet sz\u00fcks\u00e9g, ha a gyomn\u00f6v\u00e9ny \u00fajra elszaporodik.<\/li>\n<li>Haszn\u00e1lat ut\u00e1n alaposan tiszt\u00edtsa meg a kijuttat\u00f3 berendez\u00e9st, hogy megel\u0151zze m\u00e1s n\u00f6v\u00e9nyek nem sz\u00e1nd\u00e9kos k\u00e1rosod\u00e1s\u00e1t.<\/li>\n<li>A koncentr\u00e1tumot k\u00f6zvetlen napf\u00e9nyt\u0151l v\u00e9dett, h\u0171v\u00f6s, sz\u00e1raz helyen t\u00e1rolja, \u00e9s a tart\u00e1lyt tartsa szorosan lez\u00e1rva.<\/li>\n<li>K\u00f6vesse a herbicidek haszn\u00e1lat\u00e1ra \u00e9s kezel\u00e9s\u00e9re vonatkoz\u00f3 helyi el\u0151\u00edr\u00e1sokat \u00e9s biztons\u00e1gi ir\u00e1nyelveket.<\/li>\n<\/ul>","protected":false},"excerpt":{"rendered":"<p>Powerful systemic weed control with a high glyphosate concentration. Our glyphosate solution contains 360 g\/L of high-quality active ingredient, delivering strong and reliable systemic action against a broad spectrum of weeds. Once applied, it is absorbed through the leaves and transported throughout the plant, reaching roots and underground structures to ensure complete and long-lasting control. [&hellip;]<\/p>\n","protected":false},"featured_media":169822,"comment_status":"open","ping_status":"closed","template":"","meta":{"_uag_custom_page_level_css":"","site-sidebar-layout":"default","site-content-layout":"","ast-site-content-layout":"default","site-content-style":"default","site-sidebar-style":"default","ast-global-header-display":"","ast-banner-title-visibility":"","ast-main-header-display":"","ast-hfb-above-header-display":"","ast-hfb-below-header-display":"","ast-hfb-mobile-header-display":"","site-post-title":"","ast-breadcrumbs-content":"","ast-featured-img":"","footer-sml-layout":"","ast-disable-related-posts":"","theme-transparent-header-meta":"default","adv-header-id-meta":"","stick-header-meta":"","header-above-stick-meta":"","header-main-stick-meta":"","header-below-stick-meta":"","astra-migrate-meta-layouts":"set","ast-page-background-enabled":"default","ast-page-background-meta":{"desktop":{"background-color":"var(--ast-global-color-4)","background-image":"","background-repeat":"repeat","background-position":"center center","background-size":"auto","background-attachment":"scroll","background-type":"","background-media":"","overlay-type":"","overlay-color":"","overlay-opacity":"","overlay-gradient":""},"tablet":{"background-color":"","background-image":"","background-repeat":"repeat","background-position":"center center","background-size":"auto","background-attachment":"scroll","background-type":"","background-media":"","overlay-type":"","overlay-color":"","overlay-opacity":"","overlay-gradient":""},"mobile":{"background-color":"","background-image":"","background-repeat":"repeat","background-position":"center center","background-size":"auto","background-attachment":"scroll","background-type":"","background-media":"","overlay-type":"","overlay-color":"","overlay-opacity":"","overlay-gradient":""}},"ast-content-background-meta":{"desktop":{"background-color":"var(--ast-global-color-5)","background-image":"","background-repeat":"repeat","background-position":"center center","background-size":"auto","background-attachment":"scroll","background-type":"","background-media":"","overlay-type":"","overlay-color":"","overlay-opacity":"","overlay-gradient":""},"tablet":{"background-color":"var(--ast-global-color-5)","background-image":"","background-repeat":"repeat","background-position":"center center","background-size":"auto","background-attachment":"scroll","background-type":"","background-media":"","overlay-type":"","overlay-color":"","overlay-opacity":"","overlay-gradient":""},"mobile":{"background-color":"var(--ast-global-color-5)","background-image":"","background-repeat":"repeat","background-position":"center center","background-size":"auto","background-attachment":"scroll","background-type":"","background-media":"","overlay-type":"","overlay-color":"","overlay-opacity":"","overlay-gradient":""}}},"product_brand":[],"product_cat":[175],"product_tag":[],"class_list":{"0":"post-23493","1":"product","2":"type-product","3":"status-publish","4":"has-post-thumbnail","6":"product_cat-cleaning-products","7":"desktop-align-left","8":"tablet-align-left","9":"mobile-align-left","11":"first","12":"instock","13":"sale","14":"taxable","15":"shipping-taxable","16":"purchasable","17":"product-type-variable","18":"has-default-attributes"},"spectra_custom_meta":{"_visibility":["visible"],"_shopify_product_id":["8138312581365"],"_s2w_shopify_domain":["ferberpainting.myshopify.com"],"_shopify_variant_id":["44056539529461"],"_sku":["FPGLYPHOSATE"],"_manage_stock":["no"],"total_sales":["22735"],"_tax_status":["taxable"],"_tax_class":[""],"_backorders":["no"],"_sold_individually":["no"],"_virtual":["no"],"_downloadable":["no"],"_download_limit":["-1"],"_download_expiry":["-1"],"_stock":[null],"_stock_status":["instock"],"_wc_average_rating":["4.96"],"_wc_review_count":["156"],"_product_attributes":["a:1:{s:6:\"volume\";a:6:{s:4:\"name\";s:6:\"Volume\";s:5:\"value\";s:20:\"5 liters | 25 liters\";s:8:\"position\";i:1;s:10:\"is_visible\";i:0;s:12:\"is_variation\";i:1;s:11:\"is_taxonomy\";i:0;}}"],"_product_version":["10.5.2"],"_thumbnail_id":["169822"],"_product_image_gallery":["169821"],"merchant-center-availability":["yes"],"merchant-center-category":["3103"],"wpse_downloadable_file_names":[""],"wpse_downloadable_file_urls":[""],"_edit_last":["1"],"_default_attributes":["a:1:{s:6:\"volume\";s:8:\"5 liters\";}"],"_wc_rating_count":["a:3:{i:3;i:1;i:4;i:4;i:5;i:151;}"],"_edit_lock":["1777192048:3822"],"_wp_page_template":["default"],"site-sidebar-layout":["default"],"ast-site-content-layout":["default"],"site-content-style":["default"],"site-sidebar-style":["default"],"theme-transparent-header-meta":["default"],"_upsell_ids":["a:3:{i:0;i:23505;i:1;i:25276;i:2;i:25600;}"],"_crosssell_ids":["a:3:{i:0;i:23505;i:1;i:25276;i:2;i:25600;}"],"merchant-center-id":["FPGLYPHOSATESUBSTITUTE5L"],"_price":["29.90","129.90"],"astra-migrate-meta-layouts":["set"],"_uag_css_file_name":["uag-css-23493.css"],"_elementor_page_assets":["a:0:{}"],"_uag_page_assets":["a:9:{s:3:\"css\";s:7133:\".uag-blocks-common-selector{z-index:var(--z-index-desktop) !important}@media(max-width: 976px){.uag-blocks-common-selector{z-index:var(--z-index-tablet) !important}}@media(max-width: 767px){.uag-blocks-common-selector{z-index:var(--z-index-mobile) !important}}.wp-block-uagb-image{display:flex}.wp-block-uagb-image__figure{position:relative;display:flex;flex-direction:column;max-width:100%;height:auto;margin:0}.wp-block-uagb-image__figure img{height:auto;display:flex;max-width:100%;transition:box-shadow .2s ease}.wp-block-uagb-image__figure>a{display:inline-block}.wp-block-uagb-image__figure figcaption{text-align:center;margin-top:.5em;margin-bottom:1em}.wp-block-uagb-image .components-placeholder.block-editor-media-placeholder .components-placeholder__instructions{align-self:center}.wp-block-uagb-image--align-left{text-align:left}.wp-block-uagb-image--align-right{text-align:right}.wp-block-uagb-image--align-center{text-align:center}.wp-block-uagb-image--align-full .wp-block-uagb-image__figure{margin-left:calc(50% - 50vw);margin-right:calc(50% - 50vw);max-width:100vw;width:100vw;height:auto}.wp-block-uagb-image--align-full .wp-block-uagb-image__figure img{height:auto;width:100% !important}.wp-block-uagb-image--align-wide .wp-block-uagb-image__figure img{height:auto;width:100%}.wp-block-uagb-image--layout-overlay__color-wrapper{position:absolute;left:0;top:0;right:0;bottom:0;opacity:.2;background:rgba(0,0,0,.5);transition:opacity .35s ease-in-out}.wp-block-uagb-image--layout-overlay-link{position:absolute;left:0;right:0;bottom:0;top:0}.wp-block-uagb-image--layout-overlay .wp-block-uagb-image__figure:hover .wp-block-uagb-image--layout-overlay__color-wrapper{opacity:1}.wp-block-uagb-image--layout-overlay__inner{position:absolute;left:15px;right:15px;bottom:15px;top:15px;display:flex;align-items:center;justify-content:center;flex-direction:column;border-color:#fff;transition:.35s ease-in-out}.wp-block-uagb-image--layout-overlay__inner.top-left,.wp-block-uagb-image--layout-overlay__inner.top-center,.wp-block-uagb-image--layout-overlay__inner.top-right{justify-content:flex-start}.wp-block-uagb-image--layout-overlay__inner.bottom-left,.wp-block-uagb-image--layout-overlay__inner.bottom-center,.wp-block-uagb-image--layout-overlay__inner.bottom-right{justify-content:flex-end}.wp-block-uagb-image--layout-overlay__inner.top-left,.wp-block-uagb-image--layout-overlay__inner.center-left,.wp-block-uagb-image--layout-overlay__inner.bottom-left{align-items:flex-start}.wp-block-uagb-image--layout-overlay__inner.top-right,.wp-block-uagb-image--layout-overlay__inner.center-right,.wp-block-uagb-image--layout-overlay__inner.bottom-right{align-items:flex-end}.wp-block-uagb-image--layout-overlay__inner .uagb-image-heading{color:#fff;transition:transform .35s,opacity .35s ease-in-out;transform:translate3d(0, 24px, 0);margin:0;line-height:1em}.wp-block-uagb-image--layout-overlay__inner .uagb-image-separator{width:30%;border-top-width:2px;border-top-color:#fff;border-top-style:solid;margin-bottom:10px;opacity:0;transition:transform .4s,opacity .4s ease-in-out;transform:translate3d(0, 30px, 0)}.wp-block-uagb-image--layout-overlay__inner .uagb-image-caption{opacity:0;overflow:visible;color:#fff;transition:transform .45s,opacity .45s ease-in-out;transform:translate3d(0, 35px, 0)}.wp-block-uagb-image--layout-overlay__inner:hover .uagb-image-heading,.wp-block-uagb-image--layout-overlay__inner:hover .uagb-image-separator,.wp-block-uagb-image--layout-overlay__inner:hover .uagb-image-caption{opacity:1;transform:translate3d(0, 0, 0)}.wp-block-uagb-image--effect-zoomin .wp-block-uagb-image__figure img,.wp-block-uagb-image--effect-zoomin .wp-block-uagb-image__figure .wp-block-uagb-image--layout-overlay__color-wrapper{transform:scale(1);transition:transform .35s ease-in-out}.wp-block-uagb-image--effect-zoomin .wp-block-uagb-image__figure:hover img,.wp-block-uagb-image--effect-zoomin .wp-block-uagb-image__figure:hover .wp-block-uagb-image--layout-overlay__color-wrapper{transform:scale(1.05)}.wp-block-uagb-image--effect-slide .wp-block-uagb-image__figure img,.wp-block-uagb-image--effect-slide .wp-block-uagb-image__figure .wp-block-uagb-image--layout-overlay__color-wrapper{width:calc(100% + 40px) !important;max-width:none !important;transform:translate3d(-40px, 0, 0);transition:transform .35s ease-in-out}.wp-block-uagb-image--effect-slide .wp-block-uagb-image__figure:hover img,.wp-block-uagb-image--effect-slide .wp-block-uagb-image__figure:hover .wp-block-uagb-image--layout-overlay__color-wrapper{transform:translate3d(0, 0, 0)}.wp-block-uagb-image--effect-grayscale img{filter:grayscale(0%);transition:.35s ease-in-out}.wp-block-uagb-image--effect-grayscale:hover img{filter:grayscale(100%)}.wp-block-uagb-image--effect-blur img{filter:blur(0);transition:.35s ease-in-out}.wp-block-uagb-image--effect-blur:hover img{filter:blur(3px)}.uagb-block-e6f939b3.wp-block-uagb-image--layout-default figure img{box-shadow: 0px 0px 0 #00000070;}.uagb-block-e6f939b3.wp-block-uagb-image .wp-block-uagb-image__figure figcaption{font-style: normal;align-self: center;}.uagb-block-e6f939b3.wp-block-uagb-image--layout-overlay figure img{box-shadow: 0px 0px 0 #00000070;}.uagb-block-e6f939b3.wp-block-uagb-image--layout-overlay .wp-block-uagb-image--layout-overlay__color-wrapper{opacity: 0.2;}.uagb-block-e6f939b3.wp-block-uagb-image--layout-overlay .wp-block-uagb-image--layout-overlay__inner{left: 15px;right: 15px;top: 15px;bottom: 15px;}.uagb-block-e6f939b3.wp-block-uagb-image--layout-overlay .wp-block-uagb-image--layout-overlay__inner .uagb-image-heading{font-style: normal;color: #fff;opacity: 1;}.uagb-block-e6f939b3.wp-block-uagb-image--layout-overlay .wp-block-uagb-image--layout-overlay__inner .uagb-image-heading a{color: #fff;}.uagb-block-e6f939b3.wp-block-uagb-image--layout-overlay .wp-block-uagb-image--layout-overlay__inner .uagb-image-caption{opacity: 0;}.uagb-block-e6f939b3.wp-block-uagb-image--layout-overlay .wp-block-uagb-image__figure:hover .wp-block-uagb-image--layout-overlay__color-wrapper{opacity: 1;}.uagb-block-e6f939b3.wp-block-uagb-image .wp-block-uagb-image--layout-overlay__inner .uagb-image-separator{width: 30%;border-top-width: 2px;border-top-color: #fff;opacity: 0;}.uagb-block-e6f939b3.wp-block-uagb-image .wp-block-uagb-image__figure img{width: px;height: auto;}.uagb-block-e6f939b3.wp-block-uagb-image .wp-block-uagb-image__figure:hover .wp-block-uagb-image--layout-overlay__inner .uagb-image-caption{opacity: 1;}.uagb-block-e6f939b3.wp-block-uagb-image .wp-block-uagb-image__figure:hover .wp-block-uagb-image--layout-overlay__inner .uagb-image-separator{opacity: 1;}.uagb-block-e6f939b3.wp-block-uagb-image--layout-default figure:hover img{box-shadow: 0px 0px 0 #00000070;}.uagb-block-e6f939b3.wp-block-uagb-image--layout-overlay figure:hover img{box-shadow: 0px 0px 0 #00000070;}@media only screen and (max-width: 976px) {.uagb-block-e6f939b3.wp-block-uagb-image .wp-block-uagb-image__figure img{width: px;height: auto;}}@media only screen and (max-width: 767px) {.uagb-block-e6f939b3.wp-block-uagb-image .wp-block-uagb-image__figure img{width: px;height: auto;}}\";s:2:\"js\";s:0:\"\";s:18:\"current_block_list\";a:13:{i:0;s:11:\"core\/search\";i:1;s:10:\"core\/group\";i:2;s:12:\"core\/heading\";i:3;s:17:\"core\/latest-posts\";i:4;s:20:\"core\/latest-comments\";i:5;s:13:\"core\/archives\";i:6;s:15:\"core\/categories\";i:7;s:14:\"core\/paragraph\";i:8;s:10:\"uagb\/image\";i:9;s:11:\"core\/spacer\";i:10;s:30:\"woocommerce\/product-categories\";i:11;s:10:\"core\/image\";i:12;s:14:\"core\/shortcode\";}s:8:\"uag_flag\";b:1;s:11:\"uag_version\";s:10:\"1777410150\";s:6:\"gfonts\";a:0:{}s:10:\"gfonts_url\";s:0:\"\";s:12:\"gfonts_files\";a:0:{}s:14:\"uag_faq_layout\";b:0;}"]},"uagb_featured_image_src":{"full":["https:\/\/www.ferberpainting.com\/wp-content\/uploads\/2025\/05\/Glyphosate-5L-Mockup-.png",2560,2560,false],"thumbnail":["https:\/\/www.ferberpainting.com\/wp-content\/uploads\/2025\/05\/Glyphosate-5L-Mockup--150x150.png",150,150,true],"medium":["https:\/\/www.ferberpainting.com\/wp-content\/uploads\/2025\/05\/Glyphosate-5L-Mockup--300x300.png",300,300,true],"medium_large":["https:\/\/www.ferberpainting.com\/wp-content\/uploads\/2025\/05\/Glyphosate-5L-Mockup--768x768.png",768,768,true],"large":["https:\/\/www.ferberpainting.com\/wp-content\/uploads\/2025\/05\/Glyphosate-5L-Mockup--1024x1024.png",1024,1024,true],"1536x1536":["https:\/\/www.ferberpainting.com\/wp-content\/uploads\/2025\/05\/Glyphosate-5L-Mockup--1536x1536.png",1536,1536,true],"2048x2048":["https:\/\/www.ferberpainting.com\/wp-content\/uploads\/2025\/05\/Glyphosate-5L-Mockup--2048x2048.png",2048,2048,true],"trp-custom-language-flag":["https:\/\/www.ferberpainting.com\/wp-content\/uploads\/2025\/05\/Glyphosate-5L-Mockup--12x12.png",12,12,true],"woocommerce_thumbnail":["https:\/\/www.ferberpainting.com\/wp-content\/uploads\/2025\/05\/Glyphosate-5L-Mockup--300x300.png",300,300,true],"woocommerce_single":["https:\/\/www.ferberpainting.com\/wp-content\/uploads\/2025\/05\/Glyphosate-5L-Mockup--600x600.png",600,600,true],"woocommerce_gallery_thumbnail":["https:\/\/www.ferberpainting.com\/wp-content\/uploads\/2025\/05\/Glyphosate-5L-Mockup--100x100.png",100,100,true]},"uagb_author_info":{"display_name":"admin","author_link":"https:\/\/www.ferberpainting.com\/hu\/author\/"},"uagb_comment_info":156,"uagb_excerpt":"Powerful systemic weed control with a high glyphosate concentration. Our glyphosate solution contains 360 g\/L of high-quality active ingredient, delivering strong and reliable systemic action against a broad spectrum of weeds. Once applied, it is absorbed through the leaves and transported throughout the plant, reaching roots and underground structures to ensure complete and long-lasting control.&hellip;","_links":{"self":[{"href":"https:\/\/www.ferberpainting.com\/hu\/wp-json\/wp\/v2\/product\/23493","targetHints":{"allow":["GET"]}}],"collection":[{"href":"https:\/\/www.ferberpainting.com\/hu\/wp-json\/wp\/v2\/product"}],"about":[{"href":"https:\/\/www.ferberpainting.com\/hu\/wp-json\/wp\/v2\/types\/product"}],"replies":[{"embeddable":true,"href":"https:\/\/www.ferberpainting.com\/hu\/wp-json\/wp\/v2\/comments?post=23493"}],"version-history":[{"count":10,"href":"https:\/\/www.ferberpainting.com\/hu\/wp-json\/wp\/v2\/product\/23493\/revisions"}],"predecessor-version":[{"id":230420,"href":"https:\/\/www.ferberpainting.com\/hu\/wp-json\/wp\/v2\/product\/23493\/revisions\/230420"}],"wp:featuredmedia":[{"embeddable":true,"href":"https:\/\/www.ferberpainting.com\/hu\/wp-json\/wp\/v2\/media\/169822"}],"wp:attachment":[{"href":"https:\/\/www.ferberpainting.com\/hu\/wp-json\/wp\/v2\/media?parent=23493"}],"wp:term":[{"taxonomy":"product_brand","embeddable":true,"href":"https:\/\/www.ferberpainting.com\/hu\/wp-json\/wp\/v2\/product_brand?post=23493"},{"taxonomy":"product_cat","embeddable":true,"href":"https:\/\/www.ferberpainting.com\/hu\/wp-json\/wp\/v2\/product_cat?post=23493"},{"taxonomy":"product_tag","embeddable":true,"href":"https:\/\/www.ferberpainting.com\/hu\/wp-json\/wp\/v2\/product_tag?post=23493"}],"curies":[{"name":"wp","href":"https:\/\/api.w.org\/{rel}","templated":true}]}}