{"id":23487,"date":"2025-07-01T13:17:36","date_gmt":"2025-07-01T11:17:36","guid":{"rendered":"https:\/\/www.ferberpainting.com\/?post_type=product&#038;p=23484"},"modified":"2026-02-15T14:20:42","modified_gmt":"2026-02-15T13:20:42","slug":"glass-water-repellent","status":"publish","type":"product","link":"https:\/\/www.ferberpainting.com\/hu\/products\/glass-water-repellent\/","title":{"rendered":"V\u00edzleperget\u0151 \u00fcvegbevonat"},"content":{"rendered":"<p><img decoding=\"async\" style=\"margin-right: 12px;\" src=\"https:\/\/www.ferberpainting.com\/wp-content\/uploads\/2026\/02\/Check.svg\" alt=\"\" width=\"18\" height=\"15\" \/><strong>V\u00e9delem \u00e9s optim\u00e1lis hat\u00e9konys\u00e1g.<\/strong>\u00a0Ez az \u00fcveg v\u00edzleperget\u0151 speci\u00e1lisan \u00fagy lett kifejlesztve, hogy hossz\u00fa t\u00e1v\u00fa v\u00e9delmet ny\u00fajtson a v\u00edz, es\u0151, h\u00f3 \u00e9s szennyez\u0151d\u00e9s ellen. Innovat\u00edv formul\u00e1ja l\u00e1thatatlan g\u00e1tat k\u00e9pez az \u00fcvegen, megakad\u00e1lyozza a v\u00edzcseppek megtapad\u00e1s\u00e1t \u00e9s el\u0151seg\u00edti a gyors lefoly\u00e1st. A maradv\u00e1nyok felhalmoz\u00f3d\u00e1s\u00e1nak cs\u00f6kkent\u00e9s\u00e9vel jav\u00edtja a l\u00e1that\u00f3s\u00e1got minden k\u00f6r\u00fclm\u00e9nyek k\u00f6z\u00f6tt, \u00e9s megk\u00f6nny\u00edti az \u00fcvegfel\u00fcletek karbantart\u00e1s\u00e1t. Ide\u00e1lis aut\u00f3ablakokhoz, sz\u00e9lv\u00e9d\u0151kh\u00f6z, ablakokhoz, teraszajt\u00f3khoz, s\u0151t, m\u00e9g \u00fcvegsz\u0171r\u0151kh\u00f6z is.<\/p>\n<p><img decoding=\"async\" style=\"margin-right: 12px;\" src=\"https:\/\/www.ferberpainting.com\/wp-content\/uploads\/2026\/02\/Check.svg\" alt=\"\" width=\"18\" height=\"15\" \/><strong>P\u00e9nzvisszafizet\u00e9si garancia.<\/strong>\u00a0Teljes m\u00e9rt\u00e9kben b\u00edzunk a v\u00edzleperget\u0151 anyagunk hat\u00e9konys\u00e1g\u00e1ban. Ha a haszn\u00e1lat ut\u00e1n nem teljesen el\u00e9gedett az eredm\u00e9nnyel, teljes visszat\u00e9r\u00edt\u00e9sre jogosult. Pr\u00f3b\u00e1lja ki term\u00e9k\u00fcnket nyugodt sz\u00edvvel, \u00e9s \u00e9lvezze az \u00f6sszes \u00fcvegfel\u00fclet optim\u00e1lis v\u00e9delm\u00e9t.<\/p>\n<p><img decoding=\"async\" style=\"margin-right: 12px;\" src=\"https:\/\/www.ferberpainting.com\/wp-content\/uploads\/2026\/02\/Check.svg\" alt=\"\" width=\"18\" height=\"15\" \/><strong>Kiv\u00e9teles sokoldal\u00fas\u00e1g.<\/strong>\u00a0Ez a repellens nem korl\u00e1toz\u00f3dik a hagyom\u00e1nyos \u00fcvegre! M\u00e1s \u00e1tl\u00e1tsz\u00f3 anyagokon is hat\u00e1sos, mint pl. <strong>plexi\u00fcveg<\/strong>, polikarbon\u00e1t \u00e9s kezelt \u00fcvegfel\u00fcletek. Haszn\u00e1lhat\u00f3 zuhanyfalak, haj\u00f3ablakok, tet\u0151ablakok, t\u00fckr\u00f6k \u00e9s m\u00e9g kereskedelmi kirakatok v\u00e9delm\u00e9re is. Formul\u00e1ja lehet\u0151v\u00e9 teszi a legk\u00fcl\u00f6nb\u00f6z\u0151bb fel\u00fcleteken val\u00f3 felhaszn\u00e1l\u00e1st, mik\u00f6zben azonnali \u00e9s tart\u00f3s gy\u00f6ngy\u00f6z\u0151 hat\u00e1st biztos\u00edt.<\/p>\n<p><img decoding=\"async\" style=\"margin-right: 12px;\" src=\"https:\/\/www.ferberpainting.com\/wp-content\/uploads\/2026\/02\/Check.svg\" alt=\"\" width=\"18\" height=\"15\" \/><strong>K\u00f6lts\u00e9ghat\u00e9kony teljes\u00edtm\u00e9ny.<\/strong>\u00a0Koncentr\u00e1lt formul\u00e1j\u00e1nak \u00e9s k\u00f6nny\u0171 felvitel\u00e9nek k\u00f6sz\u00f6nhet\u0151en kis mennyis\u00e9g\u0171 term\u00e9k elegend\u0151 nagy ter\u00fclet lefed\u00e9s\u00e9re. Egy literrel ak\u00e1r 60 m\u00b2 \u00fcvegfel\u00fclet is kezelhet\u0151, ami kiv\u00e1l\u00f3 \u00e9rt\u00e9ket biztos\u00edt. Az 5 literes form\u00e1tummal ez a repellens hossz\u00fa t\u00e1v\u00fa v\u00e9delmet ny\u00fajt sz\u00e1mos fel\u00fcleten, gyakori \u00fajb\u00f3li alkalmaz\u00e1s n\u00e9lk\u00fcl, cs\u00f6kkentve a karbantart\u00e1si k\u00f6lts\u00e9geket \u00e9s optimaliz\u00e1lva a felhaszn\u00e1l\u00e1st.<\/p>\n<p><img decoding=\"async\" style=\"margin-right: 12px;\" src=\"https:\/\/www.ferberpainting.com\/wp-content\/uploads\/2026\/02\/Check.svg\" alt=\"\" width=\"18\" height=\"15\" \/><strong>Biztons\u00e1gosan haszn\u00e1lhat\u00f3.<\/strong>\u00a0A hagyom\u00e1nyos repellensekkel ellent\u00e9tben, amelyek kem\u00e9ny old\u00f3szereket tartalmaznak, amelyek k\u00e1ros\u00edthatnak bizonyos \u00fcvegt\u00edpusokat vagy irrit\u00e1ci\u00f3t okozhatnak, ezt a term\u00e9ket \u00fagy \u00e1ll\u00edtott\u00e1k \u00f6ssze, hogy minim\u00e1lisra cs\u00f6kkentse a kock\u00e1zatot az alkalmaz\u00e1s sor\u00e1n. Nem termel m\u00e9rgez\u0151 g\u0151z\u00f6ket, nem hagy zs\u00edros filmr\u00e9teget a kezelt fel\u00fcleteken, \u00e9s minden k\u00f6rnyezetben, belt\u00e9ren \u00e9s k\u00fclt\u00e9ren egyar\u00e1nt biztons\u00e1gos.<\/p>\n<p><img decoding=\"async\" style=\"margin-right: 12px;\" src=\"https:\/\/www.ferberpainting.com\/wp-content\/uploads\/2026\/02\/Check.svg\" alt=\"\" width=\"18\" height=\"15\" \/><strong>K\u00f6nny\u0171 haszn\u00e1lat.<\/strong>\u00a0Ez a term\u00e9k azonnal felhaszn\u00e1lhat\u00f3, nem ig\u00e9nyel h\u00edg\u00edt\u00e1st vagy bonyolult kezel\u00e9st. K\u00f6zvetlen\u00fcl a tiszta, sz\u00e1raz \u00fcvegre kell felvinni egy puha ruh\u00e1val vagy mikrosz\u00e1las applik\u00e1torral. Mind\u00f6ssze m\u00e1sodpercek alatt v\u00e9d\u0151r\u00e9teget k\u00e9pez, amely azonnali repellens hat\u00e1st biztos\u00edt. Haszn\u00e1lata egyszer\u0171 \u00e9s mindenki sz\u00e1m\u00e1ra el\u00e9rhet\u0151, a mag\u00e1nfelhaszn\u00e1l\u00f3kt\u00f3l az \u00fcveg\u00e1pol\u00e1s optimaliz\u00e1l\u00e1s\u00e1ra t\u00f6rekv\u0151 szakemberekig.<\/p>\n<p><img decoding=\"async\" style=\"margin-right: 12px;\" src=\"https:\/\/www.ferberpainting.com\/wp-content\/uploads\/2026\/02\/Check.svg\" alt=\"\" width=\"18\" height=\"15\" \/><strong>Kiterjesztett tart\u00f3ss\u00e1g.<\/strong>\u00a0Tart\u00f3s formul\u00e1j\u00e1nak k\u00f6sz\u00f6nhet\u0151en ez az \u00fcvegtasz\u00edt\u00f3 az id\u0151j\u00e1r\u00e1s viszontags\u00e1gainak kitetts\u00e9g\u00e9t\u0151l f\u00fcgg\u0151en t\u00f6bb h\u00e9tig vagy ak\u00e1r h\u00f3napokig is hat\u00e9kony v\u00e9delmet ny\u00fajt. Cs\u00f6kkenti a tiszt\u00edt\u00e1s gyakoris\u00e1g\u00e1t az\u00e1ltal, hogy megakad\u00e1lyozza a por, a v\u00edzk\u0151 \u00e9s a zs\u00edrmaradv\u00e1nyok megtapad\u00e1s\u00e1t. Az \u00fcveg tisztas\u00e1g\u00e1nak meg\u0151rz\u00e9s\u00e9vel meghosszabb\u00edtja annak f\u00e9ny\u00e9t \u00e9s tisztas\u00e1g\u00e1t, mik\u00f6zben cs\u00f6kkenti a karbantart\u00e1si er\u0151fesz\u00edt\u00e9seket.<\/p>\n<p><img decoding=\"async\" style=\"margin-right: 12px;\" src=\"https:\/\/www.ferberpainting.com\/wp-content\/uploads\/2026\/02\/Check.svg\" alt=\"\" width=\"18\" height=\"15\" \/><strong>Gyors akci\u00f3.<\/strong>\u00a0Hat\u00e9konys\u00e1ga az alkalmaz\u00e1s ut\u00e1n azonnal jelentkezik. A term\u00e9k m\u00e1sodpercek alatt hidrof\u00f3b g\u00e1tat k\u00e9pez, amely megakad\u00e1lyozza, hogy a v\u00edz \u00e9s a szennyez\u0151d\u00e9sek megtapadjanak az \u00fcvegfel\u00fcleteken. Nem kell hossz\u00fa \u00f3r\u00e1kat v\u00e1rni arra, hogy a v\u00edzleperget\u0151 hat\u00e1s aktiv\u00e1l\u00f3djon - azonnal, m\u00e1r az els\u0151 felvitelt\u0151l kezdve l\u00e1that\u00f3.<\/p>\n<h2><strong>Haszn\u00e1lati protokoll<\/strong><\/h2>\n<ul>\n<li><strong>El\u0151k\u00e9sz\u00edt\u00e9s <\/strong>: Gy\u0151z\u0151dj\u00f6n meg r\u00f3la, hogy az \u00fcveg tiszta, sz\u00e1raz, por \u00e9s maradv\u00e1nyokt\u00f3l mentes. Az optim\u00e1lis eredm\u00e9ny el\u00e9r\u00e9se \u00e9rdek\u00e9ben aj\u00e1nlott a fel\u00fcletet puha ruh\u00e1val \u00e9s megfelel\u0151 tiszt\u00edt\u00f3szerrel \u00e1tt\u00f6r\u00f6lni, miel\u0151tt a repellert alkalmazza.<\/li>\n<li><strong>Term\u00e9k alkalmaz\u00e1sa <\/strong>: \u00d6nts\u00f6n egy kis mennyis\u00e9g\u0171 repellert egy mikrosz\u00e1las kend\u0151re vagy tiszta applik\u00e1torra. Az egyenletes lefedetts\u00e9g \u00e9rdek\u00e9ben k\u00f6rk\u00f6r\u00f6s mozdulatokkal egyenletesen oszlassa el a term\u00e9ket a fel\u00fcleten.<\/li>\n<li><strong>Akci\u00f3id\u0151 <\/strong>: N\u00e9h\u00e1ny m\u00e1sodpercig hagyja \u00e1llni, hogy a v\u00e9d\u0151film kialakulhasson. A term\u00e9k azonnal elkezdi tasz\u00edtani a vizet, \u00e9s hidrof\u00f3b fel\u00fcletet hoz l\u00e9tre.<\/li>\n<li><strong>T\u00f6rl\u00e9s \u00e9s befejez\u00e9s <\/strong>: Egy tiszta, sz\u00e1raz ruh\u00e1val pol\u00edrozza le az \u00fcveget, \u00e9s t\u00e1vol\u00edtsa el a felesleges anyagot. Ez a l\u00e9p\u00e9s fokozza a f\u00e9nyt \u00e9s elker\u00fcli a l\u00e1that\u00f3 cs\u00edkokat.<\/li>\n<li><strong>Nagy fel\u00fcleti haszn\u00e1lat <\/strong>: Nagym\u00e9ret\u0171 ablakok, verand\u00e1k vagy sz\u00e9lv\u00e9d\u0151k eset\u00e9ben szakaszosan dolgozzon, hogy biztos\u00edtsa az egyenletes felhord\u00e1st \u00e9s elker\u00fclje a term\u00e9k felhalmoz\u00f3d\u00e1s\u00e1t.<\/li>\n<li><strong>\u00dajb\u00f3li alkalmaz\u00e1s <\/strong>: Vigyen fel egy \u00faj r\u00e9teget, amikor a tasz\u00edt\u00f3 hat\u00e1s kezd elhalv\u00e1nyulni. Egy alkalmaz\u00e1s \u00e1ltal\u00e1ban 4-8 h\u00e9tig tart, az id\u0151j\u00e1r\u00e1si hat\u00e1sokt\u00f3l \u00e9s a tiszt\u00edt\u00e1s gyakoris\u00e1g\u00e1t\u00f3l f\u00fcgg\u0151en.<\/li>\n<li><strong>T\u00e1rol\u00e1s <\/strong>: T\u00e1rolja a tart\u00e1lyt h\u0171v\u00f6s, sz\u00e1raz helyen, h\u0151t\u0151l \u00e9s k\u00f6zvetlen napf\u00e9nyt\u0151l v\u00e9dve. Haszn\u00e1lat ut\u00e1n mindig szorosan z\u00e1rja le, hogy elker\u00fclje a p\u00e1rolg\u00e1st \u00e9s biztos\u00edtsa a term\u00e9k hossz\u00fa t\u00e1v\u00fa hat\u00e9konys\u00e1g\u00e1t.<\/li>\n<\/ul>\n<p>\u00dcveg v\u00edzleperget\u0151 anyagunkkal t\u00f6k\u00e9letes l\u00e1that\u00f3s\u00e1got, tart\u00f3s v\u00e9delmet biztos\u00edt az id\u0151j\u00e1r\u00e1s viszontags\u00e1gait\u00f3l, \u00e9s megk\u00f6nny\u00edti az \u00f6sszes \u00fcvegfel\u00fclet karbantart\u00e1s\u00e1t. Ide\u00e1lis megold\u00e1s a krist\u00e1lytiszta, v\u00e9dett \u00fcveghez minden k\u00f6r\u00fclm\u00e9nyek k\u00f6z\u00f6tt.<\/p>","protected":false},"excerpt":{"rendered":"<p>Protection and Optimal Efficiency.\u00a0This glass water repellent is specially formulated to provide long-lasting protection against water, rain, snow, and dirt. Its innovative formula creates an invisible barrier on glass, preventing water droplets from sticking and promoting quick runoff. By reducing residue build-up, it improves visibility in all conditions and makes glass surfaces easier to maintain. [&hellip;]<\/p>\n","protected":false},"featured_media":36359,"comment_status":"open","ping_status":"closed","template":"","meta":{"_uag_custom_page_level_css":"","site-sidebar-layout":"default","site-content-layout":"","ast-site-content-layout":"default","site-content-style":"default","site-sidebar-style":"default","ast-global-header-display":"","ast-banner-title-visibility":"","ast-main-header-display":"","ast-hfb-above-header-display":"","ast-hfb-below-header-display":"","ast-hfb-mobile-header-display":"","site-post-title":"","ast-breadcrumbs-content":"","ast-featured-img":"","footer-sml-layout":"","ast-disable-related-posts":"","theme-transparent-header-meta":"default","adv-header-id-meta":"","stick-header-meta":"","header-above-stick-meta":"","header-main-stick-meta":"","header-below-stick-meta":"","astra-migrate-meta-layouts":"set","ast-page-background-enabled":"default","ast-page-background-meta":{"desktop":{"background-color":"var(--ast-global-color-4)","background-image":"","background-repeat":"repeat","background-position":"center center","background-size":"auto","background-attachment":"scroll","background-type":"","background-media":"","overlay-type":"","overlay-color":"","overlay-opacity":"","overlay-gradient":""},"tablet":{"background-color":"","background-image":"","background-repeat":"repeat","background-position":"center center","background-size":"auto","background-attachment":"scroll","background-type":"","background-media":"","overlay-type":"","overlay-color":"","overlay-opacity":"","overlay-gradient":""},"mobile":{"background-color":"","background-image":"","background-repeat":"repeat","background-position":"center center","background-size":"auto","background-attachment":"scroll","background-type":"","background-media":"","overlay-type":"","overlay-color":"","overlay-opacity":"","overlay-gradient":""}},"ast-content-background-meta":{"desktop":{"background-color":"var(--ast-global-color-5)","background-image":"","background-repeat":"repeat","background-position":"center center","background-size":"auto","background-attachment":"scroll","background-type":"","background-media":"","overlay-type":"","overlay-color":"","overlay-opacity":"","overlay-gradient":""},"tablet":{"background-color":"var(--ast-global-color-5)","background-image":"","background-repeat":"repeat","background-position":"center center","background-size":"auto","background-attachment":"scroll","background-type":"","background-media":"","overlay-type":"","overlay-color":"","overlay-opacity":"","overlay-gradient":""},"mobile":{"background-color":"var(--ast-global-color-5)","background-image":"","background-repeat":"repeat","background-position":"center center","background-size":"auto","background-attachment":"scroll","background-type":"","background-media":"","overlay-type":"","overlay-color":"","overlay-opacity":"","overlay-gradient":""}}},"product_brand":[],"product_cat":[191],"product_tag":[],"class_list":{"0":"post-23487","1":"product","2":"type-product","3":"status-publish","4":"has-post-thumbnail","6":"product_cat-water-repellent","7":"desktop-align-left","8":"tablet-align-left","9":"mobile-align-left","11":"first","12":"instock","13":"sale","14":"shipping-taxable","15":"purchasable","16":"product-type-variable","17":"has-default-attributes"},"spectra_custom_meta":{"_visibility":["visible"],"_shopify_product_id":["9106542395637"],"_s2w_shopify_domain":["ferberpainting.myshopify.com"],"_shopify_variant_id":["46626250817781"],"_sku":[""],"_manage_stock":["no"],"total_sales":["120"],"_tax_status":["taxable"],"_tax_class":[""],"_backorders":["no"],"_sold_individually":["no"],"_virtual":["no"],"_downloadable":["no"],"_download_limit":["-1"],"_download_expiry":["-1"],"_stock":[null],"_stock_status":["instock"],"_wc_average_rating":["5.00"],"_wc_review_count":["10"],"_product_attributes":["a:1:{s:6:\"volume\";a:6:{s:4:\"name\";s:6:\"Volume\";s:5:\"value\";s:20:\"5 liters | 25 liters\";s:8:\"position\";i:1;s:10:\"is_visible\";i:0;s:12:\"is_variation\";i:1;s:11:\"is_taxonomy\";i:0;}}"],"_product_version":["10.5.1"],"wpse_downloadable_file_names":[""],"wpse_downloadable_file_urls":[""],"_edit_last":["1"],"_default_attributes":["a:1:{s:6:\"volume\";s:8:\"5 liters\";}"],"_edit_lock":["1771161501:1"],"_price":["29.90","129.90"],"merchant-center-availability":["yes"],"merchant-center-category":["503738"],"_thumbnail_id":["36359"],"_wp_page_template":["default"],"_wp_old_date":["2025-05-26"],"_product_image_gallery":["36360"],"site-sidebar-layout":["default"],"ast-site-content-layout":["default"],"site-content-style":["default"],"site-sidebar-style":["default"],"theme-transparent-header-meta":["default"],"_wc_rating_count":["a:1:{i:5;i:10;}"],"astra-migrate-meta-layouts":["set"],"_uag_css_file_name":["uag-css-23487.css"],"_elementor_page_assets":["a:0:{}"],"_uag_page_assets":["a:9:{s:3:\"css\";s:7133:\".uag-blocks-common-selector{z-index:var(--z-index-desktop) !important}@media(max-width: 976px){.uag-blocks-common-selector{z-index:var(--z-index-tablet) !important}}@media(max-width: 767px){.uag-blocks-common-selector{z-index:var(--z-index-mobile) !important}}.wp-block-uagb-image{display:flex}.wp-block-uagb-image__figure{position:relative;display:flex;flex-direction:column;max-width:100%;height:auto;margin:0}.wp-block-uagb-image__figure img{height:auto;display:flex;max-width:100%;transition:box-shadow .2s ease}.wp-block-uagb-image__figure>a{display:inline-block}.wp-block-uagb-image__figure figcaption{text-align:center;margin-top:.5em;margin-bottom:1em}.wp-block-uagb-image .components-placeholder.block-editor-media-placeholder .components-placeholder__instructions{align-self:center}.wp-block-uagb-image--align-left{text-align:left}.wp-block-uagb-image--align-right{text-align:right}.wp-block-uagb-image--align-center{text-align:center}.wp-block-uagb-image--align-full .wp-block-uagb-image__figure{margin-left:calc(50% - 50vw);margin-right:calc(50% - 50vw);max-width:100vw;width:100vw;height:auto}.wp-block-uagb-image--align-full .wp-block-uagb-image__figure img{height:auto;width:100% !important}.wp-block-uagb-image--align-wide .wp-block-uagb-image__figure img{height:auto;width:100%}.wp-block-uagb-image--layout-overlay__color-wrapper{position:absolute;left:0;top:0;right:0;bottom:0;opacity:.2;background:rgba(0,0,0,.5);transition:opacity .35s ease-in-out}.wp-block-uagb-image--layout-overlay-link{position:absolute;left:0;right:0;bottom:0;top:0}.wp-block-uagb-image--layout-overlay .wp-block-uagb-image__figure:hover .wp-block-uagb-image--layout-overlay__color-wrapper{opacity:1}.wp-block-uagb-image--layout-overlay__inner{position:absolute;left:15px;right:15px;bottom:15px;top:15px;display:flex;align-items:center;justify-content:center;flex-direction:column;border-color:#fff;transition:.35s ease-in-out}.wp-block-uagb-image--layout-overlay__inner.top-left,.wp-block-uagb-image--layout-overlay__inner.top-center,.wp-block-uagb-image--layout-overlay__inner.top-right{justify-content:flex-start}.wp-block-uagb-image--layout-overlay__inner.bottom-left,.wp-block-uagb-image--layout-overlay__inner.bottom-center,.wp-block-uagb-image--layout-overlay__inner.bottom-right{justify-content:flex-end}.wp-block-uagb-image--layout-overlay__inner.top-left,.wp-block-uagb-image--layout-overlay__inner.center-left,.wp-block-uagb-image--layout-overlay__inner.bottom-left{align-items:flex-start}.wp-block-uagb-image--layout-overlay__inner.top-right,.wp-block-uagb-image--layout-overlay__inner.center-right,.wp-block-uagb-image--layout-overlay__inner.bottom-right{align-items:flex-end}.wp-block-uagb-image--layout-overlay__inner .uagb-image-heading{color:#fff;transition:transform .35s,opacity .35s ease-in-out;transform:translate3d(0, 24px, 0);margin:0;line-height:1em}.wp-block-uagb-image--layout-overlay__inner .uagb-image-separator{width:30%;border-top-width:2px;border-top-color:#fff;border-top-style:solid;margin-bottom:10px;opacity:0;transition:transform .4s,opacity .4s ease-in-out;transform:translate3d(0, 30px, 0)}.wp-block-uagb-image--layout-overlay__inner .uagb-image-caption{opacity:0;overflow:visible;color:#fff;transition:transform .45s,opacity .45s ease-in-out;transform:translate3d(0, 35px, 0)}.wp-block-uagb-image--layout-overlay__inner:hover .uagb-image-heading,.wp-block-uagb-image--layout-overlay__inner:hover .uagb-image-separator,.wp-block-uagb-image--layout-overlay__inner:hover .uagb-image-caption{opacity:1;transform:translate3d(0, 0, 0)}.wp-block-uagb-image--effect-zoomin .wp-block-uagb-image__figure img,.wp-block-uagb-image--effect-zoomin .wp-block-uagb-image__figure .wp-block-uagb-image--layout-overlay__color-wrapper{transform:scale(1);transition:transform .35s ease-in-out}.wp-block-uagb-image--effect-zoomin .wp-block-uagb-image__figure:hover img,.wp-block-uagb-image--effect-zoomin .wp-block-uagb-image__figure:hover .wp-block-uagb-image--layout-overlay__color-wrapper{transform:scale(1.05)}.wp-block-uagb-image--effect-slide .wp-block-uagb-image__figure img,.wp-block-uagb-image--effect-slide .wp-block-uagb-image__figure .wp-block-uagb-image--layout-overlay__color-wrapper{width:calc(100% + 40px) !important;max-width:none !important;transform:translate3d(-40px, 0, 0);transition:transform .35s ease-in-out}.wp-block-uagb-image--effect-slide .wp-block-uagb-image__figure:hover img,.wp-block-uagb-image--effect-slide .wp-block-uagb-image__figure:hover .wp-block-uagb-image--layout-overlay__color-wrapper{transform:translate3d(0, 0, 0)}.wp-block-uagb-image--effect-grayscale img{filter:grayscale(0%);transition:.35s ease-in-out}.wp-block-uagb-image--effect-grayscale:hover img{filter:grayscale(100%)}.wp-block-uagb-image--effect-blur img{filter:blur(0);transition:.35s ease-in-out}.wp-block-uagb-image--effect-blur:hover img{filter:blur(3px)}.uagb-block-e6f939b3.wp-block-uagb-image--layout-default figure img{box-shadow: 0px 0px 0 #00000070;}.uagb-block-e6f939b3.wp-block-uagb-image .wp-block-uagb-image__figure figcaption{font-style: normal;align-self: center;}.uagb-block-e6f939b3.wp-block-uagb-image--layout-overlay figure img{box-shadow: 0px 0px 0 #00000070;}.uagb-block-e6f939b3.wp-block-uagb-image--layout-overlay .wp-block-uagb-image--layout-overlay__color-wrapper{opacity: 0.2;}.uagb-block-e6f939b3.wp-block-uagb-image--layout-overlay .wp-block-uagb-image--layout-overlay__inner{left: 15px;right: 15px;top: 15px;bottom: 15px;}.uagb-block-e6f939b3.wp-block-uagb-image--layout-overlay .wp-block-uagb-image--layout-overlay__inner .uagb-image-heading{font-style: normal;color: #fff;opacity: 1;}.uagb-block-e6f939b3.wp-block-uagb-image--layout-overlay .wp-block-uagb-image--layout-overlay__inner .uagb-image-heading a{color: #fff;}.uagb-block-e6f939b3.wp-block-uagb-image--layout-overlay .wp-block-uagb-image--layout-overlay__inner .uagb-image-caption{opacity: 0;}.uagb-block-e6f939b3.wp-block-uagb-image--layout-overlay .wp-block-uagb-image__figure:hover .wp-block-uagb-image--layout-overlay__color-wrapper{opacity: 1;}.uagb-block-e6f939b3.wp-block-uagb-image .wp-block-uagb-image--layout-overlay__inner .uagb-image-separator{width: 30%;border-top-width: 2px;border-top-color: #fff;opacity: 0;}.uagb-block-e6f939b3.wp-block-uagb-image .wp-block-uagb-image__figure img{width: px;height: auto;}.uagb-block-e6f939b3.wp-block-uagb-image .wp-block-uagb-image__figure:hover .wp-block-uagb-image--layout-overlay__inner .uagb-image-caption{opacity: 1;}.uagb-block-e6f939b3.wp-block-uagb-image .wp-block-uagb-image__figure:hover .wp-block-uagb-image--layout-overlay__inner .uagb-image-separator{opacity: 1;}.uagb-block-e6f939b3.wp-block-uagb-image--layout-default figure:hover img{box-shadow: 0px 0px 0 #00000070;}.uagb-block-e6f939b3.wp-block-uagb-image--layout-overlay figure:hover img{box-shadow: 0px 0px 0 #00000070;}@media only screen and (max-width: 976px) {.uagb-block-e6f939b3.wp-block-uagb-image .wp-block-uagb-image__figure img{width: px;height: auto;}}@media only screen and (max-width: 767px) {.uagb-block-e6f939b3.wp-block-uagb-image .wp-block-uagb-image__figure img{width: px;height: auto;}}\";s:2:\"js\";s:0:\"\";s:18:\"current_block_list\";a:13:{i:0;s:11:\"core\/search\";i:1;s:10:\"core\/group\";i:2;s:12:\"core\/heading\";i:3;s:17:\"core\/latest-posts\";i:4;s:20:\"core\/latest-comments\";i:5;s:13:\"core\/archives\";i:6;s:15:\"core\/categories\";i:7;s:14:\"core\/paragraph\";i:8;s:10:\"uagb\/image\";i:9;s:11:\"core\/spacer\";i:10;s:30:\"woocommerce\/product-categories\";i:11;s:10:\"core\/image\";i:12;s:14:\"core\/shortcode\";}s:8:\"uag_flag\";b:1;s:11:\"uag_version\";s:10:\"1777121153\";s:6:\"gfonts\";a:0:{}s:10:\"gfonts_url\";s:0:\"\";s:12:\"gfonts_files\";a:0:{}s:14:\"uag_faq_layout\";b:0;}"]},"uagb_featured_image_src":{"full":["https:\/\/www.ferberpainting.com\/wp-content\/uploads\/2025\/05\/Glass-Water-Repellent-5L.png",2560,2560,false],"thumbnail":["https:\/\/www.ferberpainting.com\/wp-content\/uploads\/2025\/05\/Glass-Water-Repellent-5L-150x150.png",150,150,true],"medium":["https:\/\/www.ferberpainting.com\/wp-content\/uploads\/2025\/05\/Glass-Water-Repellent-5L-300x300.png",300,300,true],"medium_large":["https:\/\/www.ferberpainting.com\/wp-content\/uploads\/2025\/05\/Glass-Water-Repellent-5L-768x768.png",768,768,true],"large":["https:\/\/www.ferberpainting.com\/wp-content\/uploads\/2025\/05\/Glass-Water-Repellent-5L-1024x1024.png",1024,1024,true],"1536x1536":["https:\/\/www.ferberpainting.com\/wp-content\/uploads\/2025\/05\/Glass-Water-Repellent-5L-1536x1536.png",1536,1536,true],"2048x2048":["https:\/\/www.ferberpainting.com\/wp-content\/uploads\/2025\/05\/Glass-Water-Repellent-5L-2048x2048.png",2048,2048,true],"trp-custom-language-flag":["https:\/\/www.ferberpainting.com\/wp-content\/uploads\/2025\/05\/Glass-Water-Repellent-5L-12x12.png",12,12,true],"woocommerce_thumbnail":["https:\/\/www.ferberpainting.com\/wp-content\/uploads\/2025\/05\/Glass-Water-Repellent-5L-300x300.png",300,300,true],"woocommerce_single":["https:\/\/www.ferberpainting.com\/wp-content\/uploads\/2025\/05\/Glass-Water-Repellent-5L-600x600.png",600,600,true],"woocommerce_gallery_thumbnail":["https:\/\/www.ferberpainting.com\/wp-content\/uploads\/2025\/05\/Glass-Water-Repellent-5L-100x100.png",100,100,true]},"uagb_author_info":{"display_name":"admin","author_link":"https:\/\/www.ferberpainting.com\/hu\/author\/"},"uagb_comment_info":10,"uagb_excerpt":"Protection and Optimal Efficiency.\u00a0This glass water repellent is specially formulated to provide long-lasting protection against water, rain, snow, and dirt. Its innovative formula creates an invisible barrier on glass, preventing water droplets from sticking and promoting quick runoff. By reducing residue build-up, it improves visibility in all conditions and makes glass surfaces easier to maintain.&hellip;","_links":{"self":[{"href":"https:\/\/www.ferberpainting.com\/hu\/wp-json\/wp\/v2\/product\/23487","targetHints":{"allow":["GET"]}}],"collection":[{"href":"https:\/\/www.ferberpainting.com\/hu\/wp-json\/wp\/v2\/product"}],"about":[{"href":"https:\/\/www.ferberpainting.com\/hu\/wp-json\/wp\/v2\/types\/product"}],"replies":[{"embeddable":true,"href":"https:\/\/www.ferberpainting.com\/hu\/wp-json\/wp\/v2\/comments?post=23487"}],"version-history":[{"count":4,"href":"https:\/\/www.ferberpainting.com\/hu\/wp-json\/wp\/v2\/product\/23487\/revisions"}],"predecessor-version":[{"id":166175,"href":"https:\/\/www.ferberpainting.com\/hu\/wp-json\/wp\/v2\/product\/23487\/revisions\/166175"}],"wp:featuredmedia":[{"embeddable":true,"href":"https:\/\/www.ferberpainting.com\/hu\/wp-json\/wp\/v2\/media\/36359"}],"wp:attachment":[{"href":"https:\/\/www.ferberpainting.com\/hu\/wp-json\/wp\/v2\/media?parent=23487"}],"wp:term":[{"taxonomy":"product_brand","embeddable":true,"href":"https:\/\/www.ferberpainting.com\/hu\/wp-json\/wp\/v2\/product_brand?post=23487"},{"taxonomy":"product_cat","embeddable":true,"href":"https:\/\/www.ferberpainting.com\/hu\/wp-json\/wp\/v2\/product_cat?post=23487"},{"taxonomy":"product_tag","embeddable":true,"href":"https:\/\/www.ferberpainting.com\/hu\/wp-json\/wp\/v2\/product_tag?post=23487"}],"curies":[{"name":"wp","href":"https:\/\/api.w.org\/{rel}","templated":true}]}}