{"id":23481,"date":"2025-05-26T10:24:22","date_gmt":"2025-05-26T08:24:22","guid":{"rendered":"https:\/\/www.ferberpainting.com\/products\/geranium-fertilizer\/"},"modified":"2026-02-15T14:19:28","modified_gmt":"2026-02-15T13:19:28","slug":"geranium-fertilizer","status":"publish","type":"product","link":"https:\/\/www.ferberpainting.com\/hu\/products\/geranium-fertilizer\/","title":{"rendered":"Geranium m\u0171tr\u00e1gya"},"content":{"rendered":"<p><img decoding=\"async\" style=\"margin-right: 12px;\" src=\"https:\/\/www.ferberpainting.com\/wp-content\/uploads\/2026\/02\/Check.svg\" alt=\"\" width=\"18\" height=\"15\" \/><strong>Kifejezetten a k\u00e1pr\u00e1zatos vir\u00e1gz\u00e1shoz \u00e9s d\u00fas lombozathoz tervezett m\u0171tr\u00e1gya.<\/strong>\u00a0A ger\u00e1niumok sz\u00ednes vir\u00e1gaikkal \u00e9s s\u0171r\u0171 lombozatukkal a kertek, erk\u00e9lyek \u00e9s teraszok sz\u00e9p\u00edt\u00e9s\u00e9hez n\u00e9lk\u00fcl\u00f6zhetetlen n\u00f6v\u00e9nyek. Ezt az NPK 15-15-15 m\u0171tr\u00e1gy\u00e1t \u00fagy \u00e1ll\u00edtott\u00e1k \u00f6ssze, hogy megfeleljen a musk\u00e1tlik speci\u00e1lis ig\u00e9nyeinek, mivel t\u00f6k\u00e9letesen kiegyens\u00falyozott ar\u00e1nyban tartalmaz nitrog\u00e9nt (N) a s\u0171r\u0171 \u00e9s \u00e9l\u00e9nk lombozat, foszfort (P) az er\u0151s gy\u00f6k\u00e9rfejl\u0151d\u00e9s \u00e9s a b\u0151s\u00e9ges vir\u00e1gz\u00e1s el\u0151seg\u00edt\u00e9se \u00e9rdek\u00e9ben, valamint k\u00e1liumot (K) a betegs\u00e9gekkel szembeni ellen\u00e1ll\u00f3 k\u00e9pess\u00e9g \u00e9s az \u00e9ghajlati stresszt\u0171r\u00e9s er\u0151s\u00edt\u00e9se \u00e9rdek\u00e9ben. A musk\u00e1tlik hat\u00e9kony t\u00e1pl\u00e1l\u00e1s\u00e1val ez a m\u0171tr\u00e1gya er\u0151teljes n\u00f6veked\u00e9st \u00e9s hosszan tart\u00f3 vir\u00e1gz\u00e1st biztos\u00edt.<\/p>\n<p><img decoding=\"async\" style=\"margin-right: 12px;\" src=\"https:\/\/www.ferberpainting.com\/wp-content\/uploads\/2026\/02\/Check.svg\" alt=\"\" width=\"18\" height=\"15\" \/><strong>P\u00e9nzvisszafizet\u00e9si garancia.<\/strong>\u00a0Teljes m\u00e9rt\u00e9kben megb\u00edzunk a musk\u00e1tli m\u0171tr\u00e1gy\u00e1nk hat\u00e9konys\u00e1g\u00e1ban, ez\u00e9rt p\u00e9nzvisszafizet\u00e9si garanci\u00e1t v\u00e1llalunk. Ha az aj\u00e1nl\u00e1soknak megfelel\u0151 haszn\u00e1lat ut\u00e1n musk\u00e1tlijai nem mutatnak \u00e9szrevehet\u0151 javul\u00e1st a n\u00f6veked\u00e9s, a vir\u00e1gz\u00e1s vagy az ellen\u00e1ll\u00f3 k\u00e9pess\u00e9g ter\u00e9n, v\u00e1llaljuk, hogy teljes m\u00e9rt\u00e9kben visszat\u00e9r\u00edtj\u00fck az \u00e1r\u00e1t. \u00cdgy teljes lelki nyugalommal \u00e9s teljes bizalommal v\u00e1s\u00e1rolhat.<\/p>\n<p><img decoding=\"async\" style=\"margin-right: 12px;\" src=\"https:\/\/www.ferberpainting.com\/wp-content\/uploads\/2026\/02\/Check.svg\" alt=\"\" width=\"18\" height=\"15\" \/><strong>Minden fajt\u00e1hoz \u00e9s minden termeszt\u00e9si k\u00f6r\u00fclm\u00e9nyhez alkalmas.<\/strong>\u00a0Ez a m\u0171tr\u00e1gya ide\u00e1lis minden musk\u00e1tlifajt\u00e1hoz, legyen az zon\u00e1lis, borosty\u00e1n, illatos musk\u00e1tli. Cserepes n\u00f6v\u00e9nyekhez, kerti \u00e1gy\u00e1sokhoz, szabadf\u00f6ldh\u00f6z, erk\u00e9lyre vagy \u00fcvegh\u00e1zba is alkalmas. T\u00f6k\u00e9letesen m\u0171k\u00f6dik minden t\u00edpus\u00fa szubsztr\u00e1ton, bele\u00e9rtve a k\u00f6nny\u0171, homokos, humuszban gazdag vagy komposzttal d\u00fas\u00edtott talajokat, \u00edgy a termeszt\u00e9si m\u00f3dt\u00f3l f\u00fcggetlen\u00fcl optim\u00e1lis tr\u00e1gy\u00e1z\u00e1st biztos\u00edt.<\/p>\n<p><img decoding=\"async\" style=\"margin-right: 12px;\" src=\"https:\/\/www.ferberpainting.com\/wp-content\/uploads\/2026\/02\/Check.svg\" alt=\"\" width=\"18\" height=\"15\" \/><strong>K\u00f6lts\u00e9ghat\u00e9kony \u00e9s tart\u00f3s tr\u00e1gy\u00e1z\u00e1s.<\/strong>\u00a0Koncentr\u00e1lt foly\u00e9kony formul\u00e1j\u00e1nak k\u00f6sz\u00f6nhet\u0151en egy 5 literes kanna ak\u00e1r 1000 liter tr\u00e1gy\u00e1z\u00f3 oldatot is el\u0151 tud \u00e1ll\u00edtani, \u00edgy biztos\u00edtva a hosszan tart\u00f3 \u00e9s gazdas\u00e1gos felhaszn\u00e1l\u00e1st. A literenk\u00e9nt 5 ml-es adagol\u00e1ssal optim\u00e1lis tr\u00e1gy\u00e1z\u00e1st tesz lehet\u0151v\u00e9 pazarl\u00e1s \u00e9s t\u00e1panyagfelesleg n\u00e9lk\u00fcl. Az a k\u00e9pess\u00e9ge, hogy hossz\u00fa id\u0151n kereszt\u00fcl k\u00e9pes t\u00e1pl\u00e1lni a musk\u00e1tlikat, cs\u00f6kkenti a kijuttat\u00e1sok gyakoris\u00e1g\u00e1t, mik\u00f6zben biztos\u00edtja a rendszeres n\u00f6veked\u00e9st \u00e9s a k\u00e1pr\u00e1zatos vir\u00e1gz\u00e1st.<\/p>\n<p><img decoding=\"async\" style=\"margin-right: 12px;\" src=\"https:\/\/www.ferberpainting.com\/wp-content\/uploads\/2026\/02\/Check.svg\" alt=\"\" width=\"18\" height=\"15\" \/><strong>Biztons\u00e1gos \u00e9s k\u00f6rnyezetbar\u00e1t m\u0171tr\u00e1gya.<\/strong>\u00a0Az agressz\u00edv vegyi anyagok n\u00e9lk\u00fcl k\u00e9sz\u00fclt m\u0171tr\u00e1gya tiszteletben tartja a talaj term\u00e9szetes egyens\u00faly\u00e1t \u00e9s a kert biol\u00f3giai sokf\u00e9les\u00e9g\u00e9t. Nem tartalmaz olyan k\u00e1ros elemeket, amelyek megv\u00e1ltoztathatj\u00e1k a talaj min\u0151s\u00e9g\u00e9t vagy hat\u00e1ssal lehetnek a k\u00f6rnyez\u0151 \u00e1llat- \u00e9s n\u00f6v\u00e9nyvil\u00e1gra. A h\u00e1zi\u00e1llatok \u00e9s a gyermekek sz\u00e1m\u00e1ra is biztons\u00e1gos, \u00edgy kertje \u00e9s erk\u00e9lye biztons\u00e1gos tr\u00e1gy\u00e1z\u00e1s\u00e1t biztos\u00edtja.<\/p>\n<p><img decoding=\"async\" style=\"margin-right: 12px;\" src=\"https:\/\/www.ferberpainting.com\/wp-content\/uploads\/2026\/02\/Check.svg\" alt=\"\" width=\"18\" height=\"15\" \/><strong>K\u00f6nnyen alkalmazhat\u00f3 a k\u00f6nnyed megterm\u00e9keny\u00edt\u00e9shez.<\/strong>\u00a0Az apr\u00f3l\u00e9kos sz\u00f3r\u00e1st ig\u00e9nyl\u0151 szil\u00e1rd m\u0171tr\u00e1gy\u00e1kkal ellent\u00e9tben ez a m\u0171tr\u00e1gya egyszer\u0171en v\u00edzzel h\u00edg\u00edtva, \u00f6nt\u00f6z\u00e9ssel vagy lombpermetez\u00e9ssel kijuttatva biztos\u00edtja a gyors \u00e9s egyenletes felsz\u00edv\u00f3d\u00e1st a gy\u00f6kerek \u00e9s levelek \u00e1ltal. Egyszer\u0171 haszn\u00e1lata lehet\u0151v\u00e9 teszi, hogy m\u00e9g a kezd\u0151 kert\u00e9szek is k\u00f6nnyed\u00e9n eg\u00e9szs\u00e9ges musk\u00e1tlikat kapjanak.<\/p>\n<p><img decoding=\"async\" style=\"margin-right: 12px;\" src=\"https:\/\/www.ferberpainting.com\/wp-content\/uploads\/2026\/02\/Check.svg\" alt=\"\" width=\"18\" height=\"15\" \/><strong>Kiterjesztett hat\u00e1s a folyamatos vir\u00e1gz\u00e1s\u00e9rt \u00e9s a jobb betegs\u00e9gekkel szembeni ellen\u00e1ll\u00f3 k\u00e9pess\u00e9g\u00e9rt.<\/strong>\u00a0Fokozatos t\u00e1panyag-lead\u00e1s\u00e1nak k\u00f6sz\u00f6nhet\u0151en ez a m\u0171tr\u00e1gya t\u00f6bb h\u00e9ten \u00e1t t\u00e1pl\u00e1lja a musk\u00e1tlikat, \u00edgy biztos\u00edtva a hosszan tart\u00f3, intenz\u00edv sz\u00edn\u0171 vir\u00e1gz\u00e1st. Emellett er\u0151s\u00edti az olyan betegs\u00e9gekkel szembeni ellen\u00e1ll\u00f3 k\u00e9pess\u00e9get, mint a rozsda vagy a lisztharmat, \u00e9s v\u00e9d az olyan \u00e9ghajlati viszonyokt\u00f3l, mint a h\u0151s\u00e9g vagy a sz\u00e9l.<\/p>\n<p><img decoding=\"async\" style=\"margin-right: 12px;\" src=\"https:\/\/www.ferberpainting.com\/wp-content\/uploads\/2026\/02\/Check.svg\" alt=\"\" width=\"18\" height=\"15\" \/><strong>L\u00e1that\u00f3 eredm\u00e9nyek az els\u0151 hetekt\u0151l kezdve.<\/strong>\u00a0Ez a m\u0171tr\u00e1gya m\u00e1r az els\u0151 alkalmaz\u00e1st\u00f3l kezdve serkenti az \u00faj hajt\u00e1sok megjelen\u00e9s\u00e9t, fokozza a vir\u00e1gsz\u00ednt \u00e9s jav\u00edtja a lombozat s\u0171r\u0171s\u00e9g\u00e9t. Az \u00d6n musk\u00e1tlijai gyorsan mutatj\u00e1k az \u00fajj\u00e1\u00e9led\u00e9s jeleit, nagyobb \u00e9leter\u0151vel, b\u0151s\u00e9ges vir\u00e1gz\u00e1ssal \u00e9s d\u00edszesebb megjelen\u00e9ssel.<\/p>\n<h2><strong>Haszn\u00e1lati protokoll<\/strong><\/h2>\n<ul>\n<li><strong>M\u0171tr\u00e1gya h\u00edg\u00edt\u00e1sa <\/strong>: Keverjen \u00f6ssze 5 ml m\u0171tr\u00e1gy\u00e1t 1 liter v\u00edzhez. Minden egyes kijuttat\u00e1s el\u0151tt r\u00e1zza fel az oldatot a t\u00e1panyagok egyenletes eloszl\u00e1s\u00e1nak biztos\u00edt\u00e1sa \u00e9rdek\u00e9ben.<\/li>\n<li><strong>Alkalmaz\u00e1si m\u00f3dszer<\/strong> :\n<ul>\n<li><strong>\u00d6nt\u00f6z\u00e9ssel <\/strong>: \u00d6ntse a h\u00edg\u00edtott oldatot k\u00f6zvetlen\u00fcl a musk\u00e1tlik t\u00f6v\u00e9be, \u00fcgyelve arra, hogy a t\u00e1panyag kimos\u00f3d\u00e1s\u00e1nak elker\u00fcl\u00e9se \u00e9rdek\u00e9ben a talaj ne legyen t\u00fal nedves.<\/li>\n<li><strong>Lombpermetez\u00e9ssel<\/strong> : A gyors p\u00e1rolg\u00e1s elker\u00fcl\u00e9se \u00e9s az optim\u00e1lis felsz\u00edv\u00f3d\u00e1s biztos\u00edt\u00e1sa \u00e9rdek\u00e9ben az oldatot kora reggel vagy k\u00e9s\u0151 este enyh\u00e9n permetezze a levelekre \u00e9s a sz\u00e1rakra.<\/li>\n<\/ul>\n<\/li>\n<li><strong>Alkalmaz\u00e1si gyakoris\u00e1g<\/strong> :\n<ul>\n<li><strong>A n\u00f6veked\u00e9si \u00e9s vir\u00e1gz\u00e1si id\u0151szakban (tavasz-ny\u00e1r) <\/strong>: A folyamatos vir\u00e1gz\u00e1s \u00e9s a j\u00f3l fejlett lombozat \u00e9rdek\u00e9ben k\u00e9thetente alkalmazza a m\u0171tr\u00e1gy\u00e1t.<\/li>\n<li><strong>nyugalmi id\u0151szakban (\u0151szi-t\u00e9li) <\/strong>: Cs\u00f6kkentse a gyakoris\u00e1got havonta egyszerre, hogy a n\u00f6v\u00e9nyek \u00e9letereje megmaradjon a n\u00f6veked\u00e9s t\u00falstimul\u00e1l\u00e1sa n\u00e9lk\u00fcl.<\/li>\n<\/ul>\n<\/li>\n<li><strong>Kieg\u00e9sz\u00edt\u0151 \u00f6nt\u00f6z\u00e9s <\/strong>: A m\u0171tr\u00e1gya kijuttat\u00e1sa ut\u00e1n v\u00e1rjon 48 \u00f3r\u00e1t az \u00fajabb \u00f6nt\u00f6z\u00e9ssel, hogy a gy\u00f6kerek optim\u00e1lisan felsz\u00edvhass\u00e1k a t\u00e1panyagokat.<\/li>\n<li><strong>Haszn\u00e1lati \u00f3vint\u00e9zked\u00e9sek <\/strong>: Ne adagolja t\u00fal a m\u0171tr\u00e1gy\u00e1t, hogy elker\u00fclje az \u00e1sv\u00e1nyi s\u00f3k t\u00falzott felhalmoz\u00f3d\u00e1s\u00e1t az aljzatban, ami lelass\u00edthatja a musk\u00e1tli n\u00f6veked\u00e9s\u00e9t. A t\u00e1panyagok optim\u00e1lis felsz\u00edv\u00f3d\u00e1s\u00e1nak biztos\u00edt\u00e1sa \u00e9rdek\u00e9ben csak enyh\u00e9n nedves talajra alkalmazza.<\/li>\n<li><strong>T\u00e1rol\u00e1s \u00e9s meg\u0151rz\u00e9s <\/strong>: A m\u0171tr\u00e1gy\u00e1t sz\u00e1raz, m\u00e9rs\u00e9kelt h\u0151m\u00e9rs\u00e9klet\u0171, f\u00e9nyt\u0151l \u00e9s nedvess\u00e9gt\u0151l v\u00e9dett helyen t\u00e1rolja. A term\u00e9k hat\u00e9konys\u00e1g\u00e1nak meg\u0151rz\u00e9se \u00e9s a p\u00e1rolg\u00e1s megakad\u00e1lyoz\u00e1sa \u00e9rdek\u00e9ben a tart\u00e1lyt minden haszn\u00e1lat ut\u00e1n mindig szorosan z\u00e1rja le.<\/li>\n<\/ul>\n<p>Ezzel a musk\u00e1tliknak sz\u00e1nt m\u0171tr\u00e1gy\u00e1val teljes t\u00e1panyagell\u00e1t\u00e1st biztos\u00edthat n\u00f6v\u00e9nyeinek, amely t\u00f6k\u00e9letesen megfelel az egyedi ig\u00e9nyeiknek, biztos\u00edtva az er\u0151teljes n\u00f6veked\u00e9st, a folyamatos vir\u00e1gz\u00e1st \u00e9s a k\u00fclt\u00e9ri k\u00f6r\u00fclm\u00e9nyekkel szembeni jobb ellen\u00e1ll\u00f3k\u00e9pess\u00e9get. Ez az ide\u00e1lis megold\u00e1s, hogy vir\u00e1g\u00e1gy\u00e1sait, vir\u00e1gtart\u00f3it \u00e9s erk\u00e9lyeit ragyog\u00f3 \u00e9s eg\u00e9szs\u00e9ges musk\u00e1tlikkal sz\u00e9p\u00edtse az eg\u00e9sz szezonban.<\/p>","protected":false},"excerpt":{"rendered":"<p>A fertilizer specially designed for dazzling blooming and lush foliage.\u00a0Geraniums are essential plants for beautifying gardens, balconies, and terraces with their colorful flowers and dense foliage. This NPK 15-15-15 fertilizer has been formulated to meet the specific needs of geraniums by providing them with a perfectly balanced ratio of nitrogen (N) to stimulate dense and [&hellip;]<\/p>\n","protected":false},"featured_media":26006,"comment_status":"open","ping_status":"closed","template":"","meta":{"_uag_custom_page_level_css":"","site-sidebar-layout":"default","site-content-layout":"","ast-site-content-layout":"default","site-content-style":"default","site-sidebar-style":"default","ast-global-header-display":"","ast-banner-title-visibility":"","ast-main-header-display":"","ast-hfb-above-header-display":"","ast-hfb-below-header-display":"","ast-hfb-mobile-header-display":"","site-post-title":"","ast-breadcrumbs-content":"","ast-featured-img":"","footer-sml-layout":"","ast-disable-related-posts":"","theme-transparent-header-meta":"default","adv-header-id-meta":"","stick-header-meta":"","header-above-stick-meta":"","header-main-stick-meta":"","header-below-stick-meta":"","astra-migrate-meta-layouts":"set","ast-page-background-enabled":"default","ast-page-background-meta":{"desktop":{"background-color":"var(--ast-global-color-4)","background-image":"","background-repeat":"repeat","background-position":"center center","background-size":"auto","background-attachment":"scroll","background-type":"","background-media":"","overlay-type":"","overlay-color":"","overlay-opacity":"","overlay-gradient":""},"tablet":{"background-color":"","background-image":"","background-repeat":"repeat","background-position":"center center","background-size":"auto","background-attachment":"scroll","background-type":"","background-media":"","overlay-type":"","overlay-color":"","overlay-opacity":"","overlay-gradient":""},"mobile":{"background-color":"","background-image":"","background-repeat":"repeat","background-position":"center center","background-size":"auto","background-attachment":"scroll","background-type":"","background-media":"","overlay-type":"","overlay-color":"","overlay-opacity":"","overlay-gradient":""}},"ast-content-background-meta":{"desktop":{"background-color":"var(--ast-global-color-5)","background-image":"","background-repeat":"repeat","background-position":"center center","background-size":"auto","background-attachment":"scroll","background-type":"","background-media":"","overlay-type":"","overlay-color":"","overlay-opacity":"","overlay-gradient":""},"tablet":{"background-color":"var(--ast-global-color-5)","background-image":"","background-repeat":"repeat","background-position":"center center","background-size":"auto","background-attachment":"scroll","background-type":"","background-media":"","overlay-type":"","overlay-color":"","overlay-opacity":"","overlay-gradient":""},"mobile":{"background-color":"var(--ast-global-color-5)","background-image":"","background-repeat":"repeat","background-position":"center center","background-size":"auto","background-attachment":"scroll","background-type":"","background-media":"","overlay-type":"","overlay-color":"","overlay-opacity":"","overlay-gradient":""}}},"product_brand":[],"product_cat":[178],"product_tag":[],"class_list":{"0":"post-23481","1":"product","2":"type-product","3":"status-publish","4":"has-post-thumbnail","6":"product_cat-fertilizers","7":"desktop-align-left","8":"tablet-align-left","9":"mobile-align-left","11":"first","12":"instock","13":"sale","14":"taxable","15":"shipping-taxable","16":"purchasable","17":"product-type-variable","18":"has-default-attributes"},"spectra_custom_meta":{"_visibility":["visible"],"_shopify_product_id":["9066898522357"],"_s2w_shopify_domain":["ferberpainting.myshopify.com"],"_shopify_variant_id":["46505231548661"],"_sku":[""],"_manage_stock":["no"],"total_sales":["9"],"_tax_status":["taxable"],"_tax_class":[""],"_backorders":["no"],"_sold_individually":["no"],"_virtual":["no"],"_downloadable":["no"],"_download_limit":["-1"],"_download_expiry":["-1"],"_stock":[null],"_stock_status":["instock"],"_wc_average_rating":["4.77"],"_wc_review_count":["13"],"_product_attributes":["a:1:{s:6:\"volume\";a:6:{s:4:\"name\";s:6:\"Volume\";s:5:\"value\";s:20:\"5 liters | 25 liters\";s:8:\"position\";i:1;s:10:\"is_visible\";i:0;s:12:\"is_variation\";i:1;s:11:\"is_taxonomy\";i:0;}}"],"_product_version":["10.5.1"],"_thumbnail_id":["26006"],"_product_image_gallery":["26007"],"wpse_downloadable_file_names":[""],"wpse_downloadable_file_urls":[""],"_edit_last":["1"],"_default_attributes":["a:1:{s:6:\"volume\";s:8:\"5 liters\";}"],"_wc_rating_count":["a:2:{i:4;i:3;i:5;i:10;}"],"_edit_lock":["1771161428:1"],"_price":["29.90","129.90"],"merchant-center-availability":["yes"],"merchant-center-category":["113"],"_wp_page_template":["default"],"site-sidebar-layout":["default"],"ast-site-content-layout":["default"],"site-content-style":["default"],"site-sidebar-style":["default"],"theme-transparent-header-meta":["default"],"astra-migrate-meta-layouts":["set"],"_uag_css_file_name":["uag-css-23481.css"],"_elementor_page_assets":["a:0:{}"],"_uag_page_assets":["a:9:{s:3:\"css\";s:7133:\".uag-blocks-common-selector{z-index:var(--z-index-desktop) !important}@media(max-width: 976px){.uag-blocks-common-selector{z-index:var(--z-index-tablet) !important}}@media(max-width: 767px){.uag-blocks-common-selector{z-index:var(--z-index-mobile) !important}}.wp-block-uagb-image{display:flex}.wp-block-uagb-image__figure{position:relative;display:flex;flex-direction:column;max-width:100%;height:auto;margin:0}.wp-block-uagb-image__figure img{height:auto;display:flex;max-width:100%;transition:box-shadow .2s ease}.wp-block-uagb-image__figure>a{display:inline-block}.wp-block-uagb-image__figure figcaption{text-align:center;margin-top:.5em;margin-bottom:1em}.wp-block-uagb-image .components-placeholder.block-editor-media-placeholder .components-placeholder__instructions{align-self:center}.wp-block-uagb-image--align-left{text-align:left}.wp-block-uagb-image--align-right{text-align:right}.wp-block-uagb-image--align-center{text-align:center}.wp-block-uagb-image--align-full .wp-block-uagb-image__figure{margin-left:calc(50% - 50vw);margin-right:calc(50% - 50vw);max-width:100vw;width:100vw;height:auto}.wp-block-uagb-image--align-full .wp-block-uagb-image__figure img{height:auto;width:100% !important}.wp-block-uagb-image--align-wide .wp-block-uagb-image__figure img{height:auto;width:100%}.wp-block-uagb-image--layout-overlay__color-wrapper{position:absolute;left:0;top:0;right:0;bottom:0;opacity:.2;background:rgba(0,0,0,.5);transition:opacity .35s ease-in-out}.wp-block-uagb-image--layout-overlay-link{position:absolute;left:0;right:0;bottom:0;top:0}.wp-block-uagb-image--layout-overlay .wp-block-uagb-image__figure:hover .wp-block-uagb-image--layout-overlay__color-wrapper{opacity:1}.wp-block-uagb-image--layout-overlay__inner{position:absolute;left:15px;right:15px;bottom:15px;top:15px;display:flex;align-items:center;justify-content:center;flex-direction:column;border-color:#fff;transition:.35s ease-in-out}.wp-block-uagb-image--layout-overlay__inner.top-left,.wp-block-uagb-image--layout-overlay__inner.top-center,.wp-block-uagb-image--layout-overlay__inner.top-right{justify-content:flex-start}.wp-block-uagb-image--layout-overlay__inner.bottom-left,.wp-block-uagb-image--layout-overlay__inner.bottom-center,.wp-block-uagb-image--layout-overlay__inner.bottom-right{justify-content:flex-end}.wp-block-uagb-image--layout-overlay__inner.top-left,.wp-block-uagb-image--layout-overlay__inner.center-left,.wp-block-uagb-image--layout-overlay__inner.bottom-left{align-items:flex-start}.wp-block-uagb-image--layout-overlay__inner.top-right,.wp-block-uagb-image--layout-overlay__inner.center-right,.wp-block-uagb-image--layout-overlay__inner.bottom-right{align-items:flex-end}.wp-block-uagb-image--layout-overlay__inner .uagb-image-heading{color:#fff;transition:transform .35s,opacity .35s ease-in-out;transform:translate3d(0, 24px, 0);margin:0;line-height:1em}.wp-block-uagb-image--layout-overlay__inner .uagb-image-separator{width:30%;border-top-width:2px;border-top-color:#fff;border-top-style:solid;margin-bottom:10px;opacity:0;transition:transform .4s,opacity .4s ease-in-out;transform:translate3d(0, 30px, 0)}.wp-block-uagb-image--layout-overlay__inner .uagb-image-caption{opacity:0;overflow:visible;color:#fff;transition:transform .45s,opacity .45s ease-in-out;transform:translate3d(0, 35px, 0)}.wp-block-uagb-image--layout-overlay__inner:hover .uagb-image-heading,.wp-block-uagb-image--layout-overlay__inner:hover .uagb-image-separator,.wp-block-uagb-image--layout-overlay__inner:hover .uagb-image-caption{opacity:1;transform:translate3d(0, 0, 0)}.wp-block-uagb-image--effect-zoomin .wp-block-uagb-image__figure img,.wp-block-uagb-image--effect-zoomin .wp-block-uagb-image__figure .wp-block-uagb-image--layout-overlay__color-wrapper{transform:scale(1);transition:transform .35s ease-in-out}.wp-block-uagb-image--effect-zoomin .wp-block-uagb-image__figure:hover img,.wp-block-uagb-image--effect-zoomin .wp-block-uagb-image__figure:hover .wp-block-uagb-image--layout-overlay__color-wrapper{transform:scale(1.05)}.wp-block-uagb-image--effect-slide .wp-block-uagb-image__figure img,.wp-block-uagb-image--effect-slide .wp-block-uagb-image__figure .wp-block-uagb-image--layout-overlay__color-wrapper{width:calc(100% + 40px) !important;max-width:none !important;transform:translate3d(-40px, 0, 0);transition:transform .35s ease-in-out}.wp-block-uagb-image--effect-slide .wp-block-uagb-image__figure:hover img,.wp-block-uagb-image--effect-slide .wp-block-uagb-image__figure:hover .wp-block-uagb-image--layout-overlay__color-wrapper{transform:translate3d(0, 0, 0)}.wp-block-uagb-image--effect-grayscale img{filter:grayscale(0%);transition:.35s ease-in-out}.wp-block-uagb-image--effect-grayscale:hover img{filter:grayscale(100%)}.wp-block-uagb-image--effect-blur img{filter:blur(0);transition:.35s ease-in-out}.wp-block-uagb-image--effect-blur:hover img{filter:blur(3px)}.uagb-block-e6f939b3.wp-block-uagb-image--layout-default figure img{box-shadow: 0px 0px 0 #00000070;}.uagb-block-e6f939b3.wp-block-uagb-image .wp-block-uagb-image__figure figcaption{font-style: normal;align-self: center;}.uagb-block-e6f939b3.wp-block-uagb-image--layout-overlay figure img{box-shadow: 0px 0px 0 #00000070;}.uagb-block-e6f939b3.wp-block-uagb-image--layout-overlay .wp-block-uagb-image--layout-overlay__color-wrapper{opacity: 0.2;}.uagb-block-e6f939b3.wp-block-uagb-image--layout-overlay .wp-block-uagb-image--layout-overlay__inner{left: 15px;right: 15px;top: 15px;bottom: 15px;}.uagb-block-e6f939b3.wp-block-uagb-image--layout-overlay .wp-block-uagb-image--layout-overlay__inner .uagb-image-heading{font-style: normal;color: #fff;opacity: 1;}.uagb-block-e6f939b3.wp-block-uagb-image--layout-overlay .wp-block-uagb-image--layout-overlay__inner .uagb-image-heading a{color: #fff;}.uagb-block-e6f939b3.wp-block-uagb-image--layout-overlay .wp-block-uagb-image--layout-overlay__inner .uagb-image-caption{opacity: 0;}.uagb-block-e6f939b3.wp-block-uagb-image--layout-overlay .wp-block-uagb-image__figure:hover .wp-block-uagb-image--layout-overlay__color-wrapper{opacity: 1;}.uagb-block-e6f939b3.wp-block-uagb-image .wp-block-uagb-image--layout-overlay__inner .uagb-image-separator{width: 30%;border-top-width: 2px;border-top-color: #fff;opacity: 0;}.uagb-block-e6f939b3.wp-block-uagb-image .wp-block-uagb-image__figure img{width: px;height: auto;}.uagb-block-e6f939b3.wp-block-uagb-image .wp-block-uagb-image__figure:hover .wp-block-uagb-image--layout-overlay__inner .uagb-image-caption{opacity: 1;}.uagb-block-e6f939b3.wp-block-uagb-image .wp-block-uagb-image__figure:hover .wp-block-uagb-image--layout-overlay__inner .uagb-image-separator{opacity: 1;}.uagb-block-e6f939b3.wp-block-uagb-image--layout-default figure:hover img{box-shadow: 0px 0px 0 #00000070;}.uagb-block-e6f939b3.wp-block-uagb-image--layout-overlay figure:hover img{box-shadow: 0px 0px 0 #00000070;}@media only screen and (max-width: 976px) {.uagb-block-e6f939b3.wp-block-uagb-image .wp-block-uagb-image__figure img{width: px;height: auto;}}@media only screen and (max-width: 767px) {.uagb-block-e6f939b3.wp-block-uagb-image .wp-block-uagb-image__figure img{width: px;height: auto;}}\";s:2:\"js\";s:0:\"\";s:18:\"current_block_list\";a:13:{i:0;s:11:\"core\/search\";i:1;s:10:\"core\/group\";i:2;s:12:\"core\/heading\";i:3;s:17:\"core\/latest-posts\";i:4;s:20:\"core\/latest-comments\";i:5;s:13:\"core\/archives\";i:6;s:15:\"core\/categories\";i:7;s:14:\"core\/paragraph\";i:8;s:10:\"uagb\/image\";i:9;s:11:\"core\/spacer\";i:10;s:30:\"woocommerce\/product-categories\";i:11;s:10:\"core\/image\";i:12;s:14:\"core\/shortcode\";}s:8:\"uag_flag\";b:1;s:11:\"uag_version\";s:10:\"1777542405\";s:6:\"gfonts\";a:0:{}s:10:\"gfonts_url\";s:0:\"\";s:12:\"gfonts_files\";a:0:{}s:14:\"uag_faq_layout\";b:0;}"]},"uagb_featured_image_src":{"full":["https:\/\/www.ferberpainting.com\/wp-content\/uploads\/2025\/05\/GeraniumFertilizer5L.png",2560,2560,false],"thumbnail":["https:\/\/www.ferberpainting.com\/wp-content\/uploads\/2025\/05\/GeraniumFertilizer5L-150x150.png",150,150,true],"medium":["https:\/\/www.ferberpainting.com\/wp-content\/uploads\/2025\/05\/GeraniumFertilizer5L-300x300.png",300,300,true],"medium_large":["https:\/\/www.ferberpainting.com\/wp-content\/uploads\/2025\/05\/GeraniumFertilizer5L-768x768.png",768,768,true],"large":["https:\/\/www.ferberpainting.com\/wp-content\/uploads\/2025\/05\/GeraniumFertilizer5L-1024x1024.png",1024,1024,true],"1536x1536":["https:\/\/www.ferberpainting.com\/wp-content\/uploads\/2025\/05\/GeraniumFertilizer5L-1536x1536.png",1536,1536,true],"2048x2048":["https:\/\/www.ferberpainting.com\/wp-content\/uploads\/2025\/05\/GeraniumFertilizer5L-2048x2048.png",2048,2048,true],"trp-custom-language-flag":["https:\/\/www.ferberpainting.com\/wp-content\/uploads\/2025\/05\/GeraniumFertilizer5L-12x12.png",12,12,true],"woocommerce_thumbnail":["https:\/\/www.ferberpainting.com\/wp-content\/uploads\/2025\/05\/GeraniumFertilizer5L-300x300.png",300,300,true],"woocommerce_single":["https:\/\/www.ferberpainting.com\/wp-content\/uploads\/2025\/05\/GeraniumFertilizer5L-600x600.png",600,600,true],"woocommerce_gallery_thumbnail":["https:\/\/www.ferberpainting.com\/wp-content\/uploads\/2025\/05\/GeraniumFertilizer5L-100x100.png",100,100,true]},"uagb_author_info":{"display_name":"admin","author_link":"https:\/\/www.ferberpainting.com\/hu\/author\/"},"uagb_comment_info":13,"uagb_excerpt":"A fertilizer specially designed for dazzling blooming and lush foliage.\u00a0Geraniums are essential plants for beautifying gardens, balconies, and terraces with their colorful flowers and dense foliage. This NPK 15-15-15 fertilizer has been formulated to meet the specific needs of geraniums by providing them with a perfectly balanced ratio of nitrogen (N) to stimulate dense and&hellip;","_links":{"self":[{"href":"https:\/\/www.ferberpainting.com\/hu\/wp-json\/wp\/v2\/product\/23481","targetHints":{"allow":["GET"]}}],"collection":[{"href":"https:\/\/www.ferberpainting.com\/hu\/wp-json\/wp\/v2\/product"}],"about":[{"href":"https:\/\/www.ferberpainting.com\/hu\/wp-json\/wp\/v2\/types\/product"}],"replies":[{"embeddable":true,"href":"https:\/\/www.ferberpainting.com\/hu\/wp-json\/wp\/v2\/comments?post=23481"}],"version-history":[{"count":5,"href":"https:\/\/www.ferberpainting.com\/hu\/wp-json\/wp\/v2\/product\/23481\/revisions"}],"predecessor-version":[{"id":166173,"href":"https:\/\/www.ferberpainting.com\/hu\/wp-json\/wp\/v2\/product\/23481\/revisions\/166173"}],"wp:featuredmedia":[{"embeddable":true,"href":"https:\/\/www.ferberpainting.com\/hu\/wp-json\/wp\/v2\/media\/26006"}],"wp:attachment":[{"href":"https:\/\/www.ferberpainting.com\/hu\/wp-json\/wp\/v2\/media?parent=23481"}],"wp:term":[{"taxonomy":"product_brand","embeddable":true,"href":"https:\/\/www.ferberpainting.com\/hu\/wp-json\/wp\/v2\/product_brand?post=23481"},{"taxonomy":"product_cat","embeddable":true,"href":"https:\/\/www.ferberpainting.com\/hu\/wp-json\/wp\/v2\/product_cat?post=23481"},{"taxonomy":"product_tag","embeddable":true,"href":"https:\/\/www.ferberpainting.com\/hu\/wp-json\/wp\/v2\/product_tag?post=23481"}],"curies":[{"name":"wp","href":"https:\/\/api.w.org\/{rel}","templated":true}]}}