{"id":23470,"date":"2025-07-01T13:11:02","date_gmt":"2025-07-01T11:11:02","guid":{"rendered":"https:\/\/www.ferberpainting.com\/?post_type=product&#038;p=23470"},"modified":"2026-02-15T14:15:35","modified_gmt":"2026-02-15T13:15:35","slug":"fridge-and-freezer-cleaner","status":"publish","type":"product","link":"https:\/\/www.ferberpainting.com\/hu\/products\/fridge-and-freezer-cleaner\/","title":{"rendered":"H\u0171t\u0151- \u00e9s fagyaszt\u00f3tiszt\u00edt\u00f3"},"content":{"rendered":"<p><img decoding=\"async\" style=\"margin-right: 12px;\" src=\"https:\/\/www.ferberpainting.com\/wp-content\/uploads\/2026\/02\/Check.svg\" alt=\"\" width=\"18\" height=\"15\" \/><strong>Optim\u00e1lis hat\u00e9konys\u00e1g.<\/strong>\u00a0Ez a h\u0171t\u0151szekr\u00e9ny- \u00e9s fagyaszt\u00f3tiszt\u00edt\u00f3 speci\u00e1lisan arra lett kifejlesztve, hogy hat\u00e9konyan elt\u00e1vol\u00edtsa az id\u0151vel felhalmoz\u00f3d\u00f3 \u00e9telmarad\u00e9kokat, foltokat, zs\u00edrlerak\u00f3d\u00e1sokat \u00e9s rossz szagokat. Er\u0151teljes formul\u00e1j\u00e1nak k\u00f6sz\u00f6nhet\u0151en zs\u00edrtalan\u00edt, fert\u0151tlen\u00edt \u00e9s semleges\u00edti a bakt\u00e9riumokat, mik\u00f6zben tiszteletben tartja az \u00e9lelmiszerekkel \u00e9rintkez\u0151 fel\u00fcleteket. T\u00f6k\u00e9letes higi\u00e9ni\u00e1t biztos\u00edt, \u00e9s seg\u00edt meg\u0151rizni az \u00e9lelmiszerek frissess\u00e9g\u00e9t az eg\u00e9szs\u00e9ges, tiszta k\u00f6rnyezet fenntart\u00e1s\u00e1val.<\/p>\n<p><img decoding=\"async\" style=\"margin-right: 12px;\" src=\"https:\/\/www.ferberpainting.com\/wp-content\/uploads\/2026\/02\/Check.svg\" alt=\"\" width=\"18\" height=\"15\" \/><strong>P\u00e9nzvisszafizet\u00e9si garancia.<\/strong>\u00a0Teljesen biztosak vagyunk a tiszt\u00edt\u00f3szer\u00fcnk teljes\u00edtm\u00e9ny\u00e9ben. Ha a haszn\u00e1lat ut\u00e1n nem teljesen el\u00e9gedett az eredm\u00e9nnyel, teljes visszat\u00e9r\u00edt\u00e9sre jogosult. Pr\u00f3b\u00e1lja ki kock\u00e1zatmentesen, \u00e9s \u00e9lvezze a makul\u00e1tlan, szagtalan h\u0171t\u0151szekr\u00e9nyt \u00e9s fagyaszt\u00f3t.<\/p>\n<p><img decoding=\"async\" style=\"margin-right: 12px;\" src=\"https:\/\/www.ferberpainting.com\/wp-content\/uploads\/2026\/02\/Check.svg\" alt=\"\" width=\"18\" height=\"15\" \/><strong>Kiv\u00e9teles sokoldal\u00fas\u00e1g.<\/strong>\u00a0Ez a tiszt\u00edt\u00f3szer nem korl\u00e1toz\u00f3dik a h\u0171t\u0151szekr\u00e9nyek bels\u0151 falaira! Ide\u00e1lis a gumit\u00f6m\u00edt\u00e9sek, \u00fcvegpolcok, m\u0171anyag t\u00e1rol\u00f3k, z\u00f6lds\u00e9gtart\u00f3k, z\u00f6lds\u00e9ges fi\u00f3kok, rozsdamentes ac\u00e9l ajt\u00f3k \u00e9s h\u0171t\u0151szekr\u00e9nyek k\u00fcls\u0151 fel\u00fclet\u00e9nek tiszt\u00edt\u00e1s\u00e1ra is. T\u00f6k\u00e9letesen m\u0171k\u00f6dik rozsdamentes ac\u00e9lon, m\u0171anyagon, \u00fcvegen, alum\u00edniumon \u00e9s ker\u00e1mi\u00e1n, m\u00e9lytiszt\u00edt\u00e1st biztos\u00edt a fel\u00fcletek k\u00e1ros\u00edt\u00e1sa vagy tomp\u00edt\u00e1sa n\u00e9lk\u00fcl.<\/p>\n<p><img decoding=\"async\" style=\"margin-right: 12px;\" src=\"https:\/\/www.ferberpainting.com\/wp-content\/uploads\/2026\/02\/Check.svg\" alt=\"\" width=\"18\" height=\"15\" \/><strong>K\u00f6lts\u00e9ghat\u00e9kony.<\/strong>\u00a0Ez a tiszt\u00edt\u00f3szer 5 literes tart\u00e1ly\u00e1val \u00e9s ultrahat\u00e9kony formul\u00e1j\u00e1val kiv\u00e1l\u00f3 hozamot biztos\u00edt. Kis mennyis\u00e9g is elegend\u0151 nagy fel\u00fcletek pazarl\u00e1s n\u00e9lk\u00fcli tiszt\u00edt\u00e1s\u00e1hoz. \u00c1tlagosan egy liter term\u00e9kkel ak\u00e1r 100 m\u00b2 h\u0171t\u00f6tt fel\u00fcletet is kezelhet, \u00edgy gazdas\u00e1gos \u00e9s fenntarthat\u00f3 megold\u00e1st jelent a h\u00e1ztart\u00e1si k\u00e9sz\u00fcl\u00e9kek karbantart\u00e1s\u00e1ra.<\/p>\n<p><img decoding=\"async\" style=\"margin-right: 12px;\" src=\"https:\/\/www.ferberpainting.com\/wp-content\/uploads\/2026\/02\/Check.svg\" alt=\"\" width=\"18\" height=\"15\" \/><strong>Biztons\u00e1gosan haszn\u00e1lhat\u00f3.<\/strong>\u00a0A vegyi alap\u00fa tiszt\u00edt\u00f3szerekkel ellent\u00e9tben ez a term\u00e9k nem tartalmaz m\u00e9rgez\u0151 old\u00f3szereket vagy k\u00e1ros vegyi anyagokat. Nem bocs\u00e1t ki irrit\u00e1l\u00f3 f\u00fcst\u00f6t, nem jelent szennyez\u0151d\u00e9si kock\u00e1zatot az \u00e9lelmiszerekre, \u00e9s k\u00edm\u00e9letes, nem d\u00f6rzs\u00f6l\u0151 \u00f6sszet\u00e9tele minden fel\u00fcletet tiszteletben tart, \u00edgy biztons\u00e1gos \u00e9s hat\u00e9kony tiszt\u00edt\u00e1st biztos\u00edt.<\/p>\n<p><img decoding=\"async\" style=\"margin-right: 12px;\" src=\"https:\/\/www.ferberpainting.com\/wp-content\/uploads\/2026\/02\/Check.svg\" alt=\"\" width=\"18\" height=\"15\" \/><strong>K\u00f6nny\u0171 haszn\u00e1lat.<\/strong>\u00a0Ez a tiszt\u00edt\u00f3szer haszn\u00e1latra k\u00e9sz, nem ig\u00e9nyel h\u00edg\u00edt\u00e1st vagy speci\u00e1lis el\u0151k\u00e9sz\u00edt\u00e9st. Kend\u0151vel, szivaccsal vagy permetez\u0151vel k\u00f6zvetlen\u00fcl a fel\u00fcletekre lehet felvinni. Gyors hat\u00e1sa \u00e9s intuit\u00edv haszn\u00e1lata lehet\u0151v\u00e9 teszi a hat\u00e9kony tiszt\u00edt\u00e1st n\u00e9h\u00e1ny egyszer\u0171 l\u00e9p\u00e9ssel, \u00f6bl\u00edt\u00e9s n\u00e9lk\u00fcl.<\/p>\n<p><img decoding=\"async\" style=\"margin-right: 12px;\" src=\"https:\/\/www.ferberpainting.com\/wp-content\/uploads\/2026\/02\/Check.svg\" alt=\"\" width=\"18\" height=\"15\" \/><strong>Fokozott tart\u00f3ss\u00e1g.<\/strong>\u00a0Az \u00e9telmarad\u00e9kok rendszeres elt\u00e1vol\u00edt\u00e1s\u00e1val, valamint a bakt\u00e9riumok \u00e9s a pen\u00e9sz kialakul\u00e1s\u00e1nak megel\u0151z\u00e9s\u00e9vel ez a tiszt\u00edt\u00f3szer seg\u00edt meghosszabb\u00edtani a h\u0171t\u0151szekr\u00e9ny \u00e9s a fagyaszt\u00f3 \u00e9lettartam\u00e1t. Meg\u0151rzi a t\u00f6m\u00edt\u00e9s \u00e9s a polcok \u00e9ps\u00e9g\u00e9t, \u00edgy hossz\u00fa t\u00e1von biztos\u00edtja a k\u00e9sz\u00fcl\u00e9k optim\u00e1lis teljes\u00edtm\u00e9ny\u00e9t.<\/p>\n<p><img decoding=\"async\" style=\"margin-right: 12px;\" src=\"https:\/\/www.ferberpainting.com\/wp-content\/uploads\/2026\/02\/Check.svg\" alt=\"\" width=\"18\" height=\"15\" \/><strong>Gyors akci\u00f3.<\/strong>\u00a0Er\u0151sen reakt\u00edv formul\u00e1j\u00e1nak k\u00f6sz\u00f6nhet\u0151en ez a tiszt\u00edt\u00f3szer azonnal hat a foltokra \u00e9s szennyez\u0151d\u00e9sekre. M\u00e1sodpercek alatt feloldja a szennyez\u0151d\u00e9seket, \u00e9s intenz\u00edv s\u00farol\u00e1s n\u00e9lk\u00fcl seg\u00edt elt\u00e1vol\u00edtani azokat. Gyorsan hat\u00f3 eredm\u00e9nyeinek k\u00f6sz\u00f6nhet\u0151en ide\u00e1lis a gyors \u00e9s hat\u00e9kony karbantart\u00e1shoz, \u00edgy k\u00e9sz\u00fcl\u00e9kei pillanatok alatt higi\u00e9nikusak maradnak.<\/p>\n<h2><strong>Haszn\u00e1lati utas\u00edt\u00e1sok<\/strong><\/h2>\n<ul>\n<li><strong>El\u0151k\u00e9sz\u00edt\u00e9s <\/strong>: H\u00fazza ki a k\u00e9sz\u00fcl\u00e9ket a konnektorb\u00f3l, ha m\u00e9lytiszt\u00edt\u00e1sra van sz\u00fcks\u00e9g, \u00e9s \u00fcr\u00edtse ki a h\u0171t\u0151szekr\u00e9nyt vagy a fagyaszt\u00f3t az \u00e9lelmiszerekt\u0151l, hogy megk\u00f6nny\u00edtse a term\u00e9k alkalmaz\u00e1s\u00e1t.<\/li>\n<li><strong>K\u00e9zi alkalmaz\u00e1s <\/strong>: \u00d6nts\u00f6n kis mennyis\u00e9g\u0171 tiszt\u00edt\u00f3szert egy tiszta ruh\u00e1ra, szivacsra vagy pap\u00edrt\u00f6rl\u0151re, majd egyenletesen vigye fel a tiszt\u00edtand\u00f3 bels\u0151 \u00e9s k\u00fcls\u0151 fel\u00fcletekre.<\/li>\n<li><strong>T\u00f6m\u00edt\u00e9sek tiszt\u00edt\u00e1sa <\/strong>: Vigye fel a tiszt\u00edt\u00f3szert k\u00f6zvetlen\u00fcl a gumit\u00f6m\u00edt\u00e9sekre, \u00e9s \u00f3vatosan s\u00farolja le fogkef\u00e9vel vagy puha ruh\u00e1val a pen\u00e9sz \u00e9s a be\u00e1gyaz\u00f3dott szennyez\u0151d\u00e9sek elt\u00e1vol\u00edt\u00e1s\u00e1hoz.<\/li>\n<li><strong>Polcok \u00e9s t\u00e1rol\u00f3k <\/strong>: Vegye ki a kivehet\u0151 r\u00e9szeket, p\u00e9ld\u00e1ul az \u00fcvegpolcokat, a z\u00f6lds\u00e9gtart\u00f3 fi\u00f3kokat \u00e9s a m\u0171anyag t\u00e1lc\u00e1kat, tiszt\u00edtsa meg \u0151ket a term\u00e9kkel, majd \u00f6bl\u00edtse le tiszta v\u00edzzel, \u00e9s tegye vissza a k\u00e9sz\u00fcl\u00e9kbe.<\/li>\n<li><strong>Szag semleges\u00edt\u00e9s <\/strong>: A tart\u00f3san fenn\u00e1ll\u00f3 rossz szagok megsz\u00fcntet\u00e9s\u00e9hez vigye fel a tiszt\u00edt\u00f3szert egy nedves ruh\u00e1ra, \u00e9s alaposan t\u00f6r\u00f6lje \u00e1t a k\u00e9sz\u00fcl\u00e9k belsej\u00e9t, k\u00fcl\u00f6n\u00f6sen az \u00e9lelmiszer-t\u00e1rol\u00f3 z\u00f3n\u00e1k k\u00f6r\u00fcl.<\/li>\n<li><strong>\u00d6bl\u00edt\u00e9s <\/strong>: A norm\u00e1l tiszt\u00edt\u00e1shoz nincs sz\u00fcks\u00e9g \u00f6bl\u00edt\u00e9sre. Az \u00e9lelmiszerekkel k\u00f6zvetlen\u00fcl \u00e9rintkez\u0151 fel\u00fcletek eset\u00e9ben azonban nedves ruh\u00e1val t\u00f6r\u00f6lje \u00e1t a marad\u00e9kok teljes elt\u00e1vol\u00edt\u00e1sa \u00e9rdek\u00e9ben.<\/li>\n<li><strong>Sz\u00e1r\u00edt\u00e1s \u00e9s befejez\u00e9s <\/strong>: Azonnal sz\u00e1r\u00edtsa meg egy tiszta \u00e9s sz\u00e1raz ruh\u00e1val, miel\u0151tt visszahelyezn\u00e9 az \u00e9lelmiszereket \u00e9s sz\u00fcks\u00e9g eset\u00e9n \u00fajra csatlakoztatn\u00e1 a k\u00e9sz\u00fcl\u00e9ket.<\/li>\n<li><strong>Haszn\u00e1lat gyakoris\u00e1ga <\/strong>: Haszn\u00e1lja hetente egyszer a rutinszer\u0171 karbantart\u00e1shoz, \u00e9s havonta 1-2 alkalommal a m\u00e9lytiszt\u00edt\u00e1shoz. A rendszeres haszn\u00e1lat seg\u00edt a t\u00f6k\u00e9letes higi\u00e9nia biztos\u00edt\u00e1s\u00e1ban, \u00e9s megakad\u00e1lyozza a bakt\u00e9riumok \u00e9s szagok felhalmoz\u00f3d\u00e1s\u00e1t.<\/li>\n<li><strong>T\u00e1rol\u00e1s <\/strong>: Minden haszn\u00e1lat ut\u00e1n z\u00e1rja le szorosan a tart\u00e1lyt, \u00e9s a hossz\u00fa t\u00e1v\u00fa hat\u00e9konys\u00e1g meg\u0151rz\u00e9se \u00e9rdek\u00e9ben t\u00e1rolja h\u0171v\u00f6s, sz\u00e1raz, f\u00e9nyt\u0151l \u00e9s sz\u00e9ls\u0151s\u00e9ges h\u0151m\u00e9rs\u00e9klett\u0151l v\u00e9dett helyen.<\/li>\n<\/ul>\n<p>H\u0171t\u0151szekr\u00e9ny- \u00e9s fagyaszt\u00f3szekr\u00e9ny-tiszt\u00edt\u00f3szer\u00fcnkkel \u00e9lvezheti k\u00e9sz\u00fcl\u00e9kei tart\u00f3s frissess\u00e9g\u00e9t \u00e9s kifog\u00e1stalan higi\u00e9ni\u00e1j\u00e1t. Hat\u00e9kony, biztons\u00e1gos \u00e9s praktikus megold\u00e1s az \u00e9lelmiszerek min\u0151s\u00e9g\u00e9nek meg\u0151rz\u00e9s\u00e9re \u00e9s a berendez\u00e9sek \u00e9lettartam\u00e1nak meghosszabb\u00edt\u00e1s\u00e1ra.<\/p>","protected":false},"excerpt":{"rendered":"<p>Optimal Effectiveness.\u00a0This refrigerator and freezer cleaner is specially formulated to effectively remove food residues, stains, grease deposits, and bad odors that accumulate over time. Thanks to its powerful formula, it degreases, disinfects, and neutralizes bacteria while respecting surfaces in contact with food. It ensures perfect hygiene and helps preserve the freshness of your food by [&hellip;]<\/p>\n","protected":false},"featured_media":36320,"comment_status":"open","ping_status":"closed","template":"","meta":{"_uag_custom_page_level_css":"","site-sidebar-layout":"default","site-content-layout":"","ast-site-content-layout":"default","site-content-style":"default","site-sidebar-style":"default","ast-global-header-display":"","ast-banner-title-visibility":"","ast-main-header-display":"","ast-hfb-above-header-display":"","ast-hfb-below-header-display":"","ast-hfb-mobile-header-display":"","site-post-title":"","ast-breadcrumbs-content":"","ast-featured-img":"","footer-sml-layout":"","ast-disable-related-posts":"","theme-transparent-header-meta":"default","adv-header-id-meta":"","stick-header-meta":"","header-above-stick-meta":"","header-main-stick-meta":"","header-below-stick-meta":"","astra-migrate-meta-layouts":"set","ast-page-background-enabled":"default","ast-page-background-meta":{"desktop":{"background-color":"var(--ast-global-color-4)","background-image":"","background-repeat":"repeat","background-position":"center center","background-size":"auto","background-attachment":"scroll","background-type":"","background-media":"","overlay-type":"","overlay-color":"","overlay-opacity":"","overlay-gradient":""},"tablet":{"background-color":"","background-image":"","background-repeat":"repeat","background-position":"center center","background-size":"auto","background-attachment":"scroll","background-type":"","background-media":"","overlay-type":"","overlay-color":"","overlay-opacity":"","overlay-gradient":""},"mobile":{"background-color":"","background-image":"","background-repeat":"repeat","background-position":"center center","background-size":"auto","background-attachment":"scroll","background-type":"","background-media":"","overlay-type":"","overlay-color":"","overlay-opacity":"","overlay-gradient":""}},"ast-content-background-meta":{"desktop":{"background-color":"var(--ast-global-color-5)","background-image":"","background-repeat":"repeat","background-position":"center center","background-size":"auto","background-attachment":"scroll","background-type":"","background-media":"","overlay-type":"","overlay-color":"","overlay-opacity":"","overlay-gradient":""},"tablet":{"background-color":"var(--ast-global-color-5)","background-image":"","background-repeat":"repeat","background-position":"center center","background-size":"auto","background-attachment":"scroll","background-type":"","background-media":"","overlay-type":"","overlay-color":"","overlay-opacity":"","overlay-gradient":""},"mobile":{"background-color":"var(--ast-global-color-5)","background-image":"","background-repeat":"repeat","background-position":"center center","background-size":"auto","background-attachment":"scroll","background-type":"","background-media":"","overlay-type":"","overlay-color":"","overlay-opacity":"","overlay-gradient":""}}},"product_brand":[],"product_cat":[175],"product_tag":[],"class_list":{"0":"post-23470","1":"product","2":"type-product","3":"status-publish","4":"has-post-thumbnail","6":"product_cat-cleaning-products","7":"desktop-align-left","8":"tablet-align-left","9":"mobile-align-left","11":"first","12":"instock","13":"sale","14":"taxable","15":"shipping-taxable","16":"purchasable","17":"product-type-variable","18":"has-default-attributes"},"spectra_custom_meta":{"_visibility":["visible"],"_shopify_product_id":["9102408450293"],"_s2w_shopify_domain":["ferberpainting.myshopify.com"],"_shopify_variant_id":["46616214044917"],"_sku":[""],"_manage_stock":["no"],"total_sales":["7"],"_tax_status":["taxable"],"_tax_class":[""],"_backorders":["no"],"_sold_individually":["no"],"_virtual":["no"],"_downloadable":["no"],"_download_limit":["-1"],"_download_expiry":["-1"],"_stock":[null],"_stock_status":["instock"],"_wc_average_rating":["5.00"],"_wc_review_count":["11"],"_product_attributes":["a:1:{s:6:\"volume\";a:6:{s:4:\"name\";s:6:\"Volume\";s:5:\"value\";s:20:\"5 liters | 25 liters\";s:8:\"position\";i:1;s:10:\"is_visible\";i:0;s:12:\"is_variation\";i:1;s:11:\"is_taxonomy\";i:0;}}"],"_product_version":["10.5.1"],"wpse_downloadable_file_names":[""],"wpse_downloadable_file_urls":[""],"_edit_last":["1"],"_default_attributes":["a:1:{s:6:\"volume\";s:8:\"5 liters\";}"],"_edit_lock":["1771161249:1"],"_price":["29.90","129.90"],"merchant-center-availability":["yes"],"merchant-center-category":["4973"],"_thumbnail_id":["36320"],"_wp_page_template":["default"],"_wp_old_date":["2025-05-26"],"_product_image_gallery":["36321"],"site-sidebar-layout":["default"],"ast-site-content-layout":["default"],"site-content-style":["default"],"site-sidebar-style":["default"],"theme-transparent-header-meta":["default"],"_wc_rating_count":["a:1:{i:5;i:11;}"],"astra-migrate-meta-layouts":["set"],"_uag_css_file_name":["uag-css-23470.css"],"_elementor_page_assets":["a:0:{}"],"_uag_page_assets":["a:9:{s:3:\"css\";s:7133:\".uag-blocks-common-selector{z-index:var(--z-index-desktop) !important}@media(max-width: 976px){.uag-blocks-common-selector{z-index:var(--z-index-tablet) !important}}@media(max-width: 767px){.uag-blocks-common-selector{z-index:var(--z-index-mobile) !important}}.wp-block-uagb-image{display:flex}.wp-block-uagb-image__figure{position:relative;display:flex;flex-direction:column;max-width:100%;height:auto;margin:0}.wp-block-uagb-image__figure img{height:auto;display:flex;max-width:100%;transition:box-shadow .2s ease}.wp-block-uagb-image__figure>a{display:inline-block}.wp-block-uagb-image__figure figcaption{text-align:center;margin-top:.5em;margin-bottom:1em}.wp-block-uagb-image .components-placeholder.block-editor-media-placeholder .components-placeholder__instructions{align-self:center}.wp-block-uagb-image--align-left{text-align:left}.wp-block-uagb-image--align-right{text-align:right}.wp-block-uagb-image--align-center{text-align:center}.wp-block-uagb-image--align-full .wp-block-uagb-image__figure{margin-left:calc(50% - 50vw);margin-right:calc(50% - 50vw);max-width:100vw;width:100vw;height:auto}.wp-block-uagb-image--align-full .wp-block-uagb-image__figure img{height:auto;width:100% !important}.wp-block-uagb-image--align-wide .wp-block-uagb-image__figure img{height:auto;width:100%}.wp-block-uagb-image--layout-overlay__color-wrapper{position:absolute;left:0;top:0;right:0;bottom:0;opacity:.2;background:rgba(0,0,0,.5);transition:opacity .35s ease-in-out}.wp-block-uagb-image--layout-overlay-link{position:absolute;left:0;right:0;bottom:0;top:0}.wp-block-uagb-image--layout-overlay .wp-block-uagb-image__figure:hover .wp-block-uagb-image--layout-overlay__color-wrapper{opacity:1}.wp-block-uagb-image--layout-overlay__inner{position:absolute;left:15px;right:15px;bottom:15px;top:15px;display:flex;align-items:center;justify-content:center;flex-direction:column;border-color:#fff;transition:.35s ease-in-out}.wp-block-uagb-image--layout-overlay__inner.top-left,.wp-block-uagb-image--layout-overlay__inner.top-center,.wp-block-uagb-image--layout-overlay__inner.top-right{justify-content:flex-start}.wp-block-uagb-image--layout-overlay__inner.bottom-left,.wp-block-uagb-image--layout-overlay__inner.bottom-center,.wp-block-uagb-image--layout-overlay__inner.bottom-right{justify-content:flex-end}.wp-block-uagb-image--layout-overlay__inner.top-left,.wp-block-uagb-image--layout-overlay__inner.center-left,.wp-block-uagb-image--layout-overlay__inner.bottom-left{align-items:flex-start}.wp-block-uagb-image--layout-overlay__inner.top-right,.wp-block-uagb-image--layout-overlay__inner.center-right,.wp-block-uagb-image--layout-overlay__inner.bottom-right{align-items:flex-end}.wp-block-uagb-image--layout-overlay__inner .uagb-image-heading{color:#fff;transition:transform .35s,opacity .35s ease-in-out;transform:translate3d(0, 24px, 0);margin:0;line-height:1em}.wp-block-uagb-image--layout-overlay__inner .uagb-image-separator{width:30%;border-top-width:2px;border-top-color:#fff;border-top-style:solid;margin-bottom:10px;opacity:0;transition:transform .4s,opacity .4s ease-in-out;transform:translate3d(0, 30px, 0)}.wp-block-uagb-image--layout-overlay__inner .uagb-image-caption{opacity:0;overflow:visible;color:#fff;transition:transform .45s,opacity .45s ease-in-out;transform:translate3d(0, 35px, 0)}.wp-block-uagb-image--layout-overlay__inner:hover .uagb-image-heading,.wp-block-uagb-image--layout-overlay__inner:hover .uagb-image-separator,.wp-block-uagb-image--layout-overlay__inner:hover .uagb-image-caption{opacity:1;transform:translate3d(0, 0, 0)}.wp-block-uagb-image--effect-zoomin .wp-block-uagb-image__figure img,.wp-block-uagb-image--effect-zoomin .wp-block-uagb-image__figure .wp-block-uagb-image--layout-overlay__color-wrapper{transform:scale(1);transition:transform .35s ease-in-out}.wp-block-uagb-image--effect-zoomin .wp-block-uagb-image__figure:hover img,.wp-block-uagb-image--effect-zoomin .wp-block-uagb-image__figure:hover .wp-block-uagb-image--layout-overlay__color-wrapper{transform:scale(1.05)}.wp-block-uagb-image--effect-slide .wp-block-uagb-image__figure img,.wp-block-uagb-image--effect-slide .wp-block-uagb-image__figure .wp-block-uagb-image--layout-overlay__color-wrapper{width:calc(100% + 40px) !important;max-width:none !important;transform:translate3d(-40px, 0, 0);transition:transform .35s ease-in-out}.wp-block-uagb-image--effect-slide .wp-block-uagb-image__figure:hover img,.wp-block-uagb-image--effect-slide .wp-block-uagb-image__figure:hover .wp-block-uagb-image--layout-overlay__color-wrapper{transform:translate3d(0, 0, 0)}.wp-block-uagb-image--effect-grayscale img{filter:grayscale(0%);transition:.35s ease-in-out}.wp-block-uagb-image--effect-grayscale:hover img{filter:grayscale(100%)}.wp-block-uagb-image--effect-blur img{filter:blur(0);transition:.35s ease-in-out}.wp-block-uagb-image--effect-blur:hover img{filter:blur(3px)}.uagb-block-e6f939b3.wp-block-uagb-image--layout-default figure img{box-shadow: 0px 0px 0 #00000070;}.uagb-block-e6f939b3.wp-block-uagb-image .wp-block-uagb-image__figure figcaption{font-style: normal;align-self: center;}.uagb-block-e6f939b3.wp-block-uagb-image--layout-overlay figure img{box-shadow: 0px 0px 0 #00000070;}.uagb-block-e6f939b3.wp-block-uagb-image--layout-overlay .wp-block-uagb-image--layout-overlay__color-wrapper{opacity: 0.2;}.uagb-block-e6f939b3.wp-block-uagb-image--layout-overlay .wp-block-uagb-image--layout-overlay__inner{left: 15px;right: 15px;top: 15px;bottom: 15px;}.uagb-block-e6f939b3.wp-block-uagb-image--layout-overlay .wp-block-uagb-image--layout-overlay__inner .uagb-image-heading{font-style: normal;color: #fff;opacity: 1;}.uagb-block-e6f939b3.wp-block-uagb-image--layout-overlay .wp-block-uagb-image--layout-overlay__inner .uagb-image-heading a{color: #fff;}.uagb-block-e6f939b3.wp-block-uagb-image--layout-overlay .wp-block-uagb-image--layout-overlay__inner .uagb-image-caption{opacity: 0;}.uagb-block-e6f939b3.wp-block-uagb-image--layout-overlay .wp-block-uagb-image__figure:hover .wp-block-uagb-image--layout-overlay__color-wrapper{opacity: 1;}.uagb-block-e6f939b3.wp-block-uagb-image .wp-block-uagb-image--layout-overlay__inner .uagb-image-separator{width: 30%;border-top-width: 2px;border-top-color: #fff;opacity: 0;}.uagb-block-e6f939b3.wp-block-uagb-image .wp-block-uagb-image__figure img{width: px;height: auto;}.uagb-block-e6f939b3.wp-block-uagb-image .wp-block-uagb-image__figure:hover .wp-block-uagb-image--layout-overlay__inner .uagb-image-caption{opacity: 1;}.uagb-block-e6f939b3.wp-block-uagb-image .wp-block-uagb-image__figure:hover .wp-block-uagb-image--layout-overlay__inner .uagb-image-separator{opacity: 1;}.uagb-block-e6f939b3.wp-block-uagb-image--layout-default figure:hover img{box-shadow: 0px 0px 0 #00000070;}.uagb-block-e6f939b3.wp-block-uagb-image--layout-overlay figure:hover img{box-shadow: 0px 0px 0 #00000070;}@media only screen and (max-width: 976px) {.uagb-block-e6f939b3.wp-block-uagb-image .wp-block-uagb-image__figure img{width: px;height: auto;}}@media only screen and (max-width: 767px) {.uagb-block-e6f939b3.wp-block-uagb-image .wp-block-uagb-image__figure img{width: px;height: auto;}}\";s:2:\"js\";s:0:\"\";s:18:\"current_block_list\";a:13:{i:0;s:11:\"core\/search\";i:1;s:10:\"core\/group\";i:2;s:12:\"core\/heading\";i:3;s:17:\"core\/latest-posts\";i:4;s:20:\"core\/latest-comments\";i:5;s:13:\"core\/archives\";i:6;s:15:\"core\/categories\";i:7;s:14:\"core\/paragraph\";i:8;s:10:\"uagb\/image\";i:9;s:11:\"core\/spacer\";i:10;s:30:\"woocommerce\/product-categories\";i:11;s:10:\"core\/image\";i:12;s:14:\"core\/shortcode\";}s:8:\"uag_flag\";b:1;s:11:\"uag_version\";s:10:\"1777205739\";s:6:\"gfonts\";a:0:{}s:10:\"gfonts_url\";s:0:\"\";s:12:\"gfonts_files\";a:0:{}s:14:\"uag_faq_layout\";b:0;}"]},"uagb_featured_image_src":{"full":["https:\/\/www.ferberpainting.com\/wp-content\/uploads\/2025\/05\/Fridge-and-Freezer-Cleaner-5L.png",2560,2560,false],"thumbnail":["https:\/\/www.ferberpainting.com\/wp-content\/uploads\/2025\/05\/Fridge-and-Freezer-Cleaner-5L-150x150.png",150,150,true],"medium":["https:\/\/www.ferberpainting.com\/wp-content\/uploads\/2025\/05\/Fridge-and-Freezer-Cleaner-5L-300x300.png",300,300,true],"medium_large":["https:\/\/www.ferberpainting.com\/wp-content\/uploads\/2025\/05\/Fridge-and-Freezer-Cleaner-5L-768x768.png",768,768,true],"large":["https:\/\/www.ferberpainting.com\/wp-content\/uploads\/2025\/05\/Fridge-and-Freezer-Cleaner-5L-1024x1024.png",1024,1024,true],"1536x1536":["https:\/\/www.ferberpainting.com\/wp-content\/uploads\/2025\/05\/Fridge-and-Freezer-Cleaner-5L-1536x1536.png",1536,1536,true],"2048x2048":["https:\/\/www.ferberpainting.com\/wp-content\/uploads\/2025\/05\/Fridge-and-Freezer-Cleaner-5L-2048x2048.png",2048,2048,true],"trp-custom-language-flag":["https:\/\/www.ferberpainting.com\/wp-content\/uploads\/2025\/05\/Fridge-and-Freezer-Cleaner-5L-12x12.png",12,12,true],"woocommerce_thumbnail":["https:\/\/www.ferberpainting.com\/wp-content\/uploads\/2025\/05\/Fridge-and-Freezer-Cleaner-5L-300x300.png",300,300,true],"woocommerce_single":["https:\/\/www.ferberpainting.com\/wp-content\/uploads\/2025\/05\/Fridge-and-Freezer-Cleaner-5L-600x600.png",600,600,true],"woocommerce_gallery_thumbnail":["https:\/\/www.ferberpainting.com\/wp-content\/uploads\/2025\/05\/Fridge-and-Freezer-Cleaner-5L-100x100.png",100,100,true]},"uagb_author_info":{"display_name":"admin","author_link":"https:\/\/www.ferberpainting.com\/hu\/author\/"},"uagb_comment_info":11,"uagb_excerpt":"Optimal Effectiveness.\u00a0This refrigerator and freezer cleaner is specially formulated to effectively remove food residues, stains, grease deposits, and bad odors that accumulate over time. Thanks to its powerful formula, it degreases, disinfects, and neutralizes bacteria while respecting surfaces in contact with food. It ensures perfect hygiene and helps preserve the freshness of your food by&hellip;","_links":{"self":[{"href":"https:\/\/www.ferberpainting.com\/hu\/wp-json\/wp\/v2\/product\/23470","targetHints":{"allow":["GET"]}}],"collection":[{"href":"https:\/\/www.ferberpainting.com\/hu\/wp-json\/wp\/v2\/product"}],"about":[{"href":"https:\/\/www.ferberpainting.com\/hu\/wp-json\/wp\/v2\/types\/product"}],"replies":[{"embeddable":true,"href":"https:\/\/www.ferberpainting.com\/hu\/wp-json\/wp\/v2\/comments?post=23470"}],"version-history":[{"count":5,"href":"https:\/\/www.ferberpainting.com\/hu\/wp-json\/wp\/v2\/product\/23470\/revisions"}],"predecessor-version":[{"id":166167,"href":"https:\/\/www.ferberpainting.com\/hu\/wp-json\/wp\/v2\/product\/23470\/revisions\/166167"}],"wp:featuredmedia":[{"embeddable":true,"href":"https:\/\/www.ferberpainting.com\/hu\/wp-json\/wp\/v2\/media\/36320"}],"wp:attachment":[{"href":"https:\/\/www.ferberpainting.com\/hu\/wp-json\/wp\/v2\/media?parent=23470"}],"wp:term":[{"taxonomy":"product_brand","embeddable":true,"href":"https:\/\/www.ferberpainting.com\/hu\/wp-json\/wp\/v2\/product_brand?post=23470"},{"taxonomy":"product_cat","embeddable":true,"href":"https:\/\/www.ferberpainting.com\/hu\/wp-json\/wp\/v2\/product_cat?post=23470"},{"taxonomy":"product_tag","embeddable":true,"href":"https:\/\/www.ferberpainting.com\/hu\/wp-json\/wp\/v2\/product_tag?post=23470"}],"curies":[{"name":"wp","href":"https:\/\/api.w.org\/{rel}","templated":true}]}}