{"id":23468,"date":"2025-05-26T10:24:16","date_gmt":"2025-05-26T08:24:16","guid":{"rendered":"https:\/\/www.ferberpainting.com\/products\/fly-killer-500-baits\/"},"modified":"2026-02-15T14:14:28","modified_gmt":"2026-02-15T13:14:28","slug":"fly-killer-500-baits","status":"publish","type":"product","link":"https:\/\/www.ferberpainting.com\/hu\/products\/fly-killer-500-baits\/","title":{"rendered":"L\u00e9gyirt\u00f3 spray"},"content":{"rendered":"<p><img decoding=\"async\" style=\"margin-right: 12px;\" src=\"https:\/\/www.ferberpainting.com\/wp-content\/uploads\/2026\/02\/Check.svg\" alt=\"\" width=\"18\" height=\"15\" \/><strong>Egyetlen nagy teljes\u00edtm\u00e9ny\u0171 1 literes flakonnal ak\u00e1r 10 000 legyet is elpuszt\u00edthat.<\/strong> L\u00e9gyirt\u00f3nkat kifejezetten a nagy l\u00e9gypopul\u00e1ci\u00f3k gyors \u00e9s hat\u00e9kony kiirt\u00e1s\u00e1ra fejlesztett\u00fck ki, egy liter ak\u00e1r 10 000 l\u00e9gy elpuszt\u00edt\u00e1s\u00e1ra is alkalmas. Ak\u00e1r szezon\u00e1lis fert\u0151z\u00e9sr\u0151l, ak\u00e1r mez\u0151gazdas\u00e1gi k\u00f6rnyezetr\u0151l, rakt\u00e1rakr\u00f3l, konyh\u00e1kr\u00f3l, teraszokr\u00f3l vagy lak\u00f3ter\u00fcletekr\u0151l van sz\u00f3, ez a nagy kapacit\u00e1s\u00fa formula gyors \u00e9s hat\u00e1rozott fell\u00e9p\u00e9st biztos\u00edt a higi\u00e9nia \u00e9s a k\u00e9nyelem helyre\u00e1ll\u00edt\u00e1sa \u00e9rdek\u00e9ben.<\/p>\n<p><strong><img decoding=\"async\" style=\"margin-right: 12px;\" src=\"https:\/\/www.ferberpainting.com\/wp-content\/uploads\/2026\/02\/Check.svg\" alt=\"\" width=\"18\" height=\"15\" \/>A leghat\u00e9konyabb l\u00e9gyirt\u00f3 megold\u00e1s a piacon.<\/strong> A fejlett hat\u00f3anyagokkal kifejlesztett term\u00e9k azonnali, \u00e9rintkez\u00e9skor t\u00f6rt\u00e9n\u0151 ki\u00fct\u00e9st biztos\u00edt, mik\u00f6zben maradand\u00f3 fel\u00fcletv\u00e9delmet is ny\u00fajt. K\u00f6zvetlen\u00fcl a legyeket c\u00e9lozza meg, \u00e9s cs\u00f6kkenti a kezelt ter\u00fcleteken a folyamatos aktivit\u00e1st, kiv\u00e1l\u00f3 teljes\u00edtm\u00e9nyt ny\u00fajtva az egyszer\u0171 aeroszolokhoz vagy r\u00f6vid hat\u00e1s\u00fa permetszerekhez k\u00e9pest.<\/p>\n<p><strong><img decoding=\"async\" style=\"margin-right: 12px;\" src=\"https:\/\/www.ferberpainting.com\/wp-content\/uploads\/2026\/02\/Check.svg\" alt=\"\" width=\"18\" height=\"15\" \/>P\u00e9nzvisszafizet\u00e9si garancia a teljes lelki nyugalom\u00e9rt.<\/strong> Teljes m\u00e9rt\u00e9kben ki\u00e1llunk l\u00e9gy\u00f6l\u0151ink teljes\u00edtm\u00e9nye m\u00f6g\u00f6tt. Ha nem teljesen el\u00e9gedett az eredm\u00e9nnyel, visszat\u00e9r\u00edtj\u00fck a v\u00e9tel\u00e1rat. P\u00e9nzvisszafizet\u00e9si garanci\u00e1nk biztos\u00edtja, hogy befektet\u00e9se teljesen kock\u00e1zatmentes legyen, \u00e9s bizony\u00edtja a term\u00e9k hat\u00e9konys\u00e1g\u00e1ba vetett bizalmunkat.<\/p>\n<p><strong><img decoding=\"async\" style=\"margin-right: 12px;\" src=\"https:\/\/www.ferberpainting.com\/wp-content\/uploads\/2026\/02\/Check.svg\" alt=\"\" width=\"18\" height=\"15\" \/>Az el\u00e9rhet\u0151 legolcs\u00f3bb nagy teljes\u00edtm\u00e9ny\u0171 l\u00e9gyirt\u00f3.<\/strong> A professzion\u00e1lis k\u00e1rtev\u0151irt\u00e1snak nem kell dr\u00e1g\u00e1nak lennie. L\u00e9gyirt\u00f3nk a piacon el\u00e9rhet\u0151 legversenyk\u00e9pesebb \u00e1rakkal kombin\u00e1lja az er\u0151teljes irt\u00e1si kapacit\u00e1st, kiv\u00e9teles \u00e9rt\u00e9ket k\u00edn\u00e1lva a h\u00e1ztulajdonosok, v\u00e1llalkoz\u00e1sok, gazdas\u00e1gok \u00e9s ipari l\u00e9tes\u00edtm\u00e9nyek sz\u00e1m\u00e1ra.<\/p>\n<p><strong><img decoding=\"async\" style=\"margin-right: 12px;\" src=\"https:\/\/www.ferberpainting.com\/wp-content\/uploads\/2026\/02\/Check.svg\" alt=\"\" width=\"18\" height=\"15\" \/>Gyors 24 \u00f3r\u00e1s sz\u00e1ll\u00edt\u00e1s s\u00fcrg\u0151s fert\u0151z\u00e9sek eset\u00e9n.<\/strong> A l\u00e9gyfert\u0151z\u00e9s gyorsan elhatalmasodhat, k\u00fcl\u00f6n\u00f6sen meleg k\u00f6r\u00fclm\u00e9nyek k\u00f6z\u00f6tt. Ez\u00e9rt biztos\u00edtunk megb\u00edzhat\u00f3, 24 \u00f3r\u00e1s kisz\u00e1ll\u00edt\u00e1st, amely biztos\u00edtja, hogy \u00d6n gyorsan megkapja a term\u00e9ket, \u00edgy azonnal cselekedni tud, \u00e9s megel\u0151zheti a tov\u00e1bbi kellemetlens\u00e9geket.<\/p>\n<p><strong><img decoding=\"async\" style=\"margin-right: 12px;\" src=\"https:\/\/www.ferberpainting.com\/wp-content\/uploads\/2026\/02\/Check.svg\" alt=\"\" width=\"18\" height=\"15\" \/>Gyors \u00e9rintkez\u00e9si hat\u00e1s, hosszan tart\u00f3 maradv\u00e1nyhat\u00e1ssal.<\/strong> A formula azonnal, \u00e9rintkez\u00e9skor elpuszt\u00edtja a legyeket, \u00e9s v\u00e9d\u0151r\u00e9teget hagy a kezelt fel\u00fcleteken. Ez a marad\u00e9k g\u00e1t tov\u00e1bbra is hat a kezelt ter\u00fcletekre lesz\u00e1ll\u00f3 legyekkel szemben, cs\u00f6kkentve az \u00fajrafert\u0151z\u0151d\u00e9s kock\u00e1zat\u00e1t \u00e9s meghosszabb\u00edtva a v\u00e9delmet.<\/p>\n<p><strong><img decoding=\"async\" style=\"margin-right: 12px;\" src=\"https:\/\/www.ferberpainting.com\/wp-content\/uploads\/2026\/02\/Check.svg\" alt=\"\" width=\"18\" height=\"15\" \/>Alkalmas belt\u00e9ri \u00e9s k\u00fclt\u00e9ri haszn\u00e1latra.<\/strong> Ez a l\u00e9gyirt\u00f3 alkalmazhat\u00f3 otthonokban, \u00e9ttermekben, rakt\u00e1rakban, gazdas\u00e1gokban, \u00e1llattart\u00f3 helyeken, szem\u00e9tgy\u0171jt\u0151 z\u00f3n\u00e1kban, teraszokon \u00e9s k\u00fclt\u00e9ri terekben. Sokoldal\u00fas\u00e1g\u00e1nak k\u00f6sz\u00f6nhet\u0151en ide\u00e1lis a lakoss\u00e1gi, kereskedelmi, mez\u0151gazdas\u00e1gi \u00e9s ipari alkalmaz\u00e1sokhoz.<\/p>\n<p><strong><img decoding=\"async\" style=\"margin-right: 12px;\" src=\"https:\/\/www.ferberpainting.com\/wp-content\/uploads\/2026\/02\/Check.svg\" alt=\"\" width=\"18\" height=\"15\" \/>Seg\u00edt a higi\u00e9nia \u00e9s a k\u00e9nyelem jav\u00edt\u00e1s\u00e1ban.<\/strong> A term\u00e9k a legyek elt\u00e1vol\u00edt\u00e1s\u00e1val cs\u00f6kkenti a szennyez\u0151d\u00e9s kock\u00e1zat\u00e1t, \u00e9s jav\u00edtja az \u00e9lelmiszer-el\u0151k\u00e9sz\u00edt\u0151 helyis\u00e9gek, a rakt\u00e1rhelyis\u00e9gek \u00e9s a lak\u00f3k\u00f6rnyezet higi\u00e9niai k\u00f6r\u00fclm\u00e9nyeit. Hozz\u00e1j\u00e1rul a tiszt\u00e1bb, eg\u00e9szs\u00e9gesebb l\u00e9gk\u00f6rh\u00f6z.<\/p>\n<p><strong><img decoding=\"async\" style=\"margin-right: 12px;\" src=\"https:\/\/www.ferberpainting.com\/wp-content\/uploads\/2026\/02\/Check.svg\" alt=\"\" width=\"18\" height=\"15\" \/>Nagy lefedetts\u00e9gi kapacit\u00e1s a nagy hat\u00e9konys\u00e1g\u00fa kezel\u00e9shez.<\/strong> Mivel ez a term\u00e9k literenk\u00e9nt ak\u00e1r 10 000 l\u00e9gy elpuszt\u00edt\u00e1s\u00e1ra is k\u00e9pes, nagy mennyis\u00e9g\u0171 teljes\u00edtm\u00e9nyre tervezt\u00e9k. Lehet\u0151v\u00e9 teszi nagy terek hat\u00e9kony kezel\u00e9s\u00e9t an\u00e9lk\u00fcl, hogy ism\u00e9telt kis d\u00f3zis\u00fa alkalmaz\u00e1sokra lenne sz\u00fcks\u00e9g.<\/p>\n<p><strong><img decoding=\"async\" style=\"margin-right: 12px;\" src=\"https:\/\/www.ferberpainting.com\/wp-content\/uploads\/2026\/02\/Check.svg\" alt=\"\" width=\"18\" height=\"15\" \/>K\u00f6nnyen haszn\u00e1lhat\u00f3 spray form\u00e1tum a pontos c\u00e9lz\u00e1shoz.<\/strong> A haszn\u00e1latra k\u00e9sz folyad\u00e9kot k\u00f6zvetlen\u00fcl a legyek pihen\u0151helyeire, a bejut\u00e1si pontokra \u00e9s azokra a fel\u00fcletekre lehet kijuttatni, ahol a legyek \u00f6sszegy\u0171lnek. Ellen\u0151rz\u00f6tt alkalmaz\u00e1si rendszere biztos\u00edtja a pontos \u00e9s hat\u00e9kony eloszlat\u00e1st bonyolult el\u0151k\u00e9sz\u00edt\u00e9s n\u00e9lk\u00fcl.<\/p>\n<h2><strong>Utas\u00edt\u00e1sok<\/strong><\/h2>\n<ul>\n<li>Haszn\u00e1lat el\u0151tt alaposan r\u00e1zza fel a flakont a hat\u00f3anyagok megfelel\u0151 eloszl\u00e1s\u00e1nak biztos\u00edt\u00e1sa \u00e9rdek\u00e9ben.<\/li>\n<li>Hat\u00e1rozza meg a nagy l\u00e9gyaktivit\u00e1s\u00fa ter\u00fcleteket, p\u00e9ld\u00e1ul az ablakokat, ajt\u00f3kat, szem\u00e9tgy\u0171jt\u0151 helyeket, \u00e1llattart\u00f3 helyeket \u00e9s az \u00e9lelmiszert\u00e1rol\u00f3 z\u00f3n\u00e1kat.<\/li>\n<li>K\u00f6zvetlen\u00fcl a legyekre f\u00fajja az azonnali irt\u00e1s \u00e9rdek\u00e9ben.<\/li>\n<li>K\u00f6nny\u0171 \u00e9s egyenletes permetez\u00e9ssel permetezze be azokat a fel\u00fcleteket, ahol a legyek megpihennek, p\u00e9ld\u00e1ul falakat, kereteket \u00e9s v\u00e9dett helyeket.<\/li>\n<li>Ker\u00fclje a t\u00falzott tel\u00edtetts\u00e9get, \u00e9s tartsa be a fel\u00fclet m\u00e9ret\u00e9n alapul\u00f3 aj\u00e1nlott alkalmaz\u00e1si ir\u00e1nyelveket.<\/li>\n<li>Belt\u00e9ri haszn\u00e1lat eset\u00e9n gondoskodjon a megfelel\u0151 szell\u0151z\u00e9sr\u0151l.<\/li>\n<li>Tartsa t\u00e1vol a gyermekeket \u00e9s a h\u00e1zi\u00e1llatokat a kezelt ter\u00fcletekt\u0151l, am\u00edg a fel\u00fcletek teljesen meg nem sz\u00e1radnak.<\/li>\n<li>Ker\u00fclje a k\u00f6zvetlen permetez\u00e9st \u00e9lelmiszerre, \u00e9lelmiszer-el\u0151k\u00e9sz\u00edt\u0151 fel\u00fcletekre vagy eszk\u00f6z\u00f6kre. Alkalmaz\u00e1s el\u0151tt fedje le vagy t\u00e1vol\u00edtsa el az \u00e9lelmiszereket.<\/li>\n<li>Sz\u00fcks\u00e9g eset\u00e9n ism\u00e9telje meg a kezel\u00e9st s\u00falyos fert\u0151z\u00e9s vagy folyamatos l\u00e9gytev\u00e9kenys\u00e9g eset\u00e9n.<\/li>\n<li>Haszn\u00e1lat ut\u00e1n alaposan mosson kezet, \u00e9s ker\u00fclje a szemmel \u00e9s b\u0151rrel val\u00f3 \u00e9rintkez\u00e9st.<\/li>\n<li>A term\u00e9ket h\u0171v\u00f6s, sz\u00e1raz helyen, k\u00f6zvetlen napf\u00e9nyt\u0151l \u00e9s h\u0151forr\u00e1st\u00f3l v\u00e9dett helyen t\u00e1rolja. Haszn\u00e1laton k\u00edv\u00fcl tartsa szorosan z\u00e1rva a tart\u00e1lyt.<\/li>\n<\/ul>","protected":false},"excerpt":{"rendered":"<p>Eliminate up to 10,000 flies with one powerful 1-liter bottle. Our fly killer is specially formulated to eradicate large fly populations quickly and efficiently, with one liter capable of killing up to 10,000 flies. Whether you are dealing with seasonal infestations, agricultural environments, warehouses, kitchens, terraces, or residential spaces, this high-capacity formula delivers rapid and [&hellip;]<\/p>\n","protected":false},"featured_media":29946,"comment_status":"open","ping_status":"closed","template":"","meta":{"_uag_custom_page_level_css":"","site-sidebar-layout":"default","site-content-layout":"","ast-site-content-layout":"default","site-content-style":"default","site-sidebar-style":"default","ast-global-header-display":"","ast-banner-title-visibility":"","ast-main-header-display":"","ast-hfb-above-header-display":"","ast-hfb-below-header-display":"","ast-hfb-mobile-header-display":"","site-post-title":"","ast-breadcrumbs-content":"","ast-featured-img":"","footer-sml-layout":"","ast-disable-related-posts":"","theme-transparent-header-meta":"default","adv-header-id-meta":"","stick-header-meta":"","header-above-stick-meta":"","header-main-stick-meta":"","header-below-stick-meta":"","astra-migrate-meta-layouts":"set","ast-page-background-enabled":"default","ast-page-background-meta":{"desktop":{"background-color":"var(--ast-global-color-4)","background-image":"","background-repeat":"repeat","background-position":"center center","background-size":"auto","background-attachment":"scroll","background-type":"","background-media":"","overlay-type":"","overlay-color":"","overlay-opacity":"","overlay-gradient":""},"tablet":{"background-color":"","background-image":"","background-repeat":"repeat","background-position":"center center","background-size":"auto","background-attachment":"scroll","background-type":"","background-media":"","overlay-type":"","overlay-color":"","overlay-opacity":"","overlay-gradient":""},"mobile":{"background-color":"","background-image":"","background-repeat":"repeat","background-position":"center center","background-size":"auto","background-attachment":"scroll","background-type":"","background-media":"","overlay-type":"","overlay-color":"","overlay-opacity":"","overlay-gradient":""}},"ast-content-background-meta":{"desktop":{"background-color":"var(--ast-global-color-5)","background-image":"","background-repeat":"repeat","background-position":"center center","background-size":"auto","background-attachment":"scroll","background-type":"","background-media":"","overlay-type":"","overlay-color":"","overlay-opacity":"","overlay-gradient":""},"tablet":{"background-color":"var(--ast-global-color-5)","background-image":"","background-repeat":"repeat","background-position":"center center","background-size":"auto","background-attachment":"scroll","background-type":"","background-media":"","overlay-type":"","overlay-color":"","overlay-opacity":"","overlay-gradient":""},"mobile":{"background-color":"var(--ast-global-color-5)","background-image":"","background-repeat":"repeat","background-position":"center center","background-size":"auto","background-attachment":"scroll","background-type":"","background-media":"","overlay-type":"","overlay-color":"","overlay-opacity":"","overlay-gradient":""}}},"product_brand":[],"product_cat":[183],"product_tag":[],"class_list":{"0":"post-23468","1":"product","2":"type-product","3":"status-publish","4":"has-post-thumbnail","6":"product_cat-pest-control","7":"desktop-align-left","8":"tablet-align-left","9":"mobile-align-left","11":"first","12":"instock","13":"sale","14":"taxable","15":"shipping-taxable","16":"purchasable","17":"product-type-variable","18":"has-default-attributes"},"spectra_custom_meta":{"_visibility":["visible"],"_shopify_product_id":["7960925307125"],"_s2w_shopify_domain":["ferberpainting.myshopify.com"],"_shopify_variant_id":["43530325655797"],"_weight":["0.2"],"_thumbnail_id":["29946"],"total_sales":["64"],"_tax_status":["taxable"],"_tax_class":[""],"_manage_stock":["no"],"_backorders":["no"],"_sold_individually":["no"],"_virtual":["no"],"_downloadable":["no"],"_download_limit":["-1"],"_download_expiry":["-1"],"_stock":[null],"_stock_status":["instock"],"_wc_average_rating":["4.83"],"_wc_review_count":["60"],"_product_version":["10.5.1"],"merchant-center-availability":["yes"],"merchant-center-category":["7137"],"merchant-center-id":["FLYK"],"wpse_downloadable_file_names":[""],"wpse_downloadable_file_urls":[""],"_edit_last":["1"],"_wc_rating_count":["a:3:{i:3;i:1;i:4;i:8;i:5;i:51;}"],"_edit_lock":["1771161151:1"],"_product_attributes":["a:1:{s:6:\"volume\";a:6:{s:4:\"name\";s:6:\"Volume\";s:5:\"value\";s:30:\"1 liter | 5 liters | 25 liters\";s:8:\"position\";i:0;s:10:\"is_visible\";i:0;s:12:\"is_variation\";i:1;s:11:\"is_taxonomy\";i:0;}}"],"_default_attributes":["a:1:{s:6:\"volume\";s:7:\"1 liter\";}"],"_wp_page_template":["default"],"_product_image_gallery":["29947,29948"],"site-sidebar-layout":["default"],"ast-site-content-layout":["default"],"site-content-style":["default"],"site-sidebar-style":["default"],"theme-transparent-header-meta":["default"],"_price":["29.90","129.90","499.90"],"astra-migrate-meta-layouts":["set"],"_uag_css_file_name":["uag-css-23468.css"],"_elementor_page_assets":["a:0:{}"],"_uag_page_assets":["a:9:{s:3:\"css\";s:7133:\".uag-blocks-common-selector{z-index:var(--z-index-desktop) !important}@media(max-width: 976px){.uag-blocks-common-selector{z-index:var(--z-index-tablet) !important}}@media(max-width: 767px){.uag-blocks-common-selector{z-index:var(--z-index-mobile) !important}}.wp-block-uagb-image{display:flex}.wp-block-uagb-image__figure{position:relative;display:flex;flex-direction:column;max-width:100%;height:auto;margin:0}.wp-block-uagb-image__figure img{height:auto;display:flex;max-width:100%;transition:box-shadow .2s ease}.wp-block-uagb-image__figure>a{display:inline-block}.wp-block-uagb-image__figure figcaption{text-align:center;margin-top:.5em;margin-bottom:1em}.wp-block-uagb-image .components-placeholder.block-editor-media-placeholder .components-placeholder__instructions{align-self:center}.wp-block-uagb-image--align-left{text-align:left}.wp-block-uagb-image--align-right{text-align:right}.wp-block-uagb-image--align-center{text-align:center}.wp-block-uagb-image--align-full .wp-block-uagb-image__figure{margin-left:calc(50% - 50vw);margin-right:calc(50% - 50vw);max-width:100vw;width:100vw;height:auto}.wp-block-uagb-image--align-full .wp-block-uagb-image__figure img{height:auto;width:100% !important}.wp-block-uagb-image--align-wide .wp-block-uagb-image__figure img{height:auto;width:100%}.wp-block-uagb-image--layout-overlay__color-wrapper{position:absolute;left:0;top:0;right:0;bottom:0;opacity:.2;background:rgba(0,0,0,.5);transition:opacity .35s ease-in-out}.wp-block-uagb-image--layout-overlay-link{position:absolute;left:0;right:0;bottom:0;top:0}.wp-block-uagb-image--layout-overlay .wp-block-uagb-image__figure:hover .wp-block-uagb-image--layout-overlay__color-wrapper{opacity:1}.wp-block-uagb-image--layout-overlay__inner{position:absolute;left:15px;right:15px;bottom:15px;top:15px;display:flex;align-items:center;justify-content:center;flex-direction:column;border-color:#fff;transition:.35s ease-in-out}.wp-block-uagb-image--layout-overlay__inner.top-left,.wp-block-uagb-image--layout-overlay__inner.top-center,.wp-block-uagb-image--layout-overlay__inner.top-right{justify-content:flex-start}.wp-block-uagb-image--layout-overlay__inner.bottom-left,.wp-block-uagb-image--layout-overlay__inner.bottom-center,.wp-block-uagb-image--layout-overlay__inner.bottom-right{justify-content:flex-end}.wp-block-uagb-image--layout-overlay__inner.top-left,.wp-block-uagb-image--layout-overlay__inner.center-left,.wp-block-uagb-image--layout-overlay__inner.bottom-left{align-items:flex-start}.wp-block-uagb-image--layout-overlay__inner.top-right,.wp-block-uagb-image--layout-overlay__inner.center-right,.wp-block-uagb-image--layout-overlay__inner.bottom-right{align-items:flex-end}.wp-block-uagb-image--layout-overlay__inner .uagb-image-heading{color:#fff;transition:transform .35s,opacity .35s ease-in-out;transform:translate3d(0, 24px, 0);margin:0;line-height:1em}.wp-block-uagb-image--layout-overlay__inner .uagb-image-separator{width:30%;border-top-width:2px;border-top-color:#fff;border-top-style:solid;margin-bottom:10px;opacity:0;transition:transform .4s,opacity .4s ease-in-out;transform:translate3d(0, 30px, 0)}.wp-block-uagb-image--layout-overlay__inner .uagb-image-caption{opacity:0;overflow:visible;color:#fff;transition:transform .45s,opacity .45s ease-in-out;transform:translate3d(0, 35px, 0)}.wp-block-uagb-image--layout-overlay__inner:hover .uagb-image-heading,.wp-block-uagb-image--layout-overlay__inner:hover .uagb-image-separator,.wp-block-uagb-image--layout-overlay__inner:hover .uagb-image-caption{opacity:1;transform:translate3d(0, 0, 0)}.wp-block-uagb-image--effect-zoomin .wp-block-uagb-image__figure img,.wp-block-uagb-image--effect-zoomin .wp-block-uagb-image__figure .wp-block-uagb-image--layout-overlay__color-wrapper{transform:scale(1);transition:transform .35s ease-in-out}.wp-block-uagb-image--effect-zoomin .wp-block-uagb-image__figure:hover img,.wp-block-uagb-image--effect-zoomin .wp-block-uagb-image__figure:hover .wp-block-uagb-image--layout-overlay__color-wrapper{transform:scale(1.05)}.wp-block-uagb-image--effect-slide .wp-block-uagb-image__figure img,.wp-block-uagb-image--effect-slide .wp-block-uagb-image__figure .wp-block-uagb-image--layout-overlay__color-wrapper{width:calc(100% + 40px) !important;max-width:none !important;transform:translate3d(-40px, 0, 0);transition:transform .35s ease-in-out}.wp-block-uagb-image--effect-slide .wp-block-uagb-image__figure:hover img,.wp-block-uagb-image--effect-slide .wp-block-uagb-image__figure:hover .wp-block-uagb-image--layout-overlay__color-wrapper{transform:translate3d(0, 0, 0)}.wp-block-uagb-image--effect-grayscale img{filter:grayscale(0%);transition:.35s ease-in-out}.wp-block-uagb-image--effect-grayscale:hover img{filter:grayscale(100%)}.wp-block-uagb-image--effect-blur img{filter:blur(0);transition:.35s ease-in-out}.wp-block-uagb-image--effect-blur:hover img{filter:blur(3px)}.uagb-block-e6f939b3.wp-block-uagb-image--layout-default figure img{box-shadow: 0px 0px 0 #00000070;}.uagb-block-e6f939b3.wp-block-uagb-image .wp-block-uagb-image__figure figcaption{font-style: normal;align-self: center;}.uagb-block-e6f939b3.wp-block-uagb-image--layout-overlay figure img{box-shadow: 0px 0px 0 #00000070;}.uagb-block-e6f939b3.wp-block-uagb-image--layout-overlay .wp-block-uagb-image--layout-overlay__color-wrapper{opacity: 0.2;}.uagb-block-e6f939b3.wp-block-uagb-image--layout-overlay .wp-block-uagb-image--layout-overlay__inner{left: 15px;right: 15px;top: 15px;bottom: 15px;}.uagb-block-e6f939b3.wp-block-uagb-image--layout-overlay .wp-block-uagb-image--layout-overlay__inner .uagb-image-heading{font-style: normal;color: #fff;opacity: 1;}.uagb-block-e6f939b3.wp-block-uagb-image--layout-overlay .wp-block-uagb-image--layout-overlay__inner .uagb-image-heading a{color: #fff;}.uagb-block-e6f939b3.wp-block-uagb-image--layout-overlay .wp-block-uagb-image--layout-overlay__inner .uagb-image-caption{opacity: 0;}.uagb-block-e6f939b3.wp-block-uagb-image--layout-overlay .wp-block-uagb-image__figure:hover .wp-block-uagb-image--layout-overlay__color-wrapper{opacity: 1;}.uagb-block-e6f939b3.wp-block-uagb-image .wp-block-uagb-image--layout-overlay__inner .uagb-image-separator{width: 30%;border-top-width: 2px;border-top-color: #fff;opacity: 0;}.uagb-block-e6f939b3.wp-block-uagb-image .wp-block-uagb-image__figure img{width: px;height: auto;}.uagb-block-e6f939b3.wp-block-uagb-image .wp-block-uagb-image__figure:hover .wp-block-uagb-image--layout-overlay__inner .uagb-image-caption{opacity: 1;}.uagb-block-e6f939b3.wp-block-uagb-image .wp-block-uagb-image__figure:hover .wp-block-uagb-image--layout-overlay__inner .uagb-image-separator{opacity: 1;}.uagb-block-e6f939b3.wp-block-uagb-image--layout-default figure:hover img{box-shadow: 0px 0px 0 #00000070;}.uagb-block-e6f939b3.wp-block-uagb-image--layout-overlay figure:hover img{box-shadow: 0px 0px 0 #00000070;}@media only screen and (max-width: 976px) {.uagb-block-e6f939b3.wp-block-uagb-image .wp-block-uagb-image__figure img{width: px;height: auto;}}@media only screen and (max-width: 767px) {.uagb-block-e6f939b3.wp-block-uagb-image .wp-block-uagb-image__figure img{width: px;height: auto;}}\";s:2:\"js\";s:0:\"\";s:18:\"current_block_list\";a:13:{i:0;s:11:\"core\/search\";i:1;s:10:\"core\/group\";i:2;s:12:\"core\/heading\";i:3;s:17:\"core\/latest-posts\";i:4;s:20:\"core\/latest-comments\";i:5;s:13:\"core\/archives\";i:6;s:15:\"core\/categories\";i:7;s:14:\"core\/paragraph\";i:8;s:10:\"uagb\/image\";i:9;s:11:\"core\/spacer\";i:10;s:30:\"woocommerce\/product-categories\";i:11;s:10:\"core\/image\";i:12;s:14:\"core\/shortcode\";}s:8:\"uag_flag\";b:1;s:11:\"uag_version\";s:10:\"1777361871\";s:6:\"gfonts\";a:0:{}s:10:\"gfonts_url\";s:0:\"\";s:12:\"gfonts_files\";a:0:{}s:14:\"uag_faq_layout\";b:0;}"]},"uagb_featured_image_src":{"full":["https:\/\/www.ferberpainting.com\/wp-content\/uploads\/2025\/05\/Fly-Killer-1L-.png",2560,2560,false],"thumbnail":["https:\/\/www.ferberpainting.com\/wp-content\/uploads\/2025\/05\/Fly-Killer-1L--150x150.png",150,150,true],"medium":["https:\/\/www.ferberpainting.com\/wp-content\/uploads\/2025\/05\/Fly-Killer-1L--300x300.png",300,300,true],"medium_large":["https:\/\/www.ferberpainting.com\/wp-content\/uploads\/2025\/05\/Fly-Killer-1L--768x768.png",768,768,true],"large":["https:\/\/www.ferberpainting.com\/wp-content\/uploads\/2025\/05\/Fly-Killer-1L--1024x1024.png",1024,1024,true],"1536x1536":["https:\/\/www.ferberpainting.com\/wp-content\/uploads\/2025\/05\/Fly-Killer-1L--1536x1536.png",1536,1536,true],"2048x2048":["https:\/\/www.ferberpainting.com\/wp-content\/uploads\/2025\/05\/Fly-Killer-1L--2048x2048.png",2048,2048,true],"trp-custom-language-flag":["https:\/\/www.ferberpainting.com\/wp-content\/uploads\/2025\/05\/Fly-Killer-1L--12x12.png",12,12,true],"woocommerce_thumbnail":["https:\/\/www.ferberpainting.com\/wp-content\/uploads\/2025\/05\/Fly-Killer-1L--300x300.png",300,300,true],"woocommerce_single":["https:\/\/www.ferberpainting.com\/wp-content\/uploads\/2025\/05\/Fly-Killer-1L--600x600.png",600,600,true],"woocommerce_gallery_thumbnail":["https:\/\/www.ferberpainting.com\/wp-content\/uploads\/2025\/05\/Fly-Killer-1L--100x100.png",100,100,true]},"uagb_author_info":{"display_name":"admin","author_link":"https:\/\/www.ferberpainting.com\/hu\/author\/"},"uagb_comment_info":60,"uagb_excerpt":"Eliminate up to 10,000 flies with one powerful 1-liter bottle. Our fly killer is specially formulated to eradicate large fly populations quickly and efficiently, with one liter capable of killing up to 10,000 flies. Whether you are dealing with seasonal infestations, agricultural environments, warehouses, kitchens, terraces, or residential spaces, this high-capacity formula delivers rapid and&hellip;","_links":{"self":[{"href":"https:\/\/www.ferberpainting.com\/hu\/wp-json\/wp\/v2\/product\/23468","targetHints":{"allow":["GET"]}}],"collection":[{"href":"https:\/\/www.ferberpainting.com\/hu\/wp-json\/wp\/v2\/product"}],"about":[{"href":"https:\/\/www.ferberpainting.com\/hu\/wp-json\/wp\/v2\/types\/product"}],"replies":[{"embeddable":true,"href":"https:\/\/www.ferberpainting.com\/hu\/wp-json\/wp\/v2\/comments?post=23468"}],"version-history":[{"count":5,"href":"https:\/\/www.ferberpainting.com\/hu\/wp-json\/wp\/v2\/product\/23468\/revisions"}],"predecessor-version":[{"id":166166,"href":"https:\/\/www.ferberpainting.com\/hu\/wp-json\/wp\/v2\/product\/23468\/revisions\/166166"}],"wp:featuredmedia":[{"embeddable":true,"href":"https:\/\/www.ferberpainting.com\/hu\/wp-json\/wp\/v2\/media\/29946"}],"wp:attachment":[{"href":"https:\/\/www.ferberpainting.com\/hu\/wp-json\/wp\/v2\/media?parent=23468"}],"wp:term":[{"taxonomy":"product_brand","embeddable":true,"href":"https:\/\/www.ferberpainting.com\/hu\/wp-json\/wp\/v2\/product_brand?post=23468"},{"taxonomy":"product_cat","embeddable":true,"href":"https:\/\/www.ferberpainting.com\/hu\/wp-json\/wp\/v2\/product_cat?post=23468"},{"taxonomy":"product_tag","embeddable":true,"href":"https:\/\/www.ferberpainting.com\/hu\/wp-json\/wp\/v2\/product_tag?post=23468"}],"curies":[{"name":"wp","href":"https:\/\/api.w.org\/{rel}","templated":true}]}}