{"id":23459,"date":"2025-07-01T13:23:26","date_gmt":"2025-07-01T11:23:26","guid":{"rendered":"https:\/\/www.ferberpainting.com\/?post_type=product&#038;p=23456"},"modified":"2026-02-15T14:12:30","modified_gmt":"2026-02-15T13:12:30","slug":"floor-water-repellent","status":"publish","type":"product","link":"https:\/\/www.ferberpainting.com\/hu\/products\/floor-water-repellent\/","title":{"rendered":"V\u00edzleperget\u0151 padl\u00f3kezel\u0151 szer"},"content":{"rendered":"<p><img decoding=\"async\" style=\"margin-right: 12px;\" src=\"https:\/\/www.ferberpainting.com\/wp-content\/uploads\/2026\/02\/Check.svg\" alt=\"\" width=\"18\" height=\"15\" \/><strong>P\u00e1ratartalom elleni v\u00e9delem.<\/strong>\u00a0A padl\u00f3 v\u00edzszigetel\u0151 egy speci\u00e1lisan a fel\u00fcletek v\u00edz \u00e9s nedvess\u00e9g besziv\u00e1rg\u00e1sa elleni v\u00e9delm\u00e9re kifejlesztett term\u00e9k. Ez a kezel\u00e9s ide\u00e1lis k\u00fcls\u0151 \u00e9s bels\u0151 padl\u00f3khoz egyar\u00e1nt, k\u00fcl\u00f6n\u00f6sen azokhoz, amelyek zord id\u0151j\u00e1r\u00e1snak vagy magas p\u00e1ratartalomnak vannak kit\u00e9ve, mint p\u00e9ld\u00e1ul teraszok, erk\u00e9lyek, pinc\u00e9k vagy gar\u00e1zsok. A v\u00edzszigetel\u0151 felhord\u00e1s\u00e1val l\u00e1thatatlan g\u00e1tat hoz l\u00e9tre, amely megakad\u00e1lyozza a v\u00edz behatol\u00e1s\u00e1t, mik\u00f6zben meg\u0151rzi az anyag l\u00e9g\u00e1tereszt\u0151 k\u00e9pess\u00e9g\u00e9t, \u00edgy biztos\u00edtva a padl\u00f3 hossz\u00fa \u00e9lettartam\u00e1t.<\/p>\n<p><img decoding=\"async\" style=\"margin-right: 12px;\" src=\"https:\/\/www.ferberpainting.com\/wp-content\/uploads\/2026\/02\/Check.svg\" alt=\"\" width=\"18\" height=\"15\" \/><strong>P\u00e9nzvisszafizet\u00e9si garancia.<\/strong>\u00a0Teljesen biztosak vagyunk a padl\u00f3 v\u00edzszigetel\u0151nk hat\u00e9konys\u00e1g\u00e1ban. Ez\u00e9rt ny\u00fajtunk el\u00e9gedetts\u00e9gi vagy visszat\u00e9r\u00edt\u00e9si garanci\u00e1t. Ha nem teljesen el\u00e9gedett az eredm\u00e9nnyel, k\u00e9rheti a teljes visszat\u00e9r\u00edt\u00e9st. Ez lehet\u0151v\u00e9 teszi, hogy kock\u00e1zat n\u00e9lk\u00fcl kipr\u00f3b\u00e1lja a term\u00e9ket, azzal a bizonyoss\u00e1ggal, hogy nem vesz\u00edti el a befektet\u00e9s\u00e9t, ha az eredm\u00e9nyek nem felelnek meg az elv\u00e1r\u00e1sainak.<\/p>\n<p><img decoding=\"async\" style=\"margin-right: 12px;\" src=\"https:\/\/www.ferberpainting.com\/wp-content\/uploads\/2026\/02\/Check.svg\" alt=\"\" width=\"18\" height=\"15\" \/><strong>K\u00fcl\u00f6nb\u00f6z\u0151 padl\u00f3t\u00edpusokkal kompatibilis.<\/strong>\u00a0A padl\u00f3 v\u00edzszigetel\u0151 egy sokoldal\u00fa term\u00e9k, amely a padl\u00f3anyagok sz\u00e9les sk\u00e1l\u00e1j\u00e1n m\u0171k\u00f6dik, p\u00e9ld\u00e1ul beton, cement, csempe, j\u00e1r\u00f3lap, j\u00e1r\u00f3lap, habarcs \u00e9s m\u00e9g term\u00e9szetes k\u0151padl\u00f3kon is. A padl\u00f3 t\u00edpus\u00e1t\u00f3l f\u00fcggetlen\u00fcl ez a term\u00e9k hat\u00e9kony v\u00e9delmet garant\u00e1l a nedvess\u00e9g, a v\u00edz besziv\u00e1rg\u00e1sa \u00e9s a foltok ellen. Ez\u00e9rt ide\u00e1lis megold\u00e1s sz\u00e1mos fel\u00faj\u00edt\u00e1si vagy \u00e9p\u00edt\u00e9si projekthez.<\/p>\n<p><img decoding=\"async\" style=\"margin-right: 12px;\" src=\"https:\/\/www.ferberpainting.com\/wp-content\/uploads\/2026\/02\/Check.svg\" alt=\"\" width=\"18\" height=\"15\" \/><strong>Gazdas\u00e1gos teljes\u00edtm\u00e9ny.<\/strong>\u00a0Ez a term\u00e9k kiv\u00e1l\u00f3 gazdas\u00e1gi \u00e9rt\u00e9ket biztos\u00edt. \u00c1tlagosan egy liter padl\u00f3t\u00f6m\u00edt\u0151szer 8-12 m\u00b2-t fed le, a kezelend\u0151 fel\u00fclet porozit\u00e1s\u00e1t\u00f3l f\u00fcgg\u0151en. Ez azt jelenti, hogy egy 5 literes tart\u00e1ly 40 \u00e9s 60 m\u00b2 k\u00f6z\u00f6tti ter\u00fcletet k\u00e9pes lefedni, \u00edgy k\u00f6lts\u00e9ghat\u00e9kony megold\u00e1s nagy ter\u00fcletek kezel\u00e9s\u00e9re. Viszonylag kis mennyis\u00e9g\u0171 term\u00e9kkel nagy ter\u00fcleteket kezelhet, ami cs\u00f6kkenti a hossz\u00fa t\u00e1v\u00fa k\u00f6lts\u00e9geket.<\/p>\n<p><img decoding=\"async\" style=\"margin-right: 12px;\" src=\"https:\/\/www.ferberpainting.com\/wp-content\/uploads\/2026\/02\/Check.svg\" alt=\"\" width=\"18\" height=\"15\" \/><strong>Nem m\u00e9rgez\u0151.<\/strong>\u00a0A padl\u00f3 v\u00edzszigetel\u0151t \u00fagy tervezt\u00e9k, hogy biztons\u00e1gos legyen a k\u00f6rnyezetre \u00e9s az eg\u00e9szs\u00e9gre n\u00e9zve. Nem tartalmaz m\u00e9rgez\u0151 anyagokat vagy vesz\u00e9lyes vegyi anyagokat, \u00edgy k\u00fcl\u00f6n\u00f6sen alkalmas belt\u00e9ri \u00e9s k\u00fclt\u00e9ri haszn\u00e1latra egyar\u00e1nt. A term\u00e9ket magabiztosan \u00e9s biztons\u00e1gosan alkalmazhatja, an\u00e9lk\u00fcl, hogy agg\u00f3dnia kellene a lak\u00f3- vagy munkater\u00fclet\u00e9n l\u00e9v\u0151 k\u00e1ros f\u00fcst\u00f6k miatt.<\/p>\n<p><img decoding=\"async\" style=\"margin-right: 12px;\" src=\"https:\/\/www.ferberpainting.com\/wp-content\/uploads\/2026\/02\/Check.svg\" alt=\"\" width=\"18\" height=\"15\" \/><strong>K\u00f6nnyen alkalmazhat\u00f3.<\/strong>\u00a0Ez a term\u00e9k haszn\u00e1latra k\u00e9sz, \u00e9s nem ig\u00e9nyel h\u00edg\u00edt\u00e1st. Alkalmaz\u00e1sa egyszer\u0171 \u00e9s gyors. Csak permetezze le, vagy ecsettel vagy hengerrel egyenletesen ter\u00edtse el a fel\u00fcleten. Foly\u00e9kony text\u00far\u00e1ja lehet\u0151v\u00e9 teszi, hogy m\u00e9lyen behatoljon az anyagok p\u00f3rusaiba, \u00edgy k\u00f6nnyed\u00e9n biztos\u00edtja a hat\u00e9kony v\u00e9delmet. A term\u00e9k alkalmaz\u00e1s\u00e1hoz nem kell szakembernek lennie, \u00edgy mindenki sz\u00e1m\u00e1ra el\u00e9rhet\u0151v\u00e9 v\u00e1lik.<\/p>\n<p><img decoding=\"async\" style=\"margin-right: 12px;\" src=\"https:\/\/www.ferberpainting.com\/wp-content\/uploads\/2026\/02\/Check.svg\" alt=\"\" width=\"18\" height=\"15\" \/><strong>Tart\u00f3s v\u00e9delem.<\/strong>\u00a0A felhord\u00e1s ut\u00e1n a padl\u00f3 v\u00edzszigetel\u0151 anyag olyan v\u00e9d\u0151g\u00e1tat hoz l\u00e9tre, amely id\u0151vel ellen\u00e1ll a v\u00edz besziv\u00e1rg\u00e1s\u00e1nak, a foltoknak \u00e9s a szennyez\u0151d\u00e9seknek. Ez a v\u00e9delem a haszn\u00e1latt\u00f3l \u00e9s a fel\u00fclet expoz\u00edci\u00f3j\u00e1t\u00f3l f\u00fcgg\u0151en t\u00f6bb \u00e9vig is eltarthat. A padl\u00f3ra t\u00f6rt\u00e9n\u0151 felhord\u00e1s\u00e1val meghosszabb\u00edtja a padl\u00f3 \u00e9lettartam\u00e1t, \u00e9s cs\u00f6kkenti a nedvess\u00e9g okozta k\u00e1rosod\u00e1s kock\u00e1zat\u00e1t. A v\u00edzszigetel\u0151 a fagy\u00e1si\/olvad\u00e1si ciklusok k\u00e1ros hat\u00e1sai ellen is v\u00e9delmet ny\u00fajt.<\/p>\n<p><img decoding=\"async\" style=\"margin-right: 12px;\" src=\"https:\/\/www.ferberpainting.com\/wp-content\/uploads\/2026\/02\/Check.svg\" alt=\"\" width=\"18\" height=\"15\" \/><strong>Gyors sz\u00e1rad\u00e1s.<\/strong>\u00a0A padl\u00f3 v\u00edzszigetel\u0151 anyag kiemelkedik gyors felhord\u00e1si \u00e9s sz\u00e1rad\u00e1si idej\u00e9vel. Mind\u00f6ssze 1-2 \u00f3ra alatt a term\u00e9k tapint\u00e1sra megsz\u00e1rad, \u00edgy \u00d6n gyorsan folytathatja tev\u00e9kenys\u00e9g\u00e9t. Az optim\u00e1lis v\u00e9delem \u00e9rdek\u00e9ben aj\u00e1nlott 24 \u00f3r\u00e1n \u00e1t hagyni a term\u00e9ket teljesen megsz\u00e1radni, miel\u0151tt a padl\u00f3t nedvess\u00e9gnek vagy id\u0151j\u00e1r\u00e1snak tenn\u00e9 ki. Ez a gyors hat\u00e1s ide\u00e1lis s\u00fcrg\u0151s projektekhez vagy olyan munk\u00e1khoz, amelyek minim\u00e1lis \u00e1ll\u00e1sid\u0151t ig\u00e9nyelnek.<\/p>\n<h2><strong>Haszn\u00e1lati protokoll<\/strong><\/h2>\n<ul>\n<li><strong>Fel\u00fclet el\u0151k\u00e9sz\u00edt\u00e9se <\/strong>: A padl\u00f3 v\u00edzszigetel\u0151 anyag felhord\u00e1sa el\u0151tt gy\u0151z\u0151dj\u00f6n meg arr\u00f3l, hogy a fel\u00fclet tiszta, sz\u00e1raz \u00e9s mentes a szennyez\u0151d\u00e9sekt\u0151l, port\u00f3l, pen\u00e9szt\u0151l vagy fest\u00e9kmaradv\u00e1nyokt\u00f3l. Ha a fel\u00fclet nagyon piszkos, tiszt\u00edtsa meg enyhe tiszt\u00edt\u00f3szerrel \u00e9s v\u00edzzel, majd hagyja teljesen megsz\u00e1radni a term\u00e9k felvitele el\u0151tt. Ha a padl\u00f3n reped\u00e9sek vagy lyukak vannak, aj\u00e1nlott ezeket a felhord\u00e1s megkezd\u00e9se el\u0151tt kijav\u00edtani.<\/li>\n<li><strong>Term\u00e9k alkalmaz\u00e1sa <\/strong>: A padl\u00f3 v\u00edzszigetel\u0151 k\u00e9sz, \u00e9s nem ig\u00e9nyel h\u00edg\u00edt\u00e1st. A ter\u00fclet m\u00e9ret\u00e9t\u0151l f\u00fcgg\u0151en permetez\u0151vel, ecsettel vagy hengerrel lehet felhordani. \u00dcgyeljen arra, hogy a teljes fel\u00fcletet egyenletesen fedje be, hogy elker\u00fclje a v\u00e9dtelen z\u00f3n\u00e1kat. Vigyen fel egy k\u00f6nny\u0171 els\u0151 r\u00e9teget, hagyja megsz\u00e1radni, majd a maxim\u00e1lis v\u00e9delem \u00e9rdek\u00e9ben vigyen fel egy m\u00e1sodik r\u00e9teget.<\/li>\n<li><strong>Felhaszn\u00e1land\u00f3 mennyis\u00e9g <\/strong>: Egy liter term\u00e9k \u00e1tlagosan 8-12 m\u00b2 ter\u00fcletet fed le, a padl\u00f3 porozit\u00e1s\u00e1t\u00f3l f\u00fcgg\u0151en. Ha egy r\u00e9teget \u00e9s egy m\u00e1sodik r\u00e9teget visz fel ugyanarra a fel\u00fcletre, akkor a teljes sz\u00fcks\u00e9ges term\u00e9kmennyis\u00e9get megdupl\u00e1zza. Egy 5 literes tart\u00e1ly 40 \u00e9s 60 m\u00b2 k\u00f6z\u00f6tti ter\u00fcletet fed le, a felhord\u00e1s vastags\u00e1g\u00e1t\u00f3l \u00e9s az anyag text\u00far\u00e1j\u00e1t\u00f3l f\u00fcgg\u0151en.<\/li>\n<li><strong>Sz\u00e1rad\u00e1si id\u0151 <\/strong>: A felhord\u00e1s ut\u00e1n a padl\u00f3 v\u00edzszigetel\u0151 anyag 1-2 \u00f3r\u00e1n bel\u00fcl megsz\u00e1rad. A teljes v\u00e9delem biztos\u00edt\u00e1sa \u00e9rdek\u00e9ben azonban aj\u00e1nlott 24 \u00f3r\u00e1t v\u00e1rni, miel\u0151tt a padl\u00f3t nedvess\u00e9gnek tenn\u00e9 ki, vagy a szok\u00e1sos m\u00f3don haszn\u00e1ln\u00e1. Ez a v\u00e1rakoz\u00e1si id\u0151 lehet\u0151v\u00e9 teszi, hogy a term\u00e9k megfelel\u0151en megszil\u00e1rduljon \u00e9s tart\u00f3s v\u00edz\u00e1ll\u00f3 g\u00e1tat k\u00e9pezzen.<\/li>\n<li><strong>\u00dajb\u00f3li alkalmaz\u00e1s <\/strong>: Az id\u0151j\u00e1r\u00e1si viszonyokt\u00f3l \u00e9s a kezelt fel\u00fcletek kop\u00e1s\u00e1t\u00f3l f\u00fcgg\u0151en 3-5 \u00e9vente sz\u00fcks\u00e9g lehet a padl\u00f3 v\u00edzszigetel\u0151 anyag \u00fajb\u00f3li alkalmaz\u00e1s\u00e1ra a hat\u00e9konys\u00e1g fenntart\u00e1sa \u00e9rdek\u00e9ben. Ha a fel\u00fclet szennyez\u0151dik vagy kezdi elvesz\u00edteni a v\u00e9delm\u00e9t, egy \u00faj r\u00e9teg k\u00f6nnyen felhordhat\u00f3 tov\u00e1bbi el\u0151k\u00e9sz\u00edt\u00e9s n\u00e9lk\u00fcl, felt\u00e9ve, hogy a padl\u00f3 tiszta \u00e9s sz\u00e1raz.<\/li>\n<li><strong>Karbantart\u00e1s <\/strong>: A v\u00edzszigetel\u0151 anyag felhord\u00e1sa ut\u00e1n aj\u00e1nlott a kezelt padl\u00f3t rendszeresen tiszt\u00edtani tiszta v\u00edzzel \u00e9s puha sepr\u0171vel vagy felmos\u00f3val. Ker\u00fclje a csiszol\u00f3 hat\u00e1s\u00fa tiszt\u00edt\u00f3szereket vagy old\u00f3szereket, amelyek k\u00e1ros\u00edthatj\u00e1k a v\u00e9d\u0151r\u00e9teget. Az egyszer\u0171 \u00e9s rendszeres karbantart\u00e1s seg\u00edt meghosszabb\u00edtani a term\u00e9k hat\u00e9konys\u00e1g\u00e1t, \u00e9s biztos\u00edtja, hogy a padl\u00f3 kiv\u00e1l\u00f3 \u00e1llapotban maradjon.<\/li>\n<\/ul>","protected":false},"excerpt":{"rendered":"<p>Humidity protection.\u00a0The floor waterproofer is a specially formulated product to protect surfaces against water and moisture infiltration. This treatment is ideal for both exterior and interior floors, especially those exposed to harsh weather or high humidity, such as terraces, balconies, basements or garages. By applying the waterproofer, you create an invisible barrier that prevents water [&hellip;]<\/p>\n","protected":false},"featured_media":36367,"comment_status":"open","ping_status":"closed","template":"","meta":{"_uag_custom_page_level_css":"","site-sidebar-layout":"default","site-content-layout":"","ast-site-content-layout":"default","site-content-style":"default","site-sidebar-style":"default","ast-global-header-display":"","ast-banner-title-visibility":"","ast-main-header-display":"","ast-hfb-above-header-display":"","ast-hfb-below-header-display":"","ast-hfb-mobile-header-display":"","site-post-title":"","ast-breadcrumbs-content":"","ast-featured-img":"","footer-sml-layout":"","ast-disable-related-posts":"","theme-transparent-header-meta":"default","adv-header-id-meta":"","stick-header-meta":"","header-above-stick-meta":"","header-main-stick-meta":"","header-below-stick-meta":"","astra-migrate-meta-layouts":"set","ast-page-background-enabled":"default","ast-page-background-meta":{"desktop":{"background-color":"var(--ast-global-color-4)","background-image":"","background-repeat":"repeat","background-position":"center center","background-size":"auto","background-attachment":"scroll","background-type":"","background-media":"","overlay-type":"","overlay-color":"","overlay-opacity":"","overlay-gradient":""},"tablet":{"background-color":"","background-image":"","background-repeat":"repeat","background-position":"center center","background-size":"auto","background-attachment":"scroll","background-type":"","background-media":"","overlay-type":"","overlay-color":"","overlay-opacity":"","overlay-gradient":""},"mobile":{"background-color":"","background-image":"","background-repeat":"repeat","background-position":"center center","background-size":"auto","background-attachment":"scroll","background-type":"","background-media":"","overlay-type":"","overlay-color":"","overlay-opacity":"","overlay-gradient":""}},"ast-content-background-meta":{"desktop":{"background-color":"var(--ast-global-color-5)","background-image":"","background-repeat":"repeat","background-position":"center center","background-size":"auto","background-attachment":"scroll","background-type":"","background-media":"","overlay-type":"","overlay-color":"","overlay-opacity":"","overlay-gradient":""},"tablet":{"background-color":"var(--ast-global-color-5)","background-image":"","background-repeat":"repeat","background-position":"center center","background-size":"auto","background-attachment":"scroll","background-type":"","background-media":"","overlay-type":"","overlay-color":"","overlay-opacity":"","overlay-gradient":""},"mobile":{"background-color":"var(--ast-global-color-5)","background-image":"","background-repeat":"repeat","background-position":"center center","background-size":"auto","background-attachment":"scroll","background-type":"","background-media":"","overlay-type":"","overlay-color":"","overlay-opacity":"","overlay-gradient":""}}},"product_brand":[],"product_cat":[191],"product_tag":[],"class_list":{"0":"post-23459","1":"product","2":"type-product","3":"status-publish","4":"has-post-thumbnail","6":"product_cat-water-repellent","7":"desktop-align-left","8":"tablet-align-left","9":"mobile-align-left","11":"first","12":"instock","13":"sale","14":"taxable","15":"shipping-taxable","16":"purchasable","17":"product-type-variable","18":"has-default-attributes"},"spectra_custom_meta":{"_visibility":["visible"],"_shopify_product_id":["9106661114101"],"_s2w_shopify_domain":["ferberpainting.myshopify.com"],"_shopify_variant_id":["46626423603445"],"_sku":[""],"_manage_stock":["no"],"total_sales":["22"],"_tax_status":["taxable"],"_tax_class":[""],"_backorders":["no"],"_sold_individually":["no"],"_virtual":["no"],"_downloadable":["no"],"_download_limit":["-1"],"_download_expiry":["-1"],"_stock":[null],"_stock_status":["instock"],"_wc_average_rating":["5.00"],"_wc_review_count":["40"],"_product_attributes":["a:1:{s:6:\"volume\";a:6:{s:4:\"name\";s:6:\"Volume\";s:5:\"value\";s:20:\"5 liters | 25 liters\";s:8:\"position\";i:1;s:10:\"is_visible\";i:0;s:12:\"is_variation\";i:1;s:11:\"is_taxonomy\";i:0;}}"],"_product_version":["10.5.1"],"wpse_downloadable_file_names":[""],"wpse_downloadable_file_urls":[""],"_edit_last":["1"],"_default_attributes":["a:1:{s:6:\"volume\";s:8:\"5 liters\";}"],"_edit_lock":["1771161013:1"],"merchant-center-availability":["yes"],"merchant-center-category":["503738"],"_price":["29.90","129.90"],"_thumbnail_id":["36367"],"_wp_page_template":["default"],"_wp_old_date":["2025-05-26"],"_product_image_gallery":["36366"],"site-sidebar-layout":["default"],"ast-site-content-layout":["default"],"site-content-style":["default"],"site-sidebar-style":["default"],"theme-transparent-header-meta":["default"],"_wc_rating_count":["a:1:{i:5;i:40;}"],"astra-migrate-meta-layouts":["set"],"_uag_css_file_name":["uag-css-23459.css"],"_elementor_page_assets":["a:0:{}"],"_uag_page_assets":["a:9:{s:3:\"css\";s:6873:\".wp-block-uagb-image{display:flex}.wp-block-uagb-image__figure{position:relative;display:flex;flex-direction:column;max-width:100%;height:auto;margin:0}.wp-block-uagb-image__figure img{height:auto;display:flex;max-width:100%;transition:box-shadow .2s ease}.wp-block-uagb-image__figure>a{display:inline-block}.wp-block-uagb-image__figure figcaption{text-align:center;margin-top:.5em;margin-bottom:1em}.wp-block-uagb-image .components-placeholder.block-editor-media-placeholder .components-placeholder__instructions{align-self:center}.wp-block-uagb-image--align-left{text-align:left}.wp-block-uagb-image--align-right{text-align:right}.wp-block-uagb-image--align-center{text-align:center}.wp-block-uagb-image--align-full .wp-block-uagb-image__figure{margin-left:calc(50% - 50vw);margin-right:calc(50% - 50vw);max-width:100vw;width:100vw;height:auto}.wp-block-uagb-image--align-full .wp-block-uagb-image__figure img{height:auto;width:100% !important}.wp-block-uagb-image--align-wide .wp-block-uagb-image__figure img{height:auto;width:100%}.wp-block-uagb-image--layout-overlay__color-wrapper{position:absolute;left:0;top:0;right:0;bottom:0;opacity:.2;background:rgba(0,0,0,.5);transition:opacity .35s ease-in-out}.wp-block-uagb-image--layout-overlay-link{position:absolute;left:0;right:0;bottom:0;top:0}.wp-block-uagb-image--layout-overlay .wp-block-uagb-image__figure:hover .wp-block-uagb-image--layout-overlay__color-wrapper{opacity:1}.wp-block-uagb-image--layout-overlay__inner{position:absolute;left:15px;right:15px;bottom:15px;top:15px;display:flex;align-items:center;justify-content:center;flex-direction:column;border-color:#fff;transition:.35s ease-in-out}.wp-block-uagb-image--layout-overlay__inner.top-left,.wp-block-uagb-image--layout-overlay__inner.top-center,.wp-block-uagb-image--layout-overlay__inner.top-right{justify-content:flex-start}.wp-block-uagb-image--layout-overlay__inner.bottom-left,.wp-block-uagb-image--layout-overlay__inner.bottom-center,.wp-block-uagb-image--layout-overlay__inner.bottom-right{justify-content:flex-end}.wp-block-uagb-image--layout-overlay__inner.top-left,.wp-block-uagb-image--layout-overlay__inner.center-left,.wp-block-uagb-image--layout-overlay__inner.bottom-left{align-items:flex-start}.wp-block-uagb-image--layout-overlay__inner.top-right,.wp-block-uagb-image--layout-overlay__inner.center-right,.wp-block-uagb-image--layout-overlay__inner.bottom-right{align-items:flex-end}.wp-block-uagb-image--layout-overlay__inner .uagb-image-heading{color:#fff;transition:transform .35s,opacity .35s ease-in-out;transform:translate3d(0, 24px, 0);margin:0;line-height:1em}.wp-block-uagb-image--layout-overlay__inner .uagb-image-separator{width:30%;border-top-width:2px;border-top-color:#fff;border-top-style:solid;margin-bottom:10px;opacity:0;transition:transform .4s,opacity .4s ease-in-out;transform:translate3d(0, 30px, 0)}.wp-block-uagb-image--layout-overlay__inner .uagb-image-caption{opacity:0;overflow:visible;color:#fff;transition:transform .45s,opacity .45s ease-in-out;transform:translate3d(0, 35px, 0)}.wp-block-uagb-image--layout-overlay__inner:hover .uagb-image-heading,.wp-block-uagb-image--layout-overlay__inner:hover .uagb-image-separator,.wp-block-uagb-image--layout-overlay__inner:hover .uagb-image-caption{opacity:1;transform:translate3d(0, 0, 0)}.wp-block-uagb-image--effect-zoomin .wp-block-uagb-image__figure img,.wp-block-uagb-image--effect-zoomin .wp-block-uagb-image__figure .wp-block-uagb-image--layout-overlay__color-wrapper{transform:scale(1);transition:transform .35s ease-in-out}.wp-block-uagb-image--effect-zoomin .wp-block-uagb-image__figure:hover img,.wp-block-uagb-image--effect-zoomin .wp-block-uagb-image__figure:hover .wp-block-uagb-image--layout-overlay__color-wrapper{transform:scale(1.05)}.wp-block-uagb-image--effect-slide .wp-block-uagb-image__figure img,.wp-block-uagb-image--effect-slide .wp-block-uagb-image__figure .wp-block-uagb-image--layout-overlay__color-wrapper{width:calc(100% + 40px) !important;max-width:none !important;transform:translate3d(-40px, 0, 0);transition:transform .35s ease-in-out}.wp-block-uagb-image--effect-slide .wp-block-uagb-image__figure:hover img,.wp-block-uagb-image--effect-slide .wp-block-uagb-image__figure:hover .wp-block-uagb-image--layout-overlay__color-wrapper{transform:translate3d(0, 0, 0)}.wp-block-uagb-image--effect-grayscale img{filter:grayscale(0%);transition:.35s ease-in-out}.wp-block-uagb-image--effect-grayscale:hover img{filter:grayscale(100%)}.wp-block-uagb-image--effect-blur img{filter:blur(0);transition:.35s ease-in-out}.wp-block-uagb-image--effect-blur:hover img{filter:blur(3px)}.uagb-block-e6f939b3.wp-block-uagb-image--layout-default figure img{box-shadow: 0px 0px 0 #00000070;}.uagb-block-e6f939b3.wp-block-uagb-image .wp-block-uagb-image__figure figcaption{font-style: normal;align-self: center;}.uagb-block-e6f939b3.wp-block-uagb-image--layout-overlay figure img{box-shadow: 0px 0px 0 #00000070;}.uagb-block-e6f939b3.wp-block-uagb-image--layout-overlay .wp-block-uagb-image--layout-overlay__color-wrapper{opacity: 0.2;}.uagb-block-e6f939b3.wp-block-uagb-image--layout-overlay .wp-block-uagb-image--layout-overlay__inner{left: 15px;right: 15px;top: 15px;bottom: 15px;}.uagb-block-e6f939b3.wp-block-uagb-image--layout-overlay .wp-block-uagb-image--layout-overlay__inner .uagb-image-heading{font-style: normal;color: #fff;opacity: 1;}.uagb-block-e6f939b3.wp-block-uagb-image--layout-overlay .wp-block-uagb-image--layout-overlay__inner .uagb-image-heading a{color: #fff;}.uagb-block-e6f939b3.wp-block-uagb-image--layout-overlay .wp-block-uagb-image--layout-overlay__inner .uagb-image-caption{opacity: 0;}.uagb-block-e6f939b3.wp-block-uagb-image--layout-overlay .wp-block-uagb-image__figure:hover .wp-block-uagb-image--layout-overlay__color-wrapper{opacity: 1;}.uagb-block-e6f939b3.wp-block-uagb-image .wp-block-uagb-image--layout-overlay__inner .uagb-image-separator{width: 30%;border-top-width: 2px;border-top-color: #fff;opacity: 0;}.uagb-block-e6f939b3.wp-block-uagb-image .wp-block-uagb-image__figure img{width: px;height: auto;}.uagb-block-e6f939b3.wp-block-uagb-image .wp-block-uagb-image__figure:hover .wp-block-uagb-image--layout-overlay__inner .uagb-image-caption{opacity: 1;}.uagb-block-e6f939b3.wp-block-uagb-image .wp-block-uagb-image__figure:hover .wp-block-uagb-image--layout-overlay__inner .uagb-image-separator{opacity: 1;}.uagb-block-e6f939b3.wp-block-uagb-image--layout-default figure:hover img{box-shadow: 0px 0px 0 #00000070;}.uagb-block-e6f939b3.wp-block-uagb-image--layout-overlay figure:hover img{box-shadow: 0px 0px 0 #00000070;}@media only screen and (max-width: 976px) {.uagb-block-e6f939b3.wp-block-uagb-image .wp-block-uagb-image__figure img{width: px;height: auto;}}@media only screen and (max-width: 767px) {.uagb-block-e6f939b3.wp-block-uagb-image .wp-block-uagb-image__figure img{width: px;height: auto;}}\";s:2:\"js\";s:0:\"\";s:18:\"current_block_list\";a:13:{i:0;s:11:\"core\/search\";i:1;s:10:\"core\/group\";i:2;s:12:\"core\/heading\";i:3;s:17:\"core\/latest-posts\";i:4;s:20:\"core\/latest-comments\";i:5;s:13:\"core\/archives\";i:6;s:15:\"core\/categories\";i:7;s:14:\"core\/paragraph\";i:8;s:10:\"uagb\/image\";i:9;s:11:\"core\/spacer\";i:10;s:30:\"woocommerce\/product-categories\";i:11;s:10:\"core\/image\";i:12;s:14:\"core\/shortcode\";}s:8:\"uag_flag\";b:1;s:11:\"uag_version\";s:10:\"1777266507\";s:6:\"gfonts\";a:0:{}s:10:\"gfonts_url\";s:0:\"\";s:12:\"gfonts_files\";a:0:{}s:14:\"uag_faq_layout\";b:0;}"]},"uagb_featured_image_src":{"full":["https:\/\/www.ferberpainting.com\/wp-content\/uploads\/2025\/05\/Floor-Water-Repellent-5L-.png",2560,2560,false],"thumbnail":["https:\/\/www.ferberpainting.com\/wp-content\/uploads\/2025\/05\/Floor-Water-Repellent-5L--150x150.png",150,150,true],"medium":["https:\/\/www.ferberpainting.com\/wp-content\/uploads\/2025\/05\/Floor-Water-Repellent-5L--300x300.png",300,300,true],"medium_large":["https:\/\/www.ferberpainting.com\/wp-content\/uploads\/2025\/05\/Floor-Water-Repellent-5L--768x768.png",768,768,true],"large":["https:\/\/www.ferberpainting.com\/wp-content\/uploads\/2025\/05\/Floor-Water-Repellent-5L--1024x1024.png",1024,1024,true],"1536x1536":["https:\/\/www.ferberpainting.com\/wp-content\/uploads\/2025\/05\/Floor-Water-Repellent-5L--1536x1536.png",1536,1536,true],"2048x2048":["https:\/\/www.ferberpainting.com\/wp-content\/uploads\/2025\/05\/Floor-Water-Repellent-5L--2048x2048.png",2048,2048,true],"trp-custom-language-flag":["https:\/\/www.ferberpainting.com\/wp-content\/uploads\/2025\/05\/Floor-Water-Repellent-5L--12x12.png",12,12,true],"woocommerce_thumbnail":["https:\/\/www.ferberpainting.com\/wp-content\/uploads\/2025\/05\/Floor-Water-Repellent-5L--300x300.png",300,300,true],"woocommerce_single":["https:\/\/www.ferberpainting.com\/wp-content\/uploads\/2025\/05\/Floor-Water-Repellent-5L--600x600.png",600,600,true],"woocommerce_gallery_thumbnail":["https:\/\/www.ferberpainting.com\/wp-content\/uploads\/2025\/05\/Floor-Water-Repellent-5L--100x100.png",100,100,true]},"uagb_author_info":{"display_name":"admin","author_link":"https:\/\/www.ferberpainting.com\/hu\/author\/"},"uagb_comment_info":40,"uagb_excerpt":"Humidity protection.\u00a0The floor waterproofer is a specially formulated product to protect surfaces against water and moisture infiltration. This treatment is ideal for both exterior and interior floors, especially those exposed to harsh weather or high humidity, such as terraces, balconies, basements or garages. By applying the waterproofer, you create an invisible barrier that prevents water&hellip;","_links":{"self":[{"href":"https:\/\/www.ferberpainting.com\/hu\/wp-json\/wp\/v2\/product\/23459","targetHints":{"allow":["GET"]}}],"collection":[{"href":"https:\/\/www.ferberpainting.com\/hu\/wp-json\/wp\/v2\/product"}],"about":[{"href":"https:\/\/www.ferberpainting.com\/hu\/wp-json\/wp\/v2\/types\/product"}],"replies":[{"embeddable":true,"href":"https:\/\/www.ferberpainting.com\/hu\/wp-json\/wp\/v2\/comments?post=23459"}],"version-history":[{"count":5,"href":"https:\/\/www.ferberpainting.com\/hu\/wp-json\/wp\/v2\/product\/23459\/revisions"}],"predecessor-version":[{"id":166162,"href":"https:\/\/www.ferberpainting.com\/hu\/wp-json\/wp\/v2\/product\/23459\/revisions\/166162"}],"wp:featuredmedia":[{"embeddable":true,"href":"https:\/\/www.ferberpainting.com\/hu\/wp-json\/wp\/v2\/media\/36367"}],"wp:attachment":[{"href":"https:\/\/www.ferberpainting.com\/hu\/wp-json\/wp\/v2\/media?parent=23459"}],"wp:term":[{"taxonomy":"product_brand","embeddable":true,"href":"https:\/\/www.ferberpainting.com\/hu\/wp-json\/wp\/v2\/product_brand?post=23459"},{"taxonomy":"product_cat","embeddable":true,"href":"https:\/\/www.ferberpainting.com\/hu\/wp-json\/wp\/v2\/product_cat?post=23459"},{"taxonomy":"product_tag","embeddable":true,"href":"https:\/\/www.ferberpainting.com\/hu\/wp-json\/wp\/v2\/product_tag?post=23459"}],"curies":[{"name":"wp","href":"https:\/\/api.w.org\/{rel}","templated":true}]}}