{"id":23443,"date":"2025-05-26T10:24:08","date_gmt":"2025-05-26T08:24:08","guid":{"rendered":"https:\/\/www.ferberpainting.com\/products\/fig-tree-fertilizer\/"},"modified":"2026-02-15T14:08:32","modified_gmt":"2026-02-15T13:08:32","slug":"fig-tree-fertilizer","status":"publish","type":"product","link":"https:\/\/www.ferberpainting.com\/hu\/products\/fig-tree-fertilizer\/","title":{"rendered":"F\u00fcgefa m\u0171tr\u00e1gya 25 kg"},"content":{"rendered":"<p><img decoding=\"async\" style=\"margin-right: 12px;\" src=\"https:\/\/www.ferberpainting.com\/wp-content\/uploads\/2026\/02\/Check.svg\" alt=\"\" width=\"18\" height=\"15\" \/><strong>Kifejezetten a f\u00fcgef\u00e1k n\u00f6veked\u00e9s\u00e9nek \u00e9s term\u00e9s\u00e9nek el\u0151seg\u00edt\u00e9s\u00e9re kifejlesztett m\u0171tr\u00e1gya.<\/strong>\u00a0Ez a m\u0171tr\u00e1gya \u00fagy lett kifejlesztve, hogy a f\u00fcgef\u00e1k sz\u00e1m\u00e1ra biztos\u00edtsa az optim\u00e1lis fejl\u0151d\u00e9shez \u00e9s az \u00edzletes f\u00fcge termeszt\u00e9s\u00e9hez sz\u00fcks\u00e9ges t\u00e1panyagokat. Kiegyens\u00falyozott \u00f6sszet\u00e9tel\u00e9nek, az NPK 10-10-10-nek k\u00f6sz\u00f6nhet\u0151en homog\u00e9n nitrog\u00e9n- (N) ell\u00e1totts\u00e1got biztos\u00edt a levelek n\u00f6veked\u00e9s\u00e9nek el\u0151seg\u00edt\u00e9se \u00e9rdek\u00e9ben, foszfort (P) az er\u0151s gy\u00f6keresed\u00e9s biztos\u00edt\u00e1sa \u00e9rdek\u00e9ben, valamint k\u00e1liumot (K) a gy\u00fcm\u00f6lcsmin\u0151s\u00e9g jav\u00edt\u00e1sa \u00e9s a betakar\u00edt\u00e1si id\u0151szak meghosszabb\u00edt\u00e1sa \u00e9rdek\u00e9ben. A teljes \u00e9s progressz\u00edv t\u00e1panyagell\u00e1t\u00e1s r\u00e9v\u00e9n ez a m\u0171tr\u00e1gya biztos\u00edtja a robusztus f\u00fcgef\u00e1t, a j\u00f3l fejlett vir\u00e1gz\u00e1st \u00e9s a l\u00e9d\u00fas \u00e9s \u00e9des f\u00fcge b\u0151s\u00e9ges term\u00e9s\u00e9t.<\/p>\n<p><img decoding=\"async\" style=\"margin-right: 12px;\" src=\"https:\/\/www.ferberpainting.com\/wp-content\/uploads\/2026\/02\/Check.svg\" alt=\"\" width=\"18\" height=\"15\" \/><strong>P\u00e9nzvisszafizet\u00e9si garancia.<\/strong>\u00a0Teljesen megb\u00edzunk a f\u00fcgefa tr\u00e1gy\u00e1nk hat\u00e9konys\u00e1g\u00e1ban, ez\u00e9rt p\u00e9nzvisszafizet\u00e9si garanci\u00e1t v\u00e1llalunk. Ha az aj\u00e1nl\u00e1soknak megfelel\u0151 haszn\u00e1lat ut\u00e1n f\u00fcgef\u00e1ja nem mutat er\u0151teljes n\u00f6veked\u00e9st vagy javul\u00f3 term\u00e9shozamot, v\u00e1llaljuk, hogy teljes m\u00e9rt\u00e9kben visszat\u00e9r\u00edtj\u00fck a v\u00e9tel\u00e1rat. Ez garant\u00e1lja \u00d6nnek a kock\u00e1zat- \u00e9s gondtalan v\u00e1s\u00e1rl\u00e1st.<\/p>\n<p><img decoding=\"async\" style=\"margin-right: 12px;\" src=\"https:\/\/www.ferberpainting.com\/wp-content\/uploads\/2026\/02\/Check.svg\" alt=\"\" width=\"18\" height=\"15\" \/><strong>Alkalmas minden f\u00fcgefajt\u00e1hoz \u00e9s minden termeszt\u00e9si k\u00f6r\u00fclm\u00e9nyhez.<\/strong>\u00a0Ez a m\u0171tr\u00e1gya a f\u00fcgef\u00e1k minden fajt\u00e1j\u00e1hoz alkalmazkodik, legyen sz\u00f3 ak\u00e1r a barb\u00e1r f\u00fcgef\u00e1r\u00f3l, a k\u00f6z\u00f6ns\u00e9ges f\u00fcgef\u00e1r\u00f3l vagy az indiai f\u00fcgef\u00e1r\u00f3l. A szabadf\u00f6ld\u00f6n, cser\u00e9pben vagy \u00fcvegh\u00e1zban nevelt f\u00fcgef\u00e1k eset\u00e9ben is j\u00f3l m\u0171k\u00f6dik, \u00edgy biztos\u00edtva az egyes termeszt\u00e9si m\u00f3dokhoz igazod\u00f3 tr\u00e1gy\u00e1z\u00e1st. Minden talajt\u00edpussal kompatibilis, bele\u00e9rtve a meszes, agyagos vagy homokos talajokat is, \u00e9s a m\u00e9rs\u00e9kelt \u00e9s a mediterr\u00e1n \u00e9ghajlaton egyar\u00e1nt haszn\u00e1lhat\u00f3.<\/p>\n<p><img decoding=\"async\" style=\"margin-right: 12px;\" src=\"https:\/\/www.ferberpainting.com\/wp-content\/uploads\/2026\/02\/Check.svg\" alt=\"\" width=\"18\" height=\"15\" \/><strong>K\u00f6lts\u00e9ghat\u00e9kony hozam \u00e9s tart\u00f3s tr\u00e1gy\u00e1z\u00e1s.<\/strong>\u00a0Lassan felszabadul\u00f3 formul\u00e1j\u00e1nak k\u00f6sz\u00f6nhet\u0151en ez a m\u0171tr\u00e1gya biztos\u00edtja a t\u00e1panyagok fokozatos felszabadul\u00e1s\u00e1t, ez\u00e1ltal cs\u00f6kkenti a kimos\u00f3d\u00e1si vesztes\u00e9geket, \u00e9s t\u00f6bb h\u00e9ten kereszt\u00fcl garant\u00e1lja a hat\u00e9kony tr\u00e1gy\u00e1z\u00e1st. Egy 25 kg-os zs\u00e1k ak\u00e1r 125 f\u00fcgefa tr\u00e1gy\u00e1z\u00e1s\u00e1ra is alkalmas, f\u00e1nk\u00e9nt 200 g javasolt kijuttat\u00e1sa 200 g. Ez a kiterjesztett tr\u00e1gy\u00e1z\u00e1s kik\u00fcsz\u00f6b\u00f6li a gyakori kijuttat\u00e1sokat, mik\u00f6zben folyamatos t\u00e1panyagell\u00e1t\u00e1st biztos\u00edt, \u00edgy minim\u00e1lis er\u0151fesz\u00edt\u00e9ssel optimaliz\u00e1lja a f\u00fcgefa term\u00e9shozam\u00e1t.<\/p>\n<p><img decoding=\"async\" style=\"margin-right: 12px;\" src=\"https:\/\/www.ferberpainting.com\/wp-content\/uploads\/2026\/02\/Check.svg\" alt=\"\" width=\"18\" height=\"15\" \/><strong>Biztons\u00e1gos \u00e9s k\u00f6rnyezetbar\u00e1t m\u0171tr\u00e1gya.<\/strong>\u00a0Ez a m\u0171tr\u00e1gya biztons\u00e1gos a talajra, az \u00e1llat- \u00e9s n\u00f6v\u00e9nyvil\u00e1gra n\u00e9zve, k\u00edm\u00e9letes \u00e9s fokozatos tr\u00e1gy\u00e1z\u00e1st biztos\u00edt, amely tiszteletben tartja a kert term\u00e9szetes egyens\u00faly\u00e1t. El\u0151seg\u00edti a talaj szerkezet\u00e9nek javul\u00e1s\u00e1t a hasznos mikrobi\u00e1lis tev\u00e9kenys\u00e9g serkent\u00e9s\u00e9vel, fokozza a v\u00edzmegtart\u00e1st \u00e9s a t\u00e1panyagfelv\u00e9telt a f\u00fcgefa gy\u00f6kerei \u00e1ltal. Nem jelent kock\u00e1zatot a h\u00e1zi\u00e1llatokra \u00e9s a gyermekekre, \u00edgy teljesen biztons\u00e1gos haszn\u00e1latot biztos\u00edt.<\/p>\n<p><img decoding=\"async\" style=\"margin-right: 12px;\" src=\"https:\/\/www.ferberpainting.com\/wp-content\/uploads\/2026\/02\/Check.svg\" alt=\"\" width=\"18\" height=\"15\" \/><strong>K\u00f6nnyen alkalmazhat\u00f3 \u00e9s er\u0151fesz\u00edt\u00e9s n\u00e9lk\u00fcli tr\u00e1gy\u00e1z\u00e1s.<\/strong>\u00a0A foly\u00e9kony m\u0171tr\u00e1gy\u00e1kkal ellent\u00e9tben, amelyek h\u00edg\u00edt\u00e1st ig\u00e9nyelnek, ez a m\u0171tr\u00e1gya k\u00f6zvetlen\u00fcl a talajba ker\u00fcl, bonyolult el\u0151k\u00e9sz\u00edt\u00e9s n\u00e9lk\u00fcl. Egyszer\u0171en csak ter\u00edtse sz\u00e9t a f\u00fcgefa t\u00f6ve k\u00f6r\u00fcl, \u00e9s enyh\u00e9n keverje be a talajba, hogy biztos\u00edtsa az optim\u00e1lis t\u00e1panyagfelszabadul\u00e1st. Egyszer\u0171 \u00e9s gyors alkalmaz\u00e1si m\u00f3dszere lehet\u0151v\u00e9 teszi minden kert\u00e9sz sz\u00e1m\u00e1ra, m\u00e9g a kezd\u0151knek is, hogy minim\u00e1lis er\u0151fesz\u00edt\u00e9ssel eg\u00e9szs\u00e9ges f\u00fcgef\u00e1hoz jussanak.<\/p>\n<p><img decoding=\"async\" style=\"margin-right: 12px;\" src=\"https:\/\/www.ferberpainting.com\/wp-content\/uploads\/2026\/02\/Check.svg\" alt=\"\" width=\"18\" height=\"15\" \/><strong>Hosszan tart\u00f3 hat\u00e1s a b\u0151s\u00e9ges term\u00e9s\u00e9rt \u00e9s a jobb ellen\u00e1ll\u00f3 k\u00e9pess\u00e9g\u00e9rt.<\/strong>\u00a0Tart\u00f3s hat\u00e1s\u00e1nak k\u00f6sz\u00f6nhet\u0151en ez a m\u0171tr\u00e1gya t\u00f6bb h\u00e9ten \u00e1t t\u00e1pl\u00e1lja a f\u00fcgef\u00e1kat, serkenti n\u00f6veked\u00e9s\u00fcket \u00e9s el\u0151seg\u00edti az \u00edzletes gy\u00fcm\u00f6lcs\u00f6k term\u00e9s\u00e9t. Emellett jav\u00edtja a f\u00fcgefa ellen\u00e1ll\u00f3 k\u00e9pess\u00e9g\u00e9t a betegs\u00e9gekkel, k\u00e1rtev\u0151kkel \u00e9s a zord \u00e9ghajlati viszonyokkal szemben, \u00edgy biztos\u00edtva a rendszeres \u00e9s j\u00f3 min\u0151s\u00e9g\u0171 term\u00e9st.<\/p>\n<p><img decoding=\"async\" style=\"margin-right: 12px;\" src=\"https:\/\/www.ferberpainting.com\/wp-content\/uploads\/2026\/02\/Check.svg\" alt=\"\" width=\"18\" height=\"15\" \/><strong>L\u00e1that\u00f3 eredm\u00e9nyek az els\u0151 hetekt\u0151l kezdve.<\/strong>\u00a0Ez a m\u0171tr\u00e1gya m\u00e1r az els\u0151 alkalmaz\u00e1st\u00f3l kezdve serkenti az \u00faj hajt\u00e1sok n\u00f6veked\u00e9s\u00e9t, jav\u00edtja a lev\u00e9ls\u0171r\u0171s\u00e9get, \u00e9s el\u0151seg\u00edti a vir\u00e1g- \u00e9s gy\u00fcm\u00f6lcsk\u00e9pz\u0151d\u00e9st. N\u00e9h\u00e1ny h\u00e9ttel a kijuttat\u00e1s ut\u00e1n er\u0151teljesebb n\u00f6v\u00e9nyzetet, s\u0171r\u0171bb lombozatot \u00e9s korai vir\u00e1gbimb\u00f3k kialakul\u00e1s\u00e1t figyelheti meg, ami az eg\u00e9sz szezonban optim\u00e1lis f\u00fcgetermel\u00e9st biztos\u00edt.<\/p>\n<h2><strong>Haszn\u00e1lati protokoll<\/strong><\/h2>\n<ul>\n<li><strong>Jelentkez\u00e9si id\u0151szak <\/strong>: \u00c9vente h\u00e1romszor kell alkalmazni, kora tavasszal (m\u00e1rcius-\u00e1prilis) a n\u00f6veked\u00e9s serkent\u00e9s\u00e9re, kora ny\u00e1ron (j\u00fanius-j\u00falius) a term\u00e9sk\u00f6t\u0151d\u00e9s el\u0151seg\u00edt\u00e9s\u00e9re, \u00e9s \u0151sszel (szeptember-okt\u00f3ber) a fa t\u00e9l el\u0151tti meger\u0151s\u00edt\u00e9s\u00e9re.<\/li>\n<li><strong>Aj\u00e1nlott adagol\u00e1s <\/strong>: F\u00fcgef\u00e1nk\u00e9nt 200 g m\u0171tr\u00e1gy\u00e1t sz\u00f3rjon ki, ami k\u00f6r\u00fclbel\u00fcl k\u00e9t mar\u00e9knyi mennyis\u00e9get jelent, a mennyis\u00e9get a fa m\u00e9ret\u00e9t\u0151l \u00e9s kor\u00e1t\u00f3l f\u00fcgg\u0151en kiss\u00e9 m\u00f3dos\u00edtva.<\/li>\n<li><strong>Alkalmaz\u00e1si m\u00f3dszer <\/strong>:\n<ul>\n<li><strong>Fel\u00fcleti terjed\u00e9s <\/strong>: A m\u0171tr\u00e1gy\u00e1t a f\u00fcgefa t\u00f6ve k\u00f6r\u00fcl, a t\u00f6rzst\u0151l kb. 50 cm-re k\u00f6rk\u00f6r\u00f6sen sz\u00f3rja ki, hogy a gy\u00f6kerek fokozatosan felsz\u00edvhass\u00e1k.<\/li>\n<li><strong>F\u00e9ny be\u00e9p\u00edt\u00e9se <\/strong>: Egy gereblye vagy kapa seg\u00edts\u00e9g\u00e9vel enyh\u00e9n keverje be a m\u0171tr\u00e1gy\u00e1t a talaj fels\u0151 r\u00e9teg\u00e9be (2-5 cm m\u00e9lyen), hogy el\u0151seg\u00edtse a t\u00e1panyagok jobb eloszl\u00e1s\u00e1t.<\/li>\n<\/ul>\n<\/li>\n<li><strong>\u00d6nt\u00f6z\u00e9s a kijuttat\u00e1s ut\u00e1n <\/strong>: A m\u0171tr\u00e1gya kisz\u00f3r\u00e1sa ut\u00e1n b\u0151s\u00e9gesen \u00f6nt\u00f6zze meg, hogy aktiv\u00e1lja a t\u00e1panyagok felszabadul\u00e1s\u00e1t \u00e9s biztos\u00edtsa a f\u00fcgefa gy\u00f6kereinek optim\u00e1lis felsz\u00edv\u00f3d\u00e1s\u00e1t.<\/li>\n<li><strong>Gondoz\u00e1s \u00e9s fel\u00fcgyelet <\/strong>: A nagy meleg vagy asz\u00e1lyos id\u0151szakokban tartsa fenn a rendszeres \u00f6nt\u00f6z\u00e9st, hogy maximaliz\u00e1lja a m\u0171tr\u00e1gya hat\u00e9konys\u00e1g\u00e1t, \u00e9s elker\u00fclje a v\u00edzhi\u00e1nyt, amely hat\u00e1ssal lehet a gy\u00fcm\u00f6lcsterm\u00e9sre.<\/li>\n<li><strong>Haszn\u00e1lati \u00f3vint\u00e9zked\u00e9sek <\/strong>: Ne adagolja t\u00fal a m\u0171tr\u00e1gy\u00e1t, hogy elker\u00fclje a t\u00falzott t\u00e1panyagbevitelt, amely a term\u00e9s rov\u00e1s\u00e1ra el\u0151seg\u00edtheti a t\u00fal gyors lev\u00e9ln\u00f6veked\u00e9st. Ne alkalmazza fagyott talajon vagy er\u0151s sz\u00e1razs\u00e1g idej\u00e9n, kieg\u00e9sz\u00edt\u0151 \u00f6nt\u00f6z\u00e9s n\u00e9lk\u00fcl.<\/li>\n<li><strong>T\u00e1rol\u00e1s \u00e9s meg\u0151rz\u00e9s <\/strong>: A m\u0171tr\u00e1gy\u00e1t h\u0171v\u00f6s, sz\u00e1raz helyen, nedvess\u00e9gt\u0151l \u00e9s napf\u00e9nyt\u0151l v\u00e9dve t\u00e1rolja. A term\u00e9k min\u0151s\u00e9g\u00e9nek meg\u0151rz\u00e9se \u00e9s a min\u0151s\u00e9groml\u00e1s elker\u00fcl\u00e9se \u00e9rdek\u00e9ben minden haszn\u00e1lat ut\u00e1n gondosan z\u00e1rja vissza a zs\u00e1kot.<\/li>\n<\/ul>\n<p>Ezzel a f\u00fcgefa tr\u00e1gy\u00e1z\u00f3szerrel teljes t\u00e1panyagell\u00e1t\u00e1st biztos\u00edthat f\u00e1ja sz\u00e1m\u00e1ra, amely t\u00f6k\u00e9letesen alkalmazkodik k\u00fcl\u00f6nleges ig\u00e9nyeihez, biztos\u00edtva az er\u0151teljes n\u00f6veked\u00e9st, a b\u0151s\u00e9ges vir\u00e1gz\u00e1st \u00e9s az \u00edzletes f\u00fcge kiv\u00e9teles term\u00e9s\u00e9t. Ez az ide\u00e1lis megold\u00e1s az eg\u00e9szs\u00e9ges f\u00fcgefa \u00e9s a b\u0151s\u00e9ges term\u00e9shozam \u00e9rdek\u00e9ben az eg\u00e9sz szezonban.<\/p>","protected":false},"excerpt":{"rendered":"<p>A fertilizer specially designed to promote the growth and fruiting of fig trees.\u00a0This fertilizer is formulated to provide fig trees with the essential nutrients for optimal development and the production of flavorful figs. Thanks to its balanced composition NPK 10-10-10, it offers a homogeneous supply of nitrogen (N) to promote leaf growth, phosphorus (P) to [&hellip;]<\/p>\n","protected":false},"featured_media":25977,"comment_status":"open","ping_status":"closed","template":"","meta":{"_uag_custom_page_level_css":"","site-sidebar-layout":"default","site-content-layout":"","ast-site-content-layout":"default","site-content-style":"default","site-sidebar-style":"default","ast-global-header-display":"","ast-banner-title-visibility":"","ast-main-header-display":"","ast-hfb-above-header-display":"","ast-hfb-below-header-display":"","ast-hfb-mobile-header-display":"","site-post-title":"","ast-breadcrumbs-content":"","ast-featured-img":"","footer-sml-layout":"","ast-disable-related-posts":"","theme-transparent-header-meta":"default","adv-header-id-meta":"","stick-header-meta":"","header-above-stick-meta":"","header-main-stick-meta":"","header-below-stick-meta":"","astra-migrate-meta-layouts":"set","ast-page-background-enabled":"default","ast-page-background-meta":{"desktop":{"background-color":"var(--ast-global-color-4)","background-image":"","background-repeat":"repeat","background-position":"center center","background-size":"auto","background-attachment":"scroll","background-type":"","background-media":"","overlay-type":"","overlay-color":"","overlay-opacity":"","overlay-gradient":""},"tablet":{"background-color":"","background-image":"","background-repeat":"repeat","background-position":"center center","background-size":"auto","background-attachment":"scroll","background-type":"","background-media":"","overlay-type":"","overlay-color":"","overlay-opacity":"","overlay-gradient":""},"mobile":{"background-color":"","background-image":"","background-repeat":"repeat","background-position":"center center","background-size":"auto","background-attachment":"scroll","background-type":"","background-media":"","overlay-type":"","overlay-color":"","overlay-opacity":"","overlay-gradient":""}},"ast-content-background-meta":{"desktop":{"background-color":"var(--ast-global-color-5)","background-image":"","background-repeat":"repeat","background-position":"center center","background-size":"auto","background-attachment":"scroll","background-type":"","background-media":"","overlay-type":"","overlay-color":"","overlay-opacity":"","overlay-gradient":""},"tablet":{"background-color":"var(--ast-global-color-5)","background-image":"","background-repeat":"repeat","background-position":"center center","background-size":"auto","background-attachment":"scroll","background-type":"","background-media":"","overlay-type":"","overlay-color":"","overlay-opacity":"","overlay-gradient":""},"mobile":{"background-color":"var(--ast-global-color-5)","background-image":"","background-repeat":"repeat","background-position":"center center","background-size":"auto","background-attachment":"scroll","background-type":"","background-media":"","overlay-type":"","overlay-color":"","overlay-opacity":"","overlay-gradient":""}}},"product_brand":[],"product_cat":[178],"product_tag":[],"class_list":{"0":"post-23443","1":"product","2":"type-product","3":"status-publish","4":"has-post-thumbnail","6":"product_cat-fertilizers","7":"desktop-align-left","8":"tablet-align-left","9":"mobile-align-left","11":"first","12":"instock","13":"shipping-taxable","14":"purchasable","15":"product-type-simple"},"spectra_custom_meta":{"_visibility":["visible"],"_shopify_product_id":["9066749952245"],"_s2w_shopify_domain":["ferberpainting.myshopify.com"],"_shopify_variant_id":["46504766079221"],"_sku":["FPFIGTREEFERTILIZER25KG"],"_regular_price":["39.90"],"_price":["39.90"],"_sale_price":[""],"_weight":["18.5"],"_thumbnail_id":["25977"],"_global_unique_id":["5056773817272"],"total_sales":["13"],"_tax_status":["taxable"],"_tax_class":[""],"_manage_stock":["no"],"_backorders":["no"],"_sold_individually":["no"],"_virtual":["no"],"_downloadable":["no"],"_download_limit":["-1"],"_download_expiry":["-1"],"_stock":[null],"_stock_status":["instock"],"_wc_average_rating":["4.75"],"_wc_review_count":["4"],"_product_version":["10.5.1"],"_wc_rating_count":["a:2:{i:4;i:1;i:5;i:3;}"],"_edit_lock":["1771160774:1"],"merchant-center-availability":["yes"],"merchant-center-category":["113"],"_edit_last":["1"],"_wp_page_template":["default"],"site-sidebar-layout":["default"],"ast-site-content-layout":["default"],"site-content-style":["default"],"site-sidebar-style":["default"],"theme-transparent-header-meta":["default"],"astra-migrate-meta-layouts":["set"],"_uag_css_file_name":["uag-css-23443.css"],"_elementor_page_assets":["a:0:{}"],"_uag_page_assets":["a:9:{s:3:\"css\";s:6873:\".wp-block-uagb-image{display:flex}.wp-block-uagb-image__figure{position:relative;display:flex;flex-direction:column;max-width:100%;height:auto;margin:0}.wp-block-uagb-image__figure img{height:auto;display:flex;max-width:100%;transition:box-shadow .2s ease}.wp-block-uagb-image__figure>a{display:inline-block}.wp-block-uagb-image__figure figcaption{text-align:center;margin-top:.5em;margin-bottom:1em}.wp-block-uagb-image .components-placeholder.block-editor-media-placeholder .components-placeholder__instructions{align-self:center}.wp-block-uagb-image--align-left{text-align:left}.wp-block-uagb-image--align-right{text-align:right}.wp-block-uagb-image--align-center{text-align:center}.wp-block-uagb-image--align-full .wp-block-uagb-image__figure{margin-left:calc(50% - 50vw);margin-right:calc(50% - 50vw);max-width:100vw;width:100vw;height:auto}.wp-block-uagb-image--align-full .wp-block-uagb-image__figure img{height:auto;width:100% !important}.wp-block-uagb-image--align-wide .wp-block-uagb-image__figure img{height:auto;width:100%}.wp-block-uagb-image--layout-overlay__color-wrapper{position:absolute;left:0;top:0;right:0;bottom:0;opacity:.2;background:rgba(0,0,0,.5);transition:opacity .35s ease-in-out}.wp-block-uagb-image--layout-overlay-link{position:absolute;left:0;right:0;bottom:0;top:0}.wp-block-uagb-image--layout-overlay .wp-block-uagb-image__figure:hover .wp-block-uagb-image--layout-overlay__color-wrapper{opacity:1}.wp-block-uagb-image--layout-overlay__inner{position:absolute;left:15px;right:15px;bottom:15px;top:15px;display:flex;align-items:center;justify-content:center;flex-direction:column;border-color:#fff;transition:.35s ease-in-out}.wp-block-uagb-image--layout-overlay__inner.top-left,.wp-block-uagb-image--layout-overlay__inner.top-center,.wp-block-uagb-image--layout-overlay__inner.top-right{justify-content:flex-start}.wp-block-uagb-image--layout-overlay__inner.bottom-left,.wp-block-uagb-image--layout-overlay__inner.bottom-center,.wp-block-uagb-image--layout-overlay__inner.bottom-right{justify-content:flex-end}.wp-block-uagb-image--layout-overlay__inner.top-left,.wp-block-uagb-image--layout-overlay__inner.center-left,.wp-block-uagb-image--layout-overlay__inner.bottom-left{align-items:flex-start}.wp-block-uagb-image--layout-overlay__inner.top-right,.wp-block-uagb-image--layout-overlay__inner.center-right,.wp-block-uagb-image--layout-overlay__inner.bottom-right{align-items:flex-end}.wp-block-uagb-image--layout-overlay__inner .uagb-image-heading{color:#fff;transition:transform .35s,opacity .35s ease-in-out;transform:translate3d(0, 24px, 0);margin:0;line-height:1em}.wp-block-uagb-image--layout-overlay__inner .uagb-image-separator{width:30%;border-top-width:2px;border-top-color:#fff;border-top-style:solid;margin-bottom:10px;opacity:0;transition:transform .4s,opacity .4s ease-in-out;transform:translate3d(0, 30px, 0)}.wp-block-uagb-image--layout-overlay__inner .uagb-image-caption{opacity:0;overflow:visible;color:#fff;transition:transform .45s,opacity .45s ease-in-out;transform:translate3d(0, 35px, 0)}.wp-block-uagb-image--layout-overlay__inner:hover .uagb-image-heading,.wp-block-uagb-image--layout-overlay__inner:hover .uagb-image-separator,.wp-block-uagb-image--layout-overlay__inner:hover .uagb-image-caption{opacity:1;transform:translate3d(0, 0, 0)}.wp-block-uagb-image--effect-zoomin .wp-block-uagb-image__figure img,.wp-block-uagb-image--effect-zoomin .wp-block-uagb-image__figure .wp-block-uagb-image--layout-overlay__color-wrapper{transform:scale(1);transition:transform .35s ease-in-out}.wp-block-uagb-image--effect-zoomin .wp-block-uagb-image__figure:hover img,.wp-block-uagb-image--effect-zoomin .wp-block-uagb-image__figure:hover .wp-block-uagb-image--layout-overlay__color-wrapper{transform:scale(1.05)}.wp-block-uagb-image--effect-slide .wp-block-uagb-image__figure img,.wp-block-uagb-image--effect-slide .wp-block-uagb-image__figure .wp-block-uagb-image--layout-overlay__color-wrapper{width:calc(100% + 40px) !important;max-width:none !important;transform:translate3d(-40px, 0, 0);transition:transform .35s ease-in-out}.wp-block-uagb-image--effect-slide .wp-block-uagb-image__figure:hover img,.wp-block-uagb-image--effect-slide .wp-block-uagb-image__figure:hover .wp-block-uagb-image--layout-overlay__color-wrapper{transform:translate3d(0, 0, 0)}.wp-block-uagb-image--effect-grayscale img{filter:grayscale(0%);transition:.35s ease-in-out}.wp-block-uagb-image--effect-grayscale:hover img{filter:grayscale(100%)}.wp-block-uagb-image--effect-blur img{filter:blur(0);transition:.35s ease-in-out}.wp-block-uagb-image--effect-blur:hover img{filter:blur(3px)}.uagb-block-e6f939b3.wp-block-uagb-image--layout-default figure img{box-shadow: 0px 0px 0 #00000070;}.uagb-block-e6f939b3.wp-block-uagb-image .wp-block-uagb-image__figure figcaption{font-style: normal;align-self: center;}.uagb-block-e6f939b3.wp-block-uagb-image--layout-overlay figure img{box-shadow: 0px 0px 0 #00000070;}.uagb-block-e6f939b3.wp-block-uagb-image--layout-overlay .wp-block-uagb-image--layout-overlay__color-wrapper{opacity: 0.2;}.uagb-block-e6f939b3.wp-block-uagb-image--layout-overlay .wp-block-uagb-image--layout-overlay__inner{left: 15px;right: 15px;top: 15px;bottom: 15px;}.uagb-block-e6f939b3.wp-block-uagb-image--layout-overlay .wp-block-uagb-image--layout-overlay__inner .uagb-image-heading{font-style: normal;color: #fff;opacity: 1;}.uagb-block-e6f939b3.wp-block-uagb-image--layout-overlay .wp-block-uagb-image--layout-overlay__inner .uagb-image-heading a{color: #fff;}.uagb-block-e6f939b3.wp-block-uagb-image--layout-overlay .wp-block-uagb-image--layout-overlay__inner .uagb-image-caption{opacity: 0;}.uagb-block-e6f939b3.wp-block-uagb-image--layout-overlay .wp-block-uagb-image__figure:hover .wp-block-uagb-image--layout-overlay__color-wrapper{opacity: 1;}.uagb-block-e6f939b3.wp-block-uagb-image .wp-block-uagb-image--layout-overlay__inner .uagb-image-separator{width: 30%;border-top-width: 2px;border-top-color: #fff;opacity: 0;}.uagb-block-e6f939b3.wp-block-uagb-image .wp-block-uagb-image__figure img{width: px;height: auto;}.uagb-block-e6f939b3.wp-block-uagb-image .wp-block-uagb-image__figure:hover .wp-block-uagb-image--layout-overlay__inner .uagb-image-caption{opacity: 1;}.uagb-block-e6f939b3.wp-block-uagb-image .wp-block-uagb-image__figure:hover .wp-block-uagb-image--layout-overlay__inner .uagb-image-separator{opacity: 1;}.uagb-block-e6f939b3.wp-block-uagb-image--layout-default figure:hover img{box-shadow: 0px 0px 0 #00000070;}.uagb-block-e6f939b3.wp-block-uagb-image--layout-overlay figure:hover img{box-shadow: 0px 0px 0 #00000070;}@media only screen and (max-width: 976px) {.uagb-block-e6f939b3.wp-block-uagb-image .wp-block-uagb-image__figure img{width: px;height: auto;}}@media only screen and (max-width: 767px) {.uagb-block-e6f939b3.wp-block-uagb-image .wp-block-uagb-image__figure img{width: px;height: auto;}}\";s:2:\"js\";s:0:\"\";s:18:\"current_block_list\";a:13:{i:0;s:11:\"core\/search\";i:1;s:10:\"core\/group\";i:2;s:12:\"core\/heading\";i:3;s:17:\"core\/latest-posts\";i:4;s:20:\"core\/latest-comments\";i:5;s:13:\"core\/archives\";i:6;s:15:\"core\/categories\";i:7;s:14:\"core\/paragraph\";i:8;s:10:\"uagb\/image\";i:9;s:11:\"core\/spacer\";i:10;s:30:\"woocommerce\/product-categories\";i:11;s:10:\"core\/image\";i:12;s:14:\"core\/shortcode\";}s:8:\"uag_flag\";b:1;s:11:\"uag_version\";s:10:\"1777037217\";s:6:\"gfonts\";a:0:{}s:10:\"gfonts_url\";s:0:\"\";s:12:\"gfonts_files\";a:0:{}s:14:\"uag_faq_layout\";b:0;}"]},"uagb_featured_image_src":{"full":["https:\/\/www.ferberpainting.com\/wp-content\/uploads\/2025\/05\/FigTreeFertilizer.png",2560,2560,false],"thumbnail":["https:\/\/www.ferberpainting.com\/wp-content\/uploads\/2025\/05\/FigTreeFertilizer-150x150.png",150,150,true],"medium":["https:\/\/www.ferberpainting.com\/wp-content\/uploads\/2025\/05\/FigTreeFertilizer-300x300.png",300,300,true],"medium_large":["https:\/\/www.ferberpainting.com\/wp-content\/uploads\/2025\/05\/FigTreeFertilizer-768x768.png",768,768,true],"large":["https:\/\/www.ferberpainting.com\/wp-content\/uploads\/2025\/05\/FigTreeFertilizer-1024x1024.png",1024,1024,true],"1536x1536":["https:\/\/www.ferberpainting.com\/wp-content\/uploads\/2025\/05\/FigTreeFertilizer-1536x1536.png",1536,1536,true],"2048x2048":["https:\/\/www.ferberpainting.com\/wp-content\/uploads\/2025\/05\/FigTreeFertilizer-2048x2048.png",2048,2048,true],"trp-custom-language-flag":["https:\/\/www.ferberpainting.com\/wp-content\/uploads\/2025\/05\/FigTreeFertilizer-12x12.png",12,12,true],"woocommerce_thumbnail":["https:\/\/www.ferberpainting.com\/wp-content\/uploads\/2025\/05\/FigTreeFertilizer-300x300.png",300,300,true],"woocommerce_single":["https:\/\/www.ferberpainting.com\/wp-content\/uploads\/2025\/05\/FigTreeFertilizer-600x600.png",600,600,true],"woocommerce_gallery_thumbnail":["https:\/\/www.ferberpainting.com\/wp-content\/uploads\/2025\/05\/FigTreeFertilizer-100x100.png",100,100,true]},"uagb_author_info":{"display_name":"admin","author_link":"https:\/\/www.ferberpainting.com\/hu\/author\/"},"uagb_comment_info":4,"uagb_excerpt":"A fertilizer specially designed to promote the growth and fruiting of fig trees.\u00a0This fertilizer is formulated to provide fig trees with the essential nutrients for optimal development and the production of flavorful figs. Thanks to its balanced composition NPK 10-10-10, it offers a homogeneous supply of nitrogen (N) to promote leaf growth, phosphorus (P) to&hellip;","_links":{"self":[{"href":"https:\/\/www.ferberpainting.com\/hu\/wp-json\/wp\/v2\/product\/23443","targetHints":{"allow":["GET"]}}],"collection":[{"href":"https:\/\/www.ferberpainting.com\/hu\/wp-json\/wp\/v2\/product"}],"about":[{"href":"https:\/\/www.ferberpainting.com\/hu\/wp-json\/wp\/v2\/types\/product"}],"replies":[{"embeddable":true,"href":"https:\/\/www.ferberpainting.com\/hu\/wp-json\/wp\/v2\/comments?post=23443"}],"version-history":[{"count":5,"href":"https:\/\/www.ferberpainting.com\/hu\/wp-json\/wp\/v2\/product\/23443\/revisions"}],"predecessor-version":[{"id":166156,"href":"https:\/\/www.ferberpainting.com\/hu\/wp-json\/wp\/v2\/product\/23443\/revisions\/166156"}],"wp:featuredmedia":[{"embeddable":true,"href":"https:\/\/www.ferberpainting.com\/hu\/wp-json\/wp\/v2\/media\/25977"}],"wp:attachment":[{"href":"https:\/\/www.ferberpainting.com\/hu\/wp-json\/wp\/v2\/media?parent=23443"}],"wp:term":[{"taxonomy":"product_brand","embeddable":true,"href":"https:\/\/www.ferberpainting.com\/hu\/wp-json\/wp\/v2\/product_brand?post=23443"},{"taxonomy":"product_cat","embeddable":true,"href":"https:\/\/www.ferberpainting.com\/hu\/wp-json\/wp\/v2\/product_cat?post=23443"},{"taxonomy":"product_tag","embeddable":true,"href":"https:\/\/www.ferberpainting.com\/hu\/wp-json\/wp\/v2\/product_tag?post=23443"}],"curies":[{"name":"wp","href":"https:\/\/api.w.org\/{rel}","templated":true}]}}