{"id":23434,"date":"2025-05-26T10:24:05","date_gmt":"2025-05-26T08:24:05","guid":{"rendered":"https:\/\/www.ferberpainting.com\/products\/facade-stripper\/"},"modified":"2026-02-15T14:00:28","modified_gmt":"2026-02-15T13:00:28","slug":"facade-stripper","status":"publish","type":"product","link":"https:\/\/www.ferberpainting.com\/hu\/products\/facade-stripper\/","title":{"rendered":"Homlokzati \u00e9s k\u00fcls\u0151 falbont\u00f3"},"content":{"rendered":"<p><img decoding=\"async\" style=\"margin-right: 12px;\" src=\"https:\/\/www.ferberpainting.com\/wp-content\/uploads\/2026\/02\/Check.svg\" alt=\"\" width=\"18\" height=\"15\" \/><strong>Gyorsan \u00e9s hat\u00e9konyan t\u00e1vol\u00edtsa el a r\u00e9gi fest\u00e9ket \u00e9s bevonatokat a k\u00fcls\u0151 falakr\u00f3l.<\/strong> A homlokzati \u00e9s k\u00fcls\u0151 falbont\u00f3szer\u00fcnket kifejezetten arra fejlesztett\u00fck ki, hogy t\u00f6bb r\u00e9teg fest\u00e9ket, lakkot \u00e9s fel\u00fcleti bevonatot oldjon fel \u00e9s t\u00e1vol\u00edtson el a falazatr\u00f3l \u00e9s a k\u00fcls\u0151 aljzatr\u00f3l. M\u00e9lyen behatol a r\u00e9gi bevonatokba, felpuh\u00edtva azokat, hogy k\u00f6nnyen elt\u00e1vol\u00edthat\u00f3k legyenek t\u00falzott kapar\u00e1s vagy agressz\u00edv mechanikai m\u00f3dszerek n\u00e9lk\u00fcl. Ez\u00e1ltal a fel\u00faj\u00edt\u00e1si \u00e9s restaur\u00e1l\u00e1si projektek jelent\u0151sen gyorsabb\u00e1 \u00e9s hat\u00e9konyabb\u00e1 v\u00e1lnak.<\/p>\n<p><strong><img decoding=\"async\" style=\"margin-right: 12px;\" src=\"https:\/\/www.ferberpainting.com\/wp-content\/uploads\/2026\/02\/Check.svg\" alt=\"\" width=\"18\" height=\"15\" \/>A leghat\u00e9konyabb k\u00fcls\u0151 fest\u00e9kelt\u00e1vol\u00edt\u00f3 a piacon.<\/strong> Ez az er\u0151teljes, m\u00e9gis ellen\u0151rz\u00f6tt hat\u00f3anyagokkal kifejlesztett lemos\u00f3 olyan makacs bevonatokat bont le, amelyek ellen\u00e1llnak a hagyom\u00e1nyos tiszt\u00edt\u00e1si m\u00f3dszereknek. M\u0171k\u00f6dik az el\u00f6regedett homlokzati fest\u00e9keken, elasztomer bevonatokon, foltokon \u00e9s v\u00e9d\u0151r\u00e9tegeken, \u00e9s a szok\u00e1sos h\u00e1ztart\u00e1si elt\u00e1vol\u00edt\u00f3khoz k\u00e9pest kiv\u00e1l\u00f3 teljes\u00edtm\u00e9nyt ny\u00fajt.<\/p>\n<p><strong><img decoding=\"async\" style=\"margin-right: 12px;\" src=\"https:\/\/www.ferberpainting.com\/wp-content\/uploads\/2026\/02\/Check.svg\" alt=\"\" width=\"18\" height=\"15\" \/>P\u00e9nzvisszafizet\u00e9si garancia a teljes lelki nyugalom\u00e9rt.<\/strong> Teljesen biztosak vagyunk a homlokzati \u00e9s k\u00fcls\u0151 falbont\u00f3k erej\u00e9ben \u00e9s megb\u00edzhat\u00f3s\u00e1g\u00e1ban. Ha nem teljesen el\u00e9gedett az eredm\u00e9nnyel, visszat\u00e9r\u00edtj\u00fck a v\u00e9tel\u00e1rat. P\u00e9nzvisszafizet\u00e9si garanci\u00e1nk biztos\u00edtja, hogy befektet\u00e9se teljesen kock\u00e1zatmentes legyen, \u00e9s bizony\u00edtja elk\u00f6telezetts\u00e9g\u00fcnket a professzion\u00e1lis min\u0151s\u00e9g\u0171 teljes\u00edtm\u00e9ny ir\u00e1nt.<\/p>\n<p><strong><img decoding=\"async\" style=\"margin-right: 12px;\" src=\"https:\/\/www.ferberpainting.com\/wp-content\/uploads\/2026\/02\/Check.svg\" alt=\"\" width=\"18\" height=\"15\" \/>Az el\u00e9rhet\u0151 legolcs\u00f3bb nagy teljes\u00edtm\u00e9ny\u0171 homlokzatbont\u00f3.<\/strong> A k\u00fcls\u0151 fest\u00e9k elt\u00e1vol\u00edt\u00e1sa gyakran dr\u00e1ga munkaer\u0151t vagy speci\u00e1lis g\u00e9peket ig\u00e9nyel. Term\u00e9k\u00fcnk a piacon el\u00e9rhet\u0151 legversenyk\u00e9pesebb \u00e1ron k\u00edn\u00e1l professzion\u00e1lis szint\u0171 elt\u00e1vol\u00edt\u00e1si teljes\u00edtm\u00e9nyt, kiv\u00e9teles \u00e9rt\u00e9ket biztos\u00edtva a v\u00e1llalkoz\u00f3k \u00e9s az ingatlantulajdonosok sz\u00e1m\u00e1ra.<\/p>\n<p><strong><img decoding=\"async\" style=\"margin-right: 12px;\" src=\"https:\/\/www.ferberpainting.com\/wp-content\/uploads\/2026\/02\/Check.svg\" alt=\"\" width=\"18\" height=\"15\" \/>Gyors 24 \u00f3r\u00e1s sz\u00e1ll\u00edt\u00e1s s\u00fcrg\u0151s fel\u00faj\u00edt\u00e1si projektekhez.<\/strong> A k\u00fcls\u0151 helyre\u00e1ll\u00edt\u00e1si \u00fctemtervek szorosak \u00e9s id\u0151j\u00e1r\u00e1sf\u00fcgg\u0151k lehetnek. Ez\u00e9rt biztos\u00edtunk megb\u00edzhat\u00f3, 24 \u00f3r\u00e1s kisz\u00e1ll\u00edt\u00e1st, amely biztos\u00edtja, hogy a csiszol\u00f3szer gyorsan meg\u00e9rkezzen, \u00edgy \u00d6n k\u00e9sedelem n\u00e9lk\u00fcl folytathatja a fel\u00fclet el\u0151k\u00e9sz\u00edt\u00e9s\u00e9t.<\/p>\n<p><strong><img decoding=\"async\" style=\"margin-right: 12px;\" src=\"https:\/\/www.ferberpainting.com\/wp-content\/uploads\/2026\/02\/Check.svg\" alt=\"\" width=\"18\" height=\"15\" \/>Literenk\u00e9nt ak\u00e1r 10 m\u00b2-es lefedetts\u00e9g a pontos projekttervez\u00e9shez.<\/strong> Egy liter ak\u00e1r 10 n\u00e9gyzetm\u00e9tert is k\u00e9pes kezelni, ami pontos k\u00f6lts\u00e9gbecsl\u00e9st \u00e9s hat\u00e9kony alkalmaz\u00e1st tesz lehet\u0151v\u00e9. Ez a meghat\u00e1rozott fed\u00e9si ar\u00e1ny biztos\u00edtja a megfelel\u0151 term\u00e9kvastags\u00e1got az optim\u00e1lis bevonatmegoszl\u00e1shoz, mik\u00f6zben minimaliz\u00e1lja a hullad\u00e9kot.<\/p>\n<p><strong><img decoding=\"async\" style=\"margin-right: 12px;\" src=\"https:\/\/www.ferberpainting.com\/wp-content\/uploads\/2026\/02\/Check.svg\" alt=\"\" width=\"18\" height=\"15\" \/>Alkalmas t\u00f6bbf\u00e9le k\u00fcls\u0151 aljzatra.<\/strong> A lecsiszol\u00f3 kompatibilis a betonnal, t\u00e9gl\u00e1val, k\u0151vel, cementvakolattal, vakolattal \u00e9s m\u00e1s gyakori homlokzati anyagokkal. Sokoldal\u00fas\u00e1g\u00e1nak k\u00f6sz\u00f6nhet\u0151en ide\u00e1lis lak\u00f3\u00e9p\u00fcletek, kereskedelmi \u00e9s ipari fel\u00faj\u00edt\u00e1si projektekhez.<\/p>\n<p><strong><img decoding=\"async\" style=\"margin-right: 12px;\" src=\"https:\/\/www.ferberpainting.com\/wp-content\/uploads\/2026\/02\/Check.svg\" alt=\"\" width=\"18\" height=\"15\" \/>Cs\u00f6kkenti az agressz\u00edv mechanikai elt\u00e1vol\u00edt\u00e1s sz\u00fcks\u00e9gess\u00e9g\u00e9t.<\/strong> A r\u00e9gi bevonatok k\u00e9miai \u00faton t\u00f6rt\u00e9n\u0151 felpuh\u00edt\u00e1sa \u00e9s fellaz\u00edt\u00e1sa r\u00e9v\u00e9n ez a term\u00e9k minimaliz\u00e1lja a csiszol\u00e1st, a csiszol\u00e1st \u00e9s a csiszol\u00f3f\u00fav\u00e1st. Ez cs\u00f6kkenti a por keletkez\u00e9s\u00e9t \u00e9s a fel\u00fclet lehets\u00e9ges k\u00e1rosod\u00e1s\u00e1t a lecsupasz\u00edt\u00e1si folyamat sor\u00e1n.<\/p>\n<p><strong><img decoding=\"async\" style=\"margin-right: 12px;\" src=\"https:\/\/www.ferberpainting.com\/wp-content\/uploads\/2026\/02\/Check.svg\" alt=\"\" width=\"18\" height=\"15\" \/>Fel\u00fcletek el\u0151k\u00e9sz\u00edt\u00e9se \u00fajrafest\u00e9shez vagy restaur\u00e1l\u00e1shoz.<\/strong> A r\u00e9gi bevonatok megfelel\u0151 elt\u00e1vol\u00edt\u00e1sa biztos\u00edtja az \u00faj fest\u00e9krendszerek jobb tapad\u00e1s\u00e1t. Ennek a lecsiszol\u00f3nak a haszn\u00e1lata tiszta \u00e9s stabil aljzatot hoz l\u00e9tre, amely jav\u00edtja a k\u00e9s\u0151bbi bevonatok tart\u00f3ss\u00e1g\u00e1t \u00e9s megjelen\u00e9s\u00e9t.<\/p>\n<p><strong><img decoding=\"async\" style=\"margin-right: 12px;\" src=\"https:\/\/www.ferberpainting.com\/wp-content\/uploads\/2026\/02\/Check.svg\" alt=\"\" width=\"18\" height=\"15\" \/>Professzion\u00e1lis teljes\u00edtm\u00e9ny egyszer\u0171 alkalmaz\u00e1ssal.<\/strong> Egyszer\u0171 haszn\u00e1latra tervezt\u00e9k, a term\u00e9k ecsettel, hengerrel vagy sz\u00f3r\u00f3fejes berendez\u00e9ssel alkalmazhat\u00f3. Ellen\u0151rz\u00f6tt \u00e1llaga lehet\u0151v\u00e9 teszi az egyenletes felhord\u00e1st \u00e9s a r\u00e9teges bevonatokba val\u00f3 hat\u00e9kony behatol\u00e1st.<\/p>\n<h2><strong>Utas\u00edt\u00e1sok<\/strong><\/h2>\n<ul>\n<li>Vizsg\u00e1lja meg a homlokzatot az elt\u00e1vol\u00edtand\u00f3 bevonat t\u00edpus\u00e1nak \u00e9s vastags\u00e1g\u00e1nak azonos\u00edt\u00e1sa \u00e9rdek\u00e9ben.<\/li>\n<li>A felhord\u00e1s el\u0151tt gy\u0151z\u0151dj\u00f6n meg arr\u00f3l, hogy a fel\u00fclet sz\u00e1raz \u00e9s mentes a laza t\u00f6rmel\u00e9kekt\u0151l.<\/li>\n<li>V\u00e9dje a k\u00f6rnyez\u0151 ter\u00fcleteket, ablakokat, n\u00f6v\u00e9nyeket \u00e9s a szomsz\u00e9dos anyagokat a v\u00e9letlen \u00e9rintkez\u00e9st\u0151l.<\/li>\n<li>Haszn\u00e1lat el\u0151tt alaposan keverje fel a term\u00e9ket, hogy biztos\u00edtsa az egyenletes konzisztenci\u00e1t.<\/li>\n<li>Ecsettel, hengerrel vagy megfelel\u0151 permetez\u0151berendez\u00e9ssel vigyen fel egy b\u0151s\u00e9ges \u00e9s egyenletes r\u00e9teget.<\/li>\n<li>Tartsa be az aj\u00e1nlott fed\u00e9si ar\u00e1nyt, amely literenk\u00e9nt legfeljebb 10 m\u00b2. Ez k\u00f6r\u00fclbel\u00fcl 100 ml\/n\u00e9gyzetm\u00e9ternek felel meg, a bevonat vastags\u00e1g\u00e1t\u00f3l f\u00fcgg\u0151en.<\/li>\n<li>A k\u00f6rnyezeti k\u00f6r\u00fclm\u00e9nyekt\u0151l \u00e9s a bevonat t\u00edpus\u00e1t\u00f3l f\u00fcgg\u0151en hagyja hatni a lemos\u00f3t az aj\u00e1nlott tart\u00f3zkod\u00e1si id\u0151 alatt. A fel\u00fclet bubor\u00e9kosodhat vagy megpuhulhat, ahogy a term\u00e9k hat.<\/li>\n<li>Miut\u00e1n a bevonat megpuhult, t\u00e1vol\u00edtsa el azt az aljzatnak megfelel\u0151 kapar\u00f3val, spatul\u00e1val vagy magasnyom\u00e1s\u00fa mos\u00f3val.<\/li>\n<li>Vastag vagy t\u00f6bb r\u00e9teg eset\u00e9n a teljes elt\u00e1vol\u00edt\u00e1shoz egy m\u00e1sodik alkalmaz\u00e1sra is sz\u00fcks\u00e9g lehet.<\/li>\n<li>A marad\u00e9kok elt\u00e1vol\u00edt\u00e1sa \u00e9rdek\u00e9ben a fel\u00fcletet alaposan \u00f6bl\u00edtse le tiszta v\u00edzzel. \u00dajrafest\u00e9s vagy \u00fajraf\u00e9nyez\u00e9s el\u0151tt hagyja teljesen megsz\u00e1radni.<\/li>\n<li>Az optim\u00e1lis teljes\u00edtm\u00e9ny biztos\u00edt\u00e1sa \u00e9rdek\u00e9ben ker\u00fclje a felhord\u00e1st er\u0151s es\u0151, sz\u00e9ls\u0151s\u00e9ges h\u0151m\u00e9rs\u00e9klet vagy er\u0151s sz\u00e9l eset\u00e9n.<\/li>\n<li>A felhord\u00e1s \u00e9s elt\u00e1vol\u00edt\u00e1s sor\u00e1n viseljen megfelel\u0151 v\u00e9d\u0151keszty\u0171t \u00e9s szemv\u00e9d\u0151t.<\/li>\n<li>Haszn\u00e1lat ut\u00e1n azonnal tiszt\u00edtsa meg a szersz\u00e1mokat megfelel\u0151 tiszt\u00edt\u00f3szerekkel, \u00e9s t\u00e1rolja a tart\u00e1lyt szorosan lez\u00e1rva, h\u0171v\u00f6s, sz\u00e1raz, k\u00f6zvetlen napf\u00e9nyt\u0151l \u00e9s fagyt\u00f3l v\u00e9dett helyen.<\/li>\n<\/ul>","protected":false},"excerpt":{"rendered":"<p>Remove old paint and coatings from exterior walls quickly and effectively. Our facade and exterior wall stripper is specially formulated to dissolve and lift multiple layers of paint, varnish, and surface coatings from masonry and exterior substrates. It penetrates deeply into old finishes, softening them for easy removal without excessive scraping or aggressive mechanical methods. [&hellip;]<\/p>\n","protected":false},"featured_media":25970,"comment_status":"open","ping_status":"closed","template":"","meta":{"_uag_custom_page_level_css":"","site-sidebar-layout":"default","site-content-layout":"","ast-site-content-layout":"default","site-content-style":"default","site-sidebar-style":"default","ast-global-header-display":"","ast-banner-title-visibility":"","ast-main-header-display":"","ast-hfb-above-header-display":"","ast-hfb-below-header-display":"","ast-hfb-mobile-header-display":"","site-post-title":"","ast-breadcrumbs-content":"","ast-featured-img":"","footer-sml-layout":"","ast-disable-related-posts":"","theme-transparent-header-meta":"default","adv-header-id-meta":"","stick-header-meta":"","header-above-stick-meta":"","header-main-stick-meta":"","header-below-stick-meta":"","astra-migrate-meta-layouts":"set","ast-page-background-enabled":"default","ast-page-background-meta":{"desktop":{"background-color":"var(--ast-global-color-4)","background-image":"","background-repeat":"repeat","background-position":"center center","background-size":"auto","background-attachment":"scroll","background-type":"","background-media":"","overlay-type":"","overlay-color":"","overlay-opacity":"","overlay-gradient":""},"tablet":{"background-color":"","background-image":"","background-repeat":"repeat","background-position":"center center","background-size":"auto","background-attachment":"scroll","background-type":"","background-media":"","overlay-type":"","overlay-color":"","overlay-opacity":"","overlay-gradient":""},"mobile":{"background-color":"","background-image":"","background-repeat":"repeat","background-position":"center center","background-size":"auto","background-attachment":"scroll","background-type":"","background-media":"","overlay-type":"","overlay-color":"","overlay-opacity":"","overlay-gradient":""}},"ast-content-background-meta":{"desktop":{"background-color":"var(--ast-global-color-5)","background-image":"","background-repeat":"repeat","background-position":"center center","background-size":"auto","background-attachment":"scroll","background-type":"","background-media":"","overlay-type":"","overlay-color":"","overlay-opacity":"","overlay-gradient":""},"tablet":{"background-color":"var(--ast-global-color-5)","background-image":"","background-repeat":"repeat","background-position":"center center","background-size":"auto","background-attachment":"scroll","background-type":"","background-media":"","overlay-type":"","overlay-color":"","overlay-opacity":"","overlay-gradient":""},"mobile":{"background-color":"var(--ast-global-color-5)","background-image":"","background-repeat":"repeat","background-position":"center center","background-size":"auto","background-attachment":"scroll","background-type":"","background-media":"","overlay-type":"","overlay-color":"","overlay-opacity":"","overlay-gradient":""}}},"product_brand":[],"product_cat":[175],"product_tag":[],"class_list":{"0":"post-23434","1":"product","2":"type-product","3":"status-publish","4":"has-post-thumbnail","6":"product_cat-cleaning-products","7":"desktop-align-left","8":"tablet-align-left","9":"mobile-align-left","11":"first","12":"instock","13":"sale","14":"taxable","15":"shipping-taxable","16":"purchasable","17":"product-type-variable","18":"has-default-attributes"},"spectra_custom_meta":{"_visibility":["visible"],"_shopify_product_id":["7950279114997"],"_s2w_shopify_domain":["ferberpainting.myshopify.com"],"_shopify_variant_id":["43502155661557"],"_sku":[""],"_manage_stock":["no"],"total_sales":["167"],"_tax_status":["taxable"],"_tax_class":[""],"_backorders":["no"],"_sold_individually":["no"],"_virtual":["no"],"_downloadable":["no"],"_download_limit":["-1"],"_download_expiry":["-1"],"_stock":[null],"_stock_status":["instock"],"_wc_average_rating":["4.94"],"_wc_review_count":["50"],"_product_attributes":["a:1:{s:6:\"volume\";a:6:{s:4:\"name\";s:6:\"Volume\";s:5:\"value\";s:20:\"5 liters | 25 liters\";s:8:\"position\";i:1;s:10:\"is_visible\";i:0;s:12:\"is_variation\";i:1;s:11:\"is_taxonomy\";i:0;}}"],"_product_version":["10.5.1"],"_thumbnail_id":["25970"],"_price":["29.90","99.90"],"_product_image_gallery":["25971"],"merchant-center-availability":["yes"],"merchant-center-category":["503741"],"merchant-center-id":["FS"],"wpse_downloadable_file_names":[""],"wpse_downloadable_file_urls":[""],"_edit_last":["1"],"_default_attributes":["a:1:{s:6:\"volume\";s:8:\"5 liters\";}"],"_wc_rating_count":["a:2:{i:4;i:3;i:5;i:47;}"],"_edit_lock":["1771160293:1"],"_wp_page_template":["default"],"site-sidebar-layout":["default"],"ast-site-content-layout":["default"],"site-content-style":["default"],"site-sidebar-style":["default"],"theme-transparent-header-meta":["default"],"astra-migrate-meta-layouts":["set"],"_uag_css_file_name":["uag-css-23434.css"],"_elementor_page_assets":["a:0:{}"],"_uag_page_assets":["a:9:{s:3:\"css\";s:7133:\".uag-blocks-common-selector{z-index:var(--z-index-desktop) !important}@media(max-width: 976px){.uag-blocks-common-selector{z-index:var(--z-index-tablet) !important}}@media(max-width: 767px){.uag-blocks-common-selector{z-index:var(--z-index-mobile) !important}}.wp-block-uagb-image{display:flex}.wp-block-uagb-image__figure{position:relative;display:flex;flex-direction:column;max-width:100%;height:auto;margin:0}.wp-block-uagb-image__figure img{height:auto;display:flex;max-width:100%;transition:box-shadow .2s ease}.wp-block-uagb-image__figure>a{display:inline-block}.wp-block-uagb-image__figure figcaption{text-align:center;margin-top:.5em;margin-bottom:1em}.wp-block-uagb-image .components-placeholder.block-editor-media-placeholder .components-placeholder__instructions{align-self:center}.wp-block-uagb-image--align-left{text-align:left}.wp-block-uagb-image--align-right{text-align:right}.wp-block-uagb-image--align-center{text-align:center}.wp-block-uagb-image--align-full .wp-block-uagb-image__figure{margin-left:calc(50% - 50vw);margin-right:calc(50% - 50vw);max-width:100vw;width:100vw;height:auto}.wp-block-uagb-image--align-full .wp-block-uagb-image__figure img{height:auto;width:100% !important}.wp-block-uagb-image--align-wide .wp-block-uagb-image__figure img{height:auto;width:100%}.wp-block-uagb-image--layout-overlay__color-wrapper{position:absolute;left:0;top:0;right:0;bottom:0;opacity:.2;background:rgba(0,0,0,.5);transition:opacity .35s ease-in-out}.wp-block-uagb-image--layout-overlay-link{position:absolute;left:0;right:0;bottom:0;top:0}.wp-block-uagb-image--layout-overlay .wp-block-uagb-image__figure:hover .wp-block-uagb-image--layout-overlay__color-wrapper{opacity:1}.wp-block-uagb-image--layout-overlay__inner{position:absolute;left:15px;right:15px;bottom:15px;top:15px;display:flex;align-items:center;justify-content:center;flex-direction:column;border-color:#fff;transition:.35s ease-in-out}.wp-block-uagb-image--layout-overlay__inner.top-left,.wp-block-uagb-image--layout-overlay__inner.top-center,.wp-block-uagb-image--layout-overlay__inner.top-right{justify-content:flex-start}.wp-block-uagb-image--layout-overlay__inner.bottom-left,.wp-block-uagb-image--layout-overlay__inner.bottom-center,.wp-block-uagb-image--layout-overlay__inner.bottom-right{justify-content:flex-end}.wp-block-uagb-image--layout-overlay__inner.top-left,.wp-block-uagb-image--layout-overlay__inner.center-left,.wp-block-uagb-image--layout-overlay__inner.bottom-left{align-items:flex-start}.wp-block-uagb-image--layout-overlay__inner.top-right,.wp-block-uagb-image--layout-overlay__inner.center-right,.wp-block-uagb-image--layout-overlay__inner.bottom-right{align-items:flex-end}.wp-block-uagb-image--layout-overlay__inner .uagb-image-heading{color:#fff;transition:transform .35s,opacity .35s ease-in-out;transform:translate3d(0, 24px, 0);margin:0;line-height:1em}.wp-block-uagb-image--layout-overlay__inner .uagb-image-separator{width:30%;border-top-width:2px;border-top-color:#fff;border-top-style:solid;margin-bottom:10px;opacity:0;transition:transform .4s,opacity .4s ease-in-out;transform:translate3d(0, 30px, 0)}.wp-block-uagb-image--layout-overlay__inner .uagb-image-caption{opacity:0;overflow:visible;color:#fff;transition:transform .45s,opacity .45s ease-in-out;transform:translate3d(0, 35px, 0)}.wp-block-uagb-image--layout-overlay__inner:hover .uagb-image-heading,.wp-block-uagb-image--layout-overlay__inner:hover .uagb-image-separator,.wp-block-uagb-image--layout-overlay__inner:hover .uagb-image-caption{opacity:1;transform:translate3d(0, 0, 0)}.wp-block-uagb-image--effect-zoomin .wp-block-uagb-image__figure img,.wp-block-uagb-image--effect-zoomin .wp-block-uagb-image__figure .wp-block-uagb-image--layout-overlay__color-wrapper{transform:scale(1);transition:transform .35s ease-in-out}.wp-block-uagb-image--effect-zoomin .wp-block-uagb-image__figure:hover img,.wp-block-uagb-image--effect-zoomin .wp-block-uagb-image__figure:hover .wp-block-uagb-image--layout-overlay__color-wrapper{transform:scale(1.05)}.wp-block-uagb-image--effect-slide .wp-block-uagb-image__figure img,.wp-block-uagb-image--effect-slide .wp-block-uagb-image__figure .wp-block-uagb-image--layout-overlay__color-wrapper{width:calc(100% + 40px) !important;max-width:none !important;transform:translate3d(-40px, 0, 0);transition:transform .35s ease-in-out}.wp-block-uagb-image--effect-slide .wp-block-uagb-image__figure:hover img,.wp-block-uagb-image--effect-slide .wp-block-uagb-image__figure:hover .wp-block-uagb-image--layout-overlay__color-wrapper{transform:translate3d(0, 0, 0)}.wp-block-uagb-image--effect-grayscale img{filter:grayscale(0%);transition:.35s ease-in-out}.wp-block-uagb-image--effect-grayscale:hover img{filter:grayscale(100%)}.wp-block-uagb-image--effect-blur img{filter:blur(0);transition:.35s ease-in-out}.wp-block-uagb-image--effect-blur:hover img{filter:blur(3px)}.uagb-block-e6f939b3.wp-block-uagb-image--layout-default figure img{box-shadow: 0px 0px 0 #00000070;}.uagb-block-e6f939b3.wp-block-uagb-image .wp-block-uagb-image__figure figcaption{font-style: normal;align-self: center;}.uagb-block-e6f939b3.wp-block-uagb-image--layout-overlay figure img{box-shadow: 0px 0px 0 #00000070;}.uagb-block-e6f939b3.wp-block-uagb-image--layout-overlay .wp-block-uagb-image--layout-overlay__color-wrapper{opacity: 0.2;}.uagb-block-e6f939b3.wp-block-uagb-image--layout-overlay .wp-block-uagb-image--layout-overlay__inner{left: 15px;right: 15px;top: 15px;bottom: 15px;}.uagb-block-e6f939b3.wp-block-uagb-image--layout-overlay .wp-block-uagb-image--layout-overlay__inner .uagb-image-heading{font-style: normal;color: #fff;opacity: 1;}.uagb-block-e6f939b3.wp-block-uagb-image--layout-overlay .wp-block-uagb-image--layout-overlay__inner .uagb-image-heading a{color: #fff;}.uagb-block-e6f939b3.wp-block-uagb-image--layout-overlay .wp-block-uagb-image--layout-overlay__inner .uagb-image-caption{opacity: 0;}.uagb-block-e6f939b3.wp-block-uagb-image--layout-overlay .wp-block-uagb-image__figure:hover .wp-block-uagb-image--layout-overlay__color-wrapper{opacity: 1;}.uagb-block-e6f939b3.wp-block-uagb-image .wp-block-uagb-image--layout-overlay__inner .uagb-image-separator{width: 30%;border-top-width: 2px;border-top-color: #fff;opacity: 0;}.uagb-block-e6f939b3.wp-block-uagb-image .wp-block-uagb-image__figure img{width: px;height: auto;}.uagb-block-e6f939b3.wp-block-uagb-image .wp-block-uagb-image__figure:hover .wp-block-uagb-image--layout-overlay__inner .uagb-image-caption{opacity: 1;}.uagb-block-e6f939b3.wp-block-uagb-image .wp-block-uagb-image__figure:hover .wp-block-uagb-image--layout-overlay__inner .uagb-image-separator{opacity: 1;}.uagb-block-e6f939b3.wp-block-uagb-image--layout-default figure:hover img{box-shadow: 0px 0px 0 #00000070;}.uagb-block-e6f939b3.wp-block-uagb-image--layout-overlay figure:hover img{box-shadow: 0px 0px 0 #00000070;}@media only screen and (max-width: 976px) {.uagb-block-e6f939b3.wp-block-uagb-image .wp-block-uagb-image__figure img{width: px;height: auto;}}@media only screen and (max-width: 767px) {.uagb-block-e6f939b3.wp-block-uagb-image .wp-block-uagb-image__figure img{width: px;height: auto;}}\";s:2:\"js\";s:0:\"\";s:18:\"current_block_list\";a:13:{i:0;s:11:\"core\/search\";i:1;s:10:\"core\/group\";i:2;s:12:\"core\/heading\";i:3;s:17:\"core\/latest-posts\";i:4;s:20:\"core\/latest-comments\";i:5;s:13:\"core\/archives\";i:6;s:15:\"core\/categories\";i:7;s:14:\"core\/paragraph\";i:8;s:10:\"uagb\/image\";i:9;s:11:\"core\/spacer\";i:10;s:30:\"woocommerce\/product-categories\";i:11;s:10:\"core\/image\";i:12;s:14:\"core\/shortcode\";}s:8:\"uag_flag\";b:1;s:11:\"uag_version\";s:10:\"1777351431\";s:6:\"gfonts\";a:0:{}s:10:\"gfonts_url\";s:0:\"\";s:12:\"gfonts_files\";a:0:{}s:14:\"uag_faq_layout\";b:0;}"]},"uagb_featured_image_src":{"full":["https:\/\/www.ferberpainting.com\/wp-content\/uploads\/2025\/05\/Decapantfacade5L.jpg",2560,2560,false],"thumbnail":["https:\/\/www.ferberpainting.com\/wp-content\/uploads\/2025\/05\/Decapantfacade5L-150x150.jpg",150,150,true],"medium":["https:\/\/www.ferberpainting.com\/wp-content\/uploads\/2025\/05\/Decapantfacade5L-300x300.jpg",300,300,true],"medium_large":["https:\/\/www.ferberpainting.com\/wp-content\/uploads\/2025\/05\/Decapantfacade5L-768x768.jpg",768,768,true],"large":["https:\/\/www.ferberpainting.com\/wp-content\/uploads\/2025\/05\/Decapantfacade5L-1024x1024.jpg",1024,1024,true],"1536x1536":["https:\/\/www.ferberpainting.com\/wp-content\/uploads\/2025\/05\/Decapantfacade5L-1536x1536.jpg",1536,1536,true],"2048x2048":["https:\/\/www.ferberpainting.com\/wp-content\/uploads\/2025\/05\/Decapantfacade5L-2048x2048.jpg",2048,2048,true],"trp-custom-language-flag":["https:\/\/www.ferberpainting.com\/wp-content\/uploads\/2025\/05\/Decapantfacade5L-12x12.jpg",12,12,true],"woocommerce_thumbnail":["https:\/\/www.ferberpainting.com\/wp-content\/uploads\/2025\/05\/Decapantfacade5L-300x300.jpg",300,300,true],"woocommerce_single":["https:\/\/www.ferberpainting.com\/wp-content\/uploads\/2025\/05\/Decapantfacade5L-600x600.jpg",600,600,true],"woocommerce_gallery_thumbnail":["https:\/\/www.ferberpainting.com\/wp-content\/uploads\/2025\/05\/Decapantfacade5L-100x100.jpg",100,100,true]},"uagb_author_info":{"display_name":"admin","author_link":"https:\/\/www.ferberpainting.com\/hu\/author\/"},"uagb_comment_info":50,"uagb_excerpt":"Remove old paint and coatings from exterior walls quickly and effectively. Our facade and exterior wall stripper is specially formulated to dissolve and lift multiple layers of paint, varnish, and surface coatings from masonry and exterior substrates. It penetrates deeply into old finishes, softening them for easy removal without excessive scraping or aggressive mechanical methods.&hellip;","_links":{"self":[{"href":"https:\/\/www.ferberpainting.com\/hu\/wp-json\/wp\/v2\/product\/23434","targetHints":{"allow":["GET"]}}],"collection":[{"href":"https:\/\/www.ferberpainting.com\/hu\/wp-json\/wp\/v2\/product"}],"about":[{"href":"https:\/\/www.ferberpainting.com\/hu\/wp-json\/wp\/v2\/types\/product"}],"replies":[{"embeddable":true,"href":"https:\/\/www.ferberpainting.com\/hu\/wp-json\/wp\/v2\/comments?post=23434"}],"version-history":[{"count":3,"href":"https:\/\/www.ferberpainting.com\/hu\/wp-json\/wp\/v2\/product\/23434\/revisions"}],"predecessor-version":[{"id":166114,"href":"https:\/\/www.ferberpainting.com\/hu\/wp-json\/wp\/v2\/product\/23434\/revisions\/166114"}],"wp:featuredmedia":[{"embeddable":true,"href":"https:\/\/www.ferberpainting.com\/hu\/wp-json\/wp\/v2\/media\/25970"}],"wp:attachment":[{"href":"https:\/\/www.ferberpainting.com\/hu\/wp-json\/wp\/v2\/media?parent=23434"}],"wp:term":[{"taxonomy":"product_brand","embeddable":true,"href":"https:\/\/www.ferberpainting.com\/hu\/wp-json\/wp\/v2\/product_brand?post=23434"},{"taxonomy":"product_cat","embeddable":true,"href":"https:\/\/www.ferberpainting.com\/hu\/wp-json\/wp\/v2\/product_cat?post=23434"},{"taxonomy":"product_tag","embeddable":true,"href":"https:\/\/www.ferberpainting.com\/hu\/wp-json\/wp\/v2\/product_tag?post=23434"}],"curies":[{"name":"wp","href":"https:\/\/api.w.org\/{rel}","templated":true}]}}