{"id":23226,"date":"2025-05-26T10:23:24","date_gmt":"2025-05-26T08:23:24","guid":{"rendered":"https:\/\/www.ferberpainting.com\/products\/fabric-and-textile-hardener\/"},"modified":"2026-02-15T16:46:26","modified_gmt":"2026-02-15T15:46:26","slug":"fabric-and-textile-hardener","status":"publish","type":"product","link":"https:\/\/www.ferberpainting.com\/hu\/products\/fabric-and-textile-hardener\/","title":{"rendered":"Sz\u00f6vet- \u00e9s textilkem\u00e9ny\u00edt\u0151"},"content":{"rendered":"<p><img decoding=\"async\" style=\"margin-right: 12px;\" src=\"https:\/\/www.ferberpainting.com\/wp-content\/uploads\/2026\/02\/Check.svg\" alt=\"\" width=\"18\" height=\"15\" \/><strong>Text\u00edli\u00e1k merev\u00edt\u00e9se \u00e9s alak\u00edt\u00e1sa.<\/strong>\u00a0Ezt a sz\u00f6vet- \u00e9s textilkem\u00e9ny\u00edt\u0151t kifejezetten arra tervezt\u00e9k, hogy merevs\u00e9get adjon a puha text\u00edli\u00e1knak, lehet\u0151v\u00e9 t\u00e9ve sz\u00e1mukra egy adott forma megtart\u00e1s\u00e1t. Ide\u00e1lis m\u0171v\u00e9szi alkot\u00e1sokhoz, dekor\u00e1ci\u00f3hoz, jelmezekhez, l\u00e1mpaerny\u0151kh\u00f6z, struktur\u00e1lt f\u00fcgg\u00f6ny\u00f6kh\u00f6z vagy b\u00e1rmilyen m\u00e1s projekthez, amely merev\u00edtett \u00e9s form\u00e1zott text\u00edli\u00e1t ig\u00e9nyel.<\/p>\n<p><strong><img decoding=\"async\" style=\"margin-right: 12px;\" src=\"https:\/\/www.ferberpainting.com\/wp-content\/uploads\/2026\/02\/Check.svg\" alt=\"\" width=\"18\" height=\"15\" \/>P\u00e9nzvisszafizet\u00e9si garancia.<\/strong>\u00a0Teljes m\u00e9rt\u00e9kben megb\u00edzunk a sz\u00f6vet- \u00e9s textilkem\u00e9ny\u00edt\u0151nk hat\u00e9konys\u00e1g\u00e1ban. Ez\u00e9rt ny\u00fajtunk p\u00e9nzvisszafizet\u00e9si garanci\u00e1t. Ha a term\u00e9k az utas\u00edt\u00e1soknak megfelel\u0151 alkalmaz\u00e1s ut\u00e1n nem felel meg az \u00d6n elv\u00e1r\u00e1sainak, minden felt\u00e9tel n\u00e9lk\u00fcl k\u00e9rheti a p\u00e9nzvisszat\u00e9r\u00edt\u00e9st, \u00edgy biztos\u00edtva a biztons\u00e1gos \u00e9s kock\u00e1zatmentes v\u00e1s\u00e1rl\u00e1st.<\/p>\n<p><img decoding=\"async\" style=\"margin-right: 12px;\" src=\"https:\/\/www.ferberpainting.com\/wp-content\/uploads\/2026\/02\/Check.svg\" alt=\"\" width=\"18\" height=\"15\" \/><strong>Sokf\u00e9le text\u00edli\u00e1val kompatibilis.<\/strong>\u00a0Ez a kem\u00e9ny\u00edt\u0151 alkalmas term\u00e9szetes anyagokhoz, mint p\u00e9ld\u00e1ul pamut, v\u00e1szon, selyem, gyapj\u00fa, valamint szintetikus text\u00edli\u00e1khoz, mint p\u00e9ld\u00e1ul poli\u00e9szter \u00e9s nejlon. V\u00e9kony \u00e9s vastag sz\u00f6veteken egyar\u00e1nt haszn\u00e1lhat\u00f3, \u00e9s egyar\u00e1nt alkalmas k\u00f6nny\u0171 anyagokhoz vagy meger\u0151s\u00edtett merevs\u00e9get ig\u00e9nyl\u0151 k\u00e1rpitos text\u00edli\u00e1khoz.<\/p>\n<p><img decoding=\"async\" style=\"margin-right: 12px;\" src=\"https:\/\/www.ferberpainting.com\/wp-content\/uploads\/2026\/02\/Check.svg\" alt=\"\" width=\"18\" height=\"15\" \/><strong>K\u00f6lts\u00e9ghat\u00e9kony \u00e9s optimaliz\u00e1lt teljes\u00edtm\u00e9ny.<\/strong>\u00a0Koncentr\u00e1lt formul\u00e1j\u00e1nak k\u00f6sz\u00f6nhet\u0151en 1 liter term\u00e9kkel 3 \u00e9s 5 m\u00b2 k\u00f6z\u00f6tti textilfel\u00fcletet kezelhet, az anyag felsz\u00edv\u00f3d\u00e1s\u00e1t\u00f3l \u00e9s a k\u00edv\u00e1nt merevs\u00e9gi szintt\u0151l f\u00fcgg\u0151en. \u00c1ltal\u00e1ban egyetlen alkalmaz\u00e1s elegend\u0151 a tart\u00f3s szerkezeti hat\u00e1sok el\u00e9r\u00e9s\u00e9hez, cs\u00f6kkentve az egyes projektekhez sz\u00fcks\u00e9ges mennyis\u00e9get.<\/p>\n<p><img decoding=\"async\" style=\"margin-right: 12px;\" src=\"https:\/\/www.ferberpainting.com\/wp-content\/uploads\/2026\/02\/Check.svg\" alt=\"\" width=\"18\" height=\"15\" \/><strong>Biztons\u00e1gos \u00e9s nem m\u00e9rgez\u0151 term\u00e9k.<\/strong>\u00a0Kem\u00e9ny old\u00f3szerek \u00e9s m\u00e9rgez\u0151 f\u00fcst\u00f6k n\u00e9lk\u00fcl k\u00e9sz\u00fclt, \u00edgy ez a kem\u00e9ny\u00edt\u0151 nem jelent vesz\u00e9lyt a felhaszn\u00e1l\u00f3ra vagy a k\u00f6rnyezetre. Szagtalan, nem gy\u00fal\u00e9kony, \u00e9s k\u00fcl\u00f6nleges v\u00e9delem n\u00e9lk\u00fcl kezelhet\u0151, \u00edgy garant\u00e1lja a biztons\u00e1gos haszn\u00e1latot belt\u00e9ren \u00e9s k\u00fclt\u00e9ren egyar\u00e1nt.<\/p>\n<p><img decoding=\"async\" style=\"margin-right: 12px;\" src=\"https:\/\/www.ferberpainting.com\/wp-content\/uploads\/2026\/02\/Check.svg\" alt=\"\" width=\"18\" height=\"15\" \/><strong>K\u00f6nny\u0171 felvitel \u00e9s gyors sz\u00e1rad\u00e1s.<\/strong>\u00a0Ez a kem\u00e9ny\u00edt\u0151 k\u00e9sz, \u00e9s a k\u00edv\u00e1nt merevs\u00e9gt\u0151l f\u00fcgg\u0151en ecsettel, szivaccsal vagy m\u00e1rt\u00e1ssal k\u00f6nnyen felhordhat\u00f3. Gyorsan behatol a sz\u00e1lakba \u00e9s n\u00e9h\u00e1ny \u00f3r\u00e1n bel\u00fcl megsz\u00e1rad, lehet\u0151v\u00e9 t\u00e9ve a gyors alak\u00edt\u00e1st an\u00e9lk\u00fcl, hogy a kezelt textil text\u00far\u00e1ja vagy megjelen\u00e9se megv\u00e1ltozna.<\/p>\n<p><img decoding=\"async\" style=\"margin-right: 12px;\" src=\"https:\/\/www.ferberpainting.com\/wp-content\/uploads\/2026\/02\/Check.svg\" alt=\"\" width=\"18\" height=\"15\" \/><strong>Fokozott tart\u00f3ss\u00e1g \u00e9s szil\u00e1rds\u00e1g.<\/strong>\u00a0A felhord\u00e1s \u00e9s sz\u00e1rad\u00e1s ut\u00e1n ez a kem\u00e9ny\u00edt\u0151 tart\u00f3s tart\u00e1st biztos\u00edt, ellen\u00e1ll az ism\u00e9telt kezel\u00e9snek \u00e9s a k\u00fcls\u0151 behat\u00e1soknak, p\u00e9ld\u00e1ul a nedvess\u00e9gnek vagy a pornak. Seg\u00edt meg\u0151rizni a merev\u00edtett text\u00edli\u00e1k stabilit\u00e1s\u00e1t \u00e9s eszt\u00e9tikus megjelen\u00e9s\u00e9t, megakad\u00e1lyozva az id\u0151 m\u00fal\u00e1s\u00e1val bek\u00f6vetkez\u0151 deform\u00e1ci\u00f3t vagy megereszked\u00e9st.<\/p>\n<p><img decoding=\"async\" style=\"margin-right: 12px;\" src=\"https:\/\/www.ferberpainting.com\/wp-content\/uploads\/2026\/02\/Check.svg\" alt=\"\" width=\"18\" height=\"15\" \/><strong>Gyors hat\u00e1s az azonnali eredm\u00e9nyek\u00e9rt.<\/strong>\u00a0Alkalmaz\u00e1s ut\u00e1n ez a kem\u00e9ny\u00edt\u0151 azonnal elkezdi struktur\u00e1lni a textilsz\u00e1lakat, lehet\u0151v\u00e9 t\u00e9ve a form\u00e1z\u00e1st mind\u00f6ssze n\u00e9h\u00e1ny perc alatt. Gyors sz\u00e1rad\u00e1sa optimaliz\u00e1lja a projektek befejez\u00e9si idej\u00e9t, elker\u00fclve a hossz\u00fa v\u00e1rakoz\u00e1si id\u0151t a k\u00e9sz elemek elhelyez\u00e9se vagy be\u00e9p\u00edt\u00e9se el\u0151tt.<\/p>\n<h2><strong>Haszn\u00e1lati protokoll<\/strong><\/h2>\n<ul>\n<li><strong>Textil el\u0151k\u00e9sz\u00edt\u00e9s <\/strong>: Alkalmaz\u00e1s el\u0151tt gy\u0151z\u0151dj\u00f6n meg r\u00f3la, hogy a sz\u00f6vet tiszta \u00e9s sz\u00e1raz. \u00daj text\u00edli\u00e1k eset\u00e9ben aj\u00e1nlott lehet az el\u0151zetes mos\u00e1s, hogy elt\u00e1vol\u00edtsuk azokat a fel\u00fcletkezel\u0151 anyagokat, amelyek akad\u00e1lyozhatj\u00e1k a kem\u00e9ny\u00edt\u0151 tapad\u00e1s\u00e1t.<\/li>\n<li><strong>Aj\u00e1nlott adagol\u00e1s <\/strong>: A text\u00edlia porozit\u00e1s\u00e1t\u00f3l \u00e9s vastags\u00e1g\u00e1t\u00f3l f\u00fcgg\u0151en 1 litert kell alkalmazni 3-5 m\u00b2 sz\u00f6vetre. Nagyobb merevs\u00e9g el\u00e9r\u00e9se \u00e9rdek\u00e9ben alkalmazzon nagyobb mennyis\u00e9get, vagy v\u00e9gezzen egy m\u00e1sodik alkalmaz\u00e1st, miut\u00e1n az els\u0151 r\u00e9teg megsz\u00e1radt.<\/li>\n<li><strong>Alkalmaz\u00e1si m\u00f3dszer <\/strong>: Vigye fel a term\u00e9ket ecsettel, szivaccsal vagy m\u00e1rt\u00e1ssal, biztos\u00edtva, hogy a sz\u00f6vet alaposan \u00e9s egyenletesen tel\u00edt\u0151dj\u00f6n. M\u0171v\u00e9szi vagy dekorat\u00edv alkalmaz\u00e1sokhoz sz\u00e1rad\u00e1s el\u0151tt form\u00e1zza a textilt a k\u00edv\u00e1nt form\u00e1ra.<\/li>\n<li><strong>Sz\u00e1rad\u00e1si id\u0151 <\/strong>: Hagyja a sz\u00f6vetet a leveg\u0151n sz\u00e1radni 12-24 \u00f3r\u00e1n kereszt\u00fcl, a k\u00f6rnyezeti p\u00e1ratartalomt\u00f3l \u00e9s a sz\u00f6vet vastags\u00e1g\u00e1t\u00f3l f\u00fcgg\u0151en. A gyorsabb sz\u00e1rad\u00e1s \u00e9rdek\u00e9ben haszn\u00e1ljon ventil\u00e1tort vagy m\u00e9rs\u00e9kelt h\u0151m\u00e9rs\u00e9klet\u0171 hajsz\u00e1r\u00edt\u00f3t.<\/li>\n<li><strong>Befejez\u00e9s \u00e9s karbantart\u00e1s <\/strong>: Miut\u00e1n megszil\u00e1rdult, a text\u00edlia sz\u00fcks\u00e9g szerint festhet\u0151, lakkozhat\u00f3 vagy d\u00edsz\u00edthet\u0151. A nagyobb merevs\u00e9g \u00e9rdek\u00e9ben az els\u0151 r\u00e9teg teljes sz\u00e1rad\u00e1sa ut\u00e1n egy m\u00e1sodik r\u00e9teg is felvihet\u0151.<\/li>\n<li><strong>Szersz\u00e1mtiszt\u00edt\u00e1s <\/strong>: Haszn\u00e1lat ut\u00e1n azonnal tiszt\u00edtsa meg az ecseteket \u00e9s szivacsokat tiszta v\u00edzzel, hogy megakad\u00e1lyozza a megkem\u00e9nyed\u00e9st \u00e9s meghosszabb\u00edtsa az eszk\u00f6z\u00f6k \u00e9lettartam\u00e1t.<\/li>\n<\/ul>","protected":false},"excerpt":{"rendered":"<p>Stiffening and shaping of textiles.\u00a0This fabric and textile hardener is specially designed to give rigidity to soft textiles, allowing them to maintain a specific shape. It is ideal for artistic creations, decoration, costumes, lampshades, structured curtains, or any other project requiring stiffened and shaped textiles. Money-back guarantee.\u00a0We have complete confidence in the effectiveness of our [&hellip;]<\/p>\n","protected":false},"featured_media":25766,"comment_status":"open","ping_status":"closed","template":"","meta":{"_uag_custom_page_level_css":"","site-sidebar-layout":"default","site-content-layout":"","ast-site-content-layout":"default","site-content-style":"default","site-sidebar-style":"default","ast-global-header-display":"","ast-banner-title-visibility":"","ast-main-header-display":"","ast-hfb-above-header-display":"","ast-hfb-below-header-display":"","ast-hfb-mobile-header-display":"","site-post-title":"","ast-breadcrumbs-content":"","ast-featured-img":"","footer-sml-layout":"","ast-disable-related-posts":"","theme-transparent-header-meta":"default","adv-header-id-meta":"","stick-header-meta":"","header-above-stick-meta":"","header-main-stick-meta":"","header-below-stick-meta":"","astra-migrate-meta-layouts":"set","ast-page-background-enabled":"default","ast-page-background-meta":{"desktop":{"background-color":"var(--ast-global-color-4)","background-image":"","background-repeat":"repeat","background-position":"center center","background-size":"auto","background-attachment":"scroll","background-type":"","background-media":"","overlay-type":"","overlay-color":"","overlay-opacity":"","overlay-gradient":""},"tablet":{"background-color":"","background-image":"","background-repeat":"repeat","background-position":"center center","background-size":"auto","background-attachment":"scroll","background-type":"","background-media":"","overlay-type":"","overlay-color":"","overlay-opacity":"","overlay-gradient":""},"mobile":{"background-color":"","background-image":"","background-repeat":"repeat","background-position":"center center","background-size":"auto","background-attachment":"scroll","background-type":"","background-media":"","overlay-type":"","overlay-color":"","overlay-opacity":"","overlay-gradient":""}},"ast-content-background-meta":{"desktop":{"background-color":"var(--ast-global-color-5)","background-image":"","background-repeat":"repeat","background-position":"center center","background-size":"auto","background-attachment":"scroll","background-type":"","background-media":"","overlay-type":"","overlay-color":"","overlay-opacity":"","overlay-gradient":""},"tablet":{"background-color":"var(--ast-global-color-5)","background-image":"","background-repeat":"repeat","background-position":"center center","background-size":"auto","background-attachment":"scroll","background-type":"","background-media":"","overlay-type":"","overlay-color":"","overlay-opacity":"","overlay-gradient":""},"mobile":{"background-color":"var(--ast-global-color-5)","background-image":"","background-repeat":"repeat","background-position":"center center","background-size":"auto","background-attachment":"scroll","background-type":"","background-media":"","overlay-type":"","overlay-color":"","overlay-opacity":"","overlay-gradient":""}}},"product_brand":[],"product_cat":[175],"product_tag":[],"class_list":{"0":"post-23226","1":"product","2":"type-product","3":"status-publish","4":"has-post-thumbnail","6":"product_cat-cleaning-products","7":"desktop-align-left","8":"tablet-align-left","9":"mobile-align-left","11":"first","12":"instock","13":"sale","14":"taxable","15":"shipping-taxable","16":"purchasable","17":"product-type-variable","18":"has-default-attributes"},"spectra_custom_meta":{"_visibility":["visible"],"_shopify_product_id":["9059927228661"],"_s2w_shopify_domain":["ferberpainting.myshopify.com"],"_shopify_variant_id":["46482300010741"],"_sku":[""],"_manage_stock":["no"],"total_sales":["173"],"_tax_status":["taxable"],"_tax_class":[""],"_backorders":["no"],"_sold_individually":["no"],"_virtual":["no"],"_downloadable":["no"],"_download_limit":["-1"],"_download_expiry":["-1"],"_stock":[null],"_stock_status":["instock"],"_wc_average_rating":["4.75"],"_wc_review_count":["8"],"_product_attributes":["a:1:{s:6:\"volume\";a:6:{s:4:\"name\";s:6:\"Volume\";s:5:\"value\";s:20:\"5 liters | 25 liters\";s:8:\"position\";i:1;s:10:\"is_visible\";i:0;s:12:\"is_variation\";i:1;s:11:\"is_taxonomy\";i:0;}}"],"_product_version":["10.5.1"],"_thumbnail_id":["25766"],"_product_image_gallery":["25767"],"wpse_downloadable_file_names":[""],"wpse_downloadable_file_urls":[""],"_edit_last":["1"],"_default_attributes":["a:1:{s:6:\"volume\";s:8:\"5 liters\";}"],"_edit_lock":["1771170272:1"],"_price":["29.90","129.90"],"merchant-center-availability":["yes"],"merchant-center-category":["8043"],"_wp_page_template":["default"],"site-sidebar-layout":["default"],"ast-site-content-layout":["default"],"site-content-style":["default"],"site-sidebar-style":["default"],"theme-transparent-header-meta":["default"],"_wc_rating_count":["a:2:{i:4;i:2;i:5;i:6;}"],"astra-migrate-meta-layouts":["set"],"_uag_css_file_name":["uag-css-23226.css"],"_elementor_page_assets":["a:0:{}"],"_uag_page_assets":["a:9:{s:3:\"css\";s:7133:\".uag-blocks-common-selector{z-index:var(--z-index-desktop) !important}@media(max-width: 976px){.uag-blocks-common-selector{z-index:var(--z-index-tablet) !important}}@media(max-width: 767px){.uag-blocks-common-selector{z-index:var(--z-index-mobile) !important}}.wp-block-uagb-image{display:flex}.wp-block-uagb-image__figure{position:relative;display:flex;flex-direction:column;max-width:100%;height:auto;margin:0}.wp-block-uagb-image__figure img{height:auto;display:flex;max-width:100%;transition:box-shadow .2s ease}.wp-block-uagb-image__figure>a{display:inline-block}.wp-block-uagb-image__figure figcaption{text-align:center;margin-top:.5em;margin-bottom:1em}.wp-block-uagb-image .components-placeholder.block-editor-media-placeholder .components-placeholder__instructions{align-self:center}.wp-block-uagb-image--align-left{text-align:left}.wp-block-uagb-image--align-right{text-align:right}.wp-block-uagb-image--align-center{text-align:center}.wp-block-uagb-image--align-full .wp-block-uagb-image__figure{margin-left:calc(50% - 50vw);margin-right:calc(50% - 50vw);max-width:100vw;width:100vw;height:auto}.wp-block-uagb-image--align-full .wp-block-uagb-image__figure img{height:auto;width:100% !important}.wp-block-uagb-image--align-wide .wp-block-uagb-image__figure img{height:auto;width:100%}.wp-block-uagb-image--layout-overlay__color-wrapper{position:absolute;left:0;top:0;right:0;bottom:0;opacity:.2;background:rgba(0,0,0,.5);transition:opacity .35s ease-in-out}.wp-block-uagb-image--layout-overlay-link{position:absolute;left:0;right:0;bottom:0;top:0}.wp-block-uagb-image--layout-overlay .wp-block-uagb-image__figure:hover .wp-block-uagb-image--layout-overlay__color-wrapper{opacity:1}.wp-block-uagb-image--layout-overlay__inner{position:absolute;left:15px;right:15px;bottom:15px;top:15px;display:flex;align-items:center;justify-content:center;flex-direction:column;border-color:#fff;transition:.35s ease-in-out}.wp-block-uagb-image--layout-overlay__inner.top-left,.wp-block-uagb-image--layout-overlay__inner.top-center,.wp-block-uagb-image--layout-overlay__inner.top-right{justify-content:flex-start}.wp-block-uagb-image--layout-overlay__inner.bottom-left,.wp-block-uagb-image--layout-overlay__inner.bottom-center,.wp-block-uagb-image--layout-overlay__inner.bottom-right{justify-content:flex-end}.wp-block-uagb-image--layout-overlay__inner.top-left,.wp-block-uagb-image--layout-overlay__inner.center-left,.wp-block-uagb-image--layout-overlay__inner.bottom-left{align-items:flex-start}.wp-block-uagb-image--layout-overlay__inner.top-right,.wp-block-uagb-image--layout-overlay__inner.center-right,.wp-block-uagb-image--layout-overlay__inner.bottom-right{align-items:flex-end}.wp-block-uagb-image--layout-overlay__inner .uagb-image-heading{color:#fff;transition:transform .35s,opacity .35s ease-in-out;transform:translate3d(0, 24px, 0);margin:0;line-height:1em}.wp-block-uagb-image--layout-overlay__inner .uagb-image-separator{width:30%;border-top-width:2px;border-top-color:#fff;border-top-style:solid;margin-bottom:10px;opacity:0;transition:transform .4s,opacity .4s ease-in-out;transform:translate3d(0, 30px, 0)}.wp-block-uagb-image--layout-overlay__inner .uagb-image-caption{opacity:0;overflow:visible;color:#fff;transition:transform .45s,opacity .45s ease-in-out;transform:translate3d(0, 35px, 0)}.wp-block-uagb-image--layout-overlay__inner:hover .uagb-image-heading,.wp-block-uagb-image--layout-overlay__inner:hover .uagb-image-separator,.wp-block-uagb-image--layout-overlay__inner:hover .uagb-image-caption{opacity:1;transform:translate3d(0, 0, 0)}.wp-block-uagb-image--effect-zoomin .wp-block-uagb-image__figure img,.wp-block-uagb-image--effect-zoomin .wp-block-uagb-image__figure .wp-block-uagb-image--layout-overlay__color-wrapper{transform:scale(1);transition:transform .35s ease-in-out}.wp-block-uagb-image--effect-zoomin .wp-block-uagb-image__figure:hover img,.wp-block-uagb-image--effect-zoomin .wp-block-uagb-image__figure:hover .wp-block-uagb-image--layout-overlay__color-wrapper{transform:scale(1.05)}.wp-block-uagb-image--effect-slide .wp-block-uagb-image__figure img,.wp-block-uagb-image--effect-slide .wp-block-uagb-image__figure .wp-block-uagb-image--layout-overlay__color-wrapper{width:calc(100% + 40px) !important;max-width:none !important;transform:translate3d(-40px, 0, 0);transition:transform .35s ease-in-out}.wp-block-uagb-image--effect-slide .wp-block-uagb-image__figure:hover img,.wp-block-uagb-image--effect-slide .wp-block-uagb-image__figure:hover .wp-block-uagb-image--layout-overlay__color-wrapper{transform:translate3d(0, 0, 0)}.wp-block-uagb-image--effect-grayscale img{filter:grayscale(0%);transition:.35s ease-in-out}.wp-block-uagb-image--effect-grayscale:hover img{filter:grayscale(100%)}.wp-block-uagb-image--effect-blur img{filter:blur(0);transition:.35s ease-in-out}.wp-block-uagb-image--effect-blur:hover img{filter:blur(3px)}.uagb-block-e6f939b3.wp-block-uagb-image--layout-default figure img{box-shadow: 0px 0px 0 #00000070;}.uagb-block-e6f939b3.wp-block-uagb-image .wp-block-uagb-image__figure figcaption{font-style: normal;align-self: center;}.uagb-block-e6f939b3.wp-block-uagb-image--layout-overlay figure img{box-shadow: 0px 0px 0 #00000070;}.uagb-block-e6f939b3.wp-block-uagb-image--layout-overlay .wp-block-uagb-image--layout-overlay__color-wrapper{opacity: 0.2;}.uagb-block-e6f939b3.wp-block-uagb-image--layout-overlay .wp-block-uagb-image--layout-overlay__inner{left: 15px;right: 15px;top: 15px;bottom: 15px;}.uagb-block-e6f939b3.wp-block-uagb-image--layout-overlay .wp-block-uagb-image--layout-overlay__inner .uagb-image-heading{font-style: normal;color: #fff;opacity: 1;}.uagb-block-e6f939b3.wp-block-uagb-image--layout-overlay .wp-block-uagb-image--layout-overlay__inner .uagb-image-heading a{color: #fff;}.uagb-block-e6f939b3.wp-block-uagb-image--layout-overlay .wp-block-uagb-image--layout-overlay__inner .uagb-image-caption{opacity: 0;}.uagb-block-e6f939b3.wp-block-uagb-image--layout-overlay .wp-block-uagb-image__figure:hover .wp-block-uagb-image--layout-overlay__color-wrapper{opacity: 1;}.uagb-block-e6f939b3.wp-block-uagb-image .wp-block-uagb-image--layout-overlay__inner .uagb-image-separator{width: 30%;border-top-width: 2px;border-top-color: #fff;opacity: 0;}.uagb-block-e6f939b3.wp-block-uagb-image .wp-block-uagb-image__figure img{width: px;height: auto;}.uagb-block-e6f939b3.wp-block-uagb-image .wp-block-uagb-image__figure:hover .wp-block-uagb-image--layout-overlay__inner .uagb-image-caption{opacity: 1;}.uagb-block-e6f939b3.wp-block-uagb-image .wp-block-uagb-image__figure:hover .wp-block-uagb-image--layout-overlay__inner .uagb-image-separator{opacity: 1;}.uagb-block-e6f939b3.wp-block-uagb-image--layout-default figure:hover img{box-shadow: 0px 0px 0 #00000070;}.uagb-block-e6f939b3.wp-block-uagb-image--layout-overlay figure:hover img{box-shadow: 0px 0px 0 #00000070;}@media only screen and (max-width: 976px) {.uagb-block-e6f939b3.wp-block-uagb-image .wp-block-uagb-image__figure img{width: px;height: auto;}}@media only screen and (max-width: 767px) {.uagb-block-e6f939b3.wp-block-uagb-image .wp-block-uagb-image__figure img{width: px;height: auto;}}\";s:2:\"js\";s:0:\"\";s:18:\"current_block_list\";a:13:{i:0;s:11:\"core\/search\";i:1;s:10:\"core\/group\";i:2;s:12:\"core\/heading\";i:3;s:17:\"core\/latest-posts\";i:4;s:20:\"core\/latest-comments\";i:5;s:13:\"core\/archives\";i:6;s:15:\"core\/categories\";i:7;s:14:\"core\/paragraph\";i:8;s:10:\"uagb\/image\";i:9;s:11:\"core\/spacer\";i:10;s:30:\"woocommerce\/product-categories\";i:11;s:10:\"core\/image\";i:12;s:14:\"core\/shortcode\";}s:8:\"uag_flag\";b:1;s:11:\"uag_version\";s:10:\"1777198797\";s:6:\"gfonts\";a:0:{}s:10:\"gfonts_url\";s:0:\"\";s:12:\"gfonts_files\";a:0:{}s:14:\"uag_faq_layout\";b:0;}"]},"uagb_featured_image_src":{"full":["https:\/\/www.ferberpainting.com\/wp-content\/uploads\/2025\/05\/FabricandTextileHardener5L.png",2560,2560,false],"thumbnail":["https:\/\/www.ferberpainting.com\/wp-content\/uploads\/2025\/05\/FabricandTextileHardener5L-150x150.png",150,150,true],"medium":["https:\/\/www.ferberpainting.com\/wp-content\/uploads\/2025\/05\/FabricandTextileHardener5L-300x300.png",300,300,true],"medium_large":["https:\/\/www.ferberpainting.com\/wp-content\/uploads\/2025\/05\/FabricandTextileHardener5L-768x768.png",768,768,true],"large":["https:\/\/www.ferberpainting.com\/wp-content\/uploads\/2025\/05\/FabricandTextileHardener5L-1024x1024.png",1024,1024,true],"1536x1536":["https:\/\/www.ferberpainting.com\/wp-content\/uploads\/2025\/05\/FabricandTextileHardener5L-1536x1536.png",1536,1536,true],"2048x2048":["https:\/\/www.ferberpainting.com\/wp-content\/uploads\/2025\/05\/FabricandTextileHardener5L-2048x2048.png",2048,2048,true],"trp-custom-language-flag":["https:\/\/www.ferberpainting.com\/wp-content\/uploads\/2025\/05\/FabricandTextileHardener5L-12x12.png",12,12,true],"woocommerce_thumbnail":["https:\/\/www.ferberpainting.com\/wp-content\/uploads\/2025\/05\/FabricandTextileHardener5L-300x300.png",300,300,true],"woocommerce_single":["https:\/\/www.ferberpainting.com\/wp-content\/uploads\/2025\/05\/FabricandTextileHardener5L-600x600.png",600,600,true],"woocommerce_gallery_thumbnail":["https:\/\/www.ferberpainting.com\/wp-content\/uploads\/2025\/05\/FabricandTextileHardener5L-100x100.png",100,100,true]},"uagb_author_info":{"display_name":"admin","author_link":"https:\/\/www.ferberpainting.com\/hu\/author\/"},"uagb_comment_info":8,"uagb_excerpt":"Stiffening and shaping of textiles.\u00a0This fabric and textile hardener is specially designed to give rigidity to soft textiles, allowing them to maintain a specific shape. It is ideal for artistic creations, decoration, costumes, lampshades, structured curtains, or any other project requiring stiffened and shaped textiles. Money-back guarantee.\u00a0We have complete confidence in the effectiveness of our&hellip;","_links":{"self":[{"href":"https:\/\/www.ferberpainting.com\/hu\/wp-json\/wp\/v2\/product\/23226","targetHints":{"allow":["GET"]}}],"collection":[{"href":"https:\/\/www.ferberpainting.com\/hu\/wp-json\/wp\/v2\/product"}],"about":[{"href":"https:\/\/www.ferberpainting.com\/hu\/wp-json\/wp\/v2\/types\/product"}],"replies":[{"embeddable":true,"href":"https:\/\/www.ferberpainting.com\/hu\/wp-json\/wp\/v2\/comments?post=23226"}],"version-history":[{"count":6,"href":"https:\/\/www.ferberpainting.com\/hu\/wp-json\/wp\/v2\/product\/23226\/revisions"}],"predecessor-version":[{"id":166282,"href":"https:\/\/www.ferberpainting.com\/hu\/wp-json\/wp\/v2\/product\/23226\/revisions\/166282"}],"wp:featuredmedia":[{"embeddable":true,"href":"https:\/\/www.ferberpainting.com\/hu\/wp-json\/wp\/v2\/media\/25766"}],"wp:attachment":[{"href":"https:\/\/www.ferberpainting.com\/hu\/wp-json\/wp\/v2\/media?parent=23226"}],"wp:term":[{"taxonomy":"product_brand","embeddable":true,"href":"https:\/\/www.ferberpainting.com\/hu\/wp-json\/wp\/v2\/product_brand?post=23226"},{"taxonomy":"product_cat","embeddable":true,"href":"https:\/\/www.ferberpainting.com\/hu\/wp-json\/wp\/v2\/product_cat?post=23226"},{"taxonomy":"product_tag","embeddable":true,"href":"https:\/\/www.ferberpainting.com\/hu\/wp-json\/wp\/v2\/product_tag?post=23226"}],"curies":[{"name":"wp","href":"https:\/\/api.w.org\/{rel}","templated":true}]}}