{"id":23214,"date":"2025-05-26T10:23:21","date_gmt":"2025-05-26T08:23:21","guid":{"rendered":"https:\/\/www.ferberpainting.com\/products\/eucalyptus-fertilizer\/"},"modified":"2026-02-15T13:55:42","modified_gmt":"2026-02-15T12:55:42","slug":"eucalyptus-fertilizer","status":"publish","type":"product","link":"https:\/\/www.ferberpainting.com\/hu\/products\/eucalyptus-fertilizer\/","title":{"rendered":"Eukaliptusz m\u0171tr\u00e1gya"},"content":{"rendered":"<p><img decoding=\"async\" style=\"margin-right: 12px;\" src=\"https:\/\/www.ferberpainting.com\/wp-content\/uploads\/2026\/02\/Check.svg\" alt=\"\" width=\"18\" height=\"15\" \/><strong>Teljes \u00e9rt\u00e9k\u0171 m\u0171tr\u00e1gya a gyors n\u00f6veked\u00e9s\u00e9rt \u00e9s s\u0171r\u0171 lombozat\u00e9rt.<\/strong>\u00a0Ez az eukaliptusz m\u0171tr\u00e1gya kifejezetten e gyorsan n\u00f6v\u0151 fa k\u00fcl\u00f6nleges ig\u00e9nyeihez lett kifejlesztve. NPK 15-15-15 \u00f6sszet\u00e9tel\u00e9nek k\u00f6sz\u00f6nhet\u0151en t\u00f6k\u00e9letes egyens\u00falyt biztos\u00edt a nitrog\u00e9n (N), amely el\u0151seg\u00edti a d\u00fas z\u00f6ld lombozatot, a foszfor (P), amely serkenti a m\u00e9ly \u00e9s er\u0151s gy\u00f6k\u00e9rzetet, \u00e9s a k\u00e1lium (K) k\u00f6z\u00f6tt, amely jav\u00edtja a betegs\u00e9gekkel \u00e9s a sz\u00e9ls\u0151s\u00e9ges \u00e9ghajlati viszonyokkal szembeni ellen\u00e1ll\u00f3 k\u00e9pess\u00e9get. Az eukaliptusz hat\u00e9kony t\u00e1pl\u00e1l\u00e1s\u00e1val ez a m\u0171tr\u00e1gya harmonikus fejl\u0151d\u00e9st, er\u0151s t\u00f6rzset \u00e9s fokozott arom\u00e1j\u00fa leveleket biztos\u00edt.<\/p>\n<p><img decoding=\"async\" style=\"margin-right: 12px;\" src=\"https:\/\/www.ferberpainting.com\/wp-content\/uploads\/2026\/02\/Check.svg\" alt=\"\" width=\"18\" height=\"15\" \/><strong>P\u00e9nzvisszafizet\u00e9si garancia.<\/strong>\u00a0Teljes m\u00e9rt\u00e9kben megb\u00edzunk eukaliptusz m\u0171tr\u00e1gy\u00e1nk hat\u00e9konys\u00e1g\u00e1ban, ez\u00e9rt p\u00e9nzvisszafizet\u00e9si garanci\u00e1t k\u00edn\u00e1lunk \u00d6nnek. Ha az aj\u00e1nl\u00e1soknak megfelel\u0151 haszn\u00e1latot k\u00f6vet\u0151en az eukaliptusz nem mutat gyorsabb n\u00f6veked\u00e9st vagy s\u0171r\u0171bb lombozatot, v\u00e1llaljuk, hogy teljes m\u00e9rt\u00e9kben visszat\u00e9r\u00edtj\u00fck az \u00e1r\u00e1t. Ez a garancia nyugalmat biztos\u00edt \u00d6nnek a v\u00e1s\u00e1rl\u00e1skor.<\/p>\n<p><img decoding=\"async\" style=\"margin-right: 12px;\" src=\"https:\/\/www.ferberpainting.com\/wp-content\/uploads\/2026\/02\/Check.svg\" alt=\"\" width=\"18\" height=\"15\" \/><strong>Alkalmas minden eukaliptuszfajt\u00e1hoz \u00e9s minden termeszt\u00e9si k\u00f6r\u00fclm\u00e9nyhez.<\/strong>\u00a0Ez a m\u0171tr\u00e1gya alkalmas minden eukaliptuszfajhoz, legyen sz\u00f3 Eucalyptus gunnii, Eucalyptus globulus vagy Eucalyptus citriodora fajt\u00e1r\u00f3l, amelyet cser\u00e9pben, szabadf\u00f6ld\u00f6n vagy \u00fcvegh\u00e1zban termesztenek. Fiatal n\u00f6v\u00e9nyekn\u00e9l \u00e9s \u00e9rett f\u00e1kn\u00e1l egyar\u00e1nt j\u00f3l m\u0171k\u00f6dik, \u00e9s minden talajt\u00edpuson hat\u00e9konyan m\u0171k\u00f6dik, bele\u00e9rtve a gyenge, homokos vagy enyh\u00e9n savany\u00fa talajokat is.<\/p>\n<p><img decoding=\"async\" style=\"margin-right: 12px;\" src=\"https:\/\/www.ferberpainting.com\/wp-content\/uploads\/2026\/02\/Check.svg\" alt=\"\" width=\"18\" height=\"15\" \/><strong>K\u00f6lts\u00e9ghat\u00e9kony megold\u00e1s \u00e9s hosszan tart\u00f3 tr\u00e1gy\u00e1z\u00e1s.<\/strong>\u00a0Koncentr\u00e1lt foly\u00e9kony \u00f6sszet\u00e9tel\u00e9nek k\u00f6sz\u00f6nhet\u0151en egy 5 literes kann\u00e1val ak\u00e1r 1000 liter tr\u00e1gy\u00e1z\u00f3 oldat is elk\u00e9sz\u00edthet\u0151, \u00edgy biztos\u00edtva a hosszan tart\u00f3 \u00e9s k\u00f6lts\u00e9ghat\u00e9kony tr\u00e1gy\u00e1z\u00e1st. A literenk\u00e9nt 5 ml-es adagol\u00e1ssal ez a m\u0171tr\u00e1gya elegend\u0151 a rendszeres \u00e9s er\u0151teljes n\u00f6veked\u00e9s biztos\u00edt\u00e1s\u00e1hoz, mik\u00f6zben minim\u00e1lisra cs\u00f6kkenti a hullad\u00e9kot \u00e9s kiv\u00e1l\u00f3 \u00e1r-min\u0151s\u00e9g ar\u00e1nyt k\u00edn\u00e1l.<\/p>\n<p><img decoding=\"async\" style=\"margin-right: 12px;\" src=\"https:\/\/www.ferberpainting.com\/wp-content\/uploads\/2026\/02\/Check.svg\" alt=\"\" width=\"18\" height=\"15\" \/><strong>Biztons\u00e1gos \u00e9s k\u00f6rnyezetbar\u00e1t m\u0171tr\u00e1gya.<\/strong>\u00a0Ez a m\u0171tr\u00e1gya agressz\u00edv vegyszerek n\u00e9lk\u00fcl k\u00e9sz\u00fclt, \u00edgy tiszteletben tartja a talaj term\u00e9szetes egyens\u00faly\u00e1t \u00e9s a biol\u00f3giai sokf\u00e9les\u00e9get. El\u0151seg\u00edti a t\u00e1panyagok gyors felsz\u00edv\u00f3d\u00e1s\u00e1t an\u00e9lk\u00fcl, hogy negat\u00edvan befoly\u00e1soln\u00e1 a k\u00f6rnyezetet. Biztons\u00e1gos az \u00e1llatvil\u00e1g, a n\u00f6v\u00e9nyvil\u00e1g \u00e9s a h\u00e1zi\u00e1llatok sz\u00e1m\u00e1ra, \u00edgy k\u00edm\u00e9letes \u00e9s hat\u00e9kony tr\u00e1gy\u00e1z\u00e1st biztos\u00edt a talaj min\u0151s\u00e9g\u00e9nek roml\u00e1sa n\u00e9lk\u00fcl.<\/p>\n<p><img decoding=\"async\" style=\"margin-right: 12px;\" src=\"https:\/\/www.ferberpainting.com\/wp-content\/uploads\/2026\/02\/Check.svg\" alt=\"\" width=\"18\" height=\"15\" \/><strong>K\u00f6nny\u0171 kijuttat\u00e1s a k\u00f6nnyed tr\u00e1gy\u00e1z\u00e1s \u00e9rdek\u00e9ben.<\/strong>\u00a0A szil\u00e1rd m\u0171tr\u00e1gy\u00e1kkal ellent\u00e9tben, amelyek prec\u00edz kisz\u00f3r\u00e1st \u00e9s betemet\u00e9st ig\u00e9nyelnek, ez a foly\u00e9kony m\u0171tr\u00e1gya k\u00f6zvetlen\u00fcl az \u00f6nt\u00f6z\u0151v\u00edzbe h\u00edgul, biztos\u00edtva a t\u00e1panyagok gyors \u00e9s optim\u00e1lis asszimil\u00e1ci\u00f3j\u00e1t. A fa t\u00f6v\u00e9n\u00e9l t\u00f6rt\u00e9n\u0151 \u00f6nt\u00f6z\u00e9ssel vagy lombpermetez\u00e9ssel is kijuttathat\u00f3, ami nagyfok\u00fa rugalmass\u00e1got \u00e9s a t\u00e1panyagok jobb felsz\u00edv\u00f3d\u00e1s\u00e1t biztos\u00edtja.<\/p>\n<p><img decoding=\"async\" style=\"margin-right: 12px;\" src=\"https:\/\/www.ferberpainting.com\/wp-content\/uploads\/2026\/02\/Check.svg\" alt=\"\" width=\"18\" height=\"15\" \/><strong>Fenntarthat\u00f3 fell\u00e9p\u00e9s a gyorsabb n\u00f6veked\u00e9s\u00e9rt \u00e9s a jobb ellen\u00e1ll\u00f3 k\u00e9pess\u00e9g\u00e9rt.<\/strong>\u00a0A t\u00e1panyagok fokozatos felszabadul\u00e1s\u00e1nak k\u00f6sz\u00f6nhet\u0151en ez a m\u0171tr\u00e1gya serkenti a hajt\u00e1sok \u00e9s a lombozat gyors n\u00f6veked\u00e9s\u00e9t, mik\u00f6zben er\u0151s\u00edti a fa szerkezet\u00e9t \u00e9s ellen\u00e1ll\u00e1s\u00e1t a k\u00fcls\u0151 agresszi\u00f3kkal szemben. Emellett jav\u00edtja a fa sz\u00e1razs\u00e1g-, sz\u00e9l- \u00e9s kl\u00edmav\u00e1ltoz\u00e1ssal szembeni ellen\u00e1ll\u00f3 k\u00e9pess\u00e9g\u00e9t, biztos\u00edtva a jobb \u00e9lettartamot \u00e9s a k\u00f6rnyezet\u00e9hez val\u00f3 optim\u00e1lis alkalmazkod\u00e1st.<\/p>\n<p><img decoding=\"async\" style=\"margin-right: 12px;\" src=\"https:\/\/www.ferberpainting.com\/wp-content\/uploads\/2026\/02\/Check.svg\" alt=\"\" width=\"18\" height=\"15\" \/><strong>L\u00e1that\u00f3 eredm\u00e9nyek az els\u0151 hetekt\u0151l kezdve.<\/strong>\u00a0Ez a m\u0171tr\u00e1gya m\u00e1r az els\u0151 alkalmaz\u00e1st\u00f3l kezdve felgyors\u00edtja a fiatal hajt\u00e1sok fejl\u0151d\u00e9s\u00e9t, jav\u00edtja a lev\u00e9ls\u0171r\u0171s\u00e9get \u00e9s el\u0151seg\u00edti a m\u00e9lyebb gy\u00f6keresed\u00e9st. Seg\u00edt tov\u00e1bb\u00e1 az eukaliptusznak, hogy t\u00f6bb, s\u0171r\u0171bb \u00e9s arom\u00e1sabb levelet hozzon, amelyek fokozott k\u00e1rtev\u0151kkel szembeni tasz\u00edt\u00f3 tulajdons\u00e1gokkal rendelkeznek.<\/p>\n<h2><strong>Haszn\u00e1lati protokoll<\/strong><\/h2>\n<ul>\n<li><strong>M\u0171tr\u00e1gya h\u00edg\u00edt\u00e1sa <\/strong>: Keverjen \u00f6ssze 5 ml m\u0171tr\u00e1gy\u00e1t 1 liter v\u00edzhez. Minden egyes kijuttat\u00e1s el\u0151tt j\u00f3l r\u00e1zza fel az oldatot a t\u00e1panyagok egyenletes eloszl\u00e1s\u00e1nak biztos\u00edt\u00e1sa \u00e9rdek\u00e9ben.<\/li>\n<li><strong>Alkalmaz\u00e1si m\u00f3dszer <\/strong>:\n<ul>\n<li><strong>\u00d6nt\u00f6z\u00e9ssel <\/strong>: \u00d6ntse a h\u00edg\u00edtott oldatot k\u00f6zvetlen\u00fcl a fa t\u00f6v\u00e9hez, \u00fcgyelve arra, hogy a talaj j\u00f3l \u00e1t\u00e1zzon, de ne t\u00falzottan, hogy elker\u00fclje a felesleges lefoly\u00e1st.<\/li>\n<li><strong>Lombpermetez\u00e9ssel<\/strong> : Enyh\u00e9n permetezze az oldatot a levelekre, lehet\u0151leg kora reggel vagy k\u00e9s\u0151 este, hogy megakad\u00e1lyozza a gyors p\u00e1rolg\u00e1st \u00e9s biztos\u00edtsa az optim\u00e1lis felsz\u00edv\u00f3d\u00e1st.<\/li>\n<\/ul>\n<\/li>\n<li><strong>Haszn\u00e1lati gyakoris\u00e1g <\/strong>: A m\u0171tr\u00e1gy\u00e1t az akt\u00edv n\u00f6veked\u00e9si id\u0151szakban (tavasz-ny\u00e1r) 15 naponta, a nyugalmi id\u0151szakban (\u0151sz-t\u00e9l) pedig havonta egyszer kell kijuttatni, hogy a fa eg\u00e9sz \u00e9vben megfelel\u0151 fejl\u0151d\u00e9sben maradjon.<\/li>\n<li><strong>Kieg\u00e9sz\u00edt\u0151 \u00f6nt\u00f6z\u00e9s <\/strong>: A m\u0171tr\u00e1gya kijuttat\u00e1sa ut\u00e1n v\u00e1rjon 48 \u00f3r\u00e1t az \u00fajabb \u00f6nt\u00f6z\u00e9ssel, hogy a gy\u00f6kerek optim\u00e1lisan felsz\u00edvhass\u00e1k a t\u00e1panyagokat.<\/li>\n<li><strong>Haszn\u00e1lati \u00f3vint\u00e9zked\u00e9sek <\/strong>: Ne l\u00e9pje t\u00fal az aj\u00e1nlott adagokat, hogy elker\u00fclje a t\u00falzott t\u00e1panyagbevitelt, amely t\u00fal gyors \u00e9s kiegyens\u00falyozatlan n\u00f6veked\u00e9st okozhat. A t\u00e1panyagok optim\u00e1lis asszimil\u00e1ci\u00f3j\u00e1nak biztos\u00edt\u00e1sa \u00e9rdek\u00e9ben csak enyh\u00e9n nedves talajon alkalmazza.<\/li>\n<li><strong>T\u00e1rol\u00e1s \u00e9s meg\u0151rz\u00e9s <\/strong>: A m\u0171tr\u00e1gy\u00e1t sz\u00e1raz \u00e9s m\u00e9rs\u00e9kelt h\u0151m\u00e9rs\u00e9klet\u0171, f\u00e9nyt\u0151l \u00e9s nedvess\u00e9gt\u0151l v\u00e9dett helyen t\u00e1rolja. A term\u00e9k hat\u00e9konys\u00e1g\u00e1nak meg\u0151rz\u00e9se \u00e9s a p\u00e1rolg\u00e1s elker\u00fcl\u00e9se \u00e9rdek\u00e9ben minden haszn\u00e1lat ut\u00e1n szorosan z\u00e1rja vissza a tart\u00e1lyt.<\/li>\n<\/ul>\n<p>Ezzel az eukaliptusz m\u0171tr\u00e1gy\u00e1val teljes \u00e9s kiegyens\u00falyozott t\u00e1pl\u00e1l\u00e9kot biztos\u00edt f\u00e1inak, el\u0151seg\u00edtve az er\u0151teljes n\u00f6veked\u00e9st, a s\u0171r\u0171 lombozatot \u00e9s a k\u00f6rnyezeti felt\u00e9telekkel szembeni jobb ellen\u00e1ll\u00f3 k\u00e9pess\u00e9get. Ide\u00e1lis megold\u00e1s az eukaliptuszf\u00e1k t\u00f6k\u00e9letes eg\u00e9szs\u00e9g\u00e9nek meg\u0151rz\u00e9s\u00e9re, amelyek eleg\u00e1ns form\u00e1jukkal \u00e9s arom\u00e1s lombozatukkal eg\u00e9sz \u00e9vben sz\u00e9p\u00edtik kertj\u00e9t.<\/p>","protected":false},"excerpt":{"rendered":"<p>A complete fertilizer for fast growth and dense foliage.\u00a0This fertilizer for eucalyptus is specially formulated to meet the specific needs of this fast-growing tree. Thanks to its NPK 15-15-15 composition, it offers a perfect balance between nitrogen (N), which promotes lush green foliage, phosphorus (P), which stimulates deep and strong rooting, and potassium (K), which [&hellip;]<\/p>\n","protected":false},"featured_media":25762,"comment_status":"open","ping_status":"closed","template":"","meta":{"_uag_custom_page_level_css":"","site-sidebar-layout":"default","site-content-layout":"","ast-site-content-layout":"default","site-content-style":"default","site-sidebar-style":"default","ast-global-header-display":"","ast-banner-title-visibility":"","ast-main-header-display":"","ast-hfb-above-header-display":"","ast-hfb-below-header-display":"","ast-hfb-mobile-header-display":"","site-post-title":"","ast-breadcrumbs-content":"","ast-featured-img":"","footer-sml-layout":"","ast-disable-related-posts":"","theme-transparent-header-meta":"default","adv-header-id-meta":"","stick-header-meta":"","header-above-stick-meta":"","header-main-stick-meta":"","header-below-stick-meta":"","astra-migrate-meta-layouts":"set","ast-page-background-enabled":"default","ast-page-background-meta":{"desktop":{"background-color":"var(--ast-global-color-4)","background-image":"","background-repeat":"repeat","background-position":"center center","background-size":"auto","background-attachment":"scroll","background-type":"","background-media":"","overlay-type":"","overlay-color":"","overlay-opacity":"","overlay-gradient":""},"tablet":{"background-color":"","background-image":"","background-repeat":"repeat","background-position":"center center","background-size":"auto","background-attachment":"scroll","background-type":"","background-media":"","overlay-type":"","overlay-color":"","overlay-opacity":"","overlay-gradient":""},"mobile":{"background-color":"","background-image":"","background-repeat":"repeat","background-position":"center center","background-size":"auto","background-attachment":"scroll","background-type":"","background-media":"","overlay-type":"","overlay-color":"","overlay-opacity":"","overlay-gradient":""}},"ast-content-background-meta":{"desktop":{"background-color":"var(--ast-global-color-5)","background-image":"","background-repeat":"repeat","background-position":"center center","background-size":"auto","background-attachment":"scroll","background-type":"","background-media":"","overlay-type":"","overlay-color":"","overlay-opacity":"","overlay-gradient":""},"tablet":{"background-color":"var(--ast-global-color-5)","background-image":"","background-repeat":"repeat","background-position":"center center","background-size":"auto","background-attachment":"scroll","background-type":"","background-media":"","overlay-type":"","overlay-color":"","overlay-opacity":"","overlay-gradient":""},"mobile":{"background-color":"var(--ast-global-color-5)","background-image":"","background-repeat":"repeat","background-position":"center center","background-size":"auto","background-attachment":"scroll","background-type":"","background-media":"","overlay-type":"","overlay-color":"","overlay-opacity":"","overlay-gradient":""}}},"product_brand":[],"product_cat":[178],"product_tag":[],"class_list":{"0":"post-23214","1":"product","2":"type-product","3":"status-publish","4":"has-post-thumbnail","6":"product_cat-fertilizers","7":"desktop-align-left","8":"tablet-align-left","9":"mobile-align-left","11":"first","12":"instock","13":"sale","14":"shipping-taxable","15":"purchasable","16":"product-type-variable","17":"has-default-attributes"},"spectra_custom_meta":{"_visibility":["visible"],"_shopify_product_id":["9066410082549"],"_s2w_shopify_domain":["ferberpainting.myshopify.com"],"_shopify_variant_id":["46503388381429"],"_sku":[""],"_manage_stock":["no"],"total_sales":["15"],"_tax_status":["taxable"],"_tax_class":[""],"_backorders":["no"],"_sold_individually":["no"],"_virtual":["no"],"_downloadable":["no"],"_download_limit":["-1"],"_download_expiry":["-1"],"_stock":[null],"_stock_status":["instock"],"_wc_average_rating":["5.00"],"_wc_review_count":["6"],"_product_attributes":["a:1:{s:6:\"volume\";a:6:{s:4:\"name\";s:6:\"Volume\";s:5:\"value\";s:20:\"5 liters | 25 liters\";s:8:\"position\";i:1;s:10:\"is_visible\";i:0;s:12:\"is_variation\";i:1;s:11:\"is_taxonomy\";i:0;}}"],"_product_version":["10.5.1"],"_thumbnail_id":["25762"],"_product_image_gallery":["25763"],"wpse_downloadable_file_names":[""],"wpse_downloadable_file_urls":[""],"_edit_last":["1"],"_default_attributes":["a:1:{s:6:\"volume\";s:8:\"5 liters\";}"],"_wc_rating_count":["a:1:{i:5;i:6;}"],"_edit_lock":["1771160003:1"],"_price":["29.90","129.90"],"merchant-center-availability":["yes"],"merchant-center-category":["113"],"_wp_page_template":["default"],"site-sidebar-layout":["default"],"ast-site-content-layout":["default"],"site-content-style":["default"],"site-sidebar-style":["default"],"theme-transparent-header-meta":["default"],"astra-migrate-meta-layouts":["set"],"_uag_css_file_name":["uag-css-23214.css"],"_elementor_page_assets":["a:0:{}"],"_uag_page_assets":["a:9:{s:3:\"css\";s:7133:\".uag-blocks-common-selector{z-index:var(--z-index-desktop) !important}@media(max-width: 976px){.uag-blocks-common-selector{z-index:var(--z-index-tablet) !important}}@media(max-width: 767px){.uag-blocks-common-selector{z-index:var(--z-index-mobile) !important}}.wp-block-uagb-image{display:flex}.wp-block-uagb-image__figure{position:relative;display:flex;flex-direction:column;max-width:100%;height:auto;margin:0}.wp-block-uagb-image__figure img{height:auto;display:flex;max-width:100%;transition:box-shadow .2s ease}.wp-block-uagb-image__figure>a{display:inline-block}.wp-block-uagb-image__figure figcaption{text-align:center;margin-top:.5em;margin-bottom:1em}.wp-block-uagb-image .components-placeholder.block-editor-media-placeholder .components-placeholder__instructions{align-self:center}.wp-block-uagb-image--align-left{text-align:left}.wp-block-uagb-image--align-right{text-align:right}.wp-block-uagb-image--align-center{text-align:center}.wp-block-uagb-image--align-full .wp-block-uagb-image__figure{margin-left:calc(50% - 50vw);margin-right:calc(50% - 50vw);max-width:100vw;width:100vw;height:auto}.wp-block-uagb-image--align-full .wp-block-uagb-image__figure img{height:auto;width:100% !important}.wp-block-uagb-image--align-wide .wp-block-uagb-image__figure img{height:auto;width:100%}.wp-block-uagb-image--layout-overlay__color-wrapper{position:absolute;left:0;top:0;right:0;bottom:0;opacity:.2;background:rgba(0,0,0,.5);transition:opacity .35s ease-in-out}.wp-block-uagb-image--layout-overlay-link{position:absolute;left:0;right:0;bottom:0;top:0}.wp-block-uagb-image--layout-overlay .wp-block-uagb-image__figure:hover .wp-block-uagb-image--layout-overlay__color-wrapper{opacity:1}.wp-block-uagb-image--layout-overlay__inner{position:absolute;left:15px;right:15px;bottom:15px;top:15px;display:flex;align-items:center;justify-content:center;flex-direction:column;border-color:#fff;transition:.35s ease-in-out}.wp-block-uagb-image--layout-overlay__inner.top-left,.wp-block-uagb-image--layout-overlay__inner.top-center,.wp-block-uagb-image--layout-overlay__inner.top-right{justify-content:flex-start}.wp-block-uagb-image--layout-overlay__inner.bottom-left,.wp-block-uagb-image--layout-overlay__inner.bottom-center,.wp-block-uagb-image--layout-overlay__inner.bottom-right{justify-content:flex-end}.wp-block-uagb-image--layout-overlay__inner.top-left,.wp-block-uagb-image--layout-overlay__inner.center-left,.wp-block-uagb-image--layout-overlay__inner.bottom-left{align-items:flex-start}.wp-block-uagb-image--layout-overlay__inner.top-right,.wp-block-uagb-image--layout-overlay__inner.center-right,.wp-block-uagb-image--layout-overlay__inner.bottom-right{align-items:flex-end}.wp-block-uagb-image--layout-overlay__inner .uagb-image-heading{color:#fff;transition:transform .35s,opacity .35s ease-in-out;transform:translate3d(0, 24px, 0);margin:0;line-height:1em}.wp-block-uagb-image--layout-overlay__inner .uagb-image-separator{width:30%;border-top-width:2px;border-top-color:#fff;border-top-style:solid;margin-bottom:10px;opacity:0;transition:transform .4s,opacity .4s ease-in-out;transform:translate3d(0, 30px, 0)}.wp-block-uagb-image--layout-overlay__inner .uagb-image-caption{opacity:0;overflow:visible;color:#fff;transition:transform .45s,opacity .45s ease-in-out;transform:translate3d(0, 35px, 0)}.wp-block-uagb-image--layout-overlay__inner:hover .uagb-image-heading,.wp-block-uagb-image--layout-overlay__inner:hover .uagb-image-separator,.wp-block-uagb-image--layout-overlay__inner:hover .uagb-image-caption{opacity:1;transform:translate3d(0, 0, 0)}.wp-block-uagb-image--effect-zoomin .wp-block-uagb-image__figure img,.wp-block-uagb-image--effect-zoomin .wp-block-uagb-image__figure .wp-block-uagb-image--layout-overlay__color-wrapper{transform:scale(1);transition:transform .35s ease-in-out}.wp-block-uagb-image--effect-zoomin .wp-block-uagb-image__figure:hover img,.wp-block-uagb-image--effect-zoomin .wp-block-uagb-image__figure:hover .wp-block-uagb-image--layout-overlay__color-wrapper{transform:scale(1.05)}.wp-block-uagb-image--effect-slide .wp-block-uagb-image__figure img,.wp-block-uagb-image--effect-slide .wp-block-uagb-image__figure .wp-block-uagb-image--layout-overlay__color-wrapper{width:calc(100% + 40px) !important;max-width:none !important;transform:translate3d(-40px, 0, 0);transition:transform .35s ease-in-out}.wp-block-uagb-image--effect-slide .wp-block-uagb-image__figure:hover img,.wp-block-uagb-image--effect-slide .wp-block-uagb-image__figure:hover .wp-block-uagb-image--layout-overlay__color-wrapper{transform:translate3d(0, 0, 0)}.wp-block-uagb-image--effect-grayscale img{filter:grayscale(0%);transition:.35s ease-in-out}.wp-block-uagb-image--effect-grayscale:hover img{filter:grayscale(100%)}.wp-block-uagb-image--effect-blur img{filter:blur(0);transition:.35s ease-in-out}.wp-block-uagb-image--effect-blur:hover img{filter:blur(3px)}.uagb-block-e6f939b3.wp-block-uagb-image--layout-default figure img{box-shadow: 0px 0px 0 #00000070;}.uagb-block-e6f939b3.wp-block-uagb-image .wp-block-uagb-image__figure figcaption{font-style: normal;align-self: center;}.uagb-block-e6f939b3.wp-block-uagb-image--layout-overlay figure img{box-shadow: 0px 0px 0 #00000070;}.uagb-block-e6f939b3.wp-block-uagb-image--layout-overlay .wp-block-uagb-image--layout-overlay__color-wrapper{opacity: 0.2;}.uagb-block-e6f939b3.wp-block-uagb-image--layout-overlay .wp-block-uagb-image--layout-overlay__inner{left: 15px;right: 15px;top: 15px;bottom: 15px;}.uagb-block-e6f939b3.wp-block-uagb-image--layout-overlay .wp-block-uagb-image--layout-overlay__inner .uagb-image-heading{font-style: normal;color: #fff;opacity: 1;}.uagb-block-e6f939b3.wp-block-uagb-image--layout-overlay .wp-block-uagb-image--layout-overlay__inner .uagb-image-heading a{color: #fff;}.uagb-block-e6f939b3.wp-block-uagb-image--layout-overlay .wp-block-uagb-image--layout-overlay__inner .uagb-image-caption{opacity: 0;}.uagb-block-e6f939b3.wp-block-uagb-image--layout-overlay .wp-block-uagb-image__figure:hover .wp-block-uagb-image--layout-overlay__color-wrapper{opacity: 1;}.uagb-block-e6f939b3.wp-block-uagb-image .wp-block-uagb-image--layout-overlay__inner .uagb-image-separator{width: 30%;border-top-width: 2px;border-top-color: #fff;opacity: 0;}.uagb-block-e6f939b3.wp-block-uagb-image .wp-block-uagb-image__figure img{width: px;height: auto;}.uagb-block-e6f939b3.wp-block-uagb-image .wp-block-uagb-image__figure:hover .wp-block-uagb-image--layout-overlay__inner .uagb-image-caption{opacity: 1;}.uagb-block-e6f939b3.wp-block-uagb-image .wp-block-uagb-image__figure:hover .wp-block-uagb-image--layout-overlay__inner .uagb-image-separator{opacity: 1;}.uagb-block-e6f939b3.wp-block-uagb-image--layout-default figure:hover img{box-shadow: 0px 0px 0 #00000070;}.uagb-block-e6f939b3.wp-block-uagb-image--layout-overlay figure:hover img{box-shadow: 0px 0px 0 #00000070;}@media only screen and (max-width: 976px) {.uagb-block-e6f939b3.wp-block-uagb-image .wp-block-uagb-image__figure img{width: px;height: auto;}}@media only screen and (max-width: 767px) {.uagb-block-e6f939b3.wp-block-uagb-image .wp-block-uagb-image__figure img{width: px;height: auto;}}\";s:2:\"js\";s:0:\"\";s:18:\"current_block_list\";a:13:{i:0;s:11:\"core\/search\";i:1;s:10:\"core\/group\";i:2;s:12:\"core\/heading\";i:3;s:17:\"core\/latest-posts\";i:4;s:20:\"core\/latest-comments\";i:5;s:13:\"core\/archives\";i:6;s:15:\"core\/categories\";i:7;s:14:\"core\/paragraph\";i:8;s:10:\"uagb\/image\";i:9;s:11:\"core\/spacer\";i:10;s:30:\"woocommerce\/product-categories\";i:11;s:10:\"core\/image\";i:12;s:14:\"core\/shortcode\";}s:8:\"uag_flag\";b:1;s:11:\"uag_version\";s:10:\"1777095036\";s:6:\"gfonts\";a:0:{}s:10:\"gfonts_url\";s:0:\"\";s:12:\"gfonts_files\";a:0:{}s:14:\"uag_faq_layout\";b:0;}"]},"uagb_featured_image_src":{"full":["https:\/\/www.ferberpainting.com\/wp-content\/uploads\/2025\/05\/EucalyptusFertilizer5L.png",2560,2560,false],"thumbnail":["https:\/\/www.ferberpainting.com\/wp-content\/uploads\/2025\/05\/EucalyptusFertilizer5L-150x150.png",150,150,true],"medium":["https:\/\/www.ferberpainting.com\/wp-content\/uploads\/2025\/05\/EucalyptusFertilizer5L-300x300.png",300,300,true],"medium_large":["https:\/\/www.ferberpainting.com\/wp-content\/uploads\/2025\/05\/EucalyptusFertilizer5L-768x768.png",768,768,true],"large":["https:\/\/www.ferberpainting.com\/wp-content\/uploads\/2025\/05\/EucalyptusFertilizer5L-1024x1024.png",1024,1024,true],"1536x1536":["https:\/\/www.ferberpainting.com\/wp-content\/uploads\/2025\/05\/EucalyptusFertilizer5L-1536x1536.png",1536,1536,true],"2048x2048":["https:\/\/www.ferberpainting.com\/wp-content\/uploads\/2025\/05\/EucalyptusFertilizer5L-2048x2048.png",2048,2048,true],"trp-custom-language-flag":["https:\/\/www.ferberpainting.com\/wp-content\/uploads\/2025\/05\/EucalyptusFertilizer5L-12x12.png",12,12,true],"woocommerce_thumbnail":["https:\/\/www.ferberpainting.com\/wp-content\/uploads\/2025\/05\/EucalyptusFertilizer5L-300x300.png",300,300,true],"woocommerce_single":["https:\/\/www.ferberpainting.com\/wp-content\/uploads\/2025\/05\/EucalyptusFertilizer5L-600x600.png",600,600,true],"woocommerce_gallery_thumbnail":["https:\/\/www.ferberpainting.com\/wp-content\/uploads\/2025\/05\/EucalyptusFertilizer5L-100x100.png",100,100,true]},"uagb_author_info":{"display_name":"admin","author_link":"https:\/\/www.ferberpainting.com\/hu\/author\/"},"uagb_comment_info":6,"uagb_excerpt":"A complete fertilizer for fast growth and dense foliage.\u00a0This fertilizer for eucalyptus is specially formulated to meet the specific needs of this fast-growing tree. Thanks to its NPK 15-15-15 composition, it offers a perfect balance between nitrogen (N), which promotes lush green foliage, phosphorus (P), which stimulates deep and strong rooting, and potassium (K), which&hellip;","_links":{"self":[{"href":"https:\/\/www.ferberpainting.com\/hu\/wp-json\/wp\/v2\/product\/23214","targetHints":{"allow":["GET"]}}],"collection":[{"href":"https:\/\/www.ferberpainting.com\/hu\/wp-json\/wp\/v2\/product"}],"about":[{"href":"https:\/\/www.ferberpainting.com\/hu\/wp-json\/wp\/v2\/types\/product"}],"replies":[{"embeddable":true,"href":"https:\/\/www.ferberpainting.com\/hu\/wp-json\/wp\/v2\/comments?post=23214"}],"version-history":[{"count":5,"href":"https:\/\/www.ferberpainting.com\/hu\/wp-json\/wp\/v2\/product\/23214\/revisions"}],"predecessor-version":[{"id":164771,"href":"https:\/\/www.ferberpainting.com\/hu\/wp-json\/wp\/v2\/product\/23214\/revisions\/164771"}],"wp:featuredmedia":[{"embeddable":true,"href":"https:\/\/www.ferberpainting.com\/hu\/wp-json\/wp\/v2\/media\/25762"}],"wp:attachment":[{"href":"https:\/\/www.ferberpainting.com\/hu\/wp-json\/wp\/v2\/media?parent=23214"}],"wp:term":[{"taxonomy":"product_brand","embeddable":true,"href":"https:\/\/www.ferberpainting.com\/hu\/wp-json\/wp\/v2\/product_brand?post=23214"},{"taxonomy":"product_cat","embeddable":true,"href":"https:\/\/www.ferberpainting.com\/hu\/wp-json\/wp\/v2\/product_cat?post=23214"},{"taxonomy":"product_tag","embeddable":true,"href":"https:\/\/www.ferberpainting.com\/hu\/wp-json\/wp\/v2\/product_tag?post=23214"}],"curies":[{"name":"wp","href":"https:\/\/api.w.org\/{rel}","templated":true}]}}