{"id":23202,"date":"2025-07-01T16:23:03","date_gmt":"2025-07-01T14:23:03","guid":{"rendered":"https:\/\/www.ferberpainting.com\/?post_type=product&#038;p=23202"},"modified":"2026-02-15T13:51:02","modified_gmt":"2026-02-15T12:51:02","slug":"drain-and-sink-cleaner","status":"publish","type":"product","link":"https:\/\/www.ferberpainting.com\/hu\/products\/drain-and-sink-cleaner\/","title":{"rendered":"Lefoly\u00f3-, mosogat\u00f3- \u00e9s mosd\u00f3tiszt\u00edt\u00f3"},"content":{"rendered":"<p><img decoding=\"async\" style=\"margin-right: 12px;\" src=\"https:\/\/www.ferberpainting.com\/wp-content\/uploads\/2026\/02\/Check.svg\" alt=\"\" width=\"18\" height=\"15\" \/><strong>A lefoly\u00f3k dugul\u00e1s\u00e1nak gyors megsz\u00fcntet\u00e9se \u00e9s a teljes v\u00edz\u00e1raml\u00e1s helyre\u00e1ll\u00edt\u00e1sa.<\/strong> Lefoly\u00f3- \u00e9s mosogat\u00f3tiszt\u00edt\u00f3nkat kifejezetten \u00fagy \u00e1ll\u00edtottuk \u00f6ssze, hogy hat\u00e9konyan oldja fel a dugul\u00e1sokat, \u00e9s helyre\u00e1ll\u00edtsa a megfelel\u0151 lefoly\u00e1st a konyh\u00e1kban, f\u00fcrd\u0151szob\u00e1kban, zuhanyz\u00f3kban \u00e9s mosogat\u00f3kban. Gyorsan hat, hogy lebontsa a felgy\u00fclemlett maradv\u00e1nyokat, \u00edgy a v\u00edz ism\u00e9t szabadon folyhat, an\u00e9lk\u00fcl, hogy k\u00f6lts\u00e9ges v\u00edzvezet\u00e9k-szerel\u00e9si szolg\u00e1ltat\u00e1sokra lenne sz\u00fcks\u00e9g.<\/p>\n<p><strong><img decoding=\"async\" style=\"margin-right: 12px;\" src=\"https:\/\/www.ferberpainting.com\/wp-content\/uploads\/2026\/02\/Check.svg\" alt=\"\" width=\"18\" height=\"15\" \/>Az el\u00e9rhet\u0151 leghat\u00e9konyabb lefoly\u00f3tiszt\u00edt\u00f3 megold\u00e1s.<\/strong> Ez az er\u0151teljes hat\u00f3anyagokkal kifejlesztett formula behatol az \u00e1ll\u00f3v\u00edzbe, \u00e9s a dugul\u00e1sok gy\u00f6ker\u00e9t t\u00e1madja meg. A szok\u00e1sos h\u00e1ztart\u00e1si tiszt\u00edt\u00f3szerekn\u00e9l hat\u00e9konyabban oldja fel a zs\u00edrt, a szappanlerak\u00f3d\u00e1sokat, a hajat, az \u00e9telmarad\u00e9kokat \u00e9s a szerves lerak\u00f3d\u00e1sokat, gyors \u00e9s l\u00e1that\u00f3 eredm\u00e9nyeket biztos\u00edtva.<\/p>\n<p><strong><img decoding=\"async\" style=\"margin-right: 12px;\" src=\"https:\/\/www.ferberpainting.com\/wp-content\/uploads\/2026\/02\/Check.svg\" alt=\"\" width=\"18\" height=\"15\" \/>P\u00e9nzvisszafizet\u00e9si garancia a teljes bizalom\u00e9rt.<\/strong> Ki\u00e1llunk lefoly\u00f3- \u00e9s mosogat\u00f3tiszt\u00edt\u00f3ink ereje \u00e9s megb\u00edzhat\u00f3s\u00e1ga mellett. Ha nem teljesen el\u00e9gedett a teljes\u00edtm\u00e9ny\u00e9vel, teljes visszat\u00e9r\u00edt\u00e9st k\u00edn\u00e1lunk. P\u00e9nzvisszafizet\u00e9si garanci\u00e1nk biztos\u00edtja, hogy v\u00e1s\u00e1rl\u00e1sa teljesen kock\u00e1zatmentes legyen.<\/p>\n<p><strong><img decoding=\"async\" style=\"margin-right: 12px;\" src=\"https:\/\/www.ferberpainting.com\/wp-content\/uploads\/2026\/02\/Check.svg\" alt=\"\" width=\"18\" height=\"15\" \/>A legolcs\u00f3bb nagy teljes\u00edtm\u00e9ny\u0171 lefoly\u00f3tiszt\u00edt\u00f3 a piacon.<\/strong> A hat\u00e9kony v\u00edzvezet\u00e9k-karbantart\u00e1s nem ig\u00e9nyelhet dr\u00e1ga beavatkoz\u00e1sokat. Term\u00e9k\u00fcnk a professzion\u00e1lis szint\u0171 teljes\u00edtm\u00e9nyt a legversenyk\u00e9pesebb \u00e1rk\u00e9pz\u00e9ssel kombin\u00e1lja, \u00edgy kiv\u00e9teles \u00e9rt\u00e9ket k\u00edn\u00e1l az ism\u00e9telt v\u00edzvezet\u00e9k-szerel\u0151i l\u00e1togat\u00e1sokhoz vagy a t\u00fal\u00e1razott alternat\u00edv\u00e1khoz k\u00e9pest.<\/p>\n<p><strong><img decoding=\"async\" style=\"margin-right: 12px;\" src=\"https:\/\/www.ferberpainting.com\/wp-content\/uploads\/2026\/02\/Check.svg\" alt=\"\" width=\"18\" height=\"15\" \/>Gyors 24 \u00f3r\u00e1s sz\u00e1ll\u00edt\u00e1s s\u00fcrg\u0151s dugul\u00e1sok eset\u00e9n.<\/strong> A v\u00edzelvezet\u00e9si probl\u00e9m\u00e1k megzavarhatj\u00e1k a napi rutinokat. Ez\u00e9rt biztos\u00edtunk megb\u00edzhat\u00f3, 24 \u00f3r\u00e1s kisz\u00e1ll\u00edt\u00e1st, amely biztos\u00edtja, hogy a megold\u00e1s gyorsan meg\u00e9rkezzen, \u00edgy \u00d6n k\u00e9sedelem n\u00e9lk\u00fcl kezelheti a dugul\u00e1st.<\/p>\n<p><strong><img decoding=\"async\" style=\"margin-right: 12px;\" src=\"https:\/\/www.ferberpainting.com\/wp-content\/uploads\/2026\/02\/Check.svg\" alt=\"\" width=\"18\" height=\"15\" \/>T\u00f6bbf\u00e9le t\u00edpus\u00fa dugul\u00e1s eset\u00e9n m\u0171k\u00f6dik.<\/strong> Ak\u00e1r a konyhai mosogat\u00f3kban felgy\u00fclemlett zs\u00edr, ak\u00e1r a f\u00fcrd\u0151szobai lefoly\u00f3kban felgy\u00fclemlett haj, ak\u00e1r a zuhanyz\u00f3kban l\u00e9v\u0151 szappanmaradv\u00e1nyok, ak\u00e1r a padl\u00f3\u00f6sszefoly\u00f3kban l\u00e9v\u0151 szerves hullad\u00e9k okozza az elz\u00e1r\u00f3d\u00e1st, ez a tiszt\u00edt\u00f3szer a leggyakoribb v\u00edzvezet\u00e9k-probl\u00e9m\u00e1k sz\u00e9les k\u00f6r\u00e9nek kezel\u00e9s\u00e9re szolg\u00e1l.<\/p>\n<p><strong><img decoding=\"async\" style=\"margin-right: 12px;\" src=\"https:\/\/www.ferberpainting.com\/wp-content\/uploads\/2026\/02\/Check.svg\" alt=\"\" width=\"18\" height=\"15\" \/>Behatol az \u00e1ll\u00f3v\u00edzbe a m\u00e9lytiszt\u00edt\u00f3 hat\u00e1s \u00e9rdek\u00e9ben.<\/strong> A formula \u00e1ts\u00fcllyed a pang\u00f3 v\u00edzen, \u00e9s k\u00f6zvetlen\u00fcl a dugul\u00e1shoz jut. Ez a m\u00e9lyen behatol\u00f3 k\u00e9pess\u00e9g biztos\u00edtja, hogy a hat\u00f3anyagok pontosan ott fejts\u00e9k ki hat\u00e1sukat, ahol a maxim\u00e1lis hat\u00e9konys\u00e1g \u00e9rdek\u00e9ben sz\u00fcks\u00e9ges.<\/p>\n<p><strong><img decoding=\"async\" style=\"margin-right: 12px;\" src=\"https:\/\/www.ferberpainting.com\/wp-content\/uploads\/2026\/02\/Check.svg\" alt=\"\" width=\"18\" height=\"15\" \/>Seg\u00edt megel\u0151zni a kellemetlen szagokat.<\/strong> A cs\u00f6vekben megrekedt szerves anyagok felold\u00e1s\u00e1val a tiszt\u00edt\u00f3szer megsz\u00fcnteti a b\u0171z\u00f6s szagok forr\u00e1s\u00e1t, \u00e9s seg\u00edt frissebb, higi\u00e9nikusabb csatornarendszereket fenntartani.<\/p>\n<p><strong><img decoding=\"async\" style=\"margin-right: 12px;\" src=\"https:\/\/www.ferberpainting.com\/wp-content\/uploads\/2026\/02\/Check.svg\" alt=\"\" width=\"18\" height=\"15\" \/>Alkalmas rendszeres karbantart\u00e1sra \u00e9s v\u00e9szhelyzeti haszn\u00e1latra.<\/strong> Ez a lefoly\u00f3- \u00e9s mosogat\u00f3tiszt\u00edt\u00f3 mind megel\u0151z\u0151 karbantart\u00e1si kezel\u00e9sk\u00e9nt, mind pedig er\u0151teljes v\u00e9szhelyzeti megold\u00e1sk\u00e9nt haszn\u00e1lhat\u00f3 s\u00falyos dugul\u00e1sok eset\u00e9n. Rendszeres haszn\u00e1lata seg\u00edt fenntartani a cs\u00f6vek optim\u00e1lis teljes\u00edtm\u00e9ny\u00e9t.<\/p>\n<p><strong><img decoding=\"async\" style=\"margin-right: 12px;\" src=\"https:\/\/www.ferberpainting.com\/wp-content\/uploads\/2026\/02\/Check.svg\" alt=\"\" width=\"18\" height=\"15\" \/>K\u00f6nny\u0171 \u00e9s ellen\u0151rz\u00f6tt alkalmaz\u00e1s.<\/strong> Egyszer\u0171 haszn\u00e1latra tervezt\u00e9k, a foly\u00e9kony formula lehet\u0151v\u00e9 teszi a pontos ki\u00f6nt\u00e9st k\u00f6zvetlen\u00fcl a lefoly\u00f3ba, bonyolult el\u0151k\u00e9sz\u00edt\u00e9s n\u00e9lk\u00fcl. Lakoss\u00e1gi \u00e9s k\u00f6nny\u0171 kereskedelmi alkalmaz\u00e1sokhoz alkalmas.<\/p>\n<h2><strong>Utas\u00edt\u00e1sok<\/strong><\/h2>\n<ul>\n<li>Alkalmaz\u00e1s el\u0151tt a lehet\u0151 legt\u00f6bb \u00e1ll\u00f3vizet t\u00e1vol\u00edtsa el a mosogat\u00f3b\u00f3l vagy a lefoly\u00f3b\u00f3l.<\/li>\n<li>\u00d3vatosan \u00f6ntse az aj\u00e1nlott mennyis\u00e9g\u0171 tiszt\u00edt\u00f3szert k\u00f6zvetlen\u00fcl a lefoly\u00f3ny\u00edl\u00e1sba.<\/li>\n<li>M\u00e9rs\u00e9kelt dugul\u00e1sok eset\u00e9n haszn\u00e1ljon k\u00f6r\u00fclbel\u00fcl 250 ml-t. S\u00falyos dugul\u00e1sok eset\u00e9n n\u00f6velje az adagot 500 ml-re.<\/li>\n<li>Hagyja a term\u00e9ket legal\u00e1bb 15-30 percig hatni. Makacs dugul\u00e1sok eset\u00e9n a s\u00falyoss\u00e1gt\u00f3l f\u00fcgg\u0151en hagyja tov\u00e1bb hatni.<\/li>\n<li>A v\u00e1rakoz\u00e1si id\u0151 letelte ut\u00e1n alaposan \u00f6bl\u00edtse \u00e1t forr\u00f3 v\u00edzzel a felold\u00f3dott t\u00f6rmel\u00e9k elt\u00e1vol\u00edt\u00e1sa \u00e9s az \u00e1raml\u00e1s helyre\u00e1ll\u00edt\u00e1sa \u00e9rdek\u00e9ben.<\/li>\n<li>Megel\u0151z\u0151 karbantart\u00e1s c\u00e9lj\u00e1b\u00f3l havonta egyszer alkalmazzon 100-200 ml-t, hogy a cs\u00f6vek tiszt\u00e1k maradjanak \u00e9s cs\u00f6kkenjen a lerak\u00f3d\u00e1sok sz\u00e1ma.<\/li>\n<li>Ker\u00fclje a kever\u00e9st m\u00e1s tiszt\u00edt\u00f3szerekkel a nem k\u00edv\u00e1nt k\u00e9miai reakci\u00f3k elker\u00fcl\u00e9se \u00e9rdek\u00e9ben.<\/li>\n<li>Haszn\u00e1lat k\u00f6zben gondoskodjon a megfelel\u0151 szell\u0151z\u00e9sr\u0151l, \u00e9s ker\u00fclje a b\u0151rrel \u00e9s szemmel val\u00f3 k\u00f6zvetlen \u00e9rintkez\u00e9st.<\/li>\n<li>Alkalmaz\u00e1s k\u00f6zben tartsa t\u00e1vol a gyermekeket \u00e9s a h\u00e1zi\u00e1llatokat.<\/li>\n<li>A term\u00e9ket h\u0171v\u00f6s, sz\u00e1raz, k\u00f6zvetlen napf\u00e9nyt\u0151l v\u00e9dett helyen t\u00e1rolja, \u00e9s haszn\u00e1lat ut\u00e1n tartsa szorosan lez\u00e1rva a tart\u00e1lyt.<\/li>\n<\/ul>","protected":false},"excerpt":{"rendered":"<p>Unclog drains quickly and restore full water flow. Our drain and sink cleaner is specially formulated to dissolve blockages efficiently and restore proper drainage in kitchens, bathrooms, showers, and utility sinks. It acts rapidly to break down accumulated residues, allowing water to flow freely again without the need for costly plumbing services. The most effective [&hellip;]<\/p>\n","protected":false},"featured_media":36461,"comment_status":"open","ping_status":"closed","template":"","meta":{"_uag_custom_page_level_css":"","site-sidebar-layout":"default","site-content-layout":"","ast-site-content-layout":"default","site-content-style":"default","site-sidebar-style":"default","ast-global-header-display":"","ast-banner-title-visibility":"","ast-main-header-display":"","ast-hfb-above-header-display":"","ast-hfb-below-header-display":"","ast-hfb-mobile-header-display":"","site-post-title":"","ast-breadcrumbs-content":"","ast-featured-img":"","footer-sml-layout":"","ast-disable-related-posts":"","theme-transparent-header-meta":"default","adv-header-id-meta":"","stick-header-meta":"","header-above-stick-meta":"","header-main-stick-meta":"","header-below-stick-meta":"","astra-migrate-meta-layouts":"set","ast-page-background-enabled":"default","ast-page-background-meta":{"desktop":{"background-color":"var(--ast-global-color-4)","background-image":"","background-repeat":"repeat","background-position":"center center","background-size":"auto","background-attachment":"scroll","background-type":"","background-media":"","overlay-type":"","overlay-color":"","overlay-opacity":"","overlay-gradient":""},"tablet":{"background-color":"","background-image":"","background-repeat":"repeat","background-position":"center center","background-size":"auto","background-attachment":"scroll","background-type":"","background-media":"","overlay-type":"","overlay-color":"","overlay-opacity":"","overlay-gradient":""},"mobile":{"background-color":"","background-image":"","background-repeat":"repeat","background-position":"center center","background-size":"auto","background-attachment":"scroll","background-type":"","background-media":"","overlay-type":"","overlay-color":"","overlay-opacity":"","overlay-gradient":""}},"ast-content-background-meta":{"desktop":{"background-color":"var(--ast-global-color-5)","background-image":"","background-repeat":"repeat","background-position":"center center","background-size":"auto","background-attachment":"scroll","background-type":"","background-media":"","overlay-type":"","overlay-color":"","overlay-opacity":"","overlay-gradient":""},"tablet":{"background-color":"var(--ast-global-color-5)","background-image":"","background-repeat":"repeat","background-position":"center center","background-size":"auto","background-attachment":"scroll","background-type":"","background-media":"","overlay-type":"","overlay-color":"","overlay-opacity":"","overlay-gradient":""},"mobile":{"background-color":"var(--ast-global-color-5)","background-image":"","background-repeat":"repeat","background-position":"center center","background-size":"auto","background-attachment":"scroll","background-type":"","background-media":"","overlay-type":"","overlay-color":"","overlay-opacity":"","overlay-gradient":""}}},"product_brand":[],"product_cat":[175],"product_tag":[],"class_list":{"0":"post-23202","1":"product","2":"type-product","3":"status-publish","4":"has-post-thumbnail","6":"product_cat-cleaning-products","7":"desktop-align-left","8":"tablet-align-left","9":"mobile-align-left","11":"first","12":"instock","13":"sale","14":"shipping-taxable","15":"purchasable","16":"product-type-variable","17":"has-default-attributes"},"spectra_custom_meta":{"_visibility":["visible"],"_shopify_product_id":["9102344487157"],"_s2w_shopify_domain":["ferberpainting.myshopify.com"],"_shopify_variant_id":["46616020975861"],"_sku":[""],"_manage_stock":["no"],"total_sales":["24"],"_tax_status":["taxable"],"_tax_class":[""],"_backorders":["no"],"_sold_individually":["no"],"_virtual":["no"],"_downloadable":["no"],"_download_limit":["-1"],"_download_expiry":["-1"],"_stock":[null],"_stock_status":["instock"],"_wc_average_rating":["5.00"],"_wc_review_count":["10"],"_product_attributes":["a:1:{s:6:\"volume\";a:6:{s:4:\"name\";s:6:\"Volume\";s:5:\"value\";s:20:\"5 litres | 25 liters\";s:8:\"position\";i:1;s:10:\"is_visible\";i:0;s:12:\"is_variation\";i:1;s:11:\"is_taxonomy\";i:0;}}"],"_product_version":["10.5.1"],"wpse_downloadable_file_names":[""],"wpse_downloadable_file_urls":[""],"_edit_last":["1"],"_default_attributes":["a:1:{s:6:\"volume\";s:8:\"5 litres\";}"],"_edit_lock":["1771159740:1"],"_price":["29.90","129.90"],"merchant-center-availability":["yes"],"merchant-center-category":["4973"],"_thumbnail_id":["36461"],"_wp_page_template":["default"],"_wp_old_date":["2025-05-26"],"_product_image_gallery":["36462"],"site-sidebar-layout":["default"],"ast-site-content-layout":["default"],"site-content-style":["default"],"site-sidebar-style":["default"],"theme-transparent-header-meta":["default"],"_wc_rating_count":["a:1:{i:5;i:10;}"],"astra-migrate-meta-layouts":["set"],"_uag_css_file_name":["uag-css-23202.css"],"_elementor_page_assets":["a:0:{}"],"_uag_page_assets":["a:9:{s:3:\"css\";s:6873:\".wp-block-uagb-image{display:flex}.wp-block-uagb-image__figure{position:relative;display:flex;flex-direction:column;max-width:100%;height:auto;margin:0}.wp-block-uagb-image__figure img{height:auto;display:flex;max-width:100%;transition:box-shadow .2s ease}.wp-block-uagb-image__figure>a{display:inline-block}.wp-block-uagb-image__figure figcaption{text-align:center;margin-top:.5em;margin-bottom:1em}.wp-block-uagb-image .components-placeholder.block-editor-media-placeholder .components-placeholder__instructions{align-self:center}.wp-block-uagb-image--align-left{text-align:left}.wp-block-uagb-image--align-right{text-align:right}.wp-block-uagb-image--align-center{text-align:center}.wp-block-uagb-image--align-full .wp-block-uagb-image__figure{margin-left:calc(50% - 50vw);margin-right:calc(50% - 50vw);max-width:100vw;width:100vw;height:auto}.wp-block-uagb-image--align-full .wp-block-uagb-image__figure img{height:auto;width:100% !important}.wp-block-uagb-image--align-wide .wp-block-uagb-image__figure img{height:auto;width:100%}.wp-block-uagb-image--layout-overlay__color-wrapper{position:absolute;left:0;top:0;right:0;bottom:0;opacity:.2;background:rgba(0,0,0,.5);transition:opacity .35s ease-in-out}.wp-block-uagb-image--layout-overlay-link{position:absolute;left:0;right:0;bottom:0;top:0}.wp-block-uagb-image--layout-overlay .wp-block-uagb-image__figure:hover .wp-block-uagb-image--layout-overlay__color-wrapper{opacity:1}.wp-block-uagb-image--layout-overlay__inner{position:absolute;left:15px;right:15px;bottom:15px;top:15px;display:flex;align-items:center;justify-content:center;flex-direction:column;border-color:#fff;transition:.35s ease-in-out}.wp-block-uagb-image--layout-overlay__inner.top-left,.wp-block-uagb-image--layout-overlay__inner.top-center,.wp-block-uagb-image--layout-overlay__inner.top-right{justify-content:flex-start}.wp-block-uagb-image--layout-overlay__inner.bottom-left,.wp-block-uagb-image--layout-overlay__inner.bottom-center,.wp-block-uagb-image--layout-overlay__inner.bottom-right{justify-content:flex-end}.wp-block-uagb-image--layout-overlay__inner.top-left,.wp-block-uagb-image--layout-overlay__inner.center-left,.wp-block-uagb-image--layout-overlay__inner.bottom-left{align-items:flex-start}.wp-block-uagb-image--layout-overlay__inner.top-right,.wp-block-uagb-image--layout-overlay__inner.center-right,.wp-block-uagb-image--layout-overlay__inner.bottom-right{align-items:flex-end}.wp-block-uagb-image--layout-overlay__inner .uagb-image-heading{color:#fff;transition:transform .35s,opacity .35s ease-in-out;transform:translate3d(0, 24px, 0);margin:0;line-height:1em}.wp-block-uagb-image--layout-overlay__inner .uagb-image-separator{width:30%;border-top-width:2px;border-top-color:#fff;border-top-style:solid;margin-bottom:10px;opacity:0;transition:transform .4s,opacity .4s ease-in-out;transform:translate3d(0, 30px, 0)}.wp-block-uagb-image--layout-overlay__inner .uagb-image-caption{opacity:0;overflow:visible;color:#fff;transition:transform .45s,opacity .45s ease-in-out;transform:translate3d(0, 35px, 0)}.wp-block-uagb-image--layout-overlay__inner:hover .uagb-image-heading,.wp-block-uagb-image--layout-overlay__inner:hover .uagb-image-separator,.wp-block-uagb-image--layout-overlay__inner:hover .uagb-image-caption{opacity:1;transform:translate3d(0, 0, 0)}.wp-block-uagb-image--effect-zoomin .wp-block-uagb-image__figure img,.wp-block-uagb-image--effect-zoomin .wp-block-uagb-image__figure .wp-block-uagb-image--layout-overlay__color-wrapper{transform:scale(1);transition:transform .35s ease-in-out}.wp-block-uagb-image--effect-zoomin .wp-block-uagb-image__figure:hover img,.wp-block-uagb-image--effect-zoomin .wp-block-uagb-image__figure:hover .wp-block-uagb-image--layout-overlay__color-wrapper{transform:scale(1.05)}.wp-block-uagb-image--effect-slide .wp-block-uagb-image__figure img,.wp-block-uagb-image--effect-slide .wp-block-uagb-image__figure .wp-block-uagb-image--layout-overlay__color-wrapper{width:calc(100% + 40px) !important;max-width:none !important;transform:translate3d(-40px, 0, 0);transition:transform .35s ease-in-out}.wp-block-uagb-image--effect-slide .wp-block-uagb-image__figure:hover img,.wp-block-uagb-image--effect-slide .wp-block-uagb-image__figure:hover .wp-block-uagb-image--layout-overlay__color-wrapper{transform:translate3d(0, 0, 0)}.wp-block-uagb-image--effect-grayscale img{filter:grayscale(0%);transition:.35s ease-in-out}.wp-block-uagb-image--effect-grayscale:hover img{filter:grayscale(100%)}.wp-block-uagb-image--effect-blur img{filter:blur(0);transition:.35s ease-in-out}.wp-block-uagb-image--effect-blur:hover img{filter:blur(3px)}.uagb-block-e6f939b3.wp-block-uagb-image--layout-default figure img{box-shadow: 0px 0px 0 #00000070;}.uagb-block-e6f939b3.wp-block-uagb-image .wp-block-uagb-image__figure figcaption{font-style: normal;align-self: center;}.uagb-block-e6f939b3.wp-block-uagb-image--layout-overlay figure img{box-shadow: 0px 0px 0 #00000070;}.uagb-block-e6f939b3.wp-block-uagb-image--layout-overlay .wp-block-uagb-image--layout-overlay__color-wrapper{opacity: 0.2;}.uagb-block-e6f939b3.wp-block-uagb-image--layout-overlay .wp-block-uagb-image--layout-overlay__inner{left: 15px;right: 15px;top: 15px;bottom: 15px;}.uagb-block-e6f939b3.wp-block-uagb-image--layout-overlay .wp-block-uagb-image--layout-overlay__inner .uagb-image-heading{font-style: normal;color: #fff;opacity: 1;}.uagb-block-e6f939b3.wp-block-uagb-image--layout-overlay .wp-block-uagb-image--layout-overlay__inner .uagb-image-heading a{color: #fff;}.uagb-block-e6f939b3.wp-block-uagb-image--layout-overlay .wp-block-uagb-image--layout-overlay__inner .uagb-image-caption{opacity: 0;}.uagb-block-e6f939b3.wp-block-uagb-image--layout-overlay .wp-block-uagb-image__figure:hover .wp-block-uagb-image--layout-overlay__color-wrapper{opacity: 1;}.uagb-block-e6f939b3.wp-block-uagb-image .wp-block-uagb-image--layout-overlay__inner .uagb-image-separator{width: 30%;border-top-width: 2px;border-top-color: #fff;opacity: 0;}.uagb-block-e6f939b3.wp-block-uagb-image .wp-block-uagb-image__figure img{width: px;height: auto;}.uagb-block-e6f939b3.wp-block-uagb-image .wp-block-uagb-image__figure:hover .wp-block-uagb-image--layout-overlay__inner .uagb-image-caption{opacity: 1;}.uagb-block-e6f939b3.wp-block-uagb-image .wp-block-uagb-image__figure:hover .wp-block-uagb-image--layout-overlay__inner .uagb-image-separator{opacity: 1;}.uagb-block-e6f939b3.wp-block-uagb-image--layout-default figure:hover img{box-shadow: 0px 0px 0 #00000070;}.uagb-block-e6f939b3.wp-block-uagb-image--layout-overlay figure:hover img{box-shadow: 0px 0px 0 #00000070;}@media only screen and (max-width: 976px) {.uagb-block-e6f939b3.wp-block-uagb-image .wp-block-uagb-image__figure img{width: px;height: auto;}}@media only screen and (max-width: 767px) {.uagb-block-e6f939b3.wp-block-uagb-image .wp-block-uagb-image__figure img{width: px;height: auto;}}\";s:2:\"js\";s:0:\"\";s:18:\"current_block_list\";a:13:{i:0;s:11:\"core\/search\";i:1;s:10:\"core\/group\";i:2;s:12:\"core\/heading\";i:3;s:17:\"core\/latest-posts\";i:4;s:20:\"core\/latest-comments\";i:5;s:13:\"core\/archives\";i:6;s:15:\"core\/categories\";i:7;s:14:\"core\/paragraph\";i:8;s:10:\"uagb\/image\";i:9;s:11:\"core\/spacer\";i:10;s:30:\"woocommerce\/product-categories\";i:11;s:10:\"core\/image\";i:12;s:14:\"core\/shortcode\";}s:8:\"uag_flag\";b:1;s:11:\"uag_version\";s:10:\"1777139603\";s:6:\"gfonts\";a:0:{}s:10:\"gfonts_url\";s:0:\"\";s:12:\"gfonts_files\";a:0:{}s:14:\"uag_faq_layout\";b:0;}"]},"uagb_featured_image_src":{"full":["https:\/\/www.ferberpainting.com\/wp-content\/uploads\/2025\/05\/Sink-and-Basin-Unblocker-5L.png",2560,2560,false],"thumbnail":["https:\/\/www.ferberpainting.com\/wp-content\/uploads\/2025\/05\/Sink-and-Basin-Unblocker-5L-150x150.png",150,150,true],"medium":["https:\/\/www.ferberpainting.com\/wp-content\/uploads\/2025\/05\/Sink-and-Basin-Unblocker-5L-300x300.png",300,300,true],"medium_large":["https:\/\/www.ferberpainting.com\/wp-content\/uploads\/2025\/05\/Sink-and-Basin-Unblocker-5L-768x768.png",768,768,true],"large":["https:\/\/www.ferberpainting.com\/wp-content\/uploads\/2025\/05\/Sink-and-Basin-Unblocker-5L-1024x1024.png",1024,1024,true],"1536x1536":["https:\/\/www.ferberpainting.com\/wp-content\/uploads\/2025\/05\/Sink-and-Basin-Unblocker-5L-1536x1536.png",1536,1536,true],"2048x2048":["https:\/\/www.ferberpainting.com\/wp-content\/uploads\/2025\/05\/Sink-and-Basin-Unblocker-5L-2048x2048.png",2048,2048,true],"trp-custom-language-flag":["https:\/\/www.ferberpainting.com\/wp-content\/uploads\/2025\/05\/Sink-and-Basin-Unblocker-5L-12x12.png",12,12,true],"woocommerce_thumbnail":["https:\/\/www.ferberpainting.com\/wp-content\/uploads\/2025\/05\/Sink-and-Basin-Unblocker-5L-300x300.png",300,300,true],"woocommerce_single":["https:\/\/www.ferberpainting.com\/wp-content\/uploads\/2025\/05\/Sink-and-Basin-Unblocker-5L-600x600.png",600,600,true],"woocommerce_gallery_thumbnail":["https:\/\/www.ferberpainting.com\/wp-content\/uploads\/2025\/05\/Sink-and-Basin-Unblocker-5L-100x100.png",100,100,true]},"uagb_author_info":{"display_name":"admin","author_link":"https:\/\/www.ferberpainting.com\/hu\/author\/"},"uagb_comment_info":10,"uagb_excerpt":"Unclog drains quickly and restore full water flow. Our drain and sink cleaner is specially formulated to dissolve blockages efficiently and restore proper drainage in kitchens, bathrooms, showers, and utility sinks. It acts rapidly to break down accumulated residues, allowing water to flow freely again without the need for costly plumbing services. The most effective&hellip;","_links":{"self":[{"href":"https:\/\/www.ferberpainting.com\/hu\/wp-json\/wp\/v2\/product\/23202","targetHints":{"allow":["GET"]}}],"collection":[{"href":"https:\/\/www.ferberpainting.com\/hu\/wp-json\/wp\/v2\/product"}],"about":[{"href":"https:\/\/www.ferberpainting.com\/hu\/wp-json\/wp\/v2\/types\/product"}],"replies":[{"embeddable":true,"href":"https:\/\/www.ferberpainting.com\/hu\/wp-json\/wp\/v2\/comments?post=23202"}],"version-history":[{"count":6,"href":"https:\/\/www.ferberpainting.com\/hu\/wp-json\/wp\/v2\/product\/23202\/revisions"}],"predecessor-version":[{"id":166101,"href":"https:\/\/www.ferberpainting.com\/hu\/wp-json\/wp\/v2\/product\/23202\/revisions\/166101"}],"wp:featuredmedia":[{"embeddable":true,"href":"https:\/\/www.ferberpainting.com\/hu\/wp-json\/wp\/v2\/media\/36461"}],"wp:attachment":[{"href":"https:\/\/www.ferberpainting.com\/hu\/wp-json\/wp\/v2\/media?parent=23202"}],"wp:term":[{"taxonomy":"product_brand","embeddable":true,"href":"https:\/\/www.ferberpainting.com\/hu\/wp-json\/wp\/v2\/product_brand?post=23202"},{"taxonomy":"product_cat","embeddable":true,"href":"https:\/\/www.ferberpainting.com\/hu\/wp-json\/wp\/v2\/product_cat?post=23202"},{"taxonomy":"product_tag","embeddable":true,"href":"https:\/\/www.ferberpainting.com\/hu\/wp-json\/wp\/v2\/product_tag?post=23202"}],"curies":[{"name":"wp","href":"https:\/\/api.w.org\/{rel}","templated":true}]}}