{"id":23195,"date":"2025-07-01T16:17:12","date_gmt":"2025-07-01T14:17:12","guid":{"rendered":"https:\/\/www.ferberpainting.com\/?post_type=product&#038;p=23195"},"modified":"2026-02-15T13:48:05","modified_gmt":"2026-02-15T12:48:05","slug":"descaler-for-macerator-toilet","status":"publish","type":"product","link":"https:\/\/www.ferberpainting.com\/hu\/products\/descaler-for-macerator-toilet\/","title":{"rendered":"V\u00edzk\u0151old\u00f3 sanibroyeur k\u00e9sz\u00fcl\u00e9khez"},"content":{"rendered":"<p><img decoding=\"async\" style=\"margin-right: 12px;\" src=\"https:\/\/www.ferberpainting.com\/wp-content\/uploads\/2026\/02\/Check.svg\" alt=\"\" width=\"18\" height=\"15\" \/><strong>Hat\u00e9kony a v\u00edzk\u0151 \u00e9s a kalciumlerak\u00f3d\u00e1sok ellen.<\/strong>\u00a0A v\u00edzk\u0151telen\u00edt\u0151 v\u00edzk\u0151old\u00f3t kifejezetten arra tervezt\u00e9k, hogy hat\u00e9konyan elt\u00e1vol\u00edtsa a v\u00edzk\u0151- \u00e9s kalciumlerak\u00f3d\u00e1sokat, amelyek a szaniter berendez\u00e9sekben, p\u00e9ld\u00e1ul a v\u00edzk\u0151old\u00f3 WC-kben felhalmoz\u00f3dhatnak. Ezek a maradv\u00e1nyok blokkolhatj\u00e1k a bels\u0151 mechanizmusokat \u00e9s cs\u00f6kkenthetik a rendszer hat\u00e9konys\u00e1g\u00e1t. Er\u0151teljes formul\u00e1j\u00e1nak k\u00f6sz\u00f6nhet\u0151en ez a term\u00e9k seg\u00edt fenntartani a maker\u00e1tor megfelel\u0151 m\u0171k\u00f6d\u00e9s\u00e9t, mik\u00f6zben m\u00e9lytiszt\u00edt\u00e1st biztos\u00edt.<\/p>\n<p><img decoding=\"async\" style=\"margin-right: 12px;\" src=\"https:\/\/www.ferberpainting.com\/wp-content\/uploads\/2026\/02\/Check.svg\" alt=\"\" width=\"18\" height=\"15\" \/><strong>P\u00e9nzvisszafizet\u00e9si garancia.<\/strong>\u00a0B\u00edzunk a v\u00edzk\u0151old\u00f3 v\u00edzk\u0151old\u00f3 hat\u00e9konys\u00e1g\u00e1ban, ez\u00e9rt el\u00e9gedetts\u00e9gi vagy visszat\u00e9r\u00edt\u00e9si garanci\u00e1t v\u00e1llalunk. Ha nem el\u00e9gedett a term\u00e9kkel, vagy az nem felel meg az elv\u00e1r\u00e1sainak, k\u00e9rheti a teljes visszat\u00e9r\u00edt\u00e9st. \u00cdgy teljes lelki nyugalommal pr\u00f3b\u00e1lhatja ki a term\u00e9ket.<\/p>\n<p><img decoding=\"async\" style=\"margin-right: 12px;\" src=\"https:\/\/www.ferberpainting.com\/wp-content\/uploads\/2026\/02\/Check.svg\" alt=\"\" width=\"18\" height=\"15\" \/><strong>Sokoldal\u00fa.<\/strong>\u00a0Ez a v\u00edzk\u0151old\u00f3 sokoldal\u00fa term\u00e9k, amely minden t\u00edpus\u00fa v\u00edzk\u0151old\u00f3 WC-n haszn\u00e1lhat\u00f3, ak\u00e1r dar\u00e1l\u00f3val, ak\u00e1r an\u00e9lk\u00fcl. K\u00fcl\u00f6nb\u00f6z\u0151 anyagokkal, p\u00e9ld\u00e1ul ker\u00e1mi\u00e1val, m\u0171anyaggal \u00e9s f\u00e9mmel is kompatibilis, amelyek \u00e1ltal\u00e1ban a k\u00e9sz\u00fcl\u00e9k bels\u0151 r\u00e9szein tal\u00e1lhat\u00f3k. T\u00f6bb\u00e9 nem kell agg\u00f3dnia a maker\u00e1torral val\u00f3 kompatibilit\u00e1s miatt, f\u00fcggetlen\u00fcl a modellt\u0151l vagy m\u00e1rk\u00e1t\u00f3l.<\/p>\n<p><img decoding=\"async\" style=\"margin-right: 12px;\" src=\"https:\/\/www.ferberpainting.com\/wp-content\/uploads\/2026\/02\/Check.svg\" alt=\"\" width=\"18\" height=\"15\" \/><strong>Gazdas\u00e1gos.<\/strong>\u00a0A v\u00edzk\u0151old\u00f3 v\u00edzk\u0151old\u00f3 kiv\u00e1l\u00f3 \u00e1r-\u00e9rt\u00e9k ar\u00e1nyt k\u00edn\u00e1l. Egy liter term\u00e9k \u00e1tlagosan 5-8 alkalmaz\u00e1sra elegend\u0151, a v\u00edzk\u0151 mennyis\u00e9g\u00e9t\u0151l \u00e9s a kezelend\u0151 k\u00e9sz\u00fcl\u00e9k m\u00e9ret\u00e9t\u0151l f\u00fcgg\u0151en. Egy 5 literes kiszerel\u00e9ssel 25-40 kezel\u00e9s v\u00e9gezhet\u0151 el, \u00edgy nagyon k\u00f6lts\u00e9ghat\u00e9kony megold\u00e1s a szaniterek hossz\u00fa t\u00e1v\u00fa karbantart\u00e1s\u00e1ra.<\/p>\n<p><img decoding=\"async\" style=\"margin-right: 12px;\" src=\"https:\/\/www.ferberpainting.com\/wp-content\/uploads\/2026\/02\/Check.svg\" alt=\"\" width=\"18\" height=\"15\" \/><strong>Nem m\u00e9rgez\u0151.<\/strong>\u00a0Ezt a term\u00e9ket \u00fagy \u00e1ll\u00edtott\u00e1k \u00f6ssze, hogy az utas\u00edt\u00e1soknak megfelel\u0151en haszn\u00e1lva biztons\u00e1gos legyen. \u00dagy tervezt\u00e9k, hogy a v\u00edzk\u0151lerak\u00f3d\u00e1sokat \u00e9s -maradv\u00e1nyokat a felhaszn\u00e1l\u00f3 eg\u00e9szs\u00e9g\u00e9nek vesz\u00e9lyeztet\u00e9se n\u00e9lk\u00fcl t\u00e1vol\u00edtsa el. Nem tartalmaz durva vegyi anyagokat, \u00edgy k\u00f6nnyebben \u00e9s biztons\u00e1gosabban kezelhet\u0151, mint a hagyom\u00e1nyos mar\u00f3 hat\u00e1s\u00fa v\u00edzk\u0151old\u00f3k. A maxim\u00e1lis biztons\u00e1g \u00e9rdek\u00e9ben azonban a haszn\u00e1lat sor\u00e1n keszty\u0171 visel\u00e9se \u00e9s megfelel\u0151 szell\u0151ztet\u00e9s aj\u00e1nlott.<\/p>\n<p><img decoding=\"async\" style=\"margin-right: 12px;\" src=\"https:\/\/www.ferberpainting.com\/wp-content\/uploads\/2026\/02\/Check.svg\" alt=\"\" width=\"18\" height=\"15\" \/><strong>K\u00f6nnyen haszn\u00e1lhat\u00f3.<\/strong>\u00a0A v\u00edzk\u0151old\u00f3 v\u00edzk\u0151old\u00f3 haszn\u00e1latra k\u00e9sz, nem ig\u00e9nyel h\u00edg\u00edt\u00e1st vagy el\u0151k\u00e9sz\u00edt\u00e9st. Szivaccsal vagy ecsettel k\u00f6zvetlen\u00fcl az \u00e9rintett ter\u00fcletekre lehet felvinni. Alkalmaz\u00e1sa egyszer\u0171 \u00e9s gyors, \u00edgy k\u00f6nnyed\u00e9n, bonyolult technik\u00e1k vagy t\u00f6bbf\u00e9le vegyi term\u00e9k haszn\u00e1lata n\u00e9lk\u00fcl tarthatja makr\u00e1tor\u00e1t t\u00f6k\u00e9letes m\u0171k\u00f6d\u00e9si \u00e1llapotban.<\/p>\n<p><img decoding=\"async\" style=\"margin-right: 12px;\" src=\"https:\/\/www.ferberpainting.com\/wp-content\/uploads\/2026\/02\/Check.svg\" alt=\"\" width=\"18\" height=\"15\" \/><strong>Tart\u00f3ss\u00e1g.<\/strong>\u00a0A v\u00edzk\u0151old\u00f3 rendszeres haszn\u00e1lata j\u00f3 \u00e1llapotban tartja a k\u00e9sz\u00fcl\u00e9k belsej\u00e9t, \u00e9s cs\u00f6kkenti a v\u00edzk\u0151 felhalmoz\u00f3d\u00e1s\u00e1t az id\u0151 m\u00fal\u00e1s\u00e1val. A v\u00edzk\u0151lerak\u00f3d\u00e1sok megjelen\u00e9s\u00fckkor t\u00f6rt\u00e9n\u0151 elt\u00e1vol\u00edt\u00e1s\u00e1val meghosszabb\u00edtja maker\u00e1tor\u00e1nak \u00e9lettartam\u00e1t, mik\u00f6zben optimaliz\u00e1lja annak hat\u00e9konys\u00e1g\u00e1t. Ez a term\u00e9k seg\u00edt tov\u00e1bb\u00e1 cs\u00f6kkenteni a bels\u0151 elt\u00f6m\u0151d\u00e9sek okozta meghib\u00e1sod\u00e1sokat.<\/p>\n<p><img decoding=\"async\" style=\"margin-right: 12px;\" src=\"https:\/\/www.ferberpainting.com\/wp-content\/uploads\/2026\/02\/Check.svg\" alt=\"\" width=\"18\" height=\"15\" \/><strong>Gyorsan hat.<\/strong>\u00a0Ez a v\u00edzk\u0151old\u00f3 gyorsan feloldja a v\u00edzk\u0151 \u00e9s egy\u00e9b maradv\u00e1nyok v\u00edzk\u0151old\u00f3j\u00e1t. A felhord\u00e1s ut\u00e1n egyszer\u0171en hagyja hatni n\u00e9h\u00e1ny percig, hogy l\u00e1ssa az eredm\u00e9nyt. A marad\u00e9kok szintj\u00e9t\u0151l f\u00fcgg\u0151en az optim\u00e1lis hat\u00e9konys\u00e1g \u00e9rdek\u00e9ben 10-20 percig hagyhatja hatni a term\u00e9ket. Nem kell sok\u00e1ig v\u00e1rnia az \u00f6bl\u00edt\u00e9sre \u00e9s egy tiszta, m\u0171k\u00f6d\u0151 macer\u00e1tor visszanyer\u00e9s\u00e9re.<\/p>\n<h2><strong>Haszn\u00e1lati protokoll<\/strong><\/h2>\n<ul>\n<li><strong>Eszk\u00f6z el\u0151k\u00e9sz\u00edt\u00e9se <\/strong>: A v\u00edzk\u0151old\u00f3 alkalmaz\u00e1sa el\u0151tt gy\u0151z\u0151dj\u00f6n meg arr\u00f3l, hogy a v\u00edzk\u0151old\u00f3 ki van kapcsolva, \u00e9s hogy a tiszt\u00edtand\u00f3 alkatr\u00e9szek h\u0171v\u00f6sek. A biztons\u00e1g \u00e9rdek\u00e9ben sz\u00fcks\u00e9g eset\u00e9n h\u00fazza ki a k\u00e9sz\u00fcl\u00e9ket a h\u00e1l\u00f3zatb\u00f3l. Sz\u00fcks\u00e9g eset\u00e9n t\u00e1vol\u00edtsa el a tart\u00e1lyban vagy a t\u00e1lban maradt vizet.<\/li>\n<li><strong>A v\u00edzk\u0151old\u00f3 alkalmaz\u00e1sa <\/strong>: A term\u00e9k felhaszn\u00e1l\u00e1sra k\u00e9sz, \u00e9s nem ig\u00e9nyel h\u00edg\u00edt\u00e1st. A v\u00edzk\u0151old\u00f3t b\u0151s\u00e9gesen vigye fel a v\u00edzk\u0151old\u00f3 bels\u0151 r\u00e9szeire, ahol v\u00edzk\u0151 vagy v\u00edzk\u0151maradv\u00e1nyok l\u00e1that\u00f3ak. A term\u00e9ket szivaccsal vagy ecsettel egyenletesen eloszlathatja az \u00e9rintett ter\u00fcleteken. Gy\u0151z\u0151dj\u00f6n meg r\u00f3la, hogy minden lerak\u00f3d\u00e1st alaposan lefed.<\/li>\n<li><strong>Hossz\u00fa tart\u00f3zkod\u00e1si id\u0151 <\/strong>: Hagyja a v\u00edzk\u0151old\u00f3t 10-20 percig hatni. Ha a v\u00edzk\u0151 lerak\u00f3d\u00e1sok er\u0151sek, a jobb old\u00f3d\u00e1s \u00e9rdek\u00e9ben meghosszabb\u00edthatja az alkalmaz\u00e1si id\u0151t. Az \u00f6bl\u00edt\u00e9s el\u0151tt ne hagyja megsz\u00e1radni a term\u00e9ket, mert ez cs\u00f6kkentheti a hat\u00e9konys\u00e1g\u00e1t.<\/li>\n<li><strong>\u00d6bl\u00edt\u00e9s \u00e9s tiszt\u00edt\u00e1s <\/strong>: Az \u00e1ll\u00e1sid\u0151 letelte ut\u00e1n szivaccsal vagy tiszta ruh\u00e1val s\u00farolja le a fel\u00fcleteket, \u00e9s t\u00e1vol\u00edtsa el a felold\u00f3dott maradv\u00e1nyokat. A k\u00e9sz\u00fcl\u00e9k \u00e1t\u00f6bl\u00edt\u00e9s\u00e9hez tiszta v\u00edzzel is \u00e1t\u00f6bl\u00edtheti a macer\u00e1tort. \u00dcgyeljen arra, hogy a k\u00e9sz\u00fcl\u00e9k \u00fajb\u00f3li \u00fczembe helyez\u00e9se el\u0151tt a v\u00edzk\u0151old\u00f3 minden nyom\u00e1t elt\u00e1vol\u00edtsa.<\/li>\n<li><strong>Szersz\u00e1mtiszt\u00edt\u00e1s <\/strong>: Haszn\u00e1lat ut\u00e1n tiszt\u00edtsa meg eszk\u00f6zeit (szivacsok, kef\u00e9k) tiszta v\u00edzzel. Fontos, hogy alaposan \u00f6bl\u00edtse ki \u0151ket, hogy megel\u0151zze az eszk\u00f6z\u00f6k kikrist\u00e1lyosod\u00e1s\u00e1t vagy k\u00e1rosod\u00e1s\u00e1t.<\/li>\n<li><strong>T\u00e1rol\u00e1s <\/strong>: A v\u00edzk\u0151old\u00f3t eredeti tart\u00e1ly\u00e1ban, h\u0171v\u00f6s, sz\u00e1raz helyen, fagy \u00e9s t\u00falzott h\u0151 hat\u00e1s\u00e1t\u00f3l v\u00e9dve t\u00e1rolja. Minden haszn\u00e1lat ut\u00e1n z\u00e1rja le szorosan a tart\u00e1lyt a j\u00f3 eltarthat\u00f3s\u00e1g \u00e9rdek\u00e9ben. A v\u00edzk\u0151old\u00f3 megfelel\u0151 t\u00e1rol\u00e1s eset\u00e9n t\u00f6bb h\u00f3napig t\u00e1rolhat\u00f3.<\/li>\n<\/ul>\n<p>Az al\u00e1bbi egyszer\u0171 l\u00e9p\u00e9sek betart\u00e1s\u00e1val k\u00f6nnyed\u00e9n v\u00edzk\u0151mentes\u00edtheti \u00e9s karbantarthatja v\u00edzk\u0151telen\u00edt\u0151j\u00e9t, biztos\u00edtva ezzel a megfelel\u0151 m\u0171k\u00f6d\u00e9st \u00e9s hossz\u00fa \u00e9lettartamot. Ez a term\u00e9k ide\u00e1lis a v\u00edzk\u0151 \u00e9s a v\u00edzk\u0151maradv\u00e1nyok felhalmoz\u00f3d\u00e1s\u00e1nak megel\u0151z\u00e9s\u00e9re, \u00edgy minim\u00e1lis er\u0151fesz\u00edt\u00e9ssel seg\u00edt \u00d6nnek t\u00f6k\u00e9letes \u00e1llapotban tartani szaniter berendez\u00e9seit.<\/p>","protected":false},"excerpt":{"rendered":"<p>Effective against limescale and calcium deposits.\u00a0The macerator descaler is specially designed to effectively eliminate limescale and calcium deposits that can build up inside sanitary appliances like macerating toilets. These residues can block internal mechanisms and reduce system efficiency. Thanks to its powerful formula, this product helps maintain the proper functioning of your macerator while providing [&hellip;]<\/p>\n","protected":false},"featured_media":36457,"comment_status":"open","ping_status":"closed","template":"","meta":{"_uag_custom_page_level_css":"","site-sidebar-layout":"default","site-content-layout":"","ast-site-content-layout":"default","site-content-style":"default","site-sidebar-style":"default","ast-global-header-display":"","ast-banner-title-visibility":"","ast-main-header-display":"","ast-hfb-above-header-display":"","ast-hfb-below-header-display":"","ast-hfb-mobile-header-display":"","site-post-title":"","ast-breadcrumbs-content":"","ast-featured-img":"","footer-sml-layout":"","ast-disable-related-posts":"","theme-transparent-header-meta":"default","adv-header-id-meta":"","stick-header-meta":"","header-above-stick-meta":"","header-main-stick-meta":"","header-below-stick-meta":"","astra-migrate-meta-layouts":"set","ast-page-background-enabled":"default","ast-page-background-meta":{"desktop":{"background-color":"var(--ast-global-color-4)","background-image":"","background-repeat":"repeat","background-position":"center center","background-size":"auto","background-attachment":"scroll","background-type":"","background-media":"","overlay-type":"","overlay-color":"","overlay-opacity":"","overlay-gradient":""},"tablet":{"background-color":"","background-image":"","background-repeat":"repeat","background-position":"center center","background-size":"auto","background-attachment":"scroll","background-type":"","background-media":"","overlay-type":"","overlay-color":"","overlay-opacity":"","overlay-gradient":""},"mobile":{"background-color":"","background-image":"","background-repeat":"repeat","background-position":"center center","background-size":"auto","background-attachment":"scroll","background-type":"","background-media":"","overlay-type":"","overlay-color":"","overlay-opacity":"","overlay-gradient":""}},"ast-content-background-meta":{"desktop":{"background-color":"var(--ast-global-color-5)","background-image":"","background-repeat":"repeat","background-position":"center center","background-size":"auto","background-attachment":"scroll","background-type":"","background-media":"","overlay-type":"","overlay-color":"","overlay-opacity":"","overlay-gradient":""},"tablet":{"background-color":"var(--ast-global-color-5)","background-image":"","background-repeat":"repeat","background-position":"center center","background-size":"auto","background-attachment":"scroll","background-type":"","background-media":"","overlay-type":"","overlay-color":"","overlay-opacity":"","overlay-gradient":""},"mobile":{"background-color":"var(--ast-global-color-5)","background-image":"","background-repeat":"repeat","background-position":"center center","background-size":"auto","background-attachment":"scroll","background-type":"","background-media":"","overlay-type":"","overlay-color":"","overlay-opacity":"","overlay-gradient":""}}},"product_brand":[],"product_cat":[175],"product_tag":[],"class_list":{"0":"post-23195","1":"product","2":"type-product","3":"status-publish","4":"has-post-thumbnail","6":"product_cat-cleaning-products","7":"desktop-align-left","8":"tablet-align-left","9":"mobile-align-left","11":"first","12":"instock","13":"sale","14":"taxable","15":"shipping-taxable","16":"purchasable","17":"product-type-variable","18":"has-default-attributes"},"spectra_custom_meta":{"_visibility":["visible"],"_shopify_product_id":["9106662916341"],"_s2w_shopify_domain":["ferberpainting.myshopify.com"],"_shopify_variant_id":["46626432385269"],"_sku":[""],"_manage_stock":["no"],"total_sales":["25"],"_tax_status":["taxable"],"_tax_class":[""],"_backorders":["no"],"_sold_individually":["no"],"_virtual":["no"],"_downloadable":["no"],"_download_limit":["-1"],"_download_expiry":["-1"],"_stock":[null],"_stock_status":["instock"],"_wc_average_rating":["5.00"],"_wc_review_count":["18"],"_product_attributes":["a:1:{s:6:\"volume\";a:6:{s:4:\"name\";s:6:\"Volume\";s:5:\"value\";s:20:\"5 liters | 25 liters\";s:8:\"position\";i:1;s:10:\"is_visible\";i:0;s:12:\"is_variation\";i:1;s:11:\"is_taxonomy\";i:0;}}"],"_product_version":["10.5.1"],"wpse_downloadable_file_names":[""],"wpse_downloadable_file_urls":[""],"_edit_last":["1"],"_default_attributes":["a:1:{s:6:\"volume\";s:8:\"5 liters\";}"],"_edit_lock":["1771159549:1"],"merchant-center-availability":["yes"],"merchant-center-category":["7470"],"_thumbnail_id":["36457"],"_wp_page_template":["default"],"_wp_old_date":["2025-05-26"],"_product_image_gallery":["36458"],"site-sidebar-layout":["default"],"ast-site-content-layout":["default"],"site-content-style":["default"],"site-sidebar-style":["default"],"theme-transparent-header-meta":["default"],"_price":["29.90","129.90"],"_wc_rating_count":["a:1:{i:5;i:18;}"],"astra-migrate-meta-layouts":["set"],"_uag_css_file_name":["uag-css-23195.css"],"_elementor_page_assets":["a:0:{}"],"_uag_page_assets":["a:9:{s:3:\"css\";s:7133:\".uag-blocks-common-selector{z-index:var(--z-index-desktop) !important}@media(max-width: 976px){.uag-blocks-common-selector{z-index:var(--z-index-tablet) !important}}@media(max-width: 767px){.uag-blocks-common-selector{z-index:var(--z-index-mobile) !important}}.wp-block-uagb-image{display:flex}.wp-block-uagb-image__figure{position:relative;display:flex;flex-direction:column;max-width:100%;height:auto;margin:0}.wp-block-uagb-image__figure img{height:auto;display:flex;max-width:100%;transition:box-shadow .2s ease}.wp-block-uagb-image__figure>a{display:inline-block}.wp-block-uagb-image__figure figcaption{text-align:center;margin-top:.5em;margin-bottom:1em}.wp-block-uagb-image .components-placeholder.block-editor-media-placeholder .components-placeholder__instructions{align-self:center}.wp-block-uagb-image--align-left{text-align:left}.wp-block-uagb-image--align-right{text-align:right}.wp-block-uagb-image--align-center{text-align:center}.wp-block-uagb-image--align-full .wp-block-uagb-image__figure{margin-left:calc(50% - 50vw);margin-right:calc(50% - 50vw);max-width:100vw;width:100vw;height:auto}.wp-block-uagb-image--align-full .wp-block-uagb-image__figure img{height:auto;width:100% !important}.wp-block-uagb-image--align-wide .wp-block-uagb-image__figure img{height:auto;width:100%}.wp-block-uagb-image--layout-overlay__color-wrapper{position:absolute;left:0;top:0;right:0;bottom:0;opacity:.2;background:rgba(0,0,0,.5);transition:opacity .35s ease-in-out}.wp-block-uagb-image--layout-overlay-link{position:absolute;left:0;right:0;bottom:0;top:0}.wp-block-uagb-image--layout-overlay .wp-block-uagb-image__figure:hover .wp-block-uagb-image--layout-overlay__color-wrapper{opacity:1}.wp-block-uagb-image--layout-overlay__inner{position:absolute;left:15px;right:15px;bottom:15px;top:15px;display:flex;align-items:center;justify-content:center;flex-direction:column;border-color:#fff;transition:.35s ease-in-out}.wp-block-uagb-image--layout-overlay__inner.top-left,.wp-block-uagb-image--layout-overlay__inner.top-center,.wp-block-uagb-image--layout-overlay__inner.top-right{justify-content:flex-start}.wp-block-uagb-image--layout-overlay__inner.bottom-left,.wp-block-uagb-image--layout-overlay__inner.bottom-center,.wp-block-uagb-image--layout-overlay__inner.bottom-right{justify-content:flex-end}.wp-block-uagb-image--layout-overlay__inner.top-left,.wp-block-uagb-image--layout-overlay__inner.center-left,.wp-block-uagb-image--layout-overlay__inner.bottom-left{align-items:flex-start}.wp-block-uagb-image--layout-overlay__inner.top-right,.wp-block-uagb-image--layout-overlay__inner.center-right,.wp-block-uagb-image--layout-overlay__inner.bottom-right{align-items:flex-end}.wp-block-uagb-image--layout-overlay__inner .uagb-image-heading{color:#fff;transition:transform .35s,opacity .35s ease-in-out;transform:translate3d(0, 24px, 0);margin:0;line-height:1em}.wp-block-uagb-image--layout-overlay__inner .uagb-image-separator{width:30%;border-top-width:2px;border-top-color:#fff;border-top-style:solid;margin-bottom:10px;opacity:0;transition:transform .4s,opacity .4s ease-in-out;transform:translate3d(0, 30px, 0)}.wp-block-uagb-image--layout-overlay__inner .uagb-image-caption{opacity:0;overflow:visible;color:#fff;transition:transform .45s,opacity .45s ease-in-out;transform:translate3d(0, 35px, 0)}.wp-block-uagb-image--layout-overlay__inner:hover .uagb-image-heading,.wp-block-uagb-image--layout-overlay__inner:hover .uagb-image-separator,.wp-block-uagb-image--layout-overlay__inner:hover .uagb-image-caption{opacity:1;transform:translate3d(0, 0, 0)}.wp-block-uagb-image--effect-zoomin .wp-block-uagb-image__figure img,.wp-block-uagb-image--effect-zoomin .wp-block-uagb-image__figure .wp-block-uagb-image--layout-overlay__color-wrapper{transform:scale(1);transition:transform .35s ease-in-out}.wp-block-uagb-image--effect-zoomin .wp-block-uagb-image__figure:hover img,.wp-block-uagb-image--effect-zoomin .wp-block-uagb-image__figure:hover .wp-block-uagb-image--layout-overlay__color-wrapper{transform:scale(1.05)}.wp-block-uagb-image--effect-slide .wp-block-uagb-image__figure img,.wp-block-uagb-image--effect-slide .wp-block-uagb-image__figure .wp-block-uagb-image--layout-overlay__color-wrapper{width:calc(100% + 40px) !important;max-width:none !important;transform:translate3d(-40px, 0, 0);transition:transform .35s ease-in-out}.wp-block-uagb-image--effect-slide .wp-block-uagb-image__figure:hover img,.wp-block-uagb-image--effect-slide .wp-block-uagb-image__figure:hover .wp-block-uagb-image--layout-overlay__color-wrapper{transform:translate3d(0, 0, 0)}.wp-block-uagb-image--effect-grayscale img{filter:grayscale(0%);transition:.35s ease-in-out}.wp-block-uagb-image--effect-grayscale:hover img{filter:grayscale(100%)}.wp-block-uagb-image--effect-blur img{filter:blur(0);transition:.35s ease-in-out}.wp-block-uagb-image--effect-blur:hover img{filter:blur(3px)}.uagb-block-e6f939b3.wp-block-uagb-image--layout-default figure img{box-shadow: 0px 0px 0 #00000070;}.uagb-block-e6f939b3.wp-block-uagb-image .wp-block-uagb-image__figure figcaption{font-style: normal;align-self: center;}.uagb-block-e6f939b3.wp-block-uagb-image--layout-overlay figure img{box-shadow: 0px 0px 0 #00000070;}.uagb-block-e6f939b3.wp-block-uagb-image--layout-overlay .wp-block-uagb-image--layout-overlay__color-wrapper{opacity: 0.2;}.uagb-block-e6f939b3.wp-block-uagb-image--layout-overlay .wp-block-uagb-image--layout-overlay__inner{left: 15px;right: 15px;top: 15px;bottom: 15px;}.uagb-block-e6f939b3.wp-block-uagb-image--layout-overlay .wp-block-uagb-image--layout-overlay__inner .uagb-image-heading{font-style: normal;color: #fff;opacity: 1;}.uagb-block-e6f939b3.wp-block-uagb-image--layout-overlay .wp-block-uagb-image--layout-overlay__inner .uagb-image-heading a{color: #fff;}.uagb-block-e6f939b3.wp-block-uagb-image--layout-overlay .wp-block-uagb-image--layout-overlay__inner .uagb-image-caption{opacity: 0;}.uagb-block-e6f939b3.wp-block-uagb-image--layout-overlay .wp-block-uagb-image__figure:hover .wp-block-uagb-image--layout-overlay__color-wrapper{opacity: 1;}.uagb-block-e6f939b3.wp-block-uagb-image .wp-block-uagb-image--layout-overlay__inner .uagb-image-separator{width: 30%;border-top-width: 2px;border-top-color: #fff;opacity: 0;}.uagb-block-e6f939b3.wp-block-uagb-image .wp-block-uagb-image__figure img{width: px;height: auto;}.uagb-block-e6f939b3.wp-block-uagb-image .wp-block-uagb-image__figure:hover .wp-block-uagb-image--layout-overlay__inner .uagb-image-caption{opacity: 1;}.uagb-block-e6f939b3.wp-block-uagb-image .wp-block-uagb-image__figure:hover .wp-block-uagb-image--layout-overlay__inner .uagb-image-separator{opacity: 1;}.uagb-block-e6f939b3.wp-block-uagb-image--layout-default figure:hover img{box-shadow: 0px 0px 0 #00000070;}.uagb-block-e6f939b3.wp-block-uagb-image--layout-overlay figure:hover img{box-shadow: 0px 0px 0 #00000070;}@media only screen and (max-width: 976px) {.uagb-block-e6f939b3.wp-block-uagb-image .wp-block-uagb-image__figure img{width: px;height: auto;}}@media only screen and (max-width: 767px) {.uagb-block-e6f939b3.wp-block-uagb-image .wp-block-uagb-image__figure img{width: px;height: auto;}}\";s:2:\"js\";s:0:\"\";s:18:\"current_block_list\";a:13:{i:0;s:11:\"core\/search\";i:1;s:10:\"core\/group\";i:2;s:12:\"core\/heading\";i:3;s:17:\"core\/latest-posts\";i:4;s:20:\"core\/latest-comments\";i:5;s:13:\"core\/archives\";i:6;s:15:\"core\/categories\";i:7;s:14:\"core\/paragraph\";i:8;s:10:\"uagb\/image\";i:9;s:11:\"core\/spacer\";i:10;s:30:\"woocommerce\/product-categories\";i:11;s:10:\"core\/image\";i:12;s:14:\"core\/shortcode\";}s:8:\"uag_flag\";b:1;s:11:\"uag_version\";s:10:\"1777229901\";s:6:\"gfonts\";a:0:{}s:10:\"gfonts_url\";s:0:\"\";s:12:\"gfonts_files\";a:0:{}s:14:\"uag_faq_layout\";b:0;}"]},"uagb_featured_image_src":{"full":["https:\/\/www.ferberpainting.com\/wp-content\/uploads\/2025\/05\/Descaler-for-Macerator-Toilet-5L.png",2560,2560,false],"thumbnail":["https:\/\/www.ferberpainting.com\/wp-content\/uploads\/2025\/05\/Descaler-for-Macerator-Toilet-5L-150x150.png",150,150,true],"medium":["https:\/\/www.ferberpainting.com\/wp-content\/uploads\/2025\/05\/Descaler-for-Macerator-Toilet-5L-300x300.png",300,300,true],"medium_large":["https:\/\/www.ferberpainting.com\/wp-content\/uploads\/2025\/05\/Descaler-for-Macerator-Toilet-5L-768x768.png",768,768,true],"large":["https:\/\/www.ferberpainting.com\/wp-content\/uploads\/2025\/05\/Descaler-for-Macerator-Toilet-5L-1024x1024.png",1024,1024,true],"1536x1536":["https:\/\/www.ferberpainting.com\/wp-content\/uploads\/2025\/05\/Descaler-for-Macerator-Toilet-5L-1536x1536.png",1536,1536,true],"2048x2048":["https:\/\/www.ferberpainting.com\/wp-content\/uploads\/2025\/05\/Descaler-for-Macerator-Toilet-5L-2048x2048.png",2048,2048,true],"trp-custom-language-flag":["https:\/\/www.ferberpainting.com\/wp-content\/uploads\/2025\/05\/Descaler-for-Macerator-Toilet-5L-12x12.png",12,12,true],"woocommerce_thumbnail":["https:\/\/www.ferberpainting.com\/wp-content\/uploads\/2025\/05\/Descaler-for-Macerator-Toilet-5L-300x300.png",300,300,true],"woocommerce_single":["https:\/\/www.ferberpainting.com\/wp-content\/uploads\/2025\/05\/Descaler-for-Macerator-Toilet-5L-600x600.png",600,600,true],"woocommerce_gallery_thumbnail":["https:\/\/www.ferberpainting.com\/wp-content\/uploads\/2025\/05\/Descaler-for-Macerator-Toilet-5L-100x100.png",100,100,true]},"uagb_author_info":{"display_name":"admin","author_link":"https:\/\/www.ferberpainting.com\/hu\/author\/"},"uagb_comment_info":18,"uagb_excerpt":"Effective against limescale and calcium deposits.\u00a0The macerator descaler is specially designed to effectively eliminate limescale and calcium deposits that can build up inside sanitary appliances like macerating toilets. These residues can block internal mechanisms and reduce system efficiency. Thanks to its powerful formula, this product helps maintain the proper functioning of your macerator while providing&hellip;","_links":{"self":[{"href":"https:\/\/www.ferberpainting.com\/hu\/wp-json\/wp\/v2\/product\/23195","targetHints":{"allow":["GET"]}}],"collection":[{"href":"https:\/\/www.ferberpainting.com\/hu\/wp-json\/wp\/v2\/product"}],"about":[{"href":"https:\/\/www.ferberpainting.com\/hu\/wp-json\/wp\/v2\/types\/product"}],"replies":[{"embeddable":true,"href":"https:\/\/www.ferberpainting.com\/hu\/wp-json\/wp\/v2\/comments?post=23195"}],"version-history":[{"count":4,"href":"https:\/\/www.ferberpainting.com\/hu\/wp-json\/wp\/v2\/product\/23195\/revisions"}],"predecessor-version":[{"id":166095,"href":"https:\/\/www.ferberpainting.com\/hu\/wp-json\/wp\/v2\/product\/23195\/revisions\/166095"}],"wp:featuredmedia":[{"embeddable":true,"href":"https:\/\/www.ferberpainting.com\/hu\/wp-json\/wp\/v2\/media\/36457"}],"wp:attachment":[{"href":"https:\/\/www.ferberpainting.com\/hu\/wp-json\/wp\/v2\/media?parent=23195"}],"wp:term":[{"taxonomy":"product_brand","embeddable":true,"href":"https:\/\/www.ferberpainting.com\/hu\/wp-json\/wp\/v2\/product_brand?post=23195"},{"taxonomy":"product_cat","embeddable":true,"href":"https:\/\/www.ferberpainting.com\/hu\/wp-json\/wp\/v2\/product_cat?post=23195"},{"taxonomy":"product_tag","embeddable":true,"href":"https:\/\/www.ferberpainting.com\/hu\/wp-json\/wp\/v2\/product_tag?post=23195"}],"curies":[{"name":"wp","href":"https:\/\/api.w.org\/{rel}","templated":true}]}}