{"id":23191,"date":"2025-05-26T10:23:14","date_gmt":"2025-05-26T08:23:14","guid":{"rendered":"https:\/\/www.ferberpainting.com\/products\/damp-wall-and-rising-damp-treatment\/"},"modified":"2026-02-15T13:46:22","modified_gmt":"2026-02-15T12:46:22","slug":"damp-wall-and-rising-damp-treatment","status":"publish","type":"product","link":"https:\/\/www.ferberpainting.com\/hu\/products\/damp-wall-and-rising-damp-treatment\/","title":{"rendered":"Nedves falak \u00e9s felsziv\u00e1rg\u00f3 nedvess\u00e9g kezel\u00e9se"},"content":{"rendered":"<p><img decoding=\"async\" style=\"margin-right: 12px;\" src=\"https:\/\/www.ferberpainting.com\/wp-content\/uploads\/2026\/02\/Check.svg\" alt=\"\" width=\"18\" height=\"15\" \/><strong>Hosszantart\u00f3 nedvess\u00e9g-elt\u00e1vol\u00edt\u00e1s.<\/strong>\u00a0Ez a speci\u00e1lisan nedves falakra kifejlesztett kezel\u00e9s hat\u00e9konyan blokkolja a felsz\u00e1ll\u00f3 nedvess\u00e9get, \u00e9s megakad\u00e1lyozza, hogy a v\u00edz a kapillarit\u00e1s r\u00e9v\u00e9n besziv\u00e1rogjon a falakba. Nagy teljes\u00edtm\u00e9ny\u0171 v\u00edzszigetel\u0151 hat\u00e1s\u00e1nak k\u00f6sz\u00f6nhet\u0151en olyan \u00e1thatolhatatlan g\u00e1tat k\u00e9pez, amely tart\u00f3san meg\u00e1ll\u00edtja a felsz\u00e1ll\u00f3 nedvess\u00e9get, \u00e9s megv\u00e9di a szerkezeteket a v\u00edzzel kapcsolatos k\u00e1rokt\u00f3l.<\/p>\n<p><img decoding=\"async\" style=\"margin-right: 12px;\" src=\"https:\/\/www.ferberpainting.com\/wp-content\/uploads\/2026\/02\/Check.svg\" alt=\"\" width=\"18\" height=\"15\" \/><strong>P\u00e9nz-visszafizet\u00e9si garancia.<\/strong>\u00a0Mivel teljes m\u00e9rt\u00e9kben megb\u00edzunk a nedvess\u00e9gkezel\u00e9s hat\u00e9konys\u00e1g\u00e1ban, p\u00e9nzvisszafizet\u00e9si garanci\u00e1t v\u00e1llalunk. Ha a term\u00e9k az aj\u00e1nl\u00e1soknak megfelel\u0151 alkalmaz\u00e1s ut\u00e1n nem felel meg az \u00d6n elv\u00e1r\u00e1sainak, k\u00e9rheti a p\u00e9nzvisszat\u00e9r\u00edt\u00e9st, \u00edgy biztos\u00edtva a biztons\u00e1gos \u00e9s kock\u00e1zatmentes v\u00e1s\u00e1rl\u00e1st.<\/p>\n<p><img decoding=\"async\" style=\"margin-right: 12px;\" src=\"https:\/\/www.ferberpainting.com\/wp-content\/uploads\/2026\/02\/Check.svg\" alt=\"\" width=\"18\" height=\"15\" \/><strong>Alkalmas k\u00fcl\u00f6nb\u00f6z\u0151 anyagokhoz.<\/strong>\u00a0Ez a nedvess\u00e9g elleni kezel\u00e9s az \u00e1sv\u00e1nyi fel\u00fcletek sz\u00e9les sk\u00e1l\u00e1j\u00e1val kompatibilis, mint p\u00e9ld\u00e1ul beton, t\u00e9gla, term\u00e9szetes k\u0151, cement \u00e9s salakbeton. Bels\u0151 \u00e9s k\u00fcls\u0151 falakon egyar\u00e1nt alkalmazhat\u00f3, \u00e9s ide\u00e1lis pinc\u00e9k, pinc\u00e9k, homlokzatok vagy b\u00e1rmely m\u00e1s, felsz\u00e1ll\u00f3 nedvess\u00e9g \u00e1ltal \u00e9rintett ter\u00fclet sz\u00e1m\u00e1ra.<\/p>\n<p><img decoding=\"async\" style=\"margin-right: 12px;\" src=\"https:\/\/www.ferberpainting.com\/wp-content\/uploads\/2026\/02\/Check.svg\" alt=\"\" width=\"18\" height=\"15\" \/><strong>K\u00f6lts\u00e9ghat\u00e9kony \u00e9s nagy teljes\u00edtm\u00e9ny\u0171 lefedetts\u00e9g.<\/strong>\u00a0Az optim\u00e1lis koncentr\u00e1ci\u00f3nak k\u00f6sz\u00f6nhet\u0151en egy liter term\u00e9kkel k\u00f6r\u00fclbel\u00fcl 1 m\u00b2 fal kezelhet\u0151, annak porozit\u00e1s\u00e1t\u00f3l \u00e9s vastags\u00e1g\u00e1t\u00f3l f\u00fcgg\u0151en. Egy 5 literes tart\u00e1ly kiterjedt lefedetts\u00e9get biztos\u00edt kiv\u00e1l\u00f3 k\u00f6lts\u00e9ghat\u00e9konys\u00e1gi ar\u00e1ny mellett. Tart\u00f3s hat\u00e1sa miatt nincs sz\u00fcks\u00e9g ism\u00e9telt kezel\u00e9sekre, \u00edgy hossz\u00fa t\u00e1von gazdas\u00e1gos megold\u00e1s.<\/p>\n<p><img decoding=\"async\" style=\"margin-right: 12px;\" src=\"https:\/\/www.ferberpainting.com\/wp-content\/uploads\/2026\/02\/Check.svg\" alt=\"\" width=\"18\" height=\"15\" \/><strong>Biztons\u00e1goss\u00e1g \u00e9s nem toxicit\u00e1s.<\/strong>\u00a0Ezt a v\u00edzszigetel\u0151 kezel\u00e9st durva m\u00e9rgez\u0151 \u00f6sszetev\u0151k n\u00e9lk\u00fcl \u00e1ll\u00edtott\u00e1k \u00f6ssze, \u00e9s nem bocs\u00e1t ki vesz\u00e9lyes f\u00fcst\u00f6t, \u00edgy biztons\u00e1gos haszn\u00e1latot biztos\u00edt mind a felhord\u00f3k, mind a lak\u00f3k sz\u00e1m\u00e1ra. Megfelel a hat\u00e1lyos k\u00f6rnyezetv\u00e9delmi el\u0151\u00edr\u00e1soknak, \u00e9s nem jelent kock\u00e1zatot a kezelt fel\u00fcletekre.<\/p>\n<p><img decoding=\"async\" style=\"margin-right: 12px;\" src=\"https:\/\/www.ferberpainting.com\/wp-content\/uploads\/2026\/02\/Check.svg\" alt=\"\" width=\"18\" height=\"15\" \/><strong>K\u00f6nny\u0171 alkalmaz\u00e1s.<\/strong>\u00a0Ezt a kezel\u00e9st szakemberek \u00e9s mag\u00e1nszem\u00e9lyek \u00e1ltali haszn\u00e1latra egyar\u00e1nt tervezt\u00e9k, \u00e9s egyszer\u0171 f\u00far\u00e1st k\u00f6vet\u0151en, rendszeres id\u0151k\u00f6z\u00f6nk\u00e9nt injekci\u00f3 form\u00e1j\u00e1ban alkalmazz\u00e1k a falakba. Nem ig\u00e9nyel magas szint\u0171 technikai ismereteket, \u00e9s gyors kivitelez\u00e9st tesz lehet\u0151v\u00e9 a szok\u00e1sos szersz\u00e1mokkal, azonnali \u00e9s tart\u00f3s hat\u00e9konys\u00e1got biztos\u00edtva.<\/p>\n<p><img decoding=\"async\" style=\"margin-right: 12px;\" src=\"https:\/\/www.ferberpainting.com\/wp-content\/uploads\/2026\/02\/Check.svg\" alt=\"\" width=\"18\" height=\"15\" \/><strong>Kiv\u00e9teles tart\u00f3ss\u00e1g.<\/strong>\u00a0Az olyan ideiglenes megold\u00e1sokkal ellent\u00e9tben, mint a nedvess\u00e9g elleni fest\u00e9kek vagy v\u00edz\u00e1ll\u00f3 bevonatok, ez a kezel\u00e9s m\u00e9lyen behatol a szerkezetbe, \u00e9s t\u00f6bb \u00e9vtizedig hat\u00e9kony marad. A felhord\u00e1s ut\u00e1n folyamatosan v\u00e9di a falat, \u00e9s megakad\u00e1lyozza a nedvess\u00e9g tov\u00e1bbi felsz\u00e1ll\u00e1s\u00e1t, elker\u00fclve a bevonatok \u00e9s fest\u00e9kek k\u00e1rosod\u00e1s\u00e1t.<\/p>\n<p><img decoding=\"async\" style=\"margin-right: 12px;\" src=\"https:\/\/www.ferberpainting.com\/wp-content\/uploads\/2026\/02\/Check.svg\" alt=\"\" width=\"18\" height=\"15\" \/><strong>Gyors cselekv\u00e9s \u00e9s l\u00e1that\u00f3 eredm\u00e9nyek.<\/strong>\u00a0Ez a term\u00e9k gyorsan hat, \u00e9s a fal nedvess\u00e9gtartalm\u00e1t\u00f3l f\u00fcgg\u0151en n\u00e9h\u00e1ny nap \u00e9s n\u00e9h\u00e1ny h\u00e9t k\u00f6z\u00f6tt \u00e9szrevehet\u0151 a hat\u00e1sa. Az alkalmaz\u00e1s pillanat\u00e1t\u00f3l kezdve elkezdi elz\u00e1rni a vizet \u00e9s fokozatosan sz\u00e1r\u00edtani a falakat, ami r\u00f6vid id\u0151n bel\u00fcl jelent\u0151s javul\u00e1st eredm\u00e9nyez azok \u00e1llapot\u00e1ban.<\/p>\n<h2><strong>Haszn\u00e1lati protokoll<\/strong><\/h2>\n<ul>\n<li><strong>Fal el\u0151k\u00e9sz\u00edt\u00e9se :<\/strong> Ellen\u0151rizze a fel\u00fcletek \u00e1llapot\u00e1t, \u00e9s azonos\u00edtsa a felsz\u00e1ll\u00f3 nedvess\u00e9g \u00e1ltal \u00e9rintett ter\u00fcleteket. Ha s\u00f3lerak\u00f3d\u00e1sok (kivir\u00e1gz\u00e1s) vagy pen\u00e9sz jelen vannak, a fel\u00fcletet a felhord\u00e1s el\u0151tt tiszt\u00edtsa meg.<\/li>\n<li><strong>Injekci\u00f3s furatok f\u00far\u00e1sa :<\/strong> F\u00farjunk k\u00f6r\u00fclbel\u00fcl 10-14 mm \u00e1tm\u00e9r\u0151j\u0171 lyukakat a talajt\u00f3l 15 cm-re, 10-15 cm t\u00e1vols\u00e1got tartva az egyes lyukak k\u00f6z\u00f6tt. A lyukaknak enyh\u00e9n lefel\u00e9 kell d\u0151lni\u00fck a term\u00e9k jobb terjed\u00e9s\u00e9nek biztos\u00edt\u00e1sa \u00e9rdek\u00e9ben.<\/li>\n<li><strong>A kezel\u00e9s bead\u00e1sa :<\/strong> Injektorral vagy megfelel\u0151 fecskend\u0151vel juttassa be a term\u00e9ket minden egyes lyukba, \u00fcgyelve arra, hogy a fal m\u00e9lyen tel\u00edt\u0151dj\u00f6n. Hagyja, hogy a term\u00e9k behatoljon, \u00e9s sz\u00fcks\u00e9g eset\u00e9n ism\u00e9telje meg a folyamatot az optim\u00e1lis v\u00e9delem biztos\u00edt\u00e1sa \u00e9rdek\u00e9ben.<\/li>\n<li><strong>Sz\u00e1r\u00edt\u00e1s \u00e9s a nedvess\u00e9g elp\u00e1rolg\u00e1sa :<\/strong> Hagyja a term\u00e9ket hatni, \u00e9s figyelje a nedvess\u00e9gcs\u00f6kkent\u00e9si folyamatot. A fal teljes kisz\u00e1rad\u00e1sa a kezdeti nedvess\u00e9gtartalomt\u00f3l \u00e9s a fal vastags\u00e1g\u00e1t\u00f3l f\u00fcgg\u0151en n\u00e9h\u00e1ny h\u00e9tt\u0151l ak\u00e1r t\u00f6bb h\u00f3napig is eltarthat.<\/li>\n<li><strong>A lyukak t\u00f6m\u00edt\u00e9se :<\/strong> Miut\u00e1n a fal stabiliz\u00e1l\u00f3dott, t\u00f6m\u00edtse le a lyukakat megfelel\u0151 habarccsal vagy befejez\u0151 vakolattal az egys\u00e9ges \u00e9s eszt\u00e9tikus fel\u00fclet helyre\u00e1ll\u00edt\u00e1sa \u00e9rdek\u00e9ben.<\/li>\n<li><strong>Utols\u00f3 sim\u00edt\u00e1sok :<\/strong> Ha a nedvess\u00e9g teljesen megsz\u0171nt, sz\u00fcks\u00e9g eset\u00e9n alkalmazzon kompatibilis fest\u00e9ket vagy bevonatot a kezelt fel\u00fclet v\u00e9delm\u00e9re \u00e9s jav\u00edt\u00e1s\u00e1ra.<\/li>\n<\/ul>","protected":false},"excerpt":{"rendered":"<p>Long-lasting Moisture Elimination.\u00a0This specially designed treatment for damp walls effectively blocks rising damp and prevents water from infiltrating the walls through capillarity. Thanks to its high-performance waterproofing action, it forms an impermeable barrier that permanently stops ascending moisture and protects structures from water-related damage. Money-back Guarantee.\u00a0Because we have complete confidence in the effectiveness of our [&hellip;]<\/p>\n","protected":false},"featured_media":25750,"comment_status":"open","ping_status":"closed","template":"","meta":{"_uag_custom_page_level_css":"","site-sidebar-layout":"default","site-content-layout":"","ast-site-content-layout":"default","site-content-style":"default","site-sidebar-style":"default","ast-global-header-display":"","ast-banner-title-visibility":"","ast-main-header-display":"","ast-hfb-above-header-display":"","ast-hfb-below-header-display":"","ast-hfb-mobile-header-display":"","site-post-title":"","ast-breadcrumbs-content":"","ast-featured-img":"","footer-sml-layout":"","ast-disable-related-posts":"","theme-transparent-header-meta":"default","adv-header-id-meta":"","stick-header-meta":"","header-above-stick-meta":"","header-main-stick-meta":"","header-below-stick-meta":"","astra-migrate-meta-layouts":"set","ast-page-background-enabled":"default","ast-page-background-meta":{"desktop":{"background-color":"var(--ast-global-color-4)","background-image":"","background-repeat":"repeat","background-position":"center center","background-size":"auto","background-attachment":"scroll","background-type":"","background-media":"","overlay-type":"","overlay-color":"","overlay-opacity":"","overlay-gradient":""},"tablet":{"background-color":"","background-image":"","background-repeat":"repeat","background-position":"center center","background-size":"auto","background-attachment":"scroll","background-type":"","background-media":"","overlay-type":"","overlay-color":"","overlay-opacity":"","overlay-gradient":""},"mobile":{"background-color":"","background-image":"","background-repeat":"repeat","background-position":"center center","background-size":"auto","background-attachment":"scroll","background-type":"","background-media":"","overlay-type":"","overlay-color":"","overlay-opacity":"","overlay-gradient":""}},"ast-content-background-meta":{"desktop":{"background-color":"var(--ast-global-color-5)","background-image":"","background-repeat":"repeat","background-position":"center center","background-size":"auto","background-attachment":"scroll","background-type":"","background-media":"","overlay-type":"","overlay-color":"","overlay-opacity":"","overlay-gradient":""},"tablet":{"background-color":"var(--ast-global-color-5)","background-image":"","background-repeat":"repeat","background-position":"center center","background-size":"auto","background-attachment":"scroll","background-type":"","background-media":"","overlay-type":"","overlay-color":"","overlay-opacity":"","overlay-gradient":""},"mobile":{"background-color":"var(--ast-global-color-5)","background-image":"","background-repeat":"repeat","background-position":"center center","background-size":"auto","background-attachment":"scroll","background-type":"","background-media":"","overlay-type":"","overlay-color":"","overlay-opacity":"","overlay-gradient":""}}},"product_brand":[],"product_cat":[176],"product_tag":[],"class_list":{"0":"post-23191","1":"product","2":"type-product","3":"status-publish","4":"has-post-thumbnail","6":"product_cat-concrete-treatment","7":"desktop-align-left","8":"tablet-align-left","9":"mobile-align-left","11":"first","12":"instock","13":"sale","14":"shipping-taxable","15":"purchasable","16":"product-type-variable","17":"has-default-attributes"},"spectra_custom_meta":{"_visibility":["visible"],"_shopify_product_id":["9058928328949"],"_s2w_shopify_domain":["ferberpainting.myshopify.com"],"_shopify_variant_id":["46479679586549"],"_sku":[""],"_manage_stock":["no"],"total_sales":["208"],"_tax_status":["taxable"],"_tax_class":[""],"_backorders":["no"],"_sold_individually":["no"],"_virtual":["no"],"_downloadable":["no"],"_download_limit":["-1"],"_download_expiry":["-1"],"_stock":[null],"_stock_status":["instock"],"_wc_average_rating":["4.67"],"_wc_review_count":["6"],"_product_attributes":["a:1:{s:6:\"volume\";a:6:{s:4:\"name\";s:6:\"Volume\";s:5:\"value\";s:20:\"5 liters | 25 liters\";s:8:\"position\";i:1;s:10:\"is_visible\";i:0;s:12:\"is_variation\";i:1;s:11:\"is_taxonomy\";i:0;}}"],"_product_version":["10.5.1"],"_thumbnail_id":["25750"],"_product_image_gallery":["25751"],"wpse_downloadable_file_names":[""],"wpse_downloadable_file_urls":[""],"_edit_last":["1"],"_default_attributes":["a:1:{s:6:\"volume\";s:8:\"5 liters\";}"],"_edit_lock":["1771159457:1"],"merchant-center-availability":["yes"],"merchant-center-category":["2277"],"_price":["29.90","129.90"],"_wp_page_template":["default"],"site-sidebar-layout":["default"],"ast-site-content-layout":["default"],"site-content-style":["default"],"site-sidebar-style":["default"],"theme-transparent-header-meta":["default"],"_wc_rating_count":["a:2:{i:4;i:2;i:5;i:4;}"],"astra-migrate-meta-layouts":["set"],"_uag_css_file_name":["uag-css-23191.css"],"_elementor_page_assets":["a:0:{}"],"_uag_page_assets":["a:9:{s:3:\"css\";s:6873:\".wp-block-uagb-image{display:flex}.wp-block-uagb-image__figure{position:relative;display:flex;flex-direction:column;max-width:100%;height:auto;margin:0}.wp-block-uagb-image__figure img{height:auto;display:flex;max-width:100%;transition:box-shadow .2s ease}.wp-block-uagb-image__figure>a{display:inline-block}.wp-block-uagb-image__figure figcaption{text-align:center;margin-top:.5em;margin-bottom:1em}.wp-block-uagb-image .components-placeholder.block-editor-media-placeholder .components-placeholder__instructions{align-self:center}.wp-block-uagb-image--align-left{text-align:left}.wp-block-uagb-image--align-right{text-align:right}.wp-block-uagb-image--align-center{text-align:center}.wp-block-uagb-image--align-full .wp-block-uagb-image__figure{margin-left:calc(50% - 50vw);margin-right:calc(50% - 50vw);max-width:100vw;width:100vw;height:auto}.wp-block-uagb-image--align-full .wp-block-uagb-image__figure img{height:auto;width:100% !important}.wp-block-uagb-image--align-wide .wp-block-uagb-image__figure img{height:auto;width:100%}.wp-block-uagb-image--layout-overlay__color-wrapper{position:absolute;left:0;top:0;right:0;bottom:0;opacity:.2;background:rgba(0,0,0,.5);transition:opacity .35s ease-in-out}.wp-block-uagb-image--layout-overlay-link{position:absolute;left:0;right:0;bottom:0;top:0}.wp-block-uagb-image--layout-overlay .wp-block-uagb-image__figure:hover .wp-block-uagb-image--layout-overlay__color-wrapper{opacity:1}.wp-block-uagb-image--layout-overlay__inner{position:absolute;left:15px;right:15px;bottom:15px;top:15px;display:flex;align-items:center;justify-content:center;flex-direction:column;border-color:#fff;transition:.35s ease-in-out}.wp-block-uagb-image--layout-overlay__inner.top-left,.wp-block-uagb-image--layout-overlay__inner.top-center,.wp-block-uagb-image--layout-overlay__inner.top-right{justify-content:flex-start}.wp-block-uagb-image--layout-overlay__inner.bottom-left,.wp-block-uagb-image--layout-overlay__inner.bottom-center,.wp-block-uagb-image--layout-overlay__inner.bottom-right{justify-content:flex-end}.wp-block-uagb-image--layout-overlay__inner.top-left,.wp-block-uagb-image--layout-overlay__inner.center-left,.wp-block-uagb-image--layout-overlay__inner.bottom-left{align-items:flex-start}.wp-block-uagb-image--layout-overlay__inner.top-right,.wp-block-uagb-image--layout-overlay__inner.center-right,.wp-block-uagb-image--layout-overlay__inner.bottom-right{align-items:flex-end}.wp-block-uagb-image--layout-overlay__inner .uagb-image-heading{color:#fff;transition:transform .35s,opacity .35s ease-in-out;transform:translate3d(0, 24px, 0);margin:0;line-height:1em}.wp-block-uagb-image--layout-overlay__inner .uagb-image-separator{width:30%;border-top-width:2px;border-top-color:#fff;border-top-style:solid;margin-bottom:10px;opacity:0;transition:transform .4s,opacity .4s ease-in-out;transform:translate3d(0, 30px, 0)}.wp-block-uagb-image--layout-overlay__inner .uagb-image-caption{opacity:0;overflow:visible;color:#fff;transition:transform .45s,opacity .45s ease-in-out;transform:translate3d(0, 35px, 0)}.wp-block-uagb-image--layout-overlay__inner:hover .uagb-image-heading,.wp-block-uagb-image--layout-overlay__inner:hover .uagb-image-separator,.wp-block-uagb-image--layout-overlay__inner:hover .uagb-image-caption{opacity:1;transform:translate3d(0, 0, 0)}.wp-block-uagb-image--effect-zoomin .wp-block-uagb-image__figure img,.wp-block-uagb-image--effect-zoomin .wp-block-uagb-image__figure .wp-block-uagb-image--layout-overlay__color-wrapper{transform:scale(1);transition:transform .35s ease-in-out}.wp-block-uagb-image--effect-zoomin .wp-block-uagb-image__figure:hover img,.wp-block-uagb-image--effect-zoomin .wp-block-uagb-image__figure:hover .wp-block-uagb-image--layout-overlay__color-wrapper{transform:scale(1.05)}.wp-block-uagb-image--effect-slide .wp-block-uagb-image__figure img,.wp-block-uagb-image--effect-slide .wp-block-uagb-image__figure .wp-block-uagb-image--layout-overlay__color-wrapper{width:calc(100% + 40px) !important;max-width:none !important;transform:translate3d(-40px, 0, 0);transition:transform .35s ease-in-out}.wp-block-uagb-image--effect-slide .wp-block-uagb-image__figure:hover img,.wp-block-uagb-image--effect-slide .wp-block-uagb-image__figure:hover .wp-block-uagb-image--layout-overlay__color-wrapper{transform:translate3d(0, 0, 0)}.wp-block-uagb-image--effect-grayscale img{filter:grayscale(0%);transition:.35s ease-in-out}.wp-block-uagb-image--effect-grayscale:hover img{filter:grayscale(100%)}.wp-block-uagb-image--effect-blur img{filter:blur(0);transition:.35s ease-in-out}.wp-block-uagb-image--effect-blur:hover img{filter:blur(3px)}.uagb-block-e6f939b3.wp-block-uagb-image--layout-default figure img{box-shadow: 0px 0px 0 #00000070;}.uagb-block-e6f939b3.wp-block-uagb-image .wp-block-uagb-image__figure figcaption{font-style: normal;align-self: center;}.uagb-block-e6f939b3.wp-block-uagb-image--layout-overlay figure img{box-shadow: 0px 0px 0 #00000070;}.uagb-block-e6f939b3.wp-block-uagb-image--layout-overlay .wp-block-uagb-image--layout-overlay__color-wrapper{opacity: 0.2;}.uagb-block-e6f939b3.wp-block-uagb-image--layout-overlay .wp-block-uagb-image--layout-overlay__inner{left: 15px;right: 15px;top: 15px;bottom: 15px;}.uagb-block-e6f939b3.wp-block-uagb-image--layout-overlay .wp-block-uagb-image--layout-overlay__inner .uagb-image-heading{font-style: normal;color: #fff;opacity: 1;}.uagb-block-e6f939b3.wp-block-uagb-image--layout-overlay .wp-block-uagb-image--layout-overlay__inner .uagb-image-heading a{color: #fff;}.uagb-block-e6f939b3.wp-block-uagb-image--layout-overlay .wp-block-uagb-image--layout-overlay__inner .uagb-image-caption{opacity: 0;}.uagb-block-e6f939b3.wp-block-uagb-image--layout-overlay .wp-block-uagb-image__figure:hover .wp-block-uagb-image--layout-overlay__color-wrapper{opacity: 1;}.uagb-block-e6f939b3.wp-block-uagb-image .wp-block-uagb-image--layout-overlay__inner .uagb-image-separator{width: 30%;border-top-width: 2px;border-top-color: #fff;opacity: 0;}.uagb-block-e6f939b3.wp-block-uagb-image .wp-block-uagb-image__figure img{width: px;height: auto;}.uagb-block-e6f939b3.wp-block-uagb-image .wp-block-uagb-image__figure:hover .wp-block-uagb-image--layout-overlay__inner .uagb-image-caption{opacity: 1;}.uagb-block-e6f939b3.wp-block-uagb-image .wp-block-uagb-image__figure:hover .wp-block-uagb-image--layout-overlay__inner .uagb-image-separator{opacity: 1;}.uagb-block-e6f939b3.wp-block-uagb-image--layout-default figure:hover img{box-shadow: 0px 0px 0 #00000070;}.uagb-block-e6f939b3.wp-block-uagb-image--layout-overlay figure:hover img{box-shadow: 0px 0px 0 #00000070;}@media only screen and (max-width: 976px) {.uagb-block-e6f939b3.wp-block-uagb-image .wp-block-uagb-image__figure img{width: px;height: auto;}}@media only screen and (max-width: 767px) {.uagb-block-e6f939b3.wp-block-uagb-image .wp-block-uagb-image__figure img{width: px;height: auto;}}\";s:2:\"js\";s:0:\"\";s:18:\"current_block_list\";a:13:{i:0;s:11:\"core\/search\";i:1;s:10:\"core\/group\";i:2;s:12:\"core\/heading\";i:3;s:17:\"core\/latest-posts\";i:4;s:20:\"core\/latest-comments\";i:5;s:13:\"core\/archives\";i:6;s:15:\"core\/categories\";i:7;s:14:\"core\/paragraph\";i:8;s:10:\"uagb\/image\";i:9;s:11:\"core\/spacer\";i:10;s:30:\"woocommerce\/product-categories\";i:11;s:10:\"core\/image\";i:12;s:14:\"core\/shortcode\";}s:8:\"uag_flag\";b:1;s:11:\"uag_version\";s:10:\"1777096158\";s:6:\"gfonts\";a:0:{}s:10:\"gfonts_url\";s:0:\"\";s:12:\"gfonts_files\";a:0:{}s:14:\"uag_faq_layout\";b:0;}"]},"uagb_featured_image_src":{"full":["https:\/\/www.ferberpainting.com\/wp-content\/uploads\/2025\/05\/DampWallandRisingDampTreatment5L.png",2560,2560,false],"thumbnail":["https:\/\/www.ferberpainting.com\/wp-content\/uploads\/2025\/05\/DampWallandRisingDampTreatment5L-150x150.png",150,150,true],"medium":["https:\/\/www.ferberpainting.com\/wp-content\/uploads\/2025\/05\/DampWallandRisingDampTreatment5L-300x300.png",300,300,true],"medium_large":["https:\/\/www.ferberpainting.com\/wp-content\/uploads\/2025\/05\/DampWallandRisingDampTreatment5L-768x768.png",768,768,true],"large":["https:\/\/www.ferberpainting.com\/wp-content\/uploads\/2025\/05\/DampWallandRisingDampTreatment5L-1024x1024.png",1024,1024,true],"1536x1536":["https:\/\/www.ferberpainting.com\/wp-content\/uploads\/2025\/05\/DampWallandRisingDampTreatment5L-1536x1536.png",1536,1536,true],"2048x2048":["https:\/\/www.ferberpainting.com\/wp-content\/uploads\/2025\/05\/DampWallandRisingDampTreatment5L-2048x2048.png",2048,2048,true],"trp-custom-language-flag":["https:\/\/www.ferberpainting.com\/wp-content\/uploads\/2025\/05\/DampWallandRisingDampTreatment5L-12x12.png",12,12,true],"woocommerce_thumbnail":["https:\/\/www.ferberpainting.com\/wp-content\/uploads\/2025\/05\/DampWallandRisingDampTreatment5L-300x300.png",300,300,true],"woocommerce_single":["https:\/\/www.ferberpainting.com\/wp-content\/uploads\/2025\/05\/DampWallandRisingDampTreatment5L-600x600.png",600,600,true],"woocommerce_gallery_thumbnail":["https:\/\/www.ferberpainting.com\/wp-content\/uploads\/2025\/05\/DampWallandRisingDampTreatment5L-100x100.png",100,100,true]},"uagb_author_info":{"display_name":"admin","author_link":"https:\/\/www.ferberpainting.com\/hu\/author\/"},"uagb_comment_info":6,"uagb_excerpt":"Long-lasting Moisture Elimination.\u00a0This specially designed treatment for damp walls effectively blocks rising damp and prevents water from infiltrating the walls through capillarity. Thanks to its high-performance waterproofing action, it forms an impermeable barrier that permanently stops ascending moisture and protects structures from water-related damage. Money-back Guarantee.\u00a0Because we have complete confidence in the effectiveness of our&hellip;","_links":{"self":[{"href":"https:\/\/www.ferberpainting.com\/hu\/wp-json\/wp\/v2\/product\/23191","targetHints":{"allow":["GET"]}}],"collection":[{"href":"https:\/\/www.ferberpainting.com\/hu\/wp-json\/wp\/v2\/product"}],"about":[{"href":"https:\/\/www.ferberpainting.com\/hu\/wp-json\/wp\/v2\/types\/product"}],"replies":[{"embeddable":true,"href":"https:\/\/www.ferberpainting.com\/hu\/wp-json\/wp\/v2\/comments?post=23191"}],"version-history":[{"count":4,"href":"https:\/\/www.ferberpainting.com\/hu\/wp-json\/wp\/v2\/product\/23191\/revisions"}],"predecessor-version":[{"id":166093,"href":"https:\/\/www.ferberpainting.com\/hu\/wp-json\/wp\/v2\/product\/23191\/revisions\/166093"}],"wp:featuredmedia":[{"embeddable":true,"href":"https:\/\/www.ferberpainting.com\/hu\/wp-json\/wp\/v2\/media\/25750"}],"wp:attachment":[{"href":"https:\/\/www.ferberpainting.com\/hu\/wp-json\/wp\/v2\/media?parent=23191"}],"wp:term":[{"taxonomy":"product_brand","embeddable":true,"href":"https:\/\/www.ferberpainting.com\/hu\/wp-json\/wp\/v2\/product_brand?post=23191"},{"taxonomy":"product_cat","embeddable":true,"href":"https:\/\/www.ferberpainting.com\/hu\/wp-json\/wp\/v2\/product_cat?post=23191"},{"taxonomy":"product_tag","embeddable":true,"href":"https:\/\/www.ferberpainting.com\/hu\/wp-json\/wp\/v2\/product_tag?post=23191"}],"curies":[{"name":"wp","href":"https:\/\/api.w.org\/{rel}","templated":true}]}}