{"id":23186,"date":"2025-05-26T10:23:12","date_gmt":"2025-05-26T08:23:12","guid":{"rendered":"https:\/\/www.ferberpainting.com\/products\/conifer-hedge-fir-and-thuja-fertilizer\/"},"modified":"2026-02-15T13:42:08","modified_gmt":"2026-02-15T12:42:08","slug":"conifer-hedge-fir-and-thuja-fertilizer","status":"publish","type":"product","link":"https:\/\/www.ferberpainting.com\/hu\/products\/conifer-hedge-fir-and-thuja-fertilizer\/","title":{"rendered":"T\u0171level\u0171, s\u00f6v\u00e9ny, feny\u0151 \u00e9s tuja m\u0171tr\u00e1gya 25 kg"},"content":{"rendered":"<p><img decoding=\"async\" style=\"margin-right: 12px;\" src=\"https:\/\/www.ferberpainting.com\/wp-content\/uploads\/2026\/02\/Check.svg\" alt=\"\" width=\"18\" height=\"15\" \/><strong>Teljes \u00e9rt\u00e9k\u0171 m\u0171tr\u00e1gya robusztus t\u0171level\u0171ek \u00e9s s\u0171r\u0171 s\u00f6v\u00e9nyek sz\u00e1m\u00e1ra.<\/strong>\u00a0Ez a t\u0171level\u0171ek, s\u00f6v\u00e9nyek, feny\u0151k \u00e9s tuj\u00e1k sz\u00e1m\u00e1ra kifejlesztett m\u0171tr\u00e1gya speci\u00e1lisan \u00fagy lett \u00f6ssze\u00e1ll\u00edtva, hogy minden t\u00e1panyagot biztos\u00edtson, ami e n\u00f6v\u00e9nyek n\u00f6veked\u00e9s\u00e9hez, meger\u0151s\u00f6d\u00e9s\u00e9hez \u00e9s intenz\u00edv z\u00f6ld\u00fcl\u00e9s\u00e9hez sz\u00fcks\u00e9ges. Kiegyens\u00falyozott, NPK 10-10-10-es k\u00e9plet\u00e9nek k\u00f6sz\u00f6nhet\u0151en optim\u00e1lis nitrog\u00e9n (N) ell\u00e1totts\u00e1got biztos\u00edt a lombozat s\u0171r\u0171s\u00e9g\u00e9nek serkent\u00e9s\u00e9hez, foszfort (P) a gy\u00f6k\u00e9rzet er\u0151s\u00edt\u00e9s\u00e9hez, valamint k\u00e1liumot (K) a betegs\u00e9gekkel \u00e9s a zord id\u0151j\u00e1r\u00e1si k\u00f6r\u00fclm\u00e9nyekkel szembeni ellen\u00e1ll\u00f3 k\u00e9pess\u00e9g jav\u00edt\u00e1s\u00e1hoz. Eg\u00e9sz \u00e9vben seg\u00edt fenntartani az er\u0151teljes t\u0171level\u0171eket \u00e9s a s\u0171r\u0171, eg\u00e9szs\u00e9ges s\u00f6v\u00e9nyt.<\/p>\n<p><img decoding=\"async\" style=\"margin-right: 12px;\" src=\"https:\/\/www.ferberpainting.com\/wp-content\/uploads\/2026\/02\/Check.svg\" alt=\"\" width=\"18\" height=\"15\" \/><strong>P\u00e9nzvisszafizet\u00e9si garancia.<\/strong>\u00a0Teljesen megb\u00edzunk a t\u0171level\u0171, s\u00f6v\u00e9ny, feny\u0151 \u00e9s tuja m\u0171tr\u00e1gy\u00e1ink hat\u00e9konys\u00e1g\u00e1ban. Ez\u00e9rt ny\u00fajtunk p\u00e9nzvisszafizet\u00e9si garanci\u00e1t. Ha az aj\u00e1nlott haszn\u00e1latot k\u00f6vet\u0151en nem tapasztal jelent\u0151s javul\u00e1st n\u00f6v\u00e9nyei n\u00f6veked\u00e9s\u00e9ben \u00e9s eg\u00e9szs\u00e9g\u00e9ben, felt\u00e9tel n\u00e9lk\u00fcl k\u00e9rheti a p\u00e9nzvisszat\u00e9r\u00edt\u00e9st, \u00edgy biztos\u00edtva a kock\u00e1zatmentes v\u00e1s\u00e1rl\u00e1st.<\/p>\n<p><img decoding=\"async\" style=\"margin-right: 12px;\" src=\"https:\/\/www.ferberpainting.com\/wp-content\/uploads\/2026\/02\/Check.svg\" alt=\"\" width=\"18\" height=\"15\" \/><strong>Alkalmas minden t\u00edpus\u00fa t\u0171level\u0171 \u00e9s s\u00f6v\u00e9nyhez.<\/strong>\u00a0Ez a m\u0171tr\u00e1gya alkalmas tuj\u00e1k, ciprusok, feny\u0151k, lucfeny\u0151k, c\u00e9drusok, bab\u00e9rf\u00e1k, valamint minden \u00f6r\u00f6kz\u00f6ld \u00e9s lombhullat\u00f3 s\u00f6v\u00e9ny sz\u00e1m\u00e1ra. Mind a fiatal, fejl\u0151d\u0151 n\u00f6v\u00e9nyek, mind a m\u00e1r kialakult s\u00f6v\u00e9nyek eset\u00e9ben hat\u00e9kony, kiegyens\u00falyozott n\u00f6veked\u00e9st \u00e9s optim\u00e1lis lev\u00e9ls\u0171r\u0171s\u00e9get biztos\u00edt.<\/p>\n<p><img decoding=\"async\" style=\"margin-right: 12px;\" src=\"https:\/\/www.ferberpainting.com\/wp-content\/uploads\/2026\/02\/Check.svg\" alt=\"\" width=\"18\" height=\"15\" \/><strong>K\u00f6lts\u00e9ghat\u00e9kony hozam \u00e9s hosszan tart\u00f3 tr\u00e1gy\u00e1z\u00e1s.<\/strong>\u00a0\u00d6sszet\u00e9tel\u00e9nek k\u00f6sz\u00f6nhet\u0151en ez a m\u0171tr\u00e1gya lassan szabad\u00edtja fel a t\u00e1panyagokat, \u00edgy hosszan tart\u00f3 tr\u00e1gy\u00e1z\u00e1st biztos\u00edt, ami cs\u00f6kkenti a kijuttat\u00e1s gyakoris\u00e1g\u00e1t. A f\u00e1nk\u00e9nt 200 g-os hozammal egy 25 kg-os zs\u00e1k ak\u00e1r 125 fa vagy s\u00f6v\u00e9nyfoly\u00f3m\u00e9ternyi s\u00f6v\u00e9ny tr\u00e1gy\u00e1z\u00e1s\u00e1t is lehet\u0151v\u00e9 teszi, \u00edgy kiv\u00e1l\u00f3 \u00e1r-\u00e9rt\u00e9k ar\u00e1nyt biztos\u00edt mind a mag\u00e1nkertek, mind a nagy \u00fcltetv\u00e9nyek sz\u00e1m\u00e1ra.<\/p>\n<p><img decoding=\"async\" style=\"margin-right: 12px;\" src=\"https:\/\/www.ferberpainting.com\/wp-content\/uploads\/2026\/02\/Check.svg\" alt=\"\" width=\"18\" height=\"15\" \/><strong>Biztons\u00e1gos \u00e9s k\u00f6rnyezetbar\u00e1t m\u0171tr\u00e1gya.<\/strong>\u00a0Ez a m\u0171tr\u00e1gya nem m\u00e9rgez\u0151 \u00e9s biztons\u00e1gos a talajra, a biol\u00f3giai sokf\u00e9les\u00e9gre \u00e9s a talajv\u00edzre n\u00e9zve. El\u0151seg\u00edti a talaj biol\u00f3giai egyens\u00faly\u00e1t az\u00e1ltal, hogy serkenti a mikroorganizmusok tev\u00e9kenys\u00e9g\u00e9t \u00e9s jav\u00edtja a talaj szerkezet\u00e9t, ez\u00e1ltal fokozza a t\u00e1panyagok \u00e9s a v\u00edz megtart\u00e1s\u00e1t - ami elengedhetetlen a t\u0171level\u0171ek \u00e9s s\u00f6v\u00e9nyek n\u00f6veked\u00e9s\u00e9hez.<\/p>\n<p><img decoding=\"async\" style=\"margin-right: 12px;\" src=\"https:\/\/www.ferberpainting.com\/wp-content\/uploads\/2026\/02\/Check.svg\" alt=\"\" width=\"18\" height=\"15\" \/><strong>K\u00f6nny\u0171 kijuttat\u00e1s \u00e9s f\u00e1rads\u00e1gmentes tr\u00e1gy\u00e1z\u00e1s.<\/strong>\u00a0A foly\u00e9kony m\u0171tr\u00e1gy\u00e1kkal ellent\u00e9tben, amelyek el\u0151zetes h\u00edg\u00edt\u00e1st ig\u00e9nyelnek, ez a m\u0171tr\u00e1gya k\u00f6zvetlen\u00fcl a talajba ker\u00fcl, bonyolult el\u0151k\u00e9sz\u00edt\u00e9s n\u00e9lk\u00fcl. Egyszer\u0171en csak ter\u00edtse sz\u00e9t a f\u00e1k vagy s\u00f6v\u00e9nyek t\u00f6v\u00e9ben, \u00e9s enyh\u00e9n dolgozza be a talajba, hogy a t\u00e1panyagok fokozatos felszabadul\u00e1sa biztos\u00edtott legyen. Gyors \u00e9s hat\u00e9kony alkalmaz\u00e1si m\u00f3dszere lehet\u0151v\u00e9 teszi mind az amat\u0151r, mind a profi kert\u00e9szek sz\u00e1m\u00e1ra, hogy n\u00e9h\u00e1ny perc alatt optim\u00e1lis tr\u00e1gy\u00e1z\u00e1st \u00e9rjenek el.<\/p>\n<p><img decoding=\"async\" style=\"margin-right: 12px;\" src=\"https:\/\/www.ferberpainting.com\/wp-content\/uploads\/2026\/02\/Check.svg\" alt=\"\" width=\"18\" height=\"15\" \/><strong>Hosszan tart\u00f3 hat\u00e1s a s\u0171r\u0171bb lombozat \u00e9s a jobb ellen\u00e1ll\u00f3 k\u00e9pess\u00e9g \u00e9rdek\u00e9ben.<\/strong>\u00a0Tart\u00f3s hat\u00e1s\u00e1nak k\u00f6sz\u00f6nhet\u0151en ez a m\u0171tr\u00e1gya t\u00f6bb h\u00e9ten \u00e1t t\u00e1pl\u00e1lja a t\u0171level\u0171eket \u00e9s a s\u00f6v\u00e9nyeket. El\u0151seg\u00edti az \u00faj, er\u0151teljesebb \u00e1gak n\u00f6veked\u00e9s\u00e9t, megakad\u00e1lyozza a lombozat s\u00e1rgul\u00e1s\u00e1t, \u00e9s jav\u00edtja a n\u00f6v\u00e9nyek ellen\u00e1ll\u00f3 k\u00e9pess\u00e9g\u00e9t az olyan id\u0151j\u00e1r\u00e1si k\u00f6r\u00fclm\u00e9nyekkel szemben, mint a sz\u00e9l, a hideg \u00e9s a sz\u00e1razs\u00e1g.<\/p>\n<p><img decoding=\"async\" style=\"margin-right: 12px;\" src=\"https:\/\/www.ferberpainting.com\/wp-content\/uploads\/2026\/02\/Check.svg\" alt=\"\" width=\"18\" height=\"15\" \/><strong>L\u00e1that\u00f3 eredm\u00e9nyek az els\u0151 hetekt\u0151l kezdve.<\/strong>\u00a0Ez a m\u0171tr\u00e1gya m\u00e1r az els\u0151 alkalmaz\u00e1st\u00f3l kezdve serkenti az \u00e1gak n\u00f6veked\u00e9s\u00e9t \u00e9s fokozza a lombozat z\u00f6ld sz\u00edn\u00e9t. N\u00e9h\u00e1ny h\u00e9t eltelt\u00e9vel a lev\u00e9ls\u0171r\u0171s\u00e9g n\u0151, a n\u00f6v\u00e9nyek eg\u00e9szs\u00e9ge javul, a n\u00f6veked\u00e9s pedig felgyorsul, ami meger\u0151s\u00edti a m\u0171tr\u00e1gya hat\u00e9konys\u00e1g\u00e1t m\u00e9g kih\u00edv\u00e1st jelent\u0151 k\u00f6r\u00fclm\u00e9nyek k\u00f6z\u00f6tt is.<\/p>\n<h2><strong>Haszn\u00e1lati protokoll<\/strong><\/h2>\n<ul>\n<li><strong>Jelentkez\u00e9si id\u0151szak<\/strong> : \u00c9vente k\u00e9tszer, tavasz elej\u00e9n (m\u00e1rcius-\u00e1prilis) \u00e9s ny\u00e1r v\u00e9g\u00e9n (szeptember-okt\u00f3ber) alkalmazza a folyamatos n\u00f6veked\u00e9s \u00e9s az id\u0151j\u00e1r\u00e1si k\u00f6r\u00fclm\u00e9nyekkel szembeni fokozott ellen\u00e1ll\u00f3 k\u00e9pess\u00e9g biztos\u00edt\u00e1sa \u00e9rdek\u00e9ben.<\/li>\n<li><strong>Aj\u00e1nlott adagol\u00e1s <\/strong>: Adjon ki 200 g m\u0171tr\u00e1gy\u00e1t f\u00e1nk\u00e9nt vagy a s\u00f6v\u00e9ny egy foly\u00f3m\u00e9ter\u00e9re, ami k\u00f6r\u00fclbel\u00fcl k\u00e9t mar\u00e9knyi adagot jelent, a n\u00f6v\u00e9ny m\u00e9ret\u00e9t\u0151l \u00e9s kor\u00e1t\u00f3l f\u00fcgg\u0151en kiss\u00e9 m\u00f3dos\u00edtva a mennyis\u00e9get.<\/li>\n<li><strong>Alkalmaz\u00e1si m\u00f3dszer<\/strong> :\n<ul>\n<li><strong>Ter\u00edt\u00e9s a f\u00f6ld\u00f6n <\/strong>: A m\u0171tr\u00e1gy\u00e1t a t\u00f6rzs k\u00f6r\u00fcl vagy a s\u00f6v\u00e9ny t\u00f6v\u00e9n\u00e9l, a t\u00f6v\u00e9t\u0151l 30-50 cm-re k\u00f6rk\u00f6r\u00f6sen juttassa ki, hogy a gy\u00f6kerek fokozatosan fel tudj\u00e1k venni a t\u00e1panyagokat.<\/li>\n<li><strong>F\u00e9ny be\u00e9p\u00edt\u00e9se<\/strong> : Egy gereblye vagy kapa seg\u00edts\u00e9g\u00e9vel enyh\u00e9n keverje a m\u0171tr\u00e1gy\u00e1t a fels\u0151 talajba (2-5 cm m\u00e9lyen), hogy elker\u00fclje a kimos\u00f3d\u00e1st \u00e9s maximaliz\u00e1lja a t\u00e1panyagfelv\u00e9telt.<\/li>\n<\/ul>\n<\/li>\n<li><strong>\u00d6nt\u00f6z\u00e9s a kijuttat\u00e1s ut\u00e1n <\/strong>: Alaposan \u00f6nt\u00f6zze meg a sz\u00f3r\u00e1s ut\u00e1n, hogy aktiv\u00e1lja a t\u00e1panyagfelszabadul\u00e1st \u00e9s biztos\u00edtsa a gyors gy\u00f6k\u00e9rfelv\u00e9telt. Sz\u00e1raz id\u0151szakokban tartsa fenn a rendszeres \u00f6nt\u00f6z\u00e9st a m\u0171tr\u00e1gya hat\u00e1s\u00e1nak optimaliz\u00e1l\u00e1sa \u00e9rdek\u00e9ben.<\/li>\n<li><strong>Karbantart\u00e1s \u00e9s nyomon k\u00f6vet\u00e9s <\/strong>: Gyors n\u00f6veked\u00e9st ig\u00e9nyl\u0151 fiatal \u00fcltetv\u00e9nyek vagy nemr\u00e9giben metszett s\u00f6v\u00e9nyek eset\u00e9ben ny\u00e1ron (j\u00fanius-j\u00falius) egy tov\u00e1bbi alkalmaz\u00e1st lehet v\u00e9gezni az egyenletes \u00e9s er\u0151teljes \u00fajran\u00f6veked\u00e9s el\u0151seg\u00edt\u00e9se \u00e9rdek\u00e9ben.<\/li>\n<li><strong>Haszn\u00e1lati \u00f3vint\u00e9zked\u00e9sek <\/strong>: Ne l\u00e9pje t\u00fal az aj\u00e1nlott d\u00f3zisokat, hogy elker\u00fclje a t\u00falzott t\u00e1panyagbevitelt, amely a gy\u00f6kerek rov\u00e1s\u00e1ra a n\u00f6veked\u00e9s kiegyens\u00falyozatlans\u00e1g\u00e1t \u00e9s t\u00falzott \u00e1gfejl\u0151d\u00e9st okozhat. Ne alkalmazza fagyott talajra vagy intenz\u00edv sz\u00e1razs\u00e1g idej\u00e9n, kieg\u00e9sz\u00edt\u0151 \u00f6nt\u00f6z\u00e9s n\u00e9lk\u00fcl.<\/li>\n<li><strong>T\u00e1rol\u00e1s \u00e9s meg\u0151rz\u00e9s <\/strong>: A m\u0171tr\u00e1gy\u00e1t h\u0171v\u00f6s, sz\u00e1raz, nedvess\u00e9gt\u0151l \u00e9s napf\u00e9nyt\u0151l v\u00e9dett helyen t\u00e1rolja. A term\u00e9k min\u0151s\u00e9g\u00e9nek meg\u0151rz\u00e9se \u00e9s a nedvess\u00e9g felsz\u00edv\u00f3d\u00e1s\u00e1nak megakad\u00e1lyoz\u00e1sa \u00e9rdek\u00e9ben minden haszn\u00e1lat ut\u00e1n gondosan z\u00e1rja le a zs\u00e1kot.<\/li>\n<\/ul>\n<p>Ezzel a t\u0171level\u0171ek, feny\u0151k \u00e9s tuj\u00e1k sz\u00e1m\u00e1ra k\u00e9sz\u00fclt m\u0171tr\u00e1gy\u00e1val teljes \u00e9s kiegyens\u00falyozott t\u00e1panyagell\u00e1t\u00e1st biztos\u00edt n\u00f6v\u00e9nyeinek, el\u0151seg\u00edtve az er\u0151teljes n\u00f6veked\u00e9st, a s\u0171r\u0171 lombozatot \u00e9s a jobb ellen\u00e1ll\u00f3k\u00e9pess\u00e9get az id\u0151j\u00e1r\u00e1si v\u00e1ltoz\u00e1sokkal szemben. Ez az ide\u00e1lis megold\u00e1s a s\u0171r\u0171 s\u00f6v\u00e9nyek, robusztus t\u0171level\u0171ek \u00e9s eg\u00e9sz \u00e9vben buja kert sz\u00e1m\u00e1ra.<\/p>","protected":false},"excerpt":{"rendered":"<p>A complete fertilizer for robust conifers and dense hedges.\u00a0This fertilizer for conifers, hedges, firs, and thuja is specially formulated to provide all the nutrients needed for growth, strengthening, and intense greenery of these plants. Thanks to its balanced NPK 10-10-10 formula, it ensures optimal supply of nitrogen (N) to stimulate foliage density, phosphorus (P) to [&hellip;]<\/p>\n","protected":false},"featured_media":25749,"comment_status":"open","ping_status":"closed","template":"","meta":{"_uag_custom_page_level_css":"","site-sidebar-layout":"default","site-content-layout":"","ast-site-content-layout":"default","site-content-style":"default","site-sidebar-style":"default","ast-global-header-display":"","ast-banner-title-visibility":"","ast-main-header-display":"","ast-hfb-above-header-display":"","ast-hfb-below-header-display":"","ast-hfb-mobile-header-display":"","site-post-title":"","ast-breadcrumbs-content":"","ast-featured-img":"","footer-sml-layout":"","ast-disable-related-posts":"","theme-transparent-header-meta":"default","adv-header-id-meta":"","stick-header-meta":"","header-above-stick-meta":"","header-main-stick-meta":"","header-below-stick-meta":"","astra-migrate-meta-layouts":"set","ast-page-background-enabled":"default","ast-page-background-meta":{"desktop":{"background-color":"var(--ast-global-color-4)","background-image":"","background-repeat":"repeat","background-position":"center center","background-size":"auto","background-attachment":"scroll","background-type":"","background-media":"","overlay-type":"","overlay-color":"","overlay-opacity":"","overlay-gradient":""},"tablet":{"background-color":"","background-image":"","background-repeat":"repeat","background-position":"center center","background-size":"auto","background-attachment":"scroll","background-type":"","background-media":"","overlay-type":"","overlay-color":"","overlay-opacity":"","overlay-gradient":""},"mobile":{"background-color":"","background-image":"","background-repeat":"repeat","background-position":"center center","background-size":"auto","background-attachment":"scroll","background-type":"","background-media":"","overlay-type":"","overlay-color":"","overlay-opacity":"","overlay-gradient":""}},"ast-content-background-meta":{"desktop":{"background-color":"var(--ast-global-color-5)","background-image":"","background-repeat":"repeat","background-position":"center center","background-size":"auto","background-attachment":"scroll","background-type":"","background-media":"","overlay-type":"","overlay-color":"","overlay-opacity":"","overlay-gradient":""},"tablet":{"background-color":"var(--ast-global-color-5)","background-image":"","background-repeat":"repeat","background-position":"center center","background-size":"auto","background-attachment":"scroll","background-type":"","background-media":"","overlay-type":"","overlay-color":"","overlay-opacity":"","overlay-gradient":""},"mobile":{"background-color":"var(--ast-global-color-5)","background-image":"","background-repeat":"repeat","background-position":"center center","background-size":"auto","background-attachment":"scroll","background-type":"","background-media":"","overlay-type":"","overlay-color":"","overlay-opacity":"","overlay-gradient":""}}},"product_brand":[],"product_cat":[178],"product_tag":[],"class_list":{"0":"post-23186","1":"product","2":"type-product","3":"status-publish","4":"has-post-thumbnail","6":"product_cat-fertilizers","7":"desktop-align-left","8":"tablet-align-left","9":"mobile-align-left","11":"first","12":"instock","13":"shipping-taxable","14":"purchasable","15":"product-type-simple"},"spectra_custom_meta":{"_visibility":["visible"],"_shopify_product_id":["9065988849909"],"_s2w_shopify_domain":["ferberpainting.myshopify.com"],"_shopify_variant_id":["46501351162101"],"_sku":["FPCONIFERHEDGEFIRANDTHUJAFERTILIZER25KG"],"_regular_price":["39.90"],"_price":["39.90"],"_sale_price":[""],"_weight":["18.5"],"_thumbnail_id":["25749"],"_global_unique_id":["5056773817104"],"total_sales":["56"],"_tax_status":["taxable"],"_tax_class":[""],"_manage_stock":["no"],"_backorders":["no"],"_sold_individually":["no"],"_virtual":["no"],"_downloadable":["no"],"_download_limit":["-1"],"_download_expiry":["-1"],"_stock":[null],"_stock_status":["instock"],"_wc_average_rating":["4.92"],"_wc_review_count":["24"],"_product_version":["10.5.1"],"_wc_rating_count":["a:2:{i:4;i:2;i:5;i:22;}"],"_edit_lock":["1771159346:1"],"merchant-center-availability":["yes"],"merchant-center-category":["113"],"_edit_last":["1"],"_wp_page_template":["default"],"site-sidebar-layout":["default"],"ast-site-content-layout":["default"],"site-content-style":["default"],"site-sidebar-style":["default"],"theme-transparent-header-meta":["default"],"astra-migrate-meta-layouts":["set"],"_uag_css_file_name":["uag-css-23186.css"],"_elementor_page_assets":["a:0:{}"],"_uag_page_assets":["a:9:{s:3:\"css\";s:6873:\".wp-block-uagb-image{display:flex}.wp-block-uagb-image__figure{position:relative;display:flex;flex-direction:column;max-width:100%;height:auto;margin:0}.wp-block-uagb-image__figure img{height:auto;display:flex;max-width:100%;transition:box-shadow .2s ease}.wp-block-uagb-image__figure>a{display:inline-block}.wp-block-uagb-image__figure figcaption{text-align:center;margin-top:.5em;margin-bottom:1em}.wp-block-uagb-image .components-placeholder.block-editor-media-placeholder .components-placeholder__instructions{align-self:center}.wp-block-uagb-image--align-left{text-align:left}.wp-block-uagb-image--align-right{text-align:right}.wp-block-uagb-image--align-center{text-align:center}.wp-block-uagb-image--align-full .wp-block-uagb-image__figure{margin-left:calc(50% - 50vw);margin-right:calc(50% - 50vw);max-width:100vw;width:100vw;height:auto}.wp-block-uagb-image--align-full .wp-block-uagb-image__figure img{height:auto;width:100% !important}.wp-block-uagb-image--align-wide .wp-block-uagb-image__figure img{height:auto;width:100%}.wp-block-uagb-image--layout-overlay__color-wrapper{position:absolute;left:0;top:0;right:0;bottom:0;opacity:.2;background:rgba(0,0,0,.5);transition:opacity .35s ease-in-out}.wp-block-uagb-image--layout-overlay-link{position:absolute;left:0;right:0;bottom:0;top:0}.wp-block-uagb-image--layout-overlay .wp-block-uagb-image__figure:hover .wp-block-uagb-image--layout-overlay__color-wrapper{opacity:1}.wp-block-uagb-image--layout-overlay__inner{position:absolute;left:15px;right:15px;bottom:15px;top:15px;display:flex;align-items:center;justify-content:center;flex-direction:column;border-color:#fff;transition:.35s ease-in-out}.wp-block-uagb-image--layout-overlay__inner.top-left,.wp-block-uagb-image--layout-overlay__inner.top-center,.wp-block-uagb-image--layout-overlay__inner.top-right{justify-content:flex-start}.wp-block-uagb-image--layout-overlay__inner.bottom-left,.wp-block-uagb-image--layout-overlay__inner.bottom-center,.wp-block-uagb-image--layout-overlay__inner.bottom-right{justify-content:flex-end}.wp-block-uagb-image--layout-overlay__inner.top-left,.wp-block-uagb-image--layout-overlay__inner.center-left,.wp-block-uagb-image--layout-overlay__inner.bottom-left{align-items:flex-start}.wp-block-uagb-image--layout-overlay__inner.top-right,.wp-block-uagb-image--layout-overlay__inner.center-right,.wp-block-uagb-image--layout-overlay__inner.bottom-right{align-items:flex-end}.wp-block-uagb-image--layout-overlay__inner .uagb-image-heading{color:#fff;transition:transform .35s,opacity .35s ease-in-out;transform:translate3d(0, 24px, 0);margin:0;line-height:1em}.wp-block-uagb-image--layout-overlay__inner .uagb-image-separator{width:30%;border-top-width:2px;border-top-color:#fff;border-top-style:solid;margin-bottom:10px;opacity:0;transition:transform .4s,opacity .4s ease-in-out;transform:translate3d(0, 30px, 0)}.wp-block-uagb-image--layout-overlay__inner .uagb-image-caption{opacity:0;overflow:visible;color:#fff;transition:transform .45s,opacity .45s ease-in-out;transform:translate3d(0, 35px, 0)}.wp-block-uagb-image--layout-overlay__inner:hover .uagb-image-heading,.wp-block-uagb-image--layout-overlay__inner:hover .uagb-image-separator,.wp-block-uagb-image--layout-overlay__inner:hover .uagb-image-caption{opacity:1;transform:translate3d(0, 0, 0)}.wp-block-uagb-image--effect-zoomin .wp-block-uagb-image__figure img,.wp-block-uagb-image--effect-zoomin .wp-block-uagb-image__figure .wp-block-uagb-image--layout-overlay__color-wrapper{transform:scale(1);transition:transform .35s ease-in-out}.wp-block-uagb-image--effect-zoomin .wp-block-uagb-image__figure:hover img,.wp-block-uagb-image--effect-zoomin .wp-block-uagb-image__figure:hover .wp-block-uagb-image--layout-overlay__color-wrapper{transform:scale(1.05)}.wp-block-uagb-image--effect-slide .wp-block-uagb-image__figure img,.wp-block-uagb-image--effect-slide .wp-block-uagb-image__figure .wp-block-uagb-image--layout-overlay__color-wrapper{width:calc(100% + 40px) !important;max-width:none !important;transform:translate3d(-40px, 0, 0);transition:transform .35s ease-in-out}.wp-block-uagb-image--effect-slide .wp-block-uagb-image__figure:hover img,.wp-block-uagb-image--effect-slide .wp-block-uagb-image__figure:hover .wp-block-uagb-image--layout-overlay__color-wrapper{transform:translate3d(0, 0, 0)}.wp-block-uagb-image--effect-grayscale img{filter:grayscale(0%);transition:.35s ease-in-out}.wp-block-uagb-image--effect-grayscale:hover img{filter:grayscale(100%)}.wp-block-uagb-image--effect-blur img{filter:blur(0);transition:.35s ease-in-out}.wp-block-uagb-image--effect-blur:hover img{filter:blur(3px)}.uagb-block-e6f939b3.wp-block-uagb-image--layout-default figure img{box-shadow: 0px 0px 0 #00000070;}.uagb-block-e6f939b3.wp-block-uagb-image .wp-block-uagb-image__figure figcaption{font-style: normal;align-self: center;}.uagb-block-e6f939b3.wp-block-uagb-image--layout-overlay figure img{box-shadow: 0px 0px 0 #00000070;}.uagb-block-e6f939b3.wp-block-uagb-image--layout-overlay .wp-block-uagb-image--layout-overlay__color-wrapper{opacity: 0.2;}.uagb-block-e6f939b3.wp-block-uagb-image--layout-overlay .wp-block-uagb-image--layout-overlay__inner{left: 15px;right: 15px;top: 15px;bottom: 15px;}.uagb-block-e6f939b3.wp-block-uagb-image--layout-overlay .wp-block-uagb-image--layout-overlay__inner .uagb-image-heading{font-style: normal;color: #fff;opacity: 1;}.uagb-block-e6f939b3.wp-block-uagb-image--layout-overlay .wp-block-uagb-image--layout-overlay__inner .uagb-image-heading a{color: #fff;}.uagb-block-e6f939b3.wp-block-uagb-image--layout-overlay .wp-block-uagb-image--layout-overlay__inner .uagb-image-caption{opacity: 0;}.uagb-block-e6f939b3.wp-block-uagb-image--layout-overlay .wp-block-uagb-image__figure:hover .wp-block-uagb-image--layout-overlay__color-wrapper{opacity: 1;}.uagb-block-e6f939b3.wp-block-uagb-image .wp-block-uagb-image--layout-overlay__inner .uagb-image-separator{width: 30%;border-top-width: 2px;border-top-color: #fff;opacity: 0;}.uagb-block-e6f939b3.wp-block-uagb-image .wp-block-uagb-image__figure img{width: px;height: auto;}.uagb-block-e6f939b3.wp-block-uagb-image .wp-block-uagb-image__figure:hover .wp-block-uagb-image--layout-overlay__inner .uagb-image-caption{opacity: 1;}.uagb-block-e6f939b3.wp-block-uagb-image .wp-block-uagb-image__figure:hover .wp-block-uagb-image--layout-overlay__inner .uagb-image-separator{opacity: 1;}.uagb-block-e6f939b3.wp-block-uagb-image--layout-default figure:hover img{box-shadow: 0px 0px 0 #00000070;}.uagb-block-e6f939b3.wp-block-uagb-image--layout-overlay figure:hover img{box-shadow: 0px 0px 0 #00000070;}@media only screen and (max-width: 976px) {.uagb-block-e6f939b3.wp-block-uagb-image .wp-block-uagb-image__figure img{width: px;height: auto;}}@media only screen and (max-width: 767px) {.uagb-block-e6f939b3.wp-block-uagb-image .wp-block-uagb-image__figure img{width: px;height: auto;}}\";s:2:\"js\";s:0:\"\";s:18:\"current_block_list\";a:13:{i:0;s:11:\"core\/search\";i:1;s:10:\"core\/group\";i:2;s:12:\"core\/heading\";i:3;s:17:\"core\/latest-posts\";i:4;s:20:\"core\/latest-comments\";i:5;s:13:\"core\/archives\";i:6;s:15:\"core\/categories\";i:7;s:14:\"core\/paragraph\";i:8;s:10:\"uagb\/image\";i:9;s:11:\"core\/spacer\";i:10;s:30:\"woocommerce\/product-categories\";i:11;s:10:\"core\/image\";i:12;s:14:\"core\/shortcode\";}s:8:\"uag_flag\";b:1;s:11:\"uag_version\";s:10:\"1777095725\";s:6:\"gfonts\";a:0:{}s:10:\"gfonts_url\";s:0:\"\";s:12:\"gfonts_files\";a:0:{}s:14:\"uag_faq_layout\";b:0;}"]},"uagb_featured_image_src":{"full":["https:\/\/www.ferberpainting.com\/wp-content\/uploads\/2025\/05\/Conifer_Hedge_Fir_andThujaFertilizer.png",2560,2560,false],"thumbnail":["https:\/\/www.ferberpainting.com\/wp-content\/uploads\/2025\/05\/Conifer_Hedge_Fir_andThujaFertilizer-150x150.png",150,150,true],"medium":["https:\/\/www.ferberpainting.com\/wp-content\/uploads\/2025\/05\/Conifer_Hedge_Fir_andThujaFertilizer-300x300.png",300,300,true],"medium_large":["https:\/\/www.ferberpainting.com\/wp-content\/uploads\/2025\/05\/Conifer_Hedge_Fir_andThujaFertilizer-768x768.png",768,768,true],"large":["https:\/\/www.ferberpainting.com\/wp-content\/uploads\/2025\/05\/Conifer_Hedge_Fir_andThujaFertilizer-1024x1024.png",1024,1024,true],"1536x1536":["https:\/\/www.ferberpainting.com\/wp-content\/uploads\/2025\/05\/Conifer_Hedge_Fir_andThujaFertilizer-1536x1536.png",1536,1536,true],"2048x2048":["https:\/\/www.ferberpainting.com\/wp-content\/uploads\/2025\/05\/Conifer_Hedge_Fir_andThujaFertilizer-2048x2048.png",2048,2048,true],"trp-custom-language-flag":["https:\/\/www.ferberpainting.com\/wp-content\/uploads\/2025\/05\/Conifer_Hedge_Fir_andThujaFertilizer-12x12.png",12,12,true],"woocommerce_thumbnail":["https:\/\/www.ferberpainting.com\/wp-content\/uploads\/2025\/05\/Conifer_Hedge_Fir_andThujaFertilizer-300x300.png",300,300,true],"woocommerce_single":["https:\/\/www.ferberpainting.com\/wp-content\/uploads\/2025\/05\/Conifer_Hedge_Fir_andThujaFertilizer-600x600.png",600,600,true],"woocommerce_gallery_thumbnail":["https:\/\/www.ferberpainting.com\/wp-content\/uploads\/2025\/05\/Conifer_Hedge_Fir_andThujaFertilizer-100x100.png",100,100,true]},"uagb_author_info":{"display_name":"admin","author_link":"https:\/\/www.ferberpainting.com\/hu\/author\/"},"uagb_comment_info":24,"uagb_excerpt":"A complete fertilizer for robust conifers and dense hedges.\u00a0This fertilizer for conifers, hedges, firs, and thuja is specially formulated to provide all the nutrients needed for growth, strengthening, and intense greenery of these plants. Thanks to its balanced NPK 10-10-10 formula, it ensures optimal supply of nitrogen (N) to stimulate foliage density, phosphorus (P) to&hellip;","_links":{"self":[{"href":"https:\/\/www.ferberpainting.com\/hu\/wp-json\/wp\/v2\/product\/23186","targetHints":{"allow":["GET"]}}],"collection":[{"href":"https:\/\/www.ferberpainting.com\/hu\/wp-json\/wp\/v2\/product"}],"about":[{"href":"https:\/\/www.ferberpainting.com\/hu\/wp-json\/wp\/v2\/types\/product"}],"replies":[{"embeddable":true,"href":"https:\/\/www.ferberpainting.com\/hu\/wp-json\/wp\/v2\/comments?post=23186"}],"version-history":[{"count":6,"href":"https:\/\/www.ferberpainting.com\/hu\/wp-json\/wp\/v2\/product\/23186\/revisions"}],"predecessor-version":[{"id":166090,"href":"https:\/\/www.ferberpainting.com\/hu\/wp-json\/wp\/v2\/product\/23186\/revisions\/166090"}],"wp:featuredmedia":[{"embeddable":true,"href":"https:\/\/www.ferberpainting.com\/hu\/wp-json\/wp\/v2\/media\/25749"}],"wp:attachment":[{"href":"https:\/\/www.ferberpainting.com\/hu\/wp-json\/wp\/v2\/media?parent=23186"}],"wp:term":[{"taxonomy":"product_brand","embeddable":true,"href":"https:\/\/www.ferberpainting.com\/hu\/wp-json\/wp\/v2\/product_brand?post=23186"},{"taxonomy":"product_cat","embeddable":true,"href":"https:\/\/www.ferberpainting.com\/hu\/wp-json\/wp\/v2\/product_cat?post=23186"},{"taxonomy":"product_tag","embeddable":true,"href":"https:\/\/www.ferberpainting.com\/hu\/wp-json\/wp\/v2\/product_tag?post=23186"}],"curies":[{"name":"wp","href":"https:\/\/api.w.org\/{rel}","templated":true}]}}