{"id":23174,"date":"2025-05-26T10:23:08","date_gmt":"2025-05-26T08:23:08","guid":{"rendered":"https:\/\/www.ferberpainting.com\/products\/cure-for-concrete-and-mortar\/"},"modified":"2026-02-15T16:44:44","modified_gmt":"2026-02-15T15:44:44","slug":"cure-for-concrete-and-mortar","status":"publish","type":"product","link":"https:\/\/www.ferberpainting.com\/hu\/products\/cure-for-concrete-and-mortar\/","title":{"rendered":"Beton \u00e9s habarcs gy\u00f3gyul\u00e1sa"},"content":{"rendered":"<p><strong><img decoding=\"async\" style=\"margin-right: 12px;\" src=\"https:\/\/www.ferberpainting.com\/wp-content\/uploads\/2026\/02\/Check.svg\" alt=\"\" width=\"18\" height=\"15\" \/>Biztos\u00edtja az optim\u00e1lis kikem\u00e9nyed\u00e9st az er\u0151sebb \u00e9s tart\u00f3sabb beton \u00e9s habarcs \u00e9rdek\u00e9ben.<\/strong> A beton- \u00e9s habarcskem\u00e9ny\u00edt\u0151nk speci\u00e1lisan \u00fagy van kialak\u00edtva, hogy szab\u00e1lyozza a nedvess\u00e9g elp\u00e1rolg\u00e1s\u00e1t a kritikus kem\u00e9nyed\u00e9si f\u00e1zisban, lehet\u0151v\u00e9 t\u00e9ve a cementalap\u00fa anyagok sz\u00e1m\u00e1ra a maxim\u00e1lis szil\u00e1rds\u00e1g \u00e9s szerkezeti integrit\u00e1s el\u00e9r\u00e9s\u00e9t. A megfelel\u0151 hidrat\u00e1l\u00e1si felt\u00e9telek fenntart\u00e1s\u00e1val jelent\u0151sen cs\u00f6kkenti a reped\u00e9sek, a fel\u00fcleti zsugorod\u00e1s \u00e9s a korai gyenges\u00e9g kock\u00e1zat\u00e1t.<\/p>\n<p><strong><img decoding=\"async\" style=\"margin-right: 12px;\" src=\"https:\/\/www.ferberpainting.com\/wp-content\/uploads\/2026\/02\/Check.svg\" alt=\"\" width=\"18\" height=\"15\" \/>A leghat\u00e9konyabb gy\u00f3gy\u00edt\u00f3 megold\u00e1s a piacon.<\/strong> Ez a fejlett nedvess\u00e9gmegk\u00f6t\u0151 technol\u00f3gi\u00e1val tervezett kikem\u00e9nyed\u00e9si kezel\u00e9s olyan v\u00e9d\u0151filmet k\u00e9pez, amely lelass\u00edtja a frissen \u00f6nt\u00f6tt beton \u00e9s habarcs v\u00edzvesztes\u00e9g\u00e9t. Ez a szab\u00e1lyozott kikem\u00e9nyed\u00e9si folyamat n\u00f6veli a nyom\u00f3szil\u00e1rds\u00e1got, jav\u00edtja a tart\u00f3ss\u00e1got, \u00e9s a kezeletlen fel\u00fcletekhez k\u00e9pest egyenletesebb \u00e9s stabilabb v\u00e9gs\u0151 szerkezetet biztos\u00edt.<\/p>\n<p><strong><img decoding=\"async\" style=\"margin-right: 12px;\" src=\"https:\/\/www.ferberpainting.com\/wp-content\/uploads\/2026\/02\/Check.svg\" alt=\"\" width=\"18\" height=\"15\" \/>P\u00e9nzvisszafizet\u00e9si garancia a teljes lelki nyugalom\u00e9rt.<\/strong> Teljes m\u00e9rt\u00e9kben b\u00edzunk a beton- \u00e9s habarcskem\u00e9nyed\u00e9s\u00fcnk teljes\u00edtm\u00e9ny\u00e9ben. Ha nem teljesen el\u00e9gedett az eredm\u00e9nnyel, visszat\u00e9r\u00edtj\u00fck a v\u00e9tel\u00e1rat. P\u00e9nzvisszafizet\u00e9si garanci\u00e1nk biztos\u00edtja, hogy befektet\u00e9se kock\u00e1zatmentes legyen, \u00e9s t\u00fckr\u00f6zi a professzion\u00e1lis megb\u00edzhat\u00f3s\u00e1g ir\u00e1nti elk\u00f6telezetts\u00e9g\u00fcnket.<\/p>\n<p><strong><img decoding=\"async\" style=\"margin-right: 12px;\" src=\"https:\/\/www.ferberpainting.com\/wp-content\/uploads\/2026\/02\/Check.svg\" alt=\"\" width=\"18\" height=\"15\" \/>A legolcs\u00f3bb professzion\u00e1lis gy\u00f3gy\u00edt\u00f3 megold\u00e1s.<\/strong> A kiv\u00e1l\u00f3 min\u0151s\u00e9g\u0171 kikem\u00e9nyed\u00e9s elleni v\u00e9delemnek nem kell magas k\u00f6lts\u00e9gekkel j\u00e1rnia. Term\u00e9k\u00fcnk a piacon el\u00e9rhet\u0151 legversenyk\u00e9pesebb \u00e1ron ny\u00fajt pr\u00e9mium teljes\u00edtm\u00e9nyt, kiv\u00e9teles \u00e9rt\u00e9ket k\u00edn\u00e1lva az \u00e9p\u00edt\u0151ipari szakemberek \u00e9s a bark\u00e1csol\u00f3k sz\u00e1m\u00e1ra egyar\u00e1nt.<\/p>\n<p><strong><img decoding=\"async\" style=\"margin-right: 12px;\" src=\"https:\/\/www.ferberpainting.com\/wp-content\/uploads\/2026\/02\/Check.svg\" alt=\"\" width=\"18\" height=\"15\" \/>Gyors, 24 \u00f3r\u00e1s sz\u00e1ll\u00edt\u00e1s az id\u0151\u00e9rz\u00e9keny projektekhez.<\/strong> A beton \u00e9s a habarcs a betonoz\u00e1s ut\u00e1n azonnali v\u00e9delmet ig\u00e9nyel. Ez\u00e9rt k\u00edn\u00e1lunk megb\u00edzhat\u00f3, 24 \u00f3r\u00e1s kisz\u00e1ll\u00edt\u00e1st, amely biztos\u00edtja, hogy \u00d6n gyorsan megkapja a term\u00e9ket, \u00e9s a megfelel\u0151 pillanatban megv\u00e9dheti fel\u00fcleteit.<\/p>\n<p><strong><img decoding=\"async\" style=\"margin-right: 12px;\" src=\"https:\/\/www.ferberpainting.com\/wp-content\/uploads\/2026\/02\/Check.svg\" alt=\"\" width=\"18\" height=\"15\" \/>Literenk\u00e9nt ak\u00e1r 5 m\u00b2-es fedetts\u00e9g ellen\u0151rz\u00f6tt alkalmaz\u00e1s eset\u00e9n.<\/strong> Egy liter term\u00e9k ak\u00e1r 5 n\u00e9gyzetm\u00e9tert is kezelhet, ami elegend\u0151 filmvastags\u00e1got biztos\u00edt a hat\u00e9kony kikem\u00e9nyed\u00e9shez. Ez a meghat\u00e1rozott fed\u00e9si ar\u00e1ny lehet\u0151v\u00e9 teszi a pontos tervez\u00e9st, \u00e9s biztos\u00edtja a kezelt fel\u00fcletek egyenletes nedvess\u00e9gtartalm\u00e1t.<\/p>\n<p><strong><img decoding=\"async\" style=\"margin-right: 12px;\" src=\"https:\/\/www.ferberpainting.com\/wp-content\/uploads\/2026\/02\/Check.svg\" alt=\"\" width=\"18\" height=\"15\" \/>Cs\u00f6kkenti a reped\u00e9seket \u00e9s a fel\u00fcleti hib\u00e1kat.<\/strong> A gyors v\u00edzp\u00e1rolg\u00e1s megakad\u00e1lyoz\u00e1s\u00e1val ez a kem\u00e9ny\u00edt\u0151anyag jelent\u0151sen cs\u00f6kkenti a m\u0171anyag zsugorod\u00e1si reped\u00e9seket, a fel\u00fcleti porosod\u00e1st \u00e9s a szerkezeti mikroreped\u00e9seket. El\u0151seg\u00edti az egyenletes kem\u00e9nyed\u00e9st \u00e9s jav\u00edtja az \u00e1ltal\u00e1nos fel\u00fcleti min\u0151s\u00e9get.<\/p>\n<p><strong><img decoding=\"async\" style=\"margin-right: 12px;\" src=\"https:\/\/www.ferberpainting.com\/wp-content\/uploads\/2026\/02\/Check.svg\" alt=\"\" width=\"18\" height=\"15\" \/>Fokozza a hossz\u00fa t\u00e1v\u00fa tart\u00f3ss\u00e1got \u00e9s szil\u00e1rds\u00e1got.<\/strong> A megfelel\u0151 kikem\u00e9nyed\u00e9s n\u00f6veli a nyom\u00f3szil\u00e1rds\u00e1got \u00e9s a kop\u00e1s\u00e1ll\u00f3s\u00e1got. Ez a term\u00e9k seg\u00edt a betonnak \u00e9s a habarcsnak el\u00e9rni teljes mechanikai potenci\u00e1ljukat, \u00edgy a fel\u00fcletek ellen\u00e1ll\u00f3bb\u00e1 v\u00e1lnak a kop\u00e1ssal, az id\u0151j\u00e1r\u00e1ssal \u00e9s a k\u00f6rnyezeti ig\u00e9nybev\u00e9telekkel szemben.<\/p>\n<p><strong><img decoding=\"async\" style=\"margin-right: 12px;\" src=\"https:\/\/www.ferberpainting.com\/wp-content\/uploads\/2026\/02\/Check.svg\" alt=\"\" width=\"18\" height=\"15\" \/>Alkalmas k\u00fcl\u00f6nb\u00f6z\u0151 cementalap\u00fa alkalmaz\u00e1sokhoz.<\/strong> Ez a kikem\u00e9ny\u00edt\u0151 kezel\u00e9s ide\u00e1lis f\u00f6d\u00e9mekhez, alapokhoz, esztrichekhez, felhajt\u00f3khoz, falakhoz, oszlopokhoz, j\u00e1rd\u00e1khoz \u00e9s habarcsk\u00f6t\u00e9sekhez. Lakoss\u00e1gi, kereskedelmi \u00e9s ipari \u00e9p\u00edt\u00e9si k\u00f6rnyezetben is hat\u00e9konyan m\u0171k\u00f6dik.<\/p>\n<p><strong><img decoding=\"async\" style=\"margin-right: 12px;\" src=\"https:\/\/www.ferberpainting.com\/wp-content\/uploads\/2026\/02\/Check.svg\" alt=\"\" width=\"18\" height=\"15\" \/>K\u00f6nny\u0171 alkalmaz\u00e1s szakemberek \u00e9s lak\u00e1stulajdonosok sz\u00e1m\u00e1ra.<\/strong> A k\u00e9nyelmes haszn\u00e1latra tervezett kem\u00e9ny\u00edt\u0151 vegy\u00fclet alacsony nyom\u00e1s\u00fa permetez\u0151vel, hengerrel vagy ecsettel alkalmazhat\u00f3. Egys\u00e9ges konzisztenci\u00e1ja lehet\u0151v\u00e9 teszi a gyors \u00e9s egyenletes fed\u00e9st bonyolult el\u0151k\u00e9sz\u00edt\u00e9s n\u00e9lk\u00fcl.<\/p>\n<h2><strong>Utas\u00edt\u00e1sok<\/strong><\/h2>\n<ul>\n<li>K\u00f6zvetlen\u00fcl a beton- vagy habarcsfel\u00fclet befejez\u00e9se ut\u00e1n vigye fel, miut\u00e1n elp\u00e1rolgott a vizesed\u00e9s, \u00e9s a fel\u00fclet el\u00e9g szil\u00e1rd ahhoz, hogy a felhord\u00e1st elb\u00edrja.<\/li>\n<li>Gy\u0151z\u0151dj\u00f6n meg r\u00f3la, hogy a fel\u00fclet tiszta \u00e9s mentes az \u00e1ll\u00f3v\u00edzt\u0151l, miel\u0151tt a kem\u00e9ny\u00edt\u0151anyagot felhordja.<\/li>\n<li>Haszn\u00e1lat el\u0151tt alaposan r\u00e1zza fel vagy keverje fel a term\u00e9ket az egyenletes \u00f6sszet\u00e9tel biztos\u00edt\u00e1sa \u00e9rdek\u00e9ben.<\/li>\n<li>Egyenletesen vigye fel alacsony nyom\u00e1s\u00fa permetez\u0151vel, hengerrel vagy ecsettel, hogy folyamatos v\u00e9d\u0151filmet hozzon l\u00e9tre.<\/li>\n<li>Tartsa be az aj\u00e1nlott fed\u00e9si ar\u00e1nyt: literenk\u00e9nt legfeljebb 5 m\u00b2. Ez k\u00f6r\u00fclbel\u00fcl 200 ml\/n\u00e9gyzetm\u00e9ter \u00e1tlagos adagol\u00e1snak felel meg a hat\u00e9kony nedvess\u00e9gmeg\u0151rz\u00e9s biztos\u00edt\u00e1sa \u00e9rdek\u00e9ben.<\/li>\n<li>Teljes \u00e9s egyenletes lefedetts\u00e9g biztos\u00edt\u00e1sa an\u00e9lk\u00fcl, hogy kezeletlen ter\u00fcleteket hagyna. Ker\u00fclje a t\u00falzott \u00f6sszecsap\u00f3d\u00e1st.<\/li>\n<li>Hagyja, hogy a kikem\u00e9nyed\u0151 f\u00f3lia megsz\u00e1radjon, \u00e9s v\u00e9d\u0151h\u00e1rty\u00e1t k\u00e9pezzen a fel\u00fcleten.<\/li>\n<li>V\u00e9dje a frissen kezelt ter\u00fcleteket a nagy forgalomt\u00f3l vagy mechanikai s\u00e9r\u00fcl\u00e9sekt\u0151l a kikem\u00e9nyed\u00e9si f\u00e1zis alatt.<\/li>\n<li>Ker\u00fclje a felhord\u00e1st es\u0151 vagy sz\u00e9ls\u0151s\u00e9ges id\u0151j\u00e1r\u00e1si k\u00f6r\u00fclm\u00e9nyek k\u00f6z\u00f6tt, amelyek megzavarhatj\u00e1k a filmk\u00e9pz\u0151d\u00e9st.<\/li>\n<li>Haszn\u00e1lat ut\u00e1n azonnal tiszt\u00edtsa meg a szersz\u00e1mokat v\u00edzzel, \u00e9s t\u00e1rolja a term\u00e9ket h\u0171v\u00f6s, sz\u00e1raz helyen, k\u00f6zvetlen napf\u00e9nyt\u0151l \u00e9s fagyos h\u0151m\u00e9rs\u00e9klett\u0151l v\u00e9dve.<\/li>\n<\/ul>","protected":false},"excerpt":{"rendered":"<p>Ensure optimal curing for stronger and more durable concrete and mortar. Our concrete and mortar cure is specially formulated to regulate moisture evaporation during the critical curing phase, allowing cement-based materials to achieve maximum strength and structural integrity. By maintaining proper hydration conditions, it significantly reduces the risk of cracking, surface shrinkage, and premature weakness. [&hellip;]<\/p>\n","protected":false},"featured_media":25741,"comment_status":"open","ping_status":"closed","template":"","meta":{"_uag_custom_page_level_css":"","site-sidebar-layout":"default","site-content-layout":"","ast-site-content-layout":"default","site-content-style":"default","site-sidebar-style":"default","ast-global-header-display":"","ast-banner-title-visibility":"","ast-main-header-display":"","ast-hfb-above-header-display":"","ast-hfb-below-header-display":"","ast-hfb-mobile-header-display":"","site-post-title":"","ast-breadcrumbs-content":"","ast-featured-img":"","footer-sml-layout":"","ast-disable-related-posts":"","theme-transparent-header-meta":"default","adv-header-id-meta":"","stick-header-meta":"","header-above-stick-meta":"","header-main-stick-meta":"","header-below-stick-meta":"","astra-migrate-meta-layouts":"set","ast-page-background-enabled":"default","ast-page-background-meta":{"desktop":{"background-color":"var(--ast-global-color-4)","background-image":"","background-repeat":"repeat","background-position":"center center","background-size":"auto","background-attachment":"scroll","background-type":"","background-media":"","overlay-type":"","overlay-color":"","overlay-opacity":"","overlay-gradient":""},"tablet":{"background-color":"","background-image":"","background-repeat":"repeat","background-position":"center center","background-size":"auto","background-attachment":"scroll","background-type":"","background-media":"","overlay-type":"","overlay-color":"","overlay-opacity":"","overlay-gradient":""},"mobile":{"background-color":"","background-image":"","background-repeat":"repeat","background-position":"center center","background-size":"auto","background-attachment":"scroll","background-type":"","background-media":"","overlay-type":"","overlay-color":"","overlay-opacity":"","overlay-gradient":""}},"ast-content-background-meta":{"desktop":{"background-color":"var(--ast-global-color-5)","background-image":"","background-repeat":"repeat","background-position":"center center","background-size":"auto","background-attachment":"scroll","background-type":"","background-media":"","overlay-type":"","overlay-color":"","overlay-opacity":"","overlay-gradient":""},"tablet":{"background-color":"var(--ast-global-color-5)","background-image":"","background-repeat":"repeat","background-position":"center center","background-size":"auto","background-attachment":"scroll","background-type":"","background-media":"","overlay-type":"","overlay-color":"","overlay-opacity":"","overlay-gradient":""},"mobile":{"background-color":"var(--ast-global-color-5)","background-image":"","background-repeat":"repeat","background-position":"center center","background-size":"auto","background-attachment":"scroll","background-type":"","background-media":"","overlay-type":"","overlay-color":"","overlay-opacity":"","overlay-gradient":""}}},"product_brand":[],"product_cat":[176],"product_tag":[],"class_list":{"0":"post-23174","1":"product","2":"type-product","3":"status-publish","4":"has-post-thumbnail","6":"product_cat-concrete-treatment","7":"desktop-align-left","8":"tablet-align-left","9":"mobile-align-left","11":"first","12":"instock","13":"sale","14":"shipping-taxable","15":"purchasable","16":"product-type-variable","17":"has-default-attributes"},"spectra_custom_meta":{"_visibility":["visible"],"_shopify_product_id":["8051450839285"],"_s2w_shopify_domain":["ferberpainting.myshopify.com"],"_shopify_variant_id":["43849357066485"],"_manage_stock":["no"],"total_sales":["12"],"_tax_status":["taxable"],"_tax_class":[""],"_backorders":["no"],"_sold_individually":["no"],"_virtual":["no"],"_downloadable":["no"],"_download_limit":["-1"],"_download_expiry":["-1"],"_stock":[null],"_stock_status":["instock"],"_wc_average_rating":["4.98"],"_wc_review_count":["86"],"_product_attributes":["a:1:{s:6:\"volume\";a:6:{s:4:\"name\";s:6:\"Volume\";s:5:\"value\";s:20:\"5 liters | 25 liters\";s:8:\"position\";i:1;s:10:\"is_visible\";i:0;s:12:\"is_variation\";i:1;s:11:\"is_taxonomy\";i:0;}}"],"_product_version":["10.5.1"],"_thumbnail_id":["25741"],"_product_image_gallery":["25742"],"_edit_lock":["1771170229:1"],"_default_attributes":["a:1:{s:6:\"volume\";s:8:\"5 liters\";}"],"merchant-center-availability":["yes"],"merchant-center-category":["2282"],"merchant-center-id":["CBEM5L"],"_edit_last":["1"],"_wp_page_template":["default"],"site-sidebar-layout":["default"],"ast-site-content-layout":["default"],"site-content-style":["default"],"site-sidebar-style":["default"],"theme-transparent-header-meta":["default"],"_price":["29.90","129.90"],"_wc_rating_count":["a:2:{i:4;i:2;i:5;i:84;}"],"astra-migrate-meta-layouts":["set"],"_uag_css_file_name":["uag-css-23174.css"],"_elementor_page_assets":["a:0:{}"],"_uag_page_assets":["a:9:{s:3:\"css\";s:6873:\".wp-block-uagb-image{display:flex}.wp-block-uagb-image__figure{position:relative;display:flex;flex-direction:column;max-width:100%;height:auto;margin:0}.wp-block-uagb-image__figure img{height:auto;display:flex;max-width:100%;transition:box-shadow .2s ease}.wp-block-uagb-image__figure>a{display:inline-block}.wp-block-uagb-image__figure figcaption{text-align:center;margin-top:.5em;margin-bottom:1em}.wp-block-uagb-image .components-placeholder.block-editor-media-placeholder .components-placeholder__instructions{align-self:center}.wp-block-uagb-image--align-left{text-align:left}.wp-block-uagb-image--align-right{text-align:right}.wp-block-uagb-image--align-center{text-align:center}.wp-block-uagb-image--align-full .wp-block-uagb-image__figure{margin-left:calc(50% - 50vw);margin-right:calc(50% - 50vw);max-width:100vw;width:100vw;height:auto}.wp-block-uagb-image--align-full .wp-block-uagb-image__figure img{height:auto;width:100% !important}.wp-block-uagb-image--align-wide .wp-block-uagb-image__figure img{height:auto;width:100%}.wp-block-uagb-image--layout-overlay__color-wrapper{position:absolute;left:0;top:0;right:0;bottom:0;opacity:.2;background:rgba(0,0,0,.5);transition:opacity .35s ease-in-out}.wp-block-uagb-image--layout-overlay-link{position:absolute;left:0;right:0;bottom:0;top:0}.wp-block-uagb-image--layout-overlay .wp-block-uagb-image__figure:hover .wp-block-uagb-image--layout-overlay__color-wrapper{opacity:1}.wp-block-uagb-image--layout-overlay__inner{position:absolute;left:15px;right:15px;bottom:15px;top:15px;display:flex;align-items:center;justify-content:center;flex-direction:column;border-color:#fff;transition:.35s ease-in-out}.wp-block-uagb-image--layout-overlay__inner.top-left,.wp-block-uagb-image--layout-overlay__inner.top-center,.wp-block-uagb-image--layout-overlay__inner.top-right{justify-content:flex-start}.wp-block-uagb-image--layout-overlay__inner.bottom-left,.wp-block-uagb-image--layout-overlay__inner.bottom-center,.wp-block-uagb-image--layout-overlay__inner.bottom-right{justify-content:flex-end}.wp-block-uagb-image--layout-overlay__inner.top-left,.wp-block-uagb-image--layout-overlay__inner.center-left,.wp-block-uagb-image--layout-overlay__inner.bottom-left{align-items:flex-start}.wp-block-uagb-image--layout-overlay__inner.top-right,.wp-block-uagb-image--layout-overlay__inner.center-right,.wp-block-uagb-image--layout-overlay__inner.bottom-right{align-items:flex-end}.wp-block-uagb-image--layout-overlay__inner .uagb-image-heading{color:#fff;transition:transform .35s,opacity .35s ease-in-out;transform:translate3d(0, 24px, 0);margin:0;line-height:1em}.wp-block-uagb-image--layout-overlay__inner .uagb-image-separator{width:30%;border-top-width:2px;border-top-color:#fff;border-top-style:solid;margin-bottom:10px;opacity:0;transition:transform .4s,opacity .4s ease-in-out;transform:translate3d(0, 30px, 0)}.wp-block-uagb-image--layout-overlay__inner .uagb-image-caption{opacity:0;overflow:visible;color:#fff;transition:transform .45s,opacity .45s ease-in-out;transform:translate3d(0, 35px, 0)}.wp-block-uagb-image--layout-overlay__inner:hover .uagb-image-heading,.wp-block-uagb-image--layout-overlay__inner:hover .uagb-image-separator,.wp-block-uagb-image--layout-overlay__inner:hover .uagb-image-caption{opacity:1;transform:translate3d(0, 0, 0)}.wp-block-uagb-image--effect-zoomin .wp-block-uagb-image__figure img,.wp-block-uagb-image--effect-zoomin .wp-block-uagb-image__figure .wp-block-uagb-image--layout-overlay__color-wrapper{transform:scale(1);transition:transform .35s ease-in-out}.wp-block-uagb-image--effect-zoomin .wp-block-uagb-image__figure:hover img,.wp-block-uagb-image--effect-zoomin .wp-block-uagb-image__figure:hover .wp-block-uagb-image--layout-overlay__color-wrapper{transform:scale(1.05)}.wp-block-uagb-image--effect-slide .wp-block-uagb-image__figure img,.wp-block-uagb-image--effect-slide .wp-block-uagb-image__figure .wp-block-uagb-image--layout-overlay__color-wrapper{width:calc(100% + 40px) !important;max-width:none !important;transform:translate3d(-40px, 0, 0);transition:transform .35s ease-in-out}.wp-block-uagb-image--effect-slide .wp-block-uagb-image__figure:hover img,.wp-block-uagb-image--effect-slide .wp-block-uagb-image__figure:hover .wp-block-uagb-image--layout-overlay__color-wrapper{transform:translate3d(0, 0, 0)}.wp-block-uagb-image--effect-grayscale img{filter:grayscale(0%);transition:.35s ease-in-out}.wp-block-uagb-image--effect-grayscale:hover img{filter:grayscale(100%)}.wp-block-uagb-image--effect-blur img{filter:blur(0);transition:.35s ease-in-out}.wp-block-uagb-image--effect-blur:hover img{filter:blur(3px)}.uagb-block-e6f939b3.wp-block-uagb-image--layout-default figure img{box-shadow: 0px 0px 0 #00000070;}.uagb-block-e6f939b3.wp-block-uagb-image .wp-block-uagb-image__figure figcaption{font-style: normal;align-self: center;}.uagb-block-e6f939b3.wp-block-uagb-image--layout-overlay figure img{box-shadow: 0px 0px 0 #00000070;}.uagb-block-e6f939b3.wp-block-uagb-image--layout-overlay .wp-block-uagb-image--layout-overlay__color-wrapper{opacity: 0.2;}.uagb-block-e6f939b3.wp-block-uagb-image--layout-overlay .wp-block-uagb-image--layout-overlay__inner{left: 15px;right: 15px;top: 15px;bottom: 15px;}.uagb-block-e6f939b3.wp-block-uagb-image--layout-overlay .wp-block-uagb-image--layout-overlay__inner .uagb-image-heading{font-style: normal;color: #fff;opacity: 1;}.uagb-block-e6f939b3.wp-block-uagb-image--layout-overlay .wp-block-uagb-image--layout-overlay__inner .uagb-image-heading a{color: #fff;}.uagb-block-e6f939b3.wp-block-uagb-image--layout-overlay .wp-block-uagb-image--layout-overlay__inner .uagb-image-caption{opacity: 0;}.uagb-block-e6f939b3.wp-block-uagb-image--layout-overlay .wp-block-uagb-image__figure:hover .wp-block-uagb-image--layout-overlay__color-wrapper{opacity: 1;}.uagb-block-e6f939b3.wp-block-uagb-image .wp-block-uagb-image--layout-overlay__inner .uagb-image-separator{width: 30%;border-top-width: 2px;border-top-color: #fff;opacity: 0;}.uagb-block-e6f939b3.wp-block-uagb-image .wp-block-uagb-image__figure img{width: px;height: auto;}.uagb-block-e6f939b3.wp-block-uagb-image .wp-block-uagb-image__figure:hover .wp-block-uagb-image--layout-overlay__inner .uagb-image-caption{opacity: 1;}.uagb-block-e6f939b3.wp-block-uagb-image .wp-block-uagb-image__figure:hover .wp-block-uagb-image--layout-overlay__inner .uagb-image-separator{opacity: 1;}.uagb-block-e6f939b3.wp-block-uagb-image--layout-default figure:hover img{box-shadow: 0px 0px 0 #00000070;}.uagb-block-e6f939b3.wp-block-uagb-image--layout-overlay figure:hover img{box-shadow: 0px 0px 0 #00000070;}@media only screen and (max-width: 976px) {.uagb-block-e6f939b3.wp-block-uagb-image .wp-block-uagb-image__figure img{width: px;height: auto;}}@media only screen and (max-width: 767px) {.uagb-block-e6f939b3.wp-block-uagb-image .wp-block-uagb-image__figure img{width: px;height: auto;}}\";s:2:\"js\";s:0:\"\";s:18:\"current_block_list\";a:13:{i:0;s:11:\"core\/search\";i:1;s:10:\"core\/group\";i:2;s:12:\"core\/heading\";i:3;s:17:\"core\/latest-posts\";i:4;s:20:\"core\/latest-comments\";i:5;s:13:\"core\/archives\";i:6;s:15:\"core\/categories\";i:7;s:14:\"core\/paragraph\";i:8;s:10:\"uagb\/image\";i:9;s:11:\"core\/spacer\";i:10;s:30:\"woocommerce\/product-categories\";i:11;s:10:\"core\/image\";i:12;s:14:\"core\/shortcode\";}s:8:\"uag_flag\";b:1;s:11:\"uag_version\";s:10:\"1777099881\";s:6:\"gfonts\";a:0:{}s:10:\"gfonts_url\";s:0:\"\";s:12:\"gfonts_files\";a:0:{}s:14:\"uag_faq_layout\";b:0;}"]},"uagb_featured_image_src":{"full":["https:\/\/www.ferberpainting.com\/wp-content\/uploads\/2025\/05\/ConcreteandMortarCure5L.jpg",2560,2560,false],"thumbnail":["https:\/\/www.ferberpainting.com\/wp-content\/uploads\/2025\/05\/ConcreteandMortarCure5L-150x150.jpg",150,150,true],"medium":["https:\/\/www.ferberpainting.com\/wp-content\/uploads\/2025\/05\/ConcreteandMortarCure5L-300x300.jpg",300,300,true],"medium_large":["https:\/\/www.ferberpainting.com\/wp-content\/uploads\/2025\/05\/ConcreteandMortarCure5L-768x768.jpg",768,768,true],"large":["https:\/\/www.ferberpainting.com\/wp-content\/uploads\/2025\/05\/ConcreteandMortarCure5L-1024x1024.jpg",1024,1024,true],"1536x1536":["https:\/\/www.ferberpainting.com\/wp-content\/uploads\/2025\/05\/ConcreteandMortarCure5L-1536x1536.jpg",1536,1536,true],"2048x2048":["https:\/\/www.ferberpainting.com\/wp-content\/uploads\/2025\/05\/ConcreteandMortarCure5L-2048x2048.jpg",2048,2048,true],"trp-custom-language-flag":["https:\/\/www.ferberpainting.com\/wp-content\/uploads\/2025\/05\/ConcreteandMortarCure5L-12x12.jpg",12,12,true],"woocommerce_thumbnail":["https:\/\/www.ferberpainting.com\/wp-content\/uploads\/2025\/05\/ConcreteandMortarCure5L-300x300.jpg",300,300,true],"woocommerce_single":["https:\/\/www.ferberpainting.com\/wp-content\/uploads\/2025\/05\/ConcreteandMortarCure5L-600x600.jpg",600,600,true],"woocommerce_gallery_thumbnail":["https:\/\/www.ferberpainting.com\/wp-content\/uploads\/2025\/05\/ConcreteandMortarCure5L-100x100.jpg",100,100,true]},"uagb_author_info":{"display_name":"admin","author_link":"https:\/\/www.ferberpainting.com\/hu\/author\/"},"uagb_comment_info":86,"uagb_excerpt":"Ensure optimal curing for stronger and more durable concrete and mortar. Our concrete and mortar cure is specially formulated to regulate moisture evaporation during the critical curing phase, allowing cement-based materials to achieve maximum strength and structural integrity. By maintaining proper hydration conditions, it significantly reduces the risk of cracking, surface shrinkage, and premature weakness.&hellip;","_links":{"self":[{"href":"https:\/\/www.ferberpainting.com\/hu\/wp-json\/wp\/v2\/product\/23174","targetHints":{"allow":["GET"]}}],"collection":[{"href":"https:\/\/www.ferberpainting.com\/hu\/wp-json\/wp\/v2\/product"}],"about":[{"href":"https:\/\/www.ferberpainting.com\/hu\/wp-json\/wp\/v2\/types\/product"}],"replies":[{"embeddable":true,"href":"https:\/\/www.ferberpainting.com\/hu\/wp-json\/wp\/v2\/comments?post=23174"}],"version-history":[{"count":6,"href":"https:\/\/www.ferberpainting.com\/hu\/wp-json\/wp\/v2\/product\/23174\/revisions"}],"predecessor-version":[{"id":166280,"href":"https:\/\/www.ferberpainting.com\/hu\/wp-json\/wp\/v2\/product\/23174\/revisions\/166280"}],"wp:featuredmedia":[{"embeddable":true,"href":"https:\/\/www.ferberpainting.com\/hu\/wp-json\/wp\/v2\/media\/25741"}],"wp:attachment":[{"href":"https:\/\/www.ferberpainting.com\/hu\/wp-json\/wp\/v2\/media?parent=23174"}],"wp:term":[{"taxonomy":"product_brand","embeddable":true,"href":"https:\/\/www.ferberpainting.com\/hu\/wp-json\/wp\/v2\/product_brand?post=23174"},{"taxonomy":"product_cat","embeddable":true,"href":"https:\/\/www.ferberpainting.com\/hu\/wp-json\/wp\/v2\/product_cat?post=23174"},{"taxonomy":"product_tag","embeddable":true,"href":"https:\/\/www.ferberpainting.com\/hu\/wp-json\/wp\/v2\/product_tag?post=23174"}],"curies":[{"name":"wp","href":"https:\/\/api.w.org\/{rel}","templated":true}]}}