{"id":23168,"date":"2025-05-26T10:23:07","date_gmt":"2025-05-26T08:23:07","guid":{"rendered":"https:\/\/www.ferberpainting.com\/products\/concrete-and-cement-retarder\/"},"modified":"2026-02-15T13:35:38","modified_gmt":"2026-02-15T12:35:38","slug":"concrete-and-cement-retarder","status":"publish","type":"product","link":"https:\/\/www.ferberpainting.com\/hu\/products\/concrete-and-cement-retarder\/","title":{"rendered":"K\u00f6t\u00e9sk\u00e9sleltet\u0151 betonhoz \u00e9s cementhez"},"content":{"rendered":"<p><img decoding=\"async\" style=\"margin-right: 12px;\" src=\"https:\/\/www.ferberpainting.com\/wp-content\/uploads\/2026\/02\/Check.svg\" alt=\"\" width=\"18\" height=\"15\" \/><strong>Meghosszabb\u00edtja a beton bedolgozhat\u00f3s\u00e1gi idej\u00e9t.<\/strong>\u00a0Ezt a beton- \u00e9s cementtartalm\u00fa k\u00e9sleltet\u0151szert \u00fagy tervezt\u00e9k, hogy meghosszabb\u00edtsa a cementalap\u00fa kever\u00e9kek szil\u00e1rdul\u00e1si idej\u00e9t, nagyobb rugalmass\u00e1got biztos\u00edtva a szakemberek \u00e9s a mag\u00e1nszem\u00e9lyek sz\u00e1m\u00e1ra az alkalmaz\u00e1s sor\u00e1n. A cement hidrat\u00e1l\u00f3d\u00e1s\u00e1nak k\u00e9sleltet\u00e9s\u00e9vel jav\u00edtja a friss beton megmunk\u00e1lhat\u00f3s\u00e1g\u00e1t, k\u00fcl\u00f6n\u00f6sen meleg id\u0151ben vagy olyan projektekn\u00e9l, amelyek hosszabb \u00e9s pontos befejez\u00e9st ig\u00e9nyelnek.<\/p>\n<p><img decoding=\"async\" style=\"margin-right: 12px;\" src=\"https:\/\/www.ferberpainting.com\/wp-content\/uploads\/2026\/02\/Check.svg\" alt=\"\" width=\"18\" height=\"15\" \/><strong>K\u00fcl\u00f6nb\u00f6z\u0151 anyagokkal kompatibilis.<\/strong>\u00a0Ez a k\u00f6t\u00e9sg\u00e1tl\u00f3 anyagok sz\u00e9les sk\u00e1l\u00e1j\u00e1val m\u0171k\u00f6dik, bele\u00e9rtve a betont, cementet, habarcsot \u00e9s bevonatokat. Ide\u00e1lis minden t\u00edpus\u00fa projekthez, p\u00e9ld\u00e1ul f\u00f6d\u00e9mekhez, alapokhoz, esztrichekhez \u00e9s falaz\u00e1si munk\u00e1khoz, amelyekhez igaz\u00edtott szil\u00e1rdul\u00e1si id\u0151re van sz\u00fcks\u00e9g.<\/p>\n<p><img decoding=\"async\" style=\"margin-right: 12px;\" src=\"https:\/\/www.ferberpainting.com\/wp-content\/uploads\/2026\/02\/Check.svg\" alt=\"\" width=\"18\" height=\"15\" \/><strong>Optim\u00e1lis k\u00f6lts\u00e9ghat\u00e9kony teljes\u00edtm\u00e9ny.<\/strong>\u00a0Egy 5 literes tart\u00e1lyban nagy mennyis\u00e9g\u0171 kever\u00e9ket lehet kezelni. \u00c1tlagosan 100 ml elegend\u0151 50 kg cement megk\u00f6t\u00e9si idej\u00e9nek lass\u00edt\u00e1s\u00e1hoz, \u00edgy rendk\u00edv\u00fcl k\u00f6lts\u00e9ghat\u00e9kony megold\u00e1s minden m\u00e9ret\u0171 projekthez. Hat\u00e9konys\u00e1ga seg\u00edt cs\u00f6kkenteni az anyaghullad\u00e9kot \u00e9s optimaliz\u00e1lni az egyes munkater\u00fcleteket.<\/p>\n<p><img decoding=\"async\" style=\"margin-right: 12px;\" src=\"https:\/\/www.ferberpainting.com\/wp-content\/uploads\/2026\/02\/Check.svg\" alt=\"\" width=\"18\" height=\"15\" \/><strong>P\u00e9nz-visszafizet\u00e9si garancia.<\/strong>\u00a0Mivel b\u00edzunk a k\u00f6t\u00e9sg\u00e1tl\u00f3ink min\u0151s\u00e9g\u00e9ben, p\u00e9nzvisszafizet\u00e9si garanci\u00e1t v\u00e1llalunk. Ha a term\u00e9k nem felel meg az \u00d6n elv\u00e1r\u00e1sainak a hat\u00e9konys\u00e1g vagy a kompatibilit\u00e1s tekintet\u00e9ben, akkor teljes visszat\u00e9r\u00edt\u00e9sre jogosult, \u00edgy biztos\u00edtva a kock\u00e1zatmentes v\u00e1s\u00e1rl\u00e1st.<\/p>\n<p><img decoding=\"async\" style=\"margin-right: 12px;\" src=\"https:\/\/www.ferberpainting.com\/wp-content\/uploads\/2026\/02\/Check.svg\" alt=\"\" width=\"18\" height=\"15\" \/><strong>Biztons\u00e1gos \u00e9s nem vesz\u00e9lyes term\u00e9k.<\/strong>\u00a0N\u00e9h\u00e1ny agressz\u00edv k\u00e9miai adal\u00e9kanyaggal ellent\u00e9tben ez a megk\u00f6t\u00e9sg\u00e1tl\u00f3 szachar\u00f3zzal van megfogalmazva, amely egy olyan, a term\u00e9szetben el\u0151fordul\u00f3 anyag, amely sz\u00e1mos n\u00f6v\u00e9nyben megtal\u00e1lhat\u00f3. Nem jelent kock\u00e1zatot a felhaszn\u00e1l\u00f3kra vagy a k\u00f6rnyezetre, \u00edgy ide\u00e1lis v\u00e1laszt\u00e1s a biztons\u00e1gi el\u0151\u00edr\u00e1soknak megfelel\u0151, hat\u00e9kony megold\u00e1st keres\u0151 szakemberek sz\u00e1m\u00e1ra.<\/p>\n<p><img decoding=\"async\" style=\"margin-right: 12px;\" src=\"https:\/\/www.ferberpainting.com\/wp-content\/uploads\/2026\/02\/Check.svg\" alt=\"\" width=\"18\" height=\"15\" \/><strong>K\u00f6nnyen haszn\u00e1lhat\u00f3.<\/strong>\u00a0Ez a megk\u00f6t\u00e9st k\u00e9sleltet\u0151 anyag rendk\u00edv\u00fcl egyszer\u0171en be\u00e9p\u00edthet\u0151 a betonkever\u00e9si folyamatba. Egyszer\u0171en adja hozz\u00e1 az aj\u00e1nlott mennyis\u00e9g\u0171 adal\u00e9kanyagot k\u00f6zvetlen\u00fcl a kever\u0151v\u00edzhez, miel\u0151tt a k\u00f6t\u0151anyagokat \u00e9s az adal\u00e9kanyagokat be\u00e9p\u00edten\u00e9. A megfelel\u0151 haszn\u00e1lathoz nincs sz\u00fcks\u00e9g speci\u00e1lis k\u00e9pz\u00e9sre, \u00edgy a tapasztalt szakemberek \u00e9s a saj\u00e1t projektjeiken dolgoz\u00f3 egy\u00e9nek sz\u00e1m\u00e1ra is el\u00e9rhet\u0151v\u00e9 v\u00e1lik.<\/p>\n<p><img decoding=\"async\" style=\"margin-right: 12px;\" src=\"https:\/\/www.ferberpainting.com\/wp-content\/uploads\/2026\/02\/Check.svg\" alt=\"\" width=\"18\" height=\"15\" \/><strong>Optimaliz\u00e1lt beton tart\u00f3ss\u00e1g.<\/strong>\u00a0A k\u00f6t\u00e9si folyamat k\u00e9sleltet\u00e9s\u00e9vel ez a term\u00e9k el\u0151seg\u00edti a cement egyenletesebb hidrat\u00e1l\u00f3d\u00e1s\u00e1t, cs\u00f6kkentve a korai reped\u00e9sek kock\u00e1zat\u00e1t. A j\u00f3l hidrat\u00e1lt beton hossz\u00fa t\u00e1von er\u0151sebb, jav\u00edtva az \u00e9p\u00edtett szerkezetek min\u0151s\u00e9g\u00e9t \u00e9s hossz\u00fa \u00e9lettartam\u00e1t.<\/p>\n<p><img decoding=\"async\" style=\"margin-right: 12px;\" src=\"https:\/\/www.ferberpainting.com\/wp-content\/uploads\/2026\/02\/Check.svg\" alt=\"\" width=\"18\" height=\"15\" \/><strong>Hat\u00e9kony m\u00e9g sz\u00e9ls\u0151s\u00e9ges k\u00f6r\u00fclm\u00e9nyek k\u00f6z\u00f6tt is.<\/strong>\u00a0Ez a k\u00f6t\u00e9sg\u00e1tl\u00f3 k\u00fcl\u00f6n\u00f6sen hasznos kih\u00edv\u00e1st jelent\u0151 \u00e9ghajlati k\u00f6r\u00fclm\u00e9nyek k\u00f6z\u00f6tt, k\u00fcl\u00f6n\u00f6sen magas h\u0151m\u00e9rs\u00e9kleten, amikor a beton hajlamos t\u00fal gyorsan megk\u00f6tni. Lehet\u0151v\u00e9 teszi a fesz\u00fclts\u00e9gmentes munkav\u00e9gz\u00e9st a korai megszil\u00e1rdul\u00e1s kock\u00e1zata n\u00e9lk\u00fcl, megel\u0151zve a rosszul elk\u00e9sz\u00fclt szakaszok ut\u00f3munk\u00e1latainak sz\u00fcks\u00e9gess\u00e9g\u00e9t.<\/p>\n<h2><strong>Haszn\u00e1lati protokoll<\/strong><\/h2>\n<ul>\n<li><strong>Kever\u00e9k el\u0151k\u00e9sz\u00edt\u00e9se :<\/strong> Miel\u0151tt hozz\u00e1adn\u00e1 a megk\u00f6t\u00e9sg\u00e1tl\u00f3t, k\u00e9sz\u00edtse el a szok\u00e1sos beton-, cement- vagy habarcskever\u00e9ket az adal\u00e9kanyagok, a cement \u00e9s a v\u00edz kim\u00e9r\u00e9s\u00e9vel.<\/li>\n<li><strong>Aj\u00e1nlott adagol\u00e1s :<\/strong> Az optim\u00e1lis hat\u00e1s \u00e9rdek\u00e9ben 50 kg cementhez 100 ml lass\u00edt\u00f3t kell haszn\u00e1lni. Ha hosszabb megk\u00f6t\u00e9si k\u00e9sleltet\u00e9sre van sz\u00fcks\u00e9g, akkor az adagol\u00e1s 50 kg-onk\u00e9nt 200 ml-re n\u00f6velhet\u0151, de a helysz\u00edni k\u00f6r\u00fclm\u00e9nyek alapj\u00e1n el\u0151zetes tesztek javasoltak.<\/li>\n<li><strong>Be\u00e9p\u00edt\u00e9si m\u00f3dszer :<\/strong> A cementkever\u00e9khez val\u00f3 hozz\u00e1ad\u00e1s el\u0151tt \u00f6ntse a sz\u00fcks\u00e9ges mennyis\u00e9g\u0171 megk\u00f6t\u00e9sg\u00e1tl\u00f3t a kever\u0151v\u00edzbe. A term\u00e9k egyenletes eloszl\u00e1s\u00e1nak biztos\u00edt\u00e1sa \u00e9rdek\u00e9ben alaposan keverje \u00f6ssze.<\/li>\n<li><strong>Kever\u00e9s \u00e9s alkalmaz\u00e1s :<\/strong> Miut\u00e1n az adal\u00e9kanyag j\u00f3l be\u00e9p\u00fclt, folytassa a beton vagy habarcs szok\u00e1sos m\u00f3don t\u00f6rt\u00e9n\u0151 kever\u00e9s\u00e9t. Vigye fel a kever\u00e9ket a k\u00edv\u00e1nt fel\u00fcletre, mik\u00f6zben kihaszn\u00e1lja a meghosszabb\u00edtott bedolgozhat\u00f3s\u00e1gi id\u0151t.<\/li>\n<li><strong>Id\u0151szab\u00e1lyoz\u00e1s be\u00e1ll\u00edt\u00e1sa :<\/strong> Az alkalmazott adagol\u00e1st\u00f3l \u00e9s a k\u00fcls\u0151 k\u00f6r\u00fclm\u00e9nyekt\u0151l (h\u0151m\u00e9rs\u00e9klet, p\u00e1ratartalom) f\u00fcgg\u0151en a be\u00e1ll\u00edt\u00e1si k\u00e9sleltet\u00e9s 30 perct\u0151l t\u00f6bb \u00f3r\u00e1ig terjedhet. C\u00e9lszer\u0171 figyelemmel k\u00eds\u00e9rni a beton el\u0151rehalad\u00e1s\u00e1t, hogy a k\u00e9sleltet\u00e9s \u00f6sszhangban legyen a projekt k\u00f6vetelm\u00e9nyeivel.<\/li>\n<li><strong>Szersz\u00e1mtiszt\u00edt\u00e1s :<\/strong> Haszn\u00e1lat ut\u00e1n azonnal \u00f6bl\u00edtse le a szersz\u00e1mokat \u00e9s berendez\u00e9seket tiszta v\u00edzzel, hogy megakad\u00e1lyozza az anyag felhalmoz\u00f3d\u00e1s\u00e1t.<\/li>\n<\/ul>","protected":false},"excerpt":{"rendered":"<p>Extends Concrete Workability Time.\u00a0This concrete and cement retarder is designed to prolong the setting time of cement-based mixtures, providing professionals and individuals with greater flexibility during application. By delaying cement hydration, it enhances the workability of fresh concrete, especially in hot weather or for projects requiring extended and precise finishing. Compatible with Various Materials.\u00a0This setting [&hellip;]<\/p>\n","protected":false},"featured_media":25738,"comment_status":"open","ping_status":"closed","template":"","meta":{"_uag_custom_page_level_css":"","site-sidebar-layout":"default","site-content-layout":"","ast-site-content-layout":"default","site-content-style":"default","site-sidebar-style":"default","ast-global-header-display":"","ast-banner-title-visibility":"","ast-main-header-display":"","ast-hfb-above-header-display":"","ast-hfb-below-header-display":"","ast-hfb-mobile-header-display":"","site-post-title":"","ast-breadcrumbs-content":"","ast-featured-img":"","footer-sml-layout":"","ast-disable-related-posts":"","theme-transparent-header-meta":"default","adv-header-id-meta":"","stick-header-meta":"","header-above-stick-meta":"","header-main-stick-meta":"","header-below-stick-meta":"","astra-migrate-meta-layouts":"set","ast-page-background-enabled":"default","ast-page-background-meta":{"desktop":{"background-color":"var(--ast-global-color-4)","background-image":"","background-repeat":"repeat","background-position":"center center","background-size":"auto","background-attachment":"scroll","background-type":"","background-media":"","overlay-type":"","overlay-color":"","overlay-opacity":"","overlay-gradient":""},"tablet":{"background-color":"","background-image":"","background-repeat":"repeat","background-position":"center center","background-size":"auto","background-attachment":"scroll","background-type":"","background-media":"","overlay-type":"","overlay-color":"","overlay-opacity":"","overlay-gradient":""},"mobile":{"background-color":"","background-image":"","background-repeat":"repeat","background-position":"center center","background-size":"auto","background-attachment":"scroll","background-type":"","background-media":"","overlay-type":"","overlay-color":"","overlay-opacity":"","overlay-gradient":""}},"ast-content-background-meta":{"desktop":{"background-color":"var(--ast-global-color-5)","background-image":"","background-repeat":"repeat","background-position":"center center","background-size":"auto","background-attachment":"scroll","background-type":"","background-media":"","overlay-type":"","overlay-color":"","overlay-opacity":"","overlay-gradient":""},"tablet":{"background-color":"var(--ast-global-color-5)","background-image":"","background-repeat":"repeat","background-position":"center center","background-size":"auto","background-attachment":"scroll","background-type":"","background-media":"","overlay-type":"","overlay-color":"","overlay-opacity":"","overlay-gradient":""},"mobile":{"background-color":"var(--ast-global-color-5)","background-image":"","background-repeat":"repeat","background-position":"center center","background-size":"auto","background-attachment":"scroll","background-type":"","background-media":"","overlay-type":"","overlay-color":"","overlay-opacity":"","overlay-gradient":""}}},"product_brand":[],"product_cat":[176],"product_tag":[],"class_list":{"0":"post-23168","1":"product","2":"type-product","3":"status-publish","4":"has-post-thumbnail","6":"product_cat-concrete-treatment","7":"desktop-align-left","8":"tablet-align-left","9":"mobile-align-left","11":"first","12":"instock","13":"sale","14":"shipping-taxable","15":"purchasable","16":"product-type-variable","17":"has-default-attributes"},"spectra_custom_meta":{"_visibility":["visible"],"_shopify_product_id":["9058943107317"],"_s2w_shopify_domain":["ferberpainting.myshopify.com"],"_shopify_variant_id":["46479764619509"],"_sku":[""],"_manage_stock":["no"],"total_sales":["22"],"_tax_status":["taxable"],"_tax_class":[""],"_backorders":["no"],"_sold_individually":["no"],"_virtual":["no"],"_downloadable":["no"],"_download_limit":["-1"],"_download_expiry":["-1"],"_stock":[null],"_stock_status":["instock"],"_wc_average_rating":["4.70"],"_wc_review_count":["10"],"_product_attributes":["a:1:{s:6:\"volume\";a:6:{s:4:\"name\";s:6:\"Volume\";s:5:\"value\";s:20:\"5 liters | 25 liters\";s:8:\"position\";i:1;s:10:\"is_visible\";i:0;s:12:\"is_variation\";i:1;s:11:\"is_taxonomy\";i:0;}}"],"_product_version":["10.5.1"],"_thumbnail_id":["25738"],"_product_image_gallery":["25739"],"wpse_downloadable_file_names":[""],"wpse_downloadable_file_urls":[""],"_edit_last":["1"],"_default_attributes":["a:1:{s:6:\"volume\";s:8:\"5 liters\";}"],"_edit_lock":["1771158800:1"],"_price":["29.90","129.90"],"merchant-center-availability":["yes"],"merchant-center-category":["2277"],"_wp_page_template":["default"],"site-sidebar-layout":["default"],"ast-site-content-layout":["default"],"site-content-style":["default"],"site-sidebar-style":["default"],"theme-transparent-header-meta":["default"],"_wc_rating_count":["a:2:{i:4;i:3;i:5;i:7;}"],"astra-migrate-meta-layouts":["set"],"_uag_css_file_name":["uag-css-23168.css"],"_elementor_page_assets":["a:0:{}"],"_uag_page_assets":["a:9:{s:3:\"css\";s:7133:\".uag-blocks-common-selector{z-index:var(--z-index-desktop) !important}@media(max-width: 976px){.uag-blocks-common-selector{z-index:var(--z-index-tablet) !important}}@media(max-width: 767px){.uag-blocks-common-selector{z-index:var(--z-index-mobile) !important}}.wp-block-uagb-image{display:flex}.wp-block-uagb-image__figure{position:relative;display:flex;flex-direction:column;max-width:100%;height:auto;margin:0}.wp-block-uagb-image__figure img{height:auto;display:flex;max-width:100%;transition:box-shadow .2s ease}.wp-block-uagb-image__figure>a{display:inline-block}.wp-block-uagb-image__figure figcaption{text-align:center;margin-top:.5em;margin-bottom:1em}.wp-block-uagb-image .components-placeholder.block-editor-media-placeholder .components-placeholder__instructions{align-self:center}.wp-block-uagb-image--align-left{text-align:left}.wp-block-uagb-image--align-right{text-align:right}.wp-block-uagb-image--align-center{text-align:center}.wp-block-uagb-image--align-full .wp-block-uagb-image__figure{margin-left:calc(50% - 50vw);margin-right:calc(50% - 50vw);max-width:100vw;width:100vw;height:auto}.wp-block-uagb-image--align-full .wp-block-uagb-image__figure img{height:auto;width:100% !important}.wp-block-uagb-image--align-wide .wp-block-uagb-image__figure img{height:auto;width:100%}.wp-block-uagb-image--layout-overlay__color-wrapper{position:absolute;left:0;top:0;right:0;bottom:0;opacity:.2;background:rgba(0,0,0,.5);transition:opacity .35s ease-in-out}.wp-block-uagb-image--layout-overlay-link{position:absolute;left:0;right:0;bottom:0;top:0}.wp-block-uagb-image--layout-overlay .wp-block-uagb-image__figure:hover .wp-block-uagb-image--layout-overlay__color-wrapper{opacity:1}.wp-block-uagb-image--layout-overlay__inner{position:absolute;left:15px;right:15px;bottom:15px;top:15px;display:flex;align-items:center;justify-content:center;flex-direction:column;border-color:#fff;transition:.35s ease-in-out}.wp-block-uagb-image--layout-overlay__inner.top-left,.wp-block-uagb-image--layout-overlay__inner.top-center,.wp-block-uagb-image--layout-overlay__inner.top-right{justify-content:flex-start}.wp-block-uagb-image--layout-overlay__inner.bottom-left,.wp-block-uagb-image--layout-overlay__inner.bottom-center,.wp-block-uagb-image--layout-overlay__inner.bottom-right{justify-content:flex-end}.wp-block-uagb-image--layout-overlay__inner.top-left,.wp-block-uagb-image--layout-overlay__inner.center-left,.wp-block-uagb-image--layout-overlay__inner.bottom-left{align-items:flex-start}.wp-block-uagb-image--layout-overlay__inner.top-right,.wp-block-uagb-image--layout-overlay__inner.center-right,.wp-block-uagb-image--layout-overlay__inner.bottom-right{align-items:flex-end}.wp-block-uagb-image--layout-overlay__inner .uagb-image-heading{color:#fff;transition:transform .35s,opacity .35s ease-in-out;transform:translate3d(0, 24px, 0);margin:0;line-height:1em}.wp-block-uagb-image--layout-overlay__inner .uagb-image-separator{width:30%;border-top-width:2px;border-top-color:#fff;border-top-style:solid;margin-bottom:10px;opacity:0;transition:transform .4s,opacity .4s ease-in-out;transform:translate3d(0, 30px, 0)}.wp-block-uagb-image--layout-overlay__inner .uagb-image-caption{opacity:0;overflow:visible;color:#fff;transition:transform .45s,opacity .45s ease-in-out;transform:translate3d(0, 35px, 0)}.wp-block-uagb-image--layout-overlay__inner:hover .uagb-image-heading,.wp-block-uagb-image--layout-overlay__inner:hover .uagb-image-separator,.wp-block-uagb-image--layout-overlay__inner:hover .uagb-image-caption{opacity:1;transform:translate3d(0, 0, 0)}.wp-block-uagb-image--effect-zoomin .wp-block-uagb-image__figure img,.wp-block-uagb-image--effect-zoomin .wp-block-uagb-image__figure .wp-block-uagb-image--layout-overlay__color-wrapper{transform:scale(1);transition:transform .35s ease-in-out}.wp-block-uagb-image--effect-zoomin .wp-block-uagb-image__figure:hover img,.wp-block-uagb-image--effect-zoomin .wp-block-uagb-image__figure:hover .wp-block-uagb-image--layout-overlay__color-wrapper{transform:scale(1.05)}.wp-block-uagb-image--effect-slide .wp-block-uagb-image__figure img,.wp-block-uagb-image--effect-slide .wp-block-uagb-image__figure .wp-block-uagb-image--layout-overlay__color-wrapper{width:calc(100% + 40px) !important;max-width:none !important;transform:translate3d(-40px, 0, 0);transition:transform .35s ease-in-out}.wp-block-uagb-image--effect-slide .wp-block-uagb-image__figure:hover img,.wp-block-uagb-image--effect-slide .wp-block-uagb-image__figure:hover .wp-block-uagb-image--layout-overlay__color-wrapper{transform:translate3d(0, 0, 0)}.wp-block-uagb-image--effect-grayscale img{filter:grayscale(0%);transition:.35s ease-in-out}.wp-block-uagb-image--effect-grayscale:hover img{filter:grayscale(100%)}.wp-block-uagb-image--effect-blur img{filter:blur(0);transition:.35s ease-in-out}.wp-block-uagb-image--effect-blur:hover img{filter:blur(3px)}.uagb-block-e6f939b3.wp-block-uagb-image--layout-default figure img{box-shadow: 0px 0px 0 #00000070;}.uagb-block-e6f939b3.wp-block-uagb-image .wp-block-uagb-image__figure figcaption{font-style: normal;align-self: center;}.uagb-block-e6f939b3.wp-block-uagb-image--layout-overlay figure img{box-shadow: 0px 0px 0 #00000070;}.uagb-block-e6f939b3.wp-block-uagb-image--layout-overlay .wp-block-uagb-image--layout-overlay__color-wrapper{opacity: 0.2;}.uagb-block-e6f939b3.wp-block-uagb-image--layout-overlay .wp-block-uagb-image--layout-overlay__inner{left: 15px;right: 15px;top: 15px;bottom: 15px;}.uagb-block-e6f939b3.wp-block-uagb-image--layout-overlay .wp-block-uagb-image--layout-overlay__inner .uagb-image-heading{font-style: normal;color: #fff;opacity: 1;}.uagb-block-e6f939b3.wp-block-uagb-image--layout-overlay .wp-block-uagb-image--layout-overlay__inner .uagb-image-heading a{color: #fff;}.uagb-block-e6f939b3.wp-block-uagb-image--layout-overlay .wp-block-uagb-image--layout-overlay__inner .uagb-image-caption{opacity: 0;}.uagb-block-e6f939b3.wp-block-uagb-image--layout-overlay .wp-block-uagb-image__figure:hover .wp-block-uagb-image--layout-overlay__color-wrapper{opacity: 1;}.uagb-block-e6f939b3.wp-block-uagb-image .wp-block-uagb-image--layout-overlay__inner .uagb-image-separator{width: 30%;border-top-width: 2px;border-top-color: #fff;opacity: 0;}.uagb-block-e6f939b3.wp-block-uagb-image .wp-block-uagb-image__figure img{width: px;height: auto;}.uagb-block-e6f939b3.wp-block-uagb-image .wp-block-uagb-image__figure:hover .wp-block-uagb-image--layout-overlay__inner .uagb-image-caption{opacity: 1;}.uagb-block-e6f939b3.wp-block-uagb-image .wp-block-uagb-image__figure:hover .wp-block-uagb-image--layout-overlay__inner .uagb-image-separator{opacity: 1;}.uagb-block-e6f939b3.wp-block-uagb-image--layout-default figure:hover img{box-shadow: 0px 0px 0 #00000070;}.uagb-block-e6f939b3.wp-block-uagb-image--layout-overlay figure:hover img{box-shadow: 0px 0px 0 #00000070;}@media only screen and (max-width: 976px) {.uagb-block-e6f939b3.wp-block-uagb-image .wp-block-uagb-image__figure img{width: px;height: auto;}}@media only screen and (max-width: 767px) {.uagb-block-e6f939b3.wp-block-uagb-image .wp-block-uagb-image__figure img{width: px;height: auto;}}\";s:2:\"js\";s:0:\"\";s:18:\"current_block_list\";a:13:{i:0;s:11:\"core\/search\";i:1;s:10:\"core\/group\";i:2;s:12:\"core\/heading\";i:3;s:17:\"core\/latest-posts\";i:4;s:20:\"core\/latest-comments\";i:5;s:13:\"core\/archives\";i:6;s:15:\"core\/categories\";i:7;s:14:\"core\/paragraph\";i:8;s:10:\"uagb\/image\";i:9;s:11:\"core\/spacer\";i:10;s:30:\"woocommerce\/product-categories\";i:11;s:10:\"core\/image\";i:12;s:14:\"core\/shortcode\";}s:8:\"uag_flag\";b:1;s:11:\"uag_version\";s:10:\"1777102247\";s:6:\"gfonts\";a:0:{}s:10:\"gfonts_url\";s:0:\"\";s:12:\"gfonts_files\";a:0:{}s:14:\"uag_faq_layout\";b:0;}"]},"uagb_featured_image_src":{"full":["https:\/\/www.ferberpainting.com\/wp-content\/uploads\/2025\/05\/ConcreteandCementRetarder5L.png",2560,2560,false],"thumbnail":["https:\/\/www.ferberpainting.com\/wp-content\/uploads\/2025\/05\/ConcreteandCementRetarder5L-150x150.png",150,150,true],"medium":["https:\/\/www.ferberpainting.com\/wp-content\/uploads\/2025\/05\/ConcreteandCementRetarder5L-300x300.png",300,300,true],"medium_large":["https:\/\/www.ferberpainting.com\/wp-content\/uploads\/2025\/05\/ConcreteandCementRetarder5L-768x768.png",768,768,true],"large":["https:\/\/www.ferberpainting.com\/wp-content\/uploads\/2025\/05\/ConcreteandCementRetarder5L-1024x1024.png",1024,1024,true],"1536x1536":["https:\/\/www.ferberpainting.com\/wp-content\/uploads\/2025\/05\/ConcreteandCementRetarder5L-1536x1536.png",1536,1536,true],"2048x2048":["https:\/\/www.ferberpainting.com\/wp-content\/uploads\/2025\/05\/ConcreteandCementRetarder5L-2048x2048.png",2048,2048,true],"trp-custom-language-flag":["https:\/\/www.ferberpainting.com\/wp-content\/uploads\/2025\/05\/ConcreteandCementRetarder5L-12x12.png",12,12,true],"woocommerce_thumbnail":["https:\/\/www.ferberpainting.com\/wp-content\/uploads\/2025\/05\/ConcreteandCementRetarder5L-300x300.png",300,300,true],"woocommerce_single":["https:\/\/www.ferberpainting.com\/wp-content\/uploads\/2025\/05\/ConcreteandCementRetarder5L-600x600.png",600,600,true],"woocommerce_gallery_thumbnail":["https:\/\/www.ferberpainting.com\/wp-content\/uploads\/2025\/05\/ConcreteandCementRetarder5L-100x100.png",100,100,true]},"uagb_author_info":{"display_name":"admin","author_link":"https:\/\/www.ferberpainting.com\/hu\/author\/"},"uagb_comment_info":10,"uagb_excerpt":"Extends Concrete Workability Time.\u00a0This concrete and cement retarder is designed to prolong the setting time of cement-based mixtures, providing professionals and individuals with greater flexibility during application. By delaying cement hydration, it enhances the workability of fresh concrete, especially in hot weather or for projects requiring extended and precise finishing. Compatible with Various Materials.\u00a0This setting&hellip;","_links":{"self":[{"href":"https:\/\/www.ferberpainting.com\/hu\/wp-json\/wp\/v2\/product\/23168","targetHints":{"allow":["GET"]}}],"collection":[{"href":"https:\/\/www.ferberpainting.com\/hu\/wp-json\/wp\/v2\/product"}],"about":[{"href":"https:\/\/www.ferberpainting.com\/hu\/wp-json\/wp\/v2\/types\/product"}],"replies":[{"embeddable":true,"href":"https:\/\/www.ferberpainting.com\/hu\/wp-json\/wp\/v2\/comments?post=23168"}],"version-history":[{"count":4,"href":"https:\/\/www.ferberpainting.com\/hu\/wp-json\/wp\/v2\/product\/23168\/revisions"}],"predecessor-version":[{"id":166081,"href":"https:\/\/www.ferberpainting.com\/hu\/wp-json\/wp\/v2\/product\/23168\/revisions\/166081"}],"wp:featuredmedia":[{"embeddable":true,"href":"https:\/\/www.ferberpainting.com\/hu\/wp-json\/wp\/v2\/media\/25738"}],"wp:attachment":[{"href":"https:\/\/www.ferberpainting.com\/hu\/wp-json\/wp\/v2\/media?parent=23168"}],"wp:term":[{"taxonomy":"product_brand","embeddable":true,"href":"https:\/\/www.ferberpainting.com\/hu\/wp-json\/wp\/v2\/product_brand?post=23168"},{"taxonomy":"product_cat","embeddable":true,"href":"https:\/\/www.ferberpainting.com\/hu\/wp-json\/wp\/v2\/product_cat?post=23168"},{"taxonomy":"product_tag","embeddable":true,"href":"https:\/\/www.ferberpainting.com\/hu\/wp-json\/wp\/v2\/product_tag?post=23168"}],"curies":[{"name":"wp","href":"https:\/\/api.w.org\/{rel}","templated":true}]}}