{"id":23165,"date":"2025-05-26T10:23:06","date_gmt":"2025-05-26T08:23:06","guid":{"rendered":"https:\/\/www.ferberpainting.com\/products\/concrete-and-cement-plasticizer\/"},"modified":"2026-02-15T13:35:07","modified_gmt":"2026-02-15T12:35:07","slug":"concrete-and-cement-plasticizer","status":"publish","type":"product","link":"https:\/\/www.ferberpainting.com\/hu\/products\/concrete-and-cement-plasticizer\/","title":{"rendered":"Beton \u00e9s cement l\u00e1gy\u00edt\u00f3szer"},"content":{"rendered":"<p><img decoding=\"async\" style=\"margin-right: 12px;\" src=\"https:\/\/www.ferberpainting.com\/wp-content\/uploads\/2026\/02\/Check.svg\" alt=\"\" width=\"18\" height=\"15\" \/><strong>Jobb megmunk\u00e1lhat\u00f3s\u00e1g \u00e9s alkalmaz\u00e1s.<\/strong>\u00a0Ez a l\u00e1gy\u00edt\u00f3 \u00e9s fluidiz\u00e1l\u00f3 anyag a beton \u00e9s a cement konzisztenci\u00e1j\u00e1nak optimaliz\u00e1l\u00e1s\u00e1ra szolg\u00e1l, \u00edgy a kever\u00e9k foly\u00e9konyabb\u00e1 \u00e9s k\u00f6nnyebben megmunk\u00e1lhat\u00f3v\u00e1 v\u00e1lik, an\u00e9lk\u00fcl, hogy plusz vizet kellene hozz\u00e1adni. Jav\u00edtja a beton elhelyez\u00e9s\u00e9t, k\u00fcl\u00f6n\u00f6sen az \u00f6sszetett zsaluzatok, f\u00f6d\u00e9mek \u00e9s alapoz\u00e1sok eset\u00e9ben, jobb kit\u00f6lt\u00e9st \u00e9s homog\u00e9nebb fel\u00fcletet biztos\u00edt.<\/p>\n<p><img decoding=\"async\" style=\"margin-right: 12px;\" src=\"https:\/\/www.ferberpainting.com\/wp-content\/uploads\/2026\/02\/Check.svg\" alt=\"\" width=\"18\" height=\"15\" \/><strong>P\u00e9nzvisszafizet\u00e9si garancia.<\/strong>\u00a0Mivel abszol\u00fat megb\u00edzunk l\u00e1gy\u00edt\u00f3szer\u00fcnk \u00e9s fluidiz\u00e1torunk hat\u00e9konys\u00e1g\u00e1ban, p\u00e9nzvisszafizet\u00e9si garanci\u00e1t v\u00e1llalunk. Ha a term\u00e9k nem felel meg az elv\u00e1r\u00e1sainak, vagy nem hozza a v\u00e1rt eredm\u00e9nyeket, k\u00e9rheti a felt\u00e9tel n\u00e9lk\u00fcli visszat\u00e9r\u00edt\u00e9st, \u00edgy biztos\u00edtva a kock\u00e1zatmentes v\u00e1s\u00e1rl\u00e1st.<\/p>\n<p><img decoding=\"async\" style=\"margin-right: 12px;\" src=\"https:\/\/www.ferberpainting.com\/wp-content\/uploads\/2026\/02\/Check.svg\" alt=\"\" width=\"18\" height=\"15\" \/><strong>Kompatibilit\u00e1s k\u00fcl\u00f6nb\u00f6z\u0151 anyagokkal.<\/strong>\u00a0Ez a term\u00e9k kompatibilis a beton, cement, habarcs \u00e9s hidraulikus k\u00f6t\u0151anyag alap\u00fa bevonatokkal. T\u00f6k\u00e9letesen alkalmazkodik a hagyom\u00e1nyos betonokhoz, sz\u00e1ler\u0151s\u00edt\u00e9s\u0171 betonokhoz, foly\u00e9kony esztrichekhez \u00e9s foltoz\u00f3habarcsokhoz, \u00edgy kiv\u00e9teles sokoldal\u00fas\u00e1got biztos\u00edt, f\u00fcggetlen\u00fcl az \u00e9p\u00edt\u00e9si projekt vagy a v\u00e1llalt falaz\u00e1si munka t\u00edpus\u00e1t\u00f3l.<\/p>\n<p><img decoding=\"async\" style=\"margin-right: 12px;\" src=\"https:\/\/www.ferberpainting.com\/wp-content\/uploads\/2026\/02\/Check.svg\" alt=\"\" width=\"18\" height=\"15\" \/><strong>Optimaliz\u00e1lt gazdas\u00e1gi hozam.<\/strong>\u00a0Ez a kiv\u00e1l\u00f3 min\u0151s\u00e9g\/\u00e1r ar\u00e1nyt biztos\u00edt\u00f3 l\u00e1gy\u00edt\u00f3 jelent\u0151sen cs\u00f6kkenti a v\u00edz\/cement ar\u00e1nyt an\u00e9lk\u00fcl, hogy a kever\u00e9k foly\u00e9konys\u00e1g\u00e1t vesz\u00e9lyeztetn\u00e9. Egy liter term\u00e9k 100-150 kg cement kezel\u00e9s\u00e9re elegend\u0151, \u00edgy garant\u00e1lva a nagy hat\u00e9konys\u00e1got minim\u00e1lis fogyaszt\u00e1s mellett. A sz\u00fcks\u00e9ges v\u00edzmennyis\u00e9g cs\u00f6kkent\u00e9s\u00e9vel a beton v\u00e9gs\u0151 ellen\u00e1ll\u00e1s\u00e1t is n\u00f6veli, \u00edgy cs\u00f6kkentve a k\u00e9s\u0151bbi jav\u00edt\u00e1sokkal kapcsolatos k\u00f6lts\u00e9geket.<\/p>\n<p><img decoding=\"async\" style=\"margin-right: 12px;\" src=\"https:\/\/www.ferberpainting.com\/wp-content\/uploads\/2026\/02\/Check.svg\" alt=\"\" width=\"18\" height=\"15\" \/><strong>Biztons\u00e1gos a felhaszn\u00e1l\u00f3k \u00e9s a k\u00f6rnyezet sz\u00e1m\u00e1ra.<\/strong>\u00a0Ez a l\u00e1gy\u00edt\u00f3 \u00e9s fluidiz\u00e1l\u00f3 nem tartalmaz m\u00e9rgez\u0151 vegy\u00fcleteket, \u00e9s nem termel k\u00e1ros kibocs\u00e1t\u00e1st. K\u00fcl\u00f6nleges \u00f3vint\u00e9zked\u00e9sek n\u00e9lk\u00fcl kezelhet\u0151, nem jelent kock\u00e1zatot a b\u0151rre vagy a l\u00e9gz\u0151szervekre, \u00e9s megfelel a hat\u00e1lyos k\u00f6rnyezetv\u00e9delmi el\u0151\u00edr\u00e1soknak, \u00edgy biztons\u00e1gos haszn\u00e1latot biztos\u00edt mind az \u00e9p\u00edtkez\u00e9seken, mind a belt\u00e9rben.<\/p>\n<p><img decoding=\"async\" style=\"margin-right: 12px;\" src=\"https:\/\/www.ferberpainting.com\/wp-content\/uploads\/2026\/02\/Check.svg\" alt=\"\" width=\"18\" height=\"15\" \/><strong>K\u00f6nnyen haszn\u00e1lhat\u00f3, pontos adagol\u00e1ssal.<\/strong>\u00a0Az egyszer\u0171s\u00e9g kedv\u00e9\u00e9rt ezt a l\u00e1gy\u00edt\u00f3szert k\u00f6zvetlen\u00fcl a kever\u0151v\u00edzbe lehet keverni, vagy fokozatosan lehet hozz\u00e1adni a kever\u00e9khez. Adagol\u00e1sa m\u00e9g a tapasztalatlan felhaszn\u00e1l\u00f3k sz\u00e1m\u00e1ra is k\u00f6nnyen szab\u00e1lyozhat\u00f3, \u00e9s nem ig\u00e9nyel speci\u00e1lis felszerel\u00e9st a felhord\u00e1shoz. Foly\u00e9kony formul\u00e1ja lehet\u0151v\u00e9 teszi a betonba vagy habarcsba val\u00f3 egyenletes \u00e9s azonnali be\u00e9p\u00fcl\u00e9st.<\/p>\n<p><img decoding=\"async\" style=\"margin-right: 12px;\" src=\"https:\/\/www.ferberpainting.com\/wp-content\/uploads\/2026\/02\/Check.svg\" alt=\"\" width=\"18\" height=\"15\" \/><strong>Tart\u00f3ss\u00e1g \u00e9s jobb mechanikai teljes\u00edtm\u00e9ny.<\/strong>\u00a0A v\u00edz\/cement ar\u00e1ny cs\u00f6kkent\u00e9s\u00e9vel ez a l\u00e1gy\u00edt\u00f3szer hozz\u00e1j\u00e1rul a beton \u00e9s a habarcs mechanikai szil\u00e1rds\u00e1g\u00e1nak n\u00f6vel\u00e9s\u00e9hez, mik\u00f6zben minimaliz\u00e1lja a repedez\u00e9s \u00e9s a zsugorod\u00e1s kock\u00e1zat\u00e1t. Jav\u00edtja az anyag s\u0171r\u0171s\u00e9g\u00e9t, biztos\u00edtva a jobb v\u00edzz\u00e1r\u00f3s\u00e1got \u00e9s a szerkezetek megn\u00f6vekedett \u00e9lettartam\u00e1t.<\/p>\n<p><img decoding=\"async\" style=\"margin-right: 12px;\" src=\"https:\/\/www.ferberpainting.com\/wp-content\/uploads\/2026\/02\/Check.svg\" alt=\"\" width=\"18\" height=\"15\" \/><strong>Optimaliz\u00e1lt szil\u00e1rdul\u00e1si \u00e9s sz\u00e1rad\u00e1si id\u0151.<\/strong>\u00a0A kever\u00e9k fluidiz\u00e1l\u00e1sa r\u00e9v\u00e9n ez a term\u00e9k gyorsabb betonoz\u00e1st \u00e9s jobb t\u00f6m\u00f6r\u00edt\u00e9st tesz lehet\u0151v\u00e9, cs\u00f6kkentve a helysz\u00edni kivitelez\u00e9si id\u0151t. El\u0151seg\u00edti tov\u00e1bb\u00e1 a homog\u00e9nebb \u00e9s szab\u00e1lyosabb sz\u00e1rad\u00e1si folyamatot, biztos\u00edtva az optim\u00e1lis sz\u00e1rad\u00e1st, mik\u00f6zben meg\u0151rzi a beton v\u00e9gs\u0151 szil\u00e1rds\u00e1g\u00e1t.<\/p>\n<h2><strong>Haszn\u00e1lati protokoll<\/strong><\/h2>\n<ul>\n<li><strong>Aj\u00e1nlott adagol\u00e1s.<\/strong>\u00a0A k\u00edv\u00e1nt foly\u00e9konys\u00e1gi szintt\u0151l f\u00fcgg\u0151en 100 kg cementre 0,3-1 liter l\u00e1gy\u00edt\u00f3szert kell haszn\u00e1lni. Az alacsonyabb adagol\u00e1s kiss\u00e9 jav\u00edtja a bedolgozhat\u00f3s\u00e1got, m\u00edg a magasabb adagol\u00e1s maximaliz\u00e1lja a k\u00e9pl\u00e9keny\u00edt\u0151 hat\u00e1st \u00e9s tov\u00e1bb cs\u00f6kkenti a sz\u00fcks\u00e9ges v\u00edzmennyis\u00e9get.<\/li>\n<li><strong>Be\u00e9p\u00edt\u00e9s a kever\u00e9kbe.<\/strong>\u00a0\u00d6ntse a l\u00e1gy\u00edt\u00f3szert k\u00f6zvetlen\u00fcl a kever\u0151v\u00edzbe, miel\u0151tt hozz\u00e1adn\u00e1 a betonhoz vagy habarcshoz. A kever\u00e9s sor\u00e1n fokozatosan is be lehet keverni az optim\u00e1lis eloszl\u00e1s biztos\u00edt\u00e1sa \u00e9rdek\u00e9ben.<\/li>\n<li><strong>Beton vagy habarcs kever\u00e9se.<\/strong>\u00a0A komponenseket legal\u00e1bb 3-5 percig keverje \u00f6ssze, hogy a l\u00e1gy\u00edt\u00f3 homog\u00e9n eloszl\u00e1s\u00e1t biztos\u00edtsa, \u00e9s t\u00f6k\u00e9letesen foly\u00e9kony \u00e9s homog\u00e9n kever\u00e9ket kapjon.<\/li>\n<li><strong>K\u00f6vetkezetess\u00e9g-ellen\u0151rz\u00e9s.<\/strong> Kever\u00e9s ut\u00e1n vizsg\u00e1lja meg a beton vagy habarcs foly\u00e9konys\u00e1g\u00e1t, \u00e9s sz\u00fcks\u00e9g eset\u00e9n az ide\u00e1lis konzisztencia el\u00e9r\u00e9s\u00e9hez adjon hozz\u00e1 tov\u00e1bbi kis mennyis\u00e9g\u0171 l\u00e1gy\u00edt\u00f3szert.<\/li>\n<li><strong>Alkalmaz\u00e1s \u00e9s elhelyez\u00e9s.<\/strong> Ha a kever\u00e9k k\u00e9szen \u00e1ll, azonnal \u00f6ntse ki vagy vigye fel a betont vagy habarcsot, hogy teljes m\u00e9rt\u00e9kben kihaszn\u00e1lhassa a foly\u00f3s\u00edt\u00f3 hat\u00e1st \u00e9s megk\u00f6nny\u00edtse a betonoz\u00e1s\u00e1t.<\/li>\n<li><strong>Szersz\u00e1mtiszt\u00edt\u00e1s.<\/strong>\u00a0Haszn\u00e1lat ut\u00e1n azonnal \u00f6bl\u00edtse le a szersz\u00e1mokat \u00e9s berendez\u00e9seket, hogy megakad\u00e1lyozza a kever\u00e9k megkem\u00e9nyed\u00e9s\u00e9t \u00e9s meghosszabb\u00edtsa a szersz\u00e1mok \u00e9lettartam\u00e1t.<\/li>\n<\/ul>","protected":false},"excerpt":{"rendered":"<p>Improved Workability and Application.\u00a0This plasticizer and fluidifier is designed to optimize the consistency of concrete and cement, making the mixture more fluid and easier to work with, without adding extra water. It improves concrete placement, particularly for complex formwork, slabs, and foundations, ensuring better filling and a more homogeneous finish. Money-back guarantee.\u00a0Because we have absolute [&hellip;]<\/p>\n","protected":false},"featured_media":25736,"comment_status":"open","ping_status":"closed","template":"","meta":{"_uag_custom_page_level_css":"","site-sidebar-layout":"default","site-content-layout":"","ast-site-content-layout":"default","site-content-style":"default","site-sidebar-style":"default","ast-global-header-display":"","ast-banner-title-visibility":"","ast-main-header-display":"","ast-hfb-above-header-display":"","ast-hfb-below-header-display":"","ast-hfb-mobile-header-display":"","site-post-title":"","ast-breadcrumbs-content":"","ast-featured-img":"","footer-sml-layout":"","ast-disable-related-posts":"","theme-transparent-header-meta":"default","adv-header-id-meta":"","stick-header-meta":"","header-above-stick-meta":"","header-main-stick-meta":"","header-below-stick-meta":"","astra-migrate-meta-layouts":"set","ast-page-background-enabled":"default","ast-page-background-meta":{"desktop":{"background-color":"var(--ast-global-color-4)","background-image":"","background-repeat":"repeat","background-position":"center center","background-size":"auto","background-attachment":"scroll","background-type":"","background-media":"","overlay-type":"","overlay-color":"","overlay-opacity":"","overlay-gradient":""},"tablet":{"background-color":"","background-image":"","background-repeat":"repeat","background-position":"center center","background-size":"auto","background-attachment":"scroll","background-type":"","background-media":"","overlay-type":"","overlay-color":"","overlay-opacity":"","overlay-gradient":""},"mobile":{"background-color":"","background-image":"","background-repeat":"repeat","background-position":"center center","background-size":"auto","background-attachment":"scroll","background-type":"","background-media":"","overlay-type":"","overlay-color":"","overlay-opacity":"","overlay-gradient":""}},"ast-content-background-meta":{"desktop":{"background-color":"var(--ast-global-color-5)","background-image":"","background-repeat":"repeat","background-position":"center center","background-size":"auto","background-attachment":"scroll","background-type":"","background-media":"","overlay-type":"","overlay-color":"","overlay-opacity":"","overlay-gradient":""},"tablet":{"background-color":"var(--ast-global-color-5)","background-image":"","background-repeat":"repeat","background-position":"center center","background-size":"auto","background-attachment":"scroll","background-type":"","background-media":"","overlay-type":"","overlay-color":"","overlay-opacity":"","overlay-gradient":""},"mobile":{"background-color":"var(--ast-global-color-5)","background-image":"","background-repeat":"repeat","background-position":"center center","background-size":"auto","background-attachment":"scroll","background-type":"","background-media":"","overlay-type":"","overlay-color":"","overlay-opacity":"","overlay-gradient":""}}},"product_brand":[],"product_cat":[176],"product_tag":[],"class_list":{"0":"post-23165","1":"product","2":"type-product","3":"status-publish","4":"has-post-thumbnail","6":"product_cat-concrete-treatment","7":"desktop-align-left","8":"tablet-align-left","9":"mobile-align-left","11":"first","12":"instock","13":"sale","14":"shipping-taxable","15":"purchasable","16":"product-type-variable","17":"has-default-attributes"},"spectra_custom_meta":{"_visibility":["visible"],"_shopify_product_id":["9058979643637"],"_s2w_shopify_domain":["ferberpainting.myshopify.com"],"_shopify_variant_id":["46479834382581"],"_sku":[""],"_manage_stock":["no"],"total_sales":["40"],"_tax_status":["taxable"],"_tax_class":[""],"_backorders":["no"],"_sold_individually":["no"],"_virtual":["no"],"_downloadable":["no"],"_download_limit":["-1"],"_download_expiry":["-1"],"_stock":[null],"_stock_status":["instock"],"_wc_average_rating":["4.75"],"_wc_review_count":["8"],"_product_attributes":["a:1:{s:6:\"volume\";a:6:{s:4:\"name\";s:6:\"Volume\";s:5:\"value\";s:20:\"5 liters | 25 liters\";s:8:\"position\";i:1;s:10:\"is_visible\";i:0;s:12:\"is_variation\";i:1;s:11:\"is_taxonomy\";i:0;}}"],"_product_version":["10.5.1"],"_thumbnail_id":["25736"],"_product_image_gallery":["25737"],"wpse_downloadable_file_names":[""],"wpse_downloadable_file_urls":[""],"_edit_last":["1"],"_default_attributes":["a:1:{s:6:\"volume\";s:8:\"5 liters\";}"],"_edit_lock":["1771158767:1"],"merchant-center-availability":["yes"],"merchant-center-category":["2277"],"_price":["29.90","129.90"],"_wp_page_template":["default"],"site-sidebar-layout":["default"],"ast-site-content-layout":["default"],"site-content-style":["default"],"site-sidebar-style":["default"],"theme-transparent-header-meta":["default"],"_wc_rating_count":["a:2:{i:4;i:2;i:5;i:6;}"],"astra-migrate-meta-layouts":["set"],"_uag_css_file_name":["uag-css-23165.css"],"_elementor_page_assets":["a:0:{}"],"_uag_page_assets":["a:9:{s:3:\"css\";s:7133:\".uag-blocks-common-selector{z-index:var(--z-index-desktop) !important}@media(max-width: 976px){.uag-blocks-common-selector{z-index:var(--z-index-tablet) !important}}@media(max-width: 767px){.uag-blocks-common-selector{z-index:var(--z-index-mobile) !important}}.wp-block-uagb-image{display:flex}.wp-block-uagb-image__figure{position:relative;display:flex;flex-direction:column;max-width:100%;height:auto;margin:0}.wp-block-uagb-image__figure img{height:auto;display:flex;max-width:100%;transition:box-shadow .2s ease}.wp-block-uagb-image__figure>a{display:inline-block}.wp-block-uagb-image__figure figcaption{text-align:center;margin-top:.5em;margin-bottom:1em}.wp-block-uagb-image .components-placeholder.block-editor-media-placeholder .components-placeholder__instructions{align-self:center}.wp-block-uagb-image--align-left{text-align:left}.wp-block-uagb-image--align-right{text-align:right}.wp-block-uagb-image--align-center{text-align:center}.wp-block-uagb-image--align-full .wp-block-uagb-image__figure{margin-left:calc(50% - 50vw);margin-right:calc(50% - 50vw);max-width:100vw;width:100vw;height:auto}.wp-block-uagb-image--align-full .wp-block-uagb-image__figure img{height:auto;width:100% !important}.wp-block-uagb-image--align-wide .wp-block-uagb-image__figure img{height:auto;width:100%}.wp-block-uagb-image--layout-overlay__color-wrapper{position:absolute;left:0;top:0;right:0;bottom:0;opacity:.2;background:rgba(0,0,0,.5);transition:opacity .35s ease-in-out}.wp-block-uagb-image--layout-overlay-link{position:absolute;left:0;right:0;bottom:0;top:0}.wp-block-uagb-image--layout-overlay .wp-block-uagb-image__figure:hover .wp-block-uagb-image--layout-overlay__color-wrapper{opacity:1}.wp-block-uagb-image--layout-overlay__inner{position:absolute;left:15px;right:15px;bottom:15px;top:15px;display:flex;align-items:center;justify-content:center;flex-direction:column;border-color:#fff;transition:.35s ease-in-out}.wp-block-uagb-image--layout-overlay__inner.top-left,.wp-block-uagb-image--layout-overlay__inner.top-center,.wp-block-uagb-image--layout-overlay__inner.top-right{justify-content:flex-start}.wp-block-uagb-image--layout-overlay__inner.bottom-left,.wp-block-uagb-image--layout-overlay__inner.bottom-center,.wp-block-uagb-image--layout-overlay__inner.bottom-right{justify-content:flex-end}.wp-block-uagb-image--layout-overlay__inner.top-left,.wp-block-uagb-image--layout-overlay__inner.center-left,.wp-block-uagb-image--layout-overlay__inner.bottom-left{align-items:flex-start}.wp-block-uagb-image--layout-overlay__inner.top-right,.wp-block-uagb-image--layout-overlay__inner.center-right,.wp-block-uagb-image--layout-overlay__inner.bottom-right{align-items:flex-end}.wp-block-uagb-image--layout-overlay__inner .uagb-image-heading{color:#fff;transition:transform .35s,opacity .35s ease-in-out;transform:translate3d(0, 24px, 0);margin:0;line-height:1em}.wp-block-uagb-image--layout-overlay__inner .uagb-image-separator{width:30%;border-top-width:2px;border-top-color:#fff;border-top-style:solid;margin-bottom:10px;opacity:0;transition:transform .4s,opacity .4s ease-in-out;transform:translate3d(0, 30px, 0)}.wp-block-uagb-image--layout-overlay__inner .uagb-image-caption{opacity:0;overflow:visible;color:#fff;transition:transform .45s,opacity .45s ease-in-out;transform:translate3d(0, 35px, 0)}.wp-block-uagb-image--layout-overlay__inner:hover .uagb-image-heading,.wp-block-uagb-image--layout-overlay__inner:hover .uagb-image-separator,.wp-block-uagb-image--layout-overlay__inner:hover .uagb-image-caption{opacity:1;transform:translate3d(0, 0, 0)}.wp-block-uagb-image--effect-zoomin .wp-block-uagb-image__figure img,.wp-block-uagb-image--effect-zoomin .wp-block-uagb-image__figure .wp-block-uagb-image--layout-overlay__color-wrapper{transform:scale(1);transition:transform .35s ease-in-out}.wp-block-uagb-image--effect-zoomin .wp-block-uagb-image__figure:hover img,.wp-block-uagb-image--effect-zoomin .wp-block-uagb-image__figure:hover .wp-block-uagb-image--layout-overlay__color-wrapper{transform:scale(1.05)}.wp-block-uagb-image--effect-slide .wp-block-uagb-image__figure img,.wp-block-uagb-image--effect-slide .wp-block-uagb-image__figure .wp-block-uagb-image--layout-overlay__color-wrapper{width:calc(100% + 40px) !important;max-width:none !important;transform:translate3d(-40px, 0, 0);transition:transform .35s ease-in-out}.wp-block-uagb-image--effect-slide .wp-block-uagb-image__figure:hover img,.wp-block-uagb-image--effect-slide .wp-block-uagb-image__figure:hover .wp-block-uagb-image--layout-overlay__color-wrapper{transform:translate3d(0, 0, 0)}.wp-block-uagb-image--effect-grayscale img{filter:grayscale(0%);transition:.35s ease-in-out}.wp-block-uagb-image--effect-grayscale:hover img{filter:grayscale(100%)}.wp-block-uagb-image--effect-blur img{filter:blur(0);transition:.35s ease-in-out}.wp-block-uagb-image--effect-blur:hover img{filter:blur(3px)}.uagb-block-e6f939b3.wp-block-uagb-image--layout-default figure img{box-shadow: 0px 0px 0 #00000070;}.uagb-block-e6f939b3.wp-block-uagb-image .wp-block-uagb-image__figure figcaption{font-style: normal;align-self: center;}.uagb-block-e6f939b3.wp-block-uagb-image--layout-overlay figure img{box-shadow: 0px 0px 0 #00000070;}.uagb-block-e6f939b3.wp-block-uagb-image--layout-overlay .wp-block-uagb-image--layout-overlay__color-wrapper{opacity: 0.2;}.uagb-block-e6f939b3.wp-block-uagb-image--layout-overlay .wp-block-uagb-image--layout-overlay__inner{left: 15px;right: 15px;top: 15px;bottom: 15px;}.uagb-block-e6f939b3.wp-block-uagb-image--layout-overlay .wp-block-uagb-image--layout-overlay__inner .uagb-image-heading{font-style: normal;color: #fff;opacity: 1;}.uagb-block-e6f939b3.wp-block-uagb-image--layout-overlay .wp-block-uagb-image--layout-overlay__inner .uagb-image-heading a{color: #fff;}.uagb-block-e6f939b3.wp-block-uagb-image--layout-overlay .wp-block-uagb-image--layout-overlay__inner .uagb-image-caption{opacity: 0;}.uagb-block-e6f939b3.wp-block-uagb-image--layout-overlay .wp-block-uagb-image__figure:hover .wp-block-uagb-image--layout-overlay__color-wrapper{opacity: 1;}.uagb-block-e6f939b3.wp-block-uagb-image .wp-block-uagb-image--layout-overlay__inner .uagb-image-separator{width: 30%;border-top-width: 2px;border-top-color: #fff;opacity: 0;}.uagb-block-e6f939b3.wp-block-uagb-image .wp-block-uagb-image__figure img{width: px;height: auto;}.uagb-block-e6f939b3.wp-block-uagb-image .wp-block-uagb-image__figure:hover .wp-block-uagb-image--layout-overlay__inner .uagb-image-caption{opacity: 1;}.uagb-block-e6f939b3.wp-block-uagb-image .wp-block-uagb-image__figure:hover .wp-block-uagb-image--layout-overlay__inner .uagb-image-separator{opacity: 1;}.uagb-block-e6f939b3.wp-block-uagb-image--layout-default figure:hover img{box-shadow: 0px 0px 0 #00000070;}.uagb-block-e6f939b3.wp-block-uagb-image--layout-overlay figure:hover img{box-shadow: 0px 0px 0 #00000070;}@media only screen and (max-width: 976px) {.uagb-block-e6f939b3.wp-block-uagb-image .wp-block-uagb-image__figure img{width: px;height: auto;}}@media only screen and (max-width: 767px) {.uagb-block-e6f939b3.wp-block-uagb-image .wp-block-uagb-image__figure img{width: px;height: auto;}}\";s:2:\"js\";s:0:\"\";s:18:\"current_block_list\";a:13:{i:0;s:11:\"core\/search\";i:1;s:10:\"core\/group\";i:2;s:12:\"core\/heading\";i:3;s:17:\"core\/latest-posts\";i:4;s:20:\"core\/latest-comments\";i:5;s:13:\"core\/archives\";i:6;s:15:\"core\/categories\";i:7;s:14:\"core\/paragraph\";i:8;s:10:\"uagb\/image\";i:9;s:11:\"core\/spacer\";i:10;s:30:\"woocommerce\/product-categories\";i:11;s:10:\"core\/image\";i:12;s:14:\"core\/shortcode\";}s:8:\"uag_flag\";b:1;s:11:\"uag_version\";s:10:\"1777111423\";s:6:\"gfonts\";a:0:{}s:10:\"gfonts_url\";s:0:\"\";s:12:\"gfonts_files\";a:0:{}s:14:\"uag_faq_layout\";b:0;}"]},"uagb_featured_image_src":{"full":["https:\/\/www.ferberpainting.com\/wp-content\/uploads\/2025\/05\/ConcreteandCementPlasticizer5L.png",2560,2560,false],"thumbnail":["https:\/\/www.ferberpainting.com\/wp-content\/uploads\/2025\/05\/ConcreteandCementPlasticizer5L-150x150.png",150,150,true],"medium":["https:\/\/www.ferberpainting.com\/wp-content\/uploads\/2025\/05\/ConcreteandCementPlasticizer5L-300x300.png",300,300,true],"medium_large":["https:\/\/www.ferberpainting.com\/wp-content\/uploads\/2025\/05\/ConcreteandCementPlasticizer5L-768x768.png",768,768,true],"large":["https:\/\/www.ferberpainting.com\/wp-content\/uploads\/2025\/05\/ConcreteandCementPlasticizer5L-1024x1024.png",1024,1024,true],"1536x1536":["https:\/\/www.ferberpainting.com\/wp-content\/uploads\/2025\/05\/ConcreteandCementPlasticizer5L-1536x1536.png",1536,1536,true],"2048x2048":["https:\/\/www.ferberpainting.com\/wp-content\/uploads\/2025\/05\/ConcreteandCementPlasticizer5L-2048x2048.png",2048,2048,true],"trp-custom-language-flag":["https:\/\/www.ferberpainting.com\/wp-content\/uploads\/2025\/05\/ConcreteandCementPlasticizer5L-12x12.png",12,12,true],"woocommerce_thumbnail":["https:\/\/www.ferberpainting.com\/wp-content\/uploads\/2025\/05\/ConcreteandCementPlasticizer5L-300x300.png",300,300,true],"woocommerce_single":["https:\/\/www.ferberpainting.com\/wp-content\/uploads\/2025\/05\/ConcreteandCementPlasticizer5L-600x600.png",600,600,true],"woocommerce_gallery_thumbnail":["https:\/\/www.ferberpainting.com\/wp-content\/uploads\/2025\/05\/ConcreteandCementPlasticizer5L-100x100.png",100,100,true]},"uagb_author_info":{"display_name":"admin","author_link":"https:\/\/www.ferberpainting.com\/hu\/author\/"},"uagb_comment_info":8,"uagb_excerpt":"Improved Workability and Application.\u00a0This plasticizer and fluidifier is designed to optimize the consistency of concrete and cement, making the mixture more fluid and easier to work with, without adding extra water. It improves concrete placement, particularly for complex formwork, slabs, and foundations, ensuring better filling and a more homogeneous finish. Money-back guarantee.\u00a0Because we have absolute&hellip;","_links":{"self":[{"href":"https:\/\/www.ferberpainting.com\/hu\/wp-json\/wp\/v2\/product\/23165","targetHints":{"allow":["GET"]}}],"collection":[{"href":"https:\/\/www.ferberpainting.com\/hu\/wp-json\/wp\/v2\/product"}],"about":[{"href":"https:\/\/www.ferberpainting.com\/hu\/wp-json\/wp\/v2\/types\/product"}],"replies":[{"embeddable":true,"href":"https:\/\/www.ferberpainting.com\/hu\/wp-json\/wp\/v2\/comments?post=23165"}],"version-history":[{"count":4,"href":"https:\/\/www.ferberpainting.com\/hu\/wp-json\/wp\/v2\/product\/23165\/revisions"}],"predecessor-version":[{"id":166079,"href":"https:\/\/www.ferberpainting.com\/hu\/wp-json\/wp\/v2\/product\/23165\/revisions\/166079"}],"wp:featuredmedia":[{"embeddable":true,"href":"https:\/\/www.ferberpainting.com\/hu\/wp-json\/wp\/v2\/media\/25736"}],"wp:attachment":[{"href":"https:\/\/www.ferberpainting.com\/hu\/wp-json\/wp\/v2\/media?parent=23165"}],"wp:term":[{"taxonomy":"product_brand","embeddable":true,"href":"https:\/\/www.ferberpainting.com\/hu\/wp-json\/wp\/v2\/product_brand?post=23165"},{"taxonomy":"product_cat","embeddable":true,"href":"https:\/\/www.ferberpainting.com\/hu\/wp-json\/wp\/v2\/product_cat?post=23165"},{"taxonomy":"product_tag","embeddable":true,"href":"https:\/\/www.ferberpainting.com\/hu\/wp-json\/wp\/v2\/product_tag?post=23165"}],"curies":[{"name":"wp","href":"https:\/\/api.w.org\/{rel}","templated":true}]}}