{"id":23156,"date":"2025-05-26T10:23:03","date_gmt":"2025-05-26T08:23:03","guid":{"rendered":"https:\/\/www.ferberpainting.com\/products\/concrete-and-cement-accelerator\/"},"modified":"2026-02-15T13:33:15","modified_gmt":"2026-02-15T12:33:15","slug":"concrete-and-cement-accelerator","status":"publish","type":"product","link":"https:\/\/www.ferberpainting.com\/hu\/products\/concrete-and-cement-accelerator\/","title":{"rendered":"K\u00f6t\u00e9sgyors\u00edt\u00f3 betonhoz \u00e9s cementhez"},"content":{"rendered":"<p><img decoding=\"async\" style=\"margin-right: 12px;\" src=\"https:\/\/www.ferberpainting.com\/wp-content\/uploads\/2026\/02\/Check.svg\" alt=\"\" width=\"18\" height=\"15\" \/><strong>Cs\u00f6kkentett be\u00e1ll\u00edt\u00e1si id\u0151.<\/strong>\u00a0Ezt a szil\u00e1rdul\u00e1sgyors\u00edt\u00f3t kifejezetten arra tervezt\u00e9k, hogy jelent\u0151sen ler\u00f6vid\u00edtse a beton, a cement \u00e9s a habarcs szil\u00e1rdul\u00e1si idej\u00e9t, lehet\u0151v\u00e9 t\u00e9ve a gyorsabb felhord\u00e1st \u00e9s optimaliz\u00e1lva a munkafolyamatokat az \u00e9p\u00edtkez\u00e9seken. Ide\u00e1lis olyan projektekhez, ahol az id\u0151megtakar\u00edt\u00e1s kulcsfontoss\u00e1g\u00fa, k\u00fcl\u00f6n\u00f6sen hideg id\u0151ben, amikor a term\u00e9szetes k\u00f6t\u00e9s lelassul.<\/p>\n<p><img decoding=\"async\" style=\"margin-right: 12px;\" src=\"https:\/\/www.ferberpainting.com\/wp-content\/uploads\/2026\/02\/Check.svg\" alt=\"\" width=\"18\" height=\"15\" \/><strong>P\u00e9nz-visszafizet\u00e9si garancia.<\/strong>\u00a0B\u00edzunk a be\u00e1ll\u00edt\u00e1sgyors\u00edt\u00f3 hat\u00e9konys\u00e1g\u00e1ban, \u00e9s p\u00e9nzvisszafizet\u00e9si garanci\u00e1t k\u00edn\u00e1lunk. Ha a term\u00e9k nem felel meg az elv\u00e1r\u00e1sainak, felt\u00e9telek n\u00e9lk\u00fcl k\u00e9rheti a p\u00e9nzvisszat\u00e9r\u00edt\u00e9st, \u00edgy biztos\u00edtva a teljesen biztons\u00e1gos \u00e9s kock\u00e1zatmentes v\u00e1s\u00e1rl\u00e1st.<\/p>\n<p><img decoding=\"async\" style=\"margin-right: 12px;\" src=\"https:\/\/www.ferberpainting.com\/wp-content\/uploads\/2026\/02\/Check.svg\" alt=\"\" width=\"18\" height=\"15\" \/><strong>Sokoldal\u00faan alkalmazhat\u00f3 k\u00fcl\u00f6nb\u00f6z\u0151 anyagokhoz.<\/strong>\u00a0Ez a gyors\u00edt\u00f3 az anyagok sz\u00e9les sk\u00e1l\u00e1j\u00e1val kompatibilis, bele\u00e9rtve a betont, cementet \u00e9s habarcsot. Alkalmas a szok\u00e1sos falaz\u00e1si munk\u00e1khoz, valamint olyan speci\u00e1lisabb alkalmaz\u00e1sokhoz, mint az el\u0151regy\u00e1rt\u00e1s, gyors jav\u00edt\u00e1sok, esztrichek \u00e9s gyors kem\u00e9nyed\u00e9st ig\u00e9nyl\u0151 f\u00f6d\u00e9mek.<\/p>\n<p><img decoding=\"async\" style=\"margin-right: 12px;\" src=\"https:\/\/www.ferberpainting.com\/wp-content\/uploads\/2026\/02\/Check.svg\" alt=\"\" width=\"18\" height=\"15\" \/><strong>Optim\u00e1lis k\u00f6lts\u00e9ghat\u00e9kony teljes\u00edtm\u00e9ny.<\/strong>\u00a0Magas koncentr\u00e1ci\u00f3j\u00e1nak k\u00f6sz\u00f6nhet\u0151en csak kis mennyis\u00e9g\u0171 gyors\u00edt\u00f3ra van sz\u00fcks\u00e9g a jelent\u0151s hat\u00e1s el\u00e9r\u00e9s\u00e9hez. \u00c1tlagosan 0,5-2 liter term\u00e9k elegend\u0151 100 kg cement megk\u00f6t\u00e9s\u00e9nek felgyors\u00edt\u00e1s\u00e1hoz, ami kiv\u00e1l\u00f3 \u00e1r-\u00e9rt\u00e9k ar\u00e1nyt biztos\u00edt. \u00c1ll\u00edthat\u00f3 adagol\u00e1sa lehet\u0151v\u00e9 teszi az optim\u00e1lis felhaszn\u00e1l\u00e1st az \u00e9ghajlati viszonyokt\u00f3l \u00e9s a helysz\u00edni k\u00f6vetelm\u00e9nyekt\u0151l f\u00fcgg\u0151en.<\/p>\n<p><img decoding=\"async\" style=\"margin-right: 12px;\" src=\"https:\/\/www.ferberpainting.com\/wp-content\/uploads\/2026\/02\/Check.svg\" alt=\"\" width=\"18\" height=\"15\" \/><strong>Biztons\u00e1goss\u00e1g \u00e9s nem toxicit\u00e1s.<\/strong>\u00a0A biztons\u00e1gos haszn\u00e1latra kifejlesztett gyors\u00edt\u00f3 nem tartalmaz m\u00e9rgez\u0151 anyagokat, \u00e9s nem jelent kock\u00e1zatot a munkav\u00e1llal\u00f3k vagy a k\u00f6rnyezet eg\u00e9szs\u00e9g\u00e9re. Nem bocs\u00e1t ki k\u00e1ros g\u0151z\u00f6ket, \u00e9s b\u00e1tran haszn\u00e1lhat\u00f3 belt\u00e9ren \u00e9s k\u00fclt\u00e9ren egyar\u00e1nt.<\/p>\n<p><img decoding=\"async\" style=\"margin-right: 12px;\" src=\"https:\/\/www.ferberpainting.com\/wp-content\/uploads\/2026\/02\/Check.svg\" alt=\"\" width=\"18\" height=\"15\" \/><strong>K\u00f6nny\u0171 haszn\u00e1lat.<\/strong>\u00a0Ez a term\u00e9k rendk\u00edv\u00fcl k\u00f6nnyen haszn\u00e1lhat\u00f3, \u00e9s nem ig\u00e9nyel speci\u00e1lis felszerel\u00e9st. K\u00f6zvetlen\u00fcl a kever\u0151v\u00edzhez adhat\u00f3, vagy az el\u0151k\u00e9sz\u00edt\u00e9s sor\u00e1n betonhoz vagy habarcshoz keverhet\u0151. Pontos adagol\u00e1sa gyors \u00e9s hat\u00e9kony alkalmaz\u00e1st biztos\u00edt m\u00e9g a tapasztalatlan felhaszn\u00e1l\u00f3k sz\u00e1m\u00e1ra is.<\/p>\n<p><img decoding=\"async\" style=\"margin-right: 12px;\" src=\"https:\/\/www.ferberpainting.com\/wp-content\/uploads\/2026\/02\/Check.svg\" alt=\"\" width=\"18\" height=\"15\" \/><strong>Jav\u00edtott tart\u00f3ss\u00e1g.<\/strong>\u00a0A term\u00e9k a szil\u00e1rdul\u00e1si id\u0151 felgyors\u00edt\u00e1s\u00e1val el\u0151seg\u00edti az egyenletesebb megszil\u00e1rdul\u00e1st \u00e9s n\u00f6veli a beton mechanikai szil\u00e1rds\u00e1g\u00e1t. Cs\u00f6kkenti a fagy\u00e1si-olvad\u00e1si ciklusokkal j\u00e1r\u00f3 reped\u00e9sek kock\u00e1zat\u00e1t, \u00e9s optimaliz\u00e1lja a v\u00e9gleges szerkezetet, biztos\u00edtva az elk\u00e9sz\u00fclt munk\u00e1k nagyobb \u00e9lettartam\u00e1t.<\/p>\n<p><img decoding=\"async\" style=\"margin-right: 12px;\" src=\"https:\/\/www.ferberpainting.com\/wp-content\/uploads\/2026\/02\/Check.svg\" alt=\"\" width=\"18\" height=\"15\" \/><strong>Rendk\u00edv\u00fcli id\u0151megtakar\u00edt\u00e1s.<\/strong>\u00a0Ez a gyors\u00edt\u00f3 k\u00fcl\u00f6n\u00f6sen alkalmas a beton vagy cement gyors sz\u00e1rad\u00e1s\u00e1t ig\u00e9nyl\u0151 helyzetekben, jelent\u0151sen cs\u00f6kkentve az \u00e9p\u00edt\u00e9si szakaszok k\u00f6z\u00f6tti v\u00e1rakoz\u00e1si id\u0151t. Lehet\u0151v\u00e9 teszi a zsaluz\u00e1s gyorsabb elt\u00e1vol\u00edt\u00e1s\u00e1t, a f\u00f6d\u00e9mek kor\u00e1bbi bet\u00f6lt\u00e9s\u00e9t, \u00e9s garant\u00e1lja a hat\u00e9konys\u00e1g n\u00f6vel\u00e9s\u00e9t, k\u00fcl\u00f6n\u00f6sen a s\u00fcrg\u0151s munk\u00e1k eset\u00e9ben.<\/p>\n<h2><strong>Haszn\u00e1lati protokoll<\/strong><\/h2>\n<ul>\n<li><strong>Aj\u00e1nlott adagol\u00e1s :<\/strong> Haszn\u00e1ljon 0,5 \u00e9s 2 liter gyors\u00edt\u00f3t 100 kg cementre, a k\u00edv\u00e1nt gyors\u00edt\u00e1si szint \u00e9s a k\u00fcls\u0151 k\u00f6r\u00fclm\u00e9nyek f\u00fcggv\u00e9ny\u00e9ben. Hideg id\u0151j\u00e1r\u00e1s eset\u00e9n vagy ha a gyors kem\u00e9nyed\u00e9s elengedhetetlen, nagyobb adag aj\u00e1nlott.<\/li>\n<li><strong>Kever\u00e9s Integr\u00e1ci\u00f3 :<\/strong> Adja a gyors\u00edt\u00f3t k\u00f6zvetlen\u00fcl a kever\u0151v\u00edzhez, miel\u0151tt a betonba vagy a habarcsba \u00f6nten\u00e9. A term\u00e9k jobb homogeniz\u00e1l\u00f3d\u00e1sa \u00e9rdek\u00e9ben a kever\u00e9s sor\u00e1n fokozatosan is be lehet keverni.<\/li>\n<li><strong>Hat\u00e9kony kever\u00e9s :<\/strong> Keverje \u00f6ssze az \u00f6sszes komponenst legal\u00e1bb 3-5 percig az egyenletes eloszl\u00e1s biztos\u00edt\u00e1sa \u00e9s a term\u00e9k helyi t\u00falkoncentr\u00e1l\u00f3d\u00e1s\u00e1nak megel\u0151z\u00e9se \u00e9rdek\u00e9ben.<\/li>\n<li><strong>Kem\u00e9nyed\u00e9sszab\u00e1lyoz\u00e1s :<\/strong> Ellen\u0151rizze a beton szil\u00e1rdul\u00e1s\u00e1t a betonoz\u00e1s ut\u00e1n, figyelembe v\u00e9ve a k\u00f6rnyezeti k\u00f6r\u00fclm\u00e9nyeket (h\u0151m\u00e9rs\u00e9klet, p\u00e1ratartalom), mivel a gyors\u00edt\u00f3 hat\u00e1s a k\u00f6r\u00fclm\u00e9nyek f\u00fcggv\u00e9ny\u00e9ben v\u00e1ltozhat.<\/li>\n<li><strong>Alkalmaz\u00e1s \u00e9s befejez\u00e9s :<\/strong> Ha a kever\u00e9k elk\u00e9sz\u00fclt, azonnal folytassa a felhord\u00e1st. A gyors\u00edtott szil\u00e1rdul\u00e1s gyors v\u00e9grehajt\u00e1st ig\u00e9nyel, hogy elker\u00fclhet\u0151 legyen a kever\u0151ben vagy a betont\u00e9telben t\u00f6rt\u00e9n\u0151 id\u0151 el\u0151tti megkem\u00e9nyed\u00e9s.<\/li>\n<li><strong>Szersz\u00e1mtiszt\u00edt\u00e1s :<\/strong> Haszn\u00e1lat ut\u00e1n alaposan \u00f6bl\u00edtse ki a szersz\u00e1mokat \u00e9s a tart\u00e1lyokat, hogy megel\u0151zze a megkem\u00e9nyedett betonmaradv\u00e1nyokat \u00e9s meg\u0151rizze azok \u00e9lettartam\u00e1t.<\/li>\n<\/ul>","protected":false},"excerpt":{"rendered":"<p>Reduced Setting Time.\u00a0This setting accelerator is specially designed to significantly shorten the curing time of concrete, cement, and mortar, enabling faster application and optimizing workflow on construction sites. It is ideal for projects where time savings are crucial, especially in cold weather when natural setting slows down. Money-back Guarantee.\u00a0We are confident in the effectiveness of [&hellip;]<\/p>\n","protected":false},"featured_media":25731,"comment_status":"open","ping_status":"closed","template":"","meta":{"_uag_custom_page_level_css":"","site-sidebar-layout":"default","site-content-layout":"","ast-site-content-layout":"default","site-content-style":"default","site-sidebar-style":"default","ast-global-header-display":"","ast-banner-title-visibility":"","ast-main-header-display":"","ast-hfb-above-header-display":"","ast-hfb-below-header-display":"","ast-hfb-mobile-header-display":"","site-post-title":"","ast-breadcrumbs-content":"","ast-featured-img":"","footer-sml-layout":"","ast-disable-related-posts":"","theme-transparent-header-meta":"default","adv-header-id-meta":"","stick-header-meta":"","header-above-stick-meta":"","header-main-stick-meta":"","header-below-stick-meta":"","astra-migrate-meta-layouts":"set","ast-page-background-enabled":"default","ast-page-background-meta":{"desktop":{"background-color":"var(--ast-global-color-4)","background-image":"","background-repeat":"repeat","background-position":"center center","background-size":"auto","background-attachment":"scroll","background-type":"","background-media":"","overlay-type":"","overlay-color":"","overlay-opacity":"","overlay-gradient":""},"tablet":{"background-color":"","background-image":"","background-repeat":"repeat","background-position":"center center","background-size":"auto","background-attachment":"scroll","background-type":"","background-media":"","overlay-type":"","overlay-color":"","overlay-opacity":"","overlay-gradient":""},"mobile":{"background-color":"","background-image":"","background-repeat":"repeat","background-position":"center center","background-size":"auto","background-attachment":"scroll","background-type":"","background-media":"","overlay-type":"","overlay-color":"","overlay-opacity":"","overlay-gradient":""}},"ast-content-background-meta":{"desktop":{"background-color":"var(--ast-global-color-5)","background-image":"","background-repeat":"repeat","background-position":"center center","background-size":"auto","background-attachment":"scroll","background-type":"","background-media":"","overlay-type":"","overlay-color":"","overlay-opacity":"","overlay-gradient":""},"tablet":{"background-color":"var(--ast-global-color-5)","background-image":"","background-repeat":"repeat","background-position":"center center","background-size":"auto","background-attachment":"scroll","background-type":"","background-media":"","overlay-type":"","overlay-color":"","overlay-opacity":"","overlay-gradient":""},"mobile":{"background-color":"var(--ast-global-color-5)","background-image":"","background-repeat":"repeat","background-position":"center center","background-size":"auto","background-attachment":"scroll","background-type":"","background-media":"","overlay-type":"","overlay-color":"","overlay-opacity":"","overlay-gradient":""}}},"product_brand":[],"product_cat":[176],"product_tag":[],"class_list":{"0":"post-23156","1":"product","2":"type-product","3":"status-publish","4":"has-post-thumbnail","6":"product_cat-concrete-treatment","7":"desktop-align-left","8":"tablet-align-left","9":"mobile-align-left","11":"first","12":"instock","13":"sale","14":"shipping-taxable","15":"purchasable","16":"product-type-variable","17":"has-default-attributes"},"spectra_custom_meta":{"_visibility":["visible"],"_shopify_product_id":["9058933833973"],"_s2w_shopify_domain":["ferberpainting.myshopify.com"],"_shopify_variant_id":["46479732900085"],"_sku":[""],"_manage_stock":["no"],"total_sales":["33"],"_tax_status":["taxable"],"_tax_class":[""],"_backorders":["no"],"_sold_individually":["no"],"_virtual":["no"],"_downloadable":["no"],"_download_limit":["-1"],"_download_expiry":["-1"],"_stock":[null],"_stock_status":["instock"],"_wc_average_rating":["4.86"],"_wc_review_count":["7"],"_product_attributes":["a:1:{s:6:\"volume\";a:6:{s:4:\"name\";s:6:\"Volume\";s:5:\"value\";s:20:\"5 liters | 25 liters\";s:8:\"position\";i:1;s:10:\"is_visible\";i:0;s:12:\"is_variation\";i:1;s:11:\"is_taxonomy\";i:0;}}"],"_product_version":["10.5.1"],"_thumbnail_id":["25731"],"_product_image_gallery":["25732"],"wpse_downloadable_file_names":[""],"wpse_downloadable_file_urls":[""],"_edit_last":["1"],"_default_attributes":["a:1:{s:6:\"volume\";s:8:\"5 liters\";}"],"_edit_lock":["1771158656:1"],"_price":["29.90","129.90"],"merchant-center-availability":["yes"],"merchant-center-category":["2277"],"_wp_page_template":["default"],"site-sidebar-layout":["default"],"ast-site-content-layout":["default"],"site-content-style":["default"],"site-sidebar-style":["default"],"theme-transparent-header-meta":["default"],"_wc_rating_count":["a:2:{i:4;i:1;i:5;i:6;}"],"astra-migrate-meta-layouts":["set"],"_uag_css_file_name":["uag-css-23156.css"],"_elementor_page_assets":["a:0:{}"]},"uagb_featured_image_src":{"full":["https:\/\/www.ferberpainting.com\/wp-content\/uploads\/2025\/05\/ConcreteandCementAccelerator5L.png",2560,2560,false],"thumbnail":["https:\/\/www.ferberpainting.com\/wp-content\/uploads\/2025\/05\/ConcreteandCementAccelerator5L-150x150.png",150,150,true],"medium":["https:\/\/www.ferberpainting.com\/wp-content\/uploads\/2025\/05\/ConcreteandCementAccelerator5L-300x300.png",300,300,true],"medium_large":["https:\/\/www.ferberpainting.com\/wp-content\/uploads\/2025\/05\/ConcreteandCementAccelerator5L-768x768.png",768,768,true],"large":["https:\/\/www.ferberpainting.com\/wp-content\/uploads\/2025\/05\/ConcreteandCementAccelerator5L-1024x1024.png",1024,1024,true],"1536x1536":["https:\/\/www.ferberpainting.com\/wp-content\/uploads\/2025\/05\/ConcreteandCementAccelerator5L-1536x1536.png",1536,1536,true],"2048x2048":["https:\/\/www.ferberpainting.com\/wp-content\/uploads\/2025\/05\/ConcreteandCementAccelerator5L-2048x2048.png",2048,2048,true],"trp-custom-language-flag":["https:\/\/www.ferberpainting.com\/wp-content\/uploads\/2025\/05\/ConcreteandCementAccelerator5L-12x12.png",12,12,true],"woocommerce_thumbnail":["https:\/\/www.ferberpainting.com\/wp-content\/uploads\/2025\/05\/ConcreteandCementAccelerator5L-300x300.png",300,300,true],"woocommerce_single":["https:\/\/www.ferberpainting.com\/wp-content\/uploads\/2025\/05\/ConcreteandCementAccelerator5L-600x600.png",600,600,true],"woocommerce_gallery_thumbnail":["https:\/\/www.ferberpainting.com\/wp-content\/uploads\/2025\/05\/ConcreteandCementAccelerator5L-100x100.png",100,100,true]},"uagb_author_info":{"display_name":"admin","author_link":"https:\/\/www.ferberpainting.com\/hu\/author\/"},"uagb_comment_info":7,"uagb_excerpt":"Reduced Setting Time.\u00a0This setting accelerator is specially designed to significantly shorten the curing time of concrete, cement, and mortar, enabling faster application and optimizing workflow on construction sites. It is ideal for projects where time savings are crucial, especially in cold weather when natural setting slows down. Money-back Guarantee.\u00a0We are confident in the effectiveness of&hellip;","_links":{"self":[{"href":"https:\/\/www.ferberpainting.com\/hu\/wp-json\/wp\/v2\/product\/23156","targetHints":{"allow":["GET"]}}],"collection":[{"href":"https:\/\/www.ferberpainting.com\/hu\/wp-json\/wp\/v2\/product"}],"about":[{"href":"https:\/\/www.ferberpainting.com\/hu\/wp-json\/wp\/v2\/types\/product"}],"replies":[{"embeddable":true,"href":"https:\/\/www.ferberpainting.com\/hu\/wp-json\/wp\/v2\/comments?post=23156"}],"version-history":[{"count":5,"href":"https:\/\/www.ferberpainting.com\/hu\/wp-json\/wp\/v2\/product\/23156\/revisions"}],"predecessor-version":[{"id":166075,"href":"https:\/\/www.ferberpainting.com\/hu\/wp-json\/wp\/v2\/product\/23156\/revisions\/166075"}],"wp:featuredmedia":[{"embeddable":true,"href":"https:\/\/www.ferberpainting.com\/hu\/wp-json\/wp\/v2\/media\/25731"}],"wp:attachment":[{"href":"https:\/\/www.ferberpainting.com\/hu\/wp-json\/wp\/v2\/media?parent=23156"}],"wp:term":[{"taxonomy":"product_brand","embeddable":true,"href":"https:\/\/www.ferberpainting.com\/hu\/wp-json\/wp\/v2\/product_brand?post=23156"},{"taxonomy":"product_cat","embeddable":true,"href":"https:\/\/www.ferberpainting.com\/hu\/wp-json\/wp\/v2\/product_cat?post=23156"},{"taxonomy":"product_tag","embeddable":true,"href":"https:\/\/www.ferberpainting.com\/hu\/wp-json\/wp\/v2\/product_tag?post=23156"}],"curies":[{"name":"wp","href":"https:\/\/api.w.org\/{rel}","templated":true}]}}