{"id":23155,"date":"2025-05-26T10:23:02","date_gmt":"2025-05-26T08:23:02","guid":{"rendered":"https:\/\/www.ferberpainting.com\/products\/complete-organic-nitrogen-fertilizer\/"},"modified":"2026-02-15T16:43:51","modified_gmt":"2026-02-15T15:43:51","slug":"complete-organic-nitrogen-fertilizer","status":"publish","type":"product","link":"https:\/\/www.ferberpainting.com\/hu\/products\/complete-organic-nitrogen-fertilizer\/","title":{"rendered":"Teljes szerves nitrog\u00e9n m\u0171tr\u00e1gya 25 kg"},"content":{"rendered":"<p><img decoding=\"async\" style=\"margin-right: 12px;\" src=\"https:\/\/www.ferberpainting.com\/wp-content\/uploads\/2026\/02\/Check.svg\" alt=\"\" width=\"18\" height=\"15\" \/><strong>Term\u00e9szetes m\u0171tr\u00e1gya az er\u0151teljes n\u00f6veked\u00e9s\u00e9rt \u00e9s a kiegyens\u00falyozott tr\u00e1gy\u00e1z\u00e1s\u00e9rt.<\/strong>\u00a0A szerves nitrog\u00e9nm\u0171tr\u00e1gya ide\u00e1lis m\u0171tr\u00e1gya a n\u00f6v\u00e9nyek n\u00f6veked\u00e9s\u00e9nek serkent\u00e9s\u00e9re, mik\u00f6zben tiszteletben tartja a term\u00e9szetet. Az NPK 10-10-10-10 formula kiegyens\u00falyozott nitrog\u00e9n (N) ell\u00e1totts\u00e1got biztos\u00edt a levelek \u00e9s sz\u00e1rak fejl\u0151d\u00e9s\u00e9nek el\u0151seg\u00edt\u00e9se \u00e9rdek\u00e9ben, foszfort (P) a gy\u00f6keresed\u00e9s er\u0151s\u00edt\u00e9se \u00e9rdek\u00e9ben, valamint k\u00e1liumot (K) a betegs\u00e9gekkel szembeni ellen\u00e1ll\u00f3 k\u00e9pess\u00e9g \u00e9s a neh\u00e9z \u00e9ghajlati viszonyokkal szembeni tolerancia fokoz\u00e1sa \u00e9rdek\u00e9ben. Ezzel a m\u0171tr\u00e1gy\u00e1val n\u00f6v\u00e9nyei teljes t\u00e1panyagell\u00e1t\u00e1sban r\u00e9szes\u00fclnek, biztos\u00edtva a harmonikus n\u00f6veked\u00e9st \u00e9s a jobb termel\u00e9kenys\u00e9get.<\/p>\n<p><strong><img decoding=\"async\" style=\"margin-right: 12px;\" src=\"https:\/\/www.ferberpainting.com\/wp-content\/uploads\/2026\/02\/Check.svg\" alt=\"\" width=\"18\" height=\"15\" \/>P\u00e9nzvisszafizet\u00e9si garancia.<\/strong>\u00a0B\u00edzunk szerves nitrog\u00e9nm\u0171tr\u00e1gy\u00e1ink hat\u00e9konys\u00e1g\u00e1ban, ez\u00e9rt p\u00e9nzvisszafizet\u00e9si garanci\u00e1t v\u00e1llalunk. Ha az aj\u00e1nl\u00e1sainknak megfelel\u0151 haszn\u00e1latot k\u00f6vet\u0151en nem tapasztal l\u00e1that\u00f3 javul\u00e1st n\u00f6v\u00e9nyei eg\u00e9szs\u00e9g\u00e9ben \u00e9s n\u00f6veked\u00e9s\u00e9ben, akkor teljes eg\u00e9sz\u00e9ben visszafizetj\u00fck a p\u00e9nzt. Kock\u00e1zatmentes tr\u00e1gy\u00e1z\u00e1s egy vir\u00e1gz\u00f3 kert\u00e9rt.<\/p>\n<p><img decoding=\"async\" style=\"margin-right: 12px;\" src=\"https:\/\/www.ferberpainting.com\/wp-content\/uploads\/2026\/02\/Check.svg\" alt=\"\" width=\"18\" height=\"15\" \/><strong>Minden n\u00f6v\u00e9nyt\u00edpushoz \u00e9s talajhoz alkalmas.<\/strong>\u00a0Ez a m\u0171tr\u00e1gya sokoldal\u00faan felhaszn\u00e1lhat\u00f3 \u00e9s minden n\u00f6v\u00e9nykult\u00far\u00e1hoz alkalmas. Alkalmas z\u00f6lds\u00e9geskertek, gy\u00fcm\u00f6lcsf\u00e1k, cserj\u00e9k, vir\u00e1gok, p\u00e1zsit \u00e9s d\u00edszn\u00f6v\u00e9nyek sz\u00e1m\u00e1ra. Minden talajt\u00edpuson hat\u00e9kony, legyen az agyagos, homokos, meszes vagy iszapos, \u00e9s jav\u00edtja a talaj min\u0151s\u00e9g\u00e9t az\u00e1ltal, hogy gazdag\u00edtja annak szerkezet\u00e9t \u00e9s serkenti a mikrobi\u00e1lis \u00e9letet. Szabadf\u00f6ldbe vagy cser\u00e9pbe val\u00f3 \u00fcltet\u00e9shez is ide\u00e1lis, minden termeszt\u00e9si k\u00f6rnyezethez alkalmazkodva.<\/p>\n<p><img decoding=\"async\" style=\"margin-right: 12px;\" src=\"https:\/\/www.ferberpainting.com\/wp-content\/uploads\/2026\/02\/Check.svg\" alt=\"\" width=\"18\" height=\"15\" \/><strong>K\u00f6lts\u00e9ghat\u00e9kony hozam \u00e9s tart\u00f3s tr\u00e1gy\u00e1z\u00e1s.<\/strong>\u00a0Szil\u00e1rd \u00f6sszet\u00e9tel\u00e9nek k\u00f6sz\u00f6nhet\u0151en ez a m\u0171tr\u00e1gya fokozatosan szabad\u00edtja fel a t\u00e1panyagokat, \u00edgy t\u00f6bb h\u00e9ten kereszt\u00fcl folyamatos tr\u00e1gy\u00e1z\u00e1st biztos\u00edt. Egy 25 kg-os zs\u00e1k nagy term\u0151ter\u00fcletet fed le, az optim\u00e1lis kijuttat\u00e1si mennyis\u00e9g 200 g n\u00e9gyzetm\u00e9terenk\u00e9nt vagy f\u00e1nk\u00e9nt, \u00edgy biztos\u00edtva a rendszeres t\u00e1panyagbevitelt felesleg \u00e9s pazarl\u00e1s n\u00e9lk\u00fcl.<\/p>\n<p><img decoding=\"async\" style=\"margin-right: 12px;\" src=\"https:\/\/www.ferberpainting.com\/wp-content\/uploads\/2026\/02\/Check.svg\" alt=\"\" width=\"18\" height=\"15\" \/><strong>Term\u00e9szetes \u00e9s k\u00f6rnyezetbar\u00e1t m\u0171tr\u00e1gya.<\/strong>\u00a0A term\u00e9szetes \u00f6sszetev\u0151kb\u0151l k\u00e9sz\u00fclt m\u0171tr\u00e1gya nem tartalmaz durva vegyi anyagokat, \u00e9s tiszteletben tartja a talaj egyens\u00faly\u00e1t \u00e9s a k\u00f6rnyez\u0151 biol\u00f3giai sokf\u00e9les\u00e9get. El\u0151seg\u00edti a hasznos mikroorganizmusok fejl\u0151d\u00e9s\u00e9t, jav\u00edtja a talaj term\u00e9szetes term\u00e9kenys\u00e9g\u00e9t, mik\u00f6zben minim\u00e1lisra cs\u00f6kkenti a talajv\u00edzszennyez\u00e9s kock\u00e1zat\u00e1t. Ez a m\u0171tr\u00e1gya a h\u00e1zi\u00e1llatok \u00e9s a helyi vadon \u00e9l\u0151 \u00e1llatok sz\u00e1m\u00e1ra is biztons\u00e1gos, \u00edgy a tr\u00e1gy\u00e1z\u00e1s teljes biztons\u00e1gban t\u00f6rt\u00e9nik.<\/p>\n<p><img decoding=\"async\" style=\"margin-right: 12px;\" src=\"https:\/\/www.ferberpainting.com\/wp-content\/uploads\/2026\/02\/Check.svg\" alt=\"\" width=\"18\" height=\"15\" \/><strong>K\u00f6nny\u0171 kijuttat\u00e1s \u00e9s f\u00e1rads\u00e1gmentes tr\u00e1gy\u00e1z\u00e1s.<\/strong>\u00a0A foly\u00e9kony m\u0171tr\u00e1gy\u00e1kkal ellent\u00e9tben, amelyek el\u0151k\u00e9sz\u00edt\u00e9st \u00e9s pontos adagol\u00e1st ig\u00e9nyelnek, ez a m\u0171tr\u00e1gya k\u00f6zvetlen\u00fcl a talajba ker\u00fcl, ami leegyszer\u0171s\u00edti a haszn\u00e1lat\u00e1t. Egyszer\u0171en sz\u00f3rja sz\u00e9t a n\u00f6v\u00e9nyek k\u00f6r\u00fcl, \u00e9s enyh\u00e9n temesse be, hogy aktiv\u00e1lja a felszabadul\u00e1s\u00e1t. Gyors \u00e9s hat\u00e9kony alkalmaz\u00e1si m\u00f3dj\u00e1nak k\u00f6sz\u00f6nhet\u0151en amat\u0151r \u00e9s profi kert\u00e9szek sz\u00e1m\u00e1ra egyar\u00e1nt alkalmas, mivel garant\u00e1lja a t\u00e1panyagok k\u00f6nny\u0171 kijuttat\u00e1s\u00e1t.<\/p>\n<p><img decoding=\"async\" style=\"margin-right: 12px;\" src=\"https:\/\/www.ferberpainting.com\/wp-content\/uploads\/2026\/02\/Check.svg\" alt=\"\" width=\"18\" height=\"15\" \/><strong>Hosszan tart\u00f3 hat\u00e1s a hat\u00e9kony \u00e9s tart\u00f3s megterm\u00e9keny\u00edt\u00e9s \u00e9rdek\u00e9ben.<\/strong>\u00a0Fokozatos felszabadul\u00e1s\u00e1nak k\u00f6sz\u00f6nhet\u0151en ez a m\u0171tr\u00e1gya t\u00f6bb h\u00e9ten kereszt\u00fcl folyamatosan t\u00e1pl\u00e1lja a n\u00f6v\u00e9nyeket, megel\u0151zve a hi\u00e1nyoss\u00e1gokat \u00e9s el\u0151seg\u00edtve a harmonikus n\u00f6veked\u00e9st. Serkenti a n\u00f6v\u00e9nyek n\u00f6veked\u00e9s\u00e9t, er\u0151s\u00edti a betegs\u00e9gekkel szembeni ellen\u00e1ll\u00f3 k\u00e9pess\u00e9get \u00e9s jav\u00edtja a term\u00e9s min\u0151s\u00e9g\u00e9t, \u00edgy eg\u00e9sz \u00e9vben buja kertet vagy term\u0151 z\u00f6lds\u00e9g\u00e1gy\u00e1st biztos\u00edt.<\/p>\n<p><img decoding=\"async\" style=\"margin-right: 12px;\" src=\"https:\/\/www.ferberpainting.com\/wp-content\/uploads\/2026\/02\/Check.svg\" alt=\"\" width=\"18\" height=\"15\" \/><strong>N\u00e9h\u00e1ny h\u00e9ten bel\u00fcl l\u00e1that\u00f3 eredm\u00e9nyek.<\/strong>\u00a0Az els\u0151 alkalmaz\u00e1st\u00f3l kezdve a n\u00f6v\u00e9nyek gyorsabb n\u00f6veked\u00e9st, s\u0171r\u0171bb lombozatot \u00e9s b\u0151s\u00e9gesebb vir\u00e1gokat mutatnak. A z\u00f6lds\u00e9gn\u00f6v\u00e9nyek \u00e9s gy\u00fcm\u00f6lcsf\u00e1k eset\u00e9ben a teljes \u00e9s kiegyens\u00falyozott t\u00e1panyagell\u00e1t\u00e1snak k\u00f6sz\u00f6nhet\u0151en jobb term\u00e9shozamot \u00e9s magasabb term\u00e9smin\u0151s\u00e9get is biztos\u00edt.<\/p>\n<h2><strong>Haszn\u00e1lati protokoll<\/strong><\/h2>\n<p><strong>Aj\u00e1nlott adagol\u00e1s :<\/strong><\/p>\n<ul>\n<li>F\u00e1k \u00e9s cserj\u00e9k eset\u00e9ben : F\u00e1nk\u00e9nt 200 g m\u0171tr\u00e1gy\u00e1t alkalmazzon, a fa m\u00e9ret\u00e9t\u0151l \u00e9s kor\u00e1t\u00f3l f\u00fcgg\u0151en.<\/li>\n<li>Z\u00f6lds\u00e9gn\u00f6v\u00e9nyek \u00e9s vir\u00e1gok eset\u00e9ben : sz\u00f3rjon ki 100-150 g-ot m\u00b2-enk\u00e9nt a n\u00f6v\u00e9nyek k\u00f6r\u00e9, ig\u00e9nyeikt\u0151l f\u00fcgg\u0151en.<\/li>\n<li>Gyepre: A gyep s\u0171r\u0171s\u00e9g\u00e9nek \u00e9s ellen\u00e1ll\u00f3k\u00e9pess\u00e9g\u00e9nek n\u00f6vel\u00e9s\u00e9hez haszn\u00e1ljon 150 g-ot n\u00e9gyzetm\u00e9terenk\u00e9nt.<\/li>\n<\/ul>\n<p><strong>Alkalmaz\u00e1si m\u00f3dszer <\/strong>:<\/p>\n<ul>\n<li><strong>K\u00f6zvetlen terjeszt\u00e9s <\/strong>: A m\u0171tr\u00e1gy\u00e1t egyenletesen ossza el a n\u00f6v\u00e9nyek k\u00f6r\u00fcl, ker\u00fclve a k\u00f6zvetlen \u00e9rintkez\u00e9st a sz\u00e1rakkal \u00e9s levelekkel.<\/li>\n<li><strong>Be\u00e9p\u00edt\u00e9s a talajba <\/strong>: A sz\u00f3r\u00e1s ut\u00e1n enyh\u00e9n gerebly\u00e9zze fel a talaj felsz\u00edn\u00e9t, hogy a granul\u00e1tum k\u00f6nnyebben behatoljon a talajba, \u00e9s felgyors\u00edtsa a gy\u00f6kerek \u00e1ltali felsz\u00edv\u00f3d\u00e1s\u00e1t.<\/li>\n<li><strong>\u00d6nt\u00f6z\u00e9s a kijuttat\u00e1s ut\u00e1n <\/strong>: A tr\u00e1gy\u00e1z\u00e1s ut\u00e1n alaposan \u00f6nt\u00f6zze meg a t\u00e1panyagfelszabadul\u00e1s aktiv\u00e1l\u00e1sa \u00e9s a felsz\u00edv\u00f3d\u00e1s optimaliz\u00e1l\u00e1sa \u00e9rdek\u00e9ben.<\/li>\n<\/ul>\n<p><strong>Alkalmaz\u00e1si gyakoris\u00e1g <\/strong>:<\/p>\n<ul>\n<li><strong>A n\u00f6veked\u00e9si \u00e9s vir\u00e1gz\u00e1si id\u0151szakban (tavasz-ny\u00e1r) <\/strong>: A folyamatos t\u00e1panyagell\u00e1t\u00e1s fenntart\u00e1sa \u00e9rdek\u00e9ben 6-8 hetente alkalmazza a m\u0171tr\u00e1gy\u00e1t.<\/li>\n<li><strong>A vegetat\u00edv pihen\u0151id\u0151szakban (\u0151sz-t\u00e9l) <\/strong>: Cs\u00f6kkentse a kijuttat\u00e1st 3 havonta egyszerre, hogy meg\u0151rizze a n\u00f6v\u00e9ny energi\u00e1j\u00e1t an\u00e9lk\u00fcl, hogy t\u00falzott n\u00f6veked\u00e9st stimul\u00e1lna.<\/li>\n<\/ul>\n<p><strong>Haszn\u00e1lati \u00f3vint\u00e9zked\u00e9sek <\/strong>: Ne l\u00e9pje t\u00fal az aj\u00e1nlott d\u00f3zisokat, hogy elker\u00fclje a t\u00e1panyag-egyens\u00falyhi\u00e1nyt, amely lass\u00edthatja a n\u00f6v\u00e9nyek n\u00f6veked\u00e9s\u00e9t vagy nitrog\u00e9nfelesleget okozhat a talajban. Az optim\u00e1lis t\u00e1panyagfelv\u00e9tel biztos\u00edt\u00e1sa \u00e9rdek\u00e9ben kiss\u00e9 nedves talajra kell kijuttatni.<\/p>\n<p><strong>T\u00e1rol\u00e1s \u00e9s meg\u0151rz\u00e9s <\/strong>: A m\u0171tr\u00e1gy\u00e1t sz\u00e1raz helyen, nedvess\u00e9gt\u0151l \u00e9s sz\u00e9ls\u0151s\u00e9ges h\u0151m\u00e9rs\u00e9klett\u0151l v\u00e9dve t\u00e1rolja. A term\u00e9k hat\u00e9konys\u00e1g\u00e1nak meg\u0151rz\u00e9se \u00e9s a t\u00e1panyagvesztes\u00e9g megel\u0151z\u00e9se \u00e9rdek\u00e9ben minden haszn\u00e1lat ut\u00e1n z\u00e1rja vissza szorosan a zs\u00e1kot.<\/p>\n<p>Ezzel a teljes \u00e9rt\u00e9k\u0171 szerves nitrog\u00e9nm\u0171tr\u00e1gy\u00e1val kiegyens\u00falyozott \u00e9s term\u00e9szetes t\u00e1panyagot biztos\u00edthat kertj\u00e9nek, z\u00f6lds\u00e9g\u00fcltetv\u00e9ny\u00e9nek \u00e9s gy\u00fcm\u00f6lcs\u00f6s\u00e9nek, biztos\u00edtva az er\u0151teljes n\u00f6veked\u00e9st, a b\u0151s\u00e9ges vir\u00e1gz\u00e1st \u00e9s a b\u0151s\u00e9ges term\u00e9st. Ide\u00e1lis megold\u00e1s minden olyan kert\u00e9sz sz\u00e1m\u00e1ra, akit \u00e9rdekel a talajmin\u0151s\u00e9g \u00e9s a k\u00f6rnyezetv\u00e9delem, lehet\u0151v\u00e9 t\u00e9ve a hat\u00e9kony \u00e9s fenntarthat\u00f3 tr\u00e1gy\u00e1z\u00e1st mindenf\u00e9le n\u00f6v\u00e9nykult\u00fara sz\u00e1m\u00e1ra.<\/p>","protected":false},"excerpt":{"rendered":"<p>A natural fertilizer for vigorous growth and balanced fertilization.\u00a0Organic nitrogen fertilizer is an ideal fertilizer to stimulate plant growth while respecting nature. Its NPK 10-10-10 formula provides a balanced supply of nitrogen (N) to promote the development of leaves and stems, phosphorus (P) to strengthen rooting, and potassium (K) to enhance disease resistance and tolerance [&hellip;]<\/p>\n","protected":false},"featured_media":25730,"comment_status":"open","ping_status":"closed","template":"","meta":{"_uag_custom_page_level_css":"","site-sidebar-layout":"default","site-content-layout":"","ast-site-content-layout":"default","site-content-style":"default","site-sidebar-style":"default","ast-global-header-display":"","ast-banner-title-visibility":"","ast-main-header-display":"","ast-hfb-above-header-display":"","ast-hfb-below-header-display":"","ast-hfb-mobile-header-display":"","site-post-title":"","ast-breadcrumbs-content":"","ast-featured-img":"","footer-sml-layout":"","ast-disable-related-posts":"","theme-transparent-header-meta":"default","adv-header-id-meta":"","stick-header-meta":"","header-above-stick-meta":"","header-main-stick-meta":"","header-below-stick-meta":"","astra-migrate-meta-layouts":"set","ast-page-background-enabled":"default","ast-page-background-meta":{"desktop":{"background-color":"var(--ast-global-color-4)","background-image":"","background-repeat":"repeat","background-position":"center center","background-size":"auto","background-attachment":"scroll","background-type":"","background-media":"","overlay-type":"","overlay-color":"","overlay-opacity":"","overlay-gradient":""},"tablet":{"background-color":"","background-image":"","background-repeat":"repeat","background-position":"center center","background-size":"auto","background-attachment":"scroll","background-type":"","background-media":"","overlay-type":"","overlay-color":"","overlay-opacity":"","overlay-gradient":""},"mobile":{"background-color":"","background-image":"","background-repeat":"repeat","background-position":"center center","background-size":"auto","background-attachment":"scroll","background-type":"","background-media":"","overlay-type":"","overlay-color":"","overlay-opacity":"","overlay-gradient":""}},"ast-content-background-meta":{"desktop":{"background-color":"var(--ast-global-color-5)","background-image":"","background-repeat":"repeat","background-position":"center center","background-size":"auto","background-attachment":"scroll","background-type":"","background-media":"","overlay-type":"","overlay-color":"","overlay-opacity":"","overlay-gradient":""},"tablet":{"background-color":"var(--ast-global-color-5)","background-image":"","background-repeat":"repeat","background-position":"center center","background-size":"auto","background-attachment":"scroll","background-type":"","background-media":"","overlay-type":"","overlay-color":"","overlay-opacity":"","overlay-gradient":""},"mobile":{"background-color":"var(--ast-global-color-5)","background-image":"","background-repeat":"repeat","background-position":"center center","background-size":"auto","background-attachment":"scroll","background-type":"","background-media":"","overlay-type":"","overlay-color":"","overlay-opacity":"","overlay-gradient":""}}},"product_brand":[],"product_cat":[178],"product_tag":[],"class_list":{"0":"post-23155","1":"product","2":"type-product","3":"status-publish","4":"has-post-thumbnail","6":"product_cat-fertilizers","7":"desktop-align-left","8":"tablet-align-left","9":"mobile-align-left","11":"first","12":"instock","13":"taxable","14":"shipping-taxable","15":"purchasable","16":"product-type-simple"},"spectra_custom_meta":{"_visibility":["visible"],"_shopify_product_id":["9067991531765"],"_s2w_shopify_domain":["ferberpainting.myshopify.com"],"_shopify_variant_id":["46509738295541"],"_sku":["FPCOMPLETEORGANICNITROGENFERTILIZERR25KG"],"_regular_price":["39.90"],"_price":["39.90"],"_sale_price":[""],"_weight":["18.5"],"_thumbnail_id":["25730"],"_global_unique_id":["5056773817562"],"total_sales":["6"],"_tax_status":["taxable"],"_tax_class":[""],"_manage_stock":["no"],"_backorders":["no"],"_sold_individually":["no"],"_virtual":["no"],"_downloadable":["no"],"_download_limit":["-1"],"_download_expiry":["-1"],"_stock":[null],"_stock_status":["instock"],"_wc_average_rating":["5.00"],"_wc_review_count":["18"],"_product_version":["10.5.1"],"_wc_rating_count":["a:1:{i:5;i:18;}"],"_edit_lock":["1771751021:3822"],"merchant-center-availability":["yes"],"merchant-center-category":["113"],"_edit_last":["1"],"_wp_page_template":["default"],"site-sidebar-layout":["default"],"ast-site-content-layout":["default"],"site-content-style":["default"],"site-sidebar-style":["default"],"theme-transparent-header-meta":["default"],"astra-migrate-meta-layouts":["set"],"_uag_css_file_name":["uag-css-23155.css"],"_elementor_page_assets":["a:0:{}"],"_uag_page_assets":["a:9:{s:3:\"css\";s:6873:\".wp-block-uagb-image{display:flex}.wp-block-uagb-image__figure{position:relative;display:flex;flex-direction:column;max-width:100%;height:auto;margin:0}.wp-block-uagb-image__figure img{height:auto;display:flex;max-width:100%;transition:box-shadow .2s ease}.wp-block-uagb-image__figure>a{display:inline-block}.wp-block-uagb-image__figure figcaption{text-align:center;margin-top:.5em;margin-bottom:1em}.wp-block-uagb-image .components-placeholder.block-editor-media-placeholder .components-placeholder__instructions{align-self:center}.wp-block-uagb-image--align-left{text-align:left}.wp-block-uagb-image--align-right{text-align:right}.wp-block-uagb-image--align-center{text-align:center}.wp-block-uagb-image--align-full .wp-block-uagb-image__figure{margin-left:calc(50% - 50vw);margin-right:calc(50% - 50vw);max-width:100vw;width:100vw;height:auto}.wp-block-uagb-image--align-full .wp-block-uagb-image__figure img{height:auto;width:100% !important}.wp-block-uagb-image--align-wide .wp-block-uagb-image__figure img{height:auto;width:100%}.wp-block-uagb-image--layout-overlay__color-wrapper{position:absolute;left:0;top:0;right:0;bottom:0;opacity:.2;background:rgba(0,0,0,.5);transition:opacity .35s ease-in-out}.wp-block-uagb-image--layout-overlay-link{position:absolute;left:0;right:0;bottom:0;top:0}.wp-block-uagb-image--layout-overlay .wp-block-uagb-image__figure:hover .wp-block-uagb-image--layout-overlay__color-wrapper{opacity:1}.wp-block-uagb-image--layout-overlay__inner{position:absolute;left:15px;right:15px;bottom:15px;top:15px;display:flex;align-items:center;justify-content:center;flex-direction:column;border-color:#fff;transition:.35s ease-in-out}.wp-block-uagb-image--layout-overlay__inner.top-left,.wp-block-uagb-image--layout-overlay__inner.top-center,.wp-block-uagb-image--layout-overlay__inner.top-right{justify-content:flex-start}.wp-block-uagb-image--layout-overlay__inner.bottom-left,.wp-block-uagb-image--layout-overlay__inner.bottom-center,.wp-block-uagb-image--layout-overlay__inner.bottom-right{justify-content:flex-end}.wp-block-uagb-image--layout-overlay__inner.top-left,.wp-block-uagb-image--layout-overlay__inner.center-left,.wp-block-uagb-image--layout-overlay__inner.bottom-left{align-items:flex-start}.wp-block-uagb-image--layout-overlay__inner.top-right,.wp-block-uagb-image--layout-overlay__inner.center-right,.wp-block-uagb-image--layout-overlay__inner.bottom-right{align-items:flex-end}.wp-block-uagb-image--layout-overlay__inner .uagb-image-heading{color:#fff;transition:transform .35s,opacity .35s ease-in-out;transform:translate3d(0, 24px, 0);margin:0;line-height:1em}.wp-block-uagb-image--layout-overlay__inner .uagb-image-separator{width:30%;border-top-width:2px;border-top-color:#fff;border-top-style:solid;margin-bottom:10px;opacity:0;transition:transform .4s,opacity .4s ease-in-out;transform:translate3d(0, 30px, 0)}.wp-block-uagb-image--layout-overlay__inner .uagb-image-caption{opacity:0;overflow:visible;color:#fff;transition:transform .45s,opacity .45s ease-in-out;transform:translate3d(0, 35px, 0)}.wp-block-uagb-image--layout-overlay__inner:hover .uagb-image-heading,.wp-block-uagb-image--layout-overlay__inner:hover .uagb-image-separator,.wp-block-uagb-image--layout-overlay__inner:hover .uagb-image-caption{opacity:1;transform:translate3d(0, 0, 0)}.wp-block-uagb-image--effect-zoomin .wp-block-uagb-image__figure img,.wp-block-uagb-image--effect-zoomin .wp-block-uagb-image__figure .wp-block-uagb-image--layout-overlay__color-wrapper{transform:scale(1);transition:transform .35s ease-in-out}.wp-block-uagb-image--effect-zoomin .wp-block-uagb-image__figure:hover img,.wp-block-uagb-image--effect-zoomin .wp-block-uagb-image__figure:hover .wp-block-uagb-image--layout-overlay__color-wrapper{transform:scale(1.05)}.wp-block-uagb-image--effect-slide .wp-block-uagb-image__figure img,.wp-block-uagb-image--effect-slide .wp-block-uagb-image__figure .wp-block-uagb-image--layout-overlay__color-wrapper{width:calc(100% + 40px) !important;max-width:none !important;transform:translate3d(-40px, 0, 0);transition:transform .35s ease-in-out}.wp-block-uagb-image--effect-slide .wp-block-uagb-image__figure:hover img,.wp-block-uagb-image--effect-slide .wp-block-uagb-image__figure:hover .wp-block-uagb-image--layout-overlay__color-wrapper{transform:translate3d(0, 0, 0)}.wp-block-uagb-image--effect-grayscale img{filter:grayscale(0%);transition:.35s ease-in-out}.wp-block-uagb-image--effect-grayscale:hover img{filter:grayscale(100%)}.wp-block-uagb-image--effect-blur img{filter:blur(0);transition:.35s ease-in-out}.wp-block-uagb-image--effect-blur:hover img{filter:blur(3px)}.uagb-block-e6f939b3.wp-block-uagb-image--layout-default figure img{box-shadow: 0px 0px 0 #00000070;}.uagb-block-e6f939b3.wp-block-uagb-image .wp-block-uagb-image__figure figcaption{font-style: normal;align-self: center;}.uagb-block-e6f939b3.wp-block-uagb-image--layout-overlay figure img{box-shadow: 0px 0px 0 #00000070;}.uagb-block-e6f939b3.wp-block-uagb-image--layout-overlay .wp-block-uagb-image--layout-overlay__color-wrapper{opacity: 0.2;}.uagb-block-e6f939b3.wp-block-uagb-image--layout-overlay .wp-block-uagb-image--layout-overlay__inner{left: 15px;right: 15px;top: 15px;bottom: 15px;}.uagb-block-e6f939b3.wp-block-uagb-image--layout-overlay .wp-block-uagb-image--layout-overlay__inner .uagb-image-heading{font-style: normal;color: #fff;opacity: 1;}.uagb-block-e6f939b3.wp-block-uagb-image--layout-overlay .wp-block-uagb-image--layout-overlay__inner .uagb-image-heading a{color: #fff;}.uagb-block-e6f939b3.wp-block-uagb-image--layout-overlay .wp-block-uagb-image--layout-overlay__inner .uagb-image-caption{opacity: 0;}.uagb-block-e6f939b3.wp-block-uagb-image--layout-overlay .wp-block-uagb-image__figure:hover .wp-block-uagb-image--layout-overlay__color-wrapper{opacity: 1;}.uagb-block-e6f939b3.wp-block-uagb-image .wp-block-uagb-image--layout-overlay__inner .uagb-image-separator{width: 30%;border-top-width: 2px;border-top-color: #fff;opacity: 0;}.uagb-block-e6f939b3.wp-block-uagb-image .wp-block-uagb-image__figure img{width: px;height: auto;}.uagb-block-e6f939b3.wp-block-uagb-image .wp-block-uagb-image__figure:hover .wp-block-uagb-image--layout-overlay__inner .uagb-image-caption{opacity: 1;}.uagb-block-e6f939b3.wp-block-uagb-image .wp-block-uagb-image__figure:hover .wp-block-uagb-image--layout-overlay__inner .uagb-image-separator{opacity: 1;}.uagb-block-e6f939b3.wp-block-uagb-image--layout-default figure:hover img{box-shadow: 0px 0px 0 #00000070;}.uagb-block-e6f939b3.wp-block-uagb-image--layout-overlay figure:hover img{box-shadow: 0px 0px 0 #00000070;}@media only screen and (max-width: 976px) {.uagb-block-e6f939b3.wp-block-uagb-image .wp-block-uagb-image__figure img{width: px;height: auto;}}@media only screen and (max-width: 767px) {.uagb-block-e6f939b3.wp-block-uagb-image .wp-block-uagb-image__figure img{width: px;height: auto;}}\";s:2:\"js\";s:0:\"\";s:18:\"current_block_list\";a:13:{i:0;s:11:\"core\/search\";i:1;s:10:\"core\/group\";i:2;s:12:\"core\/heading\";i:3;s:17:\"core\/latest-posts\";i:4;s:20:\"core\/latest-comments\";i:5;s:13:\"core\/archives\";i:6;s:15:\"core\/categories\";i:7;s:14:\"core\/paragraph\";i:8;s:10:\"uagb\/image\";i:9;s:11:\"core\/spacer\";i:10;s:30:\"woocommerce\/product-categories\";i:11;s:10:\"core\/image\";i:12;s:14:\"core\/shortcode\";}s:8:\"uag_flag\";b:1;s:11:\"uag_version\";s:10:\"1777197748\";s:6:\"gfonts\";a:0:{}s:10:\"gfonts_url\";s:0:\"\";s:12:\"gfonts_files\";a:0:{}s:14:\"uag_faq_layout\";b:0;}"]},"uagb_featured_image_src":{"full":["https:\/\/www.ferberpainting.com\/wp-content\/uploads\/2025\/05\/CompleteOrganicNitrogenFertilizer.png",2560,2560,false],"thumbnail":["https:\/\/www.ferberpainting.com\/wp-content\/uploads\/2025\/05\/CompleteOrganicNitrogenFertilizer-150x150.png",150,150,true],"medium":["https:\/\/www.ferberpainting.com\/wp-content\/uploads\/2025\/05\/CompleteOrganicNitrogenFertilizer-300x300.png",300,300,true],"medium_large":["https:\/\/www.ferberpainting.com\/wp-content\/uploads\/2025\/05\/CompleteOrganicNitrogenFertilizer-768x768.png",768,768,true],"large":["https:\/\/www.ferberpainting.com\/wp-content\/uploads\/2025\/05\/CompleteOrganicNitrogenFertilizer-1024x1024.png",1024,1024,true],"1536x1536":["https:\/\/www.ferberpainting.com\/wp-content\/uploads\/2025\/05\/CompleteOrganicNitrogenFertilizer-1536x1536.png",1536,1536,true],"2048x2048":["https:\/\/www.ferberpainting.com\/wp-content\/uploads\/2025\/05\/CompleteOrganicNitrogenFertilizer-2048x2048.png",2048,2048,true],"trp-custom-language-flag":["https:\/\/www.ferberpainting.com\/wp-content\/uploads\/2025\/05\/CompleteOrganicNitrogenFertilizer-12x12.png",12,12,true],"woocommerce_thumbnail":["https:\/\/www.ferberpainting.com\/wp-content\/uploads\/2025\/05\/CompleteOrganicNitrogenFertilizer-300x300.png",300,300,true],"woocommerce_single":["https:\/\/www.ferberpainting.com\/wp-content\/uploads\/2025\/05\/CompleteOrganicNitrogenFertilizer-600x600.png",600,600,true],"woocommerce_gallery_thumbnail":["https:\/\/www.ferberpainting.com\/wp-content\/uploads\/2025\/05\/CompleteOrganicNitrogenFertilizer-100x100.png",100,100,true]},"uagb_author_info":{"display_name":"admin","author_link":"https:\/\/www.ferberpainting.com\/hu\/author\/"},"uagb_comment_info":18,"uagb_excerpt":"A natural fertilizer for vigorous growth and balanced fertilization.\u00a0Organic nitrogen fertilizer is an ideal fertilizer to stimulate plant growth while respecting nature. Its NPK 10-10-10 formula provides a balanced supply of nitrogen (N) to promote the development of leaves and stems, phosphorus (P) to strengthen rooting, and potassium (K) to enhance disease resistance and tolerance&hellip;","_links":{"self":[{"href":"https:\/\/www.ferberpainting.com\/hu\/wp-json\/wp\/v2\/product\/23155","targetHints":{"allow":["GET"]}}],"collection":[{"href":"https:\/\/www.ferberpainting.com\/hu\/wp-json\/wp\/v2\/product"}],"about":[{"href":"https:\/\/www.ferberpainting.com\/hu\/wp-json\/wp\/v2\/types\/product"}],"replies":[{"embeddable":true,"href":"https:\/\/www.ferberpainting.com\/hu\/wp-json\/wp\/v2\/comments?post=23155"}],"version-history":[{"count":7,"href":"https:\/\/www.ferberpainting.com\/hu\/wp-json\/wp\/v2\/product\/23155\/revisions"}],"predecessor-version":[{"id":166279,"href":"https:\/\/www.ferberpainting.com\/hu\/wp-json\/wp\/v2\/product\/23155\/revisions\/166279"}],"wp:featuredmedia":[{"embeddable":true,"href":"https:\/\/www.ferberpainting.com\/hu\/wp-json\/wp\/v2\/media\/25730"}],"wp:attachment":[{"href":"https:\/\/www.ferberpainting.com\/hu\/wp-json\/wp\/v2\/media?parent=23155"}],"wp:term":[{"taxonomy":"product_brand","embeddable":true,"href":"https:\/\/www.ferberpainting.com\/hu\/wp-json\/wp\/v2\/product_brand?post=23155"},{"taxonomy":"product_cat","embeddable":true,"href":"https:\/\/www.ferberpainting.com\/hu\/wp-json\/wp\/v2\/product_cat?post=23155"},{"taxonomy":"product_tag","embeddable":true,"href":"https:\/\/www.ferberpainting.com\/hu\/wp-json\/wp\/v2\/product_tag?post=23155"}],"curies":[{"name":"wp","href":"https:\/\/api.w.org\/{rel}","templated":true}]}}