{"id":23148,"date":"2025-07-01T17:48:14","date_gmt":"2025-07-01T15:48:14","guid":{"rendered":"https:\/\/www.ferberpainting.com\/?post_type=product&#038;p=23148"},"modified":"2026-02-20T08:44:43","modified_gmt":"2026-02-20T07:44:43","slug":"coffee-machine-descaler-and-cleaner","status":"publish","type":"product","link":"https:\/\/www.ferberpainting.com\/hu\/products\/coffee-machine-descaler-and-cleaner\/","title":{"rendered":"V\u00edzk\u0151old\u00f3 \u00e9s tiszt\u00edt\u00f3szer k\u00e1v\u00e9f\u0151z\u0151h\u00f6z"},"content":{"rendered":"<p><img decoding=\"async\" style=\"margin-right: 12px;\" src=\"https:\/\/www.ferberpainting.com\/wp-content\/uploads\/2026\/02\/Check.svg\" alt=\"\" width=\"18\" height=\"15\" \/><strong>Optim\u00e1lis hat\u00e9konys\u00e1g.<\/strong>\u00a0Ez a k\u00e1v\u00e9f\u0151z\u0151 v\u00edzk\u0151mentes\u00edt\u0151 \u00e9s tiszt\u00edt\u00f3szer hat\u00e9konyan t\u00e1vol\u00edtja el a g\u00e9p belsej\u00e9ben felhalmoz\u00f3dott v\u00edzk\u0151, \u00e1sv\u00e1nyi lerak\u00f3d\u00e1sok \u00e9s k\u00e1v\u00e9marad\u00e9kok. Biztos\u00edtja az optim\u00e1lis teljes\u00edtm\u00e9nyt, mik\u00f6zben meg\u0151rzi az extrakci\u00f3 min\u0151s\u00e9g\u00e9t, elker\u00fclve a bels\u0151 \u00e1ramk\u00f6r\u00f6k felhalmoz\u00f3d\u00e1sa \u00e1ltal okozott elt\u00f6m\u0151d\u00e9seket \u00e9s meghib\u00e1sod\u00e1sokat. Er\u0151teljes tiszt\u00edt\u00f3 hat\u00e1s\u00e1nak k\u00f6sz\u00f6nhet\u0151en meghosszabb\u00edtja k\u00e1v\u00e9f\u0151z\u0151je \u00e9lettartam\u00e1t, \u00e9s t\u00f6k\u00e9letes \u00edzt garant\u00e1l minden cs\u00e9sz\u00e9vel.<\/p>\n<p><strong><img decoding=\"async\" style=\"margin-right: 12px;\" src=\"https:\/\/www.ferberpainting.com\/wp-content\/uploads\/2026\/02\/Check.svg\" alt=\"\" width=\"18\" height=\"15\" \/>P\u00e9nzvisszafizet\u00e9si garancia.<\/strong>\u00a0Teljesen biztosak vagyunk term\u00e9k\u00fcnk hat\u00e9konys\u00e1g\u00e1ban. Ha a haszn\u00e1lat ut\u00e1n nem teljesen el\u00e9gedett, teljes visszat\u00e9r\u00edt\u00e9sre jogosult. Pr\u00f3b\u00e1lja ki ezt a v\u00edzk\u0151old\u00f3t teljes lelki nyugalommal, kock\u00e1zat n\u00e9lk\u00fcl.<\/p>\n<p><img decoding=\"async\" style=\"margin-right: 12px;\" src=\"https:\/\/www.ferberpainting.com\/wp-content\/uploads\/2026\/02\/Check.svg\" alt=\"\" width=\"18\" height=\"15\" \/><strong>Kiv\u00e9teles sokoldal\u00fas\u00e1g.<\/strong>\u00a0Ez a term\u00e9k nem csak a h\u00e1ztart\u00e1si k\u00e1v\u00e9f\u0151z\u0151k sz\u00e1m\u00e1ra k\u00e9sz\u00fclt! Eszpressz\u00f3g\u00e9pekkel, perkol\u00e1torokkal, kapszul\u00e1s rendszerekkel, \u0151rl\u0151vel ell\u00e1tott automata g\u00e9pekkel \u00e9s v\u00edzforral\u00f3kkal is m\u0171k\u00f6dik. K\u00fcl\u00f6nb\u00f6z\u0151 anyagokkal, p\u00e9ld\u00e1ul rozsdamentes ac\u00e9llal, alum\u00edniummal, m\u0171anyaggal \u00e9s \u00fcveggel kompatibilis, \u00edgy biztos\u00edtja a kifog\u00e1stalan tisztas\u00e1got a korr\u00f3zi\u00f3 vagy a bels\u0151 alkatr\u00e9szek k\u00e1rosod\u00e1s\u00e1nak kock\u00e1zata n\u00e9lk\u00fcl.<\/p>\n<p><img decoding=\"async\" style=\"margin-right: 12px;\" src=\"https:\/\/www.ferberpainting.com\/wp-content\/uploads\/2026\/02\/Check.svg\" alt=\"\" width=\"18\" height=\"15\" \/><strong>K\u00f6lts\u00e9ghat\u00e9kony.<\/strong>\u00a0Az 5 literes tart\u00e1ly\u00e1nak \u00e9s a haszn\u00e1latra k\u00e9sz formul\u00e1nak k\u00f6sz\u00f6nhet\u0151en ez a v\u00edzk\u0151old\u00f3 kiv\u00e1l\u00f3 hozamot biztos\u00edt. Egy liter t\u00f6bb tiszt\u00edt\u00e1si ciklusra elegend\u0151, \u00edgy hossz\u00fa t\u00e1v\u00fa haszn\u00e1latot biztos\u00edt, mik\u00f6zben cs\u00f6kkenti a karbantart\u00e1si k\u00f6lts\u00e9geket. \u00c1tlagosan 250 ml elegend\u0151 egy teljes v\u00edzk\u0151mentes\u00edt\u00e9si folyamathoz, ami azt jelenti, hogy egyetlen tart\u00e1ly ak\u00e1r 20 tiszt\u00edt\u00e1si ciklust is biztos\u00edt - optimaliz\u00e1lva ezzel a k\u00f6lts\u00e9gvet\u00e9s\u00e9t.<\/p>\n<p><img decoding=\"async\" style=\"margin-right: 12px;\" src=\"https:\/\/www.ferberpainting.com\/wp-content\/uploads\/2026\/02\/Check.svg\" alt=\"\" width=\"18\" height=\"15\" \/><strong>Biztons\u00e1gosan haszn\u00e1lhat\u00f3.<\/strong>\u00a0Ezt a tiszt\u00edt\u00f3szert \u00fagy \u00e1ll\u00edtott\u00e1k \u00f6ssze, hogy biztons\u00e1gos legyen az \u00d6n eg\u00e9szs\u00e9ge sz\u00e1m\u00e1ra. Nem tartalmaz m\u00e9rgez\u0151 anyagokat vagy mesters\u00e9ges illatanyagokat, amelyek megv\u00e1ltoztathatj\u00e1k a k\u00e1v\u00e9 \u00edz\u00e9t. Az \u00f6bl\u00edt\u00e9s ut\u00e1n nem hagy k\u00e9miai maradv\u00e1nyokat, \u00edgy haszn\u00e1lat ut\u00e1n biztons\u00e1gos \u00e9s tiszta fogyaszt\u00e1st biztos\u00edt.<\/p>\n<p><img decoding=\"async\" style=\"margin-right: 12px;\" src=\"https:\/\/www.ferberpainting.com\/wp-content\/uploads\/2026\/02\/Check.svg\" alt=\"\" width=\"18\" height=\"15\" \/><strong>K\u00f6nny\u0171 haszn\u00e1lat.<\/strong>\u00a0Ez a term\u00e9k haszn\u00e1latra k\u00e9sz, nem ig\u00e9nyel h\u00edg\u00edt\u00e1st vagy el\u0151k\u00e9sz\u00edt\u00e9st. Egyszer\u0171en \u00f6ntse a sz\u00fcks\u00e9ges mennyis\u00e9get k\u00f6zvetlen\u00fcl a g\u00e9p v\u00edztart\u00e1ly\u00e1ba, \u00e9s ind\u00edtsa el a tiszt\u00edt\u00e1si ciklust. Intuit\u00edv haszn\u00e1lata lehet\u0151v\u00e9 teszi a hat\u00e9kony tiszt\u00edt\u00e1st mind\u00f6ssze n\u00e9h\u00e1ny l\u00e9p\u00e9sben, bonyolult elj\u00e1r\u00e1sok n\u00e9lk\u00fcl.<\/p>\n<p><img decoding=\"async\" style=\"margin-right: 12px;\" src=\"https:\/\/www.ferberpainting.com\/wp-content\/uploads\/2026\/02\/Check.svg\" alt=\"\" width=\"18\" height=\"15\" \/><strong>Hosszan tart\u00f3 v\u00e9delem.<\/strong>\u00a0A rendszeres v\u00edzk\u0151mentes\u00edt\u00e9s jelent\u0151sen meghosszabb\u00edtja a k\u00e1v\u00e9f\u0151z\u0151 \u00e9lettartam\u00e1t. A v\u00edzk\u0151 \u00e9s a lerak\u00f3d\u00e1sok elt\u00e1vol\u00edt\u00e1s\u00e1val megel\u0151zi az alkatr\u00e9szek id\u0151 el\u0151tti elhaszn\u00e1l\u00f3d\u00e1s\u00e1t, cs\u00f6kkenti az energiafogyaszt\u00e1st, \u00e9s optim\u00e1lis v\u00edz\u00e1raml\u00e1st biztos\u00edt. Egy j\u00f3l karbantartott g\u00e9p tov\u00e1bb \u00e9s hat\u00e9konyabban m\u0171k\u00f6dik.<\/p>\n<p><img decoding=\"async\" style=\"margin-right: 12px;\" src=\"https:\/\/www.ferberpainting.com\/wp-content\/uploads\/2026\/02\/Check.svg\" alt=\"\" width=\"18\" height=\"15\" \/><strong>Gyors cselekv\u00e9s.<\/strong>\u00a0Amint bel\u00e9p a rendszerbe, ez a tiszt\u00edt\u00f3szer azonnal megkezdi a v\u00edzk\u0151 \u00e9s a marad\u00e9kok lebont\u00e1s\u00e1t. N\u00e9h\u00e1ny perc alatt hat\u00e9konyan oldja fel a lerak\u00f3d\u00e1sokat an\u00e9lk\u00fcl, hogy hosszabb \u00e1ztat\u00e1sra lenne sz\u00fcks\u00e9g. Ide\u00e1lis a gyors \u00e9s hat\u00e9kony tiszt\u00edt\u00e1shoz, rekordid\u0151 alatt \u00e1ll\u00edtja vissza a g\u00e9p cs\u00facs\u00e1llapot\u00e1t.<\/p>\n<h2><strong>Haszn\u00e1lati utas\u00edt\u00e1sok<\/strong><\/h2>\n<ul>\n<li><strong>El\u0151k\u00e9sz\u00edt\u00e9s <\/strong>: Gy\u0151z\u0151dj\u00f6n meg r\u00f3la, hogy a k\u00e1v\u00e9f\u0151z\u0151 v\u00edztart\u00e1lya \u00fcres, miel\u0151tt a term\u00e9ket alkalmazza.<\/li>\n<li><strong>Adagol\u00e1s <\/strong>: \u00d6nts\u00f6n 250 ml v\u00edzk\u0151old\u00f3t k\u00f6zvetlen\u00fcl a tart\u00e1lyba, majd t\u00f6ltse fel v\u00edzzel a g\u00e9p maxim\u00e1lis kapacit\u00e1s\u00e1ig.<\/li>\n<li><strong>Indul\u00e1s <\/strong>: Futtasson le egy tiszt\u00edt\u00e1si ciklust vagy egy k\u00e1v\u00e9 n\u00e9lk\u00fcli f\u0151z\u00e9si ciklust, hogy az oldat \u00e1tj\u00e1rja a rendszert \u00e9s feloldja a v\u00edzk\u0151lerak\u00f3d\u00e1sokat.<\/li>\n<li><strong>Sz\u00fcnet \u00e9s cselekv\u00e9si id\u0151 <\/strong>: Az els\u0151 \u00e1tfoly\u00e1s ut\u00e1n \u00e1ll\u00edtsa meg a ciklust, \u00e9s hagyja a term\u00e9ket 10 percig \u00e1llni, hogy fokozza a kem\u00e9ny lerak\u00f3d\u00e1sokon val\u00f3 hat\u00e1s\u00e1t.<\/li>\n<li><strong>\u00d6bl\u00edt\u00e9s <\/strong>: \u00dcr\u00edtse ki a tart\u00e1lyt, \u00e9s alaposan \u00f6bl\u00edtse ki tiszta v\u00edzzel. T\u00f6ltse \u00fajra tiszta v\u00edzzel, \u00e9s futtasson le egy vagy k\u00e9t teljes \u00f6bl\u00edt\u00e9si ciklust, hogy minden term\u00e9knyomot elt\u00e1vol\u00edtson.<\/li>\n<li><strong>A haszn\u00e1lat gyakoris\u00e1ga <\/strong>: Haszn\u00e1lja ezt a v\u00edzk\u0151old\u00f3t \u00e9s tiszt\u00edt\u00f3t havonta egyszer a naponta haszn\u00e1lt g\u00e9phez, vagy amint a v\u00edz\u00e1raml\u00e1s cs\u00f6kken, vagy l\u00e1that\u00f3 v\u00edzk\u0151 jelenik meg.<\/li>\n<li><strong>T\u00e1rol\u00e1s <\/strong>: Tartsa a tart\u00e1lyt szorosan lez\u00e1rva, h\u0171v\u00f6s, sz\u00e1raz helyen, f\u00e9nyt\u0151l \u00e9s sz\u00e9ls\u0151s\u00e9ges h\u0151m\u00e9rs\u00e9klett\u0151l v\u00e9dve, hogy a term\u00e9k minden tulajdons\u00e1ga megmaradjon.<\/li>\n<\/ul>\n<p>K\u00e1v\u00e9g\u00e9p\u00fcnk v\u00edzk\u0151mentes\u00edt\u0151 \u00e9s tiszt\u00edt\u00f3szer\u00e9vel optim\u00e1lisan karbantarthatja g\u00e9p\u00e9t, \u00e9s minden alkalommal finom k\u00e1v\u00e9t biztos\u00edthat - an\u00e9lk\u00fcl, hogy ez befoly\u00e1soln\u00e1 az \u00edz\u00e9t vagy a teljes\u00edtm\u00e9ny\u00e9t.<\/p>","protected":false},"excerpt":{"rendered":"<p>Optimal effectiveness.\u00a0This coffee machine descaler and cleaner effectively removes limescale, mineral deposits, and coffee residues that build up inside your machine. It ensures optimal performance while preserving the quality of extraction, avoiding blockages and breakdowns caused by internal circuit build-up. Thanks to its powerful cleaning action, it extends the lifespan of your coffee machine and [&hellip;]<\/p>\n","protected":false},"featured_media":36520,"comment_status":"open","ping_status":"closed","template":"","meta":{"_uag_custom_page_level_css":"","site-sidebar-layout":"default","site-content-layout":"","ast-site-content-layout":"default","site-content-style":"default","site-sidebar-style":"default","ast-global-header-display":"","ast-banner-title-visibility":"","ast-main-header-display":"","ast-hfb-above-header-display":"","ast-hfb-below-header-display":"","ast-hfb-mobile-header-display":"","site-post-title":"","ast-breadcrumbs-content":"","ast-featured-img":"","footer-sml-layout":"","ast-disable-related-posts":"","theme-transparent-header-meta":"default","adv-header-id-meta":"","stick-header-meta":"","header-above-stick-meta":"","header-main-stick-meta":"","header-below-stick-meta":"","astra-migrate-meta-layouts":"set","ast-page-background-enabled":"default","ast-page-background-meta":{"desktop":{"background-color":"var(--ast-global-color-4)","background-image":"","background-repeat":"repeat","background-position":"center center","background-size":"auto","background-attachment":"scroll","background-type":"","background-media":"","overlay-type":"","overlay-color":"","overlay-opacity":"","overlay-gradient":""},"tablet":{"background-color":"","background-image":"","background-repeat":"repeat","background-position":"center center","background-size":"auto","background-attachment":"scroll","background-type":"","background-media":"","overlay-type":"","overlay-color":"","overlay-opacity":"","overlay-gradient":""},"mobile":{"background-color":"","background-image":"","background-repeat":"repeat","background-position":"center center","background-size":"auto","background-attachment":"scroll","background-type":"","background-media":"","overlay-type":"","overlay-color":"","overlay-opacity":"","overlay-gradient":""}},"ast-content-background-meta":{"desktop":{"background-color":"var(--ast-global-color-5)","background-image":"","background-repeat":"repeat","background-position":"center center","background-size":"auto","background-attachment":"scroll","background-type":"","background-media":"","overlay-type":"","overlay-color":"","overlay-opacity":"","overlay-gradient":""},"tablet":{"background-color":"var(--ast-global-color-5)","background-image":"","background-repeat":"repeat","background-position":"center center","background-size":"auto","background-attachment":"scroll","background-type":"","background-media":"","overlay-type":"","overlay-color":"","overlay-opacity":"","overlay-gradient":""},"mobile":{"background-color":"var(--ast-global-color-5)","background-image":"","background-repeat":"repeat","background-position":"center center","background-size":"auto","background-attachment":"scroll","background-type":"","background-media":"","overlay-type":"","overlay-color":"","overlay-opacity":"","overlay-gradient":""}}},"product_brand":[],"product_cat":[175],"product_tag":[],"class_list":{"0":"post-23148","1":"product","2":"type-product","3":"status-publish","4":"has-post-thumbnail","6":"product_cat-cleaning-products","7":"desktop-align-left","8":"tablet-align-left","9":"mobile-align-left","11":"first","12":"instock","13":"sale","14":"shipping-taxable","15":"purchasable","16":"product-type-variable","17":"has-default-attributes"},"spectra_custom_meta":{"_visibility":["visible"],"_shopify_product_id":["9101732872437"],"_s2w_shopify_domain":["ferberpainting.myshopify.com"],"_shopify_variant_id":["46613258043637"],"_sku":[""],"_manage_stock":["no"],"total_sales":["29"],"_tax_status":["taxable"],"_tax_class":[""],"_backorders":["no"],"_sold_individually":["no"],"_virtual":["no"],"_downloadable":["no"],"_download_limit":["-1"],"_download_expiry":["-1"],"_stock":[null],"_stock_status":["instock"],"_wc_average_rating":["5.00"],"_wc_review_count":["37"],"_product_attributes":["a:1:{s:6:\"volume\";a:6:{s:4:\"name\";s:6:\"Volume\";s:5:\"value\";s:20:\"5 liters | 25 liters\";s:8:\"position\";i:1;s:10:\"is_visible\";i:0;s:12:\"is_variation\";i:1;s:11:\"is_taxonomy\";i:0;}}"],"_product_version":["10.5.2"],"wpse_downloadable_file_names":[""],"wpse_downloadable_file_urls":[""],"_edit_last":["1"],"_default_attributes":["a:1:{s:6:\"volume\";s:8:\"5 liters\";}"],"_edit_lock":["1771573346:1"],"_price":["29.90","129.90"],"merchant-center-availability":["yes"],"merchant-center-category":["500065"],"_thumbnail_id":["36520"],"_wp_page_template":["default"],"_wp_old_date":["2025-05-26"],"_product_image_gallery":["36522"],"site-sidebar-layout":["default"],"ast-site-content-layout":["default"],"site-content-style":["default"],"site-sidebar-style":["default"],"theme-transparent-header-meta":["default"],"_wc_rating_count":["a:1:{i:5;i:37;}"],"astra-migrate-meta-layouts":["set"],"_uag_css_file_name":["uag-css-23148.css"],"_elementor_page_assets":["a:0:{}"],"_uag_page_assets":["a:9:{s:3:\"css\";s:7156:\".uag-blocks-common-selector{z-index:var(--z-index-desktop) !important}@media (max-width: 976px){.uag-blocks-common-selector{z-index:var(--z-index-tablet) !important}}@media (max-width: 767px){.uag-blocks-common-selector{z-index:var(--z-index-mobile) !important}}\n.wp-block-uagb-image{display:flex}.wp-block-uagb-image__figure{position:relative;display:flex;flex-direction:column;max-width:100%;height:auto;margin:0}.wp-block-uagb-image__figure img{height:auto;display:flex;max-width:100%;transition:box-shadow 0.2s ease}.wp-block-uagb-image__figure>a{display:inline-block}.wp-block-uagb-image__figure figcaption{text-align:center;margin-top:0.5em;margin-bottom:1em}.wp-block-uagb-image .components-placeholder.block-editor-media-placeholder .components-placeholder__instructions{align-self:center}.wp-block-uagb-image--align-left{text-align:left}.wp-block-uagb-image--align-right{text-align:right}.wp-block-uagb-image--align-center{text-align:center}.wp-block-uagb-image--align-full .wp-block-uagb-image__figure{margin-left:calc(50% - 50vw);margin-right:calc(50% - 50vw);max-width:100vw;width:100vw;height:auto}.wp-block-uagb-image--align-full .wp-block-uagb-image__figure img{height:auto;width:100% !important}.wp-block-uagb-image--align-wide .wp-block-uagb-image__figure img{height:auto;width:100%}.wp-block-uagb-image--layout-overlay__color-wrapper{position:absolute;left:0;top:0;right:0;bottom:0;opacity:0.2;background:rgba(0,0,0,0.5);transition:opacity 0.35s ease-in-out}.wp-block-uagb-image--layout-overlay-link{position:absolute;left:0;right:0;bottom:0;top:0}.wp-block-uagb-image--layout-overlay .wp-block-uagb-image__figure:hover .wp-block-uagb-image--layout-overlay__color-wrapper{opacity:1}.wp-block-uagb-image--layout-overlay__inner{position:absolute;left:15px;right:15px;bottom:15px;top:15px;display:flex;align-items:center;justify-content:center;flex-direction:column;border-color:#fff;transition:0.35s ease-in-out}.wp-block-uagb-image--layout-overlay__inner.top-left,.wp-block-uagb-image--layout-overlay__inner.top-center,.wp-block-uagb-image--layout-overlay__inner.top-right{justify-content:flex-start}.wp-block-uagb-image--layout-overlay__inner.bottom-left,.wp-block-uagb-image--layout-overlay__inner.bottom-center,.wp-block-uagb-image--layout-overlay__inner.bottom-right{justify-content:flex-end}.wp-block-uagb-image--layout-overlay__inner.top-left,.wp-block-uagb-image--layout-overlay__inner.center-left,.wp-block-uagb-image--layout-overlay__inner.bottom-left{align-items:flex-start}.wp-block-uagb-image--layout-overlay__inner.top-right,.wp-block-uagb-image--layout-overlay__inner.center-right,.wp-block-uagb-image--layout-overlay__inner.bottom-right{align-items:flex-end}.wp-block-uagb-image--layout-overlay__inner .uagb-image-heading{color:#fff;transition:transform 0.35s, opacity 0.35s ease-in-out;transform:translate3d(0, 24px, 0);margin:0;line-height:1em}.wp-block-uagb-image--layout-overlay__inner .uagb-image-separator{width:30%;border-top-width:2px;border-top-color:#fff;border-top-style:solid;margin-bottom:10px;opacity:0;transition:transform 0.4s, opacity 0.4s ease-in-out;transform:translate3d(0, 30px, 0)}.wp-block-uagb-image--layout-overlay__inner .uagb-image-caption{opacity:0;overflow:visible;color:#fff;transition:transform 0.45s, opacity 0.45s ease-in-out;transform:translate3d(0, 35px, 0)}.wp-block-uagb-image--layout-overlay__inner:hover .uagb-image-heading,.wp-block-uagb-image--layout-overlay__inner:hover .uagb-image-separator,.wp-block-uagb-image--layout-overlay__inner:hover .uagb-image-caption{opacity:1;transform:translate3d(0, 0, 0)}.wp-block-uagb-image--effect-zoomin .wp-block-uagb-image__figure img,.wp-block-uagb-image--effect-zoomin .wp-block-uagb-image__figure .wp-block-uagb-image--layout-overlay__color-wrapper{transform:scale(1);transition:transform 0.35s ease-in-out}.wp-block-uagb-image--effect-zoomin .wp-block-uagb-image__figure:hover img,.wp-block-uagb-image--effect-zoomin .wp-block-uagb-image__figure:hover .wp-block-uagb-image--layout-overlay__color-wrapper{transform:scale(1.05)}.wp-block-uagb-image--effect-slide .wp-block-uagb-image__figure img,.wp-block-uagb-image--effect-slide .wp-block-uagb-image__figure .wp-block-uagb-image--layout-overlay__color-wrapper{width:calc(100% + 40px) !important;max-width:none !important;transform:translate3d(-40px, 0, 0);transition:transform 0.35s ease-in-out}.wp-block-uagb-image--effect-slide .wp-block-uagb-image__figure:hover img,.wp-block-uagb-image--effect-slide .wp-block-uagb-image__figure:hover .wp-block-uagb-image--layout-overlay__color-wrapper{transform:translate3d(0, 0, 0)}.wp-block-uagb-image--effect-grayscale img{filter:grayscale(0%);transition:0.35s ease-in-out}.wp-block-uagb-image--effect-grayscale:hover img{filter:grayscale(100%)}.wp-block-uagb-image--effect-blur img{filter:blur(0);transition:0.35s ease-in-out}.wp-block-uagb-image--effect-blur:hover img{filter:blur(3px)}\n.uagb-block-e6f939b3.wp-block-uagb-image--layout-default figure img{box-shadow: 0px 0px 0 #00000070;}.uagb-block-e6f939b3.wp-block-uagb-image .wp-block-uagb-image__figure figcaption{font-style: normal;align-self: center;}.uagb-block-e6f939b3.wp-block-uagb-image--layout-overlay figure img{box-shadow: 0px 0px 0 #00000070;}.uagb-block-e6f939b3.wp-block-uagb-image--layout-overlay .wp-block-uagb-image--layout-overlay__color-wrapper{opacity: 0.2;}.uagb-block-e6f939b3.wp-block-uagb-image--layout-overlay .wp-block-uagb-image--layout-overlay__inner{left: 15px;right: 15px;top: 15px;bottom: 15px;}.uagb-block-e6f939b3.wp-block-uagb-image--layout-overlay .wp-block-uagb-image--layout-overlay__inner .uagb-image-heading{font-style: normal;color: #fff;opacity: 1;}.uagb-block-e6f939b3.wp-block-uagb-image--layout-overlay .wp-block-uagb-image--layout-overlay__inner .uagb-image-heading a{color: #fff;}.uagb-block-e6f939b3.wp-block-uagb-image--layout-overlay .wp-block-uagb-image--layout-overlay__inner .uagb-image-caption{opacity: 0;}.uagb-block-e6f939b3.wp-block-uagb-image--layout-overlay .wp-block-uagb-image__figure:hover .wp-block-uagb-image--layout-overlay__color-wrapper{opacity: 1;}.uagb-block-e6f939b3.wp-block-uagb-image .wp-block-uagb-image--layout-overlay__inner .uagb-image-separator{width: 30%;border-top-width: 2px;border-top-color: #fff;opacity: 0;}.uagb-block-e6f939b3.wp-block-uagb-image .wp-block-uagb-image__figure img{width: px;height: auto;}.uagb-block-e6f939b3.wp-block-uagb-image .wp-block-uagb-image__figure:hover .wp-block-uagb-image--layout-overlay__inner .uagb-image-caption{opacity: 1;}.uagb-block-e6f939b3.wp-block-uagb-image .wp-block-uagb-image__figure:hover .wp-block-uagb-image--layout-overlay__inner .uagb-image-separator{opacity: 1;}.uagb-block-e6f939b3.wp-block-uagb-image--layout-default figure:hover img{box-shadow: 0px 0px 0 #00000070;}.uagb-block-e6f939b3.wp-block-uagb-image--layout-overlay figure:hover img{box-shadow: 0px 0px 0 #00000070;}@media only screen and (max-width: 976px) {.uagb-block-e6f939b3.wp-block-uagb-image .wp-block-uagb-image__figure img{width: px;height: auto;}}@media only screen and (max-width: 767px) {.uagb-block-e6f939b3.wp-block-uagb-image .wp-block-uagb-image__figure img{width: px;height: auto;}}\";s:2:\"js\";s:0:\"\";s:18:\"current_block_list\";a:13:{i:0;s:11:\"core\/search\";i:1;s:10:\"core\/group\";i:2;s:12:\"core\/heading\";i:3;s:17:\"core\/latest-posts\";i:4;s:20:\"core\/latest-comments\";i:5;s:13:\"core\/archives\";i:6;s:15:\"core\/categories\";i:7;s:14:\"core\/paragraph\";i:8;s:10:\"uagb\/image\";i:9;s:11:\"core\/spacer\";i:10;s:30:\"woocommerce\/product-categories\";i:11;s:10:\"core\/image\";i:12;s:14:\"core\/shortcode\";}s:8:\"uag_flag\";b:1;s:11:\"uag_version\";s:10:\"1776513848\";s:6:\"gfonts\";a:0:{}s:10:\"gfonts_url\";s:0:\"\";s:12:\"gfonts_files\";a:0:{}s:14:\"uag_faq_layout\";b:0;}"]},"uagb_featured_image_src":{"full":["https:\/\/www.ferberpainting.com\/wp-content\/uploads\/2025\/05\/Coffee-Machine-Descaler-and-Cleaner-5L-Mockup.png",2560,2560,false],"thumbnail":["https:\/\/www.ferberpainting.com\/wp-content\/uploads\/2025\/05\/Coffee-Machine-Descaler-and-Cleaner-5L-Mockup-150x150.png",150,150,true],"medium":["https:\/\/www.ferberpainting.com\/wp-content\/uploads\/2025\/05\/Coffee-Machine-Descaler-and-Cleaner-5L-Mockup-300x300.png",300,300,true],"medium_large":["https:\/\/www.ferberpainting.com\/wp-content\/uploads\/2025\/05\/Coffee-Machine-Descaler-and-Cleaner-5L-Mockup-768x768.png",768,768,true],"large":["https:\/\/www.ferberpainting.com\/wp-content\/uploads\/2025\/05\/Coffee-Machine-Descaler-and-Cleaner-5L-Mockup-1024x1024.png",1024,1024,true],"1536x1536":["https:\/\/www.ferberpainting.com\/wp-content\/uploads\/2025\/05\/Coffee-Machine-Descaler-and-Cleaner-5L-Mockup-1536x1536.png",1536,1536,true],"2048x2048":["https:\/\/www.ferberpainting.com\/wp-content\/uploads\/2025\/05\/Coffee-Machine-Descaler-and-Cleaner-5L-Mockup-2048x2048.png",2048,2048,true],"trp-custom-language-flag":["https:\/\/www.ferberpainting.com\/wp-content\/uploads\/2025\/05\/Coffee-Machine-Descaler-and-Cleaner-5L-Mockup-12x12.png",12,12,true],"woocommerce_thumbnail":["https:\/\/www.ferberpainting.com\/wp-content\/uploads\/2025\/05\/Coffee-Machine-Descaler-and-Cleaner-5L-Mockup-300x300.png",300,300,true],"woocommerce_single":["https:\/\/www.ferberpainting.com\/wp-content\/uploads\/2025\/05\/Coffee-Machine-Descaler-and-Cleaner-5L-Mockup-600x600.png",600,600,true],"woocommerce_gallery_thumbnail":["https:\/\/www.ferberpainting.com\/wp-content\/uploads\/2025\/05\/Coffee-Machine-Descaler-and-Cleaner-5L-Mockup-100x100.png",100,100,true]},"uagb_author_info":{"display_name":"admin","author_link":"https:\/\/www.ferberpainting.com\/hu\/author\/"},"uagb_comment_info":37,"uagb_excerpt":"Optimal effectiveness.\u00a0This coffee machine descaler and cleaner effectively removes limescale, mineral deposits, and coffee residues that build up inside your machine. It ensures optimal performance while preserving the quality of extraction, avoiding blockages and breakdowns caused by internal circuit build-up. Thanks to its powerful cleaning action, it extends the lifespan of your coffee machine and&hellip;","_links":{"self":[{"href":"https:\/\/www.ferberpainting.com\/hu\/wp-json\/wp\/v2\/product\/23148","targetHints":{"allow":["GET"]}}],"collection":[{"href":"https:\/\/www.ferberpainting.com\/hu\/wp-json\/wp\/v2\/product"}],"about":[{"href":"https:\/\/www.ferberpainting.com\/hu\/wp-json\/wp\/v2\/types\/product"}],"replies":[{"embeddable":true,"href":"https:\/\/www.ferberpainting.com\/hu\/wp-json\/wp\/v2\/comments?post=23148"}],"version-history":[{"count":7,"href":"https:\/\/www.ferberpainting.com\/hu\/wp-json\/wp\/v2\/product\/23148\/revisions"}],"predecessor-version":[{"id":170583,"href":"https:\/\/www.ferberpainting.com\/hu\/wp-json\/wp\/v2\/product\/23148\/revisions\/170583"}],"wp:featuredmedia":[{"embeddable":true,"href":"https:\/\/www.ferberpainting.com\/hu\/wp-json\/wp\/v2\/media\/36520"}],"wp:attachment":[{"href":"https:\/\/www.ferberpainting.com\/hu\/wp-json\/wp\/v2\/media?parent=23148"}],"wp:term":[{"taxonomy":"product_brand","embeddable":true,"href":"https:\/\/www.ferberpainting.com\/hu\/wp-json\/wp\/v2\/product_brand?post=23148"},{"taxonomy":"product_cat","embeddable":true,"href":"https:\/\/www.ferberpainting.com\/hu\/wp-json\/wp\/v2\/product_cat?post=23148"},{"taxonomy":"product_tag","embeddable":true,"href":"https:\/\/www.ferberpainting.com\/hu\/wp-json\/wp\/v2\/product_tag?post=23148"}],"curies":[{"name":"wp","href":"https:\/\/api.w.org\/{rel}","templated":true}]}}