{"id":23140,"date":"2025-07-01T17:37:04","date_gmt":"2025-07-01T15:37:04","guid":{"rendered":"https:\/\/www.ferberpainting.com\/?post_type=product&#038;p=23136"},"modified":"2026-02-15T13:28:47","modified_gmt":"2026-02-15T12:28:47","slug":"clay-water-repellent","status":"publish","type":"product","link":"https:\/\/www.ferberpainting.com\/hu\/products\/clay-water-repellent\/","title":{"rendered":"Agyag v\u00edzszigetel\u0151 szer"},"content":{"rendered":"<p><img decoding=\"async\" style=\"margin-right: 12px;\" src=\"https:\/\/www.ferberpainting.com\/wp-content\/uploads\/2026\/02\/Check.svg\" alt=\"\" width=\"18\" height=\"15\" \/><strong>Optim\u00e1lis nedvess\u00e9gv\u00e9delem.<\/strong>\u00a0Ez az agyagos v\u00edzszigetel\u0151 speci\u00e1lisan \u00fagy lett kialak\u00edtva, hogy hat\u00e9kony hidrof\u00f3b g\u00e1tat hozzon l\u00e9tre, amely megakad\u00e1lyozza, hogy a v\u00edz \u00e9s a nedvess\u00e9g behatoljon a por\u00f3zus fel\u00fcletekbe. Megv\u00e9di az agyagot a v\u00edz besziv\u00e1rg\u00e1s\u00e1t\u00f3l, a foly\u00e9kony foltokt\u00f3l \u00e9s a fagyk\u00e1rokt\u00f3l. A dekorat\u00edv vagy funkcion\u00e1lis agyagt\u00e1rgyakra alkalmazva biztos\u00edtja azok tart\u00f3ss\u00e1g\u00e1t \u00e9s ellen\u00e1ll\u00e1s\u00e1t a k\u00fclt\u00e9ri elemekkel szemben.<\/p>\n<p><img decoding=\"async\" style=\"margin-right: 12px;\" src=\"https:\/\/www.ferberpainting.com\/wp-content\/uploads\/2026\/02\/Check.svg\" alt=\"\" width=\"18\" height=\"15\" \/><strong>P\u00e9nzvisszafizet\u00e9si garancia.<\/strong>\u00a0Teljes m\u00e9rt\u00e9kben b\u00edzunk az agyagos v\u00edzszigetel\u0151nk hat\u00e9konys\u00e1g\u00e1ban. Ha a haszn\u00e1lat ut\u00e1n nem teljesen el\u00e9gedett az eredm\u00e9nnyel, teljes visszat\u00e9r\u00edt\u00e9sre jogosult. \u00cdgy kock\u00e1zatmentesen tesztelheti term\u00e9k\u00fcnket, \u00e9s \u00e9lvezheti agyagalkot\u00e1sainak hosszan tart\u00f3 v\u00e9delm\u00e9t.<\/p>\n<p><img decoding=\"async\" style=\"margin-right: 12px;\" src=\"https:\/\/www.ferberpainting.com\/wp-content\/uploads\/2026\/02\/Check.svg\" alt=\"\" width=\"18\" height=\"15\" \/><strong>Kiv\u00e9teles sokoldal\u00fas\u00e1g.<\/strong>\u00a0Ez a v\u00edzleperget\u0151 nem korl\u00e1toz\u00f3dik az agyagra! M\u00e1s por\u00f3zus anyagokon, p\u00e9ld\u00e1ul terrakott\u00e1n, vakolaton, term\u00e9szetes k\u00f6v\u00f6n \u00e9s n\u00e9h\u00e1ny m\u00e1zatlan ker\u00e1mi\u00e1n is rendk\u00edv\u00fcl hat\u00e9kony. Ide\u00e1lis k\u00e9zzel k\u00e9sz\u00edtett t\u00e1rgyak, ker\u00e1mi\u00e1k, terrakotta csemp\u00e9k, szobrok, s\u0151t por\u00f3zus anyagokb\u00f3l k\u00e9sz\u00fclt falak vagy padl\u00f3k v\u00edzszigetel\u00e9s\u00e9re is. Sokoldal\u00fas\u00e1ga miatt a szakemberek \u00e9s a bark\u00e1csol\u00e1s szerelmesei sz\u00e1m\u00e1ra egyar\u00e1nt n\u00e9lk\u00fcl\u00f6zhetetlen.<\/p>\n<p><img decoding=\"async\" style=\"margin-right: 12px;\" src=\"https:\/\/www.ferberpainting.com\/wp-content\/uploads\/2026\/02\/Check.svg\" alt=\"\" width=\"18\" height=\"15\" \/><strong>K\u00f6lts\u00e9ghat\u00e9kony teljes\u00edtm\u00e9ny.<\/strong>\u00a0Magas koncentr\u00e1ci\u00f3j\u00e1nak k\u00f6sz\u00f6nhet\u0151en csak kis mennyis\u00e9g\u0171 term\u00e9kre van sz\u00fcks\u00e9g egy nagy fel\u00fclet v\u00edzszigetel\u00e9s\u00e9hez. Egy liter v\u00edzszigetel\u0151 anyag az anyag porozit\u00e1s\u00e1t\u00f3l f\u00fcgg\u0151en k\u00f6r\u00fclbel\u00fcl 10-15 m\u00b2 fel\u00fcletet k\u00e9pes kezelni. Az 5 literes kiszerel\u00e9snek k\u00f6sz\u00f6nhet\u0151en ez a term\u00e9k sok t\u00e1rgy \u00e9s fel\u00fclet sz\u00e1m\u00e1ra ny\u00fajt tart\u00f3s v\u00e9delmet, cs\u00f6kkentve mind a karbantart\u00e1si k\u00f6lts\u00e9geket, mind az alkalmaz\u00e1s gyakoris\u00e1g\u00e1t.<\/p>\n<p><img decoding=\"async\" style=\"margin-right: 12px;\" src=\"https:\/\/www.ferberpainting.com\/wp-content\/uploads\/2026\/02\/Check.svg\" alt=\"\" width=\"18\" height=\"15\" \/><strong>Biztons\u00e1gosan haszn\u00e1lhat\u00f3.<\/strong>\u00a0A hagyom\u00e1nyos v\u00edzszigetel\u0151kt\u0151l elt\u00e9r\u0151en, amelyek agressz\u00edv old\u00f3szereket tartalmaznak, amelyek k\u00e1ros\u00edthatj\u00e1k a fel\u00fcleteket vagy m\u00e9rgez\u0151 g\u0151z\u00f6ket szabad\u00edthatnak fel, ezt a term\u00e9ket \u00fagy \u00e1ll\u00edtott\u00e1k \u00f6ssze, hogy minimaliz\u00e1lja az alkalmaz\u00e1si kock\u00e1zatokat. Nem v\u00e1ltoztatja meg az agyag megjelen\u00e9s\u00e9t vagy sz\u00edn\u00e9t, id\u0151vel nem s\u00e1rgul, \u00e9s tiszteletben tartja a kezelt fel\u00fcletek term\u00e9szetes tulajdons\u00e1gait. Haszn\u00e1lata szell\u0151ztetett helyen aj\u00e1nlott, \u00e9s ker\u00fclni kell a b\u0151rrel val\u00f3 \u00e9rintkez\u00e9st.<\/p>\n<p><img decoding=\"async\" style=\"margin-right: 12px;\" src=\"https:\/\/www.ferberpainting.com\/wp-content\/uploads\/2026\/02\/Check.svg\" alt=\"\" width=\"18\" height=\"15\" \/><strong>K\u00f6nny\u0171 haszn\u00e1lat.<\/strong>\u00a0Ez a term\u00e9k azonnal felhaszn\u00e1lhat\u00f3, nem ig\u00e9nyel h\u00edg\u00edt\u00e1st vagy \u00f6sszetett el\u0151k\u00e9sz\u00edt\u00e9st. K\u00f6zvetlen\u00fcl a tiszta, sz\u00e1raz agyagra kell felvinni ecsettel, hengerrel vagy puha ruh\u00e1val. M\u00e9lyen behatol \u00e9s gyorsan megsz\u00e1rad, \u00edgy hat\u00e9kony v\u00e9delmet biztos\u00edt egyetlen menetben. Egyszer\u0171 alkalmaz\u00e1sa mindenki sz\u00e1m\u00e1ra el\u00e9rhet\u0151v\u00e9 teszi, legyen sz\u00f3 fazekasr\u00f3l, k\u00e9zm\u0171vesr\u0151l, restaur\u00e1torr\u00f3l vagy bark\u00e1csol\u00f3r\u00f3l.<\/p>\n<p><img decoding=\"async\" style=\"margin-right: 12px;\" src=\"https:\/\/www.ferberpainting.com\/wp-content\/uploads\/2026\/02\/Check.svg\" alt=\"\" width=\"18\" height=\"15\" \/><strong>Kiterjesztett tart\u00f3ss\u00e1g.<\/strong>\u00a0Ennek a v\u00edzszigetel\u0151nek az egyszeri alkalmaz\u00e1sa hossz\u00fa t\u00e1v\u00fa v\u00e9delmet biztos\u00edt a v\u00edz \u00e9s a nedvess\u00e9g ellen. Meger\u0151s\u00edti az agyagt\u00e1rgyak integrit\u00e1s\u00e1t az\u00e1ltal, hogy cs\u00f6kkenti a porozit\u00e1sukat \u00e9s megakad\u00e1lyozza az id\u0151 el\u0151tti roml\u00e1st. Az id\u0151j\u00e1r\u00e1si \u00e9s h\u0151m\u00e9rs\u00e9kleti v\u00e1ltoz\u00e1sokkal szembeni ellen\u00e1ll\u00f3 k\u00e9pess\u00e9ge n\u00e9lk\u00fcl\u00f6zhetetlen megold\u00e1ss\u00e1 teszi az olyan k\u00fclt\u00e9ri t\u00e1rgyak, mint a terrakotta cserepek, csemp\u00e9k \u00e9s szobrok sz\u00e1m\u00e1ra.<\/p>\n<p><img decoding=\"async\" style=\"margin-right: 12px;\" src=\"https:\/\/www.ferberpainting.com\/wp-content\/uploads\/2026\/02\/Check.svg\" alt=\"\" width=\"18\" height=\"15\" \/><strong>Gyors akci\u00f3.<\/strong>\u00a0Hat\u00e9konys\u00e1ga az alkalmaz\u00e1s ut\u00e1n azonnal jelentkezik. N\u00e9h\u00e1ny perc alatt m\u00e9lyen behatol, \u00e9s l\u00e1thatatlan g\u00e1tat k\u00e9pez, amely megakad\u00e1lyozza, hogy a v\u00edz megtapadjon a fel\u00fcleten. Gyorsan sz\u00e1rad, lehet\u0151v\u00e9 t\u00e9ve a kezelt t\u00e1rgyak gyors \u00e9s hat\u00e9kony v\u00edzszigetel\u00e9s\u00e9t. M\u00e1s v\u00edzszigetel\u0151kt\u0151l elt\u00e9r\u0151en, amelyeknek t\u00f6bb \u00f3r\u00e1t vesz ig\u00e9nybe a sz\u00e1rad\u00e1s, ez a term\u00e9k r\u00f6videbb id\u0151 alatt ny\u00fajt optim\u00e1lis v\u00e9delmet.<\/p>\n<h2><strong>Haszn\u00e1lati protokoll<\/strong><\/h2>\n<ul>\n<li><strong>El\u0151k\u00e9sz\u00edt\u00e9s <\/strong>: Gy\u0151z\u0151dj\u00f6n meg r\u00f3la, hogy az agyag vagy a por\u00f3zus anyag tiszta \u00e9s teljesen sz\u00e1raz a felhord\u00e1s el\u0151tt. Az optim\u00e1lis tapad\u00e1s \u00e9rdek\u00e9ben t\u00e1vol\u00edtson el minden port, szennyez\u0151d\u00e9st vagy zs\u00edrt sz\u00e1raz ruh\u00e1val vagy puha kef\u00e9vel.<\/li>\n<li><strong>Ecsettel vagy kend\u0151vel t\u00f6rt\u00e9n\u0151 felhord\u00e1s <\/strong>: Vigyen fel egy v\u00e9kony r\u00e9teg term\u00e9ket puha ecsettel vagy ruh\u00e1val, k\u00f6rk\u00f6r\u00f6s mozdulatokkal, hogy a term\u00e9k m\u00e9lyen behatoljon. \u00dcgyeljen arra, hogy az eg\u00e9sz t\u00e1rgyat vagy fel\u00fcletet egyenletesen fedje be.<\/li>\n<li><strong>Nagy fel\u00fcleti haszn\u00e1lat <\/strong>: Csemp\u00e9k, terrakotta vagy nagym\u00e9ret\u0171 szobrok eset\u00e9n haszn\u00e1ljon hengert vagy alacsony nyom\u00e1s\u00fa permetez\u0151t a gyors \u00e9s egyenletes felhord\u00e1shoz. \u00dcgyeljen arra, hogy a term\u00e9k minden ter\u00fcletre eljusson, k\u00fcl\u00f6n\u00f6sen az \u00e9lekre \u00e9s a domborulatokra.<\/li>\n<li><strong>Sz\u00e1rad\u00e1si id\u0151 <\/strong>: A k\u00f6rnyezeti k\u00f6r\u00fclm\u00e9nyekt\u0151l f\u00fcgg\u0151en 30 perc \u00e9s 1 \u00f3ra k\u00f6z\u00f6tt hagyja sz\u00e1radni a szabad leveg\u0151n. A maxim\u00e1lis v\u00e9delem \u00e9rdek\u00e9ben az alkalmaz\u00e1st k\u00f6vet\u0151 els\u0151 24 \u00f3r\u00e1ban ker\u00fclje a v\u00edzzel val\u00f3 \u00e9rintkez\u00e9st.<\/li>\n<li><strong>Fokozott v\u00e9delem <\/strong>: Nagyon por\u00f3zus vagy nedvess\u00e9gnek kitett fel\u00fcletek eset\u00e9n az els\u0151 r\u00e9teg sz\u00e1rad\u00e1sa ut\u00e1n vigyen fel egy m\u00e1sodik r\u00e9teget. Ez a m\u00e1sodik r\u00e9teg fokozza a v\u00edzszigetel\u00e9st \u00e9s a tart\u00f3ss\u00e1got.<\/li>\n<li><strong>Hat\u00e9konys\u00e1gi ellen\u0151rz\u00e9s <\/strong>: Ha megsz\u00e1radt, tesztelje a v\u00edzszigetel\u00e9st n\u00e9h\u00e1ny v\u00edzcseppnek a kezelt fel\u00fcletre t\u00f6rt\u00e9n\u0151 helyez\u00e9s\u00e9vel. Ha a v\u00edz gy\u00f6ngy\u00f6zik \u00e9s lefolyik, a v\u00edzszigetel\u00e9s sikeres. Ha nem, vigyen fel egy m\u00e1sodik r\u00e9teget a v\u00e9delem meger\u0151s\u00edt\u00e9se \u00e9rdek\u00e9ben.<\/li>\n<li><strong>Haszn\u00e1lat gyakoris\u00e1ga <\/strong>: A hossz\u00fa t\u00e1v\u00fa v\u00e9delem \u00e9rdek\u00e9ben \u00e9vente egyszer vagy k\u00e9tszer alkalmazza \u00fajra, az id\u0151j\u00e1r\u00e1s \u00e9s a haszn\u00e1lat f\u00fcggv\u00e9ny\u00e9ben. A k\u00fclt\u00e9ri fel\u00fcletek az \u00e9ghajlati viszonyoknak val\u00f3 k\u00f6zvetlen kitetts\u00e9g miatt gyakoribb karbantart\u00e1st ig\u00e9nyelhetnek.<\/li>\n<li><strong>T\u00e1rol\u00e1s <\/strong>: T\u00e1rolja a tart\u00e1lyt h\u0171v\u00f6s, sz\u00e1raz, h\u0151t\u0151l \u00e9s napf\u00e9nyt\u0151l v\u00e9dett helyen. Minden haszn\u00e1lat ut\u00e1n szorosan z\u00e1rja le, hogy megakad\u00e1lyozza a p\u00e1rolg\u00e1st \u00e9s meg\u0151rizze a hossz\u00fa t\u00e1v\u00fa hat\u00e9konys\u00e1got.<\/li>\n<\/ul>\n<p>Az agyag v\u00edzszigetel\u0151nkkel hosszan tart\u00f3 v\u00e9delmet \u00e9s kiv\u00e1l\u00f3 nedvess\u00e9g\u00e1ll\u00f3s\u00e1got biztos\u00edthat alkot\u00e1sainak. Ide\u00e1lis megold\u00e1s agyag, terrakotta vagy term\u00e9szetes k\u0151 t\u00e1rgyai sz\u00e9ps\u00e9g\u00e9nek \u00e9s szil\u00e1rds\u00e1g\u00e1nak meg\u0151rz\u00e9s\u00e9re.<\/p>","protected":false},"excerpt":{"rendered":"<p>Optimal Moisture Protection.\u00a0This clay waterproofer is specially formulated to create an effective hydrophobic barrier that prevents water and moisture from penetrating porous surfaces. It protects clay from water infiltration, liquid stains, and frost damage. When applied to decorative or functional clay objects, it ensures their durability and resistance to outdoor elements. Money-back guarantee.\u00a0We have full [&hellip;]<\/p>\n","protected":false},"featured_media":36508,"comment_status":"open","ping_status":"closed","template":"","meta":{"_uag_custom_page_level_css":"","site-sidebar-layout":"default","site-content-layout":"","ast-site-content-layout":"default","site-content-style":"default","site-sidebar-style":"default","ast-global-header-display":"","ast-banner-title-visibility":"","ast-main-header-display":"","ast-hfb-above-header-display":"","ast-hfb-below-header-display":"","ast-hfb-mobile-header-display":"","site-post-title":"","ast-breadcrumbs-content":"","ast-featured-img":"","footer-sml-layout":"","ast-disable-related-posts":"","theme-transparent-header-meta":"default","adv-header-id-meta":"","stick-header-meta":"","header-above-stick-meta":"","header-main-stick-meta":"","header-below-stick-meta":"","astra-migrate-meta-layouts":"set","ast-page-background-enabled":"default","ast-page-background-meta":{"desktop":{"background-color":"var(--ast-global-color-4)","background-image":"","background-repeat":"repeat","background-position":"center center","background-size":"auto","background-attachment":"scroll","background-type":"","background-media":"","overlay-type":"","overlay-color":"","overlay-opacity":"","overlay-gradient":""},"tablet":{"background-color":"","background-image":"","background-repeat":"repeat","background-position":"center center","background-size":"auto","background-attachment":"scroll","background-type":"","background-media":"","overlay-type":"","overlay-color":"","overlay-opacity":"","overlay-gradient":""},"mobile":{"background-color":"","background-image":"","background-repeat":"repeat","background-position":"center center","background-size":"auto","background-attachment":"scroll","background-type":"","background-media":"","overlay-type":"","overlay-color":"","overlay-opacity":"","overlay-gradient":""}},"ast-content-background-meta":{"desktop":{"background-color":"var(--ast-global-color-5)","background-image":"","background-repeat":"repeat","background-position":"center center","background-size":"auto","background-attachment":"scroll","background-type":"","background-media":"","overlay-type":"","overlay-color":"","overlay-opacity":"","overlay-gradient":""},"tablet":{"background-color":"var(--ast-global-color-5)","background-image":"","background-repeat":"repeat","background-position":"center center","background-size":"auto","background-attachment":"scroll","background-type":"","background-media":"","overlay-type":"","overlay-color":"","overlay-opacity":"","overlay-gradient":""},"mobile":{"background-color":"var(--ast-global-color-5)","background-image":"","background-repeat":"repeat","background-position":"center center","background-size":"auto","background-attachment":"scroll","background-type":"","background-media":"","overlay-type":"","overlay-color":"","overlay-opacity":"","overlay-gradient":""}}},"product_brand":[],"product_cat":[191],"product_tag":[],"class_list":{"0":"post-23140","1":"product","2":"type-product","3":"status-publish","4":"has-post-thumbnail","6":"product_cat-water-repellent","7":"desktop-align-left","8":"tablet-align-left","9":"mobile-align-left","11":"first","12":"instock","13":"sale","14":"shipping-taxable","15":"purchasable","16":"product-type-variable","17":"has-default-attributes"},"spectra_custom_meta":{"_visibility":["visible"],"_shopify_product_id":["9106550259957"],"_s2w_shopify_domain":["ferberpainting.myshopify.com"],"_shopify_variant_id":["46626258321653"],"_sku":[""],"_manage_stock":["no"],"total_sales":["8"],"_tax_status":["taxable"],"_tax_class":[""],"_backorders":["no"],"_sold_individually":["no"],"_virtual":["no"],"_downloadable":["no"],"_download_limit":["-1"],"_download_expiry":["-1"],"_stock":[null],"_stock_status":["instock"],"_wc_average_rating":["5.00"],"_wc_review_count":["18"],"_product_attributes":["a:1:{s:6:\"volume\";a:6:{s:4:\"name\";s:6:\"Volume\";s:5:\"value\";s:20:\"5 liters | 25 liters\";s:8:\"position\";i:1;s:10:\"is_visible\";i:0;s:12:\"is_variation\";i:1;s:11:\"is_taxonomy\";i:0;}}"],"_product_version":["10.5.1"],"wpse_downloadable_file_names":[""],"wpse_downloadable_file_urls":[""],"_edit_last":["1"],"_default_attributes":["a:1:{s:6:\"volume\";s:8:\"5 liters\";}"],"_edit_lock":["1771158388:1"],"_price":["29.90","129.90"],"merchant-center-availability":["yes"],"merchant-center-category":["503744"],"_thumbnail_id":["36508"],"_wp_page_template":["default"],"_wp_old_date":["2025-05-26"],"_product_image_gallery":["36509"],"site-sidebar-layout":["default"],"ast-site-content-layout":["default"],"site-content-style":["default"],"site-sidebar-style":["default"],"theme-transparent-header-meta":["default"],"_wc_rating_count":["a:1:{i:5;i:18;}"],"astra-migrate-meta-layouts":["set"],"_uag_css_file_name":["uag-css-23140.css"],"_elementor_page_assets":["a:0:{}"],"_uag_page_assets":["a:9:{s:3:\"css\";s:6873:\".wp-block-uagb-image{display:flex}.wp-block-uagb-image__figure{position:relative;display:flex;flex-direction:column;max-width:100%;height:auto;margin:0}.wp-block-uagb-image__figure img{height:auto;display:flex;max-width:100%;transition:box-shadow .2s ease}.wp-block-uagb-image__figure>a{display:inline-block}.wp-block-uagb-image__figure figcaption{text-align:center;margin-top:.5em;margin-bottom:1em}.wp-block-uagb-image .components-placeholder.block-editor-media-placeholder .components-placeholder__instructions{align-self:center}.wp-block-uagb-image--align-left{text-align:left}.wp-block-uagb-image--align-right{text-align:right}.wp-block-uagb-image--align-center{text-align:center}.wp-block-uagb-image--align-full .wp-block-uagb-image__figure{margin-left:calc(50% - 50vw);margin-right:calc(50% - 50vw);max-width:100vw;width:100vw;height:auto}.wp-block-uagb-image--align-full .wp-block-uagb-image__figure img{height:auto;width:100% !important}.wp-block-uagb-image--align-wide .wp-block-uagb-image__figure img{height:auto;width:100%}.wp-block-uagb-image--layout-overlay__color-wrapper{position:absolute;left:0;top:0;right:0;bottom:0;opacity:.2;background:rgba(0,0,0,.5);transition:opacity .35s ease-in-out}.wp-block-uagb-image--layout-overlay-link{position:absolute;left:0;right:0;bottom:0;top:0}.wp-block-uagb-image--layout-overlay .wp-block-uagb-image__figure:hover .wp-block-uagb-image--layout-overlay__color-wrapper{opacity:1}.wp-block-uagb-image--layout-overlay__inner{position:absolute;left:15px;right:15px;bottom:15px;top:15px;display:flex;align-items:center;justify-content:center;flex-direction:column;border-color:#fff;transition:.35s ease-in-out}.wp-block-uagb-image--layout-overlay__inner.top-left,.wp-block-uagb-image--layout-overlay__inner.top-center,.wp-block-uagb-image--layout-overlay__inner.top-right{justify-content:flex-start}.wp-block-uagb-image--layout-overlay__inner.bottom-left,.wp-block-uagb-image--layout-overlay__inner.bottom-center,.wp-block-uagb-image--layout-overlay__inner.bottom-right{justify-content:flex-end}.wp-block-uagb-image--layout-overlay__inner.top-left,.wp-block-uagb-image--layout-overlay__inner.center-left,.wp-block-uagb-image--layout-overlay__inner.bottom-left{align-items:flex-start}.wp-block-uagb-image--layout-overlay__inner.top-right,.wp-block-uagb-image--layout-overlay__inner.center-right,.wp-block-uagb-image--layout-overlay__inner.bottom-right{align-items:flex-end}.wp-block-uagb-image--layout-overlay__inner .uagb-image-heading{color:#fff;transition:transform .35s,opacity .35s ease-in-out;transform:translate3d(0, 24px, 0);margin:0;line-height:1em}.wp-block-uagb-image--layout-overlay__inner .uagb-image-separator{width:30%;border-top-width:2px;border-top-color:#fff;border-top-style:solid;margin-bottom:10px;opacity:0;transition:transform .4s,opacity .4s ease-in-out;transform:translate3d(0, 30px, 0)}.wp-block-uagb-image--layout-overlay__inner .uagb-image-caption{opacity:0;overflow:visible;color:#fff;transition:transform .45s,opacity .45s ease-in-out;transform:translate3d(0, 35px, 0)}.wp-block-uagb-image--layout-overlay__inner:hover .uagb-image-heading,.wp-block-uagb-image--layout-overlay__inner:hover .uagb-image-separator,.wp-block-uagb-image--layout-overlay__inner:hover .uagb-image-caption{opacity:1;transform:translate3d(0, 0, 0)}.wp-block-uagb-image--effect-zoomin .wp-block-uagb-image__figure img,.wp-block-uagb-image--effect-zoomin .wp-block-uagb-image__figure .wp-block-uagb-image--layout-overlay__color-wrapper{transform:scale(1);transition:transform .35s ease-in-out}.wp-block-uagb-image--effect-zoomin .wp-block-uagb-image__figure:hover img,.wp-block-uagb-image--effect-zoomin .wp-block-uagb-image__figure:hover .wp-block-uagb-image--layout-overlay__color-wrapper{transform:scale(1.05)}.wp-block-uagb-image--effect-slide .wp-block-uagb-image__figure img,.wp-block-uagb-image--effect-slide .wp-block-uagb-image__figure .wp-block-uagb-image--layout-overlay__color-wrapper{width:calc(100% + 40px) !important;max-width:none !important;transform:translate3d(-40px, 0, 0);transition:transform .35s ease-in-out}.wp-block-uagb-image--effect-slide .wp-block-uagb-image__figure:hover img,.wp-block-uagb-image--effect-slide .wp-block-uagb-image__figure:hover .wp-block-uagb-image--layout-overlay__color-wrapper{transform:translate3d(0, 0, 0)}.wp-block-uagb-image--effect-grayscale img{filter:grayscale(0%);transition:.35s ease-in-out}.wp-block-uagb-image--effect-grayscale:hover img{filter:grayscale(100%)}.wp-block-uagb-image--effect-blur img{filter:blur(0);transition:.35s ease-in-out}.wp-block-uagb-image--effect-blur:hover img{filter:blur(3px)}.uagb-block-e6f939b3.wp-block-uagb-image--layout-default figure img{box-shadow: 0px 0px 0 #00000070;}.uagb-block-e6f939b3.wp-block-uagb-image .wp-block-uagb-image__figure figcaption{font-style: normal;align-self: center;}.uagb-block-e6f939b3.wp-block-uagb-image--layout-overlay figure img{box-shadow: 0px 0px 0 #00000070;}.uagb-block-e6f939b3.wp-block-uagb-image--layout-overlay .wp-block-uagb-image--layout-overlay__color-wrapper{opacity: 0.2;}.uagb-block-e6f939b3.wp-block-uagb-image--layout-overlay .wp-block-uagb-image--layout-overlay__inner{left: 15px;right: 15px;top: 15px;bottom: 15px;}.uagb-block-e6f939b3.wp-block-uagb-image--layout-overlay .wp-block-uagb-image--layout-overlay__inner .uagb-image-heading{font-style: normal;color: #fff;opacity: 1;}.uagb-block-e6f939b3.wp-block-uagb-image--layout-overlay .wp-block-uagb-image--layout-overlay__inner .uagb-image-heading a{color: #fff;}.uagb-block-e6f939b3.wp-block-uagb-image--layout-overlay .wp-block-uagb-image--layout-overlay__inner .uagb-image-caption{opacity: 0;}.uagb-block-e6f939b3.wp-block-uagb-image--layout-overlay .wp-block-uagb-image__figure:hover .wp-block-uagb-image--layout-overlay__color-wrapper{opacity: 1;}.uagb-block-e6f939b3.wp-block-uagb-image .wp-block-uagb-image--layout-overlay__inner .uagb-image-separator{width: 30%;border-top-width: 2px;border-top-color: #fff;opacity: 0;}.uagb-block-e6f939b3.wp-block-uagb-image .wp-block-uagb-image__figure img{width: px;height: auto;}.uagb-block-e6f939b3.wp-block-uagb-image .wp-block-uagb-image__figure:hover .wp-block-uagb-image--layout-overlay__inner .uagb-image-caption{opacity: 1;}.uagb-block-e6f939b3.wp-block-uagb-image .wp-block-uagb-image__figure:hover .wp-block-uagb-image--layout-overlay__inner .uagb-image-separator{opacity: 1;}.uagb-block-e6f939b3.wp-block-uagb-image--layout-default figure:hover img{box-shadow: 0px 0px 0 #00000070;}.uagb-block-e6f939b3.wp-block-uagb-image--layout-overlay figure:hover img{box-shadow: 0px 0px 0 #00000070;}@media only screen and (max-width: 976px) {.uagb-block-e6f939b3.wp-block-uagb-image .wp-block-uagb-image__figure img{width: px;height: auto;}}@media only screen and (max-width: 767px) {.uagb-block-e6f939b3.wp-block-uagb-image .wp-block-uagb-image__figure img{width: px;height: auto;}}\";s:2:\"js\";s:0:\"\";s:18:\"current_block_list\";a:13:{i:0;s:11:\"core\/search\";i:1;s:10:\"core\/group\";i:2;s:12:\"core\/heading\";i:3;s:17:\"core\/latest-posts\";i:4;s:20:\"core\/latest-comments\";i:5;s:13:\"core\/archives\";i:6;s:15:\"core\/categories\";i:7;s:14:\"core\/paragraph\";i:8;s:10:\"uagb\/image\";i:9;s:11:\"core\/spacer\";i:10;s:30:\"woocommerce\/product-categories\";i:11;s:10:\"core\/image\";i:12;s:14:\"core\/shortcode\";}s:8:\"uag_flag\";b:1;s:11:\"uag_version\";s:10:\"1777101418\";s:6:\"gfonts\";a:0:{}s:10:\"gfonts_url\";s:0:\"\";s:12:\"gfonts_files\";a:0:{}s:14:\"uag_faq_layout\";b:0;}"]},"uagb_featured_image_src":{"full":["https:\/\/www.ferberpainting.com\/wp-content\/uploads\/2025\/05\/Clay-Water-Repellent-5L.png",2560,2560,false],"thumbnail":["https:\/\/www.ferberpainting.com\/wp-content\/uploads\/2025\/05\/Clay-Water-Repellent-5L-150x150.png",150,150,true],"medium":["https:\/\/www.ferberpainting.com\/wp-content\/uploads\/2025\/05\/Clay-Water-Repellent-5L-300x300.png",300,300,true],"medium_large":["https:\/\/www.ferberpainting.com\/wp-content\/uploads\/2025\/05\/Clay-Water-Repellent-5L-768x768.png",768,768,true],"large":["https:\/\/www.ferberpainting.com\/wp-content\/uploads\/2025\/05\/Clay-Water-Repellent-5L-1024x1024.png",1024,1024,true],"1536x1536":["https:\/\/www.ferberpainting.com\/wp-content\/uploads\/2025\/05\/Clay-Water-Repellent-5L-1536x1536.png",1536,1536,true],"2048x2048":["https:\/\/www.ferberpainting.com\/wp-content\/uploads\/2025\/05\/Clay-Water-Repellent-5L-2048x2048.png",2048,2048,true],"trp-custom-language-flag":["https:\/\/www.ferberpainting.com\/wp-content\/uploads\/2025\/05\/Clay-Water-Repellent-5L-12x12.png",12,12,true],"woocommerce_thumbnail":["https:\/\/www.ferberpainting.com\/wp-content\/uploads\/2025\/05\/Clay-Water-Repellent-5L-300x300.png",300,300,true],"woocommerce_single":["https:\/\/www.ferberpainting.com\/wp-content\/uploads\/2025\/05\/Clay-Water-Repellent-5L-600x600.png",600,600,true],"woocommerce_gallery_thumbnail":["https:\/\/www.ferberpainting.com\/wp-content\/uploads\/2025\/05\/Clay-Water-Repellent-5L-100x100.png",100,100,true]},"uagb_author_info":{"display_name":"admin","author_link":"https:\/\/www.ferberpainting.com\/hu\/author\/"},"uagb_comment_info":18,"uagb_excerpt":"Optimal Moisture Protection.\u00a0This clay waterproofer is specially formulated to create an effective hydrophobic barrier that prevents water and moisture from penetrating porous surfaces. It protects clay from water infiltration, liquid stains, and frost damage. When applied to decorative or functional clay objects, it ensures their durability and resistance to outdoor elements. Money-back guarantee.\u00a0We have full&hellip;","_links":{"self":[{"href":"https:\/\/www.ferberpainting.com\/hu\/wp-json\/wp\/v2\/product\/23140","targetHints":{"allow":["GET"]}}],"collection":[{"href":"https:\/\/www.ferberpainting.com\/hu\/wp-json\/wp\/v2\/product"}],"about":[{"href":"https:\/\/www.ferberpainting.com\/hu\/wp-json\/wp\/v2\/types\/product"}],"replies":[{"embeddable":true,"href":"https:\/\/www.ferberpainting.com\/hu\/wp-json\/wp\/v2\/comments?post=23140"}],"version-history":[{"count":5,"href":"https:\/\/www.ferberpainting.com\/hu\/wp-json\/wp\/v2\/product\/23140\/revisions"}],"predecessor-version":[{"id":166068,"href":"https:\/\/www.ferberpainting.com\/hu\/wp-json\/wp\/v2\/product\/23140\/revisions\/166068"}],"wp:featuredmedia":[{"embeddable":true,"href":"https:\/\/www.ferberpainting.com\/hu\/wp-json\/wp\/v2\/media\/36508"}],"wp:attachment":[{"href":"https:\/\/www.ferberpainting.com\/hu\/wp-json\/wp\/v2\/media?parent=23140"}],"wp:term":[{"taxonomy":"product_brand","embeddable":true,"href":"https:\/\/www.ferberpainting.com\/hu\/wp-json\/wp\/v2\/product_brand?post=23140"},{"taxonomy":"product_cat","embeddable":true,"href":"https:\/\/www.ferberpainting.com\/hu\/wp-json\/wp\/v2\/product_cat?post=23140"},{"taxonomy":"product_tag","embeddable":true,"href":"https:\/\/www.ferberpainting.com\/hu\/wp-json\/wp\/v2\/product_tag?post=23140"}],"curies":[{"name":"wp","href":"https:\/\/api.w.org\/{rel}","templated":true}]}}