{"id":23131,"date":"2025-07-01T17:13:12","date_gmt":"2025-07-01T15:13:12","guid":{"rendered":"https:\/\/www.ferberpainting.com\/?post_type=product&#038;p=23131"},"modified":"2026-02-15T13:25:35","modified_gmt":"2026-02-15T12:25:35","slug":"ceramic-cleaner","status":"publish","type":"product","link":"https:\/\/www.ferberpainting.com\/hu\/products\/ceramic-cleaner\/","title":{"rendered":"Ker\u00e1mia tiszt\u00edt\u00f3szer"},"content":{"rendered":"<p><img decoding=\"async\" style=\"margin-right: 12px;\" src=\"https:\/\/www.ferberpainting.com\/wp-content\/uploads\/2026\/02\/Check.svg\" alt=\"\" width=\"18\" height=\"15\" \/><strong>Optim\u00e1lis hat\u00e9konys\u00e1g.<\/strong>\u00a0Ez a ker\u00e1miatiszt\u00edt\u00f3 speci\u00e1lisan a szennyez\u0151d\u00e9sek, szappanmaradv\u00e1nyok, v\u00edzk\u0151foltok \u00e9s makacs foltok hat\u00e9kony elt\u00e1vol\u00edt\u00e1s\u00e1ra szolg\u00e1l, amelyek matt\u00edtj\u00e1k a ker\u00e1miafel\u00fcleteket. Er\u0151teljes formul\u00e1ja m\u00e9lyre hatol, hogy a szennyez\u0151d\u00e9seket a fel\u00fclet k\u00e1ros\u00edt\u00e1sa n\u00e9lk\u00fcl t\u00e1vol\u00edtsa el, tiszta, f\u00e9nyes \u00e9s ragyog\u00f3 fel\u00fcletet hagyva maga ut\u00e1n. Lehet\u0151v\u00e9 teszi a k\u00edm\u00e9letes tiszt\u00edt\u00e1st, mik\u00f6zben meg\u0151rzi a kezelt anyagok min\u0151s\u00e9g\u00e9t \u00e9s \u00e9ps\u00e9g\u00e9t.<\/p>\n<p><img decoding=\"async\" style=\"margin-right: 12px;\" src=\"https:\/\/www.ferberpainting.com\/wp-content\/uploads\/2026\/02\/Check.svg\" alt=\"\" width=\"18\" height=\"15\" \/><strong>P\u00e9nzvisszafizet\u00e9si garancia.<\/strong>\u00a0Teljes m\u00e9rt\u00e9kben b\u00edzunk ker\u00e1miatiszt\u00edt\u00f3nk hat\u00e9konys\u00e1g\u00e1ban. Ha a haszn\u00e1lat ut\u00e1n nem teljesen el\u00e9gedett az eredm\u00e9nnyel, teljes visszat\u00e9r\u00edt\u00e9sre jogosult. Pr\u00f3b\u00e1lja ki term\u00e9k\u00fcnket nyugodt sz\u00edvvel, \u00e9s biztos\u00edtsa az optim\u00e1lis tiszt\u00edt\u00e1st, k\u00f6nnyed\u00e9n \u00e9s tart\u00f3s nyomok n\u00e9lk\u00fcl.<\/p>\n<p><img decoding=\"async\" style=\"margin-right: 12px;\" src=\"https:\/\/www.ferberpainting.com\/wp-content\/uploads\/2026\/02\/Check.svg\" alt=\"\" width=\"18\" height=\"15\" \/><strong>Kiv\u00e9teles sokoldal\u00fas\u00e1g.<\/strong>\u00a0Ez a tiszt\u00edt\u00f3szer nem korl\u00e1toz\u00f3dik a ker\u00e1miafel\u00fcletekre! Olyan anyagokon is hat\u00e9kony, mint a k\u0151ed\u00e9nyek, a porcel\u00e1n, a csempe, a cser\u00e9p, az agyag\u00e1ru \u00e9s m\u00e9g n\u00e9h\u00e1ny nem por\u00f3zus term\u00e9szetes k\u0151 is. Ide\u00e1lis mosd\u00f3kagyl\u00f3k, munkalapok, h\u00e1tfalak, f\u00fcrd\u0151k\u00e1dak, zuhanyfalak, medenc\u00e9k \u00e9s csemp\u00e9zett fel\u00fcletek tiszt\u00edt\u00e1s\u00e1ra. Haszn\u00e1lata alkalmas mind a mag\u00e1nfelhaszn\u00e1l\u00f3k, mind a ker\u00e1mia berendez\u00e9seket karbantart\u00f3 szakemberek sz\u00e1m\u00e1ra egy er\u0151teljes \u00e9s sokoldal\u00fa term\u00e9kkel.<\/p>\n<p><img decoding=\"async\" style=\"margin-right: 12px;\" src=\"https:\/\/www.ferberpainting.com\/wp-content\/uploads\/2026\/02\/Check.svg\" alt=\"\" width=\"18\" height=\"15\" \/><strong>K\u00f6lts\u00e9ghat\u00e9kony teljes\u00edtm\u00e9ny.<\/strong>\u00a0Az 5 literes tart\u00e1ly\u00e1nak \u00e9s a magas koncentr\u00e1ci\u00f3nak k\u00f6sz\u00f6nhet\u0151en ez a tiszt\u00edt\u00f3szer kiv\u00e1l\u00f3 \u00e9rt\u00e9ket k\u00edn\u00e1l. Kis mennyis\u00e9g is elegend\u0151 egy nagy fel\u00fclet pazarl\u00e1s n\u00e9lk\u00fcli tiszt\u00edt\u00e1s\u00e1hoz. \u00c1tlagosan egy liter term\u00e9kkel ak\u00e1r 80 m\u00b2 ker\u00e1miafel\u00fcletet is kezelhet, \u00edgy k\u00f6lts\u00e9ghat\u00e9kony \u00e9s hat\u00e9kony megold\u00e1s rendszeres vagy intenz\u00edv haszn\u00e1latra.<\/p>\n<p><img decoding=\"async\" style=\"margin-right: 12px;\" src=\"https:\/\/www.ferberpainting.com\/wp-content\/uploads\/2026\/02\/Check.svg\" alt=\"\" width=\"18\" height=\"15\" \/><strong>Biztons\u00e1gosan haszn\u00e1lhat\u00f3.<\/strong>\u00a0A kem\u00e9ny savakat tartalmaz\u00f3 tiszt\u00edt\u00f3szerekkel ellent\u00e9tben, amelyek k\u00e1ros\u00edthatj\u00e1k a ker\u00e1mi\u00e1t \u00e9s felgyors\u00edthatj\u00e1k az \u00f6reged\u00e9st, ez a tiszt\u00edt\u00f3szer a fel\u00fcletek \u00e9s az eg\u00e9szs\u00e9g szempontj\u00e1b\u00f3l k\u00e1ros anyagok n\u00e9lk\u00fcl k\u00e9sz\u00fclt. Nem okoz korr\u00f3zi\u00f3t, nem gyeng\u00edti az anyagokat, \u00e9s tiszteletben tartja a fel\u00fcleteket. Nem bocs\u00e1t ki irrit\u00e1l\u00f3 g\u0151z\u00f6ket, \u00edgy m\u00e9g rosszul szell\u0151z\u0151 helyis\u00e9gekben is biztons\u00e1gosan haszn\u00e1lhat\u00f3.<\/p>\n<p><img decoding=\"async\" style=\"margin-right: 12px;\" src=\"https:\/\/www.ferberpainting.com\/wp-content\/uploads\/2026\/02\/Check.svg\" alt=\"\" width=\"18\" height=\"15\" \/><strong>K\u00f6nny\u0171 haszn\u00e1lat.<\/strong>\u00a0Ez a term\u00e9k azonnal felhaszn\u00e1lhat\u00f3, nem ig\u00e9nyel h\u00edg\u00edt\u00e1st vagy \u00f6sszetett el\u0151k\u00e9sz\u00edt\u00e9st. K\u00f6zvetlen\u00fcl a fel\u00fcletre kell felvinni egy rongy, szivacs vagy mikrosz\u00e1las felmos\u00f3rongy seg\u00edts\u00e9g\u00e9vel. Gyors hat\u00e1sa percek alatt elt\u00e1vol\u00edtja a szennyez\u0151d\u00e9seket, nincs sz\u00fcks\u00e9g t\u00falzott s\u00farol\u00e1sra vagy \u00f6bl\u00edt\u00e9sre. Intuit\u00edv haszn\u00e1lata m\u00e9g a ker\u00e1mia karbantart\u00e1s\u00e1ban nem j\u00e1rtas felhaszn\u00e1l\u00f3k sz\u00e1m\u00e1ra is el\u00e9rhet\u0151v\u00e9 teszi.<\/p>\n<p><img decoding=\"async\" style=\"margin-right: 12px;\" src=\"https:\/\/www.ferberpainting.com\/wp-content\/uploads\/2026\/02\/Check.svg\" alt=\"\" width=\"18\" height=\"15\" \/><strong>Kiterjesztett tart\u00f3ss\u00e1g.<\/strong>\u00a0A v\u00edzk\u0151, a foltok \u00e9s a szappanlerak\u00f3d\u00e1s rendszeres elt\u00e1vol\u00edt\u00e1s\u00e1val ez a tiszt\u00edt\u00f3szer seg\u00edt meghosszabb\u00edtani a ker\u00e1miafel\u00fcletek \u00e9lettartam\u00e1t, \u00e9s hossz\u00fa t\u00e1von meg\u0151rzi term\u00e9szetes f\u00e9ny\u00fcket. Megakad\u00e1lyozza a fel\u00fcletek elsz\u00ednez\u0151d\u00e9s\u00e9t \u00e9s a kop\u00e1s felgyorsul\u00e1s\u00e1t okoz\u00f3 lerak\u00f3d\u00e1sokat. A rendszeres karbantart\u00e1s ezzel a term\u00e9kkel seg\u00edt elker\u00fclni a k\u00f6lts\u00e9ges jav\u00edt\u00e1sokat, valamint tiszt\u00e1n \u00e9s j\u00f3l v\u00e9dve tartja a fel\u00fcleteket.<\/p>\n<p><img decoding=\"async\" style=\"margin-right: 12px;\" src=\"https:\/\/www.ferberpainting.com\/wp-content\/uploads\/2026\/02\/Check.svg\" alt=\"\" width=\"18\" height=\"15\" \/><strong>Gyors akci\u00f3.<\/strong>\u00a0A rendk\u00edv\u00fcl akt\u00edv formul\u00e1nak k\u00f6sz\u00f6nhet\u0151en ez a tiszt\u00edt\u00f3szer azonnal hat a foltokra \u00e9s a lerak\u00f3d\u00e1sokra. N\u00e9h\u00e1ny perc alatt feloldja a szennyez\u0151d\u00e9seket, \u00e9s nagyobb er\u0151fesz\u00edt\u00e9s n\u00e9lk\u00fcl k\u00f6nnyen elt\u00e1vol\u00edthat\u00f3v\u00e1 teszi azokat. Lehet\u0151v\u00e9 teszi a ker\u00e1mia \u00e9s hasonl\u00f3 anyagok gyors \u00e9s hat\u00e9kony karbantart\u00e1s\u00e1t.<\/p>\n<h2><strong>Haszn\u00e1lati protokoll<\/strong><\/h2>\n<ul>\n<li><strong>El\u0151k\u00e9sz\u00edt\u00e9s<\/strong>: Gy\u0151z\u0151dj\u00f6n meg r\u00f3la, hogy a ker\u00e1miafel\u00fclet sz\u00e1raz \u00e9s por- \u00e9s t\u00f6rmel\u00e9kmentes. Ha a ter\u00fclet er\u0151sen szennyezett, aj\u00e1nlott sz\u00e1raz ruh\u00e1val vagy puha kef\u00e9vel el\u0151porolni.<\/li>\n<li><strong>K\u00e9zi alkalmaz\u00e1s<\/strong>: \u00d6nts\u00f6n egy kis mennyis\u00e9g\u0171 tiszt\u00edt\u00f3szert egy tiszta ruh\u00e1ra vagy szivacsra, majd egyenletesen, k\u00f6rk\u00f6r\u00f6s mozdulatokkal vigye fel, hogy a term\u00e9k besz\u00edvja \u00e9s feloldja a szennyez\u0151d\u00e9st.<\/li>\n<li><strong>Nagy fel\u00fcleti haszn\u00e1lat <\/strong>: Ker\u00e1miapadl\u00f3k, csemp\u00e9zett falak vagy nagym\u00e9ret\u0171 munkalapok tiszt\u00edt\u00e1s\u00e1hoz haszn\u00e1ljon sz\u00f3r\u00f3fejes flakont a term\u00e9k egyenletes eloszlat\u00e1s\u00e1hoz. Hagyja hatni n\u00e9h\u00e1ny percig, hogy feloldja a lerak\u00f3d\u00e1sokat, majd t\u00f6r\u00f6lje le sz\u00e1raz ruh\u00e1val vagy \u00f6bl\u00edtse le tiszta v\u00edzzel.<\/li>\n<li><strong>Makacs foltok kezel\u00e9se <\/strong>: Er\u0151sen szennyezett ter\u00fcletek vagy zs\u00edrfoltok eset\u00e9n vigyen fel nagyobb mennyis\u00e9g\u0171 term\u00e9ket, \u00e9s hagyja hatni 5-10 percig. Haszn\u00e1ljon puha kef\u00e9t, hogy a szennyez\u0151d\u00e9seket a fel\u00fclet megkarcol\u00e1sa n\u00e9lk\u00fcl emelje fel. Az optim\u00e1lis tiszt\u00edt\u00e1s \u00e9rdek\u00e9ben sz\u00fcks\u00e9g eset\u00e9n ism\u00e9telje meg a m\u0171veletet.<\/li>\n<li><strong>\u00d6bl\u00edt\u00e9s \u00e9s t\u00f6rl\u00e9s <\/strong>: Sz\u00e1raz vagy enyh\u00e9n nedves ruh\u00e1val t\u00f6r\u00f6lje le a term\u00e9kmaradv\u00e1nyok elt\u00e1vol\u00edt\u00e1sa \u00e9s a foltmentes, cs\u00edkmentes fel\u00fclet biztos\u00edt\u00e1sa \u00e9rdek\u00e9ben. K\u00fcls\u0151 elemekn\u00e9l sz\u00fcks\u00e9g lehet tiszta v\u00edzzel t\u00f6rt\u00e9n\u0151 \u00f6bl\u00edt\u00e9sre.<\/li>\n<li><strong>Pol\u00edroz\u00e1s \u00e9s v\u00e9delem <\/strong>: A m\u00e9g f\u00e9nyesebb, tiszt\u00e1bb fel\u00fclet \u00e9rdek\u00e9ben t\u00f6r\u00f6lje \u00e1t egy tiszta, sz\u00e1raz ruh\u00e1val a ker\u00e1mia f\u00e9nyesre pol\u00edroz\u00e1s\u00e1hoz \u00e9s \u00fajj\u00e1\u00e9leszt\u00e9s\u00e9hez. A rendszeres tiszt\u00edt\u00e1s seg\u00edt megel\u0151zni az \u00fajabb foltok kialakul\u00e1s\u00e1t, \u00e9s megk\u00f6nny\u00edti a k\u00e9s\u0151bbi karbantart\u00e1st.<\/li>\n<li><strong>Haszn\u00e1lat gyakoris\u00e1ga <\/strong>: Hetente egyszer vagy k\u00e9tszer alkalmazza a rendszeres tiszt\u00edt\u00e1s \u00e9s a szennyez\u0151d\u00e9sek felhalmoz\u00f3d\u00e1s\u00e1nak megel\u0151z\u00e9se \u00e9rdek\u00e9ben. S\u0171r\u0171n haszn\u00e1lt ter\u00fcleteken, mint p\u00e9ld\u00e1ul konyh\u00e1ban vagy f\u00fcrd\u0151szob\u00e1ban, gyakoribb tiszt\u00edt\u00e1s aj\u00e1nlott az optim\u00e1lis v\u00e9delem biztos\u00edt\u00e1sa \u00e9rdek\u00e9ben.<\/li>\n<li><strong>T\u00e1rol\u00e1s <\/strong>: A term\u00e9k hossz\u00fa t\u00e1v\u00fa hat\u00e9konys\u00e1g\u00e1nak meg\u0151rz\u00e9se \u00e9rdek\u00e9ben minden haszn\u00e1lat ut\u00e1n szorosan z\u00e1rja le a tart\u00e1lyt, \u00e9s t\u00e1rolja h\u0171v\u00f6s, sz\u00e1raz, f\u00e9nyt\u0151l \u00e9s sz\u00e9ls\u0151s\u00e9ges h\u0151m\u00e9rs\u00e9klett\u0151l v\u00e9dett helyen.<\/li>\n<\/ul>\n<p>Ker\u00e1miatiszt\u00edt\u00f3nkkal \u00e9lvezheti a hat\u00e9kony, er\u0151fesz\u00edt\u00e9s n\u00e9lk\u00fcli karbantart\u00e1st, mik\u00f6zben meg\u0151rzi fel\u00fcleteinek f\u00e9ny\u00e9t \u00e9s tart\u00f3ss\u00e1g\u00e1t. Ide\u00e1lis megold\u00e1s a ker\u00e1mi\u00e1hoz, amely minden helyzetben tiszta, v\u00e9dett \u00e9s ragyog\u00f3 marad.<\/p>","protected":false},"excerpt":{"rendered":"<p>Optimal Efficiency.\u00a0This ceramic cleaner is specially formulated to effectively remove dirt, soap residues, limescale marks, and stubborn stains that dull ceramic surfaces. Its powerful formula penetrates deep to lift impurities without damaging the surface, leaving a clean, shiny, and brilliant finish. It allows for gentle cleaning while preserving the quality and integrity of treated materials. [&hellip;]<\/p>\n","protected":false},"featured_media":36491,"comment_status":"open","ping_status":"closed","template":"","meta":{"_uag_custom_page_level_css":"","site-sidebar-layout":"default","site-content-layout":"","ast-site-content-layout":"default","site-content-style":"default","site-sidebar-style":"default","ast-global-header-display":"","ast-banner-title-visibility":"","ast-main-header-display":"","ast-hfb-above-header-display":"","ast-hfb-below-header-display":"","ast-hfb-mobile-header-display":"","site-post-title":"","ast-breadcrumbs-content":"","ast-featured-img":"","footer-sml-layout":"","ast-disable-related-posts":"","theme-transparent-header-meta":"default","adv-header-id-meta":"","stick-header-meta":"","header-above-stick-meta":"","header-main-stick-meta":"","header-below-stick-meta":"","astra-migrate-meta-layouts":"set","ast-page-background-enabled":"default","ast-page-background-meta":{"desktop":{"background-color":"var(--ast-global-color-4)","background-image":"","background-repeat":"repeat","background-position":"center center","background-size":"auto","background-attachment":"scroll","background-type":"","background-media":"","overlay-type":"","overlay-color":"","overlay-opacity":"","overlay-gradient":""},"tablet":{"background-color":"","background-image":"","background-repeat":"repeat","background-position":"center center","background-size":"auto","background-attachment":"scroll","background-type":"","background-media":"","overlay-type":"","overlay-color":"","overlay-opacity":"","overlay-gradient":""},"mobile":{"background-color":"","background-image":"","background-repeat":"repeat","background-position":"center center","background-size":"auto","background-attachment":"scroll","background-type":"","background-media":"","overlay-type":"","overlay-color":"","overlay-opacity":"","overlay-gradient":""}},"ast-content-background-meta":{"desktop":{"background-color":"var(--ast-global-color-5)","background-image":"","background-repeat":"repeat","background-position":"center center","background-size":"auto","background-attachment":"scroll","background-type":"","background-media":"","overlay-type":"","overlay-color":"","overlay-opacity":"","overlay-gradient":""},"tablet":{"background-color":"var(--ast-global-color-5)","background-image":"","background-repeat":"repeat","background-position":"center center","background-size":"auto","background-attachment":"scroll","background-type":"","background-media":"","overlay-type":"","overlay-color":"","overlay-opacity":"","overlay-gradient":""},"mobile":{"background-color":"var(--ast-global-color-5)","background-image":"","background-repeat":"repeat","background-position":"center center","background-size":"auto","background-attachment":"scroll","background-type":"","background-media":"","overlay-type":"","overlay-color":"","overlay-opacity":"","overlay-gradient":""}}},"product_brand":[],"product_cat":[175],"product_tag":[],"class_list":{"0":"post-23131","1":"product","2":"type-product","3":"status-publish","4":"has-post-thumbnail","6":"product_cat-cleaning-products","7":"desktop-align-left","8":"tablet-align-left","9":"mobile-align-left","11":"first","12":"instock","13":"sale","14":"taxable","15":"shipping-taxable","16":"purchasable","17":"product-type-variable","18":"has-default-attributes"},"spectra_custom_meta":{"_visibility":["visible"],"_shopify_product_id":["9106512675061"],"_s2w_shopify_domain":["ferberpainting.myshopify.com"],"_shopify_variant_id":["46626220769525"],"_sku":[""],"_manage_stock":["no"],"total_sales":["18"],"_tax_status":["taxable"],"_tax_class":[""],"_backorders":["no"],"_sold_individually":["no"],"_virtual":["no"],"_downloadable":["no"],"_download_limit":["-1"],"_download_expiry":["-1"],"_stock":[null],"_stock_status":["instock"],"_wc_average_rating":["5.00"],"_wc_review_count":["12"],"_product_attributes":["a:1:{s:6:\"volume\";a:6:{s:4:\"name\";s:6:\"Volume\";s:5:\"value\";s:20:\"5 liters | 25 liters\";s:8:\"position\";i:1;s:10:\"is_visible\";i:0;s:12:\"is_variation\";i:1;s:11:\"is_taxonomy\";i:0;}}"],"_product_version":["10.5.1"],"wpse_downloadable_file_names":[""],"wpse_downloadable_file_urls":[""],"_edit_last":["1"],"_default_attributes":["a:1:{s:6:\"volume\";s:8:\"5 liters\";}"],"_edit_lock":["1771158196:1"],"_price":["29.90","129.90"],"merchant-center-availability":["yes"],"merchant-center-category":["4973"],"_thumbnail_id":["36491"],"_wp_page_template":["default"],"_product_image_gallery":["36492"],"site-sidebar-layout":["default"],"ast-site-content-layout":["default"],"site-content-style":["default"],"site-sidebar-style":["default"],"theme-transparent-header-meta":["default"],"_wc_rating_count":["a:1:{i:5;i:12;}"],"astra-migrate-meta-layouts":["set"],"_uag_css_file_name":["uag-css-23131.css"],"_elementor_page_assets":["a:0:{}"],"_uag_page_assets":["a:9:{s:3:\"css\";s:7133:\".uag-blocks-common-selector{z-index:var(--z-index-desktop) !important}@media(max-width: 976px){.uag-blocks-common-selector{z-index:var(--z-index-tablet) !important}}@media(max-width: 767px){.uag-blocks-common-selector{z-index:var(--z-index-mobile) !important}}.wp-block-uagb-image{display:flex}.wp-block-uagb-image__figure{position:relative;display:flex;flex-direction:column;max-width:100%;height:auto;margin:0}.wp-block-uagb-image__figure img{height:auto;display:flex;max-width:100%;transition:box-shadow .2s ease}.wp-block-uagb-image__figure>a{display:inline-block}.wp-block-uagb-image__figure figcaption{text-align:center;margin-top:.5em;margin-bottom:1em}.wp-block-uagb-image .components-placeholder.block-editor-media-placeholder .components-placeholder__instructions{align-self:center}.wp-block-uagb-image--align-left{text-align:left}.wp-block-uagb-image--align-right{text-align:right}.wp-block-uagb-image--align-center{text-align:center}.wp-block-uagb-image--align-full .wp-block-uagb-image__figure{margin-left:calc(50% - 50vw);margin-right:calc(50% - 50vw);max-width:100vw;width:100vw;height:auto}.wp-block-uagb-image--align-full .wp-block-uagb-image__figure img{height:auto;width:100% !important}.wp-block-uagb-image--align-wide .wp-block-uagb-image__figure img{height:auto;width:100%}.wp-block-uagb-image--layout-overlay__color-wrapper{position:absolute;left:0;top:0;right:0;bottom:0;opacity:.2;background:rgba(0,0,0,.5);transition:opacity .35s ease-in-out}.wp-block-uagb-image--layout-overlay-link{position:absolute;left:0;right:0;bottom:0;top:0}.wp-block-uagb-image--layout-overlay .wp-block-uagb-image__figure:hover .wp-block-uagb-image--layout-overlay__color-wrapper{opacity:1}.wp-block-uagb-image--layout-overlay__inner{position:absolute;left:15px;right:15px;bottom:15px;top:15px;display:flex;align-items:center;justify-content:center;flex-direction:column;border-color:#fff;transition:.35s ease-in-out}.wp-block-uagb-image--layout-overlay__inner.top-left,.wp-block-uagb-image--layout-overlay__inner.top-center,.wp-block-uagb-image--layout-overlay__inner.top-right{justify-content:flex-start}.wp-block-uagb-image--layout-overlay__inner.bottom-left,.wp-block-uagb-image--layout-overlay__inner.bottom-center,.wp-block-uagb-image--layout-overlay__inner.bottom-right{justify-content:flex-end}.wp-block-uagb-image--layout-overlay__inner.top-left,.wp-block-uagb-image--layout-overlay__inner.center-left,.wp-block-uagb-image--layout-overlay__inner.bottom-left{align-items:flex-start}.wp-block-uagb-image--layout-overlay__inner.top-right,.wp-block-uagb-image--layout-overlay__inner.center-right,.wp-block-uagb-image--layout-overlay__inner.bottom-right{align-items:flex-end}.wp-block-uagb-image--layout-overlay__inner .uagb-image-heading{color:#fff;transition:transform .35s,opacity .35s ease-in-out;transform:translate3d(0, 24px, 0);margin:0;line-height:1em}.wp-block-uagb-image--layout-overlay__inner .uagb-image-separator{width:30%;border-top-width:2px;border-top-color:#fff;border-top-style:solid;margin-bottom:10px;opacity:0;transition:transform .4s,opacity .4s ease-in-out;transform:translate3d(0, 30px, 0)}.wp-block-uagb-image--layout-overlay__inner .uagb-image-caption{opacity:0;overflow:visible;color:#fff;transition:transform .45s,opacity .45s ease-in-out;transform:translate3d(0, 35px, 0)}.wp-block-uagb-image--layout-overlay__inner:hover .uagb-image-heading,.wp-block-uagb-image--layout-overlay__inner:hover .uagb-image-separator,.wp-block-uagb-image--layout-overlay__inner:hover .uagb-image-caption{opacity:1;transform:translate3d(0, 0, 0)}.wp-block-uagb-image--effect-zoomin .wp-block-uagb-image__figure img,.wp-block-uagb-image--effect-zoomin .wp-block-uagb-image__figure .wp-block-uagb-image--layout-overlay__color-wrapper{transform:scale(1);transition:transform .35s ease-in-out}.wp-block-uagb-image--effect-zoomin .wp-block-uagb-image__figure:hover img,.wp-block-uagb-image--effect-zoomin .wp-block-uagb-image__figure:hover .wp-block-uagb-image--layout-overlay__color-wrapper{transform:scale(1.05)}.wp-block-uagb-image--effect-slide .wp-block-uagb-image__figure img,.wp-block-uagb-image--effect-slide .wp-block-uagb-image__figure .wp-block-uagb-image--layout-overlay__color-wrapper{width:calc(100% + 40px) !important;max-width:none !important;transform:translate3d(-40px, 0, 0);transition:transform .35s ease-in-out}.wp-block-uagb-image--effect-slide .wp-block-uagb-image__figure:hover img,.wp-block-uagb-image--effect-slide .wp-block-uagb-image__figure:hover .wp-block-uagb-image--layout-overlay__color-wrapper{transform:translate3d(0, 0, 0)}.wp-block-uagb-image--effect-grayscale img{filter:grayscale(0%);transition:.35s ease-in-out}.wp-block-uagb-image--effect-grayscale:hover img{filter:grayscale(100%)}.wp-block-uagb-image--effect-blur img{filter:blur(0);transition:.35s ease-in-out}.wp-block-uagb-image--effect-blur:hover img{filter:blur(3px)}.uagb-block-e6f939b3.wp-block-uagb-image--layout-default figure img{box-shadow: 0px 0px 0 #00000070;}.uagb-block-e6f939b3.wp-block-uagb-image .wp-block-uagb-image__figure figcaption{font-style: normal;align-self: center;}.uagb-block-e6f939b3.wp-block-uagb-image--layout-overlay figure img{box-shadow: 0px 0px 0 #00000070;}.uagb-block-e6f939b3.wp-block-uagb-image--layout-overlay .wp-block-uagb-image--layout-overlay__color-wrapper{opacity: 0.2;}.uagb-block-e6f939b3.wp-block-uagb-image--layout-overlay .wp-block-uagb-image--layout-overlay__inner{left: 15px;right: 15px;top: 15px;bottom: 15px;}.uagb-block-e6f939b3.wp-block-uagb-image--layout-overlay .wp-block-uagb-image--layout-overlay__inner .uagb-image-heading{font-style: normal;color: #fff;opacity: 1;}.uagb-block-e6f939b3.wp-block-uagb-image--layout-overlay .wp-block-uagb-image--layout-overlay__inner .uagb-image-heading a{color: #fff;}.uagb-block-e6f939b3.wp-block-uagb-image--layout-overlay .wp-block-uagb-image--layout-overlay__inner .uagb-image-caption{opacity: 0;}.uagb-block-e6f939b3.wp-block-uagb-image--layout-overlay .wp-block-uagb-image__figure:hover .wp-block-uagb-image--layout-overlay__color-wrapper{opacity: 1;}.uagb-block-e6f939b3.wp-block-uagb-image .wp-block-uagb-image--layout-overlay__inner .uagb-image-separator{width: 30%;border-top-width: 2px;border-top-color: #fff;opacity: 0;}.uagb-block-e6f939b3.wp-block-uagb-image .wp-block-uagb-image__figure img{width: px;height: auto;}.uagb-block-e6f939b3.wp-block-uagb-image .wp-block-uagb-image__figure:hover .wp-block-uagb-image--layout-overlay__inner .uagb-image-caption{opacity: 1;}.uagb-block-e6f939b3.wp-block-uagb-image .wp-block-uagb-image__figure:hover .wp-block-uagb-image--layout-overlay__inner .uagb-image-separator{opacity: 1;}.uagb-block-e6f939b3.wp-block-uagb-image--layout-default figure:hover img{box-shadow: 0px 0px 0 #00000070;}.uagb-block-e6f939b3.wp-block-uagb-image--layout-overlay figure:hover img{box-shadow: 0px 0px 0 #00000070;}@media only screen and (max-width: 976px) {.uagb-block-e6f939b3.wp-block-uagb-image .wp-block-uagb-image__figure img{width: px;height: auto;}}@media only screen and (max-width: 767px) {.uagb-block-e6f939b3.wp-block-uagb-image .wp-block-uagb-image__figure img{width: px;height: auto;}}\";s:2:\"js\";s:0:\"\";s:18:\"current_block_list\";a:13:{i:0;s:11:\"core\/search\";i:1;s:10:\"core\/group\";i:2;s:12:\"core\/heading\";i:3;s:17:\"core\/latest-posts\";i:4;s:20:\"core\/latest-comments\";i:5;s:13:\"core\/archives\";i:6;s:15:\"core\/categories\";i:7;s:14:\"core\/paragraph\";i:8;s:10:\"uagb\/image\";i:9;s:11:\"core\/spacer\";i:10;s:30:\"woocommerce\/product-categories\";i:11;s:10:\"core\/image\";i:12;s:14:\"core\/shortcode\";}s:8:\"uag_flag\";b:1;s:11:\"uag_version\";s:10:\"1777228793\";s:6:\"gfonts\";a:0:{}s:10:\"gfonts_url\";s:0:\"\";s:12:\"gfonts_files\";a:0:{}s:14:\"uag_faq_layout\";b:0;}"]},"uagb_featured_image_src":{"full":["https:\/\/www.ferberpainting.com\/wp-content\/uploads\/2025\/07\/Ceramic-Cleaner-5L-.png",2560,2560,false],"thumbnail":["https:\/\/www.ferberpainting.com\/wp-content\/uploads\/2025\/07\/Ceramic-Cleaner-5L--150x150.png",150,150,true],"medium":["https:\/\/www.ferberpainting.com\/wp-content\/uploads\/2025\/07\/Ceramic-Cleaner-5L--300x300.png",300,300,true],"medium_large":["https:\/\/www.ferberpainting.com\/wp-content\/uploads\/2025\/07\/Ceramic-Cleaner-5L--768x768.png",768,768,true],"large":["https:\/\/www.ferberpainting.com\/wp-content\/uploads\/2025\/07\/Ceramic-Cleaner-5L--1024x1024.png",1024,1024,true],"1536x1536":["https:\/\/www.ferberpainting.com\/wp-content\/uploads\/2025\/07\/Ceramic-Cleaner-5L--1536x1536.png",1536,1536,true],"2048x2048":["https:\/\/www.ferberpainting.com\/wp-content\/uploads\/2025\/07\/Ceramic-Cleaner-5L--2048x2048.png",2048,2048,true],"trp-custom-language-flag":["https:\/\/www.ferberpainting.com\/wp-content\/uploads\/2025\/07\/Ceramic-Cleaner-5L--12x12.png",12,12,true],"woocommerce_thumbnail":["https:\/\/www.ferberpainting.com\/wp-content\/uploads\/2025\/07\/Ceramic-Cleaner-5L--300x300.png",300,300,true],"woocommerce_single":["https:\/\/www.ferberpainting.com\/wp-content\/uploads\/2025\/07\/Ceramic-Cleaner-5L--600x600.png",600,600,true],"woocommerce_gallery_thumbnail":["https:\/\/www.ferberpainting.com\/wp-content\/uploads\/2025\/07\/Ceramic-Cleaner-5L--100x100.png",100,100,true]},"uagb_author_info":{"display_name":"admin","author_link":"https:\/\/www.ferberpainting.com\/hu\/author\/"},"uagb_comment_info":12,"uagb_excerpt":"Optimal Efficiency.\u00a0This ceramic cleaner is specially formulated to effectively remove dirt, soap residues, limescale marks, and stubborn stains that dull ceramic surfaces. Its powerful formula penetrates deep to lift impurities without damaging the surface, leaving a clean, shiny, and brilliant finish. It allows for gentle cleaning while preserving the quality and integrity of treated materials.&hellip;","_links":{"self":[{"href":"https:\/\/www.ferberpainting.com\/hu\/wp-json\/wp\/v2\/product\/23131","targetHints":{"allow":["GET"]}}],"collection":[{"href":"https:\/\/www.ferberpainting.com\/hu\/wp-json\/wp\/v2\/product"}],"about":[{"href":"https:\/\/www.ferberpainting.com\/hu\/wp-json\/wp\/v2\/types\/product"}],"replies":[{"embeddable":true,"href":"https:\/\/www.ferberpainting.com\/hu\/wp-json\/wp\/v2\/comments?post=23131"}],"version-history":[{"count":5,"href":"https:\/\/www.ferberpainting.com\/hu\/wp-json\/wp\/v2\/product\/23131\/revisions"}],"predecessor-version":[{"id":166063,"href":"https:\/\/www.ferberpainting.com\/hu\/wp-json\/wp\/v2\/product\/23131\/revisions\/166063"}],"wp:featuredmedia":[{"embeddable":true,"href":"https:\/\/www.ferberpainting.com\/hu\/wp-json\/wp\/v2\/media\/36491"}],"wp:attachment":[{"href":"https:\/\/www.ferberpainting.com\/hu\/wp-json\/wp\/v2\/media?parent=23131"}],"wp:term":[{"taxonomy":"product_brand","embeddable":true,"href":"https:\/\/www.ferberpainting.com\/hu\/wp-json\/wp\/v2\/product_brand?post=23131"},{"taxonomy":"product_cat","embeddable":true,"href":"https:\/\/www.ferberpainting.com\/hu\/wp-json\/wp\/v2\/product_cat?post=23131"},{"taxonomy":"product_tag","embeddable":true,"href":"https:\/\/www.ferberpainting.com\/hu\/wp-json\/wp\/v2\/product_tag?post=23131"}],"curies":[{"name":"wp","href":"https:\/\/api.w.org\/{rel}","templated":true}]}}