{"id":23120,"date":"2025-05-26T10:22:50","date_gmt":"2025-05-26T08:22:50","guid":{"rendered":"https:\/\/www.ferberpainting.com\/products\/cactus-fertilizer\/"},"modified":"2026-02-15T13:22:04","modified_gmt":"2026-02-15T12:22:04","slug":"cactus-fertilizer","status":"publish","type":"product","link":"https:\/\/www.ferberpainting.com\/hu\/products\/cactus-fertilizer\/","title":{"rendered":"Kaktusz m\u0171tr\u00e1gya"},"content":{"rendered":"<p><img decoding=\"async\" style=\"margin-right: 12px;\" src=\"https:\/\/www.ferberpainting.com\/wp-content\/uploads\/2026\/02\/Check.svg\" alt=\"\" width=\"18\" height=\"15\" \/><strong>Teljes \u00e9rt\u00e9k\u0171 t\u00e1panyag a t\u00f6k\u00e9letes eg\u00e9szs\u00e9g\u0171 kaktuszok sz\u00e1m\u00e1ra.<\/strong>\u00a0Ezt a kaktusztr\u00e1gy\u00e1t kifejezetten arra tervezt\u00e9k, hogy a zamatos \u00e9s kaktuszos n\u00f6v\u00e9nyeket minden sz\u00fcks\u00e9ges t\u00e1panyaggal ell\u00e1ssa a n\u00f6veked\u00e9s\u00fckh\u00f6z, vir\u00e1gz\u00e1sukhoz \u00e9s a sz\u00e9ls\u0151s\u00e9ges k\u00f6r\u00fclm\u00e9nyekkel szembeni ellen\u00e1ll\u00f3 k\u00e9pess\u00e9g\u00fckh\u00f6z. NPK 15-15-15 \u00f6sszet\u00e9tel\u00e9nek k\u00f6sz\u00f6nhet\u0151en ide\u00e1lis egyens\u00falyt biztos\u00edt a nitrog\u00e9n (N), amely el\u0151seg\u00edti az eg\u00e9szs\u00e9ges lombozatot, a foszfor (P), amely er\u0151s\u00edti a gy\u00f6k\u00e9rfejl\u0151d\u00e9st, \u00e9s a k\u00e1lium (K) k\u00f6z\u00f6tt, amely jav\u00edtja a betegs\u00e9gekkel \u00e9s a v\u00edzstresszel szembeni ellen\u00e1ll\u00e1st. \u00cdgy ellen\u0151rz\u00f6tt n\u00f6veked\u00e9st \u00e9s b\u0151s\u00e9ges vir\u00e1gz\u00e1st biztos\u00edt a t\u00falzott veget\u00e1ci\u00f3 vesz\u00e9lye n\u00e9lk\u00fcl.<\/p>\n<p><img decoding=\"async\" style=\"margin-right: 12px;\" src=\"https:\/\/www.ferberpainting.com\/wp-content\/uploads\/2026\/02\/Check.svg\" alt=\"\" width=\"18\" height=\"15\" \/><strong>P\u00e9nzvisszafizet\u00e9si garancia.<\/strong>\u00a0Teljesen megb\u00edzunk kaktusztr\u00e1gy\u00e1nk hat\u00e9konys\u00e1g\u00e1ban, ez\u00e9rt p\u00e9nzvisszafizet\u00e9si garanci\u00e1t v\u00e1llalunk. Ha az aj\u00e1nl\u00e1soknak megfelel\u0151 haszn\u00e1lat ut\u00e1n nem tapasztal l\u00e1that\u00f3 javul\u00e1st kaktuszai n\u00f6veked\u00e9s\u00e9ben \u00e9s vitalit\u00e1s\u00e1ban, felt\u00e9tel n\u00e9lk\u00fcl k\u00e9rheti a p\u00e9nzvisszat\u00e9r\u00edt\u00e9st, \u00edgy biztos\u00edtva a kock\u00e1zatmentes v\u00e1s\u00e1rl\u00e1st.<\/p>\n<p><img decoding=\"async\" style=\"margin-right: 12px;\" src=\"https:\/\/www.ferberpainting.com\/wp-content\/uploads\/2026\/02\/Check.svg\" alt=\"\" width=\"18\" height=\"15\" \/><strong>Minden kaktusz- \u00e9s szukkulens fajta sz\u00e1m\u00e1ra alkalmas.<\/strong>\u00a0Ez a m\u0171tr\u00e1gya mindenf\u00e9le kaktuszhoz, alo\u00e9hoz, euforbi\u00e1hoz, ag\u00e1v\u00e9khoz, lithopszokhoz, krassul\u00e1khoz, echeveri\u00e1khoz, haworthi\u00e1khoz \u00e9s m\u00e1s zamatos n\u00f6v\u00e9nyekhez alkalmazkodik. Ide\u00e1lis cserepes \u00e9s f\u00f6ldi termeszt\u00e9shez is, garant\u00e1lva ezen ellen\u00e1ll\u00f3, de t\u00e1panyagig\u00e9nyes n\u00f6v\u00e9nyek speci\u00e1lis ig\u00e9nyeihez igaz\u00edtott kiegyens\u00falyozott t\u00e1panyagell\u00e1t\u00e1st.<\/p>\n<p><img decoding=\"async\" style=\"margin-right: 12px;\" src=\"https:\/\/www.ferberpainting.com\/wp-content\/uploads\/2026\/02\/Check.svg\" alt=\"\" width=\"18\" height=\"15\" \/><strong>Gazdas\u00e1gos term\u00e9shozam \u00e9s hosszan tart\u00f3 tr\u00e1gy\u00e1z\u00e1s.<\/strong>\u00a0Koncentr\u00e1lt foly\u00e9kony \u00f6sszet\u00e9tel\u00e9nek k\u00f6sz\u00f6nhet\u0151en egy 5 literes tart\u00e1ly ak\u00e1r 1000 liter tr\u00e1gy\u00e1z\u00f3 oldatot is el\u0151 tud \u00e1ll\u00edtani, \u00edgy biztos\u00edtva a hosszan tart\u00f3 \u00e9s gazdas\u00e1gos haszn\u00e1latot. A literenk\u00e9nt 5 ml-es adagol\u00e1ssal ellen\u0151rz\u00f6tt \u00e9s optimaliz\u00e1lt t\u00e1panyagell\u00e1t\u00e1st biztos\u00edt, hogy elker\u00fclhet\u0151 legyen a t\u00falzott \u00e1sv\u00e1nyi anyag felhalmoz\u00f3d\u00e1s az aljzatban.<\/p>\n<p><img decoding=\"async\" style=\"margin-right: 12px;\" src=\"https:\/\/www.ferberpainting.com\/wp-content\/uploads\/2026\/02\/Check.svg\" alt=\"\" width=\"18\" height=\"15\" \/><strong>Biztons\u00e1gos \u00e9s nem m\u00e9rgez\u0151 m\u0171tr\u00e1gya belt\u00e9ri \u00e9s k\u00fclt\u00e9ri haszn\u00e1latra egyar\u00e1nt.<\/strong>\u00a0Ez a m\u0171tr\u00e1gya agressz\u00edv vegyi anyagok n\u00e9lk\u00fcl k\u00e9sz\u00fclt, nem k\u00e1ros\u00edtja a kaktuszok \u00e9s szukkulensek t\u00f6r\u00e9keny gy\u00f6kereit, \u00e9s nem hagy k\u00e1ros maradv\u00e1nyokat az aljzatban. Az aj\u00e1nl\u00e1soknak megfelel\u0151en haszn\u00e1lva biztons\u00e1gos a k\u00f6rnyezet, a h\u00e1zi\u00e1llatok \u00e9s a gyermekek sz\u00e1m\u00e1ra.<\/p>\n<p><img decoding=\"async\" style=\"margin-right: 12px;\" src=\"https:\/\/www.ferberpainting.com\/wp-content\/uploads\/2026\/02\/Check.svg\" alt=\"\" width=\"18\" height=\"15\" \/><strong>K\u00f6nny\u0171 alkalmaz\u00e1s \u00e9s egyszer\u0171s\u00edtett karbantart\u00e1s.<\/strong>\u00a0Ez a foly\u00e9kony m\u0171tr\u00e1gya k\u00f6zvetlen\u00fcl az \u00f6nt\u00f6z\u0151v\u00edzbe h\u00edgul, biztos\u00edtva a homog\u00e9n \u00e9s f\u00e1rads\u00e1gmentes tr\u00e1gy\u00e1z\u00e1st. Lombpermetez\u00e9ssel is kijuttathat\u00f3, lehet\u0151v\u00e9 t\u00e9ve a t\u00e1panyagok gyors felsz\u00edv\u00f3d\u00e1s\u00e1t a n\u00f6v\u00e9nyek sz\u00e1m\u00e1ra s\u00fcrg\u0151s revitaliz\u00e1ci\u00f3 eset\u00e9n. Egyszer\u0171 alkalmaz\u00e1si m\u00f3dj\u00e1nak k\u00f6sz\u00f6nhet\u0151en kezd\u0151 \u00e9s tapasztalt kert\u00e9szek sz\u00e1m\u00e1ra egyar\u00e1nt el\u00e9rhet\u0151.<\/p>\n<p><img decoding=\"async\" style=\"margin-right: 12px;\" src=\"https:\/\/www.ferberpainting.com\/wp-content\/uploads\/2026\/02\/Check.svg\" alt=\"\" width=\"18\" height=\"15\" \/><strong>Hosszan tart\u00f3 hat\u00e1s az optim\u00e1lis fejl\u0151d\u00e9s \u00e9rdek\u00e9ben.<\/strong>\u00a0Fokozatos eloszl\u00e1s\u00e1nak k\u00f6sz\u00f6nhet\u0151en ez a m\u0171tr\u00e1gya id\u0151vel t\u00e1pl\u00e1lja a kaktuszt an\u00e9lk\u00fcl, hogy t\u00falzottan gyors n\u00f6veked\u00e9st okozna, ez\u00e1ltal meg\u0151rzi a n\u00f6v\u00e9nyek term\u00e9szetes alakj\u00e1t \u00e9s megakad\u00e1lyozza a sz\u00f6vetek elgyeng\u00fcl\u00e9s\u00e9t. Emellett el\u0151seg\u00edti a gy\u00f6kerek m\u00e9lyebb \u00e9s er\u0151teljesebb n\u00f6veked\u00e9s\u00e9t, \u00edgy a kaktuszok jobban elviselik a sz\u00e1razs\u00e1gos id\u0151szakokat.<\/p>\n<p><img decoding=\"async\" style=\"margin-right: 12px;\" src=\"https:\/\/www.ferberpainting.com\/wp-content\/uploads\/2026\/02\/Check.svg\" alt=\"\" width=\"18\" height=\"15\" \/><strong>L\u00e1that\u00f3 eredm\u00e9nyek az els\u0151 n\u00e9h\u00e1ny h\u00e9ten bel\u00fcl.<\/strong>\u00a0Ez a m\u0171tr\u00e1gya m\u00e1r az els\u0151 alkalmaz\u00e1st\u00f3l kezdve serkenti az \u00faj hajt\u00e1sok k\u00e9pz\u0151d\u00e9s\u00e9t, fokozza a sz\u00ednintenzit\u00e1st, \u00e9s \u00f6szt\u00f6nzi a nagyobb sz\u00e1m\u00fa \u00e9s \u00e9l\u00e9nkebb vir\u00e1gok megjelen\u00e9s\u00e9t. Visszaadja a n\u00f6v\u00e9nyek vitalit\u00e1s\u00e1t \u00e9s \u00e9leterej\u00e9t az\u00e1ltal, hogy lass\u00edtja a korai \u00f6reged\u00e9st \u00e9s er\u0151s\u00edti a betegs\u00e9gekkel \u00e9s k\u00e1rtev\u0151kkel szembeni ellen\u00e1ll\u00f3 k\u00e9pess\u00e9g\u00fcket.<\/p>\n<h2><strong>Haszn\u00e1lati protokoll<\/strong><\/h2>\n<ul>\n<li><strong>M\u0171tr\u00e1gya h\u00edg\u00edt\u00e1sa <\/strong>: Keverjen \u00f6ssze 5 ml m\u0171tr\u00e1gy\u00e1t 1 liter v\u00edzhez. Minden egyes kijuttat\u00e1s el\u0151tt j\u00f3l r\u00e1zza fel az oldatot a t\u00e1panyagok egyenletes eloszl\u00e1s\u00e1nak biztos\u00edt\u00e1sa \u00e9rdek\u00e9ben.<\/li>\n<li><strong>Alkalmaz\u00e1si m\u00f3dszer <\/strong>:\n<ul>\n<li><strong>\u00d6nt\u00f6z\u00e9ssel <\/strong>: A h\u00edg\u00edtott oldatot k\u00f6zvetlen\u00fcl az aljzatra kell \u00f6nteni, a rothad\u00e1s megel\u0151z\u00e9se \u00e9rdek\u00e9ben ker\u00fclje a n\u00f6v\u00e9nyre ker\u00fcl\u0151 t\u00falzott nedvess\u00e9get.<\/li>\n<li><strong>Lombpermetez\u00e9ssel<\/strong> (opcion\u00e1lis) : Enyh\u00e9n permetezze az oldatot a kaktuszok l\u00e9gi r\u00e9szeire, lehet\u0151leg kora reggel vagy k\u00e9s\u0151 este, hogy megakad\u00e1lyozza a gyors p\u00e1rolg\u00e1st.<\/li>\n<\/ul>\n<\/li>\n<li><strong>A haszn\u00e1lat gyakoris\u00e1ga <\/strong>: Az akt\u00edv n\u00f6veked\u00e9si id\u0151szakban (tavasz-ny\u00e1r) havonta egyszer, a nyugalmi id\u0151szakban (\u0151sz-t\u00e9l) pedig k\u00e9thavonta egyszer kell m\u0171tr\u00e1gy\u00e1zni, hogy tiszteletben tartsa a kaktuszok biol\u00f3giai ritmus\u00e1t \u00e9s elker\u00fclje a t\u00falzott n\u00f6veked\u00e9st.<\/li>\n<li><strong>Tov\u00e1bbi \u00f6nt\u00f6z\u00e9s <\/strong>: A m\u0171tr\u00e1gy\u00e1z\u00e1s ut\u00e1n v\u00e1rjon egy-k\u00e9t hetet az \u00fajabb \u00f6nt\u00f6z\u00e9ssel, az egyes kaktuszfajt\u00e1k \u00e9s az \u00e9vszak saj\u00e1tos v\u00edzig\u00e9ny\u00e9t\u0151l f\u00fcgg\u0151en.<\/li>\n<li><strong>Haszn\u00e1lati \u00f3vint\u00e9zked\u00e9sek <\/strong>: Ne l\u00e9pje t\u00fal az aj\u00e1nlott adagokat, hogy elker\u00fclje a talaj t\u00falt\u00e1pl\u00e1l\u00e1s\u00e1t, ami t\u00falzott n\u00f6veked\u00e9st okozhat, ami a kaktuszt gyeng\u00e9bb\u00e9 \u00e9s kev\u00e9sb\u00e9 ellen\u00e1ll\u00f3v\u00e1 teszi a zord k\u00f6r\u00fclm\u00e9nyekkel szemben. Csak enyh\u00e9n nedves szubsztr\u00e1tumra alkalmazza a felsz\u00edv\u00f3d\u00e1s megk\u00f6nny\u00edt\u00e9se \u00e9rdek\u00e9ben.<\/li>\n<li><strong>T\u00e1rol\u00e1s \u00e9s meg\u0151rz\u00e9s <\/strong>: A m\u0171tr\u00e1gy\u00e1t sz\u00e1raz, m\u00e9rs\u00e9kelt h\u0151m\u00e9rs\u00e9klet\u0171 helyen, k\u00f6zvetlen f\u00e9nyt\u0151l \u00e9s nedvess\u00e9gt\u0151l v\u00e9dve t\u00e1rolja. Minden haszn\u00e1lat ut\u00e1n szorosan z\u00e1rja le a tart\u00e1lyt, hogy meg\u0151rizze a term\u00e9k hat\u00e9konys\u00e1g\u00e1t \u00e9s megakad\u00e1lyozza a p\u00e1rolg\u00e1st.<\/li>\n<\/ul>\n<p>Ezzel a kaktusztr\u00e1gy\u00e1val teljes k\u00f6r\u0171 \u00e9s szem\u00e9lyre szabott t\u00e1panyaggal l\u00e1thatja el n\u00f6v\u00e9nyeit, el\u0151seg\u00edtve a harmonikus fejl\u0151d\u00e9st, a l\u00e1tv\u00e1nyos vir\u00e1gz\u00e1st \u00e9s a sz\u00e9ls\u0151s\u00e9ges \u00e9ghajlati viszonyokkal szembeni fokozott ellen\u00e1ll\u00f3 k\u00e9pess\u00e9get. Ide\u00e1lis megold\u00e1s az er\u0151s, eg\u00e9szs\u00e9ges \u00e9s \u00e9l\u00e9nk kaktuszok sz\u00e1m\u00e1ra.<\/p>","protected":false},"excerpt":{"rendered":"<p>Complete nutrition for cacti in perfect health.\u00a0This cactus fertilizer is specially designed to provide succulent and cacti plants with all the essential nutrients for their growth, flowering, and resistance to extreme conditions. Thanks to its NPK 15-15-15 composition, it offers an ideal balance between nitrogen (N), which promotes healthy foliage, phosphorus (P), which strengthens root [&hellip;]<\/p>\n","protected":false},"featured_media":25713,"comment_status":"open","ping_status":"closed","template":"","meta":{"_uag_custom_page_level_css":"","site-sidebar-layout":"default","site-content-layout":"","ast-site-content-layout":"default","site-content-style":"default","site-sidebar-style":"default","ast-global-header-display":"","ast-banner-title-visibility":"","ast-main-header-display":"","ast-hfb-above-header-display":"","ast-hfb-below-header-display":"","ast-hfb-mobile-header-display":"","site-post-title":"","ast-breadcrumbs-content":"","ast-featured-img":"","footer-sml-layout":"","ast-disable-related-posts":"","theme-transparent-header-meta":"default","adv-header-id-meta":"","stick-header-meta":"","header-above-stick-meta":"","header-main-stick-meta":"","header-below-stick-meta":"","astra-migrate-meta-layouts":"set","ast-page-background-enabled":"default","ast-page-background-meta":{"desktop":{"background-color":"var(--ast-global-color-4)","background-image":"","background-repeat":"repeat","background-position":"center center","background-size":"auto","background-attachment":"scroll","background-type":"","background-media":"","overlay-type":"","overlay-color":"","overlay-opacity":"","overlay-gradient":""},"tablet":{"background-color":"","background-image":"","background-repeat":"repeat","background-position":"center center","background-size":"auto","background-attachment":"scroll","background-type":"","background-media":"","overlay-type":"","overlay-color":"","overlay-opacity":"","overlay-gradient":""},"mobile":{"background-color":"","background-image":"","background-repeat":"repeat","background-position":"center center","background-size":"auto","background-attachment":"scroll","background-type":"","background-media":"","overlay-type":"","overlay-color":"","overlay-opacity":"","overlay-gradient":""}},"ast-content-background-meta":{"desktop":{"background-color":"var(--ast-global-color-5)","background-image":"","background-repeat":"repeat","background-position":"center center","background-size":"auto","background-attachment":"scroll","background-type":"","background-media":"","overlay-type":"","overlay-color":"","overlay-opacity":"","overlay-gradient":""},"tablet":{"background-color":"var(--ast-global-color-5)","background-image":"","background-repeat":"repeat","background-position":"center center","background-size":"auto","background-attachment":"scroll","background-type":"","background-media":"","overlay-type":"","overlay-color":"","overlay-opacity":"","overlay-gradient":""},"mobile":{"background-color":"var(--ast-global-color-5)","background-image":"","background-repeat":"repeat","background-position":"center center","background-size":"auto","background-attachment":"scroll","background-type":"","background-media":"","overlay-type":"","overlay-color":"","overlay-opacity":"","overlay-gradient":""}}},"product_brand":[],"product_cat":[178],"product_tag":[],"class_list":{"0":"post-23120","1":"product","2":"type-product","3":"status-publish","4":"has-post-thumbnail","6":"product_cat-fertilizers","7":"desktop-align-left","8":"tablet-align-left","9":"mobile-align-left","11":"first","12":"instock","13":"sale","14":"shipping-taxable","15":"purchasable","16":"product-type-variable","17":"has-default-attributes"},"spectra_custom_meta":{"_visibility":["visible"],"_shopify_product_id":["9062522749173"],"_s2w_shopify_domain":["ferberpainting.myshopify.com"],"_shopify_variant_id":["46489400312053"],"_sku":[""],"_manage_stock":["no"],"total_sales":["13"],"_tax_status":["taxable"],"_tax_class":[""],"_backorders":["no"],"_sold_individually":["no"],"_virtual":["no"],"_downloadable":["no"],"_download_limit":["-1"],"_download_expiry":["-1"],"_stock":[null],"_stock_status":["instock"],"_wc_average_rating":["4.89"],"_wc_review_count":["9"],"_product_attributes":["a:1:{s:6:\"volume\";a:6:{s:4:\"name\";s:6:\"Volume\";s:5:\"value\";s:20:\"5 liters | 25 liters\";s:8:\"position\";i:1;s:10:\"is_visible\";i:0;s:12:\"is_variation\";i:1;s:11:\"is_taxonomy\";i:0;}}"],"_product_version":["10.5.1"],"_thumbnail_id":["25713"],"_product_image_gallery":["25714"],"wpse_downloadable_file_names":[""],"wpse_downloadable_file_urls":[""],"_edit_last":["1"],"_default_attributes":["a:1:{s:6:\"volume\";s:8:\"5 liters\";}"],"_wc_rating_count":["a:2:{i:4;i:1;i:5;i:8;}"],"_edit_lock":["1771158065:1"],"_price":["29.90","129.90"],"merchant-center-availability":["yes"],"merchant-center-category":["113"],"_wp_page_template":["default"],"site-sidebar-layout":["default"],"ast-site-content-layout":["default"],"site-content-style":["default"],"site-sidebar-style":["default"],"theme-transparent-header-meta":["default"],"astra-migrate-meta-layouts":["set"],"_uag_css_file_name":["uag-css-23120.css"],"_elementor_page_assets":["a:0:{}"],"_uag_page_assets":["a:9:{s:3:\"css\";s:7133:\".uag-blocks-common-selector{z-index:var(--z-index-desktop) !important}@media(max-width: 976px){.uag-blocks-common-selector{z-index:var(--z-index-tablet) !important}}@media(max-width: 767px){.uag-blocks-common-selector{z-index:var(--z-index-mobile) !important}}.wp-block-uagb-image{display:flex}.wp-block-uagb-image__figure{position:relative;display:flex;flex-direction:column;max-width:100%;height:auto;margin:0}.wp-block-uagb-image__figure img{height:auto;display:flex;max-width:100%;transition:box-shadow .2s ease}.wp-block-uagb-image__figure>a{display:inline-block}.wp-block-uagb-image__figure figcaption{text-align:center;margin-top:.5em;margin-bottom:1em}.wp-block-uagb-image .components-placeholder.block-editor-media-placeholder .components-placeholder__instructions{align-self:center}.wp-block-uagb-image--align-left{text-align:left}.wp-block-uagb-image--align-right{text-align:right}.wp-block-uagb-image--align-center{text-align:center}.wp-block-uagb-image--align-full .wp-block-uagb-image__figure{margin-left:calc(50% - 50vw);margin-right:calc(50% - 50vw);max-width:100vw;width:100vw;height:auto}.wp-block-uagb-image--align-full .wp-block-uagb-image__figure img{height:auto;width:100% !important}.wp-block-uagb-image--align-wide .wp-block-uagb-image__figure img{height:auto;width:100%}.wp-block-uagb-image--layout-overlay__color-wrapper{position:absolute;left:0;top:0;right:0;bottom:0;opacity:.2;background:rgba(0,0,0,.5);transition:opacity .35s ease-in-out}.wp-block-uagb-image--layout-overlay-link{position:absolute;left:0;right:0;bottom:0;top:0}.wp-block-uagb-image--layout-overlay .wp-block-uagb-image__figure:hover .wp-block-uagb-image--layout-overlay__color-wrapper{opacity:1}.wp-block-uagb-image--layout-overlay__inner{position:absolute;left:15px;right:15px;bottom:15px;top:15px;display:flex;align-items:center;justify-content:center;flex-direction:column;border-color:#fff;transition:.35s ease-in-out}.wp-block-uagb-image--layout-overlay__inner.top-left,.wp-block-uagb-image--layout-overlay__inner.top-center,.wp-block-uagb-image--layout-overlay__inner.top-right{justify-content:flex-start}.wp-block-uagb-image--layout-overlay__inner.bottom-left,.wp-block-uagb-image--layout-overlay__inner.bottom-center,.wp-block-uagb-image--layout-overlay__inner.bottom-right{justify-content:flex-end}.wp-block-uagb-image--layout-overlay__inner.top-left,.wp-block-uagb-image--layout-overlay__inner.center-left,.wp-block-uagb-image--layout-overlay__inner.bottom-left{align-items:flex-start}.wp-block-uagb-image--layout-overlay__inner.top-right,.wp-block-uagb-image--layout-overlay__inner.center-right,.wp-block-uagb-image--layout-overlay__inner.bottom-right{align-items:flex-end}.wp-block-uagb-image--layout-overlay__inner .uagb-image-heading{color:#fff;transition:transform .35s,opacity .35s ease-in-out;transform:translate3d(0, 24px, 0);margin:0;line-height:1em}.wp-block-uagb-image--layout-overlay__inner .uagb-image-separator{width:30%;border-top-width:2px;border-top-color:#fff;border-top-style:solid;margin-bottom:10px;opacity:0;transition:transform .4s,opacity .4s ease-in-out;transform:translate3d(0, 30px, 0)}.wp-block-uagb-image--layout-overlay__inner .uagb-image-caption{opacity:0;overflow:visible;color:#fff;transition:transform .45s,opacity .45s ease-in-out;transform:translate3d(0, 35px, 0)}.wp-block-uagb-image--layout-overlay__inner:hover .uagb-image-heading,.wp-block-uagb-image--layout-overlay__inner:hover .uagb-image-separator,.wp-block-uagb-image--layout-overlay__inner:hover .uagb-image-caption{opacity:1;transform:translate3d(0, 0, 0)}.wp-block-uagb-image--effect-zoomin .wp-block-uagb-image__figure img,.wp-block-uagb-image--effect-zoomin .wp-block-uagb-image__figure .wp-block-uagb-image--layout-overlay__color-wrapper{transform:scale(1);transition:transform .35s ease-in-out}.wp-block-uagb-image--effect-zoomin .wp-block-uagb-image__figure:hover img,.wp-block-uagb-image--effect-zoomin .wp-block-uagb-image__figure:hover .wp-block-uagb-image--layout-overlay__color-wrapper{transform:scale(1.05)}.wp-block-uagb-image--effect-slide .wp-block-uagb-image__figure img,.wp-block-uagb-image--effect-slide .wp-block-uagb-image__figure .wp-block-uagb-image--layout-overlay__color-wrapper{width:calc(100% + 40px) !important;max-width:none !important;transform:translate3d(-40px, 0, 0);transition:transform .35s ease-in-out}.wp-block-uagb-image--effect-slide .wp-block-uagb-image__figure:hover img,.wp-block-uagb-image--effect-slide .wp-block-uagb-image__figure:hover .wp-block-uagb-image--layout-overlay__color-wrapper{transform:translate3d(0, 0, 0)}.wp-block-uagb-image--effect-grayscale img{filter:grayscale(0%);transition:.35s ease-in-out}.wp-block-uagb-image--effect-grayscale:hover img{filter:grayscale(100%)}.wp-block-uagb-image--effect-blur img{filter:blur(0);transition:.35s ease-in-out}.wp-block-uagb-image--effect-blur:hover img{filter:blur(3px)}.uagb-block-e6f939b3.wp-block-uagb-image--layout-default figure img{box-shadow: 0px 0px 0 #00000070;}.uagb-block-e6f939b3.wp-block-uagb-image .wp-block-uagb-image__figure figcaption{font-style: normal;align-self: center;}.uagb-block-e6f939b3.wp-block-uagb-image--layout-overlay figure img{box-shadow: 0px 0px 0 #00000070;}.uagb-block-e6f939b3.wp-block-uagb-image--layout-overlay .wp-block-uagb-image--layout-overlay__color-wrapper{opacity: 0.2;}.uagb-block-e6f939b3.wp-block-uagb-image--layout-overlay .wp-block-uagb-image--layout-overlay__inner{left: 15px;right: 15px;top: 15px;bottom: 15px;}.uagb-block-e6f939b3.wp-block-uagb-image--layout-overlay .wp-block-uagb-image--layout-overlay__inner .uagb-image-heading{font-style: normal;color: #fff;opacity: 1;}.uagb-block-e6f939b3.wp-block-uagb-image--layout-overlay .wp-block-uagb-image--layout-overlay__inner .uagb-image-heading a{color: #fff;}.uagb-block-e6f939b3.wp-block-uagb-image--layout-overlay .wp-block-uagb-image--layout-overlay__inner .uagb-image-caption{opacity: 0;}.uagb-block-e6f939b3.wp-block-uagb-image--layout-overlay .wp-block-uagb-image__figure:hover .wp-block-uagb-image--layout-overlay__color-wrapper{opacity: 1;}.uagb-block-e6f939b3.wp-block-uagb-image .wp-block-uagb-image--layout-overlay__inner .uagb-image-separator{width: 30%;border-top-width: 2px;border-top-color: #fff;opacity: 0;}.uagb-block-e6f939b3.wp-block-uagb-image .wp-block-uagb-image__figure img{width: px;height: auto;}.uagb-block-e6f939b3.wp-block-uagb-image .wp-block-uagb-image__figure:hover .wp-block-uagb-image--layout-overlay__inner .uagb-image-caption{opacity: 1;}.uagb-block-e6f939b3.wp-block-uagb-image .wp-block-uagb-image__figure:hover .wp-block-uagb-image--layout-overlay__inner .uagb-image-separator{opacity: 1;}.uagb-block-e6f939b3.wp-block-uagb-image--layout-default figure:hover img{box-shadow: 0px 0px 0 #00000070;}.uagb-block-e6f939b3.wp-block-uagb-image--layout-overlay figure:hover img{box-shadow: 0px 0px 0 #00000070;}@media only screen and (max-width: 976px) {.uagb-block-e6f939b3.wp-block-uagb-image .wp-block-uagb-image__figure img{width: px;height: auto;}}@media only screen and (max-width: 767px) {.uagb-block-e6f939b3.wp-block-uagb-image .wp-block-uagb-image__figure img{width: px;height: auto;}}\";s:2:\"js\";s:0:\"\";s:18:\"current_block_list\";a:13:{i:0;s:11:\"core\/search\";i:1;s:10:\"core\/group\";i:2;s:12:\"core\/heading\";i:3;s:17:\"core\/latest-posts\";i:4;s:20:\"core\/latest-comments\";i:5;s:13:\"core\/archives\";i:6;s:15:\"core\/categories\";i:7;s:14:\"core\/paragraph\";i:8;s:10:\"uagb\/image\";i:9;s:11:\"core\/spacer\";i:10;s:30:\"woocommerce\/product-categories\";i:11;s:10:\"core\/image\";i:12;s:14:\"core\/shortcode\";}s:8:\"uag_flag\";b:1;s:11:\"uag_version\";s:10:\"1777037217\";s:6:\"gfonts\";a:0:{}s:10:\"gfonts_url\";s:0:\"\";s:12:\"gfonts_files\";a:0:{}s:14:\"uag_faq_layout\";b:0;}"]},"uagb_featured_image_src":{"full":["https:\/\/www.ferberpainting.com\/wp-content\/uploads\/2025\/05\/CactusFertilizer5L.png",2560,2560,false],"thumbnail":["https:\/\/www.ferberpainting.com\/wp-content\/uploads\/2025\/05\/CactusFertilizer5L-150x150.png",150,150,true],"medium":["https:\/\/www.ferberpainting.com\/wp-content\/uploads\/2025\/05\/CactusFertilizer5L-300x300.png",300,300,true],"medium_large":["https:\/\/www.ferberpainting.com\/wp-content\/uploads\/2025\/05\/CactusFertilizer5L-768x768.png",768,768,true],"large":["https:\/\/www.ferberpainting.com\/wp-content\/uploads\/2025\/05\/CactusFertilizer5L-1024x1024.png",1024,1024,true],"1536x1536":["https:\/\/www.ferberpainting.com\/wp-content\/uploads\/2025\/05\/CactusFertilizer5L-1536x1536.png",1536,1536,true],"2048x2048":["https:\/\/www.ferberpainting.com\/wp-content\/uploads\/2025\/05\/CactusFertilizer5L-2048x2048.png",2048,2048,true],"trp-custom-language-flag":["https:\/\/www.ferberpainting.com\/wp-content\/uploads\/2025\/05\/CactusFertilizer5L-12x12.png",12,12,true],"woocommerce_thumbnail":["https:\/\/www.ferberpainting.com\/wp-content\/uploads\/2025\/05\/CactusFertilizer5L-300x300.png",300,300,true],"woocommerce_single":["https:\/\/www.ferberpainting.com\/wp-content\/uploads\/2025\/05\/CactusFertilizer5L-600x600.png",600,600,true],"woocommerce_gallery_thumbnail":["https:\/\/www.ferberpainting.com\/wp-content\/uploads\/2025\/05\/CactusFertilizer5L-100x100.png",100,100,true]},"uagb_author_info":{"display_name":"admin","author_link":"https:\/\/www.ferberpainting.com\/hu\/author\/"},"uagb_comment_info":9,"uagb_excerpt":"Complete nutrition for cacti in perfect health.\u00a0This cactus fertilizer is specially designed to provide succulent and cacti plants with all the essential nutrients for their growth, flowering, and resistance to extreme conditions. Thanks to its NPK 15-15-15 composition, it offers an ideal balance between nitrogen (N), which promotes healthy foliage, phosphorus (P), which strengthens root&hellip;","_links":{"self":[{"href":"https:\/\/www.ferberpainting.com\/hu\/wp-json\/wp\/v2\/product\/23120","targetHints":{"allow":["GET"]}}],"collection":[{"href":"https:\/\/www.ferberpainting.com\/hu\/wp-json\/wp\/v2\/product"}],"about":[{"href":"https:\/\/www.ferberpainting.com\/hu\/wp-json\/wp\/v2\/types\/product"}],"replies":[{"embeddable":true,"href":"https:\/\/www.ferberpainting.com\/hu\/wp-json\/wp\/v2\/comments?post=23120"}],"version-history":[{"count":5,"href":"https:\/\/www.ferberpainting.com\/hu\/wp-json\/wp\/v2\/product\/23120\/revisions"}],"predecessor-version":[{"id":166056,"href":"https:\/\/www.ferberpainting.com\/hu\/wp-json\/wp\/v2\/product\/23120\/revisions\/166056"}],"wp:featuredmedia":[{"embeddable":true,"href":"https:\/\/www.ferberpainting.com\/hu\/wp-json\/wp\/v2\/media\/25713"}],"wp:attachment":[{"href":"https:\/\/www.ferberpainting.com\/hu\/wp-json\/wp\/v2\/media?parent=23120"}],"wp:term":[{"taxonomy":"product_brand","embeddable":true,"href":"https:\/\/www.ferberpainting.com\/hu\/wp-json\/wp\/v2\/product_brand?post=23120"},{"taxonomy":"product_cat","embeddable":true,"href":"https:\/\/www.ferberpainting.com\/hu\/wp-json\/wp\/v2\/product_cat?post=23120"},{"taxonomy":"product_tag","embeddable":true,"href":"https:\/\/www.ferberpainting.com\/hu\/wp-json\/wp\/v2\/product_tag?post=23120"}],"curies":[{"name":"wp","href":"https:\/\/api.w.org\/{rel}","templated":true}]}}