{"id":23117,"date":"2025-07-01T18:36:20","date_gmt":"2025-07-01T16:36:20","guid":{"rendered":"https:\/\/www.ferberpainting.com\/?post_type=product&#038;p=23114"},"modified":"2026-02-15T13:20:13","modified_gmt":"2026-02-15T12:20:13","slug":"brick-water-repellent","status":"publish","type":"product","link":"https:\/\/www.ferberpainting.com\/hu\/products\/brick-water-repellent\/","title":{"rendered":"V\u00edzleperget\u0151 szer t\u00e9gl\u00e1hoz"},"content":{"rendered":"<p><img decoding=\"async\" style=\"margin-right: 12px;\" src=\"https:\/\/www.ferberpainting.com\/wp-content\/uploads\/2026\/02\/Check.svg\" alt=\"\" width=\"18\" height=\"15\" \/><strong>Hat\u00e9kony nedvess\u00e9gv\u00e9delem.<\/strong>\u00a0Ezt a t\u00e9gla v\u00edzszigetel\u0151t kifejezetten \u00fagy tervezt\u00e9k, hogy optim\u00e1lis v\u00e9delmet ny\u00fajtson a nedvess\u00e9g, az es\u0151 \u00e9s a t\u00e9glaszerkezetekbe besziv\u00e1rg\u00f3 v\u00edz ellen. M\u00e9lyen behatol a t\u00e9gl\u00e1k p\u00f3rusaiba, l\u00e1thatatlan g\u00e1tat k\u00e9pezve, amely megakad\u00e1lyozza, hogy a nedvess\u00e9g hat\u00e1ssal legyen a fel\u00fcletre, mik\u00f6zben lehet\u0151v\u00e9 teszi az anyag l\u00e9legz\u00e9s\u00e9t. Ez a term\u00e9k elengedhetetlen a t\u00e9glafalak \u00e9ps\u00e9g\u00e9nek \u00e9s szil\u00e1rds\u00e1g\u00e1nak meg\u0151rz\u00e9s\u00e9hez, ak\u00e1r \u00faj \u00e9p\u00edtkez\u00e9sek, ak\u00e1r fel\u00faj\u00edt\u00e1sok eset\u00e9n, \u00e9s v\u00e9d a pen\u00e9sz \u00e9s az id\u0151 el\u0151tti anyagroml\u00e1s vesz\u00e9lye ellen.<\/p>\n<p><img decoding=\"async\" style=\"margin-right: 12px;\" src=\"https:\/\/www.ferberpainting.com\/wp-content\/uploads\/2026\/02\/Check.svg\" alt=\"\" width=\"18\" height=\"15\" \/><strong>P\u00e9nzvisszafizet\u00e9si garancia.<\/strong>\u00a0B\u00edzunk a t\u00e9gla v\u00edzszigetel\u0151nk hat\u00e9konys\u00e1g\u00e1ban, ez\u00e9rt el\u00e9gedetts\u00e9gi vagy visszat\u00e9r\u00edt\u00e9si garanci\u00e1t v\u00e1llalunk. Ha a term\u00e9k nem felel meg az elv\u00e1r\u00e1sainak, k\u00e9rheti a teljes visszat\u00e9r\u00edt\u00e9st. Ez a visszat\u00e9r\u00edt\u00e9si politika teljes lelki nyugalmat biztos\u00edt a v\u00e1s\u00e1rl\u00e1s sor\u00e1n, \u00e9s lehet\u0151v\u00e9 teszi, hogy kock\u00e1zatmentesen tesztelje a term\u00e9ket.<\/p>\n<p><img decoding=\"async\" style=\"margin-right: 12px;\" src=\"https:\/\/www.ferberpainting.com\/wp-content\/uploads\/2026\/02\/Check.svg\" alt=\"\" width=\"18\" height=\"15\" \/><strong>Sokoldal\u00fa alkalmaz\u00e1s.<\/strong>\u00a0Ez az \u201cuniverz\u00e1lis\u201d term\u00e9k nemcsak t\u00e9gl\u00e1kon, hanem olyan anyagokon is m\u0171k\u00f6dik, mint a beton, a habarcs \u00e9s m\u00e1s por\u00f3zus fel\u00fcletek. Ide\u00e1lis k\u00fcls\u0151 falakhoz, t\u00e9glahomlokzatokhoz, v\u00e1laszfalakhoz \u00e9s minden olyan \u00e9p\u00edtm\u00e9nyhez, ahol a nedvess\u00e9g k\u00e1rt okozhat. Alkalmazhat\u00f3 csemp\u00e9ken, t\u00e9rk\u00f6veken, vagy ak\u00e1r egyes nedvess\u00e9gv\u00e9delmet ig\u00e9nyl\u0151 term\u00e9szetes k\u00f6veken is.<\/p>\n<p><img decoding=\"async\" style=\"margin-right: 12px;\" src=\"https:\/\/www.ferberpainting.com\/wp-content\/uploads\/2026\/02\/Check.svg\" alt=\"\" width=\"18\" height=\"15\" \/><strong>K\u00f6lts\u00e9ghat\u00e9kony.<\/strong>\u00a0Ez a t\u00e9gla v\u00edzszigetel\u0151 kiv\u00e1l\u00f3 lefedetts\u00e9get k\u00edn\u00e1l alacsony k\u00f6lts\u00e9ggel. Egy liter a fel\u00fclet porozit\u00e1s\u00e1t\u00f3l f\u00fcgg\u0151en 5 \u00e9s 8 m\u00b2 k\u00f6z\u00f6tti ter\u00fcletet fed le. \u00cdgy egy 5 literes tart\u00e1ly ak\u00e1r 40 m\u00b2 fel\u00fcletet is k\u00e9pes kezelni, ami k\u00fcl\u00f6n\u00f6sen el\u0151ny\u00f6s a nagy fel\u00faj\u00edt\u00e1si projektek vagy a nedvess\u00e9gnek kitett fel\u00fcletek rendszeres karbantart\u00e1sa eset\u00e9n.<\/p>\n<p><img decoding=\"async\" style=\"margin-right: 12px;\" src=\"https:\/\/www.ferberpainting.com\/wp-content\/uploads\/2026\/02\/Check.svg\" alt=\"\" width=\"18\" height=\"15\" \/><strong>Nem m\u00e9rgez\u0151.<\/strong>\u00a0Ez a t\u00e9gla v\u00edzszigetel\u0151 nem m\u00e9rgez\u0151 \u00e9s biztons\u00e1gos, ha megfelel\u0151en alkalmazz\u00e1k. K\u00f6rnyezetbar\u00e1t \u00e9s mentes az agressz\u00edv vegyi anyagokt\u00f3l \u00e9s k\u00e1ros g\u0151z\u00f6kt\u0151l. Ez nagyszer\u0171 megold\u00e1ss\u00e1 teszi bark\u00e1csol\u00f3k, \u00e9p\u00edt\u0151ipari szakemberek \u00e9s b\u00e1rki sz\u00e1m\u00e1ra, aki nagy fel\u00fcleteket szeretne biztons\u00e1gosan kezelni. A biztons\u00e1gos haszn\u00e1lat \u00e9rdek\u00e9ben azonban mindig javasoljuk az alkalmaz\u00e1si utas\u00edt\u00e1sok betart\u00e1s\u00e1t.<\/p>\n<p><img decoding=\"async\" style=\"margin-right: 12px;\" src=\"https:\/\/www.ferberpainting.com\/wp-content\/uploads\/2026\/02\/Check.svg\" alt=\"\" width=\"18\" height=\"15\" \/><strong>K\u00f6nny\u0171 alkalmaz\u00e1s.<\/strong> Ez a term\u00e9k haszn\u00e1latra k\u00e9sz, nincs sz\u00fcks\u00e9g h\u00edg\u00edt\u00e1sra. A fel\u00fclet m\u00e9ret\u00e9t\u0151l f\u00fcgg\u0151en ecsettel, hengerrel vagy permetez\u0151vel k\u00f6zvetlen\u00fcl a t\u00e9glafel\u00fcletekre is felvihet\u0151. K\u00f6nnyen alkalmazhat\u00f3, m\u00e9g kezd\u0151k sz\u00e1m\u00e1ra is, \u00e9s n\u00e9h\u00e1ny egyszer\u0171 l\u00e9p\u00e9sben hat\u00e9kony v\u00e9delmet ny\u00fajt. Nincs sz\u00fcks\u00e9g bonyolult el\u0151k\u00e9sz\u00edt\u00e9sre vagy speci\u00e1lis felszerel\u00e9sre, \u00edgy k\u00fcl\u00f6n\u00f6sen k\u00e9nyelmes a gyors \u00e9s hat\u00e9kony alkalmaz\u00e1shoz.<\/p>\n<p><img decoding=\"async\" style=\"margin-right: 12px;\" src=\"https:\/\/www.ferberpainting.com\/wp-content\/uploads\/2026\/02\/Check.svg\" alt=\"\" width=\"18\" height=\"15\" \/><strong>Hosszantart\u00f3 v\u00e9delem.<\/strong>\u00a0Ez a t\u00e9gla v\u00edzszigetel\u0151 er\u0151s \u00e9s tart\u00f3s v\u00e9delmet ny\u00fajt. A felhord\u00e1s ut\u00e1n hidrof\u00f3b g\u00e1tat k\u00e9pez, amely megakad\u00e1lyozza a v\u00edz behatol\u00e1s\u00e1t an\u00e9lk\u00fcl, hogy megv\u00e1ltoztatn\u00e1 az anyag megjelen\u00e9s\u00e9t vagy text\u00far\u00e1j\u00e1t. Megv\u00e9di a falakat a nedvess\u00e9ggel kapcsolatos k\u00e1rosod\u00e1sokt\u00f3l, meghosszabb\u00edtva azok tart\u00f3ss\u00e1g\u00e1t \u00e9s szil\u00e1rds\u00e1g\u00e1t. Egyetlen alkalmaz\u00e1s 2-5 \u00e9vig tarthat, az \u00e9ghajlati \u00e9s expoz\u00edci\u00f3s k\u00f6r\u00fclm\u00e9nyekt\u0151l f\u00fcgg\u0151en.<\/p>\n<p><img decoding=\"async\" style=\"margin-right: 12px;\" src=\"https:\/\/www.ferberpainting.com\/wp-content\/uploads\/2026\/02\/Check.svg\" alt=\"\" width=\"18\" height=\"15\" \/><strong>Gyors akci\u00f3.<\/strong>\u00a0Ez a t\u00e9gla v\u00edzszigetel\u0151 gyorsan \u00e9s egyszer\u0171en alkalmazhat\u00f3 \u00e9s megsz\u00e1rad. Gyorsan behatol a fel\u00fcletbe, \u00e9s m\u00e1r a felhord\u00e1s ut\u00e1n elkezd dolgozni. A sz\u00e1rad\u00e1si id\u0151 \u00e1ltal\u00e1ban 1-2 \u00f3ra az \u00e9ghajlati viszonyokt\u00f3l f\u00fcgg\u0151en, de az optim\u00e1lis v\u00e9delem \u00e9rdek\u00e9ben javasoljuk, hogy hagyjon 24 \u00f3r\u00e1t a teljes sz\u00e1rad\u00e1sra, miel\u0151tt a kezelt fel\u00fcleteket kitenn\u00e9 a nedvess\u00e9gnek vagy es\u0151nek.<\/p>\n<h2><strong>Haszn\u00e1lati protokoll<\/strong><\/h2>\n<ul>\n<li><strong>Fel\u00fclet el\u0151k\u00e9sz\u00edt\u00e9s <\/strong>: A t\u00e9gla v\u00edzszigetel\u0151 felhord\u00e1sa el\u0151tt gy\u0151z\u0151dj\u00f6n meg arr\u00f3l, hogy a fel\u00fclet tiszta, sz\u00e1raz, \u00e9s mentes a szennyez\u0151d\u00e9sekt\u0151l, port\u00f3l vagy maradv\u00e1nyokt\u00f3l. Ha sz\u00fcks\u00e9ges, tiszt\u00edtsa meg v\u00edzzel \u00e9s megfelel\u0151 tiszt\u00edt\u00f3szerrel, majd hagyja teljesen megsz\u00e1radni a felhord\u00e1s megkezd\u00e9se el\u0151tt. L\u00e9nyeges, hogy a t\u00e9gl\u00e1k ne legyenek nedvesek a felhord\u00e1s sor\u00e1n.<\/li>\n<li><strong>Term\u00e9k alkalmaz\u00e1sa <\/strong>: Ez a term\u00e9k haszn\u00e1latra k\u00e9sz, \u00e9s nem ig\u00e9nyel h\u00edg\u00edt\u00e1st. Ecsettel, hengerrel vagy permetez\u0151vel k\u00f6zvetlen\u00fcl a fel\u00fcletre kell felvinni. Ha permetez\u0151g\u00e9pet haszn\u00e1l, c\u00e9lszer\u0171 el\u0151sz\u00f6r tesztelni a fed\u00e9st, hogy megbizonyosodjon az egyenletes fed\u00e9sr\u0151l. F\u00fcgg\u0151leges fel\u00fcletek eset\u00e9n haszn\u00e1ljon ecsetet vagy hengert, hogy a term\u00e9k ne cs\u00f6p\u00f6gj\u00f6n.<\/li>\n<li><strong>Felhaszn\u00e1land\u00f3 mennyis\u00e9g <\/strong>: \u00c1tlagosan egy liter k\u00f6r\u00fclbel\u00fcl 5-8 m\u00b2-t fed le. Er\u0151sen por\u00f3zus fel\u00fcletek eset\u00e9n m\u00e1sodik r\u00e9tegre lehet sz\u00fcks\u00e9g. Egy 5 literes kanna a porozit\u00e1st\u00f3l f\u00fcgg\u0151en ak\u00e1r 40 m\u00b2-t is lefedhet. Az optim\u00e1lis v\u00e9delem \u00e9rdek\u00e9ben egyenletes r\u00e9tegben vigye fel.<\/li>\n<li><strong>Sz\u00e1rad\u00e1si id\u0151 <\/strong>: Hagyja a term\u00e9ket 1-2 \u00f3r\u00e1n \u00e1t sz\u00e1radni, miel\u0151tt k\u00f6nny\u0171 nedvess\u00e9gnek tenn\u00e9 ki. A legjobb eredm\u00e9ny el\u00e9r\u00e9se \u00e9rdek\u00e9ben a teljes sz\u00e1rad\u00e1shoz v\u00e1rjon 24 \u00f3r\u00e1t a felvitel ut\u00e1n. A kezelt ter\u00fcletet az alkalmaz\u00e1st k\u00f6vet\u0151 els\u0151 48 \u00f3r\u00e1ban ne tegye ki es\u0151nek vagy nedvess\u00e9gnek.<\/li>\n<li><strong>\u00dajb\u00f3li alkalmaz\u00e1s <\/strong>: A t\u00e9gla v\u00edzszigetel\u0151t \u00fagy tervezt\u00e9k, hogy hossz\u00fa t\u00e1v\u00fa v\u00e9delmet ny\u00fajtson, de az \u00e9ghajlati \u00e9s p\u00e1ratartalmi viszonyokt\u00f3l f\u00fcgg\u0151en 2-5 \u00e9vente sz\u00fcks\u00e9g lehet az \u00fajb\u00f3li alkalmaz\u00e1sra. A nedvess\u00e9gnek gyakran kitett ter\u00fcleteken az optim\u00e1lis v\u00e9delem fenntart\u00e1sa \u00e9rdek\u00e9ben gyakrabban t\u00f6rt\u00e9n\u0151 \u00fajb\u00f3li felhord\u00e1s aj\u00e1nlott lehet.<\/li>\n<li><strong>Karbantart\u00e1s <\/strong>: Miut\u00e1n a term\u00e9k megsz\u00e1radt \u00e9s a fel\u00fcletet v\u00e9di, a falakat rendszeresen tiszt\u00edtsa meg v\u00edzzel \u00e9s puha ruh\u00e1val, hogy j\u00f3 \u00e1llapotban tartsa \u0151ket. Ker\u00fclje a s\u00farol\u00f3 hat\u00e1s\u00fa k\u00e9miai tiszt\u00edt\u00f3szerek haszn\u00e1lat\u00e1t, amelyek k\u00e1ros\u00edthatj\u00e1k a v\u00e9d\u0151r\u00e9teget.<\/li>\n<\/ul>\n<p>\u00d6sszefoglalva, a t\u00e9gla v\u00edzszigetel\u0151 egy alapvet\u0151 term\u00e9k mindazok sz\u00e1m\u00e1ra, akik szeretn\u00e9k meg\u0151rizni a t\u00e9glaszerkezetek szil\u00e1rds\u00e1g\u00e1t \u00e9s megjelen\u00e9s\u00e9t, mik\u00f6zben tart\u00f3s nedvess\u00e9gv\u00e9delmet ny\u00fajtanak. K\u00f6nnyen alkalmazhat\u00f3, gazdas\u00e1gos \u00e9s hat\u00e9kony, megb\u00edzhat\u00f3 megold\u00e1s a t\u00e9glafel\u00fcletek optim\u00e1lis \u00e1llapotban tart\u00e1s\u00e1ra \u00e9s \u00e9lettartamuk meghosszabb\u00edt\u00e1s\u00e1ra.<\/p>","protected":false},"excerpt":{"rendered":"<p>Effective Moisture Protection.\u00a0This brick waterproofer is specially designed to offer optimal protection against moisture, rain, and water infiltration into brick structures. It penetrates deep into the pores of the bricks, forming an invisible barrier that prevents humidity from affecting the surface while allowing the material to breathe. This product is essential to preserve the integrity [&hellip;]<\/p>\n","protected":false},"featured_media":36567,"comment_status":"open","ping_status":"closed","template":"","meta":{"_uag_custom_page_level_css":"","site-sidebar-layout":"default","site-content-layout":"","ast-site-content-layout":"default","site-content-style":"default","site-sidebar-style":"default","ast-global-header-display":"","ast-banner-title-visibility":"","ast-main-header-display":"","ast-hfb-above-header-display":"","ast-hfb-below-header-display":"","ast-hfb-mobile-header-display":"","site-post-title":"","ast-breadcrumbs-content":"","ast-featured-img":"","footer-sml-layout":"","ast-disable-related-posts":"","theme-transparent-header-meta":"default","adv-header-id-meta":"","stick-header-meta":"","header-above-stick-meta":"","header-main-stick-meta":"","header-below-stick-meta":"","astra-migrate-meta-layouts":"set","ast-page-background-enabled":"default","ast-page-background-meta":{"desktop":{"background-color":"var(--ast-global-color-4)","background-image":"","background-repeat":"repeat","background-position":"center center","background-size":"auto","background-attachment":"scroll","background-type":"","background-media":"","overlay-type":"","overlay-color":"","overlay-opacity":"","overlay-gradient":""},"tablet":{"background-color":"","background-image":"","background-repeat":"repeat","background-position":"center center","background-size":"auto","background-attachment":"scroll","background-type":"","background-media":"","overlay-type":"","overlay-color":"","overlay-opacity":"","overlay-gradient":""},"mobile":{"background-color":"","background-image":"","background-repeat":"repeat","background-position":"center center","background-size":"auto","background-attachment":"scroll","background-type":"","background-media":"","overlay-type":"","overlay-color":"","overlay-opacity":"","overlay-gradient":""}},"ast-content-background-meta":{"desktop":{"background-color":"var(--ast-global-color-5)","background-image":"","background-repeat":"repeat","background-position":"center center","background-size":"auto","background-attachment":"scroll","background-type":"","background-media":"","overlay-type":"","overlay-color":"","overlay-opacity":"","overlay-gradient":""},"tablet":{"background-color":"var(--ast-global-color-5)","background-image":"","background-repeat":"repeat","background-position":"center center","background-size":"auto","background-attachment":"scroll","background-type":"","background-media":"","overlay-type":"","overlay-color":"","overlay-opacity":"","overlay-gradient":""},"mobile":{"background-color":"var(--ast-global-color-5)","background-image":"","background-repeat":"repeat","background-position":"center center","background-size":"auto","background-attachment":"scroll","background-type":"","background-media":"","overlay-type":"","overlay-color":"","overlay-opacity":"","overlay-gradient":""}}},"product_brand":[],"product_cat":[191],"product_tag":[],"class_list":{"0":"post-23117","1":"product","2":"type-product","3":"status-publish","4":"has-post-thumbnail","6":"product_cat-water-repellent","7":"desktop-align-left","8":"tablet-align-left","9":"mobile-align-left","11":"first","12":"instock","13":"sale","14":"taxable","15":"shipping-taxable","16":"purchasable","17":"product-type-variable","18":"has-default-attributes"},"spectra_custom_meta":{"_visibility":["visible"],"_shopify_product_id":["9106620154101"],"_s2w_shopify_domain":["ferberpainting.myshopify.com"],"_shopify_variant_id":["46626339225845"],"_sku":[""],"_manage_stock":["no"],"total_sales":["78"],"_tax_status":["taxable"],"_tax_class":[""],"_backorders":["no"],"_sold_individually":["no"],"_virtual":["no"],"_downloadable":["no"],"_download_limit":["-1"],"_download_expiry":["-1"],"_stock":[null],"_stock_status":["instock"],"_wc_average_rating":["5.00"],"_wc_review_count":["39"],"_product_attributes":["a:1:{s:6:\"volume\";a:6:{s:4:\"name\";s:6:\"Volume\";s:5:\"value\";s:20:\"5 liters | 25 liters\";s:8:\"position\";i:1;s:10:\"is_visible\";i:0;s:12:\"is_variation\";i:1;s:11:\"is_taxonomy\";i:0;}}"],"_product_version":["10.5.1"],"wpse_downloadable_file_names":[""],"wpse_downloadable_file_urls":[""],"_edit_last":["1"],"_default_attributes":["a:1:{s:6:\"volume\";s:8:\"5 liters\";}"],"_edit_lock":["1774069101:7773"],"_price":["29.90","129.90"],"merchant-center-availability":["yes"],"merchant-center-category":["503744"],"_thumbnail_id":["36567"],"_wp_page_template":["default"],"_wp_old_date":["2025-05-26"],"_product_image_gallery":["36568"],"site-sidebar-layout":["default"],"ast-site-content-layout":["default"],"site-content-style":["default"],"site-sidebar-style":["default"],"theme-transparent-header-meta":["default"],"_wc_rating_count":["a:1:{i:5;i:39;}"],"astra-migrate-meta-layouts":["set"],"_uag_css_file_name":["uag-css-23117.css"],"_elementor_page_assets":["a:0:{}"],"_uag_page_assets":["a:9:{s:3:\"css\";s:7133:\".uag-blocks-common-selector{z-index:var(--z-index-desktop) !important}@media(max-width: 976px){.uag-blocks-common-selector{z-index:var(--z-index-tablet) !important}}@media(max-width: 767px){.uag-blocks-common-selector{z-index:var(--z-index-mobile) !important}}.wp-block-uagb-image{display:flex}.wp-block-uagb-image__figure{position:relative;display:flex;flex-direction:column;max-width:100%;height:auto;margin:0}.wp-block-uagb-image__figure img{height:auto;display:flex;max-width:100%;transition:box-shadow .2s ease}.wp-block-uagb-image__figure>a{display:inline-block}.wp-block-uagb-image__figure figcaption{text-align:center;margin-top:.5em;margin-bottom:1em}.wp-block-uagb-image .components-placeholder.block-editor-media-placeholder .components-placeholder__instructions{align-self:center}.wp-block-uagb-image--align-left{text-align:left}.wp-block-uagb-image--align-right{text-align:right}.wp-block-uagb-image--align-center{text-align:center}.wp-block-uagb-image--align-full .wp-block-uagb-image__figure{margin-left:calc(50% - 50vw);margin-right:calc(50% - 50vw);max-width:100vw;width:100vw;height:auto}.wp-block-uagb-image--align-full .wp-block-uagb-image__figure img{height:auto;width:100% !important}.wp-block-uagb-image--align-wide .wp-block-uagb-image__figure img{height:auto;width:100%}.wp-block-uagb-image--layout-overlay__color-wrapper{position:absolute;left:0;top:0;right:0;bottom:0;opacity:.2;background:rgba(0,0,0,.5);transition:opacity .35s ease-in-out}.wp-block-uagb-image--layout-overlay-link{position:absolute;left:0;right:0;bottom:0;top:0}.wp-block-uagb-image--layout-overlay .wp-block-uagb-image__figure:hover .wp-block-uagb-image--layout-overlay__color-wrapper{opacity:1}.wp-block-uagb-image--layout-overlay__inner{position:absolute;left:15px;right:15px;bottom:15px;top:15px;display:flex;align-items:center;justify-content:center;flex-direction:column;border-color:#fff;transition:.35s ease-in-out}.wp-block-uagb-image--layout-overlay__inner.top-left,.wp-block-uagb-image--layout-overlay__inner.top-center,.wp-block-uagb-image--layout-overlay__inner.top-right{justify-content:flex-start}.wp-block-uagb-image--layout-overlay__inner.bottom-left,.wp-block-uagb-image--layout-overlay__inner.bottom-center,.wp-block-uagb-image--layout-overlay__inner.bottom-right{justify-content:flex-end}.wp-block-uagb-image--layout-overlay__inner.top-left,.wp-block-uagb-image--layout-overlay__inner.center-left,.wp-block-uagb-image--layout-overlay__inner.bottom-left{align-items:flex-start}.wp-block-uagb-image--layout-overlay__inner.top-right,.wp-block-uagb-image--layout-overlay__inner.center-right,.wp-block-uagb-image--layout-overlay__inner.bottom-right{align-items:flex-end}.wp-block-uagb-image--layout-overlay__inner .uagb-image-heading{color:#fff;transition:transform .35s,opacity .35s ease-in-out;transform:translate3d(0, 24px, 0);margin:0;line-height:1em}.wp-block-uagb-image--layout-overlay__inner .uagb-image-separator{width:30%;border-top-width:2px;border-top-color:#fff;border-top-style:solid;margin-bottom:10px;opacity:0;transition:transform .4s,opacity .4s ease-in-out;transform:translate3d(0, 30px, 0)}.wp-block-uagb-image--layout-overlay__inner .uagb-image-caption{opacity:0;overflow:visible;color:#fff;transition:transform .45s,opacity .45s ease-in-out;transform:translate3d(0, 35px, 0)}.wp-block-uagb-image--layout-overlay__inner:hover .uagb-image-heading,.wp-block-uagb-image--layout-overlay__inner:hover .uagb-image-separator,.wp-block-uagb-image--layout-overlay__inner:hover .uagb-image-caption{opacity:1;transform:translate3d(0, 0, 0)}.wp-block-uagb-image--effect-zoomin .wp-block-uagb-image__figure img,.wp-block-uagb-image--effect-zoomin .wp-block-uagb-image__figure .wp-block-uagb-image--layout-overlay__color-wrapper{transform:scale(1);transition:transform .35s ease-in-out}.wp-block-uagb-image--effect-zoomin .wp-block-uagb-image__figure:hover img,.wp-block-uagb-image--effect-zoomin .wp-block-uagb-image__figure:hover .wp-block-uagb-image--layout-overlay__color-wrapper{transform:scale(1.05)}.wp-block-uagb-image--effect-slide .wp-block-uagb-image__figure img,.wp-block-uagb-image--effect-slide .wp-block-uagb-image__figure .wp-block-uagb-image--layout-overlay__color-wrapper{width:calc(100% + 40px) !important;max-width:none !important;transform:translate3d(-40px, 0, 0);transition:transform .35s ease-in-out}.wp-block-uagb-image--effect-slide .wp-block-uagb-image__figure:hover img,.wp-block-uagb-image--effect-slide .wp-block-uagb-image__figure:hover .wp-block-uagb-image--layout-overlay__color-wrapper{transform:translate3d(0, 0, 0)}.wp-block-uagb-image--effect-grayscale img{filter:grayscale(0%);transition:.35s ease-in-out}.wp-block-uagb-image--effect-grayscale:hover img{filter:grayscale(100%)}.wp-block-uagb-image--effect-blur img{filter:blur(0);transition:.35s ease-in-out}.wp-block-uagb-image--effect-blur:hover img{filter:blur(3px)}.uagb-block-e6f939b3.wp-block-uagb-image--layout-default figure img{box-shadow: 0px 0px 0 #00000070;}.uagb-block-e6f939b3.wp-block-uagb-image .wp-block-uagb-image__figure figcaption{font-style: normal;align-self: center;}.uagb-block-e6f939b3.wp-block-uagb-image--layout-overlay figure img{box-shadow: 0px 0px 0 #00000070;}.uagb-block-e6f939b3.wp-block-uagb-image--layout-overlay .wp-block-uagb-image--layout-overlay__color-wrapper{opacity: 0.2;}.uagb-block-e6f939b3.wp-block-uagb-image--layout-overlay .wp-block-uagb-image--layout-overlay__inner{left: 15px;right: 15px;top: 15px;bottom: 15px;}.uagb-block-e6f939b3.wp-block-uagb-image--layout-overlay .wp-block-uagb-image--layout-overlay__inner .uagb-image-heading{font-style: normal;color: #fff;opacity: 1;}.uagb-block-e6f939b3.wp-block-uagb-image--layout-overlay .wp-block-uagb-image--layout-overlay__inner .uagb-image-heading a{color: #fff;}.uagb-block-e6f939b3.wp-block-uagb-image--layout-overlay .wp-block-uagb-image--layout-overlay__inner .uagb-image-caption{opacity: 0;}.uagb-block-e6f939b3.wp-block-uagb-image--layout-overlay .wp-block-uagb-image__figure:hover .wp-block-uagb-image--layout-overlay__color-wrapper{opacity: 1;}.uagb-block-e6f939b3.wp-block-uagb-image .wp-block-uagb-image--layout-overlay__inner .uagb-image-separator{width: 30%;border-top-width: 2px;border-top-color: #fff;opacity: 0;}.uagb-block-e6f939b3.wp-block-uagb-image .wp-block-uagb-image__figure img{width: px;height: auto;}.uagb-block-e6f939b3.wp-block-uagb-image .wp-block-uagb-image__figure:hover .wp-block-uagb-image--layout-overlay__inner .uagb-image-caption{opacity: 1;}.uagb-block-e6f939b3.wp-block-uagb-image .wp-block-uagb-image__figure:hover .wp-block-uagb-image--layout-overlay__inner .uagb-image-separator{opacity: 1;}.uagb-block-e6f939b3.wp-block-uagb-image--layout-default figure:hover img{box-shadow: 0px 0px 0 #00000070;}.uagb-block-e6f939b3.wp-block-uagb-image--layout-overlay figure:hover img{box-shadow: 0px 0px 0 #00000070;}@media only screen and (max-width: 976px) {.uagb-block-e6f939b3.wp-block-uagb-image .wp-block-uagb-image__figure img{width: px;height: auto;}}@media only screen and (max-width: 767px) {.uagb-block-e6f939b3.wp-block-uagb-image .wp-block-uagb-image__figure img{width: px;height: auto;}}\";s:2:\"js\";s:0:\"\";s:18:\"current_block_list\";a:13:{i:0;s:11:\"core\/search\";i:1;s:10:\"core\/group\";i:2;s:12:\"core\/heading\";i:3;s:17:\"core\/latest-posts\";i:4;s:20:\"core\/latest-comments\";i:5;s:13:\"core\/archives\";i:6;s:15:\"core\/categories\";i:7;s:14:\"core\/paragraph\";i:8;s:10:\"uagb\/image\";i:9;s:11:\"core\/spacer\";i:10;s:30:\"woocommerce\/product-categories\";i:11;s:10:\"core\/image\";i:12;s:14:\"core\/shortcode\";}s:8:\"uag_flag\";b:1;s:11:\"uag_version\";s:10:\"1777274109\";s:6:\"gfonts\";a:0:{}s:10:\"gfonts_url\";s:0:\"\";s:12:\"gfonts_files\";a:0:{}s:14:\"uag_faq_layout\";b:0;}"]},"uagb_featured_image_src":{"full":["https:\/\/www.ferberpainting.com\/wp-content\/uploads\/2025\/05\/Brick-Water-Repellent-5L-.png",2560,2560,false],"thumbnail":["https:\/\/www.ferberpainting.com\/wp-content\/uploads\/2025\/05\/Brick-Water-Repellent-5L--150x150.png",150,150,true],"medium":["https:\/\/www.ferberpainting.com\/wp-content\/uploads\/2025\/05\/Brick-Water-Repellent-5L--300x300.png",300,300,true],"medium_large":["https:\/\/www.ferberpainting.com\/wp-content\/uploads\/2025\/05\/Brick-Water-Repellent-5L--768x768.png",768,768,true],"large":["https:\/\/www.ferberpainting.com\/wp-content\/uploads\/2025\/05\/Brick-Water-Repellent-5L--1024x1024.png",1024,1024,true],"1536x1536":["https:\/\/www.ferberpainting.com\/wp-content\/uploads\/2025\/05\/Brick-Water-Repellent-5L--1536x1536.png",1536,1536,true],"2048x2048":["https:\/\/www.ferberpainting.com\/wp-content\/uploads\/2025\/05\/Brick-Water-Repellent-5L--2048x2048.png",2048,2048,true],"trp-custom-language-flag":["https:\/\/www.ferberpainting.com\/wp-content\/uploads\/2025\/05\/Brick-Water-Repellent-5L--12x12.png",12,12,true],"woocommerce_thumbnail":["https:\/\/www.ferberpainting.com\/wp-content\/uploads\/2025\/05\/Brick-Water-Repellent-5L--300x300.png",300,300,true],"woocommerce_single":["https:\/\/www.ferberpainting.com\/wp-content\/uploads\/2025\/05\/Brick-Water-Repellent-5L--600x600.png",600,600,true],"woocommerce_gallery_thumbnail":["https:\/\/www.ferberpainting.com\/wp-content\/uploads\/2025\/05\/Brick-Water-Repellent-5L--100x100.png",100,100,true]},"uagb_author_info":{"display_name":"admin","author_link":"https:\/\/www.ferberpainting.com\/hu\/author\/"},"uagb_comment_info":39,"uagb_excerpt":"Effective Moisture Protection.\u00a0This brick waterproofer is specially designed to offer optimal protection against moisture, rain, and water infiltration into brick structures. It penetrates deep into the pores of the bricks, forming an invisible barrier that prevents humidity from affecting the surface while allowing the material to breathe. This product is essential to preserve the integrity&hellip;","_links":{"self":[{"href":"https:\/\/www.ferberpainting.com\/hu\/wp-json\/wp\/v2\/product\/23117","targetHints":{"allow":["GET"]}}],"collection":[{"href":"https:\/\/www.ferberpainting.com\/hu\/wp-json\/wp\/v2\/product"}],"about":[{"href":"https:\/\/www.ferberpainting.com\/hu\/wp-json\/wp\/v2\/types\/product"}],"replies":[{"embeddable":true,"href":"https:\/\/www.ferberpainting.com\/hu\/wp-json\/wp\/v2\/comments?post=23117"}],"version-history":[{"count":5,"href":"https:\/\/www.ferberpainting.com\/hu\/wp-json\/wp\/v2\/product\/23117\/revisions"}],"predecessor-version":[{"id":166052,"href":"https:\/\/www.ferberpainting.com\/hu\/wp-json\/wp\/v2\/product\/23117\/revisions\/166052"}],"wp:featuredmedia":[{"embeddable":true,"href":"https:\/\/www.ferberpainting.com\/hu\/wp-json\/wp\/v2\/media\/36567"}],"wp:attachment":[{"href":"https:\/\/www.ferberpainting.com\/hu\/wp-json\/wp\/v2\/media?parent=23117"}],"wp:term":[{"taxonomy":"product_brand","embeddable":true,"href":"https:\/\/www.ferberpainting.com\/hu\/wp-json\/wp\/v2\/product_brand?post=23117"},{"taxonomy":"product_cat","embeddable":true,"href":"https:\/\/www.ferberpainting.com\/hu\/wp-json\/wp\/v2\/product_cat?post=23117"},{"taxonomy":"product_tag","embeddable":true,"href":"https:\/\/www.ferberpainting.com\/hu\/wp-json\/wp\/v2\/product_tag?post=23117"}],"curies":[{"name":"wp","href":"https:\/\/api.w.org\/{rel}","templated":true}]}}