{"id":23114,"date":"2025-07-01T18:33:22","date_gmt":"2025-07-01T16:33:22","guid":{"rendered":"https:\/\/www.ferberpainting.com\/?post_type=product&#038;p=23114"},"modified":"2026-02-15T13:19:17","modified_gmt":"2026-02-15T12:19:17","slug":"brick-cleaner","status":"publish","type":"product","link":"https:\/\/www.ferberpainting.com\/hu\/products\/brick-cleaner\/","title":{"rendered":"T\u00e9gla tiszt\u00edt\u00f3"},"content":{"rendered":"<p><img decoding=\"async\" style=\"margin-right: 12px;\" src=\"https:\/\/www.ferberpainting.com\/wp-content\/uploads\/2026\/02\/Check.svg\" alt=\"\" width=\"18\" height=\"15\" \/><strong>Optim\u00e1lis hat\u00e9konys\u00e1g.<\/strong>\u00a0Ez a t\u00e9glatiszt\u00edt\u00f3 speci\u00e1lisan a szennyez\u0151d\u00e9sek, szennyez\u0151d\u00e9snyomok, cementmaradv\u00e1nyok, m\u00e9szfoltok \u00e9s a be\u00e1gyaz\u00f3dott pen\u00e9sz elt\u00e1vol\u00edt\u00e1s\u00e1ra k\u00e9sz\u00fclt. Er\u0151teljes formul\u00e1ja m\u00e9lyen behatol a t\u00e9gla p\u00f3rusaiba, hogy feloldja a szennyez\u0151d\u00e9seket \u00e9s vissza\u00e1ll\u00edtsa a fel\u00fcletek eredeti f\u00e9ny\u00e9t an\u00e9lk\u00fcl, hogy megv\u00e1ltoztatn\u00e1 vagy k\u00e1ros\u00edtan\u00e1 azokat.<\/p>\n<p><img decoding=\"async\" style=\"margin-right: 12px;\" src=\"https:\/\/www.ferberpainting.com\/wp-content\/uploads\/2026\/02\/Check.svg\" alt=\"\" width=\"18\" height=\"15\" \/><strong>P\u00e9nzvisszafizet\u00e9si garancia.<\/strong>\u00a0B\u00edzunk a t\u00e9glatiszt\u00edt\u00f3szer\u00fcnk hat\u00e9konys\u00e1g\u00e1ban \u00e9s abban, hogy k\u00e9pes helyre\u00e1ll\u00edtani a t\u00e9glafel\u00fcletek tisztas\u00e1g\u00e1t. Ha a haszn\u00e1lat ut\u00e1n nem teljesen el\u00e9gedett, teljes visszat\u00e9r\u00edt\u00e9sre jogosult. Pr\u00f3b\u00e1lja ki term\u00e9k\u00fcnket nyugodt sz\u00edvvel, \u00e9s tapasztalja meg a kiv\u00e9teles eredm\u00e9nyeket saj\u00e1t maga, kock\u00e1zatmentesen.<\/p>\n<p><img decoding=\"async\" style=\"margin-right: 12px;\" src=\"https:\/\/www.ferberpainting.com\/wp-content\/uploads\/2026\/02\/Check.svg\" alt=\"\" width=\"18\" height=\"15\" \/><strong>Kiv\u00e9teles sokoldal\u00fas\u00e1g.<\/strong> Ez a tiszt\u00edt\u00f3szer nem korl\u00e1toz\u00f3dik a t\u00e9gl\u00e1kra, hanem m\u00e1s por\u00f3zus anyagokra, p\u00e9ld\u00e1ul betonra, cementre, habarcsra, term\u00e9szetes k\u0151re, csemp\u00e9re \u00e9s t\u00e9rk\u0151re is rendk\u00edv\u00fcl hat\u00e9kony. T\u00f6k\u00e9letesen alkalmas homlokzatok, kandall\u00f3k, falak, terrakotta padl\u00f3k \u00e9s k\u00fclt\u00e9ri csemp\u00e9k tiszt\u00edt\u00e1s\u00e1ra, optim\u00e1lis tiszt\u00edt\u00e1st biztos\u00edtva mind az \u00e9p\u00edt\u00e9si, mind a dekor\u00e1ci\u00f3s fel\u00fcletek sz\u00e1m\u00e1ra.<\/p>\n<p><img decoding=\"async\" style=\"margin-right: 12px;\" src=\"https:\/\/www.ferberpainting.com\/wp-content\/uploads\/2026\/02\/Check.svg\" alt=\"\" width=\"18\" height=\"15\" \/><strong>Gazdas\u00e1gi teljes\u00edtm\u00e9ny.<\/strong>\u00a0Az 5 literes tart\u00e1lyba csomagolt, rendk\u00edv\u00fcl hat\u00e9kony formul\u00e1val rendelkez\u0151 tiszt\u00edt\u00f3szer kiv\u00e1l\u00f3 hozamot biztos\u00edt. Kis mennyis\u00e9g elegend\u0151 egy nagy ter\u00fclet tiszt\u00edt\u00e1s\u00e1hoz, cs\u00f6kkentve ezzel a fogyaszt\u00e1st. \u00c1tlagosan egy liter term\u00e9kkel ak\u00e1r 50 m\u00b2 t\u00e9glafel\u00fcletet is meg lehet tiszt\u00edtani, \u00edgy k\u00f6lts\u00e9ghat\u00e9kony \u00e9s tart\u00f3s megold\u00e1st jelent a homlokzatok \u00e9s k\u00fclt\u00e9ri terek karbantart\u00e1s\u00e1ra.<\/p>\n<p><img decoding=\"async\" style=\"margin-right: 12px;\" src=\"https:\/\/www.ferberpainting.com\/wp-content\/uploads\/2026\/02\/Check.svg\" alt=\"\" width=\"18\" height=\"15\" \/><strong>Biztons\u00e1gosan haszn\u00e1lhat\u00f3.<\/strong>\u00a0A kem\u00e9ny piaci term\u00e9kekkel ellent\u00e9tben ez a tiszt\u00edt\u00f3szer nem tartalmaz mar\u00f3 old\u00f3szereket vagy m\u00e9rgez\u0151 anyagokat. Nem bocs\u00e1t ki k\u00e1ros g\u0151z\u00f6ket, nem roncsolja a kezelt fel\u00fcleteket, \u00e9s nem jelent eg\u00e9szs\u00e9g\u00fcgyi kock\u00e1zatot. Haszn\u00e1lata mind a szakemberek, mind a mag\u00e1nszem\u00e9lyek sz\u00e1m\u00e1ra biztons\u00e1gos, amennyiben betartj\u00e1k a biztons\u00e1gi \u00f3vint\u00e9zked\u00e9seket.<\/p>\n<p><img decoding=\"async\" style=\"margin-right: 12px;\" src=\"https:\/\/www.ferberpainting.com\/wp-content\/uploads\/2026\/02\/Check.svg\" alt=\"\" width=\"18\" height=\"15\" \/><strong>K\u00f6nnyen haszn\u00e1lhat\u00f3.<\/strong>\u00a0Ez a term\u00e9k azonnal felhaszn\u00e1lhat\u00f3, nem ig\u00e9nyel h\u00edg\u00edt\u00e1st vagy bonyolult el\u0151k\u00e9sz\u00edt\u00e9st. K\u00f6zvetlen\u00fcl a tiszt\u00edtand\u00f3 fel\u00fcletre kell felvinni, gyorsan behatol \u00e9s t\u00falzott er\u0151fesz\u00edt\u00e9s n\u00e9lk\u00fcl feloldja a szennyez\u0151d\u00e9st. Egy egyszer\u0171 \u00f6bl\u00edt\u00e9s elegend\u0151 a tiszta, f\u00e9nyes fel\u00fclet el\u00e9r\u00e9s\u00e9hez, \u00edgy nagyon k\u00e9nyelmes.<\/p>\n<p><img decoding=\"async\" style=\"margin-right: 12px;\" src=\"https:\/\/www.ferberpainting.com\/wp-content\/uploads\/2026\/02\/Check.svg\" alt=\"\" width=\"18\" height=\"15\" \/><strong>Tart\u00f3s v\u00e9delem.<\/strong>\u00a0A szennyez\u0151d\u00e9sek elt\u00e1vol\u00edt\u00e1s\u00e1val \u00e9s a fel\u00fclet gyors lerak\u00f3d\u00e1st\u00f3l val\u00f3 v\u00e9delm\u00e9vel ez a tiszt\u00edt\u00f3szer meghosszabb\u00edtja a t\u00e9gl\u00e1k \u00e9s m\u00e1s por\u00f3zus anyagok \u00e9lettartam\u00e1t. Rendszeres haszn\u00e1lata seg\u00edt megel\u0151zni a szennyez\u00e9s, a nedvess\u00e9g vagy a m\u00e9szlerak\u00f3d\u00e1s okozta k\u00e1rokat, \u00edgy biztos\u00edtva a kezelt szerkezetek hosszabb \u00e9lettartam\u00e1t.<\/p>\n<p><img decoding=\"async\" style=\"margin-right: 12px;\" src=\"https:\/\/www.ferberpainting.com\/wp-content\/uploads\/2026\/02\/Check.svg\" alt=\"\" width=\"18\" height=\"15\" \/><strong>Gyors akci\u00f3.<\/strong>\u00a0Er\u0151sen reakt\u00edv formul\u00e1j\u00e1nak k\u00f6sz\u00f6nhet\u0151en ez a tiszt\u00edt\u00f3szer azonnal hat a foltokra \u00e9s a be\u00e1gyaz\u00f3dott maradv\u00e1nyokra. N\u00e9h\u00e1ny perc alatt feloldja a lerak\u00f3d\u00e1sokat \u00e9s megk\u00f6nny\u00edti az elt\u00e1vol\u00edt\u00e1st \u00f3r\u00e1kig tart\u00f3 s\u00farol\u00e1s n\u00e9lk\u00fcl. Ide\u00e1lis a gyors tiszt\u00edt\u00e1sokhoz, seg\u00edt pillanatok alatt helyre\u00e1ll\u00edtani a tiszta \u00e9s rendezett fel\u00fcletet.<\/p>\n<h2><strong>Haszn\u00e1lati utas\u00edt\u00e1sok<\/strong><\/h2>\n<ul>\n<li><strong>El\u0151k\u00e9sz\u00edt\u00e9s <\/strong>: A term\u00e9k felhord\u00e1sa el\u0151tt gy\u0151z\u0151dj\u00f6n meg arr\u00f3l, hogy a t\u00e9glafel\u00fclet sz\u00e1raz, por- \u00e9s t\u00f6rmel\u00e9kmentes.<\/li>\n<li><strong>Alkalmaz\u00e1s <\/strong>: \u00d6nts\u00f6n m\u00e9rs\u00e9kelt mennyis\u00e9g\u0171 tiszt\u00edt\u00f3szert egy ecsetre, ruh\u00e1ra vagy szivacsra, vagy vigye fel k\u00f6zvetlen\u00fcl a t\u00e9gl\u00e1kra permetez\u0151vel vagy locsol\u00f3kann\u00e1val.<\/li>\n<li><strong>Tiszt\u00edt\u00e1s <\/strong>: Hagyja a term\u00e9ket 5-10 percig hatni, hogy behatoljon \u00e9s feloldja a szennyez\u0151d\u00e9seket. A makacsabb foltok eset\u00e9n s\u00farolja le enyh\u00e9n egy megfelel\u0151 kef\u00e9vel.<\/li>\n<li><strong>\u00d6bl\u00edt\u00e9s <\/strong>: \u00d6bl\u00edtse le alaposan tiszta v\u00edzzel kerti slaggal vagy nagynyom\u00e1s\u00fa tiszt\u00edt\u00f3szerrel, hogy elt\u00e1vol\u00edtsa a term\u00e9kmaradv\u00e1nyokat \u00e9s a fellazult szennyez\u0151d\u00e9seket.<\/li>\n<li><strong>Sz\u00e1r\u00edt\u00e1s \u00e9s befejez\u00e9s <\/strong>: Hagyja, hogy term\u00e9szetes m\u00f3don sz\u00e1radjon a szabadban. A tov\u00e1bbi v\u00e9delem \u00e9rdek\u00e9ben a teljes sz\u00e1rad\u00e1s ut\u00e1n alkalmazhat por\u00f3zus anyagokhoz alkalmas hidrof\u00f3b kezel\u00e9st.<\/li>\n<li><strong>Haszn\u00e1lat gyakoris\u00e1ga <\/strong>: Haszn\u00e1lja, ha a t\u00e9gl\u00e1n l\u00e1that\u00f3 szennyez\u0151d\u00e9s, foltok vagy felhalmoz\u00f3d\u00e1s l\u00e1that\u00f3. Rendszeres karbantart\u00e1s eset\u00e9n 3-6 havonta alkalmazza a hossz\u00fa t\u00e1v\u00fa tisztas\u00e1g fenntart\u00e1sa \u00e9rdek\u00e9ben.<\/li>\n<li><strong>T\u00e1rol\u00e1s <\/strong>: A hossz\u00fa t\u00e1v\u00fa hat\u00e9konys\u00e1g meg\u0151rz\u00e9se \u00e9rdek\u00e9ben a tart\u00e1lyt minden haszn\u00e1lat ut\u00e1n szorosan z\u00e1rja le, \u00e9s t\u00e1rolja h\u0171v\u00f6s, sz\u00e1raz, f\u00e9nyt\u0151l \u00e9s sz\u00e9ls\u0151s\u00e9ges h\u0151m\u00e9rs\u00e9klett\u0151l v\u00e9dett helyen.<\/li>\n<\/ul>\n<p>A t\u00e9glatiszt\u00edt\u00f3val k\u00f6nnyed\u00e9n \u00e9s biztons\u00e1gosan \u00e1ll\u00edthatja vissza homlokzatainak, falainak \u00e9s k\u00fclt\u00e9ri tereinek f\u00e9ny\u00e9t \u00e9s tisztas\u00e1g\u00e1t.<\/p>\n<p>&nbsp;<\/p>","protected":false},"excerpt":{"rendered":"<p>Optimal Effectiveness.\u00a0This brick cleaner is specially formulated to eliminate dirt deposits, pollution marks, cement residues, lime stains, and embedded mold. Its powerful formula penetrates deep into the pores of the brick to dissolve impurities and restore surfaces to their original shine without altering or damaging them. Money-back guarantee.\u00a0We are confident in the efficacy of our [&hellip;]<\/p>\n","protected":false},"featured_media":36565,"comment_status":"open","ping_status":"closed","template":"","meta":{"_uag_custom_page_level_css":"","site-sidebar-layout":"default","site-content-layout":"","ast-site-content-layout":"default","site-content-style":"default","site-sidebar-style":"default","ast-global-header-display":"","ast-banner-title-visibility":"","ast-main-header-display":"","ast-hfb-above-header-display":"","ast-hfb-below-header-display":"","ast-hfb-mobile-header-display":"","site-post-title":"","ast-breadcrumbs-content":"","ast-featured-img":"","footer-sml-layout":"","ast-disable-related-posts":"","theme-transparent-header-meta":"default","adv-header-id-meta":"","stick-header-meta":"","header-above-stick-meta":"","header-main-stick-meta":"","header-below-stick-meta":"","astra-migrate-meta-layouts":"set","ast-page-background-enabled":"default","ast-page-background-meta":{"desktop":{"background-color":"var(--ast-global-color-4)","background-image":"","background-repeat":"repeat","background-position":"center center","background-size":"auto","background-attachment":"scroll","background-type":"","background-media":"","overlay-type":"","overlay-color":"","overlay-opacity":"","overlay-gradient":""},"tablet":{"background-color":"","background-image":"","background-repeat":"repeat","background-position":"center center","background-size":"auto","background-attachment":"scroll","background-type":"","background-media":"","overlay-type":"","overlay-color":"","overlay-opacity":"","overlay-gradient":""},"mobile":{"background-color":"","background-image":"","background-repeat":"repeat","background-position":"center center","background-size":"auto","background-attachment":"scroll","background-type":"","background-media":"","overlay-type":"","overlay-color":"","overlay-opacity":"","overlay-gradient":""}},"ast-content-background-meta":{"desktop":{"background-color":"var(--ast-global-color-5)","background-image":"","background-repeat":"repeat","background-position":"center center","background-size":"auto","background-attachment":"scroll","background-type":"","background-media":"","overlay-type":"","overlay-color":"","overlay-opacity":"","overlay-gradient":""},"tablet":{"background-color":"var(--ast-global-color-5)","background-image":"","background-repeat":"repeat","background-position":"center center","background-size":"auto","background-attachment":"scroll","background-type":"","background-media":"","overlay-type":"","overlay-color":"","overlay-opacity":"","overlay-gradient":""},"mobile":{"background-color":"var(--ast-global-color-5)","background-image":"","background-repeat":"repeat","background-position":"center center","background-size":"auto","background-attachment":"scroll","background-type":"","background-media":"","overlay-type":"","overlay-color":"","overlay-opacity":"","overlay-gradient":""}}},"product_brand":[],"product_cat":[175],"product_tag":[],"class_list":{"0":"post-23114","1":"product","2":"type-product","3":"status-publish","4":"has-post-thumbnail","6":"product_cat-cleaning-products","7":"desktop-align-left","8":"tablet-align-left","9":"mobile-align-left","11":"first","12":"instock","13":"sale","14":"taxable","15":"shipping-taxable","16":"purchasable","17":"product-type-variable","18":"has-default-attributes"},"spectra_custom_meta":{"_visibility":["visible"],"_shopify_product_id":["9101874168053"],"_s2w_shopify_domain":["ferberpainting.myshopify.com"],"_shopify_variant_id":["46614035169525"],"_sku":[""],"_manage_stock":["no"],"total_sales":["198"],"_tax_status":["taxable"],"_tax_class":[""],"_backorders":["no"],"_sold_individually":["no"],"_virtual":["no"],"_downloadable":["no"],"_download_limit":["-1"],"_download_expiry":["-1"],"_stock":[null],"_stock_status":["instock"],"_wc_average_rating":["5.00"],"_wc_review_count":["10"],"_product_attributes":["a:1:{s:6:\"volume\";a:6:{s:4:\"name\";s:6:\"Volume\";s:5:\"value\";s:20:\"5 liters | 25 liters\";s:8:\"position\";i:1;s:10:\"is_visible\";i:0;s:12:\"is_variation\";i:1;s:11:\"is_taxonomy\";i:0;}}"],"_product_version":["10.5.1"],"wpse_downloadable_file_names":[""],"wpse_downloadable_file_urls":[""],"_edit_last":["1"],"_default_attributes":["a:1:{s:6:\"volume\";s:8:\"5 liters\";}"],"_edit_lock":["1771157833:1"],"_price":["29.90","129.90"],"merchant-center-availability":["yes"],"merchant-center-category":["7504"],"_thumbnail_id":["36565"],"_wp_page_template":["default"],"_wp_old_date":["2025-05-26"],"_product_image_gallery":["36566"],"site-sidebar-layout":["default"],"ast-site-content-layout":["default"],"site-content-style":["default"],"site-sidebar-style":["default"],"theme-transparent-header-meta":["default"],"_wc_rating_count":["a:1:{i:5;i:10;}"],"astra-migrate-meta-layouts":["set"],"_uag_css_file_name":["uag-css-23114.css"],"_elementor_page_assets":["a:0:{}"],"_uag_page_assets":["a:9:{s:3:\"css\";s:7133:\".uag-blocks-common-selector{z-index:var(--z-index-desktop) !important}@media(max-width: 976px){.uag-blocks-common-selector{z-index:var(--z-index-tablet) !important}}@media(max-width: 767px){.uag-blocks-common-selector{z-index:var(--z-index-mobile) !important}}.wp-block-uagb-image{display:flex}.wp-block-uagb-image__figure{position:relative;display:flex;flex-direction:column;max-width:100%;height:auto;margin:0}.wp-block-uagb-image__figure img{height:auto;display:flex;max-width:100%;transition:box-shadow .2s ease}.wp-block-uagb-image__figure>a{display:inline-block}.wp-block-uagb-image__figure figcaption{text-align:center;margin-top:.5em;margin-bottom:1em}.wp-block-uagb-image .components-placeholder.block-editor-media-placeholder .components-placeholder__instructions{align-self:center}.wp-block-uagb-image--align-left{text-align:left}.wp-block-uagb-image--align-right{text-align:right}.wp-block-uagb-image--align-center{text-align:center}.wp-block-uagb-image--align-full .wp-block-uagb-image__figure{margin-left:calc(50% - 50vw);margin-right:calc(50% - 50vw);max-width:100vw;width:100vw;height:auto}.wp-block-uagb-image--align-full .wp-block-uagb-image__figure img{height:auto;width:100% !important}.wp-block-uagb-image--align-wide .wp-block-uagb-image__figure img{height:auto;width:100%}.wp-block-uagb-image--layout-overlay__color-wrapper{position:absolute;left:0;top:0;right:0;bottom:0;opacity:.2;background:rgba(0,0,0,.5);transition:opacity .35s ease-in-out}.wp-block-uagb-image--layout-overlay-link{position:absolute;left:0;right:0;bottom:0;top:0}.wp-block-uagb-image--layout-overlay .wp-block-uagb-image__figure:hover .wp-block-uagb-image--layout-overlay__color-wrapper{opacity:1}.wp-block-uagb-image--layout-overlay__inner{position:absolute;left:15px;right:15px;bottom:15px;top:15px;display:flex;align-items:center;justify-content:center;flex-direction:column;border-color:#fff;transition:.35s ease-in-out}.wp-block-uagb-image--layout-overlay__inner.top-left,.wp-block-uagb-image--layout-overlay__inner.top-center,.wp-block-uagb-image--layout-overlay__inner.top-right{justify-content:flex-start}.wp-block-uagb-image--layout-overlay__inner.bottom-left,.wp-block-uagb-image--layout-overlay__inner.bottom-center,.wp-block-uagb-image--layout-overlay__inner.bottom-right{justify-content:flex-end}.wp-block-uagb-image--layout-overlay__inner.top-left,.wp-block-uagb-image--layout-overlay__inner.center-left,.wp-block-uagb-image--layout-overlay__inner.bottom-left{align-items:flex-start}.wp-block-uagb-image--layout-overlay__inner.top-right,.wp-block-uagb-image--layout-overlay__inner.center-right,.wp-block-uagb-image--layout-overlay__inner.bottom-right{align-items:flex-end}.wp-block-uagb-image--layout-overlay__inner .uagb-image-heading{color:#fff;transition:transform .35s,opacity .35s ease-in-out;transform:translate3d(0, 24px, 0);margin:0;line-height:1em}.wp-block-uagb-image--layout-overlay__inner .uagb-image-separator{width:30%;border-top-width:2px;border-top-color:#fff;border-top-style:solid;margin-bottom:10px;opacity:0;transition:transform .4s,opacity .4s ease-in-out;transform:translate3d(0, 30px, 0)}.wp-block-uagb-image--layout-overlay__inner .uagb-image-caption{opacity:0;overflow:visible;color:#fff;transition:transform .45s,opacity .45s ease-in-out;transform:translate3d(0, 35px, 0)}.wp-block-uagb-image--layout-overlay__inner:hover .uagb-image-heading,.wp-block-uagb-image--layout-overlay__inner:hover .uagb-image-separator,.wp-block-uagb-image--layout-overlay__inner:hover .uagb-image-caption{opacity:1;transform:translate3d(0, 0, 0)}.wp-block-uagb-image--effect-zoomin .wp-block-uagb-image__figure img,.wp-block-uagb-image--effect-zoomin .wp-block-uagb-image__figure .wp-block-uagb-image--layout-overlay__color-wrapper{transform:scale(1);transition:transform .35s ease-in-out}.wp-block-uagb-image--effect-zoomin .wp-block-uagb-image__figure:hover img,.wp-block-uagb-image--effect-zoomin .wp-block-uagb-image__figure:hover .wp-block-uagb-image--layout-overlay__color-wrapper{transform:scale(1.05)}.wp-block-uagb-image--effect-slide .wp-block-uagb-image__figure img,.wp-block-uagb-image--effect-slide .wp-block-uagb-image__figure .wp-block-uagb-image--layout-overlay__color-wrapper{width:calc(100% + 40px) !important;max-width:none !important;transform:translate3d(-40px, 0, 0);transition:transform .35s ease-in-out}.wp-block-uagb-image--effect-slide .wp-block-uagb-image__figure:hover img,.wp-block-uagb-image--effect-slide .wp-block-uagb-image__figure:hover .wp-block-uagb-image--layout-overlay__color-wrapper{transform:translate3d(0, 0, 0)}.wp-block-uagb-image--effect-grayscale img{filter:grayscale(0%);transition:.35s ease-in-out}.wp-block-uagb-image--effect-grayscale:hover img{filter:grayscale(100%)}.wp-block-uagb-image--effect-blur img{filter:blur(0);transition:.35s ease-in-out}.wp-block-uagb-image--effect-blur:hover img{filter:blur(3px)}.uagb-block-e6f939b3.wp-block-uagb-image--layout-default figure img{box-shadow: 0px 0px 0 #00000070;}.uagb-block-e6f939b3.wp-block-uagb-image .wp-block-uagb-image__figure figcaption{font-style: normal;align-self: center;}.uagb-block-e6f939b3.wp-block-uagb-image--layout-overlay figure img{box-shadow: 0px 0px 0 #00000070;}.uagb-block-e6f939b3.wp-block-uagb-image--layout-overlay .wp-block-uagb-image--layout-overlay__color-wrapper{opacity: 0.2;}.uagb-block-e6f939b3.wp-block-uagb-image--layout-overlay .wp-block-uagb-image--layout-overlay__inner{left: 15px;right: 15px;top: 15px;bottom: 15px;}.uagb-block-e6f939b3.wp-block-uagb-image--layout-overlay .wp-block-uagb-image--layout-overlay__inner .uagb-image-heading{font-style: normal;color: #fff;opacity: 1;}.uagb-block-e6f939b3.wp-block-uagb-image--layout-overlay .wp-block-uagb-image--layout-overlay__inner .uagb-image-heading a{color: #fff;}.uagb-block-e6f939b3.wp-block-uagb-image--layout-overlay .wp-block-uagb-image--layout-overlay__inner .uagb-image-caption{opacity: 0;}.uagb-block-e6f939b3.wp-block-uagb-image--layout-overlay .wp-block-uagb-image__figure:hover .wp-block-uagb-image--layout-overlay__color-wrapper{opacity: 1;}.uagb-block-e6f939b3.wp-block-uagb-image .wp-block-uagb-image--layout-overlay__inner .uagb-image-separator{width: 30%;border-top-width: 2px;border-top-color: #fff;opacity: 0;}.uagb-block-e6f939b3.wp-block-uagb-image .wp-block-uagb-image__figure img{width: px;height: auto;}.uagb-block-e6f939b3.wp-block-uagb-image .wp-block-uagb-image__figure:hover .wp-block-uagb-image--layout-overlay__inner .uagb-image-caption{opacity: 1;}.uagb-block-e6f939b3.wp-block-uagb-image .wp-block-uagb-image__figure:hover .wp-block-uagb-image--layout-overlay__inner .uagb-image-separator{opacity: 1;}.uagb-block-e6f939b3.wp-block-uagb-image--layout-default figure:hover img{box-shadow: 0px 0px 0 #00000070;}.uagb-block-e6f939b3.wp-block-uagb-image--layout-overlay figure:hover img{box-shadow: 0px 0px 0 #00000070;}@media only screen and (max-width: 976px) {.uagb-block-e6f939b3.wp-block-uagb-image .wp-block-uagb-image__figure img{width: px;height: auto;}}@media only screen and (max-width: 767px) {.uagb-block-e6f939b3.wp-block-uagb-image .wp-block-uagb-image__figure img{width: px;height: auto;}}\";s:2:\"js\";s:0:\"\";s:18:\"current_block_list\";a:13:{i:0;s:11:\"core\/search\";i:1;s:10:\"core\/group\";i:2;s:12:\"core\/heading\";i:3;s:17:\"core\/latest-posts\";i:4;s:20:\"core\/latest-comments\";i:5;s:13:\"core\/archives\";i:6;s:15:\"core\/categories\";i:7;s:14:\"core\/paragraph\";i:8;s:10:\"uagb\/image\";i:9;s:11:\"core\/spacer\";i:10;s:30:\"woocommerce\/product-categories\";i:11;s:10:\"core\/image\";i:12;s:14:\"core\/shortcode\";}s:8:\"uag_flag\";b:1;s:11:\"uag_version\";s:10:\"1777196291\";s:6:\"gfonts\";a:0:{}s:10:\"gfonts_url\";s:0:\"\";s:12:\"gfonts_files\";a:0:{}s:14:\"uag_faq_layout\";b:0;}"]},"uagb_featured_image_src":{"full":["https:\/\/www.ferberpainting.com\/wp-content\/uploads\/2025\/05\/Brick-Cleaner-5L-Mockup-.png",2560,2560,false],"thumbnail":["https:\/\/www.ferberpainting.com\/wp-content\/uploads\/2025\/05\/Brick-Cleaner-5L-Mockup--150x150.png",150,150,true],"medium":["https:\/\/www.ferberpainting.com\/wp-content\/uploads\/2025\/05\/Brick-Cleaner-5L-Mockup--300x300.png",300,300,true],"medium_large":["https:\/\/www.ferberpainting.com\/wp-content\/uploads\/2025\/05\/Brick-Cleaner-5L-Mockup--768x768.png",768,768,true],"large":["https:\/\/www.ferberpainting.com\/wp-content\/uploads\/2025\/05\/Brick-Cleaner-5L-Mockup--1024x1024.png",1024,1024,true],"1536x1536":["https:\/\/www.ferberpainting.com\/wp-content\/uploads\/2025\/05\/Brick-Cleaner-5L-Mockup--1536x1536.png",1536,1536,true],"2048x2048":["https:\/\/www.ferberpainting.com\/wp-content\/uploads\/2025\/05\/Brick-Cleaner-5L-Mockup--2048x2048.png",2048,2048,true],"trp-custom-language-flag":["https:\/\/www.ferberpainting.com\/wp-content\/uploads\/2025\/05\/Brick-Cleaner-5L-Mockup--12x12.png",12,12,true],"woocommerce_thumbnail":["https:\/\/www.ferberpainting.com\/wp-content\/uploads\/2025\/05\/Brick-Cleaner-5L-Mockup--300x300.png",300,300,true],"woocommerce_single":["https:\/\/www.ferberpainting.com\/wp-content\/uploads\/2025\/05\/Brick-Cleaner-5L-Mockup--600x600.png",600,600,true],"woocommerce_gallery_thumbnail":["https:\/\/www.ferberpainting.com\/wp-content\/uploads\/2025\/05\/Brick-Cleaner-5L-Mockup--100x100.png",100,100,true]},"uagb_author_info":{"display_name":"admin","author_link":"https:\/\/www.ferberpainting.com\/hu\/author\/"},"uagb_comment_info":10,"uagb_excerpt":"Optimal Effectiveness.\u00a0This brick cleaner is specially formulated to eliminate dirt deposits, pollution marks, cement residues, lime stains, and embedded mold. Its powerful formula penetrates deep into the pores of the brick to dissolve impurities and restore surfaces to their original shine without altering or damaging them. Money-back guarantee.\u00a0We are confident in the efficacy of our&hellip;","_links":{"self":[{"href":"https:\/\/www.ferberpainting.com\/hu\/wp-json\/wp\/v2\/product\/23114","targetHints":{"allow":["GET"]}}],"collection":[{"href":"https:\/\/www.ferberpainting.com\/hu\/wp-json\/wp\/v2\/product"}],"about":[{"href":"https:\/\/www.ferberpainting.com\/hu\/wp-json\/wp\/v2\/types\/product"}],"replies":[{"embeddable":true,"href":"https:\/\/www.ferberpainting.com\/hu\/wp-json\/wp\/v2\/comments?post=23114"}],"version-history":[{"count":5,"href":"https:\/\/www.ferberpainting.com\/hu\/wp-json\/wp\/v2\/product\/23114\/revisions"}],"predecessor-version":[{"id":166051,"href":"https:\/\/www.ferberpainting.com\/hu\/wp-json\/wp\/v2\/product\/23114\/revisions\/166051"}],"wp:featuredmedia":[{"embeddable":true,"href":"https:\/\/www.ferberpainting.com\/hu\/wp-json\/wp\/v2\/media\/36565"}],"wp:attachment":[{"href":"https:\/\/www.ferberpainting.com\/hu\/wp-json\/wp\/v2\/media?parent=23114"}],"wp:term":[{"taxonomy":"product_brand","embeddable":true,"href":"https:\/\/www.ferberpainting.com\/hu\/wp-json\/wp\/v2\/product_brand?post=23114"},{"taxonomy":"product_cat","embeddable":true,"href":"https:\/\/www.ferberpainting.com\/hu\/wp-json\/wp\/v2\/product_cat?post=23114"},{"taxonomy":"product_tag","embeddable":true,"href":"https:\/\/www.ferberpainting.com\/hu\/wp-json\/wp\/v2\/product_tag?post=23114"}],"curies":[{"name":"wp","href":"https:\/\/api.w.org\/{rel}","templated":true}]}}