{"id":23113,"date":"2025-05-26T10:22:47","date_gmt":"2025-05-26T08:22:47","guid":{"rendered":"https:\/\/www.ferberpainting.com\/products\/bougainvillea-fertilizer\/"},"modified":"2026-02-15T13:13:36","modified_gmt":"2026-02-15T12:13:36","slug":"bougainvillea-fertilizer","status":"publish","type":"product","link":"https:\/\/www.ferberpainting.com\/hu\/products\/bougainvillea-fertilizer\/","title":{"rendered":"Bougainvillea m\u0171tr\u00e1gya 25 kg"},"content":{"rendered":"<p><img decoding=\"async\" style=\"margin-right: 12px;\" src=\"https:\/\/www.ferberpainting.com\/wp-content\/uploads\/2026\/02\/Check.svg\" alt=\"\" width=\"18\" height=\"15\" \/><strong>Kifejezetten a bougainvillea n\u00f6veked\u00e9s\u00e9hez \u00e9s b\u0151s\u00e9ges vir\u00e1gz\u00e1s\u00e1hoz kifejlesztett m\u0171tr\u00e1gya.<\/strong>\u00a0Ezt a bougainvillea m\u0171tr\u00e1gy\u00e1t \u00fagy \u00e1ll\u00edtott\u00e1k \u00f6ssze, hogy megfeleljen ennek az \u00e9l\u00e9nk sz\u00edn\u0171 mediterr\u00e1n n\u00f6v\u00e9nynek a k\u00fcl\u00f6nleges ig\u00e9nyeinek. NPK 10-10-10 \u00f6sszet\u00e9tel\u00e9nek k\u00f6sz\u00f6nhet\u0151en t\u00f6k\u00e9letes egyens\u00falyt biztos\u00edt a lombozat fejl\u0151d\u00e9s\u00e9t el\u0151seg\u00edt\u0151 nitrog\u00e9n (N), a gy\u00f6k\u00e9rzetet er\u0151s\u00edt\u0151 \u00e9s a n\u00f6v\u00e9ny ellen\u00e1ll\u00f3 k\u00e9pess\u00e9g\u00e9t jav\u00edt\u00f3 foszfor (P) \u00e9s a vir\u00e1gz\u00e1st serkent\u0151 \u00e9s a fellevelek sz\u00edn\u00e9t fokoz\u00f3 k\u00e1lium (K) k\u00f6z\u00f6tt. Ez biztos\u00edtja a teljes vir\u00e1gz\u00e1sban l\u00e9v\u0151 bougainville\u00e1t, \u00e9l\u00e9nk vir\u00e1gz\u00e1ssal \u00e9s s\u0171r\u0171, d\u00fas lombozattal.<\/p>\n<p><img decoding=\"async\" style=\"margin-right: 12px;\" src=\"https:\/\/www.ferberpainting.com\/wp-content\/uploads\/2026\/02\/Check.svg\" alt=\"\" width=\"18\" height=\"15\" \/><strong>P\u00e9nzvisszafizet\u00e9si garancia.<\/strong>\u00a0Teljes m\u00e9rt\u00e9kben megb\u00edzunk a bougainvillea m\u0171tr\u00e1gy\u00e1nk hat\u00e9konys\u00e1g\u00e1ban, ez\u00e9rt p\u00e9nzvisszafizet\u00e9si garanci\u00e1t v\u00e1llalunk. Ha az aj\u00e1nl\u00e1soknak megfelel\u0151 haszn\u00e1lat ellen\u00e9re n\u00f6v\u00e9nye nem mutat b\u0151s\u00e9gesebb vir\u00e1gz\u00e1st vagy jobb n\u00f6veked\u00e9st, \u00edg\u00e9rj\u00fck, hogy teljes \u00f6sszeg\u00e9t visszafizetj\u00fck, \u00edgy \u00d6n nyugodt lehet.<\/p>\n<p><img decoding=\"async\" style=\"margin-right: 12px;\" src=\"https:\/\/www.ferberpainting.com\/wp-content\/uploads\/2026\/02\/Check.svg\" alt=\"\" width=\"18\" height=\"15\" \/><strong>Alkalmas minden bougainvillea fajt\u00e1hoz \u00e9s minden termeszt\u00e9si k\u00f6r\u00fclm\u00e9nyhez.<\/strong>\u00a0Ez a m\u0171tr\u00e1gya alkalmas szabadf\u00f6ld\u00f6n, cser\u00e9pben vagy kont\u00e9nerben termesztett bougainvillea sz\u00e1m\u00e1ra, \u00e9s minden fajt\u00e1n\u00e1l alkalmazhat\u00f3, f\u00fcggetlen\u00fcl att\u00f3l, hogy lila, piros, r\u00f3zsasz\u00edn, narancss\u00e1rga vagy feh\u00e9r fellevel\u00fck van. Hat\u00e9kony a k\u00fasz\u00f3, bokorban vagy s\u00f6v\u00e9nyben nevelt bougainvillea eset\u00e9ben is, biztos\u00edtva a minden be\u00e1ll\u00edt\u00e1shoz igazod\u00f3 tr\u00e1gy\u00e1z\u00e1st.<\/p>\n<p><img decoding=\"async\" style=\"margin-right: 12px;\" src=\"https:\/\/www.ferberpainting.com\/wp-content\/uploads\/2026\/02\/Check.svg\" alt=\"\" width=\"18\" height=\"15\" \/><strong>K\u00f6lts\u00e9ghat\u00e9kony hozam \u00e9s tart\u00f3s tr\u00e1gy\u00e1z\u00e1s.<\/strong>\u00a0Lassan felszabadul\u00f3 formul\u00e1j\u00e1nak k\u00f6sz\u00f6nhet\u0151en ez a m\u0171tr\u00e1gya fokozatosan szabad\u00edtja fel a t\u00e1panyagokat, \u00edgy biztos\u00edtva a hosszan tart\u00f3 tr\u00e1gy\u00e1z\u00e1st \u00e9s cs\u00f6kkentve a kijuttat\u00e1sok gyakoris\u00e1g\u00e1t. Egy 25 kg-os zs\u00e1k ak\u00e1r 125 bougainvillea n\u00f6v\u00e9ny tr\u00e1gy\u00e1z\u00e1s\u00e1ra is alkalmas, f\u00e1nk\u00e9nt \u00e1tlagosan 200 g-os adagol\u00e1ssal. Ez az optimaliz\u00e1lt hozam folyamatos t\u00e1panyagell\u00e1t\u00e1st biztos\u00edt, pazarl\u00e1s n\u00e9lk\u00fcl, az \u00e1lland\u00f3 vir\u00e1gz\u00e1s fenntart\u00e1sa mellett.<\/p>\n<p><img decoding=\"async\" style=\"margin-right: 12px;\" src=\"https:\/\/www.ferberpainting.com\/wp-content\/uploads\/2026\/02\/Check.svg\" alt=\"\" width=\"18\" height=\"15\" \/><strong>Biztons\u00e1gos \u00e9s k\u00f6rnyezetbar\u00e1t m\u0171tr\u00e1gya.<\/strong>\u00a0Ez a m\u0171tr\u00e1gya \u00e1rtalmatlan a talajra, az \u00e1llatvil\u00e1gra \u00e9s a n\u00f6v\u00e9nyvil\u00e1gra, \u00edgy k\u00edm\u00e9letes \u00e9s fokozatos tr\u00e1gy\u00e1z\u00e1st biztos\u00edt, amely tiszteletben tartja a talaj term\u00e9szetes egyens\u00faly\u00e1t. Emellett serkenti a j\u00f3t\u00e9kony mikrobi\u00e1lis tev\u00e9kenys\u00e9get, el\u0151seg\u00edtve a jobb t\u00e1panyagfelv\u00e9telt \u00e9s v\u00edzmegtart\u00e1st - mindkett\u0151 elengedhetetlen a bougainvillea termeszt\u00e9s\u00e9hez, k\u00fcl\u00f6n\u00f6sen ny\u00e1ron.<\/p>\n<p><img decoding=\"async\" style=\"margin-right: 12px;\" src=\"https:\/\/www.ferberpainting.com\/wp-content\/uploads\/2026\/02\/Check.svg\" alt=\"\" width=\"18\" height=\"15\" \/><strong>K\u00f6nny\u0171 kijuttat\u00e1s \u00e9s f\u00e1rads\u00e1gmentes tr\u00e1gy\u00e1z\u00e1s.<\/strong>\u00a0A h\u00edg\u00edt\u00e1st ig\u00e9nyl\u0151 foly\u00e9kony m\u0171tr\u00e1gy\u00e1kkal ellent\u00e9tben ez a m\u0171tr\u00e1gya k\u00f6zvetlen\u00fcl a talajba ker\u00fcl, bonyolult el\u0151k\u00e9sz\u00edt\u00e9s n\u00e9lk\u00fcl. Egyszer\u0171en csak ter\u00edtse el a n\u00f6v\u00e9ny t\u00f6ve k\u00f6r\u00fcl, \u00e9s enyh\u00e9n keverje be a talajba, hogy biztos\u00edtsa a t\u00e1panyagok optim\u00e1lis felsz\u00edv\u00f3d\u00e1s\u00e1t. A k\u00f6nnyen kezelhet\u0151 alkalmaz\u00e1snak k\u00f6sz\u00f6nhet\u0151en m\u00e9g a kezd\u0151 kert\u00e9szek is n\u00e9h\u00e1ny perc alatt hat\u00e9kony tr\u00e1gy\u00e1z\u00e1st \u00e9rhetnek el.<\/p>\n<p><img decoding=\"async\" style=\"margin-right: 12px;\" src=\"https:\/\/www.ferberpainting.com\/wp-content\/uploads\/2026\/02\/Check.svg\" alt=\"\" width=\"18\" height=\"15\" \/><strong>Hosszan tart\u00f3 hat\u00e1s a k\u00e1pr\u00e1zatos vir\u00e1gz\u00e1s\u00e9rt \u00e9s a fokozott ellen\u00e1ll\u00f3 k\u00e9pess\u00e9g\u00e9rt.<\/strong>\u00a0Ez a m\u0171tr\u00e1gya hosszan tart\u00f3 hat\u00e1s\u00e1val t\u00f6bb h\u00e9ten \u00e1t t\u00e1pl\u00e1lja a bougainville\u00e1t, el\u0151seg\u00edtve a folyamatos vir\u00e1gz\u00e1st \u00e9s az intenz\u00edvebb sz\u00edn\u0171 f\u00fcrt\u00f6k kialakul\u00e1s\u00e1t. Jav\u00edtja a kem\u00e9ny id\u0151j\u00e1r\u00e1si k\u00f6r\u00fclm\u00e9nyekkel, p\u00e9ld\u00e1ul a sz\u00e1razs\u00e1ggal, az er\u0151s sz\u00e9llel \u00e9s a h\u0151m\u00e9rs\u00e9klet-v\u00e1ltoz\u00e1sokkal szembeni ellen\u00e1ll\u00f3 k\u00e9pess\u00e9get, \u00edgy biztos\u00edtva a n\u00f6v\u00e9ny er\u0151sebb \u00e9s eg\u00e9szs\u00e9gesebb \u00e1llapot\u00e1t.<\/p>\n<p><img decoding=\"async\" style=\"margin-right: 12px;\" src=\"https:\/\/www.ferberpainting.com\/wp-content\/uploads\/2026\/02\/Check.svg\" alt=\"\" width=\"18\" height=\"15\" \/><strong>L\u00e1that\u00f3 eredm\u00e9nyek az els\u0151 n\u00e9h\u00e1ny h\u00e9tben.<\/strong>\u00a0Ez a m\u0171tr\u00e1gya m\u00e1r az els\u0151 alkalmaz\u00e1st\u00f3l kezdve serkenti a n\u00f6veked\u00e9s helyre\u00e1ll\u00e1s\u00e1t, beind\u00edtja a f\u00fcrt\u00f6k sz\u00ednez\u0151d\u00e9s\u00e9t, \u00e9s n\u00f6veli a lombozat s\u0171r\u0171s\u00e9g\u00e9t. N\u00e9h\u00e1ny hetes haszn\u00e1lat ut\u00e1n b\u0151s\u00e9gesebb vir\u00e1gz\u00e1sban \u00e9s egy olyan bougainville\u00e1ban lesz r\u00e9sze, amely igazi l\u00e1tv\u00e1nyoss\u00e1gg\u00e1 v\u00e1lik kertj\u00e9ben vagy terasz\u00e1n.<\/p>\n<h2><strong>Haszn\u00e1lati protokoll<\/strong><\/h2>\n<ul>\n<li><strong>Jelentkez\u00e9si id\u0151szak <\/strong>: \u00c9vente h\u00e1romszor, tavasz elej\u00e9n (m\u00e1rcius-\u00e1prilis), kora ny\u00e1ron (j\u00fanius-j\u00falius) \u00e9s k\u00e9s\u0151 ny\u00e1ron (szeptember-okt\u00f3ber) alkalmazza a kiegyens\u00falyozott n\u00f6veked\u00e9s \u00e9s a hosszan tart\u00f3 vir\u00e1gz\u00e1s \u00e9rdek\u00e9ben.<\/li>\n<li><strong>Aj\u00e1nlott adagol\u00e1s <\/strong>: Bougainville\u00e1nk\u00e9nt 200 g m\u0171tr\u00e1gy\u00e1t sz\u00f3rjon ki, vagyis k\u00f6r\u00fclbel\u00fcl k\u00e9t j\u00f3l megt\u00f6lt\u00f6tt mar\u00e9knyit, a mennyis\u00e9get a n\u00f6v\u00e9ny m\u00e9ret\u00e9t\u0151l \u00e9s kor\u00e1t\u00f3l f\u00fcgg\u0151en kiss\u00e9 m\u00f3dos\u00edtva.<\/li>\n<li><strong>Alkalmaz\u00e1si m\u00f3dszer<\/strong>:\n<ul>\n<li><strong>Talajsz\u00f3r\u00e1s <\/strong>: A m\u0171tr\u00e1gy\u00e1t a t\u00f6rzs k\u00f6r\u00fcl, a n\u00f6v\u00e9ny t\u00f6v\u00e9t\u0151l 30-50 cm-re k\u00f6rk\u00f6r\u00f6sen sz\u00f3rja ki, hogy a gy\u00f6kerek fokozatosan fel tudj\u00e1k sz\u00edvni a t\u00e1panyagokat.<\/li>\n<li><strong>F\u00e9ny be\u00e9p\u00edt\u00e9se <\/strong>: Egy gereblye vagy kapa seg\u00edts\u00e9g\u00e9vel enyh\u00e9n dolgozza be a m\u0171tr\u00e1gy\u00e1t a talaj fels\u0151 r\u00e9teg\u00e9be (2-5 cm m\u00e9lyen), hogy el\u0151seg\u00edtse a t\u00e1panyagok optim\u00e1lis felszabadul\u00e1s\u00e1t.<\/li>\n<\/ul>\n<\/li>\n<li><strong>\u00d6nt\u00f6z\u00e9s a kijuttat\u00e1s ut\u00e1n <\/strong>: Ter\u00edt\u00e9s ut\u00e1n b\u0151s\u00e9gesen \u00f6nt\u00f6zze meg, hogy aktiv\u00e1lja a t\u00e1panyagok felszabadul\u00e1s\u00e1t \u00e9s biztos\u00edtsa a gyors gy\u00f6k\u00e9rfelsz\u00edv\u00f3d\u00e1st. Sz\u00e1raz id\u0151szakokban tartsa fenn a rendszeres \u00f6nt\u00f6z\u00e9st a m\u0171tr\u00e1gya hat\u00e9konys\u00e1g\u00e1nak optimaliz\u00e1l\u00e1sa \u00e9rdek\u00e9ben.<\/li>\n<li><strong>Gondoz\u00e1s \u00e9s nyomon k\u00f6vet\u00e9s <\/strong>: Cserepes vagy kont\u00e9neres bougainvillea eset\u00e9ben a ny\u00e1r k\u00f6zep\u00e9n (j\u00falius-augusztus) egy tov\u00e1bbi alkalmaz\u00e1st lehet v\u00e9gezni a vir\u00e1gz\u00e1s fokoz\u00e1sa \u00e9s a f\u00fcrt\u00f6k elgyeng\u00fcl\u00e9s\u00e9nek megel\u0151z\u00e9se \u00e9rdek\u00e9ben.<\/li>\n<li><strong>Haszn\u00e1lati \u00f3vint\u00e9zked\u00e9sek <\/strong>: Ne l\u00e9pje t\u00fal az aj\u00e1nlott d\u00f3zisokat, hogy elker\u00fclje a vir\u00e1gz\u00e1s rov\u00e1s\u00e1ra t\u00f6rt\u00e9n\u0151 t\u00falzott lev\u00e9ln\u00f6veked\u00e9st. Ne alkalmazza fagyott talajon vagy intenz\u00edv sz\u00e1razs\u00e1g idej\u00e9n, \u00f6nt\u00f6z\u00e9s n\u00e9lk\u00fcl.<\/li>\n<li><strong>T\u00e1rol\u00e1s \u00e9s meg\u0151rz\u00e9s <\/strong>: A m\u0171tr\u00e1gy\u00e1t h\u0171v\u00f6s, sz\u00e1raz, nedvess\u00e9gt\u0151l \u00e9s napf\u00e9nyt\u0151l v\u00e9dett helyen t\u00e1rolja. A term\u00e9k min\u0151s\u00e9g\u00e9nek meg\u0151rz\u00e9se \u00e9s a nedvess\u00e9g felsz\u00edv\u00f3d\u00e1s\u00e1nak elker\u00fcl\u00e9se \u00e9rdek\u00e9ben minden haszn\u00e1lat ut\u00e1n gondosan z\u00e1rja le a zs\u00e1kot.<\/li>\n<\/ul>\n<p>Ezzel a bougainvillea m\u0171tr\u00e1gy\u00e1val teljes \u00e9s kiegyens\u00falyozott t\u00e1panyagot biztos\u00edt n\u00f6v\u00e9ny\u00e9nek, el\u0151seg\u00edtve az er\u0151teljes n\u00f6veked\u00e9st, a b\u0151s\u00e9ges vir\u00e1gz\u00e1st \u00e9s az \u00e9l\u00e9nk sz\u00edn\u0171 felleveleket. Ez az ide\u00e1lis megold\u00e1s az eg\u00e9szs\u00e9ges bougainvillea biztos\u00edt\u00e1s\u00e1hoz, amely eg\u00e9sz \u00e9vben l\u00e1tv\u00e1nyos vir\u00e1gz\u00e1ssal gazdag\u00edtja kertj\u00e9t, terasz\u00e1t vagy erk\u00e9ly\u00e9t.<\/p>","protected":false},"excerpt":{"rendered":"<p>A fertilizer specially designed for the growth and abundant blooming of bougainvillea.\u00a0This fertilizer for bougainvillea has been formulated to meet the specific needs of this Mediterranean plant with vibrant colors. Thanks to its NPK 10-10-10 composition, it provides a perfect balance between nitrogen (N), which promotes foliage development, phosphorus (P), which strengthens the root system [&hellip;]<\/p>\n","protected":false},"featured_media":25712,"comment_status":"open","ping_status":"closed","template":"","meta":{"_uag_custom_page_level_css":"","site-sidebar-layout":"default","site-content-layout":"","ast-site-content-layout":"default","site-content-style":"default","site-sidebar-style":"default","ast-global-header-display":"","ast-banner-title-visibility":"","ast-main-header-display":"","ast-hfb-above-header-display":"","ast-hfb-below-header-display":"","ast-hfb-mobile-header-display":"","site-post-title":"","ast-breadcrumbs-content":"","ast-featured-img":"","footer-sml-layout":"","ast-disable-related-posts":"","theme-transparent-header-meta":"default","adv-header-id-meta":"","stick-header-meta":"","header-above-stick-meta":"","header-main-stick-meta":"","header-below-stick-meta":"","astra-migrate-meta-layouts":"set","ast-page-background-enabled":"default","ast-page-background-meta":{"desktop":{"background-color":"var(--ast-global-color-4)","background-image":"","background-repeat":"repeat","background-position":"center center","background-size":"auto","background-attachment":"scroll","background-type":"","background-media":"","overlay-type":"","overlay-color":"","overlay-opacity":"","overlay-gradient":""},"tablet":{"background-color":"","background-image":"","background-repeat":"repeat","background-position":"center center","background-size":"auto","background-attachment":"scroll","background-type":"","background-media":"","overlay-type":"","overlay-color":"","overlay-opacity":"","overlay-gradient":""},"mobile":{"background-color":"","background-image":"","background-repeat":"repeat","background-position":"center center","background-size":"auto","background-attachment":"scroll","background-type":"","background-media":"","overlay-type":"","overlay-color":"","overlay-opacity":"","overlay-gradient":""}},"ast-content-background-meta":{"desktop":{"background-color":"var(--ast-global-color-5)","background-image":"","background-repeat":"repeat","background-position":"center center","background-size":"auto","background-attachment":"scroll","background-type":"","background-media":"","overlay-type":"","overlay-color":"","overlay-opacity":"","overlay-gradient":""},"tablet":{"background-color":"var(--ast-global-color-5)","background-image":"","background-repeat":"repeat","background-position":"center center","background-size":"auto","background-attachment":"scroll","background-type":"","background-media":"","overlay-type":"","overlay-color":"","overlay-opacity":"","overlay-gradient":""},"mobile":{"background-color":"var(--ast-global-color-5)","background-image":"","background-repeat":"repeat","background-position":"center center","background-size":"auto","background-attachment":"scroll","background-type":"","background-media":"","overlay-type":"","overlay-color":"","overlay-opacity":"","overlay-gradient":""}}},"product_brand":[],"product_cat":[178],"product_tag":[],"class_list":{"0":"post-23113","1":"product","2":"type-product","3":"status-publish","4":"has-post-thumbnail","6":"product_cat-fertilizers","7":"desktop-align-left","8":"tablet-align-left","9":"mobile-align-left","11":"first","12":"instock","13":"shipping-taxable","14":"purchasable","15":"product-type-simple"},"spectra_custom_meta":{"_visibility":["visible"],"_shopify_product_id":["9066040230133"],"_s2w_shopify_domain":["ferberpainting.myshopify.com"],"_shopify_variant_id":["46501499437301"],"_sku":["FPBOUGAINVILLEAFERTILIZER25KG"],"_regular_price":["39.90"],"_price":["39.90"],"_sale_price":[""],"_weight":["18.5"],"_thumbnail_id":["25712"],"_global_unique_id":["5056773817142"],"total_sales":["12"],"_tax_status":["taxable"],"_tax_class":[""],"_manage_stock":["no"],"_backorders":["no"],"_sold_individually":["no"],"_virtual":["no"],"_downloadable":["no"],"_download_limit":["-1"],"_download_expiry":["-1"],"_stock":[null],"_stock_status":["instock"],"_wc_average_rating":["4.80"],"_wc_review_count":["5"],"_product_version":["10.5.1"],"_wc_rating_count":["a:2:{i:4;i:1;i:5;i:4;}"],"_edit_lock":["1771157778:1"],"merchant-center-availability":["yes"],"merchant-center-category":["113"],"_edit_last":["1"],"_wp_page_template":["default"],"site-sidebar-layout":["default"],"ast-site-content-layout":["default"],"site-content-style":["default"],"site-sidebar-style":["default"],"theme-transparent-header-meta":["default"],"astra-migrate-meta-layouts":["set"],"_uag_css_file_name":["uag-css-23113.css"],"_elementor_page_assets":["a:0:{}"],"_uag_page_assets":["a:9:{s:3:\"css\";s:6873:\".wp-block-uagb-image{display:flex}.wp-block-uagb-image__figure{position:relative;display:flex;flex-direction:column;max-width:100%;height:auto;margin:0}.wp-block-uagb-image__figure img{height:auto;display:flex;max-width:100%;transition:box-shadow .2s ease}.wp-block-uagb-image__figure>a{display:inline-block}.wp-block-uagb-image__figure figcaption{text-align:center;margin-top:.5em;margin-bottom:1em}.wp-block-uagb-image .components-placeholder.block-editor-media-placeholder .components-placeholder__instructions{align-self:center}.wp-block-uagb-image--align-left{text-align:left}.wp-block-uagb-image--align-right{text-align:right}.wp-block-uagb-image--align-center{text-align:center}.wp-block-uagb-image--align-full .wp-block-uagb-image__figure{margin-left:calc(50% - 50vw);margin-right:calc(50% - 50vw);max-width:100vw;width:100vw;height:auto}.wp-block-uagb-image--align-full .wp-block-uagb-image__figure img{height:auto;width:100% !important}.wp-block-uagb-image--align-wide .wp-block-uagb-image__figure img{height:auto;width:100%}.wp-block-uagb-image--layout-overlay__color-wrapper{position:absolute;left:0;top:0;right:0;bottom:0;opacity:.2;background:rgba(0,0,0,.5);transition:opacity .35s ease-in-out}.wp-block-uagb-image--layout-overlay-link{position:absolute;left:0;right:0;bottom:0;top:0}.wp-block-uagb-image--layout-overlay .wp-block-uagb-image__figure:hover .wp-block-uagb-image--layout-overlay__color-wrapper{opacity:1}.wp-block-uagb-image--layout-overlay__inner{position:absolute;left:15px;right:15px;bottom:15px;top:15px;display:flex;align-items:center;justify-content:center;flex-direction:column;border-color:#fff;transition:.35s ease-in-out}.wp-block-uagb-image--layout-overlay__inner.top-left,.wp-block-uagb-image--layout-overlay__inner.top-center,.wp-block-uagb-image--layout-overlay__inner.top-right{justify-content:flex-start}.wp-block-uagb-image--layout-overlay__inner.bottom-left,.wp-block-uagb-image--layout-overlay__inner.bottom-center,.wp-block-uagb-image--layout-overlay__inner.bottom-right{justify-content:flex-end}.wp-block-uagb-image--layout-overlay__inner.top-left,.wp-block-uagb-image--layout-overlay__inner.center-left,.wp-block-uagb-image--layout-overlay__inner.bottom-left{align-items:flex-start}.wp-block-uagb-image--layout-overlay__inner.top-right,.wp-block-uagb-image--layout-overlay__inner.center-right,.wp-block-uagb-image--layout-overlay__inner.bottom-right{align-items:flex-end}.wp-block-uagb-image--layout-overlay__inner .uagb-image-heading{color:#fff;transition:transform .35s,opacity .35s ease-in-out;transform:translate3d(0, 24px, 0);margin:0;line-height:1em}.wp-block-uagb-image--layout-overlay__inner .uagb-image-separator{width:30%;border-top-width:2px;border-top-color:#fff;border-top-style:solid;margin-bottom:10px;opacity:0;transition:transform .4s,opacity .4s ease-in-out;transform:translate3d(0, 30px, 0)}.wp-block-uagb-image--layout-overlay__inner .uagb-image-caption{opacity:0;overflow:visible;color:#fff;transition:transform .45s,opacity .45s ease-in-out;transform:translate3d(0, 35px, 0)}.wp-block-uagb-image--layout-overlay__inner:hover .uagb-image-heading,.wp-block-uagb-image--layout-overlay__inner:hover .uagb-image-separator,.wp-block-uagb-image--layout-overlay__inner:hover .uagb-image-caption{opacity:1;transform:translate3d(0, 0, 0)}.wp-block-uagb-image--effect-zoomin .wp-block-uagb-image__figure img,.wp-block-uagb-image--effect-zoomin .wp-block-uagb-image__figure .wp-block-uagb-image--layout-overlay__color-wrapper{transform:scale(1);transition:transform .35s ease-in-out}.wp-block-uagb-image--effect-zoomin .wp-block-uagb-image__figure:hover img,.wp-block-uagb-image--effect-zoomin .wp-block-uagb-image__figure:hover .wp-block-uagb-image--layout-overlay__color-wrapper{transform:scale(1.05)}.wp-block-uagb-image--effect-slide .wp-block-uagb-image__figure img,.wp-block-uagb-image--effect-slide .wp-block-uagb-image__figure .wp-block-uagb-image--layout-overlay__color-wrapper{width:calc(100% + 40px) !important;max-width:none !important;transform:translate3d(-40px, 0, 0);transition:transform .35s ease-in-out}.wp-block-uagb-image--effect-slide .wp-block-uagb-image__figure:hover img,.wp-block-uagb-image--effect-slide .wp-block-uagb-image__figure:hover .wp-block-uagb-image--layout-overlay__color-wrapper{transform:translate3d(0, 0, 0)}.wp-block-uagb-image--effect-grayscale img{filter:grayscale(0%);transition:.35s ease-in-out}.wp-block-uagb-image--effect-grayscale:hover img{filter:grayscale(100%)}.wp-block-uagb-image--effect-blur img{filter:blur(0);transition:.35s ease-in-out}.wp-block-uagb-image--effect-blur:hover img{filter:blur(3px)}.uagb-block-e6f939b3.wp-block-uagb-image--layout-default figure img{box-shadow: 0px 0px 0 #00000070;}.uagb-block-e6f939b3.wp-block-uagb-image .wp-block-uagb-image__figure figcaption{font-style: normal;align-self: center;}.uagb-block-e6f939b3.wp-block-uagb-image--layout-overlay figure img{box-shadow: 0px 0px 0 #00000070;}.uagb-block-e6f939b3.wp-block-uagb-image--layout-overlay .wp-block-uagb-image--layout-overlay__color-wrapper{opacity: 0.2;}.uagb-block-e6f939b3.wp-block-uagb-image--layout-overlay .wp-block-uagb-image--layout-overlay__inner{left: 15px;right: 15px;top: 15px;bottom: 15px;}.uagb-block-e6f939b3.wp-block-uagb-image--layout-overlay .wp-block-uagb-image--layout-overlay__inner .uagb-image-heading{font-style: normal;color: #fff;opacity: 1;}.uagb-block-e6f939b3.wp-block-uagb-image--layout-overlay .wp-block-uagb-image--layout-overlay__inner .uagb-image-heading a{color: #fff;}.uagb-block-e6f939b3.wp-block-uagb-image--layout-overlay .wp-block-uagb-image--layout-overlay__inner .uagb-image-caption{opacity: 0;}.uagb-block-e6f939b3.wp-block-uagb-image--layout-overlay .wp-block-uagb-image__figure:hover .wp-block-uagb-image--layout-overlay__color-wrapper{opacity: 1;}.uagb-block-e6f939b3.wp-block-uagb-image .wp-block-uagb-image--layout-overlay__inner .uagb-image-separator{width: 30%;border-top-width: 2px;border-top-color: #fff;opacity: 0;}.uagb-block-e6f939b3.wp-block-uagb-image .wp-block-uagb-image__figure img{width: px;height: auto;}.uagb-block-e6f939b3.wp-block-uagb-image .wp-block-uagb-image__figure:hover .wp-block-uagb-image--layout-overlay__inner .uagb-image-caption{opacity: 1;}.uagb-block-e6f939b3.wp-block-uagb-image .wp-block-uagb-image__figure:hover .wp-block-uagb-image--layout-overlay__inner .uagb-image-separator{opacity: 1;}.uagb-block-e6f939b3.wp-block-uagb-image--layout-default figure:hover img{box-shadow: 0px 0px 0 #00000070;}.uagb-block-e6f939b3.wp-block-uagb-image--layout-overlay figure:hover img{box-shadow: 0px 0px 0 #00000070;}@media only screen and (max-width: 976px) {.uagb-block-e6f939b3.wp-block-uagb-image .wp-block-uagb-image__figure img{width: px;height: auto;}}@media only screen and (max-width: 767px) {.uagb-block-e6f939b3.wp-block-uagb-image .wp-block-uagb-image__figure img{width: px;height: auto;}}\";s:2:\"js\";s:0:\"\";s:18:\"current_block_list\";a:13:{i:0;s:11:\"core\/search\";i:1;s:10:\"core\/group\";i:2;s:12:\"core\/heading\";i:3;s:17:\"core\/latest-posts\";i:4;s:20:\"core\/latest-comments\";i:5;s:13:\"core\/archives\";i:6;s:15:\"core\/categories\";i:7;s:14:\"core\/paragraph\";i:8;s:10:\"uagb\/image\";i:9;s:11:\"core\/spacer\";i:10;s:30:\"woocommerce\/product-categories\";i:11;s:10:\"core\/image\";i:12;s:14:\"core\/shortcode\";}s:8:\"uag_flag\";b:1;s:11:\"uag_version\";s:10:\"1777037217\";s:6:\"gfonts\";a:0:{}s:10:\"gfonts_url\";s:0:\"\";s:12:\"gfonts_files\";a:0:{}s:14:\"uag_faq_layout\";b:0;}"]},"uagb_featured_image_src":{"full":["https:\/\/www.ferberpainting.com\/wp-content\/uploads\/2025\/05\/BougainvilleaFertilizer25kg.png",2560,2560,false],"thumbnail":["https:\/\/www.ferberpainting.com\/wp-content\/uploads\/2025\/05\/BougainvilleaFertilizer25kg-150x150.png",150,150,true],"medium":["https:\/\/www.ferberpainting.com\/wp-content\/uploads\/2025\/05\/BougainvilleaFertilizer25kg-300x300.png",300,300,true],"medium_large":["https:\/\/www.ferberpainting.com\/wp-content\/uploads\/2025\/05\/BougainvilleaFertilizer25kg-768x768.png",768,768,true],"large":["https:\/\/www.ferberpainting.com\/wp-content\/uploads\/2025\/05\/BougainvilleaFertilizer25kg-1024x1024.png",1024,1024,true],"1536x1536":["https:\/\/www.ferberpainting.com\/wp-content\/uploads\/2025\/05\/BougainvilleaFertilizer25kg-1536x1536.png",1536,1536,true],"2048x2048":["https:\/\/www.ferberpainting.com\/wp-content\/uploads\/2025\/05\/BougainvilleaFertilizer25kg-2048x2048.png",2048,2048,true],"trp-custom-language-flag":["https:\/\/www.ferberpainting.com\/wp-content\/uploads\/2025\/05\/BougainvilleaFertilizer25kg-12x12.png",12,12,true],"woocommerce_thumbnail":["https:\/\/www.ferberpainting.com\/wp-content\/uploads\/2025\/05\/BougainvilleaFertilizer25kg-300x300.png",300,300,true],"woocommerce_single":["https:\/\/www.ferberpainting.com\/wp-content\/uploads\/2025\/05\/BougainvilleaFertilizer25kg-600x600.png",600,600,true],"woocommerce_gallery_thumbnail":["https:\/\/www.ferberpainting.com\/wp-content\/uploads\/2025\/05\/BougainvilleaFertilizer25kg-100x100.png",100,100,true]},"uagb_author_info":{"display_name":"admin","author_link":"https:\/\/www.ferberpainting.com\/hu\/author\/"},"uagb_comment_info":5,"uagb_excerpt":"A fertilizer specially designed for the growth and abundant blooming of bougainvillea.\u00a0This fertilizer for bougainvillea has been formulated to meet the specific needs of this Mediterranean plant with vibrant colors. Thanks to its NPK 10-10-10 composition, it provides a perfect balance between nitrogen (N), which promotes foliage development, phosphorus (P), which strengthens the root system&hellip;","_links":{"self":[{"href":"https:\/\/www.ferberpainting.com\/hu\/wp-json\/wp\/v2\/product\/23113","targetHints":{"allow":["GET"]}}],"collection":[{"href":"https:\/\/www.ferberpainting.com\/hu\/wp-json\/wp\/v2\/product"}],"about":[{"href":"https:\/\/www.ferberpainting.com\/hu\/wp-json\/wp\/v2\/types\/product"}],"replies":[{"embeddable":true,"href":"https:\/\/www.ferberpainting.com\/hu\/wp-json\/wp\/v2\/comments?post=23113"}],"version-history":[{"count":6,"href":"https:\/\/www.ferberpainting.com\/hu\/wp-json\/wp\/v2\/product\/23113\/revisions"}],"predecessor-version":[{"id":166049,"href":"https:\/\/www.ferberpainting.com\/hu\/wp-json\/wp\/v2\/product\/23113\/revisions\/166049"}],"wp:featuredmedia":[{"embeddable":true,"href":"https:\/\/www.ferberpainting.com\/hu\/wp-json\/wp\/v2\/media\/25712"}],"wp:attachment":[{"href":"https:\/\/www.ferberpainting.com\/hu\/wp-json\/wp\/v2\/media?parent=23113"}],"wp:term":[{"taxonomy":"product_brand","embeddable":true,"href":"https:\/\/www.ferberpainting.com\/hu\/wp-json\/wp\/v2\/product_brand?post=23113"},{"taxonomy":"product_cat","embeddable":true,"href":"https:\/\/www.ferberpainting.com\/hu\/wp-json\/wp\/v2\/product_cat?post=23113"},{"taxonomy":"product_tag","embeddable":true,"href":"https:\/\/www.ferberpainting.com\/hu\/wp-json\/wp\/v2\/product_tag?post=23113"}],"curies":[{"name":"wp","href":"https:\/\/api.w.org\/{rel}","templated":true}]}}