{"id":23102,"date":"2025-05-26T10:22:44","date_gmt":"2025-05-26T08:22:44","guid":{"rendered":"https:\/\/www.ferberpainting.com\/products\/blueberry-fertilizer\/"},"modified":"2026-02-15T13:10:58","modified_gmt":"2026-02-15T12:10:58","slug":"blueberry-fertilizer","status":"publish","type":"product","link":"https:\/\/www.ferberpainting.com\/hu\/products\/blueberry-fertilizer\/","title":{"rendered":"WC dugul\u00e1selh\u00e1r\u00edt\u00f3"},"content":{"rendered":"<p><img decoding=\"async\" style=\"margin-right: 12px;\" src=\"https:\/\/www.ferberpainting.com\/wp-content\/uploads\/2026\/02\/Check.svg\" alt=\"\" width=\"18\" height=\"15\" \/><strong>Kiegyens\u00falyozott m\u0171tr\u00e1gya az eg\u00e9szs\u00e9ges \u00e1fonya \u00e9s a b\u0151s\u00e9ges term\u00e9s \u00e9rdek\u00e9ben.<\/strong>\u00a0Ezt az \u00e1fonyatr\u00e1gy\u00e1t kifejezetten e gy\u00fcm\u00f6lcscserje n\u00f6veked\u00e9s\u00e9nek t\u00e1mogat\u00e1s\u00e1ra \u00e9s az \u00edzletes bogy\u00f3k optim\u00e1lis term\u00e9s\u00e9nek biztos\u00edt\u00e1s\u00e1ra tervezt\u00e9k. NPK 15-15-15 \u00f6sszet\u00e9tel\u00e9nek k\u00f6sz\u00f6nhet\u0151en kiegyens\u00falyozott nitrog\u00e9n (N) ell\u00e1totts\u00e1got biztos\u00edt, ami el\u0151seg\u00edti a s\u0171r\u0171 \u00e9s z\u00f6ld lombozatot, foszfort (P), ami serkenti a szil\u00e1rd gy\u00f6k\u00e9rzetet \u00e9s a t\u00e1panyagok jobb felsz\u00edv\u00f3d\u00e1s\u00e1t, valamint k\u00e1liumot (K), ami fokozza a term\u00e9sk\u00e9pz\u0151d\u00e9st \u00e9s er\u0151s\u00edti a betegs\u00e9gekkel \u00e9s az \u00e9ghajlati stresszel szembeni ellen\u00e1ll\u00f3 k\u00e9pess\u00e9get. Harmonikus n\u00f6v\u00e9nyfejl\u0151d\u00e9st, b\u0151s\u00e9ges vir\u00e1gz\u00e1st, valamint nagyobb, \u00e9desebb \u00e9s jobban form\u00e1l\u00f3d\u00f3 gy\u00fcm\u00f6lcs\u00f6ket biztos\u00edt.<\/p>\n<p><img decoding=\"async\" style=\"margin-right: 12px;\" src=\"https:\/\/www.ferberpainting.com\/wp-content\/uploads\/2026\/02\/Check.svg\" alt=\"\" width=\"18\" height=\"15\" \/><strong>P\u00e9nzvisszafizet\u00e9si garancia.<\/strong>\u00a0Teljes m\u00e9rt\u00e9kben b\u00edzunk \u00e1fonya m\u0171tr\u00e1gy\u00e1nk hat\u00e9konys\u00e1g\u00e1ban, ez\u00e9rt p\u00e9nzvisszafizet\u00e9si garanci\u00e1t v\u00e1llalunk. Ha az aj\u00e1nl\u00e1soknak megfelel\u0151 haszn\u00e1lat ut\u00e1n nem \u00e9szlel jelent\u0151s javul\u00e1st a n\u00f6veked\u00e9sben, vir\u00e1gz\u00e1sban vagy term\u00e9shoz\u00e1sban, v\u00e1llaljuk, hogy ezen felt\u00e9tel mellett visszat\u00e9r\u00edtj\u00fck a p\u00e9nz\u00e9t, \u00edgy biztos\u00edtva a teljes lelki nyugalommal t\u00f6rt\u00e9n\u0151 v\u00e1s\u00e1rl\u00e1st.<\/p>\n<p><img decoding=\"async\" style=\"margin-right: 12px;\" src=\"https:\/\/www.ferberpainting.com\/wp-content\/uploads\/2026\/02\/Check.svg\" alt=\"\" width=\"18\" height=\"15\" \/><strong>Alkalmas minden \u00e1fonyafajt\u00e1hoz \u00e9s k\u00fcl\u00f6nb\u00f6z\u0151 termeszt\u00e9si k\u00f6r\u00fclm\u00e9nyekhez. <\/strong>Ez a m\u0171tr\u00e1gya alkalmas cser\u00e9pben, szabadf\u00f6ld\u00f6n vagy \u00fcvegh\u00e1zban termesztett \u00e1fony\u00e1hoz, \u00e9s minden fajt\u00e1hoz illik, legyen az Vaccinium corymbosum (magas bokros \u00e1fonya), Vaccinium myrtillus (vad \u00e1fonya) vagy ak\u00e1r Vaccinium angustifolium (alacsony bokros \u00e1fonya). Megfelel a savany\u00fa \u00e9s k\u00f6nny\u0171 talajoknak, amelyek ide\u00e1lis felt\u00e9telek e gy\u00fcm\u00f6lcscserje termeszt\u00e9s\u00e9hez, \u00e9s mind a hobbikert\u00e9szek, mind a professzion\u00e1lis termeszt\u0151k sikerrel haszn\u00e1lhatj\u00e1k.<\/p>\n<p><img decoding=\"async\" style=\"margin-right: 12px;\" src=\"https:\/\/www.ferberpainting.com\/wp-content\/uploads\/2026\/02\/Check.svg\" alt=\"\" width=\"18\" height=\"15\" \/><strong>K\u00f6lts\u00e9ghat\u00e9kony hozam \u00e9s hosszan tart\u00f3 tr\u00e1gy\u00e1z\u00e1s.<\/strong>\u00a0A rendk\u00edv\u00fcl koncentr\u00e1lt \u00f6sszet\u00e9telnek k\u00f6sz\u00f6nhet\u0151en egy 5 literes kanna ak\u00e1r 1000 liter tr\u00e1gy\u00e1z\u00f3 oldat elk\u00e9sz\u00edt\u00e9s\u00e9hez is elegend\u0151, \u00edgy biztos\u00edtva a hosszan tart\u00f3 \u00e9s gazdas\u00e1gos tr\u00e1gy\u00e1z\u00e1st. A literenk\u00e9nt 5 ml-es adagol\u00e1ssal gyors t\u00e1panyagfelv\u00e9telt \u00e9s optim\u00e1lis felhaszn\u00e1l\u00e1st biztos\u00edt, mik\u00f6zben cs\u00f6kkenti a hullad\u00e9k mennyis\u00e9g\u00e9t.<\/p>\n<p><img decoding=\"async\" style=\"margin-right: 12px;\" src=\"https:\/\/www.ferberpainting.com\/wp-content\/uploads\/2026\/02\/Check.svg\" alt=\"\" width=\"18\" height=\"15\" \/><strong>K\u00f6rnyezetbar\u00e1t, a k\u00f6rnyezet sz\u00e1m\u00e1ra biztons\u00e1gos m\u0171tr\u00e1gya.<\/strong>\u00a0Ez a m\u0171tr\u00e1gya agressz\u00edv vegyi anyagok n\u00e9lk\u00fcl k\u00e9sz\u00fclt, \u00edgy nem tartalmaz olyan m\u00e9rgez\u0151 elemet, amely k\u00e1ros\u00edthatn\u00e1 a talajt, a biol\u00f3giai sokf\u00e9les\u00e9get vagy a talajvizet. El\u0151seg\u00edti a hasznos mikrofl\u00f3ra fejl\u0151d\u00e9s\u00e9t \u00e9s jav\u00edtja az aljzat szerkezet\u00e9t, biztos\u00edtva a jobb t\u00e1panyag- \u00e9s nedvess\u00e9gmegtart\u00e1st, ami elengedhetetlen az \u00e1fonyatermeszt\u00e9shez.<\/p>\n<p><img decoding=\"async\" style=\"margin-right: 12px;\" src=\"https:\/\/www.ferberpainting.com\/wp-content\/uploads\/2026\/02\/Check.svg\" alt=\"\" width=\"18\" height=\"15\" \/><strong>K\u00f6nnyen alkalmazhat\u00f3 a probl\u00e9mamentes tr\u00e1gy\u00e1z\u00e1s \u00e9rdek\u00e9ben.<\/strong>\u00a0Ez a foly\u00e9kony m\u0171tr\u00e1gya k\u00f6zvetlen\u00fcl az \u00f6nt\u00f6z\u0151v\u00edzben h\u00edgul, \u00edgy biztos\u00edtva az egyenletes \u00e9s f\u00e1rads\u00e1gmentes tr\u00e1gy\u00e1z\u00e1st. A n\u00f6v\u00e9ny t\u00f6v\u00e9n\u00e9l t\u00f6rt\u00e9n\u0151 \u00f6nt\u00f6z\u00e9ssel vagy lombpermetez\u00e9ssel juttathat\u00f3 ki, lehet\u0151v\u00e9 t\u00e9ve a t\u00e1panyagok gyors felsz\u00edv\u00f3d\u00e1s\u00e1t a gy\u00f6kerek \u00e9s a levelek sz\u00e1m\u00e1ra, \u00edgy optimaliz\u00e1lva az \u00e1fonya n\u00f6veked\u00e9s\u00e9t \u00e9s term\u00e9s\u00e9t.<\/p>\n<p><img decoding=\"async\" style=\"margin-right: 12px;\" src=\"https:\/\/www.ferberpainting.com\/wp-content\/uploads\/2026\/02\/Check.svg\" alt=\"\" width=\"18\" height=\"15\" \/><strong>Tart\u00f3s hat\u00e1s a gyorsabb n\u00f6veked\u00e9s\u00e9rt \u00e9s a fokozott termel\u00e9s\u00e9rt.<\/strong>\u00a0Fokozatos t\u00e1panyag-lead\u00e1s\u00e1nak k\u00f6sz\u00f6nhet\u0151en ez a m\u0171tr\u00e1gya fenntarthat\u00f3an t\u00e1pl\u00e1lja az \u00e1fonya n\u00f6v\u00e9nyt, serkenti a sz\u00e1rak \u00e9s levelek gyors n\u00f6veked\u00e9s\u00e9t, mik\u00f6zben el\u0151seg\u00edti a b\u0151s\u00e9ges vir\u00e1gz\u00e1st \u00e9s a b\u0151s\u00e9ges term\u00e9st. Seg\u00edt tov\u00e1bb\u00e1 meger\u0151s\u00edteni a gombabetegs\u00e9gekkel \u00e9s k\u00e1rtev\u0151kkel szembeni ellen\u00e1ll\u00f3 k\u00e9pess\u00e9get, ez\u00e1ltal biztos\u00edtva a kiv\u00e1l\u00f3 min\u0151s\u00e9g\u0171 term\u00e9st az eg\u00e9sz szezonban.<\/p>\n<p><img decoding=\"async\" style=\"margin-right: 12px;\" src=\"https:\/\/www.ferberpainting.com\/wp-content\/uploads\/2026\/02\/Check.svg\" alt=\"\" width=\"18\" height=\"15\" \/><strong>L\u00e1that\u00f3 eredm\u00e9nyek az els\u0151 hetekt\u0151l kezdve.<\/strong>\u00a0Ez a m\u0171tr\u00e1gya m\u00e1r az els\u0151 alkalmaz\u00e1st\u00f3l kezdve serkenti az \u00faj hajt\u00e1sok n\u00f6veked\u00e9s\u00e9t, n\u00f6veli a lombozat s\u0171r\u0171s\u00e9g\u00e9t, \u00e9s el\u0151seg\u00edti a nagyobb, \u00e9desebb \u00e9s nagyobb term\u00e9sf\u00fcrt\u00f6k kialakul\u00e1s\u00e1t. Seg\u00edt tov\u00e1bb\u00e1 a n\u00f6v\u00e9nynek felk\u00e9sz\u00fclni a vir\u00e1gz\u00e1si \u00e9s term\u00e9si ciklusra, \u00edgy b\u0151s\u00e9gesebb \u00e9s rendszeres term\u00e9st biztos\u00edt, l\u00e9d\u00fasabb \u00e9s \u00edzletesebb bogy\u00f3kkal.<\/p>\n<h2><strong>Haszn\u00e1lati protokoll<\/strong><\/h2>\n<ul>\n<li><strong>M\u0171tr\u00e1gya h\u00edg\u00edt\u00e1sa <\/strong>: Keverjen \u00f6ssze 5 ml m\u0171tr\u00e1gy\u00e1t 1 liter v\u00edzhez. Minden egyes kijuttat\u00e1s el\u0151tt j\u00f3l r\u00e1zza fel az oldatot a t\u00e1panyagok egyenletes eloszl\u00e1s\u00e1nak biztos\u00edt\u00e1sa \u00e9rdek\u00e9ben.<\/li>\n<li><strong>Alkalmaz\u00e1si m\u00f3dszer <\/strong>:\n<ul>\n<li><strong>\u00d6nt\u00f6z\u00e9ssel <\/strong>: \u00d6ntse a h\u00edg\u00edtott oldatot k\u00f6zvetlen\u00fcl az \u00e1fonya n\u00f6v\u00e9ny t\u00f6v\u00e9be, \u00fcgyelve arra, hogy a talaj egyenletesen, felesleges v\u00edz n\u00e9lk\u00fcl nedvesedjen, hogy elker\u00fclje a lefoly\u00e1st.<\/li>\n<li><strong>Lombpermetez\u00e9ssel <\/strong>: A gyors p\u00e1rolg\u00e1s elker\u00fcl\u00e9se \u00e9s a felsz\u00edv\u00f3d\u00e1s maximaliz\u00e1l\u00e1sa \u00e9rdek\u00e9ben az oldatot kora reggel vagy k\u00e9s\u0151 este enyh\u00e9n permetezze a levelekre.<\/li>\n<\/ul>\n<\/li>\n<li><strong>A haszn\u00e1lat gyakoris\u00e1ga <\/strong>: A n\u00f6veked\u00e9si \u00e9s vir\u00e1gz\u00e1si id\u0151szakban (tavasz-ny\u00e1r) k\u00e9thetente, a nyugalmi id\u0151szakban (\u0151sz-t\u00e9l) pedig havonta egyszer alkalmazza a m\u0171tr\u00e1gy\u00e1t a folyamatos n\u00f6veked\u00e9s fenntart\u00e1sa \u00e9rdek\u00e9ben.<\/li>\n<li><strong>Tov\u00e1bbi \u00f6nt\u00f6z\u00e9s <\/strong>: A m\u0171tr\u00e1gya kijuttat\u00e1sa ut\u00e1n v\u00e1rjon 48 \u00f3r\u00e1t az \u00fajabb \u00f6nt\u00f6z\u00e9ssel, hogy a gy\u00f6kerek optim\u00e1lisan felsz\u00edvhass\u00e1k a t\u00e1panyagokat.<\/li>\n<li><strong>Haszn\u00e1lati \u00f3vint\u00e9zked\u00e9sek <\/strong>: Ne adagolja t\u00fal a m\u0171tr\u00e1gy\u00e1t, hogy elker\u00fclje a t\u00falzott t\u00e1panyagbevitelt, amely a lombozat t\u00falzott n\u00f6veked\u00e9s\u00e9hez vezethet a gy\u00fcm\u00f6lcsterm\u00e9s rov\u00e1s\u00e1ra. A jobb felsz\u00edv\u00f3d\u00e1s \u00e9rdek\u00e9ben csak enyh\u00e9n nedves talajra vigye fel.<\/li>\n<li><strong>T\u00e1rol\u00e1s \u00e9s meg\u0151rz\u00e9s <\/strong>: A m\u0171tr\u00e1gy\u00e1t sz\u00e1raz, h\u0171v\u00f6s, f\u00e9nyt\u0151l \u00e9s nedvess\u00e9gt\u0151l v\u00e9dett helyen t\u00e1rolja. A term\u00e9k hat\u00e9konys\u00e1g\u00e1nak meg\u0151rz\u00e9se \u00e9s a p\u00e1rolg\u00e1s elker\u00fcl\u00e9se \u00e9rdek\u00e9ben minden haszn\u00e1lat ut\u00e1n z\u00e1rja le szorosan a tart\u00e1lyt.<\/li>\n<\/ul>\n<p>Ezzel az \u00e1fonyatr\u00e1gy\u00e1val teljes \u00e9s kiegyens\u00falyozott t\u00e1panyagell\u00e1t\u00e1st biztos\u00edthat cserj\u00e9j\u00e9nek, el\u0151seg\u00edtve az er\u0151teljes n\u00f6veked\u00e9st, a b\u0151s\u00e9ges vir\u00e1gz\u00e1st \u00e9s az \u00edzletes \u00e1fonya b\u0151s\u00e9ges term\u00e9s\u00e9t. Ez az ide\u00e1lis megold\u00e1s az eg\u00e9szs\u00e9ges \u00e1fonya \u00e9s a kiv\u00e9teles term\u00e9s biztos\u00edt\u00e1s\u00e1ra az eg\u00e9sz szezonban.<\/p>","protected":false},"excerpt":{"rendered":"<p>A balanced fertilizer for healthy blueberries and abundant harvests.\u00a0This blueberry fertilizer is specially designed to support the growth of this fruit shrub and ensure optimal production of flavorful berries. Thanks to its NPK 15-15-15 formulation, it provides a balanced supply of nitrogen (N), promoting dense and green foliage, phosphorus (P), which stimulates solid rooting and [&hellip;]<\/p>\n","protected":false},"featured_media":25702,"comment_status":"open","ping_status":"closed","template":"","meta":{"_uag_custom_page_level_css":"","site-sidebar-layout":"default","site-content-layout":"","ast-site-content-layout":"default","site-content-style":"default","site-sidebar-style":"default","ast-global-header-display":"","ast-banner-title-visibility":"","ast-main-header-display":"","ast-hfb-above-header-display":"","ast-hfb-below-header-display":"","ast-hfb-mobile-header-display":"","site-post-title":"","ast-breadcrumbs-content":"","ast-featured-img":"","footer-sml-layout":"","ast-disable-related-posts":"","theme-transparent-header-meta":"default","adv-header-id-meta":"","stick-header-meta":"","header-above-stick-meta":"","header-main-stick-meta":"","header-below-stick-meta":"","astra-migrate-meta-layouts":"set","ast-page-background-enabled":"default","ast-page-background-meta":{"desktop":{"background-color":"var(--ast-global-color-4)","background-image":"","background-repeat":"repeat","background-position":"center center","background-size":"auto","background-attachment":"scroll","background-type":"","background-media":"","overlay-type":"","overlay-color":"","overlay-opacity":"","overlay-gradient":""},"tablet":{"background-color":"","background-image":"","background-repeat":"repeat","background-position":"center center","background-size":"auto","background-attachment":"scroll","background-type":"","background-media":"","overlay-type":"","overlay-color":"","overlay-opacity":"","overlay-gradient":""},"mobile":{"background-color":"","background-image":"","background-repeat":"repeat","background-position":"center center","background-size":"auto","background-attachment":"scroll","background-type":"","background-media":"","overlay-type":"","overlay-color":"","overlay-opacity":"","overlay-gradient":""}},"ast-content-background-meta":{"desktop":{"background-color":"var(--ast-global-color-5)","background-image":"","background-repeat":"repeat","background-position":"center center","background-size":"auto","background-attachment":"scroll","background-type":"","background-media":"","overlay-type":"","overlay-color":"","overlay-opacity":"","overlay-gradient":""},"tablet":{"background-color":"var(--ast-global-color-5)","background-image":"","background-repeat":"repeat","background-position":"center center","background-size":"auto","background-attachment":"scroll","background-type":"","background-media":"","overlay-type":"","overlay-color":"","overlay-opacity":"","overlay-gradient":""},"mobile":{"background-color":"var(--ast-global-color-5)","background-image":"","background-repeat":"repeat","background-position":"center center","background-size":"auto","background-attachment":"scroll","background-type":"","background-media":"","overlay-type":"","overlay-color":"","overlay-opacity":"","overlay-gradient":""}}},"product_brand":[],"product_cat":[178],"product_tag":[],"class_list":{"0":"post-23102","1":"product","2":"type-product","3":"status-publish","4":"has-post-thumbnail","6":"product_cat-fertilizers","7":"desktop-align-left","8":"tablet-align-left","9":"mobile-align-left","11":"first","12":"instock","13":"sale","14":"shipping-taxable","15":"purchasable","16":"product-type-variable","17":"has-default-attributes"},"spectra_custom_meta":{"_visibility":["visible"],"_shopify_product_id":["9066084466933"],"_s2w_shopify_domain":["ferberpainting.myshopify.com"],"_shopify_variant_id":["46501658296565"],"_sku":[""],"_manage_stock":["no"],"total_sales":["48"],"_tax_status":["taxable"],"_tax_class":[""],"_backorders":["no"],"_sold_individually":["no"],"_virtual":["no"],"_downloadable":["no"],"_download_limit":["-1"],"_download_expiry":["-1"],"_stock":[null],"_stock_status":["instock"],"_wc_average_rating":["5.00"],"_wc_review_count":["5"],"_product_attributes":["a:1:{s:6:\"volume\";a:6:{s:4:\"name\";s:6:\"Volume\";s:5:\"value\";s:20:\"5 liters | 25 liters\";s:8:\"position\";i:1;s:10:\"is_visible\";i:0;s:12:\"is_variation\";i:1;s:11:\"is_taxonomy\";i:0;}}"],"_product_version":["10.5.1"],"_thumbnail_id":["25702"],"_product_image_gallery":["25703"],"wpse_downloadable_file_names":[""],"wpse_downloadable_file_urls":[""],"_edit_last":["1"],"_default_attributes":["a:1:{s:6:\"volume\";s:8:\"5 liters\";}"],"_wc_rating_count":["a:1:{i:5;i:5;}"],"_edit_lock":["1771157320:1"],"_price":["29.90","129.90"],"merchant-center-availability":["yes"],"merchant-center-category":["113"],"_wp_page_template":["default"],"site-sidebar-layout":["default"],"ast-site-content-layout":["default"],"site-content-style":["default"],"site-sidebar-style":["default"],"theme-transparent-header-meta":["default"],"astra-migrate-meta-layouts":["set"],"_uag_css_file_name":["uag-css-23102.css"],"_elementor_page_assets":["a:0:{}"],"_uag_page_assets":["a:9:{s:3:\"css\";s:6873:\".wp-block-uagb-image{display:flex}.wp-block-uagb-image__figure{position:relative;display:flex;flex-direction:column;max-width:100%;height:auto;margin:0}.wp-block-uagb-image__figure img{height:auto;display:flex;max-width:100%;transition:box-shadow .2s ease}.wp-block-uagb-image__figure>a{display:inline-block}.wp-block-uagb-image__figure figcaption{text-align:center;margin-top:.5em;margin-bottom:1em}.wp-block-uagb-image .components-placeholder.block-editor-media-placeholder .components-placeholder__instructions{align-self:center}.wp-block-uagb-image--align-left{text-align:left}.wp-block-uagb-image--align-right{text-align:right}.wp-block-uagb-image--align-center{text-align:center}.wp-block-uagb-image--align-full .wp-block-uagb-image__figure{margin-left:calc(50% - 50vw);margin-right:calc(50% - 50vw);max-width:100vw;width:100vw;height:auto}.wp-block-uagb-image--align-full .wp-block-uagb-image__figure img{height:auto;width:100% !important}.wp-block-uagb-image--align-wide .wp-block-uagb-image__figure img{height:auto;width:100%}.wp-block-uagb-image--layout-overlay__color-wrapper{position:absolute;left:0;top:0;right:0;bottom:0;opacity:.2;background:rgba(0,0,0,.5);transition:opacity .35s ease-in-out}.wp-block-uagb-image--layout-overlay-link{position:absolute;left:0;right:0;bottom:0;top:0}.wp-block-uagb-image--layout-overlay .wp-block-uagb-image__figure:hover .wp-block-uagb-image--layout-overlay__color-wrapper{opacity:1}.wp-block-uagb-image--layout-overlay__inner{position:absolute;left:15px;right:15px;bottom:15px;top:15px;display:flex;align-items:center;justify-content:center;flex-direction:column;border-color:#fff;transition:.35s ease-in-out}.wp-block-uagb-image--layout-overlay__inner.top-left,.wp-block-uagb-image--layout-overlay__inner.top-center,.wp-block-uagb-image--layout-overlay__inner.top-right{justify-content:flex-start}.wp-block-uagb-image--layout-overlay__inner.bottom-left,.wp-block-uagb-image--layout-overlay__inner.bottom-center,.wp-block-uagb-image--layout-overlay__inner.bottom-right{justify-content:flex-end}.wp-block-uagb-image--layout-overlay__inner.top-left,.wp-block-uagb-image--layout-overlay__inner.center-left,.wp-block-uagb-image--layout-overlay__inner.bottom-left{align-items:flex-start}.wp-block-uagb-image--layout-overlay__inner.top-right,.wp-block-uagb-image--layout-overlay__inner.center-right,.wp-block-uagb-image--layout-overlay__inner.bottom-right{align-items:flex-end}.wp-block-uagb-image--layout-overlay__inner .uagb-image-heading{color:#fff;transition:transform .35s,opacity .35s ease-in-out;transform:translate3d(0, 24px, 0);margin:0;line-height:1em}.wp-block-uagb-image--layout-overlay__inner .uagb-image-separator{width:30%;border-top-width:2px;border-top-color:#fff;border-top-style:solid;margin-bottom:10px;opacity:0;transition:transform .4s,opacity .4s ease-in-out;transform:translate3d(0, 30px, 0)}.wp-block-uagb-image--layout-overlay__inner .uagb-image-caption{opacity:0;overflow:visible;color:#fff;transition:transform .45s,opacity .45s ease-in-out;transform:translate3d(0, 35px, 0)}.wp-block-uagb-image--layout-overlay__inner:hover .uagb-image-heading,.wp-block-uagb-image--layout-overlay__inner:hover .uagb-image-separator,.wp-block-uagb-image--layout-overlay__inner:hover .uagb-image-caption{opacity:1;transform:translate3d(0, 0, 0)}.wp-block-uagb-image--effect-zoomin .wp-block-uagb-image__figure img,.wp-block-uagb-image--effect-zoomin .wp-block-uagb-image__figure .wp-block-uagb-image--layout-overlay__color-wrapper{transform:scale(1);transition:transform .35s ease-in-out}.wp-block-uagb-image--effect-zoomin .wp-block-uagb-image__figure:hover img,.wp-block-uagb-image--effect-zoomin .wp-block-uagb-image__figure:hover .wp-block-uagb-image--layout-overlay__color-wrapper{transform:scale(1.05)}.wp-block-uagb-image--effect-slide .wp-block-uagb-image__figure img,.wp-block-uagb-image--effect-slide .wp-block-uagb-image__figure .wp-block-uagb-image--layout-overlay__color-wrapper{width:calc(100% + 40px) !important;max-width:none !important;transform:translate3d(-40px, 0, 0);transition:transform .35s ease-in-out}.wp-block-uagb-image--effect-slide .wp-block-uagb-image__figure:hover img,.wp-block-uagb-image--effect-slide .wp-block-uagb-image__figure:hover .wp-block-uagb-image--layout-overlay__color-wrapper{transform:translate3d(0, 0, 0)}.wp-block-uagb-image--effect-grayscale img{filter:grayscale(0%);transition:.35s ease-in-out}.wp-block-uagb-image--effect-grayscale:hover img{filter:grayscale(100%)}.wp-block-uagb-image--effect-blur img{filter:blur(0);transition:.35s ease-in-out}.wp-block-uagb-image--effect-blur:hover img{filter:blur(3px)}.uagb-block-e6f939b3.wp-block-uagb-image--layout-default figure img{box-shadow: 0px 0px 0 #00000070;}.uagb-block-e6f939b3.wp-block-uagb-image .wp-block-uagb-image__figure figcaption{font-style: normal;align-self: center;}.uagb-block-e6f939b3.wp-block-uagb-image--layout-overlay figure img{box-shadow: 0px 0px 0 #00000070;}.uagb-block-e6f939b3.wp-block-uagb-image--layout-overlay .wp-block-uagb-image--layout-overlay__color-wrapper{opacity: 0.2;}.uagb-block-e6f939b3.wp-block-uagb-image--layout-overlay .wp-block-uagb-image--layout-overlay__inner{left: 15px;right: 15px;top: 15px;bottom: 15px;}.uagb-block-e6f939b3.wp-block-uagb-image--layout-overlay .wp-block-uagb-image--layout-overlay__inner .uagb-image-heading{font-style: normal;color: #fff;opacity: 1;}.uagb-block-e6f939b3.wp-block-uagb-image--layout-overlay .wp-block-uagb-image--layout-overlay__inner .uagb-image-heading a{color: #fff;}.uagb-block-e6f939b3.wp-block-uagb-image--layout-overlay .wp-block-uagb-image--layout-overlay__inner .uagb-image-caption{opacity: 0;}.uagb-block-e6f939b3.wp-block-uagb-image--layout-overlay .wp-block-uagb-image__figure:hover .wp-block-uagb-image--layout-overlay__color-wrapper{opacity: 1;}.uagb-block-e6f939b3.wp-block-uagb-image .wp-block-uagb-image--layout-overlay__inner .uagb-image-separator{width: 30%;border-top-width: 2px;border-top-color: #fff;opacity: 0;}.uagb-block-e6f939b3.wp-block-uagb-image .wp-block-uagb-image__figure img{width: px;height: auto;}.uagb-block-e6f939b3.wp-block-uagb-image .wp-block-uagb-image__figure:hover .wp-block-uagb-image--layout-overlay__inner .uagb-image-caption{opacity: 1;}.uagb-block-e6f939b3.wp-block-uagb-image .wp-block-uagb-image__figure:hover .wp-block-uagb-image--layout-overlay__inner .uagb-image-separator{opacity: 1;}.uagb-block-e6f939b3.wp-block-uagb-image--layout-default figure:hover img{box-shadow: 0px 0px 0 #00000070;}.uagb-block-e6f939b3.wp-block-uagb-image--layout-overlay figure:hover img{box-shadow: 0px 0px 0 #00000070;}@media only screen and (max-width: 976px) {.uagb-block-e6f939b3.wp-block-uagb-image .wp-block-uagb-image__figure img{width: px;height: auto;}}@media only screen and (max-width: 767px) {.uagb-block-e6f939b3.wp-block-uagb-image .wp-block-uagb-image__figure img{width: px;height: auto;}}\";s:2:\"js\";s:0:\"\";s:18:\"current_block_list\";a:13:{i:0;s:11:\"core\/search\";i:1;s:10:\"core\/group\";i:2;s:12:\"core\/heading\";i:3;s:17:\"core\/latest-posts\";i:4;s:20:\"core\/latest-comments\";i:5;s:13:\"core\/archives\";i:6;s:15:\"core\/categories\";i:7;s:14:\"core\/paragraph\";i:8;s:10:\"uagb\/image\";i:9;s:11:\"core\/spacer\";i:10;s:30:\"woocommerce\/product-categories\";i:11;s:10:\"core\/image\";i:12;s:14:\"core\/shortcode\";}s:8:\"uag_flag\";b:1;s:11:\"uag_version\";s:10:\"1777035642\";s:6:\"gfonts\";a:0:{}s:10:\"gfonts_url\";s:0:\"\";s:12:\"gfonts_files\";a:0:{}s:14:\"uag_faq_layout\";b:0;}"]},"uagb_featured_image_src":{"full":["https:\/\/www.ferberpainting.com\/wp-content\/uploads\/2025\/05\/Blueberry_Fertilizer_5L.png",2560,2560,false],"thumbnail":["https:\/\/www.ferberpainting.com\/wp-content\/uploads\/2025\/05\/Blueberry_Fertilizer_5L-150x150.png",150,150,true],"medium":["https:\/\/www.ferberpainting.com\/wp-content\/uploads\/2025\/05\/Blueberry_Fertilizer_5L-300x300.png",300,300,true],"medium_large":["https:\/\/www.ferberpainting.com\/wp-content\/uploads\/2025\/05\/Blueberry_Fertilizer_5L-768x768.png",768,768,true],"large":["https:\/\/www.ferberpainting.com\/wp-content\/uploads\/2025\/05\/Blueberry_Fertilizer_5L-1024x1024.png",1024,1024,true],"1536x1536":["https:\/\/www.ferberpainting.com\/wp-content\/uploads\/2025\/05\/Blueberry_Fertilizer_5L-1536x1536.png",1536,1536,true],"2048x2048":["https:\/\/www.ferberpainting.com\/wp-content\/uploads\/2025\/05\/Blueberry_Fertilizer_5L-2048x2048.png",2048,2048,true],"trp-custom-language-flag":["https:\/\/www.ferberpainting.com\/wp-content\/uploads\/2025\/05\/Blueberry_Fertilizer_5L-12x12.png",12,12,true],"woocommerce_thumbnail":["https:\/\/www.ferberpainting.com\/wp-content\/uploads\/2025\/05\/Blueberry_Fertilizer_5L-300x300.png",300,300,true],"woocommerce_single":["https:\/\/www.ferberpainting.com\/wp-content\/uploads\/2025\/05\/Blueberry_Fertilizer_5L-600x600.png",600,600,true],"woocommerce_gallery_thumbnail":["https:\/\/www.ferberpainting.com\/wp-content\/uploads\/2025\/05\/Blueberry_Fertilizer_5L-100x100.png",100,100,true]},"uagb_author_info":{"display_name":"admin","author_link":"https:\/\/www.ferberpainting.com\/hu\/author\/"},"uagb_comment_info":5,"uagb_excerpt":"A balanced fertilizer for healthy blueberries and abundant harvests.\u00a0This blueberry fertilizer is specially designed to support the growth of this fruit shrub and ensure optimal production of flavorful berries. Thanks to its NPK 15-15-15 formulation, it provides a balanced supply of nitrogen (N), promoting dense and green foliage, phosphorus (P), which stimulates solid rooting and&hellip;","_links":{"self":[{"href":"https:\/\/www.ferberpainting.com\/hu\/wp-json\/wp\/v2\/product\/23102","targetHints":{"allow":["GET"]}}],"collection":[{"href":"https:\/\/www.ferberpainting.com\/hu\/wp-json\/wp\/v2\/product"}],"about":[{"href":"https:\/\/www.ferberpainting.com\/hu\/wp-json\/wp\/v2\/types\/product"}],"replies":[{"embeddable":true,"href":"https:\/\/www.ferberpainting.com\/hu\/wp-json\/wp\/v2\/comments?post=23102"}],"version-history":[{"count":5,"href":"https:\/\/www.ferberpainting.com\/hu\/wp-json\/wp\/v2\/product\/23102\/revisions"}],"predecessor-version":[{"id":166043,"href":"https:\/\/www.ferberpainting.com\/hu\/wp-json\/wp\/v2\/product\/23102\/revisions\/166043"}],"wp:featuredmedia":[{"embeddable":true,"href":"https:\/\/www.ferberpainting.com\/hu\/wp-json\/wp\/v2\/media\/25702"}],"wp:attachment":[{"href":"https:\/\/www.ferberpainting.com\/hu\/wp-json\/wp\/v2\/media?parent=23102"}],"wp:term":[{"taxonomy":"product_brand","embeddable":true,"href":"https:\/\/www.ferberpainting.com\/hu\/wp-json\/wp\/v2\/product_brand?post=23102"},{"taxonomy":"product_cat","embeddable":true,"href":"https:\/\/www.ferberpainting.com\/hu\/wp-json\/wp\/v2\/product_cat?post=23102"},{"taxonomy":"product_tag","embeddable":true,"href":"https:\/\/www.ferberpainting.com\/hu\/wp-json\/wp\/v2\/product_tag?post=23102"}],"curies":[{"name":"wp","href":"https:\/\/api.w.org\/{rel}","templated":true}]}}