{"id":23082,"date":"2025-05-26T10:22:35","date_gmt":"2025-05-26T08:22:35","guid":{"rendered":"https:\/\/www.ferberpainting.com\/products\/bamboo-and-ornamental-grass-fertilizer\/"},"modified":"2026-02-15T13:05:35","modified_gmt":"2026-02-15T12:05:35","slug":"bamboo-and-ornamental-grass-fertilizer","status":"publish","type":"product","link":"https:\/\/www.ferberpainting.com\/hu\/products\/bamboo-and-ornamental-grass-fertilizer\/","title":{"rendered":"Bambusz \u00e9s d\u00edszf\u0171 m\u0171tr\u00e1gya 25 kg"},"content":{"rendered":"<p><img decoding=\"async\" style=\"margin-right: 12px;\" src=\"https:\/\/www.ferberpainting.com\/wp-content\/uploads\/2026\/02\/Check.svg\" alt=\"\" width=\"18\" height=\"15\" \/><strong>Kiegyens\u00falyozott m\u0171tr\u00e1gya a gyors \u00e9s er\u0151teljes n\u00f6veked\u00e9s\u00e9rt.<\/strong>\u00a0Ez a bambusz \u00e9s f\u0171f\u00e9l\u00e9k sz\u00e1m\u00e1ra kifejlesztett m\u0171tr\u00e1gya kifejezetten e n\u00f6v\u00e9nyek eg\u00e9szs\u00e9ges \u00e9s er\u0151teljes n\u00f6veked\u00e9s\u00e9t seg\u00edti el\u0151. NPK 10-10-10 \u00f6sszet\u00e9tel\u00e9nek k\u00f6sz\u00f6nhet\u0151en ide\u00e1lis egyens\u00falyt biztos\u00edt a lombozat fejl\u0151d\u00e9s\u00e9t serkent\u0151 nitrog\u00e9n (N), a gy\u00f6k\u00e9rzetet er\u0151s\u00edt\u0151 foszfor (P) \u00e9s a betegs\u00e9gekkel szembeni ellen\u00e1ll\u00f3 k\u00e9pess\u00e9get \u00e9s az \u00e9ghajlati v\u00e1ltoz\u00e1sokhoz val\u00f3 alkalmazkod\u00f3k\u00e9pess\u00e9get jav\u00edt\u00f3 k\u00e1lium (K) k\u00f6z\u00f6tt. Gyors n\u00f6veked\u00e9st, buja z\u00f6ld lombozatot \u00e9s a k\u00fcls\u0151 k\u00f6r\u00fclm\u00e9nyekkel szembeni fokozott ellen\u00e1ll\u00f3 k\u00e9pess\u00e9get biztos\u00edt.<\/p>\n<p><img decoding=\"async\" style=\"margin-right: 12px;\" src=\"https:\/\/www.ferberpainting.com\/wp-content\/uploads\/2026\/02\/Check.svg\" alt=\"\" width=\"18\" height=\"15\" \/><strong>P\u00e9nzvisszafizet\u00e9si garancia.<\/strong>\u00a0Teljes m\u00e9rt\u00e9kben b\u00edzunk a bambusz \u00e9s f\u0171f\u00e9l\u00e9k sz\u00e1m\u00e1ra k\u00e9sz\u00fclt m\u0171tr\u00e1gy\u00e1ink hat\u00e9konys\u00e1g\u00e1ban. Ez\u00e9rt k\u00edn\u00e1lunk p\u00e9nzvisszafizet\u00e9si garanci\u00e1t. Ha az aj\u00e1nl\u00e1soknak megfelel\u0151 haszn\u00e1lat ut\u00e1n bambuszai vagy f\u00fcvei nem mutatnak l\u00e1that\u00f3 javul\u00e1st az \u00e9leterej\u00fckben \u00e9s n\u00f6veked\u00e9s\u00fckben, v\u00e1llaljuk, hogy felt\u00e9tel n\u00e9lk\u00fcl visszat\u00e9r\u00edtj\u00fck az \u00e1r\u00e1t, \u00edgy biztos\u00edtva a kock\u00e1zatmentes v\u00e1s\u00e1rl\u00e1st.<\/p>\n<p><img decoding=\"async\" style=\"margin-right: 12px;\" src=\"https:\/\/www.ferberpainting.com\/wp-content\/uploads\/2026\/02\/Check.svg\" alt=\"\" width=\"18\" height=\"15\" \/><strong>Alkalmas minden bambusz- \u00e9s f\u0171fajhoz.<\/strong>\u00a0Ez a m\u0171tr\u00e1gya alkalmas fut\u00f3 \u00e9s csom\u00f3sod\u00f3 bambuszok, d\u00edszf\u00fcvek, mint p\u00e9ld\u00e1ul a miscanthus, fescues, stipas, panicum, carex, \u00e9s m\u00e9g a kiegyens\u00falyozott t\u00e1panyagbevitelt ig\u00e9nyl\u0151 gyepek sz\u00e1m\u00e1ra is. F\u00f6ldbe \u00fcltetett \u00fcltetv\u00e9nyekhez \u00e9s cserepes vagy kont\u00e9nerben nevelt n\u00f6v\u00e9nyekhez egyar\u00e1nt alkalmas, biztos\u00edtva a t\u00f6k\u00e9letes alkalmazkod\u00f3k\u00e9pess\u00e9get minden termeszt\u00e9si k\u00f6r\u00fclm\u00e9nyhez.<\/p>\n<p><img decoding=\"async\" style=\"margin-right: 12px;\" src=\"https:\/\/www.ferberpainting.com\/wp-content\/uploads\/2026\/02\/Check.svg\" alt=\"\" width=\"18\" height=\"15\" \/><strong>K\u00f6lts\u00e9ghat\u00e9kony hozam \u00e9s tart\u00f3s tr\u00e1gy\u00e1z\u00e1s.<\/strong>\u00a0\u00d6sszet\u00e9tel\u00e9nek k\u00f6sz\u00f6nhet\u0151en ez a m\u0171tr\u00e1gya fokozatosan szabad\u00edtja fel a t\u00e1panyagokat, \u00edgy t\u00f6bb h\u00e9ten kereszt\u00fcl folyamatos tr\u00e1gy\u00e1z\u00e1st biztos\u00edt. Egy 25 kg-os zs\u00e1k ak\u00e1r 250 bambuszcsom\u00f3 vagy nagym\u00e9ret\u0171 f\u0171f\u00e9l\u00e9k tr\u00e1gy\u00e1z\u00e1s\u00e1ra is alkalmas, az aj\u00e1nlott adag 100 g\/csom\u00f3. Ez a gazdas\u00e1gos \u00e9s hat\u00e9kony megold\u00e1s cs\u00f6kkenti a kijuttat\u00e1s gyakoris\u00e1g\u00e1t, mik\u00f6zben maximaliz\u00e1lja a n\u00f6v\u00e9nyek n\u00f6veked\u00e9s\u00e9t \u00e9s ellen\u00e1ll\u00f3 k\u00e9pess\u00e9g\u00e9t.<\/p>\n<p><img decoding=\"async\" style=\"margin-right: 12px;\" src=\"https:\/\/www.ferberpainting.com\/wp-content\/uploads\/2026\/02\/Check.svg\" alt=\"\" width=\"18\" height=\"15\" \/><strong>K\u00f6rnyezeti kock\u00e1zat n\u00e9lk\u00fcli, biztons\u00e1gos term\u00e9k.<\/strong>\u00a0Ez a m\u0171tr\u00e1gya biztons\u00e1gos a talajra, az \u00e1llat- \u00e9s n\u00f6v\u00e9nyvil\u00e1gra n\u00e9zve, \u00edgy k\u00edm\u00e9letes \u00e9s fokozatos tr\u00e1gy\u00e1z\u00e1st biztos\u00edt, amely tiszteletben tartja a talaj \u00f6kosziszt\u00e9m\u00e1j\u00e1t. Nem tartalmaz olyan durva vegyi anyagokat, amelyek k\u00e1ros\u00edthatn\u00e1k a talaj biol\u00f3giai sokf\u00e9les\u00e9g\u00e9t, s\u0151t a j\u00f3t\u00e9kony mikrobi\u00e1lis tev\u00e9kenys\u00e9g serkent\u00e9s\u00e9vel el\u0151seg\u00edti az aljzatszerkezet javul\u00e1s\u00e1t.<\/p>\n<p><img decoding=\"async\" style=\"margin-right: 12px;\" src=\"https:\/\/www.ferberpainting.com\/wp-content\/uploads\/2026\/02\/Check.svg\" alt=\"\" width=\"18\" height=\"15\" \/><strong>K\u00f6nnyen alkalmazhat\u00f3 \u00e9s egyszer\u0171 karbantart\u00e1s.<\/strong>\u00a0Ez a m\u0171tr\u00e1gya k\u00f6zvetlen\u00fcl a talajba ker\u00fcl, nem ig\u00e9nyel h\u00edg\u00edt\u00e1st vagy \u00f6sszetett el\u0151k\u00e9sz\u00edt\u00e9st. Egyszer\u0171en sz\u00f3rja sz\u00e9t a bambusz- vagy f\u0171csom\u00f3k k\u00f6r\u00fcl, \u00e9s enyh\u00e9n dolgozza be a talajba, hogy biztos\u00edtsa a t\u00e1panyagok egyenletes eloszl\u00e1s\u00e1t. Egyszer\u0171 alkalmaz\u00e1si m\u00f3dszere lehet\u0151v\u00e9 teszi a kert\u00e9szek sz\u00e1m\u00e1ra, ak\u00e1r kezd\u0151k, ak\u00e1r tapasztaltak, hogy n\u00e9h\u00e1ny perc alatt biztos\u00edts\u00e1k a hat\u00e9kony tr\u00e1gy\u00e1z\u00e1st.<\/p>\n<p><img decoding=\"async\" style=\"margin-right: 12px;\" src=\"https:\/\/www.ferberpainting.com\/wp-content\/uploads\/2026\/02\/Check.svg\" alt=\"\" width=\"18\" height=\"15\" \/><strong>Hosszan tart\u00f3 hat\u00e1s a s\u0171r\u0171bb lombozat \u00e9s a jobb ellen\u00e1ll\u00f3 k\u00e9pess\u00e9g \u00e9rdek\u00e9ben.<\/strong>\u00a0Tart\u00f3s hat\u00e1s\u00e1nak k\u00f6sz\u00f6nhet\u0151en ez a m\u0171tr\u00e1gya t\u00f6bb h\u00e9ten \u00e1t folyamatos t\u00e1panyagell\u00e1t\u00e1st biztos\u00edt. El\u0151seg\u00edti az \u00faj bambuszhajt\u00e1sok n\u00f6veked\u00e9s\u00e9t, \u00e9s felgyors\u00edtja a d\u00edszf\u00fcvek fejl\u0151d\u00e9s\u00e9t, mivel s\u0171r\u0171bb \u00e9s \u00e9l\u00e9nkebb lombozatot biztos\u00edt. Emellett er\u0151s\u00edti a n\u00f6v\u00e9nyek ellen\u00e1ll\u00f3 k\u00e9pess\u00e9g\u00e9t a betegs\u00e9gekkel, k\u00e1rtev\u0151kkel \u00e9s a neh\u00e9z \u00e9ghajlati viszonyokkal szemben.<\/p>\n<p><img decoding=\"async\" style=\"margin-right: 12px;\" src=\"https:\/\/www.ferberpainting.com\/wp-content\/uploads\/2026\/02\/Check.svg\" alt=\"\" width=\"18\" height=\"15\" \/><strong>L\u00e1that\u00f3 eredm\u00e9nyek az els\u0151 n\u00e9h\u00e1ny h\u00e9ten bel\u00fcl.<\/strong>\u00a0Ez a m\u0171tr\u00e1gya m\u00e1r az els\u0151 alkalmaz\u00e1st\u00f3l kezdve serkenti a n\u00f6veked\u00e9st \u00e9s er\u0151s\u00edti a bambusz \u00e9s a f\u0171f\u00e9l\u00e9k ellen\u00e1ll\u00f3 k\u00e9pess\u00e9g\u00e9t. M\u00e1r n\u00e9h\u00e1ny h\u00e9t eltelt\u00e9vel er\u0151teljesebb, d\u00fasabb \u00e9s z\u00f6ldebb hajt\u00e1sokat fog \u00e9szrevenni, ami a gyors \u00e9s hat\u00e9kony hat\u00e1s\u00e1r\u00f3l tan\u00faskodik.<\/p>\n<h2><strong>Haszn\u00e1lati protokoll<\/strong><\/h2>\n<ul>\n<li><strong>Jelentkez\u00e9si id\u0151szak <\/strong>: \u00c9vente k\u00e9tszer, tavasz elej\u00e9n (m\u00e1rcius-\u00e1prilis) \u00e9s ny\u00e1r v\u00e9g\u00e9n (augusztus-szeptember) alkalmazza, hogy a bambusz \u00e9s a f\u0171f\u00e9l\u00e9k folyamatos t\u00e1pl\u00e1l\u00e1s\u00e1t biztos\u00edtsa a n\u00f6veked\u00e9si ciklusuk sor\u00e1n.<\/li>\n<li><strong>Aj\u00e1nlott adagol\u00e1s <\/strong>: Bambusz- vagy f\u0171csom\u00f3nk\u00e9nt 100 g m\u0171tr\u00e1gy\u00e1t sz\u00f3rjon ki. Gyep eset\u00e9n haszn\u00e1ljon k\u00f6r\u00fclbel\u00fcl 50 g-ot n\u00e9gyzetm\u00e9terenk\u00e9nt, a telep\u00edt\u00e9si s\u0171r\u0171s\u00e9gt\u0151l f\u00fcgg\u0151en.<\/li>\n<li><strong>Alkalmaz\u00e1si m\u00f3dszer <\/strong>: A m\u0171tr\u00e1gy\u00e1t a n\u00f6v\u00e9nyek t\u00f6v\u00e9n\u00e9l sz\u00f3rja sz\u00e9t, ker\u00fclve a k\u00f6zvetlen \u00e9rintkez\u00e9st a sz\u00e1rakkal. A talajfelsz\u00ednt gerebly\u00e9vel vagy kap\u00e1val enyh\u00e9n gerebly\u00e9zze fel, hogy seg\u00edtse a term\u00e9k be\u00e9p\u00fcl\u00e9s\u00e9t \u00e9s a t\u00e1panyag fokozatos felsz\u00edv\u00f3d\u00e1s\u00e1t.<\/li>\n<li><strong>\u00d6nt\u00f6z\u00e9s a kijuttat\u00e1s ut\u00e1n <\/strong>: Ter\u00edt\u00e9s ut\u00e1n b\u0151s\u00e9gesen \u00f6nt\u00f6zze meg, hogy aktiv\u00e1lja a t\u00e1panyagok felszabadul\u00e1s\u00e1t \u00e9s biztos\u00edtsa a gy\u00f6kerek jobb felsz\u00edv\u00f3d\u00e1s\u00e1t. Asz\u00e1lyos id\u0151szakokban tartsa fenn a rendszeres \u00f6nt\u00f6z\u00e9st a m\u0171tr\u00e1gya hat\u00e9konys\u00e1g\u00e1nak maximaliz\u00e1l\u00e1sa \u00e9rdek\u00e9ben.<\/li>\n<li><strong>Karbantart\u00e1s \u00e9s fel\u00fcgyelet <\/strong>: A gyors n\u00f6veked\u00e9st vagy b\u0151s\u00e9ges vir\u00e1gz\u00e1st ig\u00e9nyl\u0151 szabadf\u00f6ldi \u00fcltetv\u00e9nyek eset\u00e9ben ny\u00e1ron (j\u00fanius-j\u00falius) egy tov\u00e1bbi kijuttat\u00e1s is elv\u00e9gezhet\u0151 a lombozat fejl\u0151d\u00e9s\u00e9nek fokoz\u00e1sa \u00e9s az \u00faj hajt\u00e1sok serkent\u00e9se \u00e9rdek\u00e9ben.<\/li>\n<li><strong>Haszn\u00e1lati \u00f3vint\u00e9zked\u00e9sek <\/strong>: Ne l\u00e9pje t\u00fal az aj\u00e1nlott d\u00f3zisokat, hogy elker\u00fclje a talajban l\u00e9v\u0151 t\u00e1panyagfelesleget. Ne alkalmazza fagyott talajra vagy extr\u00e9m sz\u00e1razs\u00e1g idej\u00e9n tov\u00e1bbi \u00f6nt\u00f6z\u00e9s n\u00e9lk\u00fcl.<\/li>\n<li><strong>T\u00e1rol\u00e1s \u00e9s konzerv\u00e1l\u00e1s <\/strong>: A m\u0171tr\u00e1gyazs\u00e1kot h\u0171v\u00f6s, sz\u00e1raz helyen, nedvess\u00e9gt\u0151l \u00e9s napf\u00e9nyt\u0151l v\u00e9dve t\u00e1rolja. Minden haszn\u00e1lat ut\u00e1n gondosan z\u00e1rja le a zs\u00e1kot, hogy meg\u0151rizze a term\u00e9k min\u0151s\u00e9g\u00e9t \u00e9s megakad\u00e1lyozza a nedvess\u00e9g felsz\u00edv\u00f3d\u00e1s\u00e1t.<\/li>\n<\/ul>\n<p>Ezzel a bambusz \u00e9s d\u00edszf\u0171 m\u0171tr\u00e1gy\u00e1val teljes \u00e9s kiegyens\u00falyozott t\u00e1panyagot biztos\u00edt n\u00f6v\u00e9nyeinek, \u00f6szt\u00f6n\u00f6zve az er\u0151teljes n\u00f6veked\u00e9st, a s\u0171r\u0171bb lombozatot \u00e9s a jobb ellen\u00e1ll\u00e1st az \u00e9ghajlati viszonyokkal szemben. Ide\u00e1lis megold\u00e1s az eg\u00e9sz \u00e9vben buja \u00e9s harmonikus kerthez.<\/p>\n<p>&nbsp;<\/p>","protected":false},"excerpt":{"rendered":"<p>A balanced fertilizer for rapid and vigorous growth.\u00a0This fertilizer for bamboo and grasses is specially formulated to promote the healthy and robust growth of these plants. Thanks to its NPK 10-10-10 composition, it provides an ideal balance between nitrogen (N), which stimulates foliage development, phosphorus (P), which strengthens the root system, and potassium (K), which [&hellip;]<\/p>\n","protected":false},"featured_media":25271,"comment_status":"open","ping_status":"closed","template":"","meta":{"_uag_custom_page_level_css":"","site-sidebar-layout":"default","site-content-layout":"","ast-site-content-layout":"default","site-content-style":"default","site-sidebar-style":"default","ast-global-header-display":"","ast-banner-title-visibility":"","ast-main-header-display":"","ast-hfb-above-header-display":"","ast-hfb-below-header-display":"","ast-hfb-mobile-header-display":"","site-post-title":"","ast-breadcrumbs-content":"","ast-featured-img":"","footer-sml-layout":"","ast-disable-related-posts":"","theme-transparent-header-meta":"default","adv-header-id-meta":"","stick-header-meta":"","header-above-stick-meta":"","header-main-stick-meta":"","header-below-stick-meta":"","astra-migrate-meta-layouts":"set","ast-page-background-enabled":"default","ast-page-background-meta":{"desktop":{"background-color":"var(--ast-global-color-4)","background-image":"","background-repeat":"repeat","background-position":"center center","background-size":"auto","background-attachment":"scroll","background-type":"","background-media":"","overlay-type":"","overlay-color":"","overlay-opacity":"","overlay-gradient":""},"tablet":{"background-color":"","background-image":"","background-repeat":"repeat","background-position":"center center","background-size":"auto","background-attachment":"scroll","background-type":"","background-media":"","overlay-type":"","overlay-color":"","overlay-opacity":"","overlay-gradient":""},"mobile":{"background-color":"","background-image":"","background-repeat":"repeat","background-position":"center center","background-size":"auto","background-attachment":"scroll","background-type":"","background-media":"","overlay-type":"","overlay-color":"","overlay-opacity":"","overlay-gradient":""}},"ast-content-background-meta":{"desktop":{"background-color":"var(--ast-global-color-5)","background-image":"","background-repeat":"repeat","background-position":"center center","background-size":"auto","background-attachment":"scroll","background-type":"","background-media":"","overlay-type":"","overlay-color":"","overlay-opacity":"","overlay-gradient":""},"tablet":{"background-color":"var(--ast-global-color-5)","background-image":"","background-repeat":"repeat","background-position":"center center","background-size":"auto","background-attachment":"scroll","background-type":"","background-media":"","overlay-type":"","overlay-color":"","overlay-opacity":"","overlay-gradient":""},"mobile":{"background-color":"var(--ast-global-color-5)","background-image":"","background-repeat":"repeat","background-position":"center center","background-size":"auto","background-attachment":"scroll","background-type":"","background-media":"","overlay-type":"","overlay-color":"","overlay-opacity":"","overlay-gradient":""}}},"product_brand":[],"product_cat":[178],"product_tag":[],"class_list":{"0":"post-23082","1":"product","2":"type-product","3":"status-publish","4":"has-post-thumbnail","6":"product_cat-fertilizers","7":"desktop-align-left","8":"tablet-align-left","9":"mobile-align-left","11":"first","12":"instock","13":"shipping-taxable","14":"purchasable","15":"product-type-simple"},"spectra_custom_meta":{"_visibility":["visible"],"_shopify_product_id":["9065973088501"],"_s2w_shopify_domain":["ferberpainting.myshopify.com"],"_shopify_variant_id":["46501304991989"],"_sku":["FPBAMBOOANDORNAMENTALGRASSFERTILIZER25KG"],"_regular_price":["39.90"],"_price":["39.90"],"_sale_price":[""],"_weight":["18.5"],"_thumbnail_id":["25271"],"_global_unique_id":["5056773817074"],"total_sales":["22"],"_tax_status":["taxable"],"_tax_class":[""],"_manage_stock":["no"],"_backorders":["no"],"_sold_individually":["no"],"_virtual":["no"],"_downloadable":["no"],"_download_limit":["-1"],"_download_expiry":["-1"],"_stock":[null],"_stock_status":["instock"],"_wc_average_rating":["5.00"],"_wc_review_count":["17"],"_product_version":["10.5.1"],"_wc_rating_count":["a:1:{i:5;i:17;}"],"_edit_lock":["1771156997:1"],"merchant-center-availability":["yes"],"merchant-center-category":["113"],"_edit_last":["1"],"_wp_page_template":["default"],"site-sidebar-layout":["default"],"ast-site-content-layout":["default"],"site-content-style":["default"],"site-sidebar-style":["default"],"theme-transparent-header-meta":["default"],"astra-migrate-meta-layouts":["set"],"_uag_css_file_name":["uag-css-23082.css"],"_elementor_page_assets":["a:0:{}"],"_uag_page_assets":["a:9:{s:3:\"css\";s:7133:\".uag-blocks-common-selector{z-index:var(--z-index-desktop) !important}@media(max-width: 976px){.uag-blocks-common-selector{z-index:var(--z-index-tablet) !important}}@media(max-width: 767px){.uag-blocks-common-selector{z-index:var(--z-index-mobile) !important}}.wp-block-uagb-image{display:flex}.wp-block-uagb-image__figure{position:relative;display:flex;flex-direction:column;max-width:100%;height:auto;margin:0}.wp-block-uagb-image__figure img{height:auto;display:flex;max-width:100%;transition:box-shadow .2s ease}.wp-block-uagb-image__figure>a{display:inline-block}.wp-block-uagb-image__figure figcaption{text-align:center;margin-top:.5em;margin-bottom:1em}.wp-block-uagb-image .components-placeholder.block-editor-media-placeholder .components-placeholder__instructions{align-self:center}.wp-block-uagb-image--align-left{text-align:left}.wp-block-uagb-image--align-right{text-align:right}.wp-block-uagb-image--align-center{text-align:center}.wp-block-uagb-image--align-full .wp-block-uagb-image__figure{margin-left:calc(50% - 50vw);margin-right:calc(50% - 50vw);max-width:100vw;width:100vw;height:auto}.wp-block-uagb-image--align-full .wp-block-uagb-image__figure img{height:auto;width:100% !important}.wp-block-uagb-image--align-wide .wp-block-uagb-image__figure img{height:auto;width:100%}.wp-block-uagb-image--layout-overlay__color-wrapper{position:absolute;left:0;top:0;right:0;bottom:0;opacity:.2;background:rgba(0,0,0,.5);transition:opacity .35s ease-in-out}.wp-block-uagb-image--layout-overlay-link{position:absolute;left:0;right:0;bottom:0;top:0}.wp-block-uagb-image--layout-overlay .wp-block-uagb-image__figure:hover .wp-block-uagb-image--layout-overlay__color-wrapper{opacity:1}.wp-block-uagb-image--layout-overlay__inner{position:absolute;left:15px;right:15px;bottom:15px;top:15px;display:flex;align-items:center;justify-content:center;flex-direction:column;border-color:#fff;transition:.35s ease-in-out}.wp-block-uagb-image--layout-overlay__inner.top-left,.wp-block-uagb-image--layout-overlay__inner.top-center,.wp-block-uagb-image--layout-overlay__inner.top-right{justify-content:flex-start}.wp-block-uagb-image--layout-overlay__inner.bottom-left,.wp-block-uagb-image--layout-overlay__inner.bottom-center,.wp-block-uagb-image--layout-overlay__inner.bottom-right{justify-content:flex-end}.wp-block-uagb-image--layout-overlay__inner.top-left,.wp-block-uagb-image--layout-overlay__inner.center-left,.wp-block-uagb-image--layout-overlay__inner.bottom-left{align-items:flex-start}.wp-block-uagb-image--layout-overlay__inner.top-right,.wp-block-uagb-image--layout-overlay__inner.center-right,.wp-block-uagb-image--layout-overlay__inner.bottom-right{align-items:flex-end}.wp-block-uagb-image--layout-overlay__inner .uagb-image-heading{color:#fff;transition:transform .35s,opacity .35s ease-in-out;transform:translate3d(0, 24px, 0);margin:0;line-height:1em}.wp-block-uagb-image--layout-overlay__inner .uagb-image-separator{width:30%;border-top-width:2px;border-top-color:#fff;border-top-style:solid;margin-bottom:10px;opacity:0;transition:transform .4s,opacity .4s ease-in-out;transform:translate3d(0, 30px, 0)}.wp-block-uagb-image--layout-overlay__inner .uagb-image-caption{opacity:0;overflow:visible;color:#fff;transition:transform .45s,opacity .45s ease-in-out;transform:translate3d(0, 35px, 0)}.wp-block-uagb-image--layout-overlay__inner:hover .uagb-image-heading,.wp-block-uagb-image--layout-overlay__inner:hover .uagb-image-separator,.wp-block-uagb-image--layout-overlay__inner:hover .uagb-image-caption{opacity:1;transform:translate3d(0, 0, 0)}.wp-block-uagb-image--effect-zoomin .wp-block-uagb-image__figure img,.wp-block-uagb-image--effect-zoomin .wp-block-uagb-image__figure .wp-block-uagb-image--layout-overlay__color-wrapper{transform:scale(1);transition:transform .35s ease-in-out}.wp-block-uagb-image--effect-zoomin .wp-block-uagb-image__figure:hover img,.wp-block-uagb-image--effect-zoomin .wp-block-uagb-image__figure:hover .wp-block-uagb-image--layout-overlay__color-wrapper{transform:scale(1.05)}.wp-block-uagb-image--effect-slide .wp-block-uagb-image__figure img,.wp-block-uagb-image--effect-slide .wp-block-uagb-image__figure .wp-block-uagb-image--layout-overlay__color-wrapper{width:calc(100% + 40px) !important;max-width:none !important;transform:translate3d(-40px, 0, 0);transition:transform .35s ease-in-out}.wp-block-uagb-image--effect-slide .wp-block-uagb-image__figure:hover img,.wp-block-uagb-image--effect-slide .wp-block-uagb-image__figure:hover .wp-block-uagb-image--layout-overlay__color-wrapper{transform:translate3d(0, 0, 0)}.wp-block-uagb-image--effect-grayscale img{filter:grayscale(0%);transition:.35s ease-in-out}.wp-block-uagb-image--effect-grayscale:hover img{filter:grayscale(100%)}.wp-block-uagb-image--effect-blur img{filter:blur(0);transition:.35s ease-in-out}.wp-block-uagb-image--effect-blur:hover img{filter:blur(3px)}.uagb-block-e6f939b3.wp-block-uagb-image--layout-default figure img{box-shadow: 0px 0px 0 #00000070;}.uagb-block-e6f939b3.wp-block-uagb-image .wp-block-uagb-image__figure figcaption{font-style: normal;align-self: center;}.uagb-block-e6f939b3.wp-block-uagb-image--layout-overlay figure img{box-shadow: 0px 0px 0 #00000070;}.uagb-block-e6f939b3.wp-block-uagb-image--layout-overlay .wp-block-uagb-image--layout-overlay__color-wrapper{opacity: 0.2;}.uagb-block-e6f939b3.wp-block-uagb-image--layout-overlay .wp-block-uagb-image--layout-overlay__inner{left: 15px;right: 15px;top: 15px;bottom: 15px;}.uagb-block-e6f939b3.wp-block-uagb-image--layout-overlay .wp-block-uagb-image--layout-overlay__inner .uagb-image-heading{font-style: normal;color: #fff;opacity: 1;}.uagb-block-e6f939b3.wp-block-uagb-image--layout-overlay .wp-block-uagb-image--layout-overlay__inner .uagb-image-heading a{color: #fff;}.uagb-block-e6f939b3.wp-block-uagb-image--layout-overlay .wp-block-uagb-image--layout-overlay__inner .uagb-image-caption{opacity: 0;}.uagb-block-e6f939b3.wp-block-uagb-image--layout-overlay .wp-block-uagb-image__figure:hover .wp-block-uagb-image--layout-overlay__color-wrapper{opacity: 1;}.uagb-block-e6f939b3.wp-block-uagb-image .wp-block-uagb-image--layout-overlay__inner .uagb-image-separator{width: 30%;border-top-width: 2px;border-top-color: #fff;opacity: 0;}.uagb-block-e6f939b3.wp-block-uagb-image .wp-block-uagb-image__figure img{width: px;height: auto;}.uagb-block-e6f939b3.wp-block-uagb-image .wp-block-uagb-image__figure:hover .wp-block-uagb-image--layout-overlay__inner .uagb-image-caption{opacity: 1;}.uagb-block-e6f939b3.wp-block-uagb-image .wp-block-uagb-image__figure:hover .wp-block-uagb-image--layout-overlay__inner .uagb-image-separator{opacity: 1;}.uagb-block-e6f939b3.wp-block-uagb-image--layout-default figure:hover img{box-shadow: 0px 0px 0 #00000070;}.uagb-block-e6f939b3.wp-block-uagb-image--layout-overlay figure:hover img{box-shadow: 0px 0px 0 #00000070;}@media only screen and (max-width: 976px) {.uagb-block-e6f939b3.wp-block-uagb-image .wp-block-uagb-image__figure img{width: px;height: auto;}}@media only screen and (max-width: 767px) {.uagb-block-e6f939b3.wp-block-uagb-image .wp-block-uagb-image__figure img{width: px;height: auto;}}\";s:2:\"js\";s:0:\"\";s:18:\"current_block_list\";a:13:{i:0;s:11:\"core\/search\";i:1;s:10:\"core\/group\";i:2;s:12:\"core\/heading\";i:3;s:17:\"core\/latest-posts\";i:4;s:20:\"core\/latest-comments\";i:5;s:13:\"core\/archives\";i:6;s:15:\"core\/categories\";i:7;s:14:\"core\/paragraph\";i:8;s:10:\"uagb\/image\";i:9;s:11:\"core\/spacer\";i:10;s:30:\"woocommerce\/product-categories\";i:11;s:10:\"core\/image\";i:12;s:14:\"core\/shortcode\";}s:8:\"uag_flag\";b:1;s:11:\"uag_version\";s:10:\"1777114783\";s:6:\"gfonts\";a:0:{}s:10:\"gfonts_url\";s:0:\"\";s:12:\"gfonts_files\";a:0:{}s:14:\"uag_faq_layout\";b:0;}"]},"uagb_featured_image_src":{"full":["https:\/\/www.ferberpainting.com\/wp-content\/uploads\/2025\/05\/BambooandOrnamentalGrassFertilizer.png",2560,2560,false],"thumbnail":["https:\/\/www.ferberpainting.com\/wp-content\/uploads\/2025\/05\/BambooandOrnamentalGrassFertilizer-150x150.png",150,150,true],"medium":["https:\/\/www.ferberpainting.com\/wp-content\/uploads\/2025\/05\/BambooandOrnamentalGrassFertilizer-300x300.png",300,300,true],"medium_large":["https:\/\/www.ferberpainting.com\/wp-content\/uploads\/2025\/05\/BambooandOrnamentalGrassFertilizer-768x768.png",768,768,true],"large":["https:\/\/www.ferberpainting.com\/wp-content\/uploads\/2025\/05\/BambooandOrnamentalGrassFertilizer-1024x1024.png",1024,1024,true],"1536x1536":["https:\/\/www.ferberpainting.com\/wp-content\/uploads\/2025\/05\/BambooandOrnamentalGrassFertilizer-1536x1536.png",1536,1536,true],"2048x2048":["https:\/\/www.ferberpainting.com\/wp-content\/uploads\/2025\/05\/BambooandOrnamentalGrassFertilizer-2048x2048.png",2048,2048,true],"trp-custom-language-flag":["https:\/\/www.ferberpainting.com\/wp-content\/uploads\/2025\/05\/BambooandOrnamentalGrassFertilizer-12x12.png",12,12,true],"woocommerce_thumbnail":["https:\/\/www.ferberpainting.com\/wp-content\/uploads\/2025\/05\/BambooandOrnamentalGrassFertilizer-300x300.png",300,300,true],"woocommerce_single":["https:\/\/www.ferberpainting.com\/wp-content\/uploads\/2025\/05\/BambooandOrnamentalGrassFertilizer-600x600.png",600,600,true],"woocommerce_gallery_thumbnail":["https:\/\/www.ferberpainting.com\/wp-content\/uploads\/2025\/05\/BambooandOrnamentalGrassFertilizer-100x100.png",100,100,true]},"uagb_author_info":{"display_name":"admin","author_link":"https:\/\/www.ferberpainting.com\/hu\/author\/"},"uagb_comment_info":17,"uagb_excerpt":"A balanced fertilizer for rapid and vigorous growth.\u00a0This fertilizer for bamboo and grasses is specially formulated to promote the healthy and robust growth of these plants. Thanks to its NPK 10-10-10 composition, it provides an ideal balance between nitrogen (N), which stimulates foliage development, phosphorus (P), which strengthens the root system, and potassium (K), which&hellip;","_links":{"self":[{"href":"https:\/\/www.ferberpainting.com\/hu\/wp-json\/wp\/v2\/product\/23082","targetHints":{"allow":["GET"]}}],"collection":[{"href":"https:\/\/www.ferberpainting.com\/hu\/wp-json\/wp\/v2\/product"}],"about":[{"href":"https:\/\/www.ferberpainting.com\/hu\/wp-json\/wp\/v2\/types\/product"}],"replies":[{"embeddable":true,"href":"https:\/\/www.ferberpainting.com\/hu\/wp-json\/wp\/v2\/comments?post=23082"}],"version-history":[{"count":6,"href":"https:\/\/www.ferberpainting.com\/hu\/wp-json\/wp\/v2\/product\/23082\/revisions"}],"predecessor-version":[{"id":166031,"href":"https:\/\/www.ferberpainting.com\/hu\/wp-json\/wp\/v2\/product\/23082\/revisions\/166031"}],"wp:featuredmedia":[{"embeddable":true,"href":"https:\/\/www.ferberpainting.com\/hu\/wp-json\/wp\/v2\/media\/25271"}],"wp:attachment":[{"href":"https:\/\/www.ferberpainting.com\/hu\/wp-json\/wp\/v2\/media?parent=23082"}],"wp:term":[{"taxonomy":"product_brand","embeddable":true,"href":"https:\/\/www.ferberpainting.com\/hu\/wp-json\/wp\/v2\/product_brand?post=23082"},{"taxonomy":"product_cat","embeddable":true,"href":"https:\/\/www.ferberpainting.com\/hu\/wp-json\/wp\/v2\/product_cat?post=23082"},{"taxonomy":"product_tag","embeddable":true,"href":"https:\/\/www.ferberpainting.com\/hu\/wp-json\/wp\/v2\/product_tag?post=23082"}],"curies":[{"name":"wp","href":"https:\/\/api.w.org\/{rel}","templated":true}]}}