{"id":23049,"date":"2025-07-01T18:50:32","date_gmt":"2025-07-01T16:50:32","guid":{"rendered":"https:\/\/www.ferberpainting.com\/?post_type=product&#038;p=23046"},"modified":"2026-02-24T18:43:35","modified_gmt":"2026-02-24T17:43:35","slug":"aluminum-cleaner","status":"publish","type":"product","link":"https:\/\/www.ferberpainting.com\/hu\/products\/aluminum-cleaner\/","title":{"rendered":"Alum\u00ednium tiszt\u00edt\u00f3"},"content":{"rendered":"<p><img decoding=\"async\" style=\"margin-right: 12px;\" src=\"https:\/\/www.ferberpainting.com\/wp-content\/uploads\/2026\/02\/Check.svg\" alt=\"\" width=\"18\" height=\"15\" \/><strong>Optim\u00e1lis hat\u00e9konys\u00e1g. <\/strong>Ezt az alum\u00edniumtiszt\u00edt\u00f3t kifejezetten az oxid\u00e1ci\u00f3s nyomok, v\u00edzk\u0151lerak\u00f3d\u00e1sok, be\u00e1gyaz\u00f3dott szennyez\u0151d\u00e9sek \u00e9s szennyez\u0151d\u00e9smaradv\u00e1nyok elt\u00e1vol\u00edt\u00e1s\u00e1ra tervezt\u00e9k. M\u00e9lytiszt\u00edt\u00e1ssal helyre\u00e1ll\u00edtja az alum\u00ednium eredeti f\u00e9ny\u00e9t an\u00e9lk\u00fcl, hogy megv\u00e1ltoztatn\u00e1 vagy megkarcoln\u00e1 a fel\u00fcletet. Er\u0151teljes hat\u00e1sa seg\u00edt vissza\u00e1ll\u00edtani az alum\u00edniumfel\u00fcletek ragyog\u00e1s\u00e1t \u00e9s tisztas\u00e1g\u00e1t - legyen az nyers, elox\u00e1lt vagy lakkozott.<\/p>\n<p><img decoding=\"async\" style=\"margin-right: 12px;\" src=\"https:\/\/www.ferberpainting.com\/wp-content\/uploads\/2026\/02\/Check.svg\" alt=\"\" width=\"18\" height=\"15\" \/><strong>P\u00e9nzvisszafizet\u00e9si garancia.<\/strong> Meggy\u0151z\u0151d\u00e9s\u00fcnk, hogy alum\u00ednium tiszt\u00edt\u00f3szer\u00fcnk hat\u00e9kony, \u00e9s k\u00e9pes az alum\u00ednium fel\u00fcleteket \u00fajszer\u0171v\u00e9 var\u00e1zsolni. Ha a haszn\u00e1lat ut\u00e1n nem teljesen el\u00e9gedett, teljes visszat\u00e9r\u00edt\u00e9sre jogosult. Pr\u00f3b\u00e1lja ki kock\u00e1zatmentesen, \u00e9s gy\u0151z\u0151dj\u00f6n meg saj\u00e1t maga az eredm\u00e9nyr\u0151l.<\/p>\n<p><img decoding=\"async\" style=\"margin-right: 12px;\" src=\"https:\/\/www.ferberpainting.com\/wp-content\/uploads\/2026\/02\/Check.svg\" alt=\"\" width=\"18\" height=\"15\" \/><strong>Kiv\u00e9teles sokoldal\u00fas\u00e1g.<\/strong>\u00a0Ez a tiszt\u00edt\u00f3szer nem korl\u00e1toz\u00f3dik az alum\u00edniumra! Rozsdamentes ac\u00e9l, r\u00e9z, s\u00e1rgar\u00e9z, festett vagy elox\u00e1lt f\u00e9mfel\u00fcleteken is hat\u00e9kony. Ide\u00e1lis ablakkeretek, kapuk, korl\u00e1tok, aut\u00f3alkatr\u00e9szek, konyhai eszk\u00f6z\u00f6k \u00e9s ipari berendez\u00e9sek tiszt\u00edt\u00e1s\u00e1ra - k\u00fcl- \u00e9s belt\u00e9ren egyar\u00e1nt - an\u00e9lk\u00fcl, hogy a kezelt anyagot k\u00e1ros\u00edtan\u00e1.<\/p>\n<p><img decoding=\"async\" style=\"margin-right: 12px;\" src=\"https:\/\/www.ferberpainting.com\/wp-content\/uploads\/2026\/02\/Check.svg\" alt=\"\" width=\"18\" height=\"15\" \/><strong>K\u00f6lts\u00e9ghat\u00e9kony.<\/strong>\u00a0Az 5 literes form\u00e1tumnak \u00e9s az ultrakoncentr\u00e1lt formul\u00e1nak k\u00f6sz\u00f6nhet\u0151en ez a tiszt\u00edt\u00f3szer kiv\u00e1l\u00f3 \u00e9rt\u00e9ket biztos\u00edt. Kis mennyis\u00e9g elegend\u0151 nagy fel\u00fcletek tiszt\u00edt\u00e1s\u00e1hoz. \u00c1tlagosan 1 literrel ak\u00e1r 50 m\u00b2 alum\u00edniumfel\u00fcletet is kezelhet, \u00edgy gazdas\u00e1gos \u00e9s fenntarthat\u00f3 megold\u00e1st jelent mind a rendszeres, mind az intenz\u00edv tiszt\u00edt\u00e1shoz.<\/p>\n<p><img decoding=\"async\" style=\"margin-right: 12px;\" src=\"https:\/\/www.ferberpainting.com\/wp-content\/uploads\/2026\/02\/Check.svg\" alt=\"\" width=\"18\" height=\"15\" \/><strong>Biztons\u00e1gosan haszn\u00e1lhat\u00f3.<\/strong>\u00a0A durva k\u00e9miai tiszt\u00edt\u00f3szerekkel ellent\u00e9tben ez a term\u00e9k biztons\u00e1gos mind a fel\u00fcletek, mind a felhaszn\u00e1l\u00f3k sz\u00e1m\u00e1ra. Nem tartalmaz m\u00e9rgez\u0151 old\u00f3szereket, nem bocs\u00e1t ki k\u00e1ros g\u0151z\u00f6ket, \u00e9s biztons\u00e1gos belt\u00e9ri vagy k\u00fclt\u00e9ri haszn\u00e1latra. Az el\u0151\u00edr\u00e1soknak megfelel\u0151en haszn\u00e1lva nem korrod\u00e1lja vagy k\u00e1ros\u00edtja a kezelt anyagokat, \u00e9s meg\u0151rzi a fel\u00fclet \u00e9ps\u00e9g\u00e9t.<\/p>\n<p><img decoding=\"async\" style=\"margin-right: 12px;\" src=\"https:\/\/www.ferberpainting.com\/wp-content\/uploads\/2026\/02\/Check.svg\" alt=\"\" width=\"18\" height=\"15\" \/><strong>Egyszer\u0171 haszn\u00e1lat.<\/strong>\u00a0Ez a term\u00e9k azonnal felhaszn\u00e1lhat\u00f3, nem ig\u00e9nyel h\u00edg\u00edt\u00e1st vagy \u00f6sszetett el\u0151k\u00e9sz\u00edt\u00e9st. Csak vigye fel a fel\u00fcletre, hagyja r\u00f6vid ideig hatni, majd \u00f6bl\u00edtse le vagy t\u00f6r\u00f6lje le. Gyors \u00e9s intuit\u00edv alkalmaz\u00e1sa k\u00f6nny\u0171 \u00e9s hat\u00e9kony tiszt\u00edt\u00e1st biztos\u00edt, mind szem\u00e9lyes, mind professzion\u00e1lis haszn\u00e1latra.<\/p>\n<p><img decoding=\"async\" style=\"margin-right: 12px;\" src=\"https:\/\/www.ferberpainting.com\/wp-content\/uploads\/2026\/02\/Check.svg\" alt=\"\" width=\"18\" height=\"15\" \/><strong>Hossz\u00fa \u00e9lettartam.<\/strong>\u00a0A szennyez\u0151d\u00e9sek elt\u00e1vol\u00edt\u00e1s\u00e1val \u00e9s az oxid\u00e1ci\u00f3 megakad\u00e1lyoz\u00e1s\u00e1val ez a tiszt\u00edt\u00f3szer meghosszabb\u00edtja az alum\u00edniumfel\u00fcletek \u00e9lettartam\u00e1t. A rendszeres karbantart\u00e1s seg\u00edt elker\u00fclni a mattod\u00e1st \u00e9s a korai roml\u00e1st, biztos\u00edtva a hosszabb ideig tart\u00f3 f\u00e9nyt \u00e9s kop\u00e1s\u00e1ll\u00f3s\u00e1got.<\/p>\n<p><img decoding=\"async\" style=\"margin-right: 12px;\" src=\"https:\/\/www.ferberpainting.com\/wp-content\/uploads\/2026\/02\/Check.svg\" alt=\"\" width=\"18\" height=\"15\" \/><strong>Gyors akci\u00f3.<\/strong>\u00a0Er\u0151sen reakt\u00edv formul\u00e1j\u00e1nak k\u00f6sz\u00f6nhet\u0151en ez a tiszt\u00edt\u00f3szer azonnal hat a szennyez\u0151d\u00e9sekre \u00e9s az oxid\u00e1ci\u00f3ra. N\u00e9h\u00e1ny m\u00e1sodperc alatt feloldja a szennyez\u0151d\u00e9seket, \u00e9s gyors \u00e9s hat\u00e9kony tiszt\u00edt\u00e1st tesz lehet\u0151v\u00e9. Azonnal l\u00e1that\u00f3 eredm\u00e9nyt biztos\u00edt, \u00edgy id\u0151t \u00e9s f\u00e1rads\u00e1got takar\u00edt meg.<\/p>\n<h2><strong>Haszn\u00e1lati utas\u00edt\u00e1sok<\/strong><\/h2>\n<ul>\n<li><strong>El\u0151k\u00e9sz\u00edt\u00e9s <\/strong>: A term\u00e9k felhord\u00e1sa el\u0151tt gy\u0151z\u0151dj\u00f6n meg arr\u00f3l, hogy az alum\u00ednium fel\u00fclete mentes a port\u00f3l vagy szil\u00e1rd t\u00f6rmel\u00e9kekt\u0151l.<\/li>\n<li><strong>Alkalmaz\u00e1s <\/strong>: Vigyen fel kis mennyis\u00e9g\u0171 tiszt\u00edt\u00f3szert egy puha ruh\u00e1ra, szivacsra vagy k\u00f6zvetlen\u00fcl a fel\u00fcletre.<\/li>\n<li><strong>Tiszt\u00edt\u00e1s <\/strong>: A term\u00e9ket egyenletesen oszlassuk el, \u00e9s hagyjuk hatni 2-5 percig, hogy feloldja a szennyez\u0151d\u00e9seket \u00e9s az oxid\u00e1ci\u00f3t. Kem\u00e9ny foltok eset\u00e9n puha kef\u00e9vel vagy nem s\u00farol\u00f3 szivaccsal \u00f3vatosan s\u00farolja le.<\/li>\n<li><strong>\u00d6bl\u00edt\u00e9s <\/strong>: T\u00f6r\u00f6lje le nedves ruh\u00e1val vagy \u00f6bl\u00edtse le alaposan tiszta v\u00edzzel, hogy elt\u00e1vol\u00edtsa a marad\u00e9kot \u00e9s megakad\u00e1lyozza a cs\u00edkok kialakul\u00e1s\u00e1t.<\/li>\n<li><strong>Sz\u00e1r\u00edt\u00e1s \u00e9s pol\u00edroz\u00e1s <\/strong>: Sz\u00e1raz mikrosz\u00e1las kend\u0151vel t\u00f6r\u00f6lje \u00e1t, hogy vissza\u00e1ll\u00edtsa az alum\u00ednium term\u00e9szetes f\u00e9ny\u00e9t \u00e9s v\u00e9gleges\u00edtse az eredm\u00e9nyt.<\/li>\n<li><strong>Haszn\u00e1lati gyakoris\u00e1g <\/strong>: Alkalmazza, amint oxid\u00e1ci\u00f3 vagy mattod\u00e1s jelentkezik, vagy haszn\u00e1lja rendszeresen az alum\u00ednium f\u00e9nyess\u00e9g\u00e9nek \u00e9s tisztas\u00e1g\u00e1nak meg\u0151rz\u00e9se \u00e9rdek\u00e9ben.<\/li>\n<li><strong>T\u00e1rol\u00e1s <\/strong>: Minden haszn\u00e1lat ut\u00e1n z\u00e1rja le szorosan a tart\u00e1lyt, \u00e9s t\u00e1rolja h\u0171v\u00f6s, sz\u00e1raz, f\u00e9nyt\u0151l \u00e9s sz\u00e9ls\u0151s\u00e9ges h\u0151m\u00e9rs\u00e9klett\u0151l v\u00e9dett helyen, hogy meg\u0151rizze hat\u00e9konys\u00e1g\u00e1t.<\/li>\n<\/ul>\n<p>Alum\u00ednium tiszt\u00edt\u00f3szer\u00fcnkkel biztons\u00e1gosan \u00e9s k\u00f6nnyed\u00e9n helyre\u00e1ll\u00edthatja f\u00e9mfel\u00fcleteinek f\u00e9ny\u00e9t \u00e9s tisztas\u00e1g\u00e1t.<\/p>","protected":false},"excerpt":{"rendered":"<p>Optimal Effectiveness. This aluminium cleaner is specially designed to eliminate oxidation marks, limescale deposits, embedded dirt, and pollution residues. It restores aluminium\u2019s original shine by deep-cleaning without altering or scratching the surface. Its powerful action helps restore brilliance and cleanliness to aluminium surfaces\u2014whether raw, anodized, or lacquered. Money-back guarantee. We are confident in the effectiveness [&hellip;]<\/p>\n","protected":false},"featured_media":36582,"comment_status":"open","ping_status":"closed","template":"","meta":{"_uag_custom_page_level_css":"","site-sidebar-layout":"default","site-content-layout":"","ast-site-content-layout":"default","site-content-style":"default","site-sidebar-style":"default","ast-global-header-display":"","ast-banner-title-visibility":"","ast-main-header-display":"","ast-hfb-above-header-display":"","ast-hfb-below-header-display":"","ast-hfb-mobile-header-display":"","site-post-title":"","ast-breadcrumbs-content":"","ast-featured-img":"","footer-sml-layout":"","ast-disable-related-posts":"","theme-transparent-header-meta":"default","adv-header-id-meta":"","stick-header-meta":"","header-above-stick-meta":"","header-main-stick-meta":"","header-below-stick-meta":"","astra-migrate-meta-layouts":"set","ast-page-background-enabled":"default","ast-page-background-meta":{"desktop":{"background-color":"var(--ast-global-color-4)","background-image":"","background-repeat":"repeat","background-position":"center center","background-size":"auto","background-attachment":"scroll","background-type":"","background-media":"","overlay-type":"","overlay-color":"","overlay-opacity":"","overlay-gradient":""},"tablet":{"background-color":"","background-image":"","background-repeat":"repeat","background-position":"center center","background-size":"auto","background-attachment":"scroll","background-type":"","background-media":"","overlay-type":"","overlay-color":"","overlay-opacity":"","overlay-gradient":""},"mobile":{"background-color":"","background-image":"","background-repeat":"repeat","background-position":"center center","background-size":"auto","background-attachment":"scroll","background-type":"","background-media":"","overlay-type":"","overlay-color":"","overlay-opacity":"","overlay-gradient":""}},"ast-content-background-meta":{"desktop":{"background-color":"var(--ast-global-color-5)","background-image":"","background-repeat":"repeat","background-position":"center center","background-size":"auto","background-attachment":"scroll","background-type":"","background-media":"","overlay-type":"","overlay-color":"","overlay-opacity":"","overlay-gradient":""},"tablet":{"background-color":"var(--ast-global-color-5)","background-image":"","background-repeat":"repeat","background-position":"center center","background-size":"auto","background-attachment":"scroll","background-type":"","background-media":"","overlay-type":"","overlay-color":"","overlay-opacity":"","overlay-gradient":""},"mobile":{"background-color":"var(--ast-global-color-5)","background-image":"","background-repeat":"repeat","background-position":"center center","background-size":"auto","background-attachment":"scroll","background-type":"","background-media":"","overlay-type":"","overlay-color":"","overlay-opacity":"","overlay-gradient":""}}},"product_brand":[],"product_cat":[175],"product_tag":[],"class_list":{"0":"post-23049","1":"product","2":"type-product","3":"status-publish","4":"has-post-thumbnail","6":"product_cat-cleaning-products","7":"desktop-align-left","8":"tablet-align-left","9":"mobile-align-left","11":"first","12":"instock","13":"sale","14":"taxable","15":"shipping-taxable","16":"purchasable","17":"product-type-variable","18":"has-default-attributes"},"spectra_custom_meta":{"_visibility":["visible"],"_shopify_product_id":["9101808140533"],"_s2w_shopify_domain":["ferberpainting.myshopify.com"],"_shopify_variant_id":["46613503017205"],"_sku":["FPALUMINUMCLEANER"],"_manage_stock":["no"],"total_sales":["171"],"_tax_status":["taxable"],"_tax_class":[""],"_backorders":["no"],"_sold_individually":["no"],"_virtual":["no"],"_downloadable":["no"],"_download_limit":["-1"],"_download_expiry":["-1"],"_stock":[null],"_stock_status":["instock"],"_wc_average_rating":["5.00"],"_wc_review_count":["12"],"_product_attributes":["a:1:{s:6:\"volume\";a:6:{s:4:\"name\";s:6:\"Volume\";s:5:\"value\";s:20:\"5 liters | 25 liters\";s:8:\"position\";i:1;s:10:\"is_visible\";i:0;s:12:\"is_variation\";i:1;s:11:\"is_taxonomy\";i:0;}}"],"_product_version":["10.5.2"],"wpse_downloadable_file_names":[""],"wpse_downloadable_file_urls":[""],"_edit_last":["1"],"_default_attributes":["a:1:{s:6:\"volume\";s:8:\"5 liters\";}"],"_edit_lock":["1771954880:1"],"_price":["29.90","129.90"],"merchant-center-availability":["yes"],"merchant-center-category":["4973"],"_thumbnail_id":["36582"],"_wp_page_template":["default"],"_wp_old_date":["2025-05-26"],"_product_image_gallery":["36583"],"site-sidebar-layout":["default"],"ast-site-content-layout":["default"],"site-content-style":["default"],"site-sidebar-style":["default"],"theme-transparent-header-meta":["default"],"_wc_rating_count":["a:1:{i:5;i:12;}"],"astra-migrate-meta-layouts":["set"],"_uag_css_file_name":["uag-css-23049.css"],"_elementor_page_assets":["a:0:{}"],"_uag_page_assets":["a:9:{s:3:\"css\";s:6873:\".wp-block-uagb-image{display:flex}.wp-block-uagb-image__figure{position:relative;display:flex;flex-direction:column;max-width:100%;height:auto;margin:0}.wp-block-uagb-image__figure img{height:auto;display:flex;max-width:100%;transition:box-shadow .2s ease}.wp-block-uagb-image__figure>a{display:inline-block}.wp-block-uagb-image__figure figcaption{text-align:center;margin-top:.5em;margin-bottom:1em}.wp-block-uagb-image .components-placeholder.block-editor-media-placeholder .components-placeholder__instructions{align-self:center}.wp-block-uagb-image--align-left{text-align:left}.wp-block-uagb-image--align-right{text-align:right}.wp-block-uagb-image--align-center{text-align:center}.wp-block-uagb-image--align-full .wp-block-uagb-image__figure{margin-left:calc(50% - 50vw);margin-right:calc(50% - 50vw);max-width:100vw;width:100vw;height:auto}.wp-block-uagb-image--align-full .wp-block-uagb-image__figure img{height:auto;width:100% !important}.wp-block-uagb-image--align-wide .wp-block-uagb-image__figure img{height:auto;width:100%}.wp-block-uagb-image--layout-overlay__color-wrapper{position:absolute;left:0;top:0;right:0;bottom:0;opacity:.2;background:rgba(0,0,0,.5);transition:opacity .35s ease-in-out}.wp-block-uagb-image--layout-overlay-link{position:absolute;left:0;right:0;bottom:0;top:0}.wp-block-uagb-image--layout-overlay .wp-block-uagb-image__figure:hover .wp-block-uagb-image--layout-overlay__color-wrapper{opacity:1}.wp-block-uagb-image--layout-overlay__inner{position:absolute;left:15px;right:15px;bottom:15px;top:15px;display:flex;align-items:center;justify-content:center;flex-direction:column;border-color:#fff;transition:.35s ease-in-out}.wp-block-uagb-image--layout-overlay__inner.top-left,.wp-block-uagb-image--layout-overlay__inner.top-center,.wp-block-uagb-image--layout-overlay__inner.top-right{justify-content:flex-start}.wp-block-uagb-image--layout-overlay__inner.bottom-left,.wp-block-uagb-image--layout-overlay__inner.bottom-center,.wp-block-uagb-image--layout-overlay__inner.bottom-right{justify-content:flex-end}.wp-block-uagb-image--layout-overlay__inner.top-left,.wp-block-uagb-image--layout-overlay__inner.center-left,.wp-block-uagb-image--layout-overlay__inner.bottom-left{align-items:flex-start}.wp-block-uagb-image--layout-overlay__inner.top-right,.wp-block-uagb-image--layout-overlay__inner.center-right,.wp-block-uagb-image--layout-overlay__inner.bottom-right{align-items:flex-end}.wp-block-uagb-image--layout-overlay__inner .uagb-image-heading{color:#fff;transition:transform .35s,opacity .35s ease-in-out;transform:translate3d(0, 24px, 0);margin:0;line-height:1em}.wp-block-uagb-image--layout-overlay__inner .uagb-image-separator{width:30%;border-top-width:2px;border-top-color:#fff;border-top-style:solid;margin-bottom:10px;opacity:0;transition:transform .4s,opacity .4s ease-in-out;transform:translate3d(0, 30px, 0)}.wp-block-uagb-image--layout-overlay__inner .uagb-image-caption{opacity:0;overflow:visible;color:#fff;transition:transform .45s,opacity .45s ease-in-out;transform:translate3d(0, 35px, 0)}.wp-block-uagb-image--layout-overlay__inner:hover .uagb-image-heading,.wp-block-uagb-image--layout-overlay__inner:hover .uagb-image-separator,.wp-block-uagb-image--layout-overlay__inner:hover .uagb-image-caption{opacity:1;transform:translate3d(0, 0, 0)}.wp-block-uagb-image--effect-zoomin .wp-block-uagb-image__figure img,.wp-block-uagb-image--effect-zoomin .wp-block-uagb-image__figure .wp-block-uagb-image--layout-overlay__color-wrapper{transform:scale(1);transition:transform .35s ease-in-out}.wp-block-uagb-image--effect-zoomin .wp-block-uagb-image__figure:hover img,.wp-block-uagb-image--effect-zoomin .wp-block-uagb-image__figure:hover .wp-block-uagb-image--layout-overlay__color-wrapper{transform:scale(1.05)}.wp-block-uagb-image--effect-slide .wp-block-uagb-image__figure img,.wp-block-uagb-image--effect-slide .wp-block-uagb-image__figure .wp-block-uagb-image--layout-overlay__color-wrapper{width:calc(100% + 40px) !important;max-width:none !important;transform:translate3d(-40px, 0, 0);transition:transform .35s ease-in-out}.wp-block-uagb-image--effect-slide .wp-block-uagb-image__figure:hover img,.wp-block-uagb-image--effect-slide .wp-block-uagb-image__figure:hover .wp-block-uagb-image--layout-overlay__color-wrapper{transform:translate3d(0, 0, 0)}.wp-block-uagb-image--effect-grayscale img{filter:grayscale(0%);transition:.35s ease-in-out}.wp-block-uagb-image--effect-grayscale:hover img{filter:grayscale(100%)}.wp-block-uagb-image--effect-blur img{filter:blur(0);transition:.35s ease-in-out}.wp-block-uagb-image--effect-blur:hover img{filter:blur(3px)}.uagb-block-e6f939b3.wp-block-uagb-image--layout-default figure img{box-shadow: 0px 0px 0 #00000070;}.uagb-block-e6f939b3.wp-block-uagb-image .wp-block-uagb-image__figure figcaption{font-style: normal;align-self: center;}.uagb-block-e6f939b3.wp-block-uagb-image--layout-overlay figure img{box-shadow: 0px 0px 0 #00000070;}.uagb-block-e6f939b3.wp-block-uagb-image--layout-overlay .wp-block-uagb-image--layout-overlay__color-wrapper{opacity: 0.2;}.uagb-block-e6f939b3.wp-block-uagb-image--layout-overlay .wp-block-uagb-image--layout-overlay__inner{left: 15px;right: 15px;top: 15px;bottom: 15px;}.uagb-block-e6f939b3.wp-block-uagb-image--layout-overlay .wp-block-uagb-image--layout-overlay__inner .uagb-image-heading{font-style: normal;color: #fff;opacity: 1;}.uagb-block-e6f939b3.wp-block-uagb-image--layout-overlay .wp-block-uagb-image--layout-overlay__inner .uagb-image-heading a{color: #fff;}.uagb-block-e6f939b3.wp-block-uagb-image--layout-overlay .wp-block-uagb-image--layout-overlay__inner .uagb-image-caption{opacity: 0;}.uagb-block-e6f939b3.wp-block-uagb-image--layout-overlay .wp-block-uagb-image__figure:hover .wp-block-uagb-image--layout-overlay__color-wrapper{opacity: 1;}.uagb-block-e6f939b3.wp-block-uagb-image .wp-block-uagb-image--layout-overlay__inner .uagb-image-separator{width: 30%;border-top-width: 2px;border-top-color: #fff;opacity: 0;}.uagb-block-e6f939b3.wp-block-uagb-image .wp-block-uagb-image__figure img{width: px;height: auto;}.uagb-block-e6f939b3.wp-block-uagb-image .wp-block-uagb-image__figure:hover .wp-block-uagb-image--layout-overlay__inner .uagb-image-caption{opacity: 1;}.uagb-block-e6f939b3.wp-block-uagb-image .wp-block-uagb-image__figure:hover .wp-block-uagb-image--layout-overlay__inner .uagb-image-separator{opacity: 1;}.uagb-block-e6f939b3.wp-block-uagb-image--layout-default figure:hover img{box-shadow: 0px 0px 0 #00000070;}.uagb-block-e6f939b3.wp-block-uagb-image--layout-overlay figure:hover img{box-shadow: 0px 0px 0 #00000070;}@media only screen and (max-width: 976px) {.uagb-block-e6f939b3.wp-block-uagb-image .wp-block-uagb-image__figure img{width: px;height: auto;}}@media only screen and (max-width: 767px) {.uagb-block-e6f939b3.wp-block-uagb-image .wp-block-uagb-image__figure img{width: px;height: auto;}}\";s:2:\"js\";s:0:\"\";s:18:\"current_block_list\";a:13:{i:0;s:11:\"core\/search\";i:1;s:10:\"core\/group\";i:2;s:12:\"core\/heading\";i:3;s:17:\"core\/latest-posts\";i:4;s:20:\"core\/latest-comments\";i:5;s:13:\"core\/archives\";i:6;s:15:\"core\/categories\";i:7;s:14:\"core\/paragraph\";i:8;s:10:\"uagb\/image\";i:9;s:11:\"core\/spacer\";i:10;s:30:\"woocommerce\/product-categories\";i:11;s:10:\"core\/image\";i:12;s:14:\"core\/shortcode\";}s:8:\"uag_flag\";b:1;s:11:\"uag_version\";s:10:\"1777198139\";s:6:\"gfonts\";a:0:{}s:10:\"gfonts_url\";s:0:\"\";s:12:\"gfonts_files\";a:0:{}s:14:\"uag_faq_layout\";b:0;}"]},"uagb_featured_image_src":{"full":["https:\/\/www.ferberpainting.com\/wp-content\/uploads\/2025\/05\/Aluminum-Cleaner-5L.png",2560,2560,false],"thumbnail":["https:\/\/www.ferberpainting.com\/wp-content\/uploads\/2025\/05\/Aluminum-Cleaner-5L-150x150.png",150,150,true],"medium":["https:\/\/www.ferberpainting.com\/wp-content\/uploads\/2025\/05\/Aluminum-Cleaner-5L-300x300.png",300,300,true],"medium_large":["https:\/\/www.ferberpainting.com\/wp-content\/uploads\/2025\/05\/Aluminum-Cleaner-5L-768x768.png",768,768,true],"large":["https:\/\/www.ferberpainting.com\/wp-content\/uploads\/2025\/05\/Aluminum-Cleaner-5L-1024x1024.png",1024,1024,true],"1536x1536":["https:\/\/www.ferberpainting.com\/wp-content\/uploads\/2025\/05\/Aluminum-Cleaner-5L-1536x1536.png",1536,1536,true],"2048x2048":["https:\/\/www.ferberpainting.com\/wp-content\/uploads\/2025\/05\/Aluminum-Cleaner-5L-2048x2048.png",2048,2048,true],"trp-custom-language-flag":["https:\/\/www.ferberpainting.com\/wp-content\/uploads\/2025\/05\/Aluminum-Cleaner-5L-12x12.png",12,12,true],"woocommerce_thumbnail":["https:\/\/www.ferberpainting.com\/wp-content\/uploads\/2025\/05\/Aluminum-Cleaner-5L-300x300.png",300,300,true],"woocommerce_single":["https:\/\/www.ferberpainting.com\/wp-content\/uploads\/2025\/05\/Aluminum-Cleaner-5L-600x600.png",600,600,true],"woocommerce_gallery_thumbnail":["https:\/\/www.ferberpainting.com\/wp-content\/uploads\/2025\/05\/Aluminum-Cleaner-5L-100x100.png",100,100,true]},"uagb_author_info":{"display_name":"admin","author_link":"https:\/\/www.ferberpainting.com\/hu\/author\/"},"uagb_comment_info":12,"uagb_excerpt":"Optimal Effectiveness. This aluminium cleaner is specially designed to eliminate oxidation marks, limescale deposits, embedded dirt, and pollution residues. It restores aluminium\u2019s original shine by deep-cleaning without altering or scratching the surface. Its powerful action helps restore brilliance and cleanliness to aluminium surfaces\u2014whether raw, anodized, or lacquered. Money-back guarantee. We are confident in the effectiveness&hellip;","_links":{"self":[{"href":"https:\/\/www.ferberpainting.com\/hu\/wp-json\/wp\/v2\/product\/23049","targetHints":{"allow":["GET"]}}],"collection":[{"href":"https:\/\/www.ferberpainting.com\/hu\/wp-json\/wp\/v2\/product"}],"about":[{"href":"https:\/\/www.ferberpainting.com\/hu\/wp-json\/wp\/v2\/types\/product"}],"replies":[{"embeddable":true,"href":"https:\/\/www.ferberpainting.com\/hu\/wp-json\/wp\/v2\/comments?post=23049"}],"version-history":[{"count":8,"href":"https:\/\/www.ferberpainting.com\/hu\/wp-json\/wp\/v2\/product\/23049\/revisions"}],"predecessor-version":[{"id":166014,"href":"https:\/\/www.ferberpainting.com\/hu\/wp-json\/wp\/v2\/product\/23049\/revisions\/166014"}],"wp:featuredmedia":[{"embeddable":true,"href":"https:\/\/www.ferberpainting.com\/hu\/wp-json\/wp\/v2\/media\/36582"}],"wp:attachment":[{"href":"https:\/\/www.ferberpainting.com\/hu\/wp-json\/wp\/v2\/media?parent=23049"}],"wp:term":[{"taxonomy":"product_brand","embeddable":true,"href":"https:\/\/www.ferberpainting.com\/hu\/wp-json\/wp\/v2\/product_brand?post=23049"},{"taxonomy":"product_cat","embeddable":true,"href":"https:\/\/www.ferberpainting.com\/hu\/wp-json\/wp\/v2\/product_cat?post=23049"},{"taxonomy":"product_tag","embeddable":true,"href":"https:\/\/www.ferberpainting.com\/hu\/wp-json\/wp\/v2\/product_tag?post=23049"}],"curies":[{"name":"wp","href":"https:\/\/api.w.org\/{rel}","templated":true}]}}