{"id":23040,"date":"2025-05-26T10:22:20","date_gmt":"2025-05-26T08:22:20","guid":{"rendered":"https:\/\/www.ferberpainting.com\/products\/air-dry-clay-varnish\/"},"modified":"2026-02-24T18:40:15","modified_gmt":"2026-02-24T17:40:15","slug":"air-dry-clay-varnish","status":"publish","type":"product","link":"https:\/\/www.ferberpainting.com\/hu\/products\/air-dry-clay-varnish\/","title":{"rendered":"Leveg\u0151n sz\u00e1rad\u00f3 gyurm\u00e1hoz val\u00f3 lakk"},"content":{"rendered":"<p><img decoding=\"async\" style=\"margin-right: 12px;\" src=\"https:\/\/www.ferberpainting.com\/wp-content\/uploads\/2026\/02\/Check.svg\" alt=\"\" width=\"18\" height=\"15\" \/><strong>Optim\u00e1lis v\u00e9delem \u00e9s kivitelez\u00e9s<\/strong> <strong>\u00f6nkem\u00e9nyed\u0151 agyag.<\/strong>\u00a0Ez a kifejezetten az \u00f6nkem\u00e9nyed\u0151 agyaghoz kifejlesztett lakk tart\u00f3s, ellen\u00e1ll\u00f3 fel\u00fcletet biztos\u00edt a s\u00fct\u00e9s n\u00e9lk\u00fcl k\u00e9sz\u00fclt alkot\u00e1soknak. Hat\u00e9konyan v\u00e9di a fel\u00fcletet a nedvess\u00e9gt\u0151l, port\u00f3l \u00e9s kop\u00e1st\u00f3l, mik\u00f6zben kiemeli a modell r\u00e9szleteit \u00e9s text\u00far\u00e1it. Alkalmaz\u00e1s\u00e1t\u00f3l \u00e9s a r\u00e9tegek sz\u00e1m\u00e1t\u00f3l f\u00fcgg\u0151en szat\u00e9n, matt vagy f\u00e9nyes fel\u00fcletet biztos\u00edt.<\/p>\n<p><img decoding=\"async\" style=\"margin-right: 12px;\" src=\"https:\/\/www.ferberpainting.com\/wp-content\/uploads\/2026\/02\/Check.svg\" alt=\"\" width=\"18\" height=\"15\" \/><strong>P\u00e9nzvisszafizet\u00e9si garancia. <\/strong>Teljes m\u00e9rt\u00e9kben megb\u00edzunk az \u00f6nkem\u00e9nyed\u0151 agyaghoz tervezett lakkunkban. Ez\u00e9rt ny\u00fajtunk p\u00e9nzvisszafizet\u00e9si garanci\u00e1t. Ha a term\u00e9k az aj\u00e1nl\u00e1soknak megfelel\u0151 felvitel ut\u00e1n nem felel meg az elv\u00e1r\u00e1sainak, minden felt\u00e9tel n\u00e9lk\u00fcl k\u00e9rheti a p\u00e9nzvisszat\u00e9r\u00edt\u00e9st, \u00edgy biztos\u00edtva a gondtalan v\u00e1s\u00e1rl\u00e1st.<\/p>\n<p><img decoding=\"async\" style=\"margin-right: 12px;\" src=\"https:\/\/www.ferberpainting.com\/wp-content\/uploads\/2026\/02\/Check.svg\" alt=\"\" width=\"18\" height=\"15\" \/><strong>T\u00f6bbf\u00e9le por\u00f3zus anyaggal kompatibilis.<\/strong>\u00a0Ez a lakk nem korl\u00e1toz\u00f3dik az \u00f6nkem\u00e9nyed\u0151 agyagra; m\u00e1s por\u00f3zus anyagok, p\u00e9ld\u00e1ul gipsz, cement, terrakotta \u00e9s bizonyos term\u00e9szetes k\u00f6vek eset\u00e9ben is alkalmazhat\u00f3. Ide\u00e1lis mindenf\u00e9le k\u00e9zm\u0171ves alkot\u00e1s, szobor \u00e9s k\u00e9zzel k\u00e9sz\u00edtett d\u00edszt\u00e1rgy t\u00f6m\u00edt\u00e9s\u00e9re \u00e9s v\u00e9delm\u00e9re.<\/p>\n<p><img decoding=\"async\" style=\"margin-right: 12px;\" src=\"https:\/\/www.ferberpainting.com\/wp-content\/uploads\/2026\/02\/Check.svg\" alt=\"\" width=\"18\" height=\"15\" \/> <strong>Gazdas\u00e1gos hozam \u00e9s optimaliz\u00e1lt alkalmaz\u00e1s.<\/strong>\u00a0Koncentr\u00e1lt \u00f6sszet\u00e9tel\u00e9nek k\u00f6sz\u00f6nhet\u0151en 1 liter lakk a fel\u00fclet porozit\u00e1s\u00e1t\u00f3l \u00e9s az alkalmazott r\u00e9tegek vastags\u00e1g\u00e1t\u00f3l f\u00fcgg\u0151en 8-12 m\u00b2-t fed le. Egyetlen r\u00e9teg elegend\u0151 a j\u00f3 v\u00e9delemhez, \u00e9s a term\u00e9k enyh\u00e9n h\u00edg\u00edthat\u00f3 a jobb behatol\u00e1s \u00e9rdek\u00e9ben a nagyon nedvsz\u00edv\u00f3 fel\u00fcleteken.<\/p>\n<p><img decoding=\"async\" style=\"margin-right: 12px;\" src=\"https:\/\/www.ferberpainting.com\/wp-content\/uploads\/2026\/02\/Check.svg\" alt=\"\" width=\"18\" height=\"15\" \/><strong>Biztons\u00e1gos, nem m\u00e9rgez\u0151 term\u00e9k.<\/strong>\u00a0Ez a lakk nem tartalmaz agressz\u00edv old\u00f3szereket, \u00e9s nem bocs\u00e1t ki m\u00e9rgez\u0151 f\u00fcst\u00f6t, \u00edgy biztons\u00e1gos belt\u00e9ri \u00e9s k\u00fclt\u00e9ri haszn\u00e1latot biztos\u00edt. Szagtalan, \u00e9s z\u00e1rt helyis\u00e9gekben is alkalmazhat\u00f3 speci\u00e1lis v\u00e9d\u0151felszerel\u00e9s n\u00e9lk\u00fcl, \u00edgy ide\u00e1lis v\u00e1laszt\u00e1s m\u0171v\u00e9szek, k\u00e9zm\u0171vesek \u00e9s hobbist\u00e1k sz\u00e1m\u00e1ra.<\/p>\n<p><img decoding=\"async\" style=\"margin-right: 12px;\" src=\"https:\/\/www.ferberpainting.com\/wp-content\/uploads\/2026\/02\/Check.svg\" alt=\"\" width=\"18\" height=\"15\" \/><strong>Egyszer\u0171 felhord\u00e1s az egyenletes kivitelez\u00e9s \u00e9rdek\u00e9ben.<\/strong>\u00a0Ez a lakk haszn\u00e1latra k\u00e9sz, \u00e9s ecsettel, szivaccsal vagy puha ronggyal k\u00f6nnyen felvihet\u0151, egyenletes eloszl\u00e1st biztos\u00edt l\u00e1that\u00f3 ecsetnyomok n\u00e9lk\u00fcl. Gyorsan sz\u00e1rad, \u00e9s tov\u00e1bbi, egym\u00e1st k\u00f6vet\u0151 r\u00e9tegeket tesz lehet\u0151v\u00e9 a v\u00e9delem fokoz\u00e1s\u00e1ra vagy a fel\u00fclet k\u00edv\u00e1nt be\u00e1ll\u00edt\u00e1s\u00e1ra.<\/p>\n<p><img decoding=\"async\" style=\"margin-right: 12px;\" src=\"https:\/\/www.ferberpainting.com\/wp-content\/uploads\/2026\/02\/Check.svg\" alt=\"\" width=\"18\" height=\"15\" \/><strong>Tart\u00f3ss\u00e1g \u00e9s meger\u0151s\u00edtett ellen\u00e1ll\u00e1s az \u00d6n alkot\u00e1saihoz.<\/strong>\u00a0A felhord\u00e1s \u00e9s sz\u00e1rad\u00e1s ut\u00e1n ez a lakk hosszan tart\u00f3 v\u00e9delmet ny\u00fajt a v\u00edz, a foltok \u00e9s a mindennapi kop\u00e1s ellen, meghosszabb\u00edtva az agyagb\u00f3l k\u00e9sz\u00fclt alkot\u00e1sok tart\u00f3ss\u00e1g\u00e1t \u00e9s szil\u00e1rds\u00e1g\u00e1t. Meger\u0151s\u00edti a t\u00e1rgyak szerkezet\u00e9t is, cs\u00f6kkentve a t\u00f6r\u00e9kenys\u00e9get \u00e9s korl\u00e1tozva az id\u0151vel bek\u00f6vetkez\u0151 reped\u00e9sek kock\u00e1zat\u00e1t.<\/p>\n<p><img decoding=\"async\" style=\"margin-right: 12px;\" src=\"https:\/\/www.ferberpainting.com\/wp-content\/uploads\/2026\/02\/Check.svg\" alt=\"\" width=\"18\" height=\"15\" \/><strong>Gyors sz\u00e1rad\u00e1s az expressz kivitelez\u00e9shez.<\/strong>\u00a0Gyorsan sz\u00e1rad\u00f3 formul\u00e1j\u00e1nak k\u00f6sz\u00f6nhet\u0151en ez a lakk 30-60 perc alatt sz\u00e1rad meg a fel\u00fcleten, \u00e9s 24 \u00f3ra eltelt\u00e9vel \u00e9ri el maxim\u00e1lis szil\u00e1rds\u00e1g\u00e1t. Felgyors\u00edtja az \u00f6nkem\u00e9nyed\u0151 agyagb\u00f3l k\u00e9sz\u00fclt t\u00e1rgyak befejez\u00e9si folyamat\u00e1t, kik\u00fcsz\u00f6b\u00f6lve a hossz\u00fa v\u00e1rakoz\u00e1si id\u0151t a t\u00e1rgy kezel\u00e9se vagy ki\u00e1ll\u00edt\u00e1sa el\u0151tt.<\/p>\n<h2><strong>Haszn\u00e1lati protokoll<\/strong><\/h2>\n<ul>\n<li><strong>Fel\u00fclet el\u0151k\u00e9sz\u00edt\u00e9se <\/strong>: A lakkoz\u00e1s el\u0151tt gy\u0151z\u0151dj\u00f6n meg arr\u00f3l, hogy az \u00f6nkem\u00e9nyed\u0151 agyagfel\u00fclet teljesen sz\u00e1raz. Az optim\u00e1lis tapad\u00e1s biztos\u00edt\u00e1sa \u00e9rdek\u00e9ben t\u00e1vol\u00edtsa el a port vagy maradv\u00e1nyokat sz\u00e1raz ruh\u00e1val vagy tiszta ecsettel.<\/li>\n<li><strong>Aj\u00e1nlott lefedetts\u00e9g <\/strong>: Alkalmazzon 1 litert 8-12 m\u00b2-re, az anyag porozit\u00e1s\u00e1t\u00f3l f\u00fcgg\u0151en. Egy v\u00e9kony r\u00e9teg elegend\u0151 a fel\u00fclet v\u00e9delm\u00e9hez, b\u00e1r t\u00f6bb r\u00e9teg is fokozhatja a v\u00edzz\u00e1r\u00f3s\u00e1got \u00e9s az eszt\u00e9tikai hat\u00e1st.<\/li>\n<li><strong>A lakk felvitele <\/strong>: Vigye fel a lakkot puha ecsettel, szivaccsal vagy puha ruh\u00e1val, egyenletes mozdulatokkal, hogy egyenletesen eloszlassa a term\u00e9ket. V\u00e9kony r\u00e9tegekben dolgozzon, hogy elker\u00fclje a felesleges felrak\u00f3d\u00e1st \u00e9s homog\u00e9n fel\u00fcletet \u00e9rjen el.<\/li>\n<li><strong>Sz\u00e1rad\u00e1si id\u0151 <\/strong>: Hagyja az els\u0151 r\u00e9teget 30-60 percig sz\u00e1radni, miel\u0151tt sz\u00fcks\u00e9g eset\u00e9n egy m\u00e1sodik r\u00e9teget alkalmazna. A teljes sz\u00e1rad\u00e1s \u00e9s a maxim\u00e1lis ellen\u00e1ll\u00e1s \u00e9rdek\u00e9ben v\u00e1rjon 24 \u00f3r\u00e1t a t\u00e1rgy kezel\u00e9se vagy hosszabb ideig tart\u00f3 expoz\u00edci\u00f3 el\u0151tt.<\/li>\n<li><strong>Befejez\u00e9s be\u00e1ll\u00edt\u00e1sa <\/strong>: A f\u00e9nyesebb hat\u00e1s \u00e9rdek\u00e9ben az el\u0151z\u0151 r\u00e9teg sz\u00e1rad\u00e1sa ut\u00e1n vigyen fel egy m\u00e1sodik vagy harmadik r\u00e9teget. A matt fel\u00fclet \u00e9rdek\u00e9ben a teljes sz\u00e1rad\u00e1s ut\u00e1n az utols\u00f3 r\u00e9teget puha ruh\u00e1val enyh\u00e9n csiszolja le.<\/li>\n<li><strong>Tiszt\u00edt\u00f3eszk\u00f6z\u00f6k <\/strong>: K\u00f6zvetlen\u00fcl a felhord\u00e1s ut\u00e1n tiszt\u00edtsa meg az ecseteket, szivacsokat \u00e9s kend\u0151ket tiszta v\u00edzzel, hogy megakad\u00e1lyozza a term\u00e9k megkem\u00e9nyed\u00e9s\u00e9t az eszk\u00f6z\u00f6k\u00f6n, \u00e9s biztos\u00edtsa azok \u00fajrafelhaszn\u00e1lhat\u00f3s\u00e1g\u00e1t m\u00e1s projektekhez.<\/li>\n<\/ul>\n<p>&nbsp;<\/p>","protected":false},"excerpt":{"rendered":"<p>Optimal protection and finish for self-hardening clay.\u00a0This varnish specially designed for self-hardening clay provides a durable, resistant finish to creations made without baking. It effectively protects the surface against humidity, dust, and wear, while enhancing details and textures of the model. It offers a satin, matte, or glossy finish depending on application and the number [&hellip;]<\/p>\n","protected":false},"featured_media":23444,"comment_status":"open","ping_status":"closed","template":"","meta":{"_uag_custom_page_level_css":"","site-sidebar-layout":"default","site-content-layout":"","ast-site-content-layout":"default","site-content-style":"default","site-sidebar-style":"default","ast-global-header-display":"","ast-banner-title-visibility":"","ast-main-header-display":"","ast-hfb-above-header-display":"","ast-hfb-below-header-display":"","ast-hfb-mobile-header-display":"","site-post-title":"","ast-breadcrumbs-content":"","ast-featured-img":"","footer-sml-layout":"","ast-disable-related-posts":"","theme-transparent-header-meta":"default","adv-header-id-meta":"","stick-header-meta":"","header-above-stick-meta":"","header-main-stick-meta":"","header-below-stick-meta":"","astra-migrate-meta-layouts":"set","ast-page-background-enabled":"default","ast-page-background-meta":{"desktop":{"background-color":"var(--ast-global-color-4)","background-image":"","background-repeat":"repeat","background-position":"center center","background-size":"auto","background-attachment":"scroll","background-type":"","background-media":"","overlay-type":"","overlay-color":"","overlay-opacity":"","overlay-gradient":""},"tablet":{"background-color":"","background-image":"","background-repeat":"repeat","background-position":"center center","background-size":"auto","background-attachment":"scroll","background-type":"","background-media":"","overlay-type":"","overlay-color":"","overlay-opacity":"","overlay-gradient":""},"mobile":{"background-color":"","background-image":"","background-repeat":"repeat","background-position":"center center","background-size":"auto","background-attachment":"scroll","background-type":"","background-media":"","overlay-type":"","overlay-color":"","overlay-opacity":"","overlay-gradient":""}},"ast-content-background-meta":{"desktop":{"background-color":"var(--ast-global-color-5)","background-image":"","background-repeat":"repeat","background-position":"center center","background-size":"auto","background-attachment":"scroll","background-type":"","background-media":"","overlay-type":"","overlay-color":"","overlay-opacity":"","overlay-gradient":""},"tablet":{"background-color":"var(--ast-global-color-5)","background-image":"","background-repeat":"repeat","background-position":"center center","background-size":"auto","background-attachment":"scroll","background-type":"","background-media":"","overlay-type":"","overlay-color":"","overlay-opacity":"","overlay-gradient":""},"mobile":{"background-color":"var(--ast-global-color-5)","background-image":"","background-repeat":"repeat","background-position":"center center","background-size":"auto","background-attachment":"scroll","background-type":"","background-media":"","overlay-type":"","overlay-color":"","overlay-opacity":"","overlay-gradient":""}}},"product_brand":[],"product_cat":[190],"product_tag":[],"class_list":{"0":"post-23040","1":"product","2":"type-product","3":"status-publish","4":"has-post-thumbnail","6":"product_cat-varnish","7":"desktop-align-left","8":"tablet-align-left","9":"mobile-align-left","11":"first","12":"instock","13":"sale","14":"shipping-taxable","15":"purchasable","16":"product-type-variable","17":"has-default-attributes"},"spectra_custom_meta":{"_visibility":["visible"],"_shopify_product_id":["9060510728437"],"_s2w_shopify_domain":["ferberpainting.myshopify.com"],"_shopify_variant_id":["46483478675701"],"_sku":["FPAIRDRYCLAYVARNISH"],"_manage_stock":["no"],"total_sales":["30"],"_tax_status":["taxable"],"_tax_class":[""],"_backorders":["no"],"_sold_individually":["no"],"_virtual":["no"],"_downloadable":["no"],"_download_limit":["-1"],"_download_expiry":["-1"],"_stock":[null],"_stock_status":["instock"],"_wc_average_rating":["4.75"],"_wc_review_count":["8"],"_product_attributes":["a:1:{s:6:\"volume\";a:6:{s:4:\"name\";s:6:\"Volume\";s:5:\"value\";s:30:\"1 liter | 5 liters | 20 liters\";s:8:\"position\";i:1;s:10:\"is_visible\";i:0;s:12:\"is_variation\";i:1;s:11:\"is_taxonomy\";i:0;}}"],"_product_version":["10.5.2"],"_thumbnail_id":["23444"],"_product_image_gallery":["23496,23553"],"_edit_lock":["1771954850:1"],"_edit_last":["1"],"_wp_page_template":["default"],"site-sidebar-layout":["default"],"ast-site-content-layout":["default"],"site-content-style":["default"],"site-sidebar-style":["default"],"theme-transparent-header-meta":["default"],"wpse_downloadable_file_names":[""],"wpse_downloadable_file_urls":[""],"_default_attributes":["a:1:{s:6:\"volume\";s:7:\"1 liter\";}"],"merchant-center-availability":["yes"],"merchant-center-category":["503738"],"_price":["29.90","129.90","499.90"],"_wc_rating_count":["a:2:{i:4;i:2;i:5;i:6;}"],"astra-migrate-meta-layouts":["set"],"_uag_css_file_name":["uag-css-23040.css"],"_elementor_page_assets":["a:0:{}"],"_uag_page_assets":["a:9:{s:3:\"css\";s:7133:\".uag-blocks-common-selector{z-index:var(--z-index-desktop) !important}@media(max-width: 976px){.uag-blocks-common-selector{z-index:var(--z-index-tablet) !important}}@media(max-width: 767px){.uag-blocks-common-selector{z-index:var(--z-index-mobile) !important}}.wp-block-uagb-image{display:flex}.wp-block-uagb-image__figure{position:relative;display:flex;flex-direction:column;max-width:100%;height:auto;margin:0}.wp-block-uagb-image__figure img{height:auto;display:flex;max-width:100%;transition:box-shadow .2s ease}.wp-block-uagb-image__figure>a{display:inline-block}.wp-block-uagb-image__figure figcaption{text-align:center;margin-top:.5em;margin-bottom:1em}.wp-block-uagb-image .components-placeholder.block-editor-media-placeholder .components-placeholder__instructions{align-self:center}.wp-block-uagb-image--align-left{text-align:left}.wp-block-uagb-image--align-right{text-align:right}.wp-block-uagb-image--align-center{text-align:center}.wp-block-uagb-image--align-full .wp-block-uagb-image__figure{margin-left:calc(50% - 50vw);margin-right:calc(50% - 50vw);max-width:100vw;width:100vw;height:auto}.wp-block-uagb-image--align-full .wp-block-uagb-image__figure img{height:auto;width:100% !important}.wp-block-uagb-image--align-wide .wp-block-uagb-image__figure img{height:auto;width:100%}.wp-block-uagb-image--layout-overlay__color-wrapper{position:absolute;left:0;top:0;right:0;bottom:0;opacity:.2;background:rgba(0,0,0,.5);transition:opacity .35s ease-in-out}.wp-block-uagb-image--layout-overlay-link{position:absolute;left:0;right:0;bottom:0;top:0}.wp-block-uagb-image--layout-overlay .wp-block-uagb-image__figure:hover .wp-block-uagb-image--layout-overlay__color-wrapper{opacity:1}.wp-block-uagb-image--layout-overlay__inner{position:absolute;left:15px;right:15px;bottom:15px;top:15px;display:flex;align-items:center;justify-content:center;flex-direction:column;border-color:#fff;transition:.35s ease-in-out}.wp-block-uagb-image--layout-overlay__inner.top-left,.wp-block-uagb-image--layout-overlay__inner.top-center,.wp-block-uagb-image--layout-overlay__inner.top-right{justify-content:flex-start}.wp-block-uagb-image--layout-overlay__inner.bottom-left,.wp-block-uagb-image--layout-overlay__inner.bottom-center,.wp-block-uagb-image--layout-overlay__inner.bottom-right{justify-content:flex-end}.wp-block-uagb-image--layout-overlay__inner.top-left,.wp-block-uagb-image--layout-overlay__inner.center-left,.wp-block-uagb-image--layout-overlay__inner.bottom-left{align-items:flex-start}.wp-block-uagb-image--layout-overlay__inner.top-right,.wp-block-uagb-image--layout-overlay__inner.center-right,.wp-block-uagb-image--layout-overlay__inner.bottom-right{align-items:flex-end}.wp-block-uagb-image--layout-overlay__inner .uagb-image-heading{color:#fff;transition:transform .35s,opacity .35s ease-in-out;transform:translate3d(0, 24px, 0);margin:0;line-height:1em}.wp-block-uagb-image--layout-overlay__inner .uagb-image-separator{width:30%;border-top-width:2px;border-top-color:#fff;border-top-style:solid;margin-bottom:10px;opacity:0;transition:transform .4s,opacity .4s ease-in-out;transform:translate3d(0, 30px, 0)}.wp-block-uagb-image--layout-overlay__inner .uagb-image-caption{opacity:0;overflow:visible;color:#fff;transition:transform .45s,opacity .45s ease-in-out;transform:translate3d(0, 35px, 0)}.wp-block-uagb-image--layout-overlay__inner:hover .uagb-image-heading,.wp-block-uagb-image--layout-overlay__inner:hover .uagb-image-separator,.wp-block-uagb-image--layout-overlay__inner:hover .uagb-image-caption{opacity:1;transform:translate3d(0, 0, 0)}.wp-block-uagb-image--effect-zoomin .wp-block-uagb-image__figure img,.wp-block-uagb-image--effect-zoomin .wp-block-uagb-image__figure .wp-block-uagb-image--layout-overlay__color-wrapper{transform:scale(1);transition:transform .35s ease-in-out}.wp-block-uagb-image--effect-zoomin .wp-block-uagb-image__figure:hover img,.wp-block-uagb-image--effect-zoomin .wp-block-uagb-image__figure:hover .wp-block-uagb-image--layout-overlay__color-wrapper{transform:scale(1.05)}.wp-block-uagb-image--effect-slide .wp-block-uagb-image__figure img,.wp-block-uagb-image--effect-slide .wp-block-uagb-image__figure .wp-block-uagb-image--layout-overlay__color-wrapper{width:calc(100% + 40px) !important;max-width:none !important;transform:translate3d(-40px, 0, 0);transition:transform .35s ease-in-out}.wp-block-uagb-image--effect-slide .wp-block-uagb-image__figure:hover img,.wp-block-uagb-image--effect-slide .wp-block-uagb-image__figure:hover .wp-block-uagb-image--layout-overlay__color-wrapper{transform:translate3d(0, 0, 0)}.wp-block-uagb-image--effect-grayscale img{filter:grayscale(0%);transition:.35s ease-in-out}.wp-block-uagb-image--effect-grayscale:hover img{filter:grayscale(100%)}.wp-block-uagb-image--effect-blur img{filter:blur(0);transition:.35s ease-in-out}.wp-block-uagb-image--effect-blur:hover img{filter:blur(3px)}.uagb-block-e6f939b3.wp-block-uagb-image--layout-default figure img{box-shadow: 0px 0px 0 #00000070;}.uagb-block-e6f939b3.wp-block-uagb-image .wp-block-uagb-image__figure figcaption{font-style: normal;align-self: center;}.uagb-block-e6f939b3.wp-block-uagb-image--layout-overlay figure img{box-shadow: 0px 0px 0 #00000070;}.uagb-block-e6f939b3.wp-block-uagb-image--layout-overlay .wp-block-uagb-image--layout-overlay__color-wrapper{opacity: 0.2;}.uagb-block-e6f939b3.wp-block-uagb-image--layout-overlay .wp-block-uagb-image--layout-overlay__inner{left: 15px;right: 15px;top: 15px;bottom: 15px;}.uagb-block-e6f939b3.wp-block-uagb-image--layout-overlay .wp-block-uagb-image--layout-overlay__inner .uagb-image-heading{font-style: normal;color: #fff;opacity: 1;}.uagb-block-e6f939b3.wp-block-uagb-image--layout-overlay .wp-block-uagb-image--layout-overlay__inner .uagb-image-heading a{color: #fff;}.uagb-block-e6f939b3.wp-block-uagb-image--layout-overlay .wp-block-uagb-image--layout-overlay__inner .uagb-image-caption{opacity: 0;}.uagb-block-e6f939b3.wp-block-uagb-image--layout-overlay .wp-block-uagb-image__figure:hover .wp-block-uagb-image--layout-overlay__color-wrapper{opacity: 1;}.uagb-block-e6f939b3.wp-block-uagb-image .wp-block-uagb-image--layout-overlay__inner .uagb-image-separator{width: 30%;border-top-width: 2px;border-top-color: #fff;opacity: 0;}.uagb-block-e6f939b3.wp-block-uagb-image .wp-block-uagb-image__figure img{width: px;height: auto;}.uagb-block-e6f939b3.wp-block-uagb-image .wp-block-uagb-image__figure:hover .wp-block-uagb-image--layout-overlay__inner .uagb-image-caption{opacity: 1;}.uagb-block-e6f939b3.wp-block-uagb-image .wp-block-uagb-image__figure:hover .wp-block-uagb-image--layout-overlay__inner .uagb-image-separator{opacity: 1;}.uagb-block-e6f939b3.wp-block-uagb-image--layout-default figure:hover img{box-shadow: 0px 0px 0 #00000070;}.uagb-block-e6f939b3.wp-block-uagb-image--layout-overlay figure:hover img{box-shadow: 0px 0px 0 #00000070;}@media only screen and (max-width: 976px) {.uagb-block-e6f939b3.wp-block-uagb-image .wp-block-uagb-image__figure img{width: px;height: auto;}}@media only screen and (max-width: 767px) {.uagb-block-e6f939b3.wp-block-uagb-image .wp-block-uagb-image__figure img{width: px;height: auto;}}\";s:2:\"js\";s:0:\"\";s:18:\"current_block_list\";a:13:{i:0;s:11:\"core\/search\";i:1;s:10:\"core\/group\";i:2;s:12:\"core\/heading\";i:3;s:17:\"core\/latest-posts\";i:4;s:20:\"core\/latest-comments\";i:5;s:13:\"core\/archives\";i:6;s:15:\"core\/categories\";i:7;s:14:\"core\/paragraph\";i:8;s:10:\"uagb\/image\";i:9;s:11:\"core\/spacer\";i:10;s:30:\"woocommerce\/product-categories\";i:11;s:10:\"core\/image\";i:12;s:14:\"core\/shortcode\";}s:8:\"uag_flag\";b:1;s:11:\"uag_version\";s:10:\"1777099223\";s:6:\"gfonts\";a:0:{}s:10:\"gfonts_url\";s:0:\"\";s:12:\"gfonts_files\";a:0:{}s:14:\"uag_faq_layout\";b:0;}"]},"uagb_featured_image_src":{"full":["https:\/\/www.ferberpainting.com\/wp-content\/uploads\/2025\/05\/Air-DryClayVarnish_1L.png",2560,2276,false],"thumbnail":["https:\/\/www.ferberpainting.com\/wp-content\/uploads\/2025\/05\/Air-DryClayVarnish_1L-150x150.png",150,150,true],"medium":["https:\/\/www.ferberpainting.com\/wp-content\/uploads\/2025\/05\/Air-DryClayVarnish_1L-300x267.png",300,267,true],"medium_large":["https:\/\/www.ferberpainting.com\/wp-content\/uploads\/2025\/05\/Air-DryClayVarnish_1L-768x683.png",768,683,true],"large":["https:\/\/www.ferberpainting.com\/wp-content\/uploads\/2025\/05\/Air-DryClayVarnish_1L-1024x910.png",1024,910,true],"1536x1536":["https:\/\/www.ferberpainting.com\/wp-content\/uploads\/2025\/05\/Air-DryClayVarnish_1L-1536x1366.png",1536,1366,true],"2048x2048":["https:\/\/www.ferberpainting.com\/wp-content\/uploads\/2025\/05\/Air-DryClayVarnish_1L-2048x1821.png",2048,1821,true],"trp-custom-language-flag":["https:\/\/www.ferberpainting.com\/wp-content\/uploads\/2025\/05\/Air-DryClayVarnish_1L-13x12.png",13,12,true],"woocommerce_thumbnail":["https:\/\/www.ferberpainting.com\/wp-content\/uploads\/2025\/05\/Air-DryClayVarnish_1L-300x300.png",300,300,true],"woocommerce_single":["https:\/\/www.ferberpainting.com\/wp-content\/uploads\/2025\/05\/Air-DryClayVarnish_1L-600x533.png",600,533,true],"woocommerce_gallery_thumbnail":["https:\/\/www.ferberpainting.com\/wp-content\/uploads\/2025\/05\/Air-DryClayVarnish_1L-100x100.png",100,100,true]},"uagb_author_info":{"display_name":"admin","author_link":"https:\/\/www.ferberpainting.com\/hu\/author\/"},"uagb_comment_info":8,"uagb_excerpt":"Optimal protection and finish for self-hardening clay.\u00a0This varnish specially designed for self-hardening clay provides a durable, resistant finish to creations made without baking. It effectively protects the surface against humidity, dust, and wear, while enhancing details and textures of the model. It offers a satin, matte, or glossy finish depending on application and the number&hellip;","_links":{"self":[{"href":"https:\/\/www.ferberpainting.com\/hu\/wp-json\/wp\/v2\/product\/23040","targetHints":{"allow":["GET"]}}],"collection":[{"href":"https:\/\/www.ferberpainting.com\/hu\/wp-json\/wp\/v2\/product"}],"about":[{"href":"https:\/\/www.ferberpainting.com\/hu\/wp-json\/wp\/v2\/types\/product"}],"replies":[{"embeddable":true,"href":"https:\/\/www.ferberpainting.com\/hu\/wp-json\/wp\/v2\/comments?post=23040"}],"version-history":[{"count":6,"href":"https:\/\/www.ferberpainting.com\/hu\/wp-json\/wp\/v2\/product\/23040\/revisions"}],"predecessor-version":[{"id":166007,"href":"https:\/\/www.ferberpainting.com\/hu\/wp-json\/wp\/v2\/product\/23040\/revisions\/166007"}],"wp:featuredmedia":[{"embeddable":true,"href":"https:\/\/www.ferberpainting.com\/hu\/wp-json\/wp\/v2\/media\/23444"}],"wp:attachment":[{"href":"https:\/\/www.ferberpainting.com\/hu\/wp-json\/wp\/v2\/media?parent=23040"}],"wp:term":[{"taxonomy":"product_brand","embeddable":true,"href":"https:\/\/www.ferberpainting.com\/hu\/wp-json\/wp\/v2\/product_brand?post=23040"},{"taxonomy":"product_cat","embeddable":true,"href":"https:\/\/www.ferberpainting.com\/hu\/wp-json\/wp\/v2\/product_cat?post=23040"},{"taxonomy":"product_tag","embeddable":true,"href":"https:\/\/www.ferberpainting.com\/hu\/wp-json\/wp\/v2\/product_tag?post=23040"}],"curies":[{"name":"wp","href":"https:\/\/api.w.org\/{rel}","templated":true}]}}