{"id":23033,"date":"2025-05-26T10:22:18","date_gmt":"2025-05-26T08:22:18","guid":{"rendered":"https:\/\/www.ferberpainting.com\/products\/5-in-1-leather-restorer\/"},"modified":"2026-02-24T18:38:30","modified_gmt":"2026-02-24T17:38:30","slug":"5-in-1-leather-restorer","status":"publish","type":"product","link":"https:\/\/www.ferberpainting.com\/hu\/products\/5-in-1-leather-restorer\/","title":{"rendered":"B\u0151rrestaur\u00e1l\u00f3"},"content":{"rendered":"<p><img decoding=\"async\" style=\"margin-right: 12px;\" src=\"https:\/\/www.ferberpainting.com\/wp-content\/uploads\/2026\/02\/Check.svg\" alt=\"\" width=\"18\" height=\"15\" \/><strong>Vissza\u00e1ll\u00edtja a kifakult \u00e9s kopott b\u0151r eredeti gazdags\u00e1g\u00e1t \u00e9s eleganci\u00e1j\u00e1t.<\/strong> B\u0151rrestaur\u00e1torunkat kifejezetten a f\u00e1radt, elsz\u00ednez\u0151d\u00f6tt \u00e9s el\u00f6regedett b\u0151rfel\u00fcletek \u00fajj\u00e1\u00e9leszt\u00e9s\u00e9re fejlesztett\u00fck ki, visszaadva azok term\u00e9szetes m\u00e9lys\u00e9g\u00e9t, rugalmass\u00e1g\u00e1t \u00e9s kifinomult megjelen\u00e9s\u00e9t. Id\u0151vel a b\u0151r a s\u00farl\u00f3d\u00e1s, a napf\u00e9ny, a sz\u00e1razs\u00e1g \u00e9s a mindennapi haszn\u00e1lat miatt elvesz\u00edtheti sz\u00ednintenzit\u00e1s\u00e1t \u00e9s sima text\u00far\u00e1j\u00e1t. Ez a fejlett formula m\u00e9lyen behatol az anyagba, hogy megfiatal\u00edtsa a megjelen\u00e9s\u00e9t, mik\u00f6zben meg\u0151rzi autentikus jelleg\u00e9t, \u00edgy az \u00f6reg b\u0151r \u00fajra meg\u00fajul \u00e9s \u00e1poltnak t\u0171nik.<\/p>\n<p><strong><img decoding=\"async\" style=\"margin-right: 12px;\" src=\"https:\/\/www.ferberpainting.com\/wp-content\/uploads\/2026\/02\/Check.svg\" alt=\"\" width=\"18\" height=\"15\" \/>A leghat\u00e9konyabb b\u0151rrestaur\u00e1l\u00e1si megold\u00e1s a piacon.<\/strong> A hagyom\u00e1nyos kondicion\u00e1l\u00f3szerekkel vagy fel\u00fcletes pol\u00edroz\u00f3kkal ellent\u00e9tben b\u0151rrestaur\u00e1torunk m\u00e9lyebb szinten fejti ki hat\u00e1s\u00e1t, hogy helyre\u00e1ll\u00edtsa a sz\u00ednegyenletess\u00e9get, cs\u00f6kkentse a karcol\u00e1sok megjelen\u00e9s\u00e9t \u00e9s jav\u00edtsa az \u00e1ltal\u00e1nos text\u00far\u00e1t. Nagy teljes\u00edtm\u00e9ny\u0171 \u00f6sszet\u00e9tele m\u00e1r az els\u0151 alkalmaz\u00e1st\u00f3l kezdve l\u00e1that\u00f3 eredm\u00e9nyt biztos\u00edt, \u00e9s olyan professzion\u00e1lis min\u0151s\u00e9g\u0171 fel\u00fcletet biztos\u00edt, amely tart\u00f3ss\u00e1g\u00e1ban \u00e9s hat\u00e9konys\u00e1g\u00e1ban kiemelkedik.<\/p>\n<p><strong><img decoding=\"async\" style=\"margin-right: 12px;\" src=\"https:\/\/www.ferberpainting.com\/wp-content\/uploads\/2026\/02\/Check.svg\" alt=\"\" width=\"18\" height=\"15\" \/>P\u00e9nzvisszafizet\u00e9si garancia a teljes nyugalom\u00e9rt.<\/strong> Teljes bizalommal \u00e1llunk b\u0151rrestaur\u00e1torunk min\u0151s\u00e9ge m\u00f6g\u00f6tt. Ha nem teljesen el\u00e9gedett az eredm\u00e9nnyel, teljes visszat\u00e9r\u00edt\u00e9st k\u00edn\u00e1lunk. Ez a p\u00e9nzvisszafizet\u00e9si garancia biztos\u00edtja, hogy v\u00e1s\u00e1rl\u00e1sa teljesen kock\u00e1zatmentes, \u00e9s bizony\u00edtja elk\u00f6telezetts\u00e9g\u00fcnket a kiv\u00e9teles teljes\u00edtm\u00e9ny \u00e9s a v\u00e1s\u00e1rl\u00f3i el\u00e9gedetts\u00e9g ir\u00e1nt.<\/p>\n<p><strong><img decoding=\"async\" style=\"margin-right: 12px;\" src=\"https:\/\/www.ferberpainting.com\/wp-content\/uploads\/2026\/02\/Check.svg\" alt=\"\" width=\"18\" height=\"15\" \/>A legolcs\u00f3bb professzion\u00e1lis b\u0151rrestaur\u00e1tor.<\/strong> A kiv\u00e1l\u00f3 min\u0151s\u00e9gnek nem kell magas \u00e1rat fizetnie. B\u0151rrestaur\u00e1torunk egyes\u00edti a professzion\u00e1lis szint\u0171 teljes\u00edtm\u00e9nyt a piacon el\u00e9rhet\u0151 legversenyk\u00e9pesebb \u00e1rakkal. A dr\u00e1ga restaur\u00e1l\u00e1si szolg\u00e1ltat\u00e1sokkal vagy pr\u00e9mium m\u00e1rk\u00e1j\u00fa alternat\u00edv\u00e1kkal \u00f6sszehasonl\u00edtva term\u00e9k\u00fcnk kiemelked\u0151 \u00e9rt\u00e9ket k\u00edn\u00e1l, mik\u00f6zben egyen\u00e9rt\u00e9k\u0171 vagy kiv\u00e1l\u00f3 eredm\u00e9nyt ny\u00fajt.<\/p>\n<p><strong><img decoding=\"async\" style=\"margin-right: 12px;\" src=\"https:\/\/www.ferberpainting.com\/wp-content\/uploads\/2026\/02\/Check.svg\" alt=\"\" width=\"18\" height=\"15\" \/>24 \u00f3r\u00e1s sz\u00e1ll\u00edt\u00e1s az azonnali helyre\u00e1ll\u00edt\u00e1si ig\u00e9nyekhez.<\/strong> Ha b\u0151rb\u00fatorai, aut\u00f3\u00fcl\u00e9sei vagy tartoz\u00e9kai figyelmet ig\u00e9nyelnek, nem szabad v\u00e1rnia. Ez\u00e9rt k\u00edn\u00e1lunk k\u00f6vetkezetesen 24 \u00f3r\u00e1s kisz\u00e1ll\u00edt\u00e1st. Megrendel\u00e9s\u00e9t gyorsan feldolgozzuk \u00e9s k\u00e9sedelem n\u00e9lk\u00fcl elk\u00fcldj\u00fck, hogy \u00d6n a lehet\u0151 leghamarabb helyre\u00e1ll\u00edthassa \u00e9s megv\u00e9dhesse b\u0151rfel\u00fcleteit.<\/p>\n<p><strong><img decoding=\"async\" style=\"margin-right: 12px;\" src=\"https:\/\/www.ferberpainting.com\/wp-content\/uploads\/2026\/02\/Check.svg\" alt=\"\" width=\"18\" height=\"15\" \/>Kiv\u00e1l\u00f3 fed\u0151k\u00e9pess\u00e9g, literenk\u00e9nt ak\u00e1r 20 m\u00b2.<\/strong> B\u0151rrestaur\u00e1torunk literenk\u00e9nt ak\u00e1r 20 n\u00e9gyzetm\u00e9teres lefedetts\u00e9g\u00e9vel kiv\u00e9teles hat\u00e9konys\u00e1got \u00e9s \u00e9rt\u00e9ket biztos\u00edt. Ez a b\u0151s\u00e9ges lefedetts\u00e9g alkalmass\u00e1 teszi t\u00f6bb t\u00e1rgy, p\u00e9ld\u00e1ul kanap\u00e9k, fotelek, aut\u00f3bels\u0151k, kab\u00e1tok vagy t\u00e1sk\u00e1k kezel\u00e9s\u00e9re, mik\u00f6zben minimaliz\u00e1lja a term\u00e9khullad\u00e9kot \u00e9s maximaliz\u00e1lja a teljes\u00edtm\u00e9nyt.<\/p>\n<p><strong><img decoding=\"async\" style=\"margin-right: 12px;\" src=\"https:\/\/www.ferberpainting.com\/wp-content\/uploads\/2026\/02\/Check.svg\" alt=\"\" width=\"18\" height=\"15\" \/>T\u00e1pl\u00e1lja \u00e9s v\u00e9di a b\u0151rsz\u00e1lakat.<\/strong> A megjelen\u00e9s helyre\u00e1ll\u00edt\u00e1s\u00e1n t\u00fal a formula seg\u00edt t\u00e1pl\u00e1lni a b\u0151rsz\u00e1lakat, megel\u0151zve a kisz\u00e1rad\u00e1st \u00e9s a repedez\u00e9st. Olyan v\u00e9d\u0151g\u00e1tat hoz l\u00e9tre, amely cs\u00f6kkenti a s\u00farl\u00f3d\u00e1s, a kisebb kop\u00e1sok \u00e9s a k\u00f6rnyezeti stressz hat\u00e1sait. A helyre\u00e1ll\u00edt\u00e1s \u00e9s a v\u00e9delem e kett\u0151s hat\u00e1sa jelent\u0151sen meghosszabb\u00edtja a b\u0151rfel\u00fcletek \u00e9lettartam\u00e1t.<\/p>\n<p><strong><img decoding=\"async\" style=\"margin-right: 12px;\" src=\"https:\/\/www.ferberpainting.com\/wp-content\/uploads\/2026\/02\/Check.svg\" alt=\"\" width=\"18\" height=\"15\" \/>Fokozza a term\u00e9szetes text\u00far\u00e1t mesters\u00e9ges csillog\u00e1s n\u00e9lk\u00fcl.<\/strong> B\u0151rrestaur\u00e1torunk tiszteletben tartja a b\u0151r autentikus megjelen\u00e9s\u00e9t \u00e9s tapint\u00e1s\u00e1t. Kiemeli az anyag term\u00e9szetes szemcs\u00e9zetts\u00e9g\u00e9t \u00e9s sz\u00ednm\u00e9lys\u00e9g\u00e9t an\u00e9lk\u00fcl, hogy t\u00fals\u00e1gosan f\u00e9nyes vagy ragacsos fel\u00fcletet hagyna maga ut\u00e1n. Az eredm\u00e9ny egy sima, rugalmas fel\u00fclet, amely term\u00e9szetesnek, kifinomultnak \u00e9s szakszer\u0171en karbantartottnak t\u0171nik.<\/p>\n<p><strong><img decoding=\"async\" style=\"margin-right: 12px;\" src=\"https:\/\/www.ferberpainting.com\/wp-content\/uploads\/2026\/02\/Check.svg\" alt=\"\" width=\"18\" height=\"15\" \/>Sokoldal\u00faan haszn\u00e1lhat\u00f3 t\u00f6bb b\u0151rfel\u00fcleten.<\/strong> Ez a term\u00e9k alkalmas kanap\u00e9khoz, fotelekhez, aut\u00f3\u00fcl\u00e9sekhez, k\u00e9zit\u00e1sk\u00e1khoz, kab\u00e1tokhoz, \u00f6vekhez \u00e9s m\u00e1s sima b\u0151r\u00e1rukhoz. K\u00f6nnyen alkalmazkodik mind a lak\u00f3-, mind az aut\u00f3ipari k\u00f6rnyezethez, \u00edgy \u00e1tfog\u00f3 megold\u00e1st jelent mindenf\u00e9le b\u0151r\u00e1ru karbantart\u00e1s\u00e1ra \u00e9s helyre\u00e1ll\u00edt\u00e1s\u00e1ra.<\/p>\n<p><strong><img decoding=\"async\" style=\"margin-right: 12px;\" src=\"https:\/\/www.ferberpainting.com\/wp-content\/uploads\/2026\/02\/Check.svg\" alt=\"\" width=\"18\" height=\"15\" \/>Egyszer\u0171 \u00e9s biztons\u00e1gos alkalmaz\u00e1s szakemberek \u00e9s mag\u00e1nszem\u00e9lyek sz\u00e1m\u00e1ra.<\/strong> Egyszer\u0171 haszn\u00e1latra tervezett b\u0151rrestaur\u00e1torunk nem ig\u00e9nyel speci\u00e1lis felszerel\u00e9st. Ak\u00e1r professzion\u00e1lis b\u0151rd\u00edszm\u0171ves, ak\u00e1r h\u00e1ztulajdonos, egyszer\u0171 eszk\u00f6z\u00f6kkel \u00e9s minim\u00e1lis er\u0151fesz\u00edt\u00e9ssel egyenletes \u00e9s kiv\u00e1l\u00f3 min\u0151s\u00e9g\u0171 eredm\u00e9nyt \u00e9rhet el. Az egy\u00e9rtelm\u0171 alkalmaz\u00e1si ir\u00e1nyelvek minden alkalommal egyenletes helyre\u00e1ll\u00edt\u00e1st biztos\u00edtanak.<\/p>\n<h2><strong>Utas\u00edt\u00e1sok<\/strong><\/h2>\n<ul>\n<li>Alkalmaz\u00e1s el\u0151tt gy\u0151z\u0151dj\u00f6n meg arr\u00f3l, hogy a b\u0151rfel\u00fclet tiszta \u00e9s sz\u00e1raz. A port \u00e9s a szennyez\u0151d\u00e9seket puha ruh\u00e1val \u00e9s sz\u00fcks\u00e9g eset\u00e9n megfelel\u0151 b\u0151rtiszt\u00edt\u00f3szerrel t\u00e1vol\u00edtsa el. Hagyja a fel\u00fcletet teljesen megsz\u00e1radni.<\/li>\n<li>Haszn\u00e1lat el\u0151tt j\u00f3l r\u00e1zza fel a tart\u00e1lyt, hogy a hat\u00f3anyagok egyenletesen eloszoljanak.<\/li>\n<li>Vigyen fel kis mennyis\u00e9g\u0171 b\u0151rrestaur\u00e1l\u00f3t egy tiszta, puha ruh\u00e1ra vagy szivacsra, ne pedig k\u00f6zvetlen\u00fcl a b\u0151rre.<\/li>\n<li>Finom, k\u00f6rk\u00f6r\u00f6s mozdulatokkal egyenletesen oszlassuk el a fel\u00fcleten, biztos\u00edtva, hogy v\u00e9kony \u00e9s egyenletes r\u00e9teg legyen. Ker\u00fclje a t\u00falzott felhord\u00e1st.<\/li>\n<li>Tartsa tiszteletben a literenk\u00e9nti kb. 20 m\u00b2-es fed\u00e9si ar\u00e1nyt. Az aj\u00e1nlott \u00e1tlagos adagol\u00e1s k\u00f6r\u00fclbel\u00fcl 50 ml\/n\u00e9gyzetm\u00e9ter, a b\u0151r nedvsz\u00edv\u00f3 k\u00e9pess\u00e9g\u00e9t\u0151l \u00e9s \u00e1llapot\u00e1t\u00f3l f\u00fcgg\u0151en.<\/li>\n<li>Hagyja, hogy a term\u00e9k n\u00e9h\u00e1ny percig behatoljon a b\u0151rbe, hogy a t\u00e1pl\u00e1l\u00f3 \u00f6sszetev\u0151k hat\u00e9konyan tudjanak hatni.<\/li>\n<li>Egy tiszta, sz\u00e1raz mikrosz\u00e1las kend\u0151vel enyh\u00e9n d\u00f6rzs\u00f6lje le, hogy egyenletes fel\u00fcletet kapjon, \u00e9s helyre\u00e1ll\u00edtsa a term\u00e9szetes puhas\u00e1got.<\/li>\n<li>Er\u0151sen kifakult vagy kopott ter\u00fcletek eset\u00e9n vigyen fel egy m\u00e1sodik v\u00e9kony r\u00e9teget, miut\u00e1n az els\u0151 r\u00e9teg teljesen megsz\u00e1radt.<\/li>\n<li>Az optim\u00e1lis felsz\u00edv\u00f3d\u00e1s \u00e9s tart\u00f3ss\u00e1g \u00e9rdek\u00e9ben intenz\u00edv haszn\u00e1lat el\u0151tt hagyja a kezelt fel\u00fcletet n\u00e9h\u00e1ny \u00f3r\u00e1t pihenni.<\/li>\n<li>A folyamatos karbantart\u00e1s \u00e9rdek\u00e9ben rendszeresen tiszt\u00edtsa a b\u0151rt a megfelel\u0151 term\u00e9kekkel, \u00e9s a sz\u00ednm\u00e9lys\u00e9g \u00e9s rugalmass\u00e1g meg\u0151rz\u00e9se \u00e9rdek\u00e9ben rendszeresen alkalmazza \u00fajra a restaur\u00e1l\u00f3szert.<\/li>\n<li>A term\u00e9ket h\u0171v\u00f6s, sz\u00e1raz, k\u00f6zvetlen napf\u00e9nyt\u0151l v\u00e9dett helyen t\u00e1rolja, \u00e9s minden haszn\u00e1lat ut\u00e1n gondoskodjon arr\u00f3l, hogy a tart\u00e1ly szorosan z\u00e1rva legyen.<\/li>\n<\/ul>\n<p>&nbsp;<\/p>\n<p>&nbsp;<\/p>","protected":false},"excerpt":{"rendered":"<p>Restore faded and worn leather to its original richness and elegance. Our leather restorer is specially formulated to revive tired, discolored, and aged leather surfaces, bringing back their natural depth, suppleness, and refined appearance. Over time, leather can lose its color intensity and smooth texture due to friction, sunlight, dryness, and daily use. This advanced [&hellip;]<\/p>\n","protected":false},"featured_media":23109,"comment_status":"open","ping_status":"closed","template":"","meta":{"_uag_custom_page_level_css":"","site-sidebar-layout":"default","site-content-layout":"","ast-site-content-layout":"default","site-content-style":"default","site-sidebar-style":"default","ast-global-header-display":"","ast-banner-title-visibility":"","ast-main-header-display":"","ast-hfb-above-header-display":"","ast-hfb-below-header-display":"","ast-hfb-mobile-header-display":"","site-post-title":"","ast-breadcrumbs-content":"","ast-featured-img":"","footer-sml-layout":"","ast-disable-related-posts":"","theme-transparent-header-meta":"default","adv-header-id-meta":"","stick-header-meta":"","header-above-stick-meta":"","header-main-stick-meta":"","header-below-stick-meta":"","astra-migrate-meta-layouts":"set","ast-page-background-enabled":"default","ast-page-background-meta":{"desktop":{"background-color":"var(--ast-global-color-4)","background-image":"","background-repeat":"repeat","background-position":"center center","background-size":"auto","background-attachment":"scroll","background-type":"","background-media":"","overlay-type":"","overlay-color":"","overlay-opacity":"","overlay-gradient":""},"tablet":{"background-color":"","background-image":"","background-repeat":"repeat","background-position":"center center","background-size":"auto","background-attachment":"scroll","background-type":"","background-media":"","overlay-type":"","overlay-color":"","overlay-opacity":"","overlay-gradient":""},"mobile":{"background-color":"","background-image":"","background-repeat":"repeat","background-position":"center center","background-size":"auto","background-attachment":"scroll","background-type":"","background-media":"","overlay-type":"","overlay-color":"","overlay-opacity":"","overlay-gradient":""}},"ast-content-background-meta":{"desktop":{"background-color":"var(--ast-global-color-5)","background-image":"","background-repeat":"repeat","background-position":"center center","background-size":"auto","background-attachment":"scroll","background-type":"","background-media":"","overlay-type":"","overlay-color":"","overlay-opacity":"","overlay-gradient":""},"tablet":{"background-color":"var(--ast-global-color-5)","background-image":"","background-repeat":"repeat","background-position":"center center","background-size":"auto","background-attachment":"scroll","background-type":"","background-media":"","overlay-type":"","overlay-color":"","overlay-opacity":"","overlay-gradient":""},"mobile":{"background-color":"var(--ast-global-color-5)","background-image":"","background-repeat":"repeat","background-position":"center center","background-size":"auto","background-attachment":"scroll","background-type":"","background-media":"","overlay-type":"","overlay-color":"","overlay-opacity":"","overlay-gradient":""}}},"product_brand":[],"product_cat":[175],"product_tag":[],"class_list":{"0":"post-23033","1":"product","2":"type-product","3":"status-publish","4":"has-post-thumbnail","6":"product_cat-cleaning-products","7":"desktop-align-left","8":"tablet-align-left","9":"mobile-align-left","11":"first","12":"instock","13":"sale","14":"taxable","15":"shipping-taxable","16":"purchasable","17":"product-type-variable","18":"has-default-attributes"},"spectra_custom_meta":{"_visibility":["visible"],"_shopify_product_id":["7955505414389"],"_s2w_shopify_domain":["ferberpainting.myshopify.com"],"_shopify_variant_id":["43515589787893"],"_manage_stock":["no"],"total_sales":["59"],"_tax_status":["taxable"],"_tax_class":[""],"_backorders":["no"],"_sold_individually":["no"],"_virtual":["no"],"_downloadable":["no"],"_download_limit":["-1"],"_download_expiry":["-1"],"_stock":[null],"_stock_status":["instock"],"_wc_average_rating":["4.93"],"_wc_review_count":["54"],"_product_attributes":["a:1:{s:6:\"volume\";a:6:{s:4:\"name\";s:6:\"Volume\";s:5:\"value\";s:30:\"1 liter | 5 liters | 25 liters\";s:8:\"position\";i:1;s:10:\"is_visible\";i:0;s:12:\"is_variation\";i:1;s:11:\"is_taxonomy\";i:0;}}"],"_product_version":["10.5.2"],"_thumbnail_id":["23109"],"_product_image_gallery":["23146,23190"],"_edit_lock":["1771954795:1"],"_default_attributes":["a:1:{s:6:\"volume\";s:7:\"1 liter\";}"],"merchant-center-availability":["yes"],"merchant-center-category":["8043"],"merchant-center-id":["5I1LR"],"_edit_last":["1"],"_wp_page_template":["default"],"site-sidebar-layout":["default"],"ast-site-content-layout":["default"],"site-content-style":["default"],"site-sidebar-style":["default"],"theme-transparent-header-meta":["default"],"_price":["29.90","49.90","129.90"],"_wc_rating_count":["a:2:{i:4;i:4;i:5;i:50;}"],"astra-migrate-meta-layouts":["set"],"_sku":["FP51LEATHERRESTORER"],"_uag_css_file_name":["uag-css-23033.css"],"_elementor_page_assets":["a:0:{}"],"_uag_page_assets":["a:9:{s:3:\"css\";s:6873:\".wp-block-uagb-image{display:flex}.wp-block-uagb-image__figure{position:relative;display:flex;flex-direction:column;max-width:100%;height:auto;margin:0}.wp-block-uagb-image__figure img{height:auto;display:flex;max-width:100%;transition:box-shadow .2s ease}.wp-block-uagb-image__figure>a{display:inline-block}.wp-block-uagb-image__figure figcaption{text-align:center;margin-top:.5em;margin-bottom:1em}.wp-block-uagb-image .components-placeholder.block-editor-media-placeholder .components-placeholder__instructions{align-self:center}.wp-block-uagb-image--align-left{text-align:left}.wp-block-uagb-image--align-right{text-align:right}.wp-block-uagb-image--align-center{text-align:center}.wp-block-uagb-image--align-full .wp-block-uagb-image__figure{margin-left:calc(50% - 50vw);margin-right:calc(50% - 50vw);max-width:100vw;width:100vw;height:auto}.wp-block-uagb-image--align-full .wp-block-uagb-image__figure img{height:auto;width:100% !important}.wp-block-uagb-image--align-wide .wp-block-uagb-image__figure img{height:auto;width:100%}.wp-block-uagb-image--layout-overlay__color-wrapper{position:absolute;left:0;top:0;right:0;bottom:0;opacity:.2;background:rgba(0,0,0,.5);transition:opacity .35s ease-in-out}.wp-block-uagb-image--layout-overlay-link{position:absolute;left:0;right:0;bottom:0;top:0}.wp-block-uagb-image--layout-overlay .wp-block-uagb-image__figure:hover .wp-block-uagb-image--layout-overlay__color-wrapper{opacity:1}.wp-block-uagb-image--layout-overlay__inner{position:absolute;left:15px;right:15px;bottom:15px;top:15px;display:flex;align-items:center;justify-content:center;flex-direction:column;border-color:#fff;transition:.35s ease-in-out}.wp-block-uagb-image--layout-overlay__inner.top-left,.wp-block-uagb-image--layout-overlay__inner.top-center,.wp-block-uagb-image--layout-overlay__inner.top-right{justify-content:flex-start}.wp-block-uagb-image--layout-overlay__inner.bottom-left,.wp-block-uagb-image--layout-overlay__inner.bottom-center,.wp-block-uagb-image--layout-overlay__inner.bottom-right{justify-content:flex-end}.wp-block-uagb-image--layout-overlay__inner.top-left,.wp-block-uagb-image--layout-overlay__inner.center-left,.wp-block-uagb-image--layout-overlay__inner.bottom-left{align-items:flex-start}.wp-block-uagb-image--layout-overlay__inner.top-right,.wp-block-uagb-image--layout-overlay__inner.center-right,.wp-block-uagb-image--layout-overlay__inner.bottom-right{align-items:flex-end}.wp-block-uagb-image--layout-overlay__inner .uagb-image-heading{color:#fff;transition:transform .35s,opacity .35s ease-in-out;transform:translate3d(0, 24px, 0);margin:0;line-height:1em}.wp-block-uagb-image--layout-overlay__inner .uagb-image-separator{width:30%;border-top-width:2px;border-top-color:#fff;border-top-style:solid;margin-bottom:10px;opacity:0;transition:transform .4s,opacity .4s ease-in-out;transform:translate3d(0, 30px, 0)}.wp-block-uagb-image--layout-overlay__inner .uagb-image-caption{opacity:0;overflow:visible;color:#fff;transition:transform .45s,opacity .45s ease-in-out;transform:translate3d(0, 35px, 0)}.wp-block-uagb-image--layout-overlay__inner:hover .uagb-image-heading,.wp-block-uagb-image--layout-overlay__inner:hover .uagb-image-separator,.wp-block-uagb-image--layout-overlay__inner:hover .uagb-image-caption{opacity:1;transform:translate3d(0, 0, 0)}.wp-block-uagb-image--effect-zoomin .wp-block-uagb-image__figure img,.wp-block-uagb-image--effect-zoomin .wp-block-uagb-image__figure .wp-block-uagb-image--layout-overlay__color-wrapper{transform:scale(1);transition:transform .35s ease-in-out}.wp-block-uagb-image--effect-zoomin .wp-block-uagb-image__figure:hover img,.wp-block-uagb-image--effect-zoomin .wp-block-uagb-image__figure:hover .wp-block-uagb-image--layout-overlay__color-wrapper{transform:scale(1.05)}.wp-block-uagb-image--effect-slide .wp-block-uagb-image__figure img,.wp-block-uagb-image--effect-slide .wp-block-uagb-image__figure .wp-block-uagb-image--layout-overlay__color-wrapper{width:calc(100% + 40px) !important;max-width:none !important;transform:translate3d(-40px, 0, 0);transition:transform .35s ease-in-out}.wp-block-uagb-image--effect-slide .wp-block-uagb-image__figure:hover img,.wp-block-uagb-image--effect-slide .wp-block-uagb-image__figure:hover .wp-block-uagb-image--layout-overlay__color-wrapper{transform:translate3d(0, 0, 0)}.wp-block-uagb-image--effect-grayscale img{filter:grayscale(0%);transition:.35s ease-in-out}.wp-block-uagb-image--effect-grayscale:hover img{filter:grayscale(100%)}.wp-block-uagb-image--effect-blur img{filter:blur(0);transition:.35s ease-in-out}.wp-block-uagb-image--effect-blur:hover img{filter:blur(3px)}.uagb-block-e6f939b3.wp-block-uagb-image--layout-default figure img{box-shadow: 0px 0px 0 #00000070;}.uagb-block-e6f939b3.wp-block-uagb-image .wp-block-uagb-image__figure figcaption{font-style: normal;align-self: center;}.uagb-block-e6f939b3.wp-block-uagb-image--layout-overlay figure img{box-shadow: 0px 0px 0 #00000070;}.uagb-block-e6f939b3.wp-block-uagb-image--layout-overlay .wp-block-uagb-image--layout-overlay__color-wrapper{opacity: 0.2;}.uagb-block-e6f939b3.wp-block-uagb-image--layout-overlay .wp-block-uagb-image--layout-overlay__inner{left: 15px;right: 15px;top: 15px;bottom: 15px;}.uagb-block-e6f939b3.wp-block-uagb-image--layout-overlay .wp-block-uagb-image--layout-overlay__inner .uagb-image-heading{font-style: normal;color: #fff;opacity: 1;}.uagb-block-e6f939b3.wp-block-uagb-image--layout-overlay .wp-block-uagb-image--layout-overlay__inner .uagb-image-heading a{color: #fff;}.uagb-block-e6f939b3.wp-block-uagb-image--layout-overlay .wp-block-uagb-image--layout-overlay__inner .uagb-image-caption{opacity: 0;}.uagb-block-e6f939b3.wp-block-uagb-image--layout-overlay .wp-block-uagb-image__figure:hover .wp-block-uagb-image--layout-overlay__color-wrapper{opacity: 1;}.uagb-block-e6f939b3.wp-block-uagb-image .wp-block-uagb-image--layout-overlay__inner .uagb-image-separator{width: 30%;border-top-width: 2px;border-top-color: #fff;opacity: 0;}.uagb-block-e6f939b3.wp-block-uagb-image .wp-block-uagb-image__figure img{width: px;height: auto;}.uagb-block-e6f939b3.wp-block-uagb-image .wp-block-uagb-image__figure:hover .wp-block-uagb-image--layout-overlay__inner .uagb-image-caption{opacity: 1;}.uagb-block-e6f939b3.wp-block-uagb-image .wp-block-uagb-image__figure:hover .wp-block-uagb-image--layout-overlay__inner .uagb-image-separator{opacity: 1;}.uagb-block-e6f939b3.wp-block-uagb-image--layout-default figure:hover img{box-shadow: 0px 0px 0 #00000070;}.uagb-block-e6f939b3.wp-block-uagb-image--layout-overlay figure:hover img{box-shadow: 0px 0px 0 #00000070;}@media only screen and (max-width: 976px) {.uagb-block-e6f939b3.wp-block-uagb-image .wp-block-uagb-image__figure img{width: px;height: auto;}}@media only screen and (max-width: 767px) {.uagb-block-e6f939b3.wp-block-uagb-image .wp-block-uagb-image__figure img{width: px;height: auto;}}\";s:2:\"js\";s:0:\"\";s:18:\"current_block_list\";a:13:{i:0;s:11:\"core\/search\";i:1;s:10:\"core\/group\";i:2;s:12:\"core\/heading\";i:3;s:17:\"core\/latest-posts\";i:4;s:20:\"core\/latest-comments\";i:5;s:13:\"core\/archives\";i:6;s:15:\"core\/categories\";i:7;s:14:\"core\/paragraph\";i:8;s:10:\"uagb\/image\";i:9;s:11:\"core\/spacer\";i:10;s:30:\"woocommerce\/product-categories\";i:11;s:10:\"core\/image\";i:12;s:14:\"core\/shortcode\";}s:8:\"uag_flag\";b:1;s:11:\"uag_version\";s:10:\"1777358848\";s:6:\"gfonts\";a:0:{}s:10:\"gfonts_url\";s:0:\"\";s:12:\"gfonts_files\";a:0:{}s:14:\"uag_faq_layout\";b:0;}"]},"uagb_featured_image_src":{"full":["https:\/\/www.ferberpainting.com\/wp-content\/uploads\/2025\/05\/5_IN_1_LEATHER_RESTORER_1L.png",2560,2560,false],"thumbnail":["https:\/\/www.ferberpainting.com\/wp-content\/uploads\/2025\/05\/5_IN_1_LEATHER_RESTORER_1L-150x150.png",150,150,true],"medium":["https:\/\/www.ferberpainting.com\/wp-content\/uploads\/2025\/05\/5_IN_1_LEATHER_RESTORER_1L-300x300.png",300,300,true],"medium_large":["https:\/\/www.ferberpainting.com\/wp-content\/uploads\/2025\/05\/5_IN_1_LEATHER_RESTORER_1L-768x768.png",768,768,true],"large":["https:\/\/www.ferberpainting.com\/wp-content\/uploads\/2025\/05\/5_IN_1_LEATHER_RESTORER_1L-1024x1024.png",1024,1024,true],"1536x1536":["https:\/\/www.ferberpainting.com\/wp-content\/uploads\/2025\/05\/5_IN_1_LEATHER_RESTORER_1L-1536x1536.png",1536,1536,true],"2048x2048":["https:\/\/www.ferberpainting.com\/wp-content\/uploads\/2025\/05\/5_IN_1_LEATHER_RESTORER_1L-2048x2048.png",2048,2048,true],"trp-custom-language-flag":["https:\/\/www.ferberpainting.com\/wp-content\/uploads\/2025\/05\/5_IN_1_LEATHER_RESTORER_1L-12x12.png",12,12,true],"woocommerce_thumbnail":["https:\/\/www.ferberpainting.com\/wp-content\/uploads\/2025\/05\/5_IN_1_LEATHER_RESTORER_1L-300x300.png",300,300,true],"woocommerce_single":["https:\/\/www.ferberpainting.com\/wp-content\/uploads\/2025\/05\/5_IN_1_LEATHER_RESTORER_1L-600x600.png",600,600,true],"woocommerce_gallery_thumbnail":["https:\/\/www.ferberpainting.com\/wp-content\/uploads\/2025\/05\/5_IN_1_LEATHER_RESTORER_1L-100x100.png",100,100,true]},"uagb_author_info":{"display_name":"admin","author_link":"https:\/\/www.ferberpainting.com\/hu\/author\/"},"uagb_comment_info":54,"uagb_excerpt":"Restore faded and worn leather to its original richness and elegance. Our leather restorer is specially formulated to revive tired, discolored, and aged leather surfaces, bringing back their natural depth, suppleness, and refined appearance. Over time, leather can lose its color intensity and smooth texture due to friction, sunlight, dryness, and daily use. This advanced&hellip;","_links":{"self":[{"href":"https:\/\/www.ferberpainting.com\/hu\/wp-json\/wp\/v2\/product\/23033","targetHints":{"allow":["GET"]}}],"collection":[{"href":"https:\/\/www.ferberpainting.com\/hu\/wp-json\/wp\/v2\/product"}],"about":[{"href":"https:\/\/www.ferberpainting.com\/hu\/wp-json\/wp\/v2\/types\/product"}],"replies":[{"embeddable":true,"href":"https:\/\/www.ferberpainting.com\/hu\/wp-json\/wp\/v2\/comments?post=23033"}],"version-history":[{"count":5,"href":"https:\/\/www.ferberpainting.com\/hu\/wp-json\/wp\/v2\/product\/23033\/revisions"}],"predecessor-version":[{"id":166004,"href":"https:\/\/www.ferberpainting.com\/hu\/wp-json\/wp\/v2\/product\/23033\/revisions\/166004"}],"wp:featuredmedia":[{"embeddable":true,"href":"https:\/\/www.ferberpainting.com\/hu\/wp-json\/wp\/v2\/media\/23109"}],"wp:attachment":[{"href":"https:\/\/www.ferberpainting.com\/hu\/wp-json\/wp\/v2\/media?parent=23033"}],"wp:term":[{"taxonomy":"product_brand","embeddable":true,"href":"https:\/\/www.ferberpainting.com\/hu\/wp-json\/wp\/v2\/product_brand?post=23033"},{"taxonomy":"product_cat","embeddable":true,"href":"https:\/\/www.ferberpainting.com\/hu\/wp-json\/wp\/v2\/product_cat?post=23033"},{"taxonomy":"product_tag","embeddable":true,"href":"https:\/\/www.ferberpainting.com\/hu\/wp-json\/wp\/v2\/product_tag?post=23033"}],"curies":[{"name":"wp","href":"https:\/\/api.w.org\/{rel}","templated":true}]}}