{"id":23021,"date":"2025-05-26T10:22:11","date_gmt":"2025-05-26T08:22:11","guid":{"rendered":"https:\/\/www.ferberpainting.com\/products\/3-in-1-parquet-restorer\/"},"modified":"2026-02-24T18:38:19","modified_gmt":"2026-02-24T17:38:19","slug":"3-in-1-parquet-restorer","status":"publish","type":"product","link":"https:\/\/www.ferberpainting.com\/hu\/products\/3-in-1-parquet-restorer\/","title":{"rendered":"Parketta restaur\u00e1tor"},"content":{"rendered":"<p><img decoding=\"async\" style=\"margin-right: 12px;\" src=\"https:\/\/www.ferberpainting.com\/wp-content\/uploads\/2026\/02\/Check.svg\" alt=\"\" width=\"18\" height=\"15\" \/><strong>Egyetlen egyszer\u0171 l\u00e9p\u00e9sben vissza\u00e1ll\u00edthatja parkett\u00e1ja term\u00e9szetes melegs\u00e9g\u00e9t \u00e9s eleganci\u00e1j\u00e1t.<\/strong> Parkettarestaur\u00e1torunkat kifejezetten a matt, karcos \u00e9s kopott fapadl\u00f3k \u00fajj\u00e1\u00e9leszt\u00e9s\u00e9re fejlesztett\u00fck ki, visszaadva eredeti gazdags\u00e1gukat \u00e9s m\u00e9lys\u00e9g\u00fcket. Id\u0151vel a parketta a gyalogos forgalom, a napf\u00e9ny, a tiszt\u00edt\u00f3szerek \u00e9s a mindennapi kop\u00e1s miatt elvesz\u00edtheti \u00e9l\u00e9nks\u00e9g\u00e9t. Ez a fejlett formula behatol a fel\u00fcletbe, hogy t\u00e1pl\u00e1lja a f\u00e1t, kiemelje annak term\u00e9szetes szemcs\u00e9zetts\u00e9g\u00e9t, \u00e9s helyre\u00e1ll\u00edtsa a sima, egys\u00e9ges fel\u00fcletet, amely azonnal felfriss\u00edti b\u00e1rmely bels\u0151 teret.<\/p>\n<p><strong><img decoding=\"async\" style=\"margin-right: 12px;\" src=\"https:\/\/www.ferberpainting.com\/wp-content\/uploads\/2026\/02\/Check.svg\" alt=\"\" width=\"18\" height=\"15\" \/>Az el\u00e9rhet\u0151 leghat\u00e9konyabb parkettafel\u00faj\u00edt\u00e1si megold\u00e1s.<\/strong> Term\u00e9k\u00fcnket \u00fagy tervezt\u00fck, hogy a hagyom\u00e1nyos padl\u00f3f\u00e9nyes\u00edt\u0151kh\u00f6z vagy az alapvet\u0151 karbantart\u00f3 olajokhoz k\u00e9pest kiv\u00e1l\u00f3 eredm\u00e9nyeket \u00e9rjen el. Cs\u00f6kkenti a mikrokarcol\u00e1sok megjelen\u00e9s\u00e9t, kiegyenl\u00edti a fak\u00f3 ter\u00fcleteket, \u00e9s jav\u00edtja a fa sz\u00edn\u00e9t \u00e9s text\u00far\u00e1j\u00e1t. Ahelyett, hogy ideiglenesen elfedn\u00e9 a t\u00f6k\u00e9letlens\u00e9geket, m\u00e9lyen \u00e9s hat\u00e9konyan hat a parketta term\u00e9szetes jelleg\u00e9nek fel\u00e9leszt\u00e9s\u00e9re, l\u00e1that\u00f3 \u00e9s hosszan tart\u00f3 javul\u00e1st biztos\u00edtva az alkalmaz\u00e1s ut\u00e1n.<\/p>\n<p><strong><img decoding=\"async\" style=\"margin-right: 12px;\" src=\"https:\/\/www.ferberpainting.com\/wp-content\/uploads\/2026\/02\/Check.svg\" alt=\"\" width=\"18\" height=\"15\" \/>Garant\u00e1lt el\u00e9gedetts\u00e9g vagy a p\u00e9nz\u00e9t visszakapja.<\/strong> Meggy\u0151z\u0151d\u00e9s\u00fcnk, hogy parkettarestaur\u00e1torunk teljes\u00edt, ez\u00e9rt teljes p\u00e9nzvisszafizet\u00e9si garanci\u00e1t v\u00e1llalunk r\u00e1. Ha nem teljesen el\u00e9gedett az eredm\u00e9nnyel, visszat\u00e9r\u00edtj\u00fck a p\u00e9nz\u00e9t. Ez a kock\u00e1zatmentes \u00edg\u00e9ret bizony\u00edtja a min\u0151s\u00e9g ir\u00e1nti elk\u00f6telezetts\u00e9g\u00fcnket, \u00e9s biztos\u00edtja, hogy \u00d6n teljes lelki nyugalommal v\u00e1s\u00e1rolhasson.<\/p>\n<p><strong><img decoding=\"async\" style=\"margin-right: 12px;\" src=\"https:\/\/www.ferberpainting.com\/wp-content\/uploads\/2026\/02\/Check.svg\" alt=\"\" width=\"18\" height=\"15\" \/>A legolcs\u00f3bb professzion\u00e1lis min\u0151s\u00e9g\u0171 parkettarestaur\u00e1tor a piacon.<\/strong> A pr\u00e9mium teljes\u00edtm\u00e9nynek nem kell pr\u00e9mium \u00e1rat fizetnie. Parkettarestaur\u00e1torunk professzion\u00e1lis szint\u0171 helyre\u00e1ll\u00edt\u00e1st k\u00edn\u00e1l a legversenyk\u00e9pesebb \u00e1ron. A k\u00f6lts\u00e9ges csiszol\u00e1si szolg\u00e1ltat\u00e1sokhoz vagy dr\u00e1ga m\u00e1rk\u00e1s term\u00e9kekhez k\u00e9pest a mi megold\u00e1sunk kiemelked\u0151 \u00e9rt\u00e9ket ny\u00fajt, \u00e9s lehet\u0151v\u00e9 teszi, hogy a k\u00f6lts\u00e9gek t\u00f6red\u00e9k\u00e9\u00e9rt helyre\u00e1ll\u00edtsa padl\u00f3j\u00e1t.<\/p>\n<p><strong><img decoding=\"async\" style=\"margin-right: 12px;\" src=\"https:\/\/www.ferberpainting.com\/wp-content\/uploads\/2026\/02\/Check.svg\" alt=\"\" width=\"18\" height=\"15\" \/>24 \u00f3r\u00e1s sz\u00e1ll\u00edt\u00e1s a gyors eredm\u00e9nyek\u00e9rt.<\/strong> Ha parkett\u00e1ja figyelmet ig\u00e9nyel, nem kell v\u00e1rnia. Ez\u00e9rt mindig 24 \u00f3r\u00e1s kisz\u00e1ll\u00edt\u00e1st biztos\u00edtunk. Megrendel\u00e9s\u00e9t gyorsan feldolgozzuk \u00e9s k\u00e9sedelem n\u00e9lk\u00fcl elk\u00fcldj\u00fck, \u00edgy \u00d6n a lehet\u0151 leghamarabb megkezdheti parkett\u00e1ja helyre\u00e1ll\u00edt\u00e1s\u00e1t. A gyors kiszolg\u00e1l\u00e1s r\u00e9sze a vev\u0151i el\u00e9gedetts\u00e9g ir\u00e1nti elk\u00f6telezetts\u00e9g\u00fcnknek.<\/p>\n<p><strong><img decoding=\"async\" style=\"margin-right: 12px;\" src=\"https:\/\/www.ferberpainting.com\/wp-content\/uploads\/2026\/02\/Check.svg\" alt=\"\" width=\"18\" height=\"15\" \/>Kiv\u00e1l\u00f3 fed\u0151k\u00e9pess\u00e9g, literenk\u00e9nt ak\u00e1r 20 m\u00b2.<\/strong> Egy liter parketta-restaur\u00e1tor ak\u00e1r 20 n\u00e9gyzetm\u00e9tert is lefed, \u00edgy rendk\u00edv\u00fcl gazdas\u00e1gos mind kis helyis\u00e9gek, mind nagy fel\u00fcletek eset\u00e9n. Ez a b\u0151s\u00e9ges lefedetts\u00e9g biztos\u00edtja, hogy minden egyes alkalmaz\u00e1s maxim\u00e1lis hat\u00e9konys\u00e1got \u00e9s minim\u00e1lis pazarl\u00e1st eredm\u00e9nyez, \u00edgy \u00d6n magabiztosan \u00e9s k\u00f6lts\u00e9gkontrollal kezelheti a nagy kiterjed\u00e9s\u0171 parkett\u00e1kat.<\/p>\n<p><strong><img decoding=\"async\" style=\"margin-right: 12px;\" src=\"https:\/\/www.ferberpainting.com\/wp-content\/uploads\/2026\/02\/Check.svg\" alt=\"\" width=\"18\" height=\"15\" \/>T\u00e1pl\u00e1lja \u00e9s v\u00e9di a fa fel\u00fclet\u00e9t.<\/strong> A f\u00e9nyess\u00e9g helyre\u00e1ll\u00edt\u00e1s\u00e1n t\u00fal a formul\u00e1nk seg\u00edt t\u00e1pl\u00e1lni a fa rostjait \u00e9s meger\u0151s\u00edti a fel\u00fcletet a mindennapi kop\u00e1ssal szemben. Finom v\u00e9d\u0151r\u00e9teget k\u00e9pez, amely seg\u00edt ellen\u00e1llni a kisebb karcol\u00e1soknak, a szennyez\u0151d\u00e9sek felhalmoz\u00f3d\u00e1s\u00e1nak \u00e9s a nedvess\u00e9gnek val\u00f3 kitetts\u00e9gnek. Ez a v\u00e9d\u0151hat\u00e1s meghosszabb\u00edtja a parketta \u00e9lettartam\u00e1t, \u00e9s cs\u00f6kkenti a gyakori neh\u00e9z karbantart\u00e1s sz\u00fcks\u00e9gess\u00e9g\u00e9t.<\/p>\n<p><strong><img decoding=\"async\" style=\"margin-right: 12px;\" src=\"https:\/\/www.ferberpainting.com\/wp-content\/uploads\/2026\/02\/Check.svg\" alt=\"\" width=\"18\" height=\"15\" \/>Kiemeli a fa term\u00e9szetes szemcs\u00e9zetts\u00e9g\u00e9t \u00e9s sz\u00edn\u00e9t.<\/strong> A parkett\u00e1t egyedi mint\u00e1zatai \u00e9s text\u00far\u00e1i miatt \u00e9rt\u00e9kelik. Restaur\u00e1torunk feler\u0151s\u00edti a term\u00e9szetes szemcs\u00e9ket, gazdag\u00edtja a t\u00f3nust, \u00e9s visszaadja a kifakult ter\u00fcletek m\u00e9lys\u00e9g\u00e9t. A fel\u00fclet term\u00e9szetesnek \u00e9s kifinomultnak t\u0171nik, soha nem mesters\u00e9ges vagy t\u00fals\u00e1gosan f\u00e9nyes, meg\u0151rizve a fa autentikus var\u00e1zs\u00e1t.<\/p>\n<p><strong><img decoding=\"async\" style=\"margin-right: 12px;\" src=\"https:\/\/www.ferberpainting.com\/wp-content\/uploads\/2026\/02\/Check.svg\" alt=\"\" width=\"18\" height=\"15\" \/>Egyszer\u0171 \u00e9s felhaszn\u00e1l\u00f3bar\u00e1t alkalmaz\u00e1s.<\/strong> A szakemberek \u00e9s a h\u00e1ztulajdonosok sz\u00e1m\u00e1ra egyar\u00e1nt tervezett parkettafel\u00faj\u00edt\u00f3 nem ig\u00e9nyel speci\u00e1lis felszerel\u00e9st. K\u00f6nnyen alkalmazhat\u00f3 felmos\u00f3val, applik\u00e1ci\u00f3s paddal vagy pol\u00edroz\u00f3 g\u00e9ppel. Az egyszer\u0171 elj\u00e1r\u00e1s m\u00e9g az els\u0151 alkalommal haszn\u00e1l\u00f3k sz\u00e1m\u00e1ra is egyenletes \u00e9s professzion\u00e1lis megjelen\u00e9s\u0171 eredm\u00e9nyt biztos\u00edt.<\/p>\n<p><strong><img decoding=\"async\" style=\"margin-right: 12px;\" src=\"https:\/\/www.ferberpainting.com\/wp-content\/uploads\/2026\/02\/Check.svg\" alt=\"\" width=\"18\" height=\"15\" \/>Ide\u00e1lis lak\u00f3- \u00e9s kereskedelmi k\u00f6rnyezetbe.<\/strong> Ak\u00e1r nappaliban, h\u00e1l\u00f3szob\u00e1ban, irod\u00e1ban, butikban, sz\u00e1llod\u00e1ban vagy folyos\u00f3n haszn\u00e1lj\u00e1k, parkettafel\u00faj\u00edt\u00f3 szer\u00fcnk alkalmazkodik a k\u00fcl\u00f6nb\u00f6z\u0151 bels\u0151 terekhez. Alkalmas t\u00f6m\u00edtett, lakkozott vagy kezelt parkettafel\u00fcletekhez, \u00edgy sokoldal\u00fa karbantart\u00e1si megold\u00e1s b\u00e1rmilyen fapadl\u00f3-berendez\u00e9shez.<\/p>\n<h2><strong>Utas\u00edt\u00e1sok<\/strong><\/h2>\n<ul>\n<li>A felhord\u00e1s el\u0151tt gy\u0151z\u0151dj\u00f6n meg arr\u00f3l, hogy a parketta fel\u00fclete tiszta, sz\u00e1raz, por-, zs\u00edr-, viasz- \u00e9s marad\u00e9kmentes. Sz\u00fcks\u00e9g eset\u00e9n haszn\u00e1ljon megfelel\u0151 parkettatiszt\u00edt\u00f3t, \u00e9s hagyja a fel\u00fcletet teljesen megsz\u00e1radni.<\/li>\n<li>Haszn\u00e1lat el\u0151tt alaposan r\u00e1zza fel a tart\u00e1lyt a hat\u00f3anyagok egyenletes eloszl\u00e1s\u00e1nak biztos\u00edt\u00e1sa \u00e9rdek\u00e9ben.<\/li>\n<li>Vigyen fel kis mennyis\u00e9g\u0171 parketta-restaur\u00e1tort k\u00f6zvetlen\u00fcl a padl\u00f3ra vagy egy tiszta mikrosz\u00e1las felmos\u00f3rongyra vagy applik\u00e1ci\u00f3s padra.<\/li>\n<li>Egyenletesen, v\u00e9kony r\u00e9tegben, a fa szemcs\u00e9zetts\u00e9g\u00e9nek ir\u00e1ny\u00e1t k\u00f6vetve kenje fel, hogy egyenletes fel\u00fcletet kapjon. Ker\u00fclje a t\u00falzott felhord\u00e1st.<\/li>\n<li>Tartsa tiszteletben a literenk\u00e9nti kb. 20 m\u00b2-es fed\u00e9si ar\u00e1nyt. Az \u00e1tlagos aj\u00e1nlott adagol\u00e1s k\u00f6r\u00fclbel\u00fcl 50 ml n\u00e9gyzetm\u00e9terenk\u00e9nt, a fa felsz\u00edv\u00f3d\u00e1s\u00e1t\u00f3l \u00e9s \u00e1llapot\u00e1t\u00f3l f\u00fcgg\u0151en.<\/li>\n<li>Hagyja, hogy a term\u00e9k n\u00e9h\u00e1ny percig behatoljon a fel\u00fcletbe.<\/li>\n<li>A f\u00e9nyess\u00e9g fokoz\u00e1sa \u00e9s az egyenletes eloszl\u00e1s biztos\u00edt\u00e1sa \u00e9rdek\u00e9ben \u00f3vatosan csiszolja le tiszta, sz\u00e1raz ruh\u00e1val, vagy haszn\u00e1ljon alacsony fordulatsz\u00e1m\u00fa, puha p\u00e1rn\u00e1val ell\u00e1tott pol\u00edroz\u00f3g\u00e9pet.<\/li>\n<li>Er\u0151sen kopott ter\u00fcleteken az els\u0151 r\u00e9teg teljes sz\u00e1rad\u00e1sa ut\u00e1n egy m\u00e1sodik r\u00e9teg is felvihet\u0151.<\/li>\n<li>A megfelel\u0151 sz\u00e1rad\u00e1s \u00e9s az optim\u00e1lis eredm\u00e9ny \u00e9rdek\u00e9ben n\u00e9h\u00e1ny \u00f3r\u00e1n kereszt\u00fcl ne j\u00e1rjon a kezelt fel\u00fcleten.<\/li>\n<li>Karbantart\u00e1s c\u00e9lj\u00e1b\u00f3l rendszeresen tiszt\u00edtsa a padl\u00f3t pH-semleges fapadl\u00f3tiszt\u00edt\u00f3val, \u00e9s ker\u00fclje a t\u00fal sok vizet vagy a durva vegyszereket.<\/li>\n<li>H\u0171v\u00f6s, sz\u00e1raz, k\u00f6zvetlen napf\u00e9nyt\u0151l v\u00e9dett helyen t\u00e1rolja, \u00e9s minden haszn\u00e1lat ut\u00e1n \u00fcgyeljen arra, hogy a tart\u00e1ly szorosan z\u00e1rva legyen.<\/li>\n<\/ul>\n<p>&nbsp;<\/p>\n<p>&nbsp;<\/p>","protected":false},"excerpt":{"rendered":"<p>Restore the natural warmth and elegance of your parquet floors in one simple step. Our parquet restorer is specially developed to revive dull, scratched, and worn wooden floors, bringing back their original richness and depth. Over time, parquet can lose its vibrancy due to foot traffic, sunlight exposure, cleaning products, and daily wear. This advanced [&hellip;]<\/p>\n","protected":false},"featured_media":22995,"comment_status":"open","ping_status":"closed","template":"","meta":{"_uag_custom_page_level_css":"","site-sidebar-layout":"default","site-content-layout":"","ast-site-content-layout":"default","site-content-style":"default","site-sidebar-style":"default","ast-global-header-display":"","ast-banner-title-visibility":"","ast-main-header-display":"","ast-hfb-above-header-display":"","ast-hfb-below-header-display":"","ast-hfb-mobile-header-display":"","site-post-title":"","ast-breadcrumbs-content":"","ast-featured-img":"","footer-sml-layout":"","ast-disable-related-posts":"","theme-transparent-header-meta":"default","adv-header-id-meta":"","stick-header-meta":"","header-above-stick-meta":"","header-main-stick-meta":"","header-below-stick-meta":"","astra-migrate-meta-layouts":"set","ast-page-background-enabled":"default","ast-page-background-meta":{"desktop":{"background-color":"var(--ast-global-color-4)","background-image":"","background-repeat":"repeat","background-position":"center center","background-size":"auto","background-attachment":"scroll","background-type":"","background-media":"","overlay-type":"","overlay-color":"","overlay-opacity":"","overlay-gradient":""},"tablet":{"background-color":"","background-image":"","background-repeat":"repeat","background-position":"center center","background-size":"auto","background-attachment":"scroll","background-type":"","background-media":"","overlay-type":"","overlay-color":"","overlay-opacity":"","overlay-gradient":""},"mobile":{"background-color":"","background-image":"","background-repeat":"repeat","background-position":"center center","background-size":"auto","background-attachment":"scroll","background-type":"","background-media":"","overlay-type":"","overlay-color":"","overlay-opacity":"","overlay-gradient":""}},"ast-content-background-meta":{"desktop":{"background-color":"var(--ast-global-color-5)","background-image":"","background-repeat":"repeat","background-position":"center center","background-size":"auto","background-attachment":"scroll","background-type":"","background-media":"","overlay-type":"","overlay-color":"","overlay-opacity":"","overlay-gradient":""},"tablet":{"background-color":"var(--ast-global-color-5)","background-image":"","background-repeat":"repeat","background-position":"center center","background-size":"auto","background-attachment":"scroll","background-type":"","background-media":"","overlay-type":"","overlay-color":"","overlay-opacity":"","overlay-gradient":""},"mobile":{"background-color":"var(--ast-global-color-5)","background-image":"","background-repeat":"repeat","background-position":"center center","background-size":"auto","background-attachment":"scroll","background-type":"","background-media":"","overlay-type":"","overlay-color":"","overlay-opacity":"","overlay-gradient":""}}},"product_brand":[],"product_cat":[175,193],"product_tag":[],"class_list":{"0":"post-23021","1":"product","2":"type-product","3":"status-publish","4":"has-post-thumbnail","6":"product_cat-cleaning-products","7":"product_cat-wood-treatment","8":"desktop-align-left","9":"tablet-align-left","10":"mobile-align-left","12":"first","13":"instock","14":"sale","15":"taxable","16":"shipping-taxable","17":"purchasable","18":"product-type-variable","19":"has-default-attributes"},"spectra_custom_meta":{"_visibility":["visible"],"_shopify_product_id":["7955506626805"],"_s2w_shopify_domain":["ferberpainting.myshopify.com"],"_shopify_variant_id":["43515593031925"],"_manage_stock":["no"],"total_sales":["676"],"_tax_status":["taxable"],"_tax_class":[""],"_backorders":["no"],"_sold_individually":["no"],"_virtual":["no"],"_downloadable":["no"],"_download_limit":["-1"],"_download_expiry":["-1"],"_stock":[null],"_stock_status":["instock"],"_wc_average_rating":["4.85"],"_wc_review_count":["53"],"_product_attributes":["a:1:{s:6:\"volume\";a:6:{s:4:\"name\";s:6:\"Volume\";s:5:\"value\";s:20:\"5 liters | 25 liters\";s:8:\"position\";i:1;s:10:\"is_visible\";i:0;s:12:\"is_variation\";i:1;s:11:\"is_taxonomy\";i:0;}}"],"_product_version":["10.5.2"],"_thumbnail_id":["22995"],"_product_image_gallery":["22996"],"_edit_lock":["1771954810:1"],"_default_attributes":["a:1:{s:6:\"volume\";s:8:\"5 liters\";}"],"merchant-center-availability":["yes"],"merchant-center-category":["4977"],"merchant-center-id":["3I1PR"],"_edit_last":["1"],"_wp_page_template":["default"],"site-sidebar-layout":["default"],"ast-site-content-layout":["default"],"site-content-style":["default"],"site-sidebar-style":["default"],"theme-transparent-header-meta":["default"],"_price":["29.90","99.90"],"_wc_rating_count":["a:3:{i:3;i:1;i:4;i:6;i:5;i:46;}"],"astra-migrate-meta-layouts":["set"],"_sku":["FP31PARQUETRESTORER"],"_uag_css_file_name":["uag-css-23021.css"],"_elementor_page_assets":["a:0:{}"],"_uag_page_assets":["a:9:{s:3:\"css\";s:7133:\".uag-blocks-common-selector{z-index:var(--z-index-desktop) !important}@media(max-width: 976px){.uag-blocks-common-selector{z-index:var(--z-index-tablet) !important}}@media(max-width: 767px){.uag-blocks-common-selector{z-index:var(--z-index-mobile) !important}}.wp-block-uagb-image{display:flex}.wp-block-uagb-image__figure{position:relative;display:flex;flex-direction:column;max-width:100%;height:auto;margin:0}.wp-block-uagb-image__figure img{height:auto;display:flex;max-width:100%;transition:box-shadow .2s ease}.wp-block-uagb-image__figure>a{display:inline-block}.wp-block-uagb-image__figure figcaption{text-align:center;margin-top:.5em;margin-bottom:1em}.wp-block-uagb-image .components-placeholder.block-editor-media-placeholder .components-placeholder__instructions{align-self:center}.wp-block-uagb-image--align-left{text-align:left}.wp-block-uagb-image--align-right{text-align:right}.wp-block-uagb-image--align-center{text-align:center}.wp-block-uagb-image--align-full .wp-block-uagb-image__figure{margin-left:calc(50% - 50vw);margin-right:calc(50% - 50vw);max-width:100vw;width:100vw;height:auto}.wp-block-uagb-image--align-full .wp-block-uagb-image__figure img{height:auto;width:100% !important}.wp-block-uagb-image--align-wide .wp-block-uagb-image__figure img{height:auto;width:100%}.wp-block-uagb-image--layout-overlay__color-wrapper{position:absolute;left:0;top:0;right:0;bottom:0;opacity:.2;background:rgba(0,0,0,.5);transition:opacity .35s ease-in-out}.wp-block-uagb-image--layout-overlay-link{position:absolute;left:0;right:0;bottom:0;top:0}.wp-block-uagb-image--layout-overlay .wp-block-uagb-image__figure:hover .wp-block-uagb-image--layout-overlay__color-wrapper{opacity:1}.wp-block-uagb-image--layout-overlay__inner{position:absolute;left:15px;right:15px;bottom:15px;top:15px;display:flex;align-items:center;justify-content:center;flex-direction:column;border-color:#fff;transition:.35s ease-in-out}.wp-block-uagb-image--layout-overlay__inner.top-left,.wp-block-uagb-image--layout-overlay__inner.top-center,.wp-block-uagb-image--layout-overlay__inner.top-right{justify-content:flex-start}.wp-block-uagb-image--layout-overlay__inner.bottom-left,.wp-block-uagb-image--layout-overlay__inner.bottom-center,.wp-block-uagb-image--layout-overlay__inner.bottom-right{justify-content:flex-end}.wp-block-uagb-image--layout-overlay__inner.top-left,.wp-block-uagb-image--layout-overlay__inner.center-left,.wp-block-uagb-image--layout-overlay__inner.bottom-left{align-items:flex-start}.wp-block-uagb-image--layout-overlay__inner.top-right,.wp-block-uagb-image--layout-overlay__inner.center-right,.wp-block-uagb-image--layout-overlay__inner.bottom-right{align-items:flex-end}.wp-block-uagb-image--layout-overlay__inner .uagb-image-heading{color:#fff;transition:transform .35s,opacity .35s ease-in-out;transform:translate3d(0, 24px, 0);margin:0;line-height:1em}.wp-block-uagb-image--layout-overlay__inner .uagb-image-separator{width:30%;border-top-width:2px;border-top-color:#fff;border-top-style:solid;margin-bottom:10px;opacity:0;transition:transform .4s,opacity .4s ease-in-out;transform:translate3d(0, 30px, 0)}.wp-block-uagb-image--layout-overlay__inner .uagb-image-caption{opacity:0;overflow:visible;color:#fff;transition:transform .45s,opacity .45s ease-in-out;transform:translate3d(0, 35px, 0)}.wp-block-uagb-image--layout-overlay__inner:hover .uagb-image-heading,.wp-block-uagb-image--layout-overlay__inner:hover .uagb-image-separator,.wp-block-uagb-image--layout-overlay__inner:hover .uagb-image-caption{opacity:1;transform:translate3d(0, 0, 0)}.wp-block-uagb-image--effect-zoomin .wp-block-uagb-image__figure img,.wp-block-uagb-image--effect-zoomin .wp-block-uagb-image__figure .wp-block-uagb-image--layout-overlay__color-wrapper{transform:scale(1);transition:transform .35s ease-in-out}.wp-block-uagb-image--effect-zoomin .wp-block-uagb-image__figure:hover img,.wp-block-uagb-image--effect-zoomin .wp-block-uagb-image__figure:hover .wp-block-uagb-image--layout-overlay__color-wrapper{transform:scale(1.05)}.wp-block-uagb-image--effect-slide .wp-block-uagb-image__figure img,.wp-block-uagb-image--effect-slide .wp-block-uagb-image__figure .wp-block-uagb-image--layout-overlay__color-wrapper{width:calc(100% + 40px) !important;max-width:none !important;transform:translate3d(-40px, 0, 0);transition:transform .35s ease-in-out}.wp-block-uagb-image--effect-slide .wp-block-uagb-image__figure:hover img,.wp-block-uagb-image--effect-slide .wp-block-uagb-image__figure:hover .wp-block-uagb-image--layout-overlay__color-wrapper{transform:translate3d(0, 0, 0)}.wp-block-uagb-image--effect-grayscale img{filter:grayscale(0%);transition:.35s ease-in-out}.wp-block-uagb-image--effect-grayscale:hover img{filter:grayscale(100%)}.wp-block-uagb-image--effect-blur img{filter:blur(0);transition:.35s ease-in-out}.wp-block-uagb-image--effect-blur:hover img{filter:blur(3px)}.uagb-block-e6f939b3.wp-block-uagb-image--layout-default figure img{box-shadow: 0px 0px 0 #00000070;}.uagb-block-e6f939b3.wp-block-uagb-image .wp-block-uagb-image__figure figcaption{font-style: normal;align-self: center;}.uagb-block-e6f939b3.wp-block-uagb-image--layout-overlay figure img{box-shadow: 0px 0px 0 #00000070;}.uagb-block-e6f939b3.wp-block-uagb-image--layout-overlay .wp-block-uagb-image--layout-overlay__color-wrapper{opacity: 0.2;}.uagb-block-e6f939b3.wp-block-uagb-image--layout-overlay .wp-block-uagb-image--layout-overlay__inner{left: 15px;right: 15px;top: 15px;bottom: 15px;}.uagb-block-e6f939b3.wp-block-uagb-image--layout-overlay .wp-block-uagb-image--layout-overlay__inner .uagb-image-heading{font-style: normal;color: #fff;opacity: 1;}.uagb-block-e6f939b3.wp-block-uagb-image--layout-overlay .wp-block-uagb-image--layout-overlay__inner .uagb-image-heading a{color: #fff;}.uagb-block-e6f939b3.wp-block-uagb-image--layout-overlay .wp-block-uagb-image--layout-overlay__inner .uagb-image-caption{opacity: 0;}.uagb-block-e6f939b3.wp-block-uagb-image--layout-overlay .wp-block-uagb-image__figure:hover .wp-block-uagb-image--layout-overlay__color-wrapper{opacity: 1;}.uagb-block-e6f939b3.wp-block-uagb-image .wp-block-uagb-image--layout-overlay__inner .uagb-image-separator{width: 30%;border-top-width: 2px;border-top-color: #fff;opacity: 0;}.uagb-block-e6f939b3.wp-block-uagb-image .wp-block-uagb-image__figure img{width: px;height: auto;}.uagb-block-e6f939b3.wp-block-uagb-image .wp-block-uagb-image__figure:hover .wp-block-uagb-image--layout-overlay__inner .uagb-image-caption{opacity: 1;}.uagb-block-e6f939b3.wp-block-uagb-image .wp-block-uagb-image__figure:hover .wp-block-uagb-image--layout-overlay__inner .uagb-image-separator{opacity: 1;}.uagb-block-e6f939b3.wp-block-uagb-image--layout-default figure:hover img{box-shadow: 0px 0px 0 #00000070;}.uagb-block-e6f939b3.wp-block-uagb-image--layout-overlay figure:hover img{box-shadow: 0px 0px 0 #00000070;}@media only screen and (max-width: 976px) {.uagb-block-e6f939b3.wp-block-uagb-image .wp-block-uagb-image__figure img{width: px;height: auto;}}@media only screen and (max-width: 767px) {.uagb-block-e6f939b3.wp-block-uagb-image .wp-block-uagb-image__figure img{width: px;height: auto;}}\";s:2:\"js\";s:0:\"\";s:18:\"current_block_list\";a:13:{i:0;s:11:\"core\/search\";i:1;s:10:\"core\/group\";i:2;s:12:\"core\/heading\";i:3;s:17:\"core\/latest-posts\";i:4;s:20:\"core\/latest-comments\";i:5;s:13:\"core\/archives\";i:6;s:15:\"core\/categories\";i:7;s:14:\"core\/paragraph\";i:8;s:10:\"uagb\/image\";i:9;s:11:\"core\/spacer\";i:10;s:30:\"woocommerce\/product-categories\";i:11;s:10:\"core\/image\";i:12;s:14:\"core\/shortcode\";}s:8:\"uag_flag\";b:1;s:11:\"uag_version\";s:10:\"1777338965\";s:6:\"gfonts\";a:0:{}s:10:\"gfonts_url\";s:0:\"\";s:12:\"gfonts_files\";a:0:{}s:14:\"uag_faq_layout\";b:0;}"]},"uagb_featured_image_src":{"full":["https:\/\/www.ferberpainting.com\/wp-content\/uploads\/2025\/05\/3-in-1_Parquet_Restorer_5L.jpg",2560,2560,false],"thumbnail":["https:\/\/www.ferberpainting.com\/wp-content\/uploads\/2025\/05\/3-in-1_Parquet_Restorer_5L-150x150.jpg",150,150,true],"medium":["https:\/\/www.ferberpainting.com\/wp-content\/uploads\/2025\/05\/3-in-1_Parquet_Restorer_5L-300x300.jpg",300,300,true],"medium_large":["https:\/\/www.ferberpainting.com\/wp-content\/uploads\/2025\/05\/3-in-1_Parquet_Restorer_5L-768x768.jpg",768,768,true],"large":["https:\/\/www.ferberpainting.com\/wp-content\/uploads\/2025\/05\/3-in-1_Parquet_Restorer_5L-1024x1024.jpg",1024,1024,true],"1536x1536":["https:\/\/www.ferberpainting.com\/wp-content\/uploads\/2025\/05\/3-in-1_Parquet_Restorer_5L-1536x1536.jpg",1536,1536,true],"2048x2048":["https:\/\/www.ferberpainting.com\/wp-content\/uploads\/2025\/05\/3-in-1_Parquet_Restorer_5L-2048x2048.jpg",2048,2048,true],"trp-custom-language-flag":["https:\/\/www.ferberpainting.com\/wp-content\/uploads\/2025\/05\/3-in-1_Parquet_Restorer_5L-12x12.jpg",12,12,true],"woocommerce_thumbnail":["https:\/\/www.ferberpainting.com\/wp-content\/uploads\/2025\/05\/3-in-1_Parquet_Restorer_5L-300x300.jpg",300,300,true],"woocommerce_single":["https:\/\/www.ferberpainting.com\/wp-content\/uploads\/2025\/05\/3-in-1_Parquet_Restorer_5L-600x600.jpg",600,600,true],"woocommerce_gallery_thumbnail":["https:\/\/www.ferberpainting.com\/wp-content\/uploads\/2025\/05\/3-in-1_Parquet_Restorer_5L-100x100.jpg",100,100,true]},"uagb_author_info":{"display_name":"admin","author_link":"https:\/\/www.ferberpainting.com\/hu\/author\/"},"uagb_comment_info":53,"uagb_excerpt":"Restore the natural warmth and elegance of your parquet floors in one simple step. Our parquet restorer is specially developed to revive dull, scratched, and worn wooden floors, bringing back their original richness and depth. Over time, parquet can lose its vibrancy due to foot traffic, sunlight exposure, cleaning products, and daily wear. This advanced&hellip;","_links":{"self":[{"href":"https:\/\/www.ferberpainting.com\/hu\/wp-json\/wp\/v2\/product\/23021","targetHints":{"allow":["GET"]}}],"collection":[{"href":"https:\/\/www.ferberpainting.com\/hu\/wp-json\/wp\/v2\/product"}],"about":[{"href":"https:\/\/www.ferberpainting.com\/hu\/wp-json\/wp\/v2\/types\/product"}],"replies":[{"embeddable":true,"href":"https:\/\/www.ferberpainting.com\/hu\/wp-json\/wp\/v2\/comments?post=23021"}],"version-history":[{"count":6,"href":"https:\/\/www.ferberpainting.com\/hu\/wp-json\/wp\/v2\/product\/23021\/revisions"}],"predecessor-version":[{"id":166000,"href":"https:\/\/www.ferberpainting.com\/hu\/wp-json\/wp\/v2\/product\/23021\/revisions\/166000"}],"wp:featuredmedia":[{"embeddable":true,"href":"https:\/\/www.ferberpainting.com\/hu\/wp-json\/wp\/v2\/media\/22995"}],"wp:attachment":[{"href":"https:\/\/www.ferberpainting.com\/hu\/wp-json\/wp\/v2\/media?parent=23021"}],"wp:term":[{"taxonomy":"product_brand","embeddable":true,"href":"https:\/\/www.ferberpainting.com\/hu\/wp-json\/wp\/v2\/product_brand?post=23021"},{"taxonomy":"product_cat","embeddable":true,"href":"https:\/\/www.ferberpainting.com\/hu\/wp-json\/wp\/v2\/product_cat?post=23021"},{"taxonomy":"product_tag","embeddable":true,"href":"https:\/\/www.ferberpainting.com\/hu\/wp-json\/wp\/v2\/product_tag?post=23021"}],"curies":[{"name":"wp","href":"https:\/\/api.w.org\/{rel}","templated":true}]}}