{"id":25662,"date":"2025-05-26T10:33:16","date_gmt":"2025-05-26T08:33:16","guid":{"rendered":"https:\/\/www.ferberpainting.com\/products\/wood-glue\/"},"modified":"2026-02-19T07:15:26","modified_gmt":"2026-02-19T06:15:26","slug":"wood-glue","status":"publish","type":"product","link":"https:\/\/www.ferberpainting.com\/hr\/products\/wood-glue\/","title":{"rendered":"Ljepilo za drvo"},"content":{"rendered":"<p><strong><img decoding=\"async\" style=\"margin-right: 12px;\" src=\"https:\/\/www.ferberpainting.com\/wp-content\/uploads\/2026\/02\/Check.svg\" alt=\"\" width=\"18\" height=\"15\" \/>Stvorite ultra jake i izdr\u017eljive veze za sve va\u0161e projekte obrade drveta.<\/strong> Na\u0161e ljepilo za drvo posebno je formulirano kako bi pru\u017eilo iznimno prianjanje izme\u0111u drvenih povr\u0161ina, osiguravaju\u0107i dugotrajnu strukturnu cjelovitost i otpornost na naprezanje. Bez obzira sastavljate li namje\u0161taj, popravljate slomljene drvene dijelove ili radite na gra\u0111evinskim i stolarskim projektima, ovo visokou\u010dinkovito ljepilo prodire duboko u drvena vlakna stvaraju\u0107i vezu koja je \u010desto ja\u010da od samog drva. Uz pravilnu upotrebu, jam\u010di profesionalne rezultate za unutarnju i vanjsku primjenu.<\/p>\n<p><strong><img decoding=\"async\" style=\"margin-right: 12px;\" src=\"https:\/\/www.ferberpainting.com\/wp-content\/uploads\/2026\/02\/Check.svg\" alt=\"\" width=\"18\" height=\"15\" \/>Nudimo jamstvo povrata novca za potpuno povjerenje kupaca.<\/strong> U potpunosti jam\u010dimo za kvalitetu i u\u010dinkovitost na\u0161eg ljepila za drvo. Ako niste u potpunosti zadovoljni \u010dvrsto\u0107om lijepljenja ili rezultatima, vratit \u0107emo vam novac za kupnju. Ovo jamstvo povrata novca osigurava da proizvod mo\u017eete koristiti bez rizika, znaju\u0107i da su va\u0161e zadovoljstvo i investicija u potpunosti za\u0161ti\u0107eni.<\/p>\n<p><strong><img decoding=\"async\" style=\"margin-right: 12px;\" src=\"https:\/\/www.ferberpainting.com\/wp-content\/uploads\/2026\/02\/Check.svg\" alt=\"\" width=\"18\" height=\"15\" \/>Naju\u010dinkovitije ljepilo za drvo na tr\u017ei\u0161tu.<\/strong> Na\u0161a napredna formula pru\u017ea vrhunsku \u010dvrsto\u0107u lijepljenja u usporedbi sa standardnim ljepilima. Osigurava sna\u017eno mehani\u010dko spajanje s drvenim vlaknima i pru\u017ea pouzdanu otpornost na napetost, kompresiju i smi\u010dne sile. Nakon stvrdnjavanja, spoj postaje vrlo izdr\u017eljiv i otporan na svakodnevno habanje, \u0161to ga \u010dini naju\u010dinkovitijim rje\u0161enjem za profesionalne stolare, izra\u0111iva\u010de namje\u0161taja i entuzijaste &quot;uradi sam&quot;.<\/p>\n<p><strong><img decoding=\"async\" style=\"margin-right: 12px;\" src=\"https:\/\/www.ferberpainting.com\/wp-content\/uploads\/2026\/02\/Check.svg\" alt=\"\" width=\"18\" height=\"15\" \/>Najjeftinije profesionalno ljepilo za drvo koje je dostupno.<\/strong> Visokou\u010dinkovito lijepljenje ne bi trebalo biti preskupo. Nudimo najkonkurentnije cijene uz odr\u017eavanje vrhunskih standarda kvalitete. Optimizacijom proizvodnih i distribucijskih procesa pru\u017eamo profesionalno ljepilo za drvo po najni\u017eoj cijeni u usporedbi sa sli\u010dnim proizvodima, nude\u0107i iznimnu vrijednost za sve potrebe obrade drveta.<\/p>\n<p><strong><img decoding=\"async\" style=\"margin-right: 12px;\" src=\"https:\/\/www.ferberpainting.com\/wp-content\/uploads\/2026\/02\/Check.svg\" alt=\"\" width=\"18\" height=\"15\" \/>Zajam\u010dena 24-satna dostava za nastavak va\u0161ih projekata.<\/strong> Projekti obrade drveta \u010desto slijede kratke rokove. Zato nudimo pouzdanu 24-satnu dostavu, osiguravaju\u0107i da va\u0161e ljepilo za drvo brzo stigne i bude spremno za trenutnu upotrebu. Brza dostava omogu\u0107uje vam nastavak rada bez nepotrebnih ka\u0161njenja.<\/p>\n<p><strong><img decoding=\"async\" style=\"margin-right: 12px;\" src=\"https:\/\/www.ferberpainting.com\/wp-content\/uploads\/2026\/02\/Check.svg\" alt=\"\" width=\"18\" height=\"15\" \/>Pokrivenost do 1 m\u00b2 po litri za precizno planiranje materijala.<\/strong> Jedna litra na\u0161eg ljepila za drvo tretira do 1 \u010detvorni metar lijepljene povr\u0161ine, ovisno o debljini nano\u0161enja i poroznosti drva. Ova jasna stopa pokrivenosti omogu\u0107uje precizan izra\u010dun potrebnih koli\u010dina i osigurava dosljedne performanse lijepljenja.<\/p>\n<p><strong><img decoding=\"async\" style=\"margin-right: 12px;\" src=\"https:\/\/www.ferberpainting.com\/wp-content\/uploads\/2026\/02\/Check.svg\" alt=\"\" width=\"18\" height=\"15\" \/>Brzovezuju\u0107a formula s pouzdanim vremenom rada.<\/strong> Ljepilo nudi optimalnu ravnote\u017eu izme\u0111u otvorenog vremena i brzine stvrdnjavanja. Pru\u017ea dovoljno radnog vremena za pozicioniranje i pode\u0161avanje komponenti prije stezanja, a istovremeno se brzo stvrdnjava kako bi se smanjilo vrijeme \u010dekanja i pove\u0107ala produktivnost.<\/p>\n<p><strong><img decoding=\"async\" style=\"margin-right: 12px;\" src=\"https:\/\/www.ferberpainting.com\/wp-content\/uploads\/2026\/02\/Check.svg\" alt=\"\" width=\"18\" height=\"15\" \/>Sna\u017ena otpornost na stres i uvjete okoline.<\/strong> Nakon \u0161to se potpuno stvrdne, ljepilo stvara trajnu vezu koja je otporna na mehani\u010dka optere\u0107enja i umjerene promjene u okoli\u0161u. Poma\u017ee u odr\u017eavanju strukturne cjelovitosti drvenih sklopova tijekom vremena.<\/p>\n<p><strong><img decoding=\"async\" style=\"margin-right: 12px;\" src=\"https:\/\/www.ferberpainting.com\/wp-content\/uploads\/2026\/02\/Check.svg\" alt=\"\" width=\"18\" height=\"15\" \/>Pogodno za razli\u010dite vrste drva i primjene u obradi drveta.<\/strong> Ljepilo se mo\u017ee koristiti na povr\u0161inama od tvrdog drva, mekog drva, \u0161perplo\u010de, iverice, MDF-a i laminiranog drva. Idealno je za sastavljanje namje\u0161taja, lijepljenje panela, lijepljenje rubova, tiplanje, stolariju i op\u0107e popravke.<\/p>\n<p><strong><img decoding=\"async\" style=\"margin-right: 12px;\" src=\"https:\/\/www.ferberpainting.com\/wp-content\/uploads\/2026\/02\/Check.svg\" alt=\"\" width=\"18\" height=\"15\" \/>Jednostavna primjena za profesionalce i DIY korisnike.<\/strong> Glatka konzistencija osigurava jednostavno i ravnomjerno nano\u0161enje \u010detkom, valjkom ili aplikatorom za ljepilo. Njegova jednostavna formula omogu\u0107uje \u010disto nano\u0161enje s minimalnim otpadom, \u0161to ga \u010dini prikladnim i za velike profesionalne projekte i za manje ku\u0107ne popravke.<\/p>\n<h2><strong>Upute<\/strong><\/h2>\n<ul>\n<li>Pazite da drvene povr\u0161ine koje se lijepe budu \u010diste, suhe i bez pra\u0161ine, masno\u0107e ili rastresitih \u010destica.<\/li>\n<li>Po potrebi lagano izbrusite glatke povr\u0161ine kako biste pobolj\u0161ali prianjanje i osigurali bolje lijepljenje.<\/li>\n<li>Prije upotrebe, ljepilo za drvo dobro promije\u0161ajte kako biste osigurali ujedna\u010denu konzistenciju.<\/li>\n<li>Nanesite tanki, ravnomjerni sloj ljepila na jednu ili obje povr\u0161ine pomo\u0107u kista, valjka ili aplikatora.<\/li>\n<li>Preporu\u010dena doza je otprilike 1 litra na 1 m\u00b2 lijepljene povr\u0161ine, ovisno o poroznosti drva i vrsti spoja.<\/li>\n<li>Spojite povr\u0161ine odmah nakon nano\u0161enja ljepila.<\/li>\n<li>Primijenite \u010dvrst i ravnomjeran pritisak pomo\u0107u stezaljki kako biste osigurali pravilan kontakt izme\u0111u povr\u0161ina.<\/li>\n<li>Odr\u017eavajte pritisak stezanja tijekom preporu\u010denog vremena stvrdnjavanja, obi\u010dno 30 do 60 minuta, ovisno o temperaturi i vla\u017enosti.<\/li>\n<li>Ostavite da se spoj potpuno stvrdne najmanje 24 sata prije nego \u0161to ga izlo\u017eite velikim optere\u0107enjima ili mehani\u010dkim naprezanjima.<\/li>\n<li>Vi\u0161ak ljepila odmah uklonite vla\u017enom krpom prije nego \u0161to se osu\u0161i.<\/li>\n<li>Alat i opremu odmah nakon upotrebe o\u010distite vodom.<\/li>\n<li>Proizvod \u010duvajte dobro zatvoren na hladnom i suhom mjestu, za\u0161ti\u0107eno od smrzavanja i izravne sun\u010deve svjetlosti.<\/li>\n<li>\u010cuvati izvan dohvata djece i pridr\u017eavati se standardnih sigurnosnih mjera tijekom rukovanja i primjene.<\/li>\n<\/ul>","protected":false},"excerpt":{"rendered":"<p>Create ultra-strong and durable bonds for all your woodworking projects. Our wood glue is specially formulated to deliver exceptional adhesion between wooden surfaces, ensuring long-lasting structural integrity and resistance to stress. Whether you are assembling furniture, repairing broken wooden parts, or working on construction and carpentry projects, this high-performance adhesive penetrates deep into the wood [&hellip;]<\/p>\n","protected":false},"featured_media":169813,"comment_status":"open","ping_status":"closed","template":"","meta":{"_uag_custom_page_level_css":"","site-sidebar-layout":"default","site-content-layout":"","ast-site-content-layout":"default","site-content-style":"default","site-sidebar-style":"default","ast-global-header-display":"","ast-banner-title-visibility":"","ast-main-header-display":"","ast-hfb-above-header-display":"","ast-hfb-below-header-display":"","ast-hfb-mobile-header-display":"","site-post-title":"","ast-breadcrumbs-content":"","ast-featured-img":"","footer-sml-layout":"","ast-disable-related-posts":"","theme-transparent-header-meta":"default","adv-header-id-meta":"","stick-header-meta":"","header-above-stick-meta":"","header-main-stick-meta":"","header-below-stick-meta":"","astra-migrate-meta-layouts":"set","ast-page-background-enabled":"default","ast-page-background-meta":{"desktop":{"background-color":"var(--ast-global-color-4)","background-image":"","background-repeat":"repeat","background-position":"center center","background-size":"auto","background-attachment":"scroll","background-type":"","background-media":"","overlay-type":"","overlay-color":"","overlay-opacity":"","overlay-gradient":""},"tablet":{"background-color":"","background-image":"","background-repeat":"repeat","background-position":"center center","background-size":"auto","background-attachment":"scroll","background-type":"","background-media":"","overlay-type":"","overlay-color":"","overlay-opacity":"","overlay-gradient":""},"mobile":{"background-color":"","background-image":"","background-repeat":"repeat","background-position":"center center","background-size":"auto","background-attachment":"scroll","background-type":"","background-media":"","overlay-type":"","overlay-color":"","overlay-opacity":"","overlay-gradient":""}},"ast-content-background-meta":{"desktop":{"background-color":"var(--ast-global-color-5)","background-image":"","background-repeat":"repeat","background-position":"center center","background-size":"auto","background-attachment":"scroll","background-type":"","background-media":"","overlay-type":"","overlay-color":"","overlay-opacity":"","overlay-gradient":""},"tablet":{"background-color":"var(--ast-global-color-5)","background-image":"","background-repeat":"repeat","background-position":"center center","background-size":"auto","background-attachment":"scroll","background-type":"","background-media":"","overlay-type":"","overlay-color":"","overlay-opacity":"","overlay-gradient":""},"mobile":{"background-color":"var(--ast-global-color-5)","background-image":"","background-repeat":"repeat","background-position":"center center","background-size":"auto","background-attachment":"scroll","background-type":"","background-media":"","overlay-type":"","overlay-color":"","overlay-opacity":"","overlay-gradient":""}}},"product_brand":[],"product_cat":[193],"product_tag":[],"class_list":{"0":"post-25662","1":"product","2":"type-product","3":"status-publish","4":"has-post-thumbnail","6":"product_cat-wood-treatment","7":"desktop-align-left","8":"tablet-align-left","9":"mobile-align-left","11":"first","12":"instock","13":"sale","14":"shipping-taxable","15":"purchasable","16":"product-type-variable","17":"has-default-attributes"},"spectra_custom_meta":{"_visibility":["visible"],"_shopify_product_id":["7954742116597"],"_s2w_shopify_domain":["ferberpainting.myshopify.com"],"_shopify_variant_id":["43513191760117"],"_sku":[""],"_manage_stock":["no"],"total_sales":["16"],"_tax_status":["taxable"],"_tax_class":[""],"_backorders":["no"],"_sold_individually":["no"],"_virtual":["no"],"_downloadable":["no"],"_download_limit":["-1"],"_download_expiry":["-1"],"_stock":[null],"_stock_status":["instock"],"_wc_average_rating":["4.90"],"_wc_review_count":["39"],"_product_attributes":["a:1:{s:6:\"volume\";a:6:{s:4:\"name\";s:6:\"Volume\";s:5:\"value\";s:20:\"5 liters | 20 liters\";s:8:\"position\";i:1;s:10:\"is_visible\";i:0;s:12:\"is_variation\";i:1;s:11:\"is_taxonomy\";i:0;}}"],"_product_version":["10.5.2"],"_thumbnail_id":["169813"],"merchant-center-availability":["yes"],"merchant-center-category":["503742"],"merchant-center-id":["WG"],"wpse_downloadable_file_names":[""],"wpse_downloadable_file_urls":[""],"_edit_last":["1"],"_default_attributes":["a:1:{s:6:\"volume\";s:8:\"5 liters\";}"],"_wc_rating_count":["a:2:{i:4;i:4;i:5;i:35;}"],"_edit_lock":["1771481590:1"],"_wp_page_template":["default"],"site-sidebar-layout":["default"],"ast-site-content-layout":["default"],"site-content-style":["default"],"site-sidebar-style":["default"],"theme-transparent-header-meta":["default"],"_price":["29.90","89.90"],"_product_image_gallery":["169814"],"astra-migrate-meta-layouts":["set"],"_uag_css_file_name":["uag-css-25662.css"],"_elementor_page_assets":["a:0:{}"],"_uag_page_assets":["a:9:{s:3:\"css\";s:7133:\".uag-blocks-common-selector{z-index:var(--z-index-desktop) !important}@media(max-width: 976px){.uag-blocks-common-selector{z-index:var(--z-index-tablet) !important}}@media(max-width: 767px){.uag-blocks-common-selector{z-index:var(--z-index-mobile) !important}}.wp-block-uagb-image{display:flex}.wp-block-uagb-image__figure{position:relative;display:flex;flex-direction:column;max-width:100%;height:auto;margin:0}.wp-block-uagb-image__figure img{height:auto;display:flex;max-width:100%;transition:box-shadow .2s ease}.wp-block-uagb-image__figure>a{display:inline-block}.wp-block-uagb-image__figure figcaption{text-align:center;margin-top:.5em;margin-bottom:1em}.wp-block-uagb-image .components-placeholder.block-editor-media-placeholder .components-placeholder__instructions{align-self:center}.wp-block-uagb-image--align-left{text-align:left}.wp-block-uagb-image--align-right{text-align:right}.wp-block-uagb-image--align-center{text-align:center}.wp-block-uagb-image--align-full .wp-block-uagb-image__figure{margin-left:calc(50% - 50vw);margin-right:calc(50% - 50vw);max-width:100vw;width:100vw;height:auto}.wp-block-uagb-image--align-full .wp-block-uagb-image__figure img{height:auto;width:100% !important}.wp-block-uagb-image--align-wide .wp-block-uagb-image__figure img{height:auto;width:100%}.wp-block-uagb-image--layout-overlay__color-wrapper{position:absolute;left:0;top:0;right:0;bottom:0;opacity:.2;background:rgba(0,0,0,.5);transition:opacity .35s ease-in-out}.wp-block-uagb-image--layout-overlay-link{position:absolute;left:0;right:0;bottom:0;top:0}.wp-block-uagb-image--layout-overlay .wp-block-uagb-image__figure:hover .wp-block-uagb-image--layout-overlay__color-wrapper{opacity:1}.wp-block-uagb-image--layout-overlay__inner{position:absolute;left:15px;right:15px;bottom:15px;top:15px;display:flex;align-items:center;justify-content:center;flex-direction:column;border-color:#fff;transition:.35s ease-in-out}.wp-block-uagb-image--layout-overlay__inner.top-left,.wp-block-uagb-image--layout-overlay__inner.top-center,.wp-block-uagb-image--layout-overlay__inner.top-right{justify-content:flex-start}.wp-block-uagb-image--layout-overlay__inner.bottom-left,.wp-block-uagb-image--layout-overlay__inner.bottom-center,.wp-block-uagb-image--layout-overlay__inner.bottom-right{justify-content:flex-end}.wp-block-uagb-image--layout-overlay__inner.top-left,.wp-block-uagb-image--layout-overlay__inner.center-left,.wp-block-uagb-image--layout-overlay__inner.bottom-left{align-items:flex-start}.wp-block-uagb-image--layout-overlay__inner.top-right,.wp-block-uagb-image--layout-overlay__inner.center-right,.wp-block-uagb-image--layout-overlay__inner.bottom-right{align-items:flex-end}.wp-block-uagb-image--layout-overlay__inner .uagb-image-heading{color:#fff;transition:transform .35s,opacity .35s ease-in-out;transform:translate3d(0, 24px, 0);margin:0;line-height:1em}.wp-block-uagb-image--layout-overlay__inner .uagb-image-separator{width:30%;border-top-width:2px;border-top-color:#fff;border-top-style:solid;margin-bottom:10px;opacity:0;transition:transform .4s,opacity .4s ease-in-out;transform:translate3d(0, 30px, 0)}.wp-block-uagb-image--layout-overlay__inner .uagb-image-caption{opacity:0;overflow:visible;color:#fff;transition:transform .45s,opacity .45s ease-in-out;transform:translate3d(0, 35px, 0)}.wp-block-uagb-image--layout-overlay__inner:hover .uagb-image-heading,.wp-block-uagb-image--layout-overlay__inner:hover .uagb-image-separator,.wp-block-uagb-image--layout-overlay__inner:hover .uagb-image-caption{opacity:1;transform:translate3d(0, 0, 0)}.wp-block-uagb-image--effect-zoomin .wp-block-uagb-image__figure img,.wp-block-uagb-image--effect-zoomin .wp-block-uagb-image__figure .wp-block-uagb-image--layout-overlay__color-wrapper{transform:scale(1);transition:transform .35s ease-in-out}.wp-block-uagb-image--effect-zoomin .wp-block-uagb-image__figure:hover img,.wp-block-uagb-image--effect-zoomin .wp-block-uagb-image__figure:hover .wp-block-uagb-image--layout-overlay__color-wrapper{transform:scale(1.05)}.wp-block-uagb-image--effect-slide .wp-block-uagb-image__figure img,.wp-block-uagb-image--effect-slide .wp-block-uagb-image__figure .wp-block-uagb-image--layout-overlay__color-wrapper{width:calc(100% + 40px) !important;max-width:none !important;transform:translate3d(-40px, 0, 0);transition:transform .35s ease-in-out}.wp-block-uagb-image--effect-slide .wp-block-uagb-image__figure:hover img,.wp-block-uagb-image--effect-slide .wp-block-uagb-image__figure:hover .wp-block-uagb-image--layout-overlay__color-wrapper{transform:translate3d(0, 0, 0)}.wp-block-uagb-image--effect-grayscale img{filter:grayscale(0%);transition:.35s ease-in-out}.wp-block-uagb-image--effect-grayscale:hover img{filter:grayscale(100%)}.wp-block-uagb-image--effect-blur img{filter:blur(0);transition:.35s ease-in-out}.wp-block-uagb-image--effect-blur:hover img{filter:blur(3px)}.uagb-block-e6f939b3.wp-block-uagb-image--layout-default figure img{box-shadow: 0px 0px 0 #00000070;}.uagb-block-e6f939b3.wp-block-uagb-image .wp-block-uagb-image__figure figcaption{font-style: normal;align-self: center;}.uagb-block-e6f939b3.wp-block-uagb-image--layout-overlay figure img{box-shadow: 0px 0px 0 #00000070;}.uagb-block-e6f939b3.wp-block-uagb-image--layout-overlay .wp-block-uagb-image--layout-overlay__color-wrapper{opacity: 0.2;}.uagb-block-e6f939b3.wp-block-uagb-image--layout-overlay .wp-block-uagb-image--layout-overlay__inner{left: 15px;right: 15px;top: 15px;bottom: 15px;}.uagb-block-e6f939b3.wp-block-uagb-image--layout-overlay .wp-block-uagb-image--layout-overlay__inner .uagb-image-heading{font-style: normal;color: #fff;opacity: 1;}.uagb-block-e6f939b3.wp-block-uagb-image--layout-overlay .wp-block-uagb-image--layout-overlay__inner .uagb-image-heading a{color: #fff;}.uagb-block-e6f939b3.wp-block-uagb-image--layout-overlay .wp-block-uagb-image--layout-overlay__inner .uagb-image-caption{opacity: 0;}.uagb-block-e6f939b3.wp-block-uagb-image--layout-overlay .wp-block-uagb-image__figure:hover .wp-block-uagb-image--layout-overlay__color-wrapper{opacity: 1;}.uagb-block-e6f939b3.wp-block-uagb-image .wp-block-uagb-image--layout-overlay__inner .uagb-image-separator{width: 30%;border-top-width: 2px;border-top-color: #fff;opacity: 0;}.uagb-block-e6f939b3.wp-block-uagb-image .wp-block-uagb-image__figure img{width: px;height: auto;}.uagb-block-e6f939b3.wp-block-uagb-image .wp-block-uagb-image__figure:hover .wp-block-uagb-image--layout-overlay__inner .uagb-image-caption{opacity: 1;}.uagb-block-e6f939b3.wp-block-uagb-image .wp-block-uagb-image__figure:hover .wp-block-uagb-image--layout-overlay__inner .uagb-image-separator{opacity: 1;}.uagb-block-e6f939b3.wp-block-uagb-image--layout-default figure:hover img{box-shadow: 0px 0px 0 #00000070;}.uagb-block-e6f939b3.wp-block-uagb-image--layout-overlay figure:hover img{box-shadow: 0px 0px 0 #00000070;}@media only screen and (max-width: 976px) {.uagb-block-e6f939b3.wp-block-uagb-image .wp-block-uagb-image__figure img{width: px;height: auto;}}@media only screen and (max-width: 767px) {.uagb-block-e6f939b3.wp-block-uagb-image .wp-block-uagb-image__figure img{width: px;height: auto;}}\";s:2:\"js\";s:0:\"\";s:18:\"current_block_list\";a:13:{i:0;s:11:\"core\/search\";i:1;s:10:\"core\/group\";i:2;s:12:\"core\/heading\";i:3;s:17:\"core\/latest-posts\";i:4;s:20:\"core\/latest-comments\";i:5;s:13:\"core\/archives\";i:6;s:15:\"core\/categories\";i:7;s:14:\"core\/paragraph\";i:8;s:10:\"uagb\/image\";i:9;s:11:\"core\/spacer\";i:10;s:30:\"woocommerce\/product-categories\";i:11;s:10:\"core\/image\";i:12;s:14:\"core\/shortcode\";}s:8:\"uag_flag\";b:1;s:11:\"uag_version\";s:10:\"1777089820\";s:6:\"gfonts\";a:0:{}s:10:\"gfonts_url\";s:0:\"\";s:12:\"gfonts_files\";a:0:{}s:14:\"uag_faq_layout\";b:0;}"]},"uagb_featured_image_src":{"full":["https:\/\/www.ferberpainting.com\/wp-content\/uploads\/2025\/05\/Wood-Glue-5L-Mockups-1.png",2560,2560,false],"thumbnail":["https:\/\/www.ferberpainting.com\/wp-content\/uploads\/2025\/05\/Wood-Glue-5L-Mockups-1-150x150.png",150,150,true],"medium":["https:\/\/www.ferberpainting.com\/wp-content\/uploads\/2025\/05\/Wood-Glue-5L-Mockups-1-300x300.png",300,300,true],"medium_large":["https:\/\/www.ferberpainting.com\/wp-content\/uploads\/2025\/05\/Wood-Glue-5L-Mockups-1-768x768.png",768,768,true],"large":["https:\/\/www.ferberpainting.com\/wp-content\/uploads\/2025\/05\/Wood-Glue-5L-Mockups-1-1024x1024.png",1024,1024,true],"1536x1536":["https:\/\/www.ferberpainting.com\/wp-content\/uploads\/2025\/05\/Wood-Glue-5L-Mockups-1-1536x1536.png",1536,1536,true],"2048x2048":["https:\/\/www.ferberpainting.com\/wp-content\/uploads\/2025\/05\/Wood-Glue-5L-Mockups-1-2048x2048.png",2048,2048,true],"trp-custom-language-flag":["https:\/\/www.ferberpainting.com\/wp-content\/uploads\/2025\/05\/Wood-Glue-5L-Mockups-1-12x12.png",12,12,true],"woocommerce_thumbnail":["https:\/\/www.ferberpainting.com\/wp-content\/uploads\/2025\/05\/Wood-Glue-5L-Mockups-1-300x300.png",300,300,true],"woocommerce_single":["https:\/\/www.ferberpainting.com\/wp-content\/uploads\/2025\/05\/Wood-Glue-5L-Mockups-1-600x600.png",600,600,true],"woocommerce_gallery_thumbnail":["https:\/\/www.ferberpainting.com\/wp-content\/uploads\/2025\/05\/Wood-Glue-5L-Mockups-1-100x100.png",100,100,true]},"uagb_author_info":{"display_name":"admin","author_link":"https:\/\/www.ferberpainting.com\/hr\/author\/"},"uagb_comment_info":39,"uagb_excerpt":"Create ultra-strong and durable bonds for all your woodworking projects. Our wood glue is specially formulated to deliver exceptional adhesion between wooden surfaces, ensuring long-lasting structural integrity and resistance to stress. Whether you are assembling furniture, repairing broken wooden parts, or working on construction and carpentry projects, this high-performance adhesive penetrates deep into the wood&hellip;","_links":{"self":[{"href":"https:\/\/www.ferberpainting.com\/hr\/wp-json\/wp\/v2\/product\/25662","targetHints":{"allow":["GET"]}}],"collection":[{"href":"https:\/\/www.ferberpainting.com\/hr\/wp-json\/wp\/v2\/product"}],"about":[{"href":"https:\/\/www.ferberpainting.com\/hr\/wp-json\/wp\/v2\/types\/product"}],"replies":[{"embeddable":true,"href":"https:\/\/www.ferberpainting.com\/hr\/wp-json\/wp\/v2\/comments?post=25662"}],"version-history":[{"count":3,"href":"https:\/\/www.ferberpainting.com\/hr\/wp-json\/wp\/v2\/product\/25662\/revisions"}],"predecessor-version":[{"id":169133,"href":"https:\/\/www.ferberpainting.com\/hr\/wp-json\/wp\/v2\/product\/25662\/revisions\/169133"}],"wp:featuredmedia":[{"embeddable":true,"href":"https:\/\/www.ferberpainting.com\/hr\/wp-json\/wp\/v2\/media\/169813"}],"wp:attachment":[{"href":"https:\/\/www.ferberpainting.com\/hr\/wp-json\/wp\/v2\/media?parent=25662"}],"wp:term":[{"taxonomy":"product_brand","embeddable":true,"href":"https:\/\/www.ferberpainting.com\/hr\/wp-json\/wp\/v2\/product_brand?post=25662"},{"taxonomy":"product_cat","embeddable":true,"href":"https:\/\/www.ferberpainting.com\/hr\/wp-json\/wp\/v2\/product_cat?post=25662"},{"taxonomy":"product_tag","embeddable":true,"href":"https:\/\/www.ferberpainting.com\/hr\/wp-json\/wp\/v2\/product_tag?post=25662"}],"curies":[{"name":"radni list","href":"https:\/\/api.w.org\/{rel}","templated":true}]}}