{"id":25646,"date":"2025-05-26T10:33:07","date_gmt":"2025-05-26T08:33:07","guid":{"rendered":"https:\/\/www.ferberpainting.com\/products\/waterproofing-treatment-for-fabrics\/"},"modified":"2026-02-17T21:05:59","modified_gmt":"2026-02-17T20:05:59","slug":"waterproofing-treatment-for-fabrics","status":"publish","type":"product","link":"https:\/\/www.ferberpainting.com\/hr\/products\/waterproofing-treatment-for-fabrics\/","title":{"rendered":"Impregnacija za tkanine"},"content":{"rendered":"<p><strong><img decoding=\"async\" style=\"margin-right: 12px;\" src=\"https:\/\/www.ferberpainting.com\/wp-content\/uploads\/2026\/02\/Check.svg\" alt=\"\" width=\"18\" height=\"15\" \/>Pru\u017ea naprednu vodootpornu za\u0161titu za sve vrste tkanina.<\/strong> Na\u0161 tretman za vodootpornost tkanina posebno je formuliran kako bi stvorio izdr\u017eljivu i nevidljivu barijeru koja odbija vodu, vlagu i mrlje od teku\u0107ina. Dizajniran za prirodne i sinteti\u010dke tekstile, prodire duboko u vlakna bez promjene njihove fleksibilnosti, teksture ili prozra\u010dnosti. Bilo da se koristi na vanjskim jastucima, tendama, \u0161atorima, jaknama, presvlakama ili unutra\u0161njosti automobila, ovaj tretman osigurava dugotrajnu za\u0161titu od ki\u0161e, prolijevanja i vlage, a istovremeno odr\u017eava udobnost i izgled tkanine.<\/p>\n<p><strong><img decoding=\"async\" style=\"margin-right: 12px;\" src=\"https:\/\/www.ferberpainting.com\/wp-content\/uploads\/2026\/02\/Check.svg\" alt=\"\" width=\"18\" height=\"15\" \/>Nudimo jamstvo povrata novca za potpuno povjerenje.<\/strong> Potpuno smo uvjereni u u\u010dinkovitost na\u0161eg hidroizolacijskog tretmana. Ako niste u potpunosti zadovoljni rezultatima, vratit \u0107emo vam novac za kupnju. Ovo jamstvo povrata novca omogu\u0107uje vam da proizvod nanesete bez rizika, znaju\u0107i da su va\u0161e zadovoljstvo i za\u0161tita na\u0161 prioritet.<\/p>\n<p><strong><img decoding=\"async\" style=\"margin-right: 12px;\" src=\"https:\/\/www.ferberpainting.com\/wp-content\/uploads\/2026\/02\/Check.svg\" alt=\"\" width=\"18\" height=\"15\" \/>Naju\u010dinkovitije rje\u0161enje za hidroizolaciju tkanina na tr\u017ei\u0161tu.<\/strong> Na\u0161a visokou\u010dinkovita formula izravno se ve\u017ee za tekstilna vlakna, stvaraju\u0107i sna\u017ean hidrofobni \u0161tit koji sprje\u010dava prodiranje vode u materijal. Za razliku od privremenih sprejeva koji se brzo tro\u0161e, na\u0161 tretman nudi dugotrajnu otpornost na vlagu i mrlje. Obnavlja svojstva stvaranja vodenih kapljica \u010dak i na prethodno tretiranim tkaninama, \u0161to ga \u010dini naju\u010dinkovitijim rje\u0161enjem za dugotrajnu za\u0161titu tekstila.<\/p>\n<p><strong><img decoding=\"async\" style=\"margin-right: 12px;\" src=\"https:\/\/www.ferberpainting.com\/wp-content\/uploads\/2026\/02\/Check.svg\" alt=\"\" width=\"18\" height=\"15\" \/>Najjeftiniji profesionalni hidroizolacijski tretman dostupan.<\/strong> Vrhunska za\u0161tita tkanina ne bi trebala dolaziti s visokom cijenom. Nudimo najkonkurentnije cijene uz odr\u017eavanje vrhunskih standarda performansi. Optimizacijom proizvodnje i lanaca opskrbe isporu\u010dujemo profesionalnu kvalitetu hidroizolacijskog tretmana po najni\u017eoj cijeni u usporedbi sa sli\u010dnim proizvodima, osiguravaju\u0107i iznimnu vrijednost za vlasnike ku\u0107a i profesionalce.<\/p>\n<p><strong><img decoding=\"async\" style=\"margin-right: 12px;\" src=\"https:\/\/www.ferberpainting.com\/wp-content\/uploads\/2026\/02\/Check.svg\" alt=\"\" width=\"18\" height=\"15\" \/>Zajam\u010dena 24-satna dostava za brzu za\u0161titu.<\/strong> Kada neo\u010dekivane vremenske prilike ili sezonske promjene zahtijevaju hitnu akciju, ne biste trebali \u010dekati. Zato nudimo pouzdanu dostavu u roku od 24 sata, osiguravaju\u0107i da va\u0161a hidroizolacijska za\u0161tita brzo stigne i bude spremna za trenutnu upotrebu. Brza dostava omogu\u0107uje vam za\u0161titu tkanina prije izlaganja ki\u0161i ili vlazi.<\/p>\n<p><strong><img decoding=\"async\" style=\"margin-right: 12px;\" src=\"https:\/\/www.ferberpainting.com\/wp-content\/uploads\/2026\/02\/Check.svg\" alt=\"\" width=\"18\" height=\"15\" \/>Pokrivenost do 5 m\u00b2 po litri za precizno planiranje.<\/strong> Jedna litra na\u0161eg hidroizolacijskog tretmana pokriva do 5 \u010detvornih metara, ovisno o debljini tkanine i stupnju upijanja. Ova jasna stopa pokrivenosti omogu\u0107uje to\u010dan izra\u010dun koli\u010dine i osigurava dovoljnu debljinu nano\u0161enja za optimalne performanse.<\/p>\n<p><strong><img decoding=\"async\" style=\"margin-right: 12px;\" src=\"https:\/\/www.ferberpainting.com\/wp-content\/uploads\/2026\/02\/Check.svg\" alt=\"\" width=\"18\" height=\"15\" \/>Nevidljivi zavr\u0161ni sloj koji \u010duva izgled i osje\u0107aj tkanine.<\/strong> Tretman se su\u0161i prozirno i ne ostavlja vidljive ostatke, krutost ili promjenu boje uz pravilnu primjenu. Odr\u017eava izvornu teksturu, fleksibilnost i prozra\u010dnost tkanine, osiguravaju\u0107i udobnost uz pru\u017eanje napredne za\u0161tite.<\/p>\n<p><strong><img decoding=\"async\" style=\"margin-right: 12px;\" src=\"https:\/\/www.ferberpainting.com\/wp-content\/uploads\/2026\/02\/Check.svg\" alt=\"\" width=\"18\" height=\"15\" \/>\u0160titi od vode, mrlja i prljav\u0161tine.<\/strong> Osim \u0161to odbija ki\u0161u i vlagu, formula smanjuje prodiranje teku\u0107ih mrlja poput kave, vina ili ulja. Poma\u017ee tkaninama da dulje ostanu \u010diste i pojednostavljuje odr\u017eavanje sprje\u010davanjem dubinskog upijanja one\u010di\u0161\u0107enja.<\/p>\n<p><strong><img decoding=\"async\" style=\"margin-right: 12px;\" src=\"https:\/\/www.ferberpainting.com\/wp-content\/uploads\/2026\/02\/Check.svg\" alt=\"\" width=\"18\" height=\"15\" \/>Pogodno za unutarnju i vanjsku upotrebu tekstila.<\/strong> Tretman za vodootpornost mo\u017ee se koristiti na \u0161irokom rasponu materijala, uklju\u010duju\u0107i pamuk, poliester, platno, akril i mije\u0161ane tkanine. Idealan je za jastuke za vanjski namje\u0161taj, suncobrane, \u0161atore, navlake za brodove, odje\u0107u, ruksake i presvlake izlo\u017eene vlazi.<\/p>\n<p><strong><img decoding=\"async\" style=\"margin-right: 12px;\" src=\"https:\/\/www.ferberpainting.com\/wp-content\/uploads\/2026\/02\/Check.svg\" alt=\"\" width=\"18\" height=\"15\" \/>Jednostavno nano\u0161enje prskanjem za profesionalce i vlasnike ku\u0107a.<\/strong> Proizvod je dizajniran za jednostavnu i u\u010dinkovitu upotrebu s raspr\u0161iva\u010dem ili odgovaraju\u0107im aplikatorom. Njegova teku\u0107a konzistencija osigurava ravnomjernu raspodjelu i kontroliranu apsorpciju u tekstilna vlakna, \u0161to ga \u010dini prikladnim i za male ku\u0107anske projekte i za velike komercijalne primjene.<\/p>\n<h2><strong>Upute<\/strong><\/h2>\n<ul>\n<li>Prije nano\u0161enja hidroizolacijskog premaza provjerite je li tkanina \u010dista i potpuno suha.<\/li>\n<li>Uklonite pra\u0161inu, prljav\u0161tinu i mrlje odgovaraju\u0107im sredstvom za \u010di\u0161\u0107enje tkanina i ostavite materijal da se potpuno osu\u0161i.<\/li>\n<li>Prije upotrebe dobro protresite proizvod kako biste osigurali ujedna\u010denu konzistenciju.<\/li>\n<li>Testirajte tretman na malom, skrivenom podru\u010dju kako biste provjerili kompatibilnost i potvrdili da izgled ostaje nepromijenjen.<\/li>\n<li>Proizvod ravnomjerno nanesite pomo\u0107u boce s raspr\u0161iva\u010dem ili niskotla\u010dnog raspr\u0161iva\u010da, osiguravaju\u0107i potpunu i jednoliku pokrivenost povr\u0161ine tkanine.<\/li>\n<li>Preporu\u010dena doza je otprilike 200 ml po kvadratnom metru, jer jedna litra tretira do 5 m\u00b2. Za jako upijaju\u0107e tkanine mo\u017ee biti potrebno malo vi\u0161e proizvoda.<\/li>\n<li>Izbjegavajte prenatopljenje tkanine. Nanesite dovoljno da ravnomjerno navla\u017eite vlakna bez kapanja.<\/li>\n<li>Ostavite tretiranu tkaninu da se potpuno osu\u0161i, po mogu\u0107nosti u dobro prozra\u010denom prostoru.<\/li>\n<li>Ne izla\u017eite tretiranu tkaninu ki\u0161i ili vlazi dok se potpuno ne osu\u0161i, obi\u010dno nakon 24 sata.<\/li>\n<li>Za optimalne performanse, nanesite drugi tanki sloj ako je tkanina vrlo porozna ili jako izlo\u017eena vlazi.<\/li>\n<li>Alate za nano\u0161enje odmah nakon upotrebe o\u010distite prema uputama za proizvod.<\/li>\n<li>Tretman povremeno ponovno nanosite, posebno nakon pranja ili duljeg izlaganja vanjskom prostoru, kako biste odr\u017eali u\u010dinkovitu vodoodbojnost.<\/li>\n<li>Proizvod \u010duvajte dobro zatvoren na hladnom i suhom mjestu, za\u0161ti\u0107eno od smrzavanja i izravne sun\u010deve svjetlosti. \u010cuvajte izvan dohvata djece i pridr\u017eavajte se standardnih sigurnosnih mjera tijekom rukovanja i primjene.<\/li>\n<\/ul>","protected":false},"excerpt":{"rendered":"<p>Provide advanced waterproof protection for all types of fabrics. Our waterproofing treatment for fabrics is specially formulated to create a durable and invisible barrier that repels water, moisture, and liquid stains. Designed for both natural and synthetic textiles, it penetrates deep into the fibers without altering their flexibility, texture, or breathability. Whether used on outdoor [&hellip;]<\/p>\n","protected":false},"featured_media":27450,"comment_status":"open","ping_status":"closed","template":"","meta":{"_uag_custom_page_level_css":"","site-sidebar-layout":"default","site-content-layout":"","ast-site-content-layout":"default","site-content-style":"default","site-sidebar-style":"default","ast-global-header-display":"","ast-banner-title-visibility":"","ast-main-header-display":"","ast-hfb-above-header-display":"","ast-hfb-below-header-display":"","ast-hfb-mobile-header-display":"","site-post-title":"","ast-breadcrumbs-content":"","ast-featured-img":"","footer-sml-layout":"","ast-disable-related-posts":"","theme-transparent-header-meta":"default","adv-header-id-meta":"","stick-header-meta":"","header-above-stick-meta":"","header-main-stick-meta":"","header-below-stick-meta":"","astra-migrate-meta-layouts":"set","ast-page-background-enabled":"default","ast-page-background-meta":{"desktop":{"background-color":"var(--ast-global-color-4)","background-image":"","background-repeat":"repeat","background-position":"center center","background-size":"auto","background-attachment":"scroll","background-type":"","background-media":"","overlay-type":"","overlay-color":"","overlay-opacity":"","overlay-gradient":""},"tablet":{"background-color":"","background-image":"","background-repeat":"repeat","background-position":"center center","background-size":"auto","background-attachment":"scroll","background-type":"","background-media":"","overlay-type":"","overlay-color":"","overlay-opacity":"","overlay-gradient":""},"mobile":{"background-color":"","background-image":"","background-repeat":"repeat","background-position":"center center","background-size":"auto","background-attachment":"scroll","background-type":"","background-media":"","overlay-type":"","overlay-color":"","overlay-opacity":"","overlay-gradient":""}},"ast-content-background-meta":{"desktop":{"background-color":"var(--ast-global-color-5)","background-image":"","background-repeat":"repeat","background-position":"center center","background-size":"auto","background-attachment":"scroll","background-type":"","background-media":"","overlay-type":"","overlay-color":"","overlay-opacity":"","overlay-gradient":""},"tablet":{"background-color":"var(--ast-global-color-5)","background-image":"","background-repeat":"repeat","background-position":"center center","background-size":"auto","background-attachment":"scroll","background-type":"","background-media":"","overlay-type":"","overlay-color":"","overlay-opacity":"","overlay-gradient":""},"mobile":{"background-color":"var(--ast-global-color-5)","background-image":"","background-repeat":"repeat","background-position":"center center","background-size":"auto","background-attachment":"scroll","background-type":"","background-media":"","overlay-type":"","overlay-color":"","overlay-opacity":"","overlay-gradient":""}}},"product_brand":[],"product_cat":[191],"product_tag":[],"class_list":{"0":"post-25646","1":"product","2":"type-product","3":"status-publish","4":"has-post-thumbnail","6":"product_cat-water-repellent","7":"desktop-align-left","8":"tablet-align-left","9":"mobile-align-left","11":"first","12":"instock","13":"sale","14":"taxable","15":"shipping-taxable","16":"purchasable","17":"product-type-variable","18":"has-default-attributes"},"spectra_custom_meta":{"_visibility":["visible"],"_shopify_product_id":["7954887540981"],"_s2w_shopify_domain":["ferberpainting.myshopify.com"],"_shopify_variant_id":["43513775194357"],"_sku":[""],"_manage_stock":["no"],"total_sales":["37"],"_tax_status":["taxable"],"_tax_class":[""],"_backorders":["no"],"_sold_individually":["no"],"_virtual":["no"],"_downloadable":["no"],"_download_limit":["-1"],"_download_expiry":["-1"],"_stock":[null],"_stock_status":["instock"],"_wc_average_rating":["4.95"],"_wc_review_count":["80"],"_product_attributes":["a:1:{s:6:\"volume\";a:6:{s:4:\"name\";s:6:\"Volume\";s:5:\"value\";s:30:\"1 liter | 5 liters | 25 liters\";s:8:\"position\";i:1;s:10:\"is_visible\";i:0;s:12:\"is_variation\";i:1;s:11:\"is_taxonomy\";i:0;}}"],"_product_version":["10.5.2"],"_thumbnail_id":["27450"],"_price":["29.90","99.90","399.90"],"_product_image_gallery":["27451,27452"],"merchant-center-availability":["yes"],"merchant-center-category":["6419"],"merchant-center-id":["WTFF"],"wpse_downloadable_file_names":[""],"wpse_downloadable_file_urls":[""],"_edit_last":["1"],"_default_attributes":["a:1:{s:6:\"volume\";s:7:\"1 liter\";}"],"_wc_rating_count":["a:2:{i:4;i:4;i:5;i:76;}"],"_edit_lock":["1771358629:1"],"_wp_page_template":["default"],"site-sidebar-layout":["default"],"ast-site-content-layout":["default"],"site-content-style":["default"],"site-sidebar-style":["default"],"theme-transparent-header-meta":["default"],"astra-migrate-meta-layouts":["set"],"_uag_css_file_name":["uag-css-25646.css"],"_elementor_page_assets":["a:0:{}"],"_uag_page_assets":["a:9:{s:3:\"css\";s:6873:\".wp-block-uagb-image{display:flex}.wp-block-uagb-image__figure{position:relative;display:flex;flex-direction:column;max-width:100%;height:auto;margin:0}.wp-block-uagb-image__figure img{height:auto;display:flex;max-width:100%;transition:box-shadow .2s ease}.wp-block-uagb-image__figure>a{display:inline-block}.wp-block-uagb-image__figure figcaption{text-align:center;margin-top:.5em;margin-bottom:1em}.wp-block-uagb-image .components-placeholder.block-editor-media-placeholder .components-placeholder__instructions{align-self:center}.wp-block-uagb-image--align-left{text-align:left}.wp-block-uagb-image--align-right{text-align:right}.wp-block-uagb-image--align-center{text-align:center}.wp-block-uagb-image--align-full .wp-block-uagb-image__figure{margin-left:calc(50% - 50vw);margin-right:calc(50% - 50vw);max-width:100vw;width:100vw;height:auto}.wp-block-uagb-image--align-full .wp-block-uagb-image__figure img{height:auto;width:100% !important}.wp-block-uagb-image--align-wide .wp-block-uagb-image__figure img{height:auto;width:100%}.wp-block-uagb-image--layout-overlay__color-wrapper{position:absolute;left:0;top:0;right:0;bottom:0;opacity:.2;background:rgba(0,0,0,.5);transition:opacity .35s ease-in-out}.wp-block-uagb-image--layout-overlay-link{position:absolute;left:0;right:0;bottom:0;top:0}.wp-block-uagb-image--layout-overlay .wp-block-uagb-image__figure:hover .wp-block-uagb-image--layout-overlay__color-wrapper{opacity:1}.wp-block-uagb-image--layout-overlay__inner{position:absolute;left:15px;right:15px;bottom:15px;top:15px;display:flex;align-items:center;justify-content:center;flex-direction:column;border-color:#fff;transition:.35s ease-in-out}.wp-block-uagb-image--layout-overlay__inner.top-left,.wp-block-uagb-image--layout-overlay__inner.top-center,.wp-block-uagb-image--layout-overlay__inner.top-right{justify-content:flex-start}.wp-block-uagb-image--layout-overlay__inner.bottom-left,.wp-block-uagb-image--layout-overlay__inner.bottom-center,.wp-block-uagb-image--layout-overlay__inner.bottom-right{justify-content:flex-end}.wp-block-uagb-image--layout-overlay__inner.top-left,.wp-block-uagb-image--layout-overlay__inner.center-left,.wp-block-uagb-image--layout-overlay__inner.bottom-left{align-items:flex-start}.wp-block-uagb-image--layout-overlay__inner.top-right,.wp-block-uagb-image--layout-overlay__inner.center-right,.wp-block-uagb-image--layout-overlay__inner.bottom-right{align-items:flex-end}.wp-block-uagb-image--layout-overlay__inner .uagb-image-heading{color:#fff;transition:transform .35s,opacity .35s ease-in-out;transform:translate3d(0, 24px, 0);margin:0;line-height:1em}.wp-block-uagb-image--layout-overlay__inner .uagb-image-separator{width:30%;border-top-width:2px;border-top-color:#fff;border-top-style:solid;margin-bottom:10px;opacity:0;transition:transform .4s,opacity .4s ease-in-out;transform:translate3d(0, 30px, 0)}.wp-block-uagb-image--layout-overlay__inner .uagb-image-caption{opacity:0;overflow:visible;color:#fff;transition:transform .45s,opacity .45s ease-in-out;transform:translate3d(0, 35px, 0)}.wp-block-uagb-image--layout-overlay__inner:hover .uagb-image-heading,.wp-block-uagb-image--layout-overlay__inner:hover .uagb-image-separator,.wp-block-uagb-image--layout-overlay__inner:hover .uagb-image-caption{opacity:1;transform:translate3d(0, 0, 0)}.wp-block-uagb-image--effect-zoomin .wp-block-uagb-image__figure img,.wp-block-uagb-image--effect-zoomin .wp-block-uagb-image__figure .wp-block-uagb-image--layout-overlay__color-wrapper{transform:scale(1);transition:transform .35s ease-in-out}.wp-block-uagb-image--effect-zoomin .wp-block-uagb-image__figure:hover img,.wp-block-uagb-image--effect-zoomin .wp-block-uagb-image__figure:hover .wp-block-uagb-image--layout-overlay__color-wrapper{transform:scale(1.05)}.wp-block-uagb-image--effect-slide .wp-block-uagb-image__figure img,.wp-block-uagb-image--effect-slide .wp-block-uagb-image__figure .wp-block-uagb-image--layout-overlay__color-wrapper{width:calc(100% + 40px) !important;max-width:none !important;transform:translate3d(-40px, 0, 0);transition:transform .35s ease-in-out}.wp-block-uagb-image--effect-slide .wp-block-uagb-image__figure:hover img,.wp-block-uagb-image--effect-slide .wp-block-uagb-image__figure:hover .wp-block-uagb-image--layout-overlay__color-wrapper{transform:translate3d(0, 0, 0)}.wp-block-uagb-image--effect-grayscale img{filter:grayscale(0%);transition:.35s ease-in-out}.wp-block-uagb-image--effect-grayscale:hover img{filter:grayscale(100%)}.wp-block-uagb-image--effect-blur img{filter:blur(0);transition:.35s ease-in-out}.wp-block-uagb-image--effect-blur:hover img{filter:blur(3px)}.uagb-block-e6f939b3.wp-block-uagb-image--layout-default figure img{box-shadow: 0px 0px 0 #00000070;}.uagb-block-e6f939b3.wp-block-uagb-image .wp-block-uagb-image__figure figcaption{font-style: normal;align-self: center;}.uagb-block-e6f939b3.wp-block-uagb-image--layout-overlay figure img{box-shadow: 0px 0px 0 #00000070;}.uagb-block-e6f939b3.wp-block-uagb-image--layout-overlay .wp-block-uagb-image--layout-overlay__color-wrapper{opacity: 0.2;}.uagb-block-e6f939b3.wp-block-uagb-image--layout-overlay .wp-block-uagb-image--layout-overlay__inner{left: 15px;right: 15px;top: 15px;bottom: 15px;}.uagb-block-e6f939b3.wp-block-uagb-image--layout-overlay .wp-block-uagb-image--layout-overlay__inner .uagb-image-heading{font-style: normal;color: #fff;opacity: 1;}.uagb-block-e6f939b3.wp-block-uagb-image--layout-overlay .wp-block-uagb-image--layout-overlay__inner .uagb-image-heading a{color: #fff;}.uagb-block-e6f939b3.wp-block-uagb-image--layout-overlay .wp-block-uagb-image--layout-overlay__inner .uagb-image-caption{opacity: 0;}.uagb-block-e6f939b3.wp-block-uagb-image--layout-overlay .wp-block-uagb-image__figure:hover .wp-block-uagb-image--layout-overlay__color-wrapper{opacity: 1;}.uagb-block-e6f939b3.wp-block-uagb-image .wp-block-uagb-image--layout-overlay__inner .uagb-image-separator{width: 30%;border-top-width: 2px;border-top-color: #fff;opacity: 0;}.uagb-block-e6f939b3.wp-block-uagb-image .wp-block-uagb-image__figure img{width: px;height: auto;}.uagb-block-e6f939b3.wp-block-uagb-image .wp-block-uagb-image__figure:hover .wp-block-uagb-image--layout-overlay__inner .uagb-image-caption{opacity: 1;}.uagb-block-e6f939b3.wp-block-uagb-image .wp-block-uagb-image__figure:hover .wp-block-uagb-image--layout-overlay__inner .uagb-image-separator{opacity: 1;}.uagb-block-e6f939b3.wp-block-uagb-image--layout-default figure:hover img{box-shadow: 0px 0px 0 #00000070;}.uagb-block-e6f939b3.wp-block-uagb-image--layout-overlay figure:hover img{box-shadow: 0px 0px 0 #00000070;}@media only screen and (max-width: 976px) {.uagb-block-e6f939b3.wp-block-uagb-image .wp-block-uagb-image__figure img{width: px;height: auto;}}@media only screen and (max-width: 767px) {.uagb-block-e6f939b3.wp-block-uagb-image .wp-block-uagb-image__figure img{width: px;height: auto;}}\";s:2:\"js\";s:0:\"\";s:18:\"current_block_list\";a:13:{i:0;s:11:\"core\/search\";i:1;s:10:\"core\/group\";i:2;s:12:\"core\/heading\";i:3;s:17:\"core\/latest-posts\";i:4;s:20:\"core\/latest-comments\";i:5;s:13:\"core\/archives\";i:6;s:15:\"core\/categories\";i:7;s:14:\"core\/paragraph\";i:8;s:10:\"uagb\/image\";i:9;s:11:\"core\/spacer\";i:10;s:30:\"woocommerce\/product-categories\";i:11;s:10:\"core\/image\";i:12;s:14:\"core\/shortcode\";}s:8:\"uag_flag\";b:1;s:11:\"uag_version\";s:10:\"1777351105\";s:6:\"gfonts\";a:0:{}s:10:\"gfonts_url\";s:0:\"\";s:12:\"gfonts_files\";a:0:{}s:14:\"uag_faq_layout\";b:0;}"]},"uagb_featured_image_src":{"full":["https:\/\/www.ferberpainting.com\/wp-content\/uploads\/2025\/05\/Waterproofing_Treatment_for_Fabrics_1L_0c577b70-7bd2-4886-84f6-167d025a89ec.png",2560,2560,false],"thumbnail":["https:\/\/www.ferberpainting.com\/wp-content\/uploads\/2025\/05\/Waterproofing_Treatment_for_Fabrics_1L_0c577b70-7bd2-4886-84f6-167d025a89ec-150x150.png",150,150,true],"medium":["https:\/\/www.ferberpainting.com\/wp-content\/uploads\/2025\/05\/Waterproofing_Treatment_for_Fabrics_1L_0c577b70-7bd2-4886-84f6-167d025a89ec-300x300.png",300,300,true],"medium_large":["https:\/\/www.ferberpainting.com\/wp-content\/uploads\/2025\/05\/Waterproofing_Treatment_for_Fabrics_1L_0c577b70-7bd2-4886-84f6-167d025a89ec-768x768.png",768,768,true],"large":["https:\/\/www.ferberpainting.com\/wp-content\/uploads\/2025\/05\/Waterproofing_Treatment_for_Fabrics_1L_0c577b70-7bd2-4886-84f6-167d025a89ec-1024x1024.png",1024,1024,true],"1536x1536":["https:\/\/www.ferberpainting.com\/wp-content\/uploads\/2025\/05\/Waterproofing_Treatment_for_Fabrics_1L_0c577b70-7bd2-4886-84f6-167d025a89ec-1536x1536.png",1536,1536,true],"2048x2048":["https:\/\/www.ferberpainting.com\/wp-content\/uploads\/2025\/05\/Waterproofing_Treatment_for_Fabrics_1L_0c577b70-7bd2-4886-84f6-167d025a89ec-2048x2048.png",2048,2048,true],"trp-custom-language-flag":["https:\/\/www.ferberpainting.com\/wp-content\/uploads\/2025\/05\/Waterproofing_Treatment_for_Fabrics_1L_0c577b70-7bd2-4886-84f6-167d025a89ec-12x12.png",12,12,true],"woocommerce_thumbnail":["https:\/\/www.ferberpainting.com\/wp-content\/uploads\/2025\/05\/Waterproofing_Treatment_for_Fabrics_1L_0c577b70-7bd2-4886-84f6-167d025a89ec-300x300.png",300,300,true],"woocommerce_single":["https:\/\/www.ferberpainting.com\/wp-content\/uploads\/2025\/05\/Waterproofing_Treatment_for_Fabrics_1L_0c577b70-7bd2-4886-84f6-167d025a89ec-600x600.png",600,600,true],"woocommerce_gallery_thumbnail":["https:\/\/www.ferberpainting.com\/wp-content\/uploads\/2025\/05\/Waterproofing_Treatment_for_Fabrics_1L_0c577b70-7bd2-4886-84f6-167d025a89ec-100x100.png",100,100,true]},"uagb_author_info":{"display_name":"admin","author_link":"https:\/\/www.ferberpainting.com\/hr\/author\/"},"uagb_comment_info":80,"uagb_excerpt":"Provide advanced waterproof protection for all types of fabrics. Our waterproofing treatment for fabrics is specially formulated to create a durable and invisible barrier that repels water, moisture, and liquid stains. Designed for both natural and synthetic textiles, it penetrates deep into the fibers without altering their flexibility, texture, or breathability. Whether used on outdoor&hellip;","_links":{"self":[{"href":"https:\/\/www.ferberpainting.com\/hr\/wp-json\/wp\/v2\/product\/25646","targetHints":{"allow":["GET"]}}],"collection":[{"href":"https:\/\/www.ferberpainting.com\/hr\/wp-json\/wp\/v2\/product"}],"about":[{"href":"https:\/\/www.ferberpainting.com\/hr\/wp-json\/wp\/v2\/types\/product"}],"replies":[{"embeddable":true,"href":"https:\/\/www.ferberpainting.com\/hr\/wp-json\/wp\/v2\/comments?post=25646"}],"version-history":[{"count":3,"href":"https:\/\/www.ferberpainting.com\/hr\/wp-json\/wp\/v2\/product\/25646\/revisions"}],"predecessor-version":[{"id":168856,"href":"https:\/\/www.ferberpainting.com\/hr\/wp-json\/wp\/v2\/product\/25646\/revisions\/168856"}],"wp:featuredmedia":[{"embeddable":true,"href":"https:\/\/www.ferberpainting.com\/hr\/wp-json\/wp\/v2\/media\/27450"}],"wp:attachment":[{"href":"https:\/\/www.ferberpainting.com\/hr\/wp-json\/wp\/v2\/media?parent=25646"}],"wp:term":[{"taxonomy":"product_brand","embeddable":true,"href":"https:\/\/www.ferberpainting.com\/hr\/wp-json\/wp\/v2\/product_brand?post=25646"},{"taxonomy":"product_cat","embeddable":true,"href":"https:\/\/www.ferberpainting.com\/hr\/wp-json\/wp\/v2\/product_cat?post=25646"},{"taxonomy":"product_tag","embeddable":true,"href":"https:\/\/www.ferberpainting.com\/hr\/wp-json\/wp\/v2\/product_tag?post=25646"}],"curies":[{"name":"radni list","href":"https:\/\/api.w.org\/{rel}","templated":true}]}}