{"id":25531,"date":"2025-05-26T10:32:02","date_gmt":"2025-05-26T08:32:02","guid":{"rendered":"https:\/\/www.ferberpainting.com\/products\/tile-red-beige\/"},"modified":"2026-02-16T12:40:58","modified_gmt":"2026-02-16T11:40:58","slug":"tile-red-beige","status":"publish","type":"product","link":"https:\/\/www.ferberpainting.com\/hr\/products\/tile-red-beige\/","title":{"rendered":"Boja za plo\u010dice crvenobe\u017e"},"content":{"rendered":"<p><strong><img decoding=\"async\" style=\"margin-right: 12px;\" src=\"https:\/\/www.ferberpainting.com\/wp-content\/uploads\/2026\/02\/Check.svg\" alt=\"\" width=\"18\" height=\"15\" \/>Trenuta\u010dno transformirajte stare plo\u010dice bez skupe zamjene.<\/strong> Na\u0161a boja za plo\u010dice posebno je formulirana za brzu i pristupa\u010dnu obnovu zastarjelih, istro\u0161enih ili izblijedjelih plo\u010dica. Umjesto uklanjanja postoje\u0107ih plo\u010dica i skupih radova na obnovi, kuhinje, kupaonice, praonice rublja i druge poplo\u010dane prostore mo\u017eete osvje\u017eiti glatkom, modernom zavr\u0161nom obradom. Ovo rje\u0161enje omogu\u0107uje vam potpunu promjenu izgleda va\u0161eg prostora uz o\u010duvanje postoje\u0107e povr\u0161ine.<\/p>\n<p><strong><img decoding=\"async\" style=\"margin-right: 12px;\" src=\"https:\/\/www.ferberpainting.com\/wp-content\/uploads\/2026\/02\/Check.svg\" alt=\"\" width=\"18\" height=\"15\" \/>Naju\u010dinkovitija boja za plo\u010dice na tr\u017ei\u0161tu.<\/strong> Izra\u0111ena naprednom tehnologijom prianjanja, ova boja se izravno ve\u017ee za kerami\u010dke, porculanske i glazirane povr\u0161ine plo\u010dica. Za razliku od obi\u010dnih zidnih boja, posebno je dizajnirana za glatke i neporozne materijale, osiguravaju\u0107i sna\u017eno prianjanje i dugotrajnu izdr\u017eljivost. Otporna je na lju\u0161tenje, lju\u0161tenje i prerano tro\u0161enje kada se pravilno nanese.<\/p>\n<p><strong><img decoding=\"async\" style=\"margin-right: 12px;\" src=\"https:\/\/www.ferberpainting.com\/wp-content\/uploads\/2026\/02\/Check.svg\" alt=\"\" width=\"18\" height=\"15\" \/>Jamstvo povrata novca za potpuni mir.<\/strong> Potpuno smo sigurni u u\u010dinkovitost i trajnost na\u0161e boje za plo\u010dice. Ako niste u potpunosti zadovoljni rezultatima, vratit \u0107emo vam novac. Na\u0161e jamstvo povrata novca osigurava da je va\u0161a investicija potpuno bez rizika i odra\u017eava na\u0161u predanost pru\u017eanju profesionalne kvalitete.<\/p>\n<p><strong><img decoding=\"async\" style=\"margin-right: 12px;\" src=\"https:\/\/www.ferberpainting.com\/wp-content\/uploads\/2026\/02\/Check.svg\" alt=\"\" width=\"18\" height=\"15\" \/>Najjeftinija visokou\u010dinkovita boja za plo\u010dice dostupna.<\/strong> Zamjena plo\u010dica mo\u017ee biti skupa i remeti proces. Na\u0161a boja za plo\u010dice nudi vrhunsko rje\u0161enje za obnovu po najkonkurentnijoj cijeni na tr\u017ei\u0161tu, omogu\u0107uju\u0107i vam postizanje profesionalnog zavr\u0161etka bez tro\u0161kova ru\u0161enja ili ponovnog postavljanja plo\u010dica.<\/p>\n<p><strong><img decoding=\"async\" style=\"margin-right: 12px;\" src=\"https:\/\/www.ferberpainting.com\/wp-content\/uploads\/2026\/02\/Check.svg\" alt=\"\" width=\"18\" height=\"15\" \/>Brza 24-satna dostava za brze projekte obnove.<\/strong> Projekti renovacije \u010desto slijede stroge rokove. Zato nudimo pouzdanu 24-satnu dostavu, osiguravaju\u0107i da va\u0161a boja za plo\u010dice stigne brzo kako biste mogli bez odlaganja zapo\u010deti s preobrazbom svog prostora.<\/p>\n<p><strong><img decoding=\"async\" style=\"margin-right: 12px;\" src=\"https:\/\/www.ferberpainting.com\/wp-content\/uploads\/2026\/02\/Check.svg\" alt=\"\" width=\"18\" height=\"15\" \/>Pokrivenost do 10 m\u00b2 po litri za u\u010dinkovitu primjenu.<\/strong> Jedna litra boje za plo\u010dice tretira do 10 \u010detvornih metara, \u0161to omogu\u0107uje precizno planiranje i kontrolu tro\u0161kova. Ova definirana stopa pokrivenosti osigurava ujedna\u010denu raspodjelu boje i dosljedne rezultate na svim poplo\u010danim povr\u0161inama.<\/p>\n<p><strong><img decoding=\"async\" style=\"margin-right: 12px;\" src=\"https:\/\/www.ferberpainting.com\/wp-content\/uploads\/2026\/02\/Check.svg\" alt=\"\" width=\"18\" height=\"15\" \/>Izvrsna otpornost na vlagu i svakodnevno habanje.<\/strong> Dizajnirana za okru\u017eenja izlo\u017eena vlazi, ova boja za plo\u010dice nakon su\u0161enja stvara izdr\u017eljiv i vodootporan premaz. Otporna je na \u010desto \u010di\u0161\u0107enje, lagano habanje i svakodnevnu upotrebu u kuhinjama i kupaonicama.<\/p>\n<p><strong><img decoding=\"async\" style=\"margin-right: 12px;\" src=\"https:\/\/www.ferberpainting.com\/wp-content\/uploads\/2026\/02\/Check.svg\" alt=\"\" width=\"18\" height=\"15\" \/>Glatka i moderna zavr\u0161na obrada s profesionalnim izgledom.<\/strong> Napredna formula osigurava ravnomjerno izravnavanje, minimiziraju\u0107i poteze kistom i tragove valjka. Rezultat je elegantan i profinjen zavr\u0161etak koji pobolj\u0161ava ukupnu estetiku bilo koje poplo\u010dane povr\u0161ine.<\/p>\n<p><strong><img decoding=\"async\" style=\"margin-right: 12px;\" src=\"https:\/\/www.ferberpainting.com\/wp-content\/uploads\/2026\/02\/Check.svg\" alt=\"\" width=\"18\" height=\"15\" \/>Sna\u017eno prianjanje na kerami\u010dke i porculanske plo\u010dice.<\/strong> Ova boja sigurno prianja na glazirane i neglazirane povr\u0161ine plo\u010dica kada se pravilno pripremi. Njena specijalizirana formulacija osigurava dugotrajno prianjanje \u010dak i na glatkim i neupijaju\u0107im materijalima.<\/p>\n<p><strong><img decoding=\"async\" style=\"margin-right: 12px;\" src=\"https:\/\/www.ferberpainting.com\/wp-content\/uploads\/2026\/02\/Check.svg\" alt=\"\" width=\"18\" height=\"15\" \/>Pogodno za zidove i poplo\u010dane povr\u0161ine s niskim prometom.<\/strong> Idealna za kuhinjske pozadine, zidove kupaonica, ukrasne plo\u010dice i druge vertikalne poplo\u010dane povr\u0161ine, ova boja pru\u017ea pouzdano rje\u0161enje za obnovu stambenih i lakih poslovnih prostora.<\/p>\n<h2><strong>Upute<\/strong><\/h2>\n<ul>\n<li>Provjerite je li povr\u0161ina plo\u010dica \u010dista, suha i bez masno\u0107e, ostataka sapuna, kamenca, plijesni ili nakupina sredstava za \u010di\u0161\u0107enje.<\/li>\n<li>Temeljito odmastite plo\u010dice odgovaraju\u0107om otopinom za \u010di\u0161\u0107enje i dobro isperite. Prije nano\u0161enja ostavite povr\u0161inu da se potpuno osu\u0161i.<\/li>\n<li>Lagano izbrusite sjajne plo\u010dice kako biste stvorili blago hrapavu povr\u0161inu koja pobolj\u0161ava prianjanje. Prije bojanja uklonite svu pra\u0161inu od bru\u0161enja.<\/li>\n<li>Ako je potrebno, nanesite odgovaraju\u0107i temeljni premaz za glatke povr\u0161ine kako biste pobolj\u0161ali dugotrajno prianjanje. Pustite da se temeljni premaz potpuno osu\u0161i.<\/li>\n<li>Prije upotrebe dobro promije\u0161ajte boju za plo\u010dice kako biste osigurali ujedna\u010denu boju i teksturu.<\/li>\n<li>Ravnomjerno nanesite malim valjkom od pjene ili visokokvalitetnom \u010detkom prikladnom za glatke povr\u0161ine.<\/li>\n<li>Po\u0161tujte preporu\u010denu koli\u010dinu pokrivenosti do 10 m\u00b2 po litri. To odgovara otprilike 100 ml po kvadratnom metru, ovisno o teksturi i upijanju plo\u010dica.<\/li>\n<li>Nanesite tanki i ravnomjerni prvi sloj, izbjegavaju\u0107i prekomjerno nakupljanje u fugama.<\/li>\n<li>Ostavite prvi sloj da se potpuno osu\u0161i u skladu s sobnom temperaturom i uvjetima ventilacije.<\/li>\n<li>Nanesite drugi sloj za optimalno prekrivanje, dubinu boje i trajnost.<\/li>\n<li>Izbjegavajte kontakt s vodom i vlagom tijekom razdoblja su\u0161enja. Pustite da se obojena povr\u0161ina potpuno osu\u0161i prije nego \u0161to je izlo\u017eite redovitom \u010di\u0161\u0107enju ili vlazi.<\/li>\n<li>Osigurajte odgovaraju\u0107u ventilaciju tijekom nano\u0161enja i su\u0161enja.<\/li>\n<li>Alat odmah nakon upotrebe o\u010distite odgovaraju\u0107im sredstvima za \u010di\u0161\u0107enje i spremnik \u010duvajte dobro zatvoren na hladnom i suhom mjestu, dalje od izravne sun\u010deve svjetlosti i ekstremnih temperatura.<\/li>\n<\/ul>","protected":false},"excerpt":{"rendered":"<p>Transform old tiles instantly without costly replacement. Our tile paint is specially formulated to renovate outdated, worn, or discolored tiles quickly and affordably. Instead of removing existing tiles and undertaking expensive renovation work, you can refresh kitchens, bathrooms, laundry rooms, and other tiled areas with a smooth, modern finish. This solution allows you to completely [&hellip;]<\/p>\n","protected":false},"featured_media":27386,"comment_status":"open","ping_status":"closed","template":"","meta":{"_uag_custom_page_level_css":"","site-sidebar-layout":"default","site-content-layout":"","ast-site-content-layout":"default","site-content-style":"default","site-sidebar-style":"default","ast-global-header-display":"","ast-banner-title-visibility":"","ast-main-header-display":"","ast-hfb-above-header-display":"","ast-hfb-below-header-display":"","ast-hfb-mobile-header-display":"","site-post-title":"","ast-breadcrumbs-content":"","ast-featured-img":"","footer-sml-layout":"","ast-disable-related-posts":"","theme-transparent-header-meta":"default","adv-header-id-meta":"","stick-header-meta":"","header-above-stick-meta":"","header-main-stick-meta":"","header-below-stick-meta":"","astra-migrate-meta-layouts":"set","ast-page-background-enabled":"default","ast-page-background-meta":{"desktop":{"background-color":"var(--ast-global-color-4)","background-image":"","background-repeat":"repeat","background-position":"center center","background-size":"auto","background-attachment":"scroll","background-type":"","background-media":"","overlay-type":"","overlay-color":"","overlay-opacity":"","overlay-gradient":""},"tablet":{"background-color":"","background-image":"","background-repeat":"repeat","background-position":"center center","background-size":"auto","background-attachment":"scroll","background-type":"","background-media":"","overlay-type":"","overlay-color":"","overlay-opacity":"","overlay-gradient":""},"mobile":{"background-color":"","background-image":"","background-repeat":"repeat","background-position":"center center","background-size":"auto","background-attachment":"scroll","background-type":"","background-media":"","overlay-type":"","overlay-color":"","overlay-opacity":"","overlay-gradient":""}},"ast-content-background-meta":{"desktop":{"background-color":"var(--ast-global-color-5)","background-image":"","background-repeat":"repeat","background-position":"center center","background-size":"auto","background-attachment":"scroll","background-type":"","background-media":"","overlay-type":"","overlay-color":"","overlay-opacity":"","overlay-gradient":""},"tablet":{"background-color":"var(--ast-global-color-5)","background-image":"","background-repeat":"repeat","background-position":"center center","background-size":"auto","background-attachment":"scroll","background-type":"","background-media":"","overlay-type":"","overlay-color":"","overlay-opacity":"","overlay-gradient":""},"mobile":{"background-color":"var(--ast-global-color-5)","background-image":"","background-repeat":"repeat","background-position":"center center","background-size":"auto","background-attachment":"scroll","background-type":"","background-media":"","overlay-type":"","overlay-color":"","overlay-opacity":"","overlay-gradient":""}}},"product_brand":[],"product_cat":[189],"product_tag":[],"class_list":{"0":"post-25531","1":"product","2":"type-product","3":"status-publish","4":"has-post-thumbnail","6":"product_cat-tile-paint","7":"desktop-align-left","8":"tablet-align-left","9":"mobile-align-left","11":"first","12":"instock","13":"sale","14":"shipping-taxable","15":"purchasable","16":"product-type-variable","17":"has-default-attributes"},"spectra_custom_meta":{"_visibility":["visible"],"_shopify_product_id":["8321056801013"],"_s2w_shopify_domain":["ferberpainting.myshopify.com"],"_shopify_variant_id":["44782937866485"],"_sku":[""],"_manage_stock":["no"],"total_sales":["11"],"_tax_status":["taxable"],"_tax_class":[""],"_backorders":["no"],"_sold_individually":["no"],"_virtual":["no"],"_downloadable":["no"],"_download_limit":["-1"],"_download_expiry":["-1"],"_stock":[null],"_stock_status":["instock"],"_wc_average_rating":["5.00"],"_wc_review_count":["14"],"_product_attributes":["a:1:{s:6:\"volume\";a:6:{s:4:\"name\";s:6:\"Volume\";s:5:\"value\";s:30:\"1 liter | 5 liters | 20 liters\";s:8:\"position\";i:1;s:10:\"is_visible\";i:0;s:12:\"is_variation\";i:1;s:11:\"is_taxonomy\";i:0;}}"],"_product_version":["10.5.1"],"_thumbnail_id":["27386"],"_price":["19.90","79.90","299.90"],"_product_image_gallery":["27387,27388"],"merchant-center-availability":["yes"],"merchant-center-category":["1361"],"merchant-center-id":["PCRB1L"],"wpse_downloadable_file_names":[""],"wpse_downloadable_file_urls":[""],"_edit_last":["1"],"_default_attributes":["a:1:{s:6:\"volume\";s:7:\"1 liter\";}"],"_wc_rating_count":["a:1:{i:5;i:14;}"],"_edit_lock":["1771241934:1"],"_wp_page_template":["default"],"site-sidebar-layout":["default"],"ast-site-content-layout":["default"],"site-content-style":["default"],"site-sidebar-style":["default"],"theme-transparent-header-meta":["default"],"astra-migrate-meta-layouts":["set"],"_uag_css_file_name":["uag-css-25531.css"],"_elementor_page_assets":["a:0:{}"],"_uag_page_assets":["a:9:{s:3:\"css\";s:7133:\".uag-blocks-common-selector{z-index:var(--z-index-desktop) !important}@media(max-width: 976px){.uag-blocks-common-selector{z-index:var(--z-index-tablet) !important}}@media(max-width: 767px){.uag-blocks-common-selector{z-index:var(--z-index-mobile) !important}}.wp-block-uagb-image{display:flex}.wp-block-uagb-image__figure{position:relative;display:flex;flex-direction:column;max-width:100%;height:auto;margin:0}.wp-block-uagb-image__figure img{height:auto;display:flex;max-width:100%;transition:box-shadow .2s ease}.wp-block-uagb-image__figure>a{display:inline-block}.wp-block-uagb-image__figure figcaption{text-align:center;margin-top:.5em;margin-bottom:1em}.wp-block-uagb-image .components-placeholder.block-editor-media-placeholder .components-placeholder__instructions{align-self:center}.wp-block-uagb-image--align-left{text-align:left}.wp-block-uagb-image--align-right{text-align:right}.wp-block-uagb-image--align-center{text-align:center}.wp-block-uagb-image--align-full .wp-block-uagb-image__figure{margin-left:calc(50% - 50vw);margin-right:calc(50% - 50vw);max-width:100vw;width:100vw;height:auto}.wp-block-uagb-image--align-full .wp-block-uagb-image__figure img{height:auto;width:100% !important}.wp-block-uagb-image--align-wide .wp-block-uagb-image__figure img{height:auto;width:100%}.wp-block-uagb-image--layout-overlay__color-wrapper{position:absolute;left:0;top:0;right:0;bottom:0;opacity:.2;background:rgba(0,0,0,.5);transition:opacity .35s ease-in-out}.wp-block-uagb-image--layout-overlay-link{position:absolute;left:0;right:0;bottom:0;top:0}.wp-block-uagb-image--layout-overlay .wp-block-uagb-image__figure:hover .wp-block-uagb-image--layout-overlay__color-wrapper{opacity:1}.wp-block-uagb-image--layout-overlay__inner{position:absolute;left:15px;right:15px;bottom:15px;top:15px;display:flex;align-items:center;justify-content:center;flex-direction:column;border-color:#fff;transition:.35s ease-in-out}.wp-block-uagb-image--layout-overlay__inner.top-left,.wp-block-uagb-image--layout-overlay__inner.top-center,.wp-block-uagb-image--layout-overlay__inner.top-right{justify-content:flex-start}.wp-block-uagb-image--layout-overlay__inner.bottom-left,.wp-block-uagb-image--layout-overlay__inner.bottom-center,.wp-block-uagb-image--layout-overlay__inner.bottom-right{justify-content:flex-end}.wp-block-uagb-image--layout-overlay__inner.top-left,.wp-block-uagb-image--layout-overlay__inner.center-left,.wp-block-uagb-image--layout-overlay__inner.bottom-left{align-items:flex-start}.wp-block-uagb-image--layout-overlay__inner.top-right,.wp-block-uagb-image--layout-overlay__inner.center-right,.wp-block-uagb-image--layout-overlay__inner.bottom-right{align-items:flex-end}.wp-block-uagb-image--layout-overlay__inner .uagb-image-heading{color:#fff;transition:transform .35s,opacity .35s ease-in-out;transform:translate3d(0, 24px, 0);margin:0;line-height:1em}.wp-block-uagb-image--layout-overlay__inner .uagb-image-separator{width:30%;border-top-width:2px;border-top-color:#fff;border-top-style:solid;margin-bottom:10px;opacity:0;transition:transform .4s,opacity .4s ease-in-out;transform:translate3d(0, 30px, 0)}.wp-block-uagb-image--layout-overlay__inner .uagb-image-caption{opacity:0;overflow:visible;color:#fff;transition:transform .45s,opacity .45s ease-in-out;transform:translate3d(0, 35px, 0)}.wp-block-uagb-image--layout-overlay__inner:hover .uagb-image-heading,.wp-block-uagb-image--layout-overlay__inner:hover .uagb-image-separator,.wp-block-uagb-image--layout-overlay__inner:hover .uagb-image-caption{opacity:1;transform:translate3d(0, 0, 0)}.wp-block-uagb-image--effect-zoomin .wp-block-uagb-image__figure img,.wp-block-uagb-image--effect-zoomin .wp-block-uagb-image__figure .wp-block-uagb-image--layout-overlay__color-wrapper{transform:scale(1);transition:transform .35s ease-in-out}.wp-block-uagb-image--effect-zoomin .wp-block-uagb-image__figure:hover img,.wp-block-uagb-image--effect-zoomin .wp-block-uagb-image__figure:hover .wp-block-uagb-image--layout-overlay__color-wrapper{transform:scale(1.05)}.wp-block-uagb-image--effect-slide .wp-block-uagb-image__figure img,.wp-block-uagb-image--effect-slide .wp-block-uagb-image__figure .wp-block-uagb-image--layout-overlay__color-wrapper{width:calc(100% + 40px) !important;max-width:none !important;transform:translate3d(-40px, 0, 0);transition:transform .35s ease-in-out}.wp-block-uagb-image--effect-slide .wp-block-uagb-image__figure:hover img,.wp-block-uagb-image--effect-slide .wp-block-uagb-image__figure:hover .wp-block-uagb-image--layout-overlay__color-wrapper{transform:translate3d(0, 0, 0)}.wp-block-uagb-image--effect-grayscale img{filter:grayscale(0%);transition:.35s ease-in-out}.wp-block-uagb-image--effect-grayscale:hover img{filter:grayscale(100%)}.wp-block-uagb-image--effect-blur img{filter:blur(0);transition:.35s ease-in-out}.wp-block-uagb-image--effect-blur:hover img{filter:blur(3px)}.uagb-block-e6f939b3.wp-block-uagb-image--layout-default figure img{box-shadow: 0px 0px 0 #00000070;}.uagb-block-e6f939b3.wp-block-uagb-image .wp-block-uagb-image__figure figcaption{font-style: normal;align-self: center;}.uagb-block-e6f939b3.wp-block-uagb-image--layout-overlay figure img{box-shadow: 0px 0px 0 #00000070;}.uagb-block-e6f939b3.wp-block-uagb-image--layout-overlay .wp-block-uagb-image--layout-overlay__color-wrapper{opacity: 0.2;}.uagb-block-e6f939b3.wp-block-uagb-image--layout-overlay .wp-block-uagb-image--layout-overlay__inner{left: 15px;right: 15px;top: 15px;bottom: 15px;}.uagb-block-e6f939b3.wp-block-uagb-image--layout-overlay .wp-block-uagb-image--layout-overlay__inner .uagb-image-heading{font-style: normal;color: #fff;opacity: 1;}.uagb-block-e6f939b3.wp-block-uagb-image--layout-overlay .wp-block-uagb-image--layout-overlay__inner .uagb-image-heading a{color: #fff;}.uagb-block-e6f939b3.wp-block-uagb-image--layout-overlay .wp-block-uagb-image--layout-overlay__inner .uagb-image-caption{opacity: 0;}.uagb-block-e6f939b3.wp-block-uagb-image--layout-overlay .wp-block-uagb-image__figure:hover .wp-block-uagb-image--layout-overlay__color-wrapper{opacity: 1;}.uagb-block-e6f939b3.wp-block-uagb-image .wp-block-uagb-image--layout-overlay__inner .uagb-image-separator{width: 30%;border-top-width: 2px;border-top-color: #fff;opacity: 0;}.uagb-block-e6f939b3.wp-block-uagb-image .wp-block-uagb-image__figure img{width: px;height: auto;}.uagb-block-e6f939b3.wp-block-uagb-image .wp-block-uagb-image__figure:hover .wp-block-uagb-image--layout-overlay__inner .uagb-image-caption{opacity: 1;}.uagb-block-e6f939b3.wp-block-uagb-image .wp-block-uagb-image__figure:hover .wp-block-uagb-image--layout-overlay__inner .uagb-image-separator{opacity: 1;}.uagb-block-e6f939b3.wp-block-uagb-image--layout-default figure:hover img{box-shadow: 0px 0px 0 #00000070;}.uagb-block-e6f939b3.wp-block-uagb-image--layout-overlay figure:hover img{box-shadow: 0px 0px 0 #00000070;}@media only screen and (max-width: 976px) {.uagb-block-e6f939b3.wp-block-uagb-image .wp-block-uagb-image__figure img{width: px;height: auto;}}@media only screen and (max-width: 767px) {.uagb-block-e6f939b3.wp-block-uagb-image .wp-block-uagb-image__figure img{width: px;height: auto;}}\";s:2:\"js\";s:0:\"\";s:18:\"current_block_list\";a:13:{i:0;s:11:\"core\/search\";i:1;s:10:\"core\/group\";i:2;s:12:\"core\/heading\";i:3;s:17:\"core\/latest-posts\";i:4;s:20:\"core\/latest-comments\";i:5;s:13:\"core\/archives\";i:6;s:15:\"core\/categories\";i:7;s:14:\"core\/paragraph\";i:8;s:10:\"uagb\/image\";i:9;s:11:\"core\/spacer\";i:10;s:30:\"woocommerce\/product-categories\";i:11;s:10:\"core\/image\";i:12;s:14:\"core\/shortcode\";}s:8:\"uag_flag\";b:1;s:11:\"uag_version\";s:10:\"1777146089\";s:6:\"gfonts\";a:0:{}s:10:\"gfonts_url\";s:0:\"\";s:12:\"gfonts_files\";a:0:{}s:14:\"uag_faq_layout\";b:0;}"]},"uagb_featured_image_src":{"full":["https:\/\/www.ferberpainting.com\/wp-content\/uploads\/2025\/05\/1L_5c13bf70-fb22-4b6f-b576-ef691caf08b6.png",2560,2276,false],"thumbnail":["https:\/\/www.ferberpainting.com\/wp-content\/uploads\/2025\/05\/1L_5c13bf70-fb22-4b6f-b576-ef691caf08b6-150x150.png",150,150,true],"medium":["https:\/\/www.ferberpainting.com\/wp-content\/uploads\/2025\/05\/1L_5c13bf70-fb22-4b6f-b576-ef691caf08b6-300x267.png",300,267,true],"medium_large":["https:\/\/www.ferberpainting.com\/wp-content\/uploads\/2025\/05\/1L_5c13bf70-fb22-4b6f-b576-ef691caf08b6-768x683.png",768,683,true],"large":["https:\/\/www.ferberpainting.com\/wp-content\/uploads\/2025\/05\/1L_5c13bf70-fb22-4b6f-b576-ef691caf08b6-1024x910.png",1024,910,true],"1536x1536":["https:\/\/www.ferberpainting.com\/wp-content\/uploads\/2025\/05\/1L_5c13bf70-fb22-4b6f-b576-ef691caf08b6-1536x1366.png",1536,1366,true],"2048x2048":["https:\/\/www.ferberpainting.com\/wp-content\/uploads\/2025\/05\/1L_5c13bf70-fb22-4b6f-b576-ef691caf08b6-2048x1821.png",2048,1821,true],"trp-custom-language-flag":["https:\/\/www.ferberpainting.com\/wp-content\/uploads\/2025\/05\/1L_5c13bf70-fb22-4b6f-b576-ef691caf08b6-13x12.png",13,12,true],"woocommerce_thumbnail":["https:\/\/www.ferberpainting.com\/wp-content\/uploads\/2025\/05\/1L_5c13bf70-fb22-4b6f-b576-ef691caf08b6-300x300.png",300,300,true],"woocommerce_single":["https:\/\/www.ferberpainting.com\/wp-content\/uploads\/2025\/05\/1L_5c13bf70-fb22-4b6f-b576-ef691caf08b6-600x533.png",600,533,true],"woocommerce_gallery_thumbnail":["https:\/\/www.ferberpainting.com\/wp-content\/uploads\/2025\/05\/1L_5c13bf70-fb22-4b6f-b576-ef691caf08b6-100x100.png",100,100,true]},"uagb_author_info":{"display_name":"admin","author_link":"https:\/\/www.ferberpainting.com\/hr\/author\/"},"uagb_comment_info":14,"uagb_excerpt":"Transform old tiles instantly without costly replacement. Our tile paint is specially formulated to renovate outdated, worn, or discolored tiles quickly and affordably. Instead of removing existing tiles and undertaking expensive renovation work, you can refresh kitchens, bathrooms, laundry rooms, and other tiled areas with a smooth, modern finish. This solution allows you to completely&hellip;","_links":{"self":[{"href":"https:\/\/www.ferberpainting.com\/hr\/wp-json\/wp\/v2\/product\/25531","targetHints":{"allow":["GET"]}}],"collection":[{"href":"https:\/\/www.ferberpainting.com\/hr\/wp-json\/wp\/v2\/product"}],"about":[{"href":"https:\/\/www.ferberpainting.com\/hr\/wp-json\/wp\/v2\/types\/product"}],"replies":[{"embeddable":true,"href":"https:\/\/www.ferberpainting.com\/hr\/wp-json\/wp\/v2\/comments?post=25531"}],"version-history":[{"count":3,"href":"https:\/\/www.ferberpainting.com\/hr\/wp-json\/wp\/v2\/product\/25531\/revisions"}],"predecessor-version":[{"id":167405,"href":"https:\/\/www.ferberpainting.com\/hr\/wp-json\/wp\/v2\/product\/25531\/revisions\/167405"}],"wp:featuredmedia":[{"embeddable":true,"href":"https:\/\/www.ferberpainting.com\/hr\/wp-json\/wp\/v2\/media\/27386"}],"wp:attachment":[{"href":"https:\/\/www.ferberpainting.com\/hr\/wp-json\/wp\/v2\/media?parent=25531"}],"wp:term":[{"taxonomy":"product_brand","embeddable":true,"href":"https:\/\/www.ferberpainting.com\/hr\/wp-json\/wp\/v2\/product_brand?post=25531"},{"taxonomy":"product_cat","embeddable":true,"href":"https:\/\/www.ferberpainting.com\/hr\/wp-json\/wp\/v2\/product_cat?post=25531"},{"taxonomy":"product_tag","embeddable":true,"href":"https:\/\/www.ferberpainting.com\/hr\/wp-json\/wp\/v2\/product_tag?post=25531"}],"curies":[{"name":"radni list","href":"https:\/\/api.w.org\/{rel}","templated":true}]}}