{"id":25293,"date":"2025-05-26T10:30:29","date_gmt":"2025-05-26T08:30:29","guid":{"rendered":"https:\/\/www.ferberpainting.com\/products\/shower-and-bathroom-unblocker\/"},"modified":"2026-02-16T10:41:15","modified_gmt":"2026-02-16T09:41:15","slug":"shower-and-bathroom-unblocker","status":"publish","type":"product","link":"https:\/\/www.ferberpainting.com\/hr\/products\/shower-and-bathroom-unblocker\/","title":{"rendered":"Od\u010depljiva\u010d za tu\u0161 i kadu"},"content":{"rendered":"<p><strong><img decoding=\"async\" style=\"margin-right: 12px;\" src=\"https:\/\/www.ferberpainting.com\/wp-content\/uploads\/2026\/02\/Check.svg\" alt=\"\" width=\"18\" height=\"15\" \/>Brzo i u\u010dinkovito uklanjanje za\u010depljenja.<\/strong>\u00a0Ovo sredstvo za od\u010depljivanje tu\u0161a i kade posebno je formulirano za otapanje za\u010depljenja uzrokovanih kosom, ostacima sapuna, tjelesnom masno\u0107om i drugim ne\u010disto\u0107ama koje se nakupljaju u cijevima. Djeluje dubinski kako bi obnovio nesmetan protok vode i sprije\u010dio stagnaciju vode, koja uzrokuje neugodne mirise i \u010dini kori\u0161tenje tu\u0161a ili kade neugodnim.<\/p>\n<p><strong><img decoding=\"async\" style=\"margin-right: 12px;\" src=\"https:\/\/www.ferberpainting.com\/wp-content\/uploads\/2026\/02\/Check.svg\" alt=\"\" width=\"18\" height=\"15\" \/>Jamstvo povrata novca.<\/strong>\u00a0Potpuno smo sigurni u u\u010dinkovitost na\u0161eg sredstva za od\u0161topavanje tu\u0161a i kade. Zato nudimo jamstvo povrata novca. Ako proizvod ne rije\u0161i va\u0161 problem nakon pravilne upotrebe prema preporuci, imate mogu\u0107nost zatra\u017eiti povrat novca bez ikakvih uvjeta, \u0161to osigurava sigurnu i bezrizi\u010dnu kupnju.<\/p>\n<p><strong><img decoding=\"async\" style=\"margin-right: 12px;\" src=\"https:\/\/www.ferberpainting.com\/wp-content\/uploads\/2026\/02\/Check.svg\" alt=\"\" width=\"18\" height=\"15\" \/>Kompatibilno s razli\u010ditim vrstama i materijalima cijevi.<\/strong>\u00a0Ovaj od\u010depljiva\u010d prikladan je za PVC, lijevano \u017eeljezo, bakar, nehr\u0111aju\u0107i \u010delik i betonske cijevi, \u0161to ga \u010dini upotrebljivim u ve\u0107ini modernih i starijih vodovodnih sustava. Tako\u0111er je siguran za septi\u010dke jame kada se koristi prema preporuci, osiguravaju\u0107i u\u010dinkovitu odvodnju bez naru\u0161avanja biolo\u0161ke ravnote\u017ee va\u0161eg sustava otpadnih voda.<\/p>\n<p><strong><img decoding=\"async\" style=\"margin-right: 12px;\" src=\"https:\/\/www.ferberpainting.com\/wp-content\/uploads\/2026\/02\/Check.svg\" alt=\"\" width=\"18\" height=\"15\" \/>Isplativo i optimizirano doziranje.<\/strong>\u00a0Zahvaljuju\u0107i svojoj koncentriranoj formuli, 1 litra proizvoda mo\u017ee tretirati do 4 za\u010depljenja, pru\u017eaju\u0107i ekonomi\u010dno rje\u0161enje za dugoro\u010dno odr\u017eavanje cijevi. Smanjenjem potrebe za \u010destim i skupim intervencijama, ovo sredstvo za od\u010depljivanje idealna je alternativa slo\u017eenim mehani\u010dkim intervencijama.<\/p>\n<p><strong><img decoding=\"async\" style=\"margin-right: 12px;\" src=\"https:\/\/www.ferberpainting.com\/wp-content\/uploads\/2026\/02\/Check.svg\" alt=\"\" width=\"18\" height=\"15\" \/>Siguran i nekorozivan proizvod za cijevi.<\/strong>\u00a0Za razliku od sredstava za od\u010depljivanje koja sadr\u017ee sodu ili sumpornu kiselinu, a koja mogu o\u0161tetiti cijevi, ovo sredstvo za od\u010depljivanje ne mijenja povr\u0161ine niti uzrokuje prerano tro\u0161enje. Potpuno je sigurno za vodovodne instalacije, a istovremeno jam\u010di maksimalnu u\u010dinkovitost protiv tvrdokornih za\u010depljenja.<\/p>\n<p><strong><img decoding=\"async\" style=\"margin-right: 12px;\" src=\"https:\/\/www.ferberpainting.com\/wp-content\/uploads\/2026\/02\/Check.svg\" alt=\"\" width=\"18\" height=\"15\" \/>Jednostavan za kori\u0161tenje i brzo djelovanje.<\/strong>\u00a0Ovo sredstvo za od\u010depljivanje spremno je za upotrebu i ne zahtijeva nikakvu prethodnu obradu. Jednostavno ga ulijte izravno u za\u010depljeni odvod i ostavite da djeluje nekoliko minuta prije temeljitog ispiranja. Njegovo ultra brzo djelovanje omogu\u0107uje u\u010dinkovito od\u010depljivanje za samo 15 do 30 minuta, izbjegavaju\u0107i dugotrajne i neugodne popravke.<\/p>\n<p><strong><img decoding=\"async\" style=\"margin-right: 12px;\" src=\"https:\/\/www.ferberpainting.com\/wp-content\/uploads\/2026\/02\/Check.svg\" alt=\"\" width=\"18\" height=\"15\" \/>Dugotrajni u\u010dinak i sprje\u010davanje budu\u0107ih za\u010depljenja.<\/strong>\u00a0Osim \u0161to u\u010dinkovito od\u010depljuje cijevi, ovaj proizvod sprje\u010dava nakupljanje naslaga postupnim otapanjem nakupljenih ostataka. Redovita upotreba poma\u017ee u smanjenju pojave novih za\u010depljenja i osigurava optimalno odvodnjavanje vode, sprje\u010davaju\u0107i dugoro\u010dne neugodnosti.<\/p>\n<p><strong><img decoding=\"async\" style=\"margin-right: 12px;\" src=\"https:\/\/www.ferberpainting.com\/wp-content\/uploads\/2026\/02\/Check.svg\" alt=\"\" width=\"18\" height=\"15\" \/>Hitna akcija za obnovljenu udobnost.<\/strong>\u00a0Nakon nano\u0161enja, ovo sredstvo za od\u010depljivanje po\u010dinje otapati naslage odgovorne za za\u010depljenja. Nakon jednostavnog ispiranja, voda ponovno slobodno te\u010de, osiguravaju\u0107i tu\u0161iranje ili kupanje bez stagnacije ili neugodnih mirisa.<\/p>\n<h2><strong>Protokol kori\u0161tenja<\/strong><\/h2>\n<ul>\n<li><strong>Priprema cijevi <\/strong>Prije nano\u0161enja, smanjite koli\u010dinu staja\u0107e vode na najmanju mogu\u0107u mjeru kako biste maksimalno pove\u0107ali u\u010dinkovitost proizvoda. Ako je potrebno, ru\u010dno uklonite vidljive pramenove dlaka kako biste poja\u010dali djelovanje sredstva za odblokiranje.<\/li>\n<li><strong>Preporu\u010dena doza <\/strong>Ulijte 250 ml proizvoda izravno u za\u010depljeni odvod kako biste tretirali jedno za\u010depljenje. 1 litra mo\u017ee tretirati do 4 za\u010depljenja. Za te\u017ee za\u010depljenje, nakon prvog tretmana mo\u017ee biti potrebna druga primjena.<\/li>\n<li><strong>Primjena deblokatora <\/strong>Polako ulijte proizvod u odvod, izbjegavaju\u0107i odmah nakon toga protok vode.<\/li>\n<li><strong>Vrijeme radnje <\/strong>Ostavite da djeluje 15 do 30 minuta, ovisno o ja\u010dini za\u010depljenja. Za posebno tvrdokorne za\u010depljenja, ostavite da djeluje do 1 sat prije ispiranja.<\/li>\n<li><strong>Ispiranje i provjera protoka <\/strong>Nakon vremena \u010dekanja, temeljito isperite vru\u0107om vodom kako biste uklonili otopljene ostatke i osigurali optimalan protok vode. Ako je potrebno, ponovite postupak za uporna za\u010depljenja.<\/li>\n<li><strong>Preventivno odr\u017eavanje <\/strong>Kako biste sprije\u010dili stvaranje novih za\u010depljenja, koristite malu koli\u010dinu proizvoda jednom mjese\u010dno kako biste postupno otopili naslage i odr\u017eali pravilnu funkciju cijevi.<\/li>\n<li><strong>Mjere opreza pri kori\u0161tenju <\/strong>Ne mije\u0161ati s drugim kemijskim proizvodima, posebno s deblokatorima koji sadr\u017ee sodu ili sumpornu kiselinu. Izbjegavati kontakt s ko\u017eom i o\u010dima. U slu\u010daju slu\u010dajnog kontakta, odmah isprati \u010distom vodom i po potrebi se obratiti lije\u010dniku.<\/li>\n<li><strong>Skladi\u0161tenje i o\u010duvanje <\/strong>Proizvod \u010duvajte na suhom, hladnom mjestu, za\u0161ti\u0107eno od svjetlosti i izvan dohvata djece. Nakon upotrebe \u010dvrsto zatvorite bo\u010dicu kako biste sprije\u010dili isparavanje ili promjenu otopine.<\/li>\n<\/ul>\n<p>S ovim sredstvom za od\u010depljivanje tu\u0161a i kade, brzo i u\u010dinkovito uklonite za\u010depljenja uz optimalno odr\u017eavanje va\u0161ih vodovodnih instalacija. U\u017eivajte u dugotrajnoj udobnosti odr\u017eavanjem glatkog protoka vode i sprje\u010davanjem problema sa za\u010depljenjem.<\/p>","protected":false},"excerpt":{"rendered":"<p>Fast and Effective Removal of Clogs.\u00a0This shower and bathtub unblocker is specially formulated to dissolve clogs caused by hair, soap residue, body grease, and other impurities that accumulate in pipes. It works deep down to restore smooth water flow and prevent stagnant water, which causes bad odors and makes using your shower or bathtub uncomfortable. [&hellip;]<\/p>\n","protected":false},"featured_media":27171,"comment_status":"open","ping_status":"closed","template":"","meta":{"_uag_custom_page_level_css":"","site-sidebar-layout":"default","site-content-layout":"","ast-site-content-layout":"default","site-content-style":"default","site-sidebar-style":"default","ast-global-header-display":"","ast-banner-title-visibility":"","ast-main-header-display":"","ast-hfb-above-header-display":"","ast-hfb-below-header-display":"","ast-hfb-mobile-header-display":"","site-post-title":"","ast-breadcrumbs-content":"","ast-featured-img":"","footer-sml-layout":"","ast-disable-related-posts":"","theme-transparent-header-meta":"default","adv-header-id-meta":"","stick-header-meta":"","header-above-stick-meta":"","header-main-stick-meta":"","header-below-stick-meta":"","astra-migrate-meta-layouts":"set","ast-page-background-enabled":"default","ast-page-background-meta":{"desktop":{"background-color":"var(--ast-global-color-4)","background-image":"","background-repeat":"repeat","background-position":"center center","background-size":"auto","background-attachment":"scroll","background-type":"","background-media":"","overlay-type":"","overlay-color":"","overlay-opacity":"","overlay-gradient":""},"tablet":{"background-color":"","background-image":"","background-repeat":"repeat","background-position":"center center","background-size":"auto","background-attachment":"scroll","background-type":"","background-media":"","overlay-type":"","overlay-color":"","overlay-opacity":"","overlay-gradient":""},"mobile":{"background-color":"","background-image":"","background-repeat":"repeat","background-position":"center center","background-size":"auto","background-attachment":"scroll","background-type":"","background-media":"","overlay-type":"","overlay-color":"","overlay-opacity":"","overlay-gradient":""}},"ast-content-background-meta":{"desktop":{"background-color":"var(--ast-global-color-5)","background-image":"","background-repeat":"repeat","background-position":"center center","background-size":"auto","background-attachment":"scroll","background-type":"","background-media":"","overlay-type":"","overlay-color":"","overlay-opacity":"","overlay-gradient":""},"tablet":{"background-color":"var(--ast-global-color-5)","background-image":"","background-repeat":"repeat","background-position":"center center","background-size":"auto","background-attachment":"scroll","background-type":"","background-media":"","overlay-type":"","overlay-color":"","overlay-opacity":"","overlay-gradient":""},"mobile":{"background-color":"var(--ast-global-color-5)","background-image":"","background-repeat":"repeat","background-position":"center center","background-size":"auto","background-attachment":"scroll","background-type":"","background-media":"","overlay-type":"","overlay-color":"","overlay-opacity":"","overlay-gradient":""}}},"product_brand":[],"product_cat":[175],"product_tag":[],"class_list":{"0":"post-25293","1":"product","2":"type-product","3":"status-publish","4":"has-post-thumbnail","6":"product_cat-cleaning-products","7":"desktop-align-left","8":"tablet-align-left","9":"mobile-align-left","11":"first","12":"instock","13":"sale","14":"taxable","15":"shipping-taxable","16":"purchasable","17":"product-type-variable","18":"has-default-attributes"},"spectra_custom_meta":{"_visibility":["visible"],"_shopify_product_id":["9062225674485"],"_s2w_shopify_domain":["ferberpainting.myshopify.com"],"_shopify_variant_id":["46488080285941"],"_sku":[""],"_manage_stock":["no"],"total_sales":["6"],"_tax_status":["taxable"],"_tax_class":[""],"_backorders":["no"],"_sold_individually":["no"],"_virtual":["no"],"_downloadable":["no"],"_download_limit":["-1"],"_download_expiry":["-1"],"_stock":[null],"_stock_status":["instock"],"_wc_average_rating":["4.57"],"_wc_review_count":["7"],"_product_attributes":["a:1:{s:6:\"volume\";a:6:{s:4:\"name\";s:6:\"Volume\";s:5:\"value\";s:20:\"5 liters | 25 liters\";s:8:\"position\";i:1;s:10:\"is_visible\";i:0;s:12:\"is_variation\";i:1;s:11:\"is_taxonomy\";i:0;}}"],"_product_version":["10.5.1"],"_thumbnail_id":["27171"],"_product_image_gallery":["27172"],"wpse_downloadable_file_names":[""],"wpse_downloadable_file_urls":[""],"_edit_last":["1"],"_default_attributes":["a:1:{s:6:\"volume\";s:8:\"5 liters\";}"],"_edit_lock":["1771234739:1"],"merchant-center-availability":["yes"],"merchant-center-category":["1749"],"_price":["29.90","129.90"],"_wp_page_template":["default"],"site-sidebar-layout":["default"],"ast-site-content-layout":["default"],"site-content-style":["default"],"site-sidebar-style":["default"],"theme-transparent-header-meta":["default"],"_wc_rating_count":["a:2:{i:4;i:3;i:5;i:4;}"],"astra-migrate-meta-layouts":["set"],"_uag_css_file_name":["uag-css-25293.css"],"_elementor_page_assets":["a:0:{}"],"_uag_page_assets":["a:9:{s:3:\"css\";s:7133:\".uag-blocks-common-selector{z-index:var(--z-index-desktop) !important}@media(max-width: 976px){.uag-blocks-common-selector{z-index:var(--z-index-tablet) !important}}@media(max-width: 767px){.uag-blocks-common-selector{z-index:var(--z-index-mobile) !important}}.wp-block-uagb-image{display:flex}.wp-block-uagb-image__figure{position:relative;display:flex;flex-direction:column;max-width:100%;height:auto;margin:0}.wp-block-uagb-image__figure img{height:auto;display:flex;max-width:100%;transition:box-shadow .2s ease}.wp-block-uagb-image__figure>a{display:inline-block}.wp-block-uagb-image__figure figcaption{text-align:center;margin-top:.5em;margin-bottom:1em}.wp-block-uagb-image .components-placeholder.block-editor-media-placeholder .components-placeholder__instructions{align-self:center}.wp-block-uagb-image--align-left{text-align:left}.wp-block-uagb-image--align-right{text-align:right}.wp-block-uagb-image--align-center{text-align:center}.wp-block-uagb-image--align-full .wp-block-uagb-image__figure{margin-left:calc(50% - 50vw);margin-right:calc(50% - 50vw);max-width:100vw;width:100vw;height:auto}.wp-block-uagb-image--align-full .wp-block-uagb-image__figure img{height:auto;width:100% !important}.wp-block-uagb-image--align-wide .wp-block-uagb-image__figure img{height:auto;width:100%}.wp-block-uagb-image--layout-overlay__color-wrapper{position:absolute;left:0;top:0;right:0;bottom:0;opacity:.2;background:rgba(0,0,0,.5);transition:opacity .35s ease-in-out}.wp-block-uagb-image--layout-overlay-link{position:absolute;left:0;right:0;bottom:0;top:0}.wp-block-uagb-image--layout-overlay .wp-block-uagb-image__figure:hover .wp-block-uagb-image--layout-overlay__color-wrapper{opacity:1}.wp-block-uagb-image--layout-overlay__inner{position:absolute;left:15px;right:15px;bottom:15px;top:15px;display:flex;align-items:center;justify-content:center;flex-direction:column;border-color:#fff;transition:.35s ease-in-out}.wp-block-uagb-image--layout-overlay__inner.top-left,.wp-block-uagb-image--layout-overlay__inner.top-center,.wp-block-uagb-image--layout-overlay__inner.top-right{justify-content:flex-start}.wp-block-uagb-image--layout-overlay__inner.bottom-left,.wp-block-uagb-image--layout-overlay__inner.bottom-center,.wp-block-uagb-image--layout-overlay__inner.bottom-right{justify-content:flex-end}.wp-block-uagb-image--layout-overlay__inner.top-left,.wp-block-uagb-image--layout-overlay__inner.center-left,.wp-block-uagb-image--layout-overlay__inner.bottom-left{align-items:flex-start}.wp-block-uagb-image--layout-overlay__inner.top-right,.wp-block-uagb-image--layout-overlay__inner.center-right,.wp-block-uagb-image--layout-overlay__inner.bottom-right{align-items:flex-end}.wp-block-uagb-image--layout-overlay__inner .uagb-image-heading{color:#fff;transition:transform .35s,opacity .35s ease-in-out;transform:translate3d(0, 24px, 0);margin:0;line-height:1em}.wp-block-uagb-image--layout-overlay__inner .uagb-image-separator{width:30%;border-top-width:2px;border-top-color:#fff;border-top-style:solid;margin-bottom:10px;opacity:0;transition:transform .4s,opacity .4s ease-in-out;transform:translate3d(0, 30px, 0)}.wp-block-uagb-image--layout-overlay__inner .uagb-image-caption{opacity:0;overflow:visible;color:#fff;transition:transform .45s,opacity .45s ease-in-out;transform:translate3d(0, 35px, 0)}.wp-block-uagb-image--layout-overlay__inner:hover .uagb-image-heading,.wp-block-uagb-image--layout-overlay__inner:hover .uagb-image-separator,.wp-block-uagb-image--layout-overlay__inner:hover .uagb-image-caption{opacity:1;transform:translate3d(0, 0, 0)}.wp-block-uagb-image--effect-zoomin .wp-block-uagb-image__figure img,.wp-block-uagb-image--effect-zoomin .wp-block-uagb-image__figure .wp-block-uagb-image--layout-overlay__color-wrapper{transform:scale(1);transition:transform .35s ease-in-out}.wp-block-uagb-image--effect-zoomin .wp-block-uagb-image__figure:hover img,.wp-block-uagb-image--effect-zoomin .wp-block-uagb-image__figure:hover .wp-block-uagb-image--layout-overlay__color-wrapper{transform:scale(1.05)}.wp-block-uagb-image--effect-slide .wp-block-uagb-image__figure img,.wp-block-uagb-image--effect-slide .wp-block-uagb-image__figure .wp-block-uagb-image--layout-overlay__color-wrapper{width:calc(100% + 40px) !important;max-width:none !important;transform:translate3d(-40px, 0, 0);transition:transform .35s ease-in-out}.wp-block-uagb-image--effect-slide .wp-block-uagb-image__figure:hover img,.wp-block-uagb-image--effect-slide .wp-block-uagb-image__figure:hover .wp-block-uagb-image--layout-overlay__color-wrapper{transform:translate3d(0, 0, 0)}.wp-block-uagb-image--effect-grayscale img{filter:grayscale(0%);transition:.35s ease-in-out}.wp-block-uagb-image--effect-grayscale:hover img{filter:grayscale(100%)}.wp-block-uagb-image--effect-blur img{filter:blur(0);transition:.35s ease-in-out}.wp-block-uagb-image--effect-blur:hover img{filter:blur(3px)}.uagb-block-e6f939b3.wp-block-uagb-image--layout-default figure img{box-shadow: 0px 0px 0 #00000070;}.uagb-block-e6f939b3.wp-block-uagb-image .wp-block-uagb-image__figure figcaption{font-style: normal;align-self: center;}.uagb-block-e6f939b3.wp-block-uagb-image--layout-overlay figure img{box-shadow: 0px 0px 0 #00000070;}.uagb-block-e6f939b3.wp-block-uagb-image--layout-overlay .wp-block-uagb-image--layout-overlay__color-wrapper{opacity: 0.2;}.uagb-block-e6f939b3.wp-block-uagb-image--layout-overlay .wp-block-uagb-image--layout-overlay__inner{left: 15px;right: 15px;top: 15px;bottom: 15px;}.uagb-block-e6f939b3.wp-block-uagb-image--layout-overlay .wp-block-uagb-image--layout-overlay__inner .uagb-image-heading{font-style: normal;color: #fff;opacity: 1;}.uagb-block-e6f939b3.wp-block-uagb-image--layout-overlay .wp-block-uagb-image--layout-overlay__inner .uagb-image-heading a{color: #fff;}.uagb-block-e6f939b3.wp-block-uagb-image--layout-overlay .wp-block-uagb-image--layout-overlay__inner .uagb-image-caption{opacity: 0;}.uagb-block-e6f939b3.wp-block-uagb-image--layout-overlay .wp-block-uagb-image__figure:hover .wp-block-uagb-image--layout-overlay__color-wrapper{opacity: 1;}.uagb-block-e6f939b3.wp-block-uagb-image .wp-block-uagb-image--layout-overlay__inner .uagb-image-separator{width: 30%;border-top-width: 2px;border-top-color: #fff;opacity: 0;}.uagb-block-e6f939b3.wp-block-uagb-image .wp-block-uagb-image__figure img{width: px;height: auto;}.uagb-block-e6f939b3.wp-block-uagb-image .wp-block-uagb-image__figure:hover .wp-block-uagb-image--layout-overlay__inner .uagb-image-caption{opacity: 1;}.uagb-block-e6f939b3.wp-block-uagb-image .wp-block-uagb-image__figure:hover .wp-block-uagb-image--layout-overlay__inner .uagb-image-separator{opacity: 1;}.uagb-block-e6f939b3.wp-block-uagb-image--layout-default figure:hover img{box-shadow: 0px 0px 0 #00000070;}.uagb-block-e6f939b3.wp-block-uagb-image--layout-overlay figure:hover img{box-shadow: 0px 0px 0 #00000070;}@media only screen and (max-width: 976px) {.uagb-block-e6f939b3.wp-block-uagb-image .wp-block-uagb-image__figure img{width: px;height: auto;}}@media only screen and (max-width: 767px) {.uagb-block-e6f939b3.wp-block-uagb-image .wp-block-uagb-image__figure img{width: px;height: auto;}}\";s:2:\"js\";s:0:\"\";s:18:\"current_block_list\";a:13:{i:0;s:11:\"core\/search\";i:1;s:10:\"core\/group\";i:2;s:12:\"core\/heading\";i:3;s:17:\"core\/latest-posts\";i:4;s:20:\"core\/latest-comments\";i:5;s:13:\"core\/archives\";i:6;s:15:\"core\/categories\";i:7;s:14:\"core\/paragraph\";i:8;s:10:\"uagb\/image\";i:9;s:11:\"core\/spacer\";i:10;s:30:\"woocommerce\/product-categories\";i:11;s:10:\"core\/image\";i:12;s:14:\"core\/shortcode\";}s:8:\"uag_flag\";b:1;s:11:\"uag_version\";s:10:\"1777229668\";s:6:\"gfonts\";a:0:{}s:10:\"gfonts_url\";s:0:\"\";s:12:\"gfonts_files\";a:0:{}s:14:\"uag_faq_layout\";b:0;}"]},"uagb_featured_image_src":{"full":["https:\/\/www.ferberpainting.com\/wp-content\/uploads\/2025\/05\/ShowerandBathroomUnblocker5L.png",2560,2560,false],"thumbnail":["https:\/\/www.ferberpainting.com\/wp-content\/uploads\/2025\/05\/ShowerandBathroomUnblocker5L-150x150.png",150,150,true],"medium":["https:\/\/www.ferberpainting.com\/wp-content\/uploads\/2025\/05\/ShowerandBathroomUnblocker5L-300x300.png",300,300,true],"medium_large":["https:\/\/www.ferberpainting.com\/wp-content\/uploads\/2025\/05\/ShowerandBathroomUnblocker5L-768x768.png",768,768,true],"large":["https:\/\/www.ferberpainting.com\/wp-content\/uploads\/2025\/05\/ShowerandBathroomUnblocker5L-1024x1024.png",1024,1024,true],"1536x1536":["https:\/\/www.ferberpainting.com\/wp-content\/uploads\/2025\/05\/ShowerandBathroomUnblocker5L-1536x1536.png",1536,1536,true],"2048x2048":["https:\/\/www.ferberpainting.com\/wp-content\/uploads\/2025\/05\/ShowerandBathroomUnblocker5L-2048x2048.png",2048,2048,true],"trp-custom-language-flag":["https:\/\/www.ferberpainting.com\/wp-content\/uploads\/2025\/05\/ShowerandBathroomUnblocker5L-12x12.png",12,12,true],"woocommerce_thumbnail":["https:\/\/www.ferberpainting.com\/wp-content\/uploads\/2025\/05\/ShowerandBathroomUnblocker5L-300x300.png",300,300,true],"woocommerce_single":["https:\/\/www.ferberpainting.com\/wp-content\/uploads\/2025\/05\/ShowerandBathroomUnblocker5L-600x600.png",600,600,true],"woocommerce_gallery_thumbnail":["https:\/\/www.ferberpainting.com\/wp-content\/uploads\/2025\/05\/ShowerandBathroomUnblocker5L-100x100.png",100,100,true]},"uagb_author_info":{"display_name":"admin","author_link":"https:\/\/www.ferberpainting.com\/hr\/author\/"},"uagb_comment_info":7,"uagb_excerpt":"Fast and Effective Removal of Clogs.\u00a0This shower and bathtub unblocker is specially formulated to dissolve clogs caused by hair, soap residue, body grease, and other impurities that accumulate in pipes. It works deep down to restore smooth water flow and prevent stagnant water, which causes bad odors and makes using your shower or bathtub uncomfortable.&hellip;","_links":{"self":[{"href":"https:\/\/www.ferberpainting.com\/hr\/wp-json\/wp\/v2\/product\/25293","targetHints":{"allow":["GET"]}}],"collection":[{"href":"https:\/\/www.ferberpainting.com\/hr\/wp-json\/wp\/v2\/product"}],"about":[{"href":"https:\/\/www.ferberpainting.com\/hr\/wp-json\/wp\/v2\/types\/product"}],"replies":[{"embeddable":true,"href":"https:\/\/www.ferberpainting.com\/hr\/wp-json\/wp\/v2\/comments?post=25293"}],"version-history":[{"count":4,"href":"https:\/\/www.ferberpainting.com\/hr\/wp-json\/wp\/v2\/product\/25293\/revisions"}],"predecessor-version":[{"id":167279,"href":"https:\/\/www.ferberpainting.com\/hr\/wp-json\/wp\/v2\/product\/25293\/revisions\/167279"}],"wp:featuredmedia":[{"embeddable":true,"href":"https:\/\/www.ferberpainting.com\/hr\/wp-json\/wp\/v2\/media\/27171"}],"wp:attachment":[{"href":"https:\/\/www.ferberpainting.com\/hr\/wp-json\/wp\/v2\/media?parent=25293"}],"wp:term":[{"taxonomy":"product_brand","embeddable":true,"href":"https:\/\/www.ferberpainting.com\/hr\/wp-json\/wp\/v2\/product_brand?post=25293"},{"taxonomy":"product_cat","embeddable":true,"href":"https:\/\/www.ferberpainting.com\/hr\/wp-json\/wp\/v2\/product_cat?post=25293"},{"taxonomy":"product_tag","embeddable":true,"href":"https:\/\/www.ferberpainting.com\/hr\/wp-json\/wp\/v2\/product_tag?post=25293"}],"curies":[{"name":"radni list","href":"https:\/\/api.w.org\/{rel}","templated":true}]}}