{"id":25272,"date":"2025-05-26T10:30:17","date_gmt":"2025-05-26T08:30:17","guid":{"rendered":"https:\/\/www.ferberpainting.com\/products\/rooting-fertilizer\/"},"modified":"2026-02-16T09:02:15","modified_gmt":"2026-02-16T08:02:15","slug":"rooting-fertilizer","status":"publish","type":"product","link":"https:\/\/www.ferberpainting.com\/hr\/products\/rooting-fertilizer\/","title":{"rendered":"Gnojivo za ukorjenjivanje"},"content":{"rendered":"<p><strong><img decoding=\"async\" style=\"margin-right: 12px;\" src=\"https:\/\/www.ferberpainting.com\/wp-content\/uploads\/2026\/02\/Check.svg\" alt=\"\" width=\"18\" height=\"15\" \/>Gnojivo posebno dizajnirano za poticanje ukorjenjivanja i rasta reznica. <\/strong>Ovo gnojivo za reznice formulirano je kako bi mladim biljkama osiguralo esencijalne hranjive tvari za uravnote\u017een i skladan razvoj. Zahvaljuju\u0107i uravnote\u017eenom sastavu NPK 15-15-15, osigurava optimalnu opskrbu du\u0161ikom (N) za poticanje rasta novih listova, fosforom (P) za potporu razvoju korijena i kalijem (K) za pobolj\u0161anje otpornosti na bolesti i stresne uvjete iz okoli\u0161a. Jam\u010di ubrzano ukorjenjivanje, sna\u017ean rast i optimalan oporavak reznica.<\/p>\n<p><strong><img decoding=\"async\" style=\"margin-right: 12px;\" src=\"https:\/\/www.ferberpainting.com\/wp-content\/uploads\/2026\/02\/Check.svg\" alt=\"\" width=\"18\" height=\"15\" \/>Jamstvo povrata novca.<\/strong>\u00a0Uvjereni smo u u\u010dinkovitost na\u0161eg gnojiva za reznice, zbog \u010dega nudimo jamstvo povrata novca. Ako nakon upotrebe prema preporuci va\u0161e reznice ne poka\u017eu vidljivo pobolj\u0161anje u rastu ili ukorjenjivanju, obvezujemo se u potpunosti vam vratiti novac i pru\u017eiti vam bezbri\u017enost.<\/p>\n<p><strong><img decoding=\"async\" style=\"margin-right: 12px;\" src=\"https:\/\/www.ferberpainting.com\/wp-content\/uploads\/2026\/02\/Check.svg\" alt=\"\" width=\"18\" height=\"15\" \/>Pogodno za sve biljke i razli\u010dite vrste reznica.<\/strong>\u00a0Ovo gnojivo je prikladno za reznice ukrasnih, vo\u0107nih, povrtnih i vi\u0161egodi\u0161njih biljaka, bilo drvenastih, poludrvenastih ili zeljastih. Djeluje na \u0161irokom rasponu supstrata, posebno tresetu, perlitu, pijesku i mje\u0161avinama tla, osiguravaju\u0107i pravilnu gnojidbu prilago\u0111enu svakoj vrsti kulture. Tako\u0111er je idealno za reznice u lon\u010danicama, otvorenom tlu ili staklenicima, nude\u0107i veliku svestranost.<\/p>\n<p><strong><img decoding=\"async\" style=\"margin-right: 12px;\" src=\"https:\/\/www.ferberpainting.com\/wp-content\/uploads\/2026\/02\/Check.svg\" alt=\"\" width=\"18\" height=\"15\" \/>Isplativ prinos i produljena gnojidba.<\/strong>\u00a0Zahvaljuju\u0107i svojoj koncentriranoj teku\u0107oj formuli, limenka od 5 litara priprema do 1000 litara otopine gnojiva, osiguravaju\u0107i dugotrajnu i ekonomi\u010dnu gnojidbu. S dozom od 5 ml po litri vode, omogu\u0107uje brzu asimilaciju hranjivih tvari i optimalnu upotrebu uz smanjenje otpada.<\/p>\n<p><strong><img decoding=\"async\" style=\"margin-right: 12px;\" src=\"https:\/\/www.ferberpainting.com\/wp-content\/uploads\/2026\/02\/Check.svg\" alt=\"\" width=\"18\" height=\"15\" \/>Sigurno gnojivo bez rizika za upotrebu na mladim biljkama. <\/strong>Napravljeno bez agresivnih kemikalija, ovo gnojivo po\u0161tuje osjetljivost mladog korijenja i ne sadr\u017ei toksi\u010dne dodatke za okoli\u0161. Tako\u0111er je sigurno za doma\u0107e \u017eivotinje i vrtne \u017eivotinje, osiguravaju\u0107i nje\u017enu, progresivnu gnojidbu, izbjegavaju\u0107i stres na reznicama i olak\u0161avaju\u0107i njihov razvoj.<\/p>\n<p><strong><img decoding=\"async\" style=\"margin-right: 12px;\" src=\"https:\/\/www.ferberpainting.com\/wp-content\/uploads\/2026\/02\/Check.svg\" alt=\"\" width=\"18\" height=\"15\" \/>Jednostavno nano\u0161enje za ukorjenjivanje bez napora.<\/strong>\u00a0Ovo teku\u0107e gnojivo razrje\u0111uje se izravno u vodi za zalijevanje, osiguravaju\u0107i ravnomjernu i u\u010dinkovitu gnojidbu. Mo\u017ee se primijeniti izravnim zalijevanjem na supstrat ili namakanjem reznica prije sadnje, osiguravaju\u0107i optimalnu apsorpciju esencijalnih hranjivih tvari za razvoj.<\/p>\n<p><strong><img decoding=\"async\" style=\"margin-right: 12px;\" src=\"https:\/\/www.ferberpainting.com\/wp-content\/uploads\/2026\/02\/Check.svg\" alt=\"\" width=\"18\" height=\"15\" \/>Dugotrajno djelovanje za brz i sna\u017ean rast.<\/strong>\u00a0Zahvaljuju\u0107i sporom otpu\u0161tanju hranjivih tvari, ovo gnojivo ravnomjerno hrani reznice, poti\u010du\u0107i rast korijena i ranih izdanaka. Tako\u0111er poma\u017ee u pove\u0107anju otpornosti na bolesti i okoli\u0161ne stresove, osiguravaju\u0107i optimalan uspjeh rezidbe i sna\u017ean rast od prvih faza razvoja.<\/p>\n<p><strong><img decoding=\"async\" style=\"margin-right: 12px;\" src=\"https:\/\/www.ferberpainting.com\/wp-content\/uploads\/2026\/02\/Check.svg\" alt=\"\" width=\"18\" height=\"15\" \/>Vidljivi rezultati ve\u0107 od prvih tjedana.<\/strong>\u00a0Ve\u0107 od prvih primjena, ovo gnojivo ubrzava stvaranje prvih korijena, pobolj\u0161ava \u010dvrsto\u0107u stabljike i poti\u010de razvoj novih listova. Prvi znakovi uspjeha brzo su vidljivi.<\/p>\n<h2>Protokol kori\u0161tenja<\/h2>\n<p><strong>Razrje\u0111ivanje gnojiva:<\/strong> Pomije\u0161ajte 5 ml gnojiva na 1 litru vode. Prije svake primjene dobro protresite otopinu kako biste osigurali ravnomjernu raspodjelu hranjivih tvari.<\/p>\n<p><strong>Na\u010din primjene:<\/strong><\/p>\n<ul>\n<li><strong>Namakanjem reznica:<\/strong> Prije sadnje, uronite bazu reznica u razrije\u0111enu otopinu na 15 do 30 minuta kako biste potaknuli rast korijena.<\/li>\n<li><strong>Zalijevanjem nakon sadnje:<\/strong> Razrije\u0111enu otopinu ulijte izravno na supstrat oko reznica, paze\u0107i da ravnomjerno navla\u017eite, ali ne i da previ\u0161e zalijete kako biste izbjegli truljenje korijena.<\/li>\n<\/ul>\n<p><strong>U\u010destalost kori\u0161tenja:<\/strong>\u00a0Gnojivo primjenjujte svaka dva tjedna tijekom aktivnog razdoblja rasta (prolje\u0107e-ljeto) i jednom mjese\u010dno tijekom razdoblja mirovanja (jesen-zima) kako biste odr\u017eali dobar korijenski i vegetativni razvoj.<\/p>\n<p><strong>Dodatno zalijevanje:<\/strong>\u00a0Nakon primjene gnojiva, pri\u010dekajte 48 sati prije ponovnog zalijevanja kako bi se optimizirala apsorpcija hranjivih tvari od strane mladog korijenja.<\/p>\n<p><strong>Mjere opreza pri kori\u0161tenju:<\/strong> Nemojte pretjerivati s gnojivom kako biste izbjegli stres mladih biljaka i nakupljanje mineralnih soli u supstratu. Nanosite samo na blago vla\u017eno tlo kako biste osigurali optimalnu apsorpciju.<\/p>\n<p><strong>Skladi\u0161tenje i konzerviranje:<\/strong> Gnojivo \u010duvajte na suhom i hladnom mjestu, za\u0161ti\u0107eno od svjetlosti i vlage. Nakon svake upotrebe ponovno zatvorite limenku kako biste sa\u010duvali u\u010dinkovitost proizvoda i izbjegli isparavanje.<\/p>\n<p>S ovim gnojivom za rezanje, pru\u017eite svojim mladim biljkama potpunu i savr\u0161eno prilago\u0111enu prehranu za njihove specifi\u010dne potrebe, poti\u010du\u0107i brzo ukorjenjivanje, sna\u017ean rast i optimalan uspjeh rezanja. To je idealno rje\u0161enje kako biste osigurali da va\u0161e reznice ostanu zdrave, osiguravaju\u0107i brz oporavak i skladan razvoj tijekom cijelog rasta.<\/p>","protected":false},"excerpt":{"rendered":"<p>A fertilizer specially designed to stimulate rooting and cutting growth. This cutting fertilizer is formulated to provide young plants with the essential nutrients for balanced and harmonious development. Thanks to its balanced NPK 15-15-15 composition, it ensures an optimal supply of nitrogen (N) to promote new leaf growth, phosphorus (P) to support root development, and [&hellip;]<\/p>\n","protected":false},"featured_media":27155,"comment_status":"open","ping_status":"closed","template":"","meta":{"_uag_custom_page_level_css":"","site-sidebar-layout":"default","site-content-layout":"","ast-site-content-layout":"default","site-content-style":"default","site-sidebar-style":"default","ast-global-header-display":"","ast-banner-title-visibility":"","ast-main-header-display":"","ast-hfb-above-header-display":"","ast-hfb-below-header-display":"","ast-hfb-mobile-header-display":"","site-post-title":"","ast-breadcrumbs-content":"","ast-featured-img":"","footer-sml-layout":"","ast-disable-related-posts":"","theme-transparent-header-meta":"default","adv-header-id-meta":"","stick-header-meta":"","header-above-stick-meta":"","header-main-stick-meta":"","header-below-stick-meta":"","astra-migrate-meta-layouts":"set","ast-page-background-enabled":"default","ast-page-background-meta":{"desktop":{"background-color":"var(--ast-global-color-4)","background-image":"","background-repeat":"repeat","background-position":"center center","background-size":"auto","background-attachment":"scroll","background-type":"","background-media":"","overlay-type":"","overlay-color":"","overlay-opacity":"","overlay-gradient":""},"tablet":{"background-color":"","background-image":"","background-repeat":"repeat","background-position":"center center","background-size":"auto","background-attachment":"scroll","background-type":"","background-media":"","overlay-type":"","overlay-color":"","overlay-opacity":"","overlay-gradient":""},"mobile":{"background-color":"","background-image":"","background-repeat":"repeat","background-position":"center center","background-size":"auto","background-attachment":"scroll","background-type":"","background-media":"","overlay-type":"","overlay-color":"","overlay-opacity":"","overlay-gradient":""}},"ast-content-background-meta":{"desktop":{"background-color":"var(--ast-global-color-5)","background-image":"","background-repeat":"repeat","background-position":"center center","background-size":"auto","background-attachment":"scroll","background-type":"","background-media":"","overlay-type":"","overlay-color":"","overlay-opacity":"","overlay-gradient":""},"tablet":{"background-color":"var(--ast-global-color-5)","background-image":"","background-repeat":"repeat","background-position":"center center","background-size":"auto","background-attachment":"scroll","background-type":"","background-media":"","overlay-type":"","overlay-color":"","overlay-opacity":"","overlay-gradient":""},"mobile":{"background-color":"var(--ast-global-color-5)","background-image":"","background-repeat":"repeat","background-position":"center center","background-size":"auto","background-attachment":"scroll","background-type":"","background-media":"","overlay-type":"","overlay-color":"","overlay-opacity":"","overlay-gradient":""}}},"product_brand":[],"product_cat":[178],"product_tag":[],"class_list":{"0":"post-25272","1":"product","2":"type-product","3":"status-publish","4":"has-post-thumbnail","6":"product_cat-fertilizers","7":"desktop-align-left","8":"tablet-align-left","9":"mobile-align-left","11":"first","12":"instock","13":"sale","14":"taxable","15":"shipping-taxable","16":"purchasable","17":"product-type-variable","18":"has-default-attributes"},"spectra_custom_meta":{"_visibility":["visible"],"_shopify_product_id":["9066141352181"],"_s2w_shopify_domain":["ferberpainting.myshopify.com"],"_shopify_variant_id":["46502074712309"],"_sku":[""],"_manage_stock":["no"],"total_sales":["14"],"_tax_status":["taxable"],"_tax_class":[""],"_backorders":["no"],"_sold_individually":["no"],"_virtual":["no"],"_downloadable":["no"],"_download_limit":["-1"],"_download_expiry":["-1"],"_stock":[null],"_stock_status":["instock"],"_wc_average_rating":["5.00"],"_wc_review_count":["6"],"_product_attributes":["a:1:{s:6:\"volume\";a:6:{s:4:\"name\";s:6:\"Volume\";s:5:\"value\";s:20:\"5 liters | 25 liters\";s:8:\"position\";i:1;s:10:\"is_visible\";i:0;s:12:\"is_variation\";i:1;s:11:\"is_taxonomy\";i:0;}}"],"_product_version":["10.5.1"],"_thumbnail_id":["27155"],"_product_image_gallery":["27157"],"wpse_downloadable_file_names":[""],"wpse_downloadable_file_urls":[""],"_edit_last":["1"],"_default_attributes":["a:1:{s:6:\"volume\";s:8:\"5 liters\";}"],"_wc_rating_count":["a:1:{i:5;i:6;}"],"_edit_lock":["1771228911:1"],"_price":["29.90","129.90"],"merchant-center-availability":["yes"],"merchant-center-category":["113"],"_wp_page_template":["default"],"site-sidebar-layout":["default"],"ast-site-content-layout":["default"],"site-content-style":["default"],"site-sidebar-style":["default"],"theme-transparent-header-meta":["default"],"astra-migrate-meta-layouts":["set"],"_uag_css_file_name":["uag-css-25272.css"],"_elementor_page_assets":["a:0:{}"],"_uag_page_assets":["a:9:{s:3:\"css\";s:6873:\".wp-block-uagb-image{display:flex}.wp-block-uagb-image__figure{position:relative;display:flex;flex-direction:column;max-width:100%;height:auto;margin:0}.wp-block-uagb-image__figure img{height:auto;display:flex;max-width:100%;transition:box-shadow .2s ease}.wp-block-uagb-image__figure>a{display:inline-block}.wp-block-uagb-image__figure figcaption{text-align:center;margin-top:.5em;margin-bottom:1em}.wp-block-uagb-image .components-placeholder.block-editor-media-placeholder .components-placeholder__instructions{align-self:center}.wp-block-uagb-image--align-left{text-align:left}.wp-block-uagb-image--align-right{text-align:right}.wp-block-uagb-image--align-center{text-align:center}.wp-block-uagb-image--align-full .wp-block-uagb-image__figure{margin-left:calc(50% - 50vw);margin-right:calc(50% - 50vw);max-width:100vw;width:100vw;height:auto}.wp-block-uagb-image--align-full .wp-block-uagb-image__figure img{height:auto;width:100% !important}.wp-block-uagb-image--align-wide .wp-block-uagb-image__figure img{height:auto;width:100%}.wp-block-uagb-image--layout-overlay__color-wrapper{position:absolute;left:0;top:0;right:0;bottom:0;opacity:.2;background:rgba(0,0,0,.5);transition:opacity .35s ease-in-out}.wp-block-uagb-image--layout-overlay-link{position:absolute;left:0;right:0;bottom:0;top:0}.wp-block-uagb-image--layout-overlay .wp-block-uagb-image__figure:hover .wp-block-uagb-image--layout-overlay__color-wrapper{opacity:1}.wp-block-uagb-image--layout-overlay__inner{position:absolute;left:15px;right:15px;bottom:15px;top:15px;display:flex;align-items:center;justify-content:center;flex-direction:column;border-color:#fff;transition:.35s ease-in-out}.wp-block-uagb-image--layout-overlay__inner.top-left,.wp-block-uagb-image--layout-overlay__inner.top-center,.wp-block-uagb-image--layout-overlay__inner.top-right{justify-content:flex-start}.wp-block-uagb-image--layout-overlay__inner.bottom-left,.wp-block-uagb-image--layout-overlay__inner.bottom-center,.wp-block-uagb-image--layout-overlay__inner.bottom-right{justify-content:flex-end}.wp-block-uagb-image--layout-overlay__inner.top-left,.wp-block-uagb-image--layout-overlay__inner.center-left,.wp-block-uagb-image--layout-overlay__inner.bottom-left{align-items:flex-start}.wp-block-uagb-image--layout-overlay__inner.top-right,.wp-block-uagb-image--layout-overlay__inner.center-right,.wp-block-uagb-image--layout-overlay__inner.bottom-right{align-items:flex-end}.wp-block-uagb-image--layout-overlay__inner .uagb-image-heading{color:#fff;transition:transform .35s,opacity .35s ease-in-out;transform:translate3d(0, 24px, 0);margin:0;line-height:1em}.wp-block-uagb-image--layout-overlay__inner .uagb-image-separator{width:30%;border-top-width:2px;border-top-color:#fff;border-top-style:solid;margin-bottom:10px;opacity:0;transition:transform .4s,opacity .4s ease-in-out;transform:translate3d(0, 30px, 0)}.wp-block-uagb-image--layout-overlay__inner .uagb-image-caption{opacity:0;overflow:visible;color:#fff;transition:transform .45s,opacity .45s ease-in-out;transform:translate3d(0, 35px, 0)}.wp-block-uagb-image--layout-overlay__inner:hover .uagb-image-heading,.wp-block-uagb-image--layout-overlay__inner:hover .uagb-image-separator,.wp-block-uagb-image--layout-overlay__inner:hover .uagb-image-caption{opacity:1;transform:translate3d(0, 0, 0)}.wp-block-uagb-image--effect-zoomin .wp-block-uagb-image__figure img,.wp-block-uagb-image--effect-zoomin .wp-block-uagb-image__figure .wp-block-uagb-image--layout-overlay__color-wrapper{transform:scale(1);transition:transform .35s ease-in-out}.wp-block-uagb-image--effect-zoomin .wp-block-uagb-image__figure:hover img,.wp-block-uagb-image--effect-zoomin .wp-block-uagb-image__figure:hover .wp-block-uagb-image--layout-overlay__color-wrapper{transform:scale(1.05)}.wp-block-uagb-image--effect-slide .wp-block-uagb-image__figure img,.wp-block-uagb-image--effect-slide .wp-block-uagb-image__figure .wp-block-uagb-image--layout-overlay__color-wrapper{width:calc(100% + 40px) !important;max-width:none !important;transform:translate3d(-40px, 0, 0);transition:transform .35s ease-in-out}.wp-block-uagb-image--effect-slide .wp-block-uagb-image__figure:hover img,.wp-block-uagb-image--effect-slide .wp-block-uagb-image__figure:hover .wp-block-uagb-image--layout-overlay__color-wrapper{transform:translate3d(0, 0, 0)}.wp-block-uagb-image--effect-grayscale img{filter:grayscale(0%);transition:.35s ease-in-out}.wp-block-uagb-image--effect-grayscale:hover img{filter:grayscale(100%)}.wp-block-uagb-image--effect-blur img{filter:blur(0);transition:.35s ease-in-out}.wp-block-uagb-image--effect-blur:hover img{filter:blur(3px)}.uagb-block-e6f939b3.wp-block-uagb-image--layout-default figure img{box-shadow: 0px 0px 0 #00000070;}.uagb-block-e6f939b3.wp-block-uagb-image .wp-block-uagb-image__figure figcaption{font-style: normal;align-self: center;}.uagb-block-e6f939b3.wp-block-uagb-image--layout-overlay figure img{box-shadow: 0px 0px 0 #00000070;}.uagb-block-e6f939b3.wp-block-uagb-image--layout-overlay .wp-block-uagb-image--layout-overlay__color-wrapper{opacity: 0.2;}.uagb-block-e6f939b3.wp-block-uagb-image--layout-overlay .wp-block-uagb-image--layout-overlay__inner{left: 15px;right: 15px;top: 15px;bottom: 15px;}.uagb-block-e6f939b3.wp-block-uagb-image--layout-overlay .wp-block-uagb-image--layout-overlay__inner .uagb-image-heading{font-style: normal;color: #fff;opacity: 1;}.uagb-block-e6f939b3.wp-block-uagb-image--layout-overlay .wp-block-uagb-image--layout-overlay__inner .uagb-image-heading a{color: #fff;}.uagb-block-e6f939b3.wp-block-uagb-image--layout-overlay .wp-block-uagb-image--layout-overlay__inner .uagb-image-caption{opacity: 0;}.uagb-block-e6f939b3.wp-block-uagb-image--layout-overlay .wp-block-uagb-image__figure:hover .wp-block-uagb-image--layout-overlay__color-wrapper{opacity: 1;}.uagb-block-e6f939b3.wp-block-uagb-image .wp-block-uagb-image--layout-overlay__inner .uagb-image-separator{width: 30%;border-top-width: 2px;border-top-color: #fff;opacity: 0;}.uagb-block-e6f939b3.wp-block-uagb-image .wp-block-uagb-image__figure img{width: px;height: auto;}.uagb-block-e6f939b3.wp-block-uagb-image .wp-block-uagb-image__figure:hover .wp-block-uagb-image--layout-overlay__inner .uagb-image-caption{opacity: 1;}.uagb-block-e6f939b3.wp-block-uagb-image .wp-block-uagb-image__figure:hover .wp-block-uagb-image--layout-overlay__inner .uagb-image-separator{opacity: 1;}.uagb-block-e6f939b3.wp-block-uagb-image--layout-default figure:hover img{box-shadow: 0px 0px 0 #00000070;}.uagb-block-e6f939b3.wp-block-uagb-image--layout-overlay figure:hover img{box-shadow: 0px 0px 0 #00000070;}@media only screen and (max-width: 976px) {.uagb-block-e6f939b3.wp-block-uagb-image .wp-block-uagb-image__figure img{width: px;height: auto;}}@media only screen and (max-width: 767px) {.uagb-block-e6f939b3.wp-block-uagb-image .wp-block-uagb-image__figure img{width: px;height: auto;}}\";s:2:\"js\";s:0:\"\";s:18:\"current_block_list\";a:13:{i:0;s:11:\"core\/search\";i:1;s:10:\"core\/group\";i:2;s:12:\"core\/heading\";i:3;s:17:\"core\/latest-posts\";i:4;s:20:\"core\/latest-comments\";i:5;s:13:\"core\/archives\";i:6;s:15:\"core\/categories\";i:7;s:14:\"core\/paragraph\";i:8;s:10:\"uagb\/image\";i:9;s:11:\"core\/spacer\";i:10;s:30:\"woocommerce\/product-categories\";i:11;s:10:\"core\/image\";i:12;s:14:\"core\/shortcode\";}s:8:\"uag_flag\";b:1;s:11:\"uag_version\";s:10:\"1777350945\";s:6:\"gfonts\";a:0:{}s:10:\"gfonts_url\";s:0:\"\";s:12:\"gfonts_files\";a:0:{}s:14:\"uag_faq_layout\";b:0;}"]},"uagb_featured_image_src":{"full":["https:\/\/www.ferberpainting.com\/wp-content\/uploads\/2025\/05\/RootingFertilizer5L.png",2560,2560,false],"thumbnail":["https:\/\/www.ferberpainting.com\/wp-content\/uploads\/2025\/05\/RootingFertilizer5L-150x150.png",150,150,true],"medium":["https:\/\/www.ferberpainting.com\/wp-content\/uploads\/2025\/05\/RootingFertilizer5L-300x300.png",300,300,true],"medium_large":["https:\/\/www.ferberpainting.com\/wp-content\/uploads\/2025\/05\/RootingFertilizer5L-768x768.png",768,768,true],"large":["https:\/\/www.ferberpainting.com\/wp-content\/uploads\/2025\/05\/RootingFertilizer5L-1024x1024.png",1024,1024,true],"1536x1536":["https:\/\/www.ferberpainting.com\/wp-content\/uploads\/2025\/05\/RootingFertilizer5L-1536x1536.png",1536,1536,true],"2048x2048":["https:\/\/www.ferberpainting.com\/wp-content\/uploads\/2025\/05\/RootingFertilizer5L-2048x2048.png",2048,2048,true],"trp-custom-language-flag":["https:\/\/www.ferberpainting.com\/wp-content\/uploads\/2025\/05\/RootingFertilizer5L-12x12.png",12,12,true],"woocommerce_thumbnail":["https:\/\/www.ferberpainting.com\/wp-content\/uploads\/2025\/05\/RootingFertilizer5L-300x300.png",300,300,true],"woocommerce_single":["https:\/\/www.ferberpainting.com\/wp-content\/uploads\/2025\/05\/RootingFertilizer5L-600x600.png",600,600,true],"woocommerce_gallery_thumbnail":["https:\/\/www.ferberpainting.com\/wp-content\/uploads\/2025\/05\/RootingFertilizer5L-100x100.png",100,100,true]},"uagb_author_info":{"display_name":"admin","author_link":"https:\/\/www.ferberpainting.com\/hr\/author\/"},"uagb_comment_info":6,"uagb_excerpt":"A fertilizer specially designed to stimulate rooting and cutting growth. This cutting fertilizer is formulated to provide young plants with the essential nutrients for balanced and harmonious development. Thanks to its balanced NPK 15-15-15 composition, it ensures an optimal supply of nitrogen (N) to promote new leaf growth, phosphorus (P) to support root development, and&hellip;","_links":{"self":[{"href":"https:\/\/www.ferberpainting.com\/hr\/wp-json\/wp\/v2\/product\/25272","targetHints":{"allow":["GET"]}}],"collection":[{"href":"https:\/\/www.ferberpainting.com\/hr\/wp-json\/wp\/v2\/product"}],"about":[{"href":"https:\/\/www.ferberpainting.com\/hr\/wp-json\/wp\/v2\/types\/product"}],"replies":[{"embeddable":true,"href":"https:\/\/www.ferberpainting.com\/hr\/wp-json\/wp\/v2\/comments?post=25272"}],"version-history":[{"count":4,"href":"https:\/\/www.ferberpainting.com\/hr\/wp-json\/wp\/v2\/product\/25272\/revisions"}],"predecessor-version":[{"id":167171,"href":"https:\/\/www.ferberpainting.com\/hr\/wp-json\/wp\/v2\/product\/25272\/revisions\/167171"}],"wp:featuredmedia":[{"embeddable":true,"href":"https:\/\/www.ferberpainting.com\/hr\/wp-json\/wp\/v2\/media\/27155"}],"wp:attachment":[{"href":"https:\/\/www.ferberpainting.com\/hr\/wp-json\/wp\/v2\/media?parent=25272"}],"wp:term":[{"taxonomy":"product_brand","embeddable":true,"href":"https:\/\/www.ferberpainting.com\/hr\/wp-json\/wp\/v2\/product_brand?post=25272"},{"taxonomy":"product_cat","embeddable":true,"href":"https:\/\/www.ferberpainting.com\/hr\/wp-json\/wp\/v2\/product_cat?post=25272"},{"taxonomy":"product_tag","embeddable":true,"href":"https:\/\/www.ferberpainting.com\/hr\/wp-json\/wp\/v2\/product_tag?post=25272"}],"curies":[{"name":"radni list","href":"https:\/\/api.w.org\/{rel}","templated":true}]}}