{"id":24764,"date":"2025-05-26T10:27:01","date_gmt":"2025-05-26T08:27:01","guid":{"rendered":"https:\/\/www.ferberpainting.com\/products\/pasture-and-grassland-fertilizer\/"},"modified":"2026-02-15T23:43:12","modified_gmt":"2026-02-15T22:43:12","slug":"pasture-and-grassland-fertilizer","status":"publish","type":"product","link":"https:\/\/www.ferberpainting.com\/hr\/products\/pasture-and-grassland-fertilizer\/","title":{"rendered":"Gnojivo za pa\u0161njake i travnjake 25 kg"},"content":{"rendered":"<p><strong><img decoding=\"async\" style=\"margin-right: 12px;\" src=\"https:\/\/www.ferberpainting.com\/wp-content\/uploads\/2026\/02\/Check.svg\" alt=\"\" width=\"18\" height=\"15\" \/>Uravnote\u017eeno gnojivo za bujne livade i hranjive pa\u0161njake.<\/strong>\u00a0Livade i pa\u0161njaci su bitni prostori za hranjenje stoke i odr\u017eavanje plodnog tla. Na\u0161e NPK 10-10-10 gnojivo posebno je dizajnirano kako bi se osigurao dosljedan rast i homogeni travnat pokrov, \u010dime se osigurava bogata hranjivim tvarima prehrana za stoku uz odr\u017eavanje zdravlja tla. Zahvaljuju\u0107i uravnote\u017eenom sadr\u017eaju du\u0161ika (N) za poticanje rasta li\u0161\u0107a, fosfora (P) za ja\u010danje korijenovog sustava i kalija (K) za pobolj\u0161anje otpornosti na okoli\u0161ne stresove, ovo gnojivo osigurava optimalne i dugotrajne rezultate.<\/p>\n<p><strong><img decoding=\"async\" style=\"margin-right: 12px;\" src=\"https:\/\/www.ferberpainting.com\/wp-content\/uploads\/2026\/02\/Check.svg\" alt=\"\" width=\"18\" height=\"15\" \/>Jamstvo povrata novca.<\/strong>\u00a0Budu\u0107i da imamo potpuno povjerenje u u\u010dinkovitost na\u0161eg gnojiva za livade i pa\u0161njake, nudimo jamstvo povrata novca. Ako nakon upotrebe prema preporukama ne primijetite zna\u010dajno pobolj\u0161anje kvalitete i gusto\u0107e va\u0161e trave, u potpunosti \u0107emo vam vratiti novac za kupnju.<\/p>\n<p><strong><img decoding=\"async\" style=\"margin-right: 12px;\" src=\"https:\/\/www.ferberpainting.com\/wp-content\/uploads\/2026\/02\/Check.svg\" alt=\"\" width=\"18\" height=\"15\" \/>Kompatibilno sa svim vrstama tla i trave.<\/strong>\u00a0Ovo gnojivo je prikladno za sve livade i pa\u0161njake, bez obzira jesu li namijenjeni za goveda, ovce, konje ili druge biljojede. Prilago\u0111ava se svim vrstama tla, bilo da su glinasta, vapnenasta, ilovasta ili pjeskovita, te osigurava ravnomjernu raspodjelu hranjivih tvari za ujedna\u010den rast. Tako\u0111er se mo\u017ee dobro koristiti za prirodne pa\u0161njake, kao i za umjetno zasijane livade.<\/p>\n<p><strong><img decoding=\"async\" style=\"margin-right: 12px;\" src=\"https:\/\/www.ferberpainting.com\/wp-content\/uploads\/2026\/02\/Check.svg\" alt=\"\" width=\"18\" height=\"15\" \/>Isplativa i dugoro\u010dno u\u010dinkovita gnojidba.<\/strong>\u00a0Zahvaljuju\u0107i svojoj \u010dvrstoj formulaciji, ovo gnojivo omogu\u0107uje postupno osloba\u0111anje hranjivih tvari, \u010dime se osigurava odr\u017eiva gnojidba bez predoziranja. S prinosom od 200 grama po kvadratnom metru, vre\u0107a od 25 kg pokriva veliku povr\u0161inu, nude\u0107i izvrsnu vrijednost za novac poljoprivrednicima i sto\u010darima koji \u017eele optimizirati proizvodnju krme.<\/p>\n<p><strong><img decoding=\"async\" style=\"margin-right: 12px;\" src=\"https:\/\/www.ferberpainting.com\/wp-content\/uploads\/2026\/02\/Check.svg\" alt=\"\" width=\"18\" height=\"15\" \/>Sigurno i ekolo\u0161ki prihvatljivo gnojivo.<\/strong>\u00a0Ovo gnojivo ne sadr\u017ei \u0161tetne kemikalije i osmi\u0161ljeno je tako da po\u0161tuje prirodnu ravnote\u017eu tla i okolnih ekosustava. Ne sadr\u017ei otrovne dodatke i ne predstavlja opasnost za \u017eivotinje koje pasu. Promicanjem bogatog i uravnote\u017eenog tla, pobolj\u0161ava bioraznolikost i odr\u017eava zdrav okoli\u0161 za stoku i lokalne divlje \u017eivotinje.<\/p>\n<p><strong><img decoding=\"async\" style=\"margin-right: 12px;\" src=\"https:\/\/www.ferberpainting.com\/wp-content\/uploads\/2026\/02\/Check.svg\" alt=\"\" width=\"18\" height=\"15\" \/>Jednostavna primjena i gnojidba bez problema.<\/strong>\u00a0Za razliku od teku\u0107ih gnojiva koja zahtijevaju razrje\u0111ivanje, ovo kruto gnojivo je spremno za upotrebu. Samo ga rasporedite po \u017eeljenoj povr\u0161ini, ru\u010dno ili rasipa\u010dom, bez potrebe za posebnom opremom. Idealno je za velike farme, kao i za male privatne pa\u0161njake, osiguravaju\u0107i brzu i u\u010dinkovitu primjenu.<\/p>\n<p><strong><img decoding=\"async\" style=\"margin-right: 12px;\" src=\"https:\/\/www.ferberpainting.com\/wp-content\/uploads\/2026\/02\/Check.svg\" alt=\"\" width=\"18\" height=\"15\" \/>Brzo djelovanje s vidljivim rezultatima ve\u0107 u prvim tjednima.<\/strong>\u00a0Nakon primjene, ovo gnojivo poti\u010de brz i sna\u017ean ponovni rast, omogu\u0107uju\u0107i gu\u0161\u0107u i hranjiviju ispa\u0161u za \u017eivotinje. Pobolj\u0161ava strukturu tla, smanjuje rizik od iscrpljivanja i erozije te omogu\u0107uje bolju apsorpciju vode i hranjivih tvari. Prvi rezultati vidljivi su za samo nekoliko tjedana, s zelenijom, otpornijom i bujnijom travom.<\/p>\n<p><strong><img decoding=\"async\" style=\"margin-right: 12px;\" src=\"https:\/\/www.ferberpainting.com\/wp-content\/uploads\/2026\/02\/Check.svg\" alt=\"\" width=\"18\" height=\"15\" \/>Dugotrajna gnojidba za bujne livade tijekom cijele godine.<\/strong>\u00a0Zahvaljuju\u0107i postupnom otpu\u0161tanju, ovo gnojivo osigurava kontinuiranu prehranu tla i poma\u017ee u odr\u017eavanju biljnog pokrova tijekom nekoliko mjeseci. Sprje\u010dava iscrpljivanje hranjivih tvari, pobolj\u0161ava prirodno zadr\u017eavanje hranjivih tvari te smanjuje u\u010destalost primjene i odr\u017eavanja pa\u0161njaka.<\/p>\n<h2><strong>Protokol kori\u0161tenja<\/strong><\/h2>\n<p><strong>Preporu\u010dena doza <\/strong>:<\/p>\n<ul>\n<li><strong>Za livadu ili pa\u0161njak u punom rastu<\/strong>Za optimalnu gnojidbu nanesite 200 grama gnojiva po kvadratnom metru.<\/li>\n<li><strong>Za novozasijanu livadu<\/strong>Smanjite dozu na 100 grama po kvadratnom metru kako biste izbjegli prebrz rast i potaknuli dobar razvoj korijena.<\/li>\n<li><strong>Za livadu u zimskom mirovanju <\/strong>U jesen nanesite tanki sloj od 100 grama po kvadratnom metru kako biste pripremili tlo za proljetni ponovni rast.<\/li>\n<\/ul>\n<p><strong>Metoda primjene <\/strong>:<\/p>\n<ul>\n<li><strong>Ru\u010dno rasipanje <\/strong>Gnojivo ru\u010dno ravnomjerno rasporedite po povr\u0161ini.<\/li>\n<li><strong>S rasipiva\u010dem <\/strong>Za ravnomjernu raspodjelu po velikoj povr\u0161ini koristite mehani\u010dki rasipa\u010d.<\/li>\n<li><strong>Ugradnja u tlo (nije obavezno) <\/strong>Za maksimalnu u\u010dinkovitost, mogu\u0107e je gnojivo lagano ugraditi u tlo grabljama ili valjkom radi boljeg prodiranja hranjivih tvari.<\/li>\n<\/ul>\n<p><strong>U\u010destalost primjene <\/strong>:<\/p>\n<ul>\n<li><strong>Spring i ljeto (razdoblje maksimalnog rasta) <\/strong>: Primjenjujte svakih 8 do 10 tjedana kako biste odr\u017eali gust i redovit rast.<\/li>\n<li><strong>Jesen (priprema tla prije zime) <\/strong>: Nanesite smanjenu dozu kako biste obogatili tlo u pripremi za proljetni ponovni rast.<\/li>\n<\/ul>\n<p><strong>Mjere opreza pri kori\u0161tenju <\/strong>:<\/p>\n<ul>\n<li>Izbjegavajte primjenu neposredno prije jake ki\u0161e kako biste sprije\u010dili ispiranje hranjivih tvari.<\/li>\n<li>Ne gnojite tijekom jake su\u0161e, pri\u010dekajte da tlo bude blago vla\u017eno kako biste maksimizirali apsorpciju.<\/li>\n<li>Prije nano\u0161enja \u010duvati izvan dohvata djece i \u017eivotinja kako bi se izbjegao slu\u010dajni kontakt.<\/li>\n<\/ul>\n<p><strong>Skladi\u0161tenje i konzervacija <\/strong>:<\/p>\n<ul>\n<li>Gnojivo \u010duvajte na suhom i hladnom mjestu, za\u0161ti\u0107eno od vlage i mraza.<\/li>\n<li>Nakon svake upotrebe \u010dvrsto zatvorite vre\u0107icu kako biste sprije\u010dili zgrudnjavanje proizvoda.<\/li>\n<\/ul>\n<p>Zahvaljuju\u0107i ovom gnojivu za livade i pa\u0161njake, mo\u017eete optimizirati rast svoje trave, osiguravaju\u0107i bogatu i zdravu prehranu za svoje \u017eivotinje i pobolj\u0161avaju\u0107i dugoro\u010dnu plodnost tla. Bez obzira jeste li profesionalni uzgajiva\u010d, poljoprivrednik ili pojedinac koji \u017eeli odr\u017eavati prirodnu livadu, ovo u\u010dinkovito, ekonomi\u010dno i ekolo\u0161ki prihvatljivo rje\u0161enje za gnojidbu idealan je saveznik za bujne i zdrave pa\u0161njake tijekom cijele godine.<\/p>","protected":false},"excerpt":{"rendered":"<p>A balanced fertilizer for lush meadows and nutritious pastures.\u00a0Meadows and pastures are essential spaces for feeding livestock and maintaining fertile soil. Our NPK 10-10-10 fertilizer is specially designed to ensure consistent growth and a homogeneous grass cover, thereby providing a nutrient-rich diet for livestock while maintaining soil health. Thanks to its balanced content of nitrogen [&hellip;]<\/p>\n","protected":false},"featured_media":26619,"comment_status":"open","ping_status":"closed","template":"","meta":{"_uag_custom_page_level_css":"","site-sidebar-layout":"default","site-content-layout":"","ast-site-content-layout":"default","site-content-style":"default","site-sidebar-style":"default","ast-global-header-display":"","ast-banner-title-visibility":"","ast-main-header-display":"","ast-hfb-above-header-display":"","ast-hfb-below-header-display":"","ast-hfb-mobile-header-display":"","site-post-title":"","ast-breadcrumbs-content":"","ast-featured-img":"","footer-sml-layout":"","ast-disable-related-posts":"","theme-transparent-header-meta":"default","adv-header-id-meta":"","stick-header-meta":"","header-above-stick-meta":"","header-main-stick-meta":"","header-below-stick-meta":"","astra-migrate-meta-layouts":"set","ast-page-background-enabled":"default","ast-page-background-meta":{"desktop":{"background-color":"var(--ast-global-color-4)","background-image":"","background-repeat":"repeat","background-position":"center center","background-size":"auto","background-attachment":"scroll","background-type":"","background-media":"","overlay-type":"","overlay-color":"","overlay-opacity":"","overlay-gradient":""},"tablet":{"background-color":"","background-image":"","background-repeat":"repeat","background-position":"center center","background-size":"auto","background-attachment":"scroll","background-type":"","background-media":"","overlay-type":"","overlay-color":"","overlay-opacity":"","overlay-gradient":""},"mobile":{"background-color":"","background-image":"","background-repeat":"repeat","background-position":"center center","background-size":"auto","background-attachment":"scroll","background-type":"","background-media":"","overlay-type":"","overlay-color":"","overlay-opacity":"","overlay-gradient":""}},"ast-content-background-meta":{"desktop":{"background-color":"var(--ast-global-color-5)","background-image":"","background-repeat":"repeat","background-position":"center center","background-size":"auto","background-attachment":"scroll","background-type":"","background-media":"","overlay-type":"","overlay-color":"","overlay-opacity":"","overlay-gradient":""},"tablet":{"background-color":"var(--ast-global-color-5)","background-image":"","background-repeat":"repeat","background-position":"center center","background-size":"auto","background-attachment":"scroll","background-type":"","background-media":"","overlay-type":"","overlay-color":"","overlay-opacity":"","overlay-gradient":""},"mobile":{"background-color":"var(--ast-global-color-5)","background-image":"","background-repeat":"repeat","background-position":"center center","background-size":"auto","background-attachment":"scroll","background-type":"","background-media":"","overlay-type":"","overlay-color":"","overlay-opacity":"","overlay-gradient":""}}},"product_brand":[],"product_cat":[178],"product_tag":[],"class_list":{"0":"post-24764","1":"product","2":"type-product","3":"status-publish","4":"has-post-thumbnail","6":"product_cat-fertilizers","7":"desktop-align-left","8":"tablet-align-left","9":"mobile-align-left","11":"first","12":"instock","13":"taxable","14":"shipping-taxable","15":"purchasable","16":"product-type-simple"},"spectra_custom_meta":{"_visibility":["visible"],"_shopify_product_id":["9068050743541"],"_s2w_shopify_domain":["ferberpainting.myshopify.com"],"_shopify_variant_id":["46509982089461"],"_sku":["FPPASTUREANDGRASSLANDFERTILIZER25KG"],"_regular_price":["39.90"],"_price":["39.90"],"_sale_price":[""],"_weight":["18.7"],"_thumbnail_id":["26619"],"_global_unique_id":["5056773817647"],"total_sales":["7"],"_tax_status":["taxable"],"_tax_class":[""],"_manage_stock":["no"],"_backorders":["no"],"_sold_individually":["no"],"_virtual":["no"],"_downloadable":["no"],"_download_limit":["-1"],"_download_expiry":["-1"],"_stock":[null],"_stock_status":["instock"],"_wc_average_rating":["5.00"],"_wc_review_count":["34"],"_product_version":["10.5.1"],"_wc_rating_count":["a:1:{i:5;i:34;}"],"_edit_lock":["1771195298:1"],"merchant-center-availability":["yes"],"merchant-center-category":["113"],"_edit_last":["1"],"_wp_page_template":["default"],"site-sidebar-layout":["default"],"ast-site-content-layout":["default"],"site-content-style":["default"],"site-sidebar-style":["default"],"theme-transparent-header-meta":["default"],"astra-migrate-meta-layouts":["set"],"_uag_css_file_name":["uag-css-24764.css"],"_elementor_page_assets":["a:0:{}"],"_uag_page_assets":["a:9:{s:3:\"css\";s:7133:\".uag-blocks-common-selector{z-index:var(--z-index-desktop) !important}@media(max-width: 976px){.uag-blocks-common-selector{z-index:var(--z-index-tablet) !important}}@media(max-width: 767px){.uag-blocks-common-selector{z-index:var(--z-index-mobile) !important}}.wp-block-uagb-image{display:flex}.wp-block-uagb-image__figure{position:relative;display:flex;flex-direction:column;max-width:100%;height:auto;margin:0}.wp-block-uagb-image__figure img{height:auto;display:flex;max-width:100%;transition:box-shadow .2s ease}.wp-block-uagb-image__figure>a{display:inline-block}.wp-block-uagb-image__figure figcaption{text-align:center;margin-top:.5em;margin-bottom:1em}.wp-block-uagb-image .components-placeholder.block-editor-media-placeholder .components-placeholder__instructions{align-self:center}.wp-block-uagb-image--align-left{text-align:left}.wp-block-uagb-image--align-right{text-align:right}.wp-block-uagb-image--align-center{text-align:center}.wp-block-uagb-image--align-full .wp-block-uagb-image__figure{margin-left:calc(50% - 50vw);margin-right:calc(50% - 50vw);max-width:100vw;width:100vw;height:auto}.wp-block-uagb-image--align-full .wp-block-uagb-image__figure img{height:auto;width:100% !important}.wp-block-uagb-image--align-wide .wp-block-uagb-image__figure img{height:auto;width:100%}.wp-block-uagb-image--layout-overlay__color-wrapper{position:absolute;left:0;top:0;right:0;bottom:0;opacity:.2;background:rgba(0,0,0,.5);transition:opacity .35s ease-in-out}.wp-block-uagb-image--layout-overlay-link{position:absolute;left:0;right:0;bottom:0;top:0}.wp-block-uagb-image--layout-overlay .wp-block-uagb-image__figure:hover .wp-block-uagb-image--layout-overlay__color-wrapper{opacity:1}.wp-block-uagb-image--layout-overlay__inner{position:absolute;left:15px;right:15px;bottom:15px;top:15px;display:flex;align-items:center;justify-content:center;flex-direction:column;border-color:#fff;transition:.35s ease-in-out}.wp-block-uagb-image--layout-overlay__inner.top-left,.wp-block-uagb-image--layout-overlay__inner.top-center,.wp-block-uagb-image--layout-overlay__inner.top-right{justify-content:flex-start}.wp-block-uagb-image--layout-overlay__inner.bottom-left,.wp-block-uagb-image--layout-overlay__inner.bottom-center,.wp-block-uagb-image--layout-overlay__inner.bottom-right{justify-content:flex-end}.wp-block-uagb-image--layout-overlay__inner.top-left,.wp-block-uagb-image--layout-overlay__inner.center-left,.wp-block-uagb-image--layout-overlay__inner.bottom-left{align-items:flex-start}.wp-block-uagb-image--layout-overlay__inner.top-right,.wp-block-uagb-image--layout-overlay__inner.center-right,.wp-block-uagb-image--layout-overlay__inner.bottom-right{align-items:flex-end}.wp-block-uagb-image--layout-overlay__inner .uagb-image-heading{color:#fff;transition:transform .35s,opacity .35s ease-in-out;transform:translate3d(0, 24px, 0);margin:0;line-height:1em}.wp-block-uagb-image--layout-overlay__inner .uagb-image-separator{width:30%;border-top-width:2px;border-top-color:#fff;border-top-style:solid;margin-bottom:10px;opacity:0;transition:transform .4s,opacity .4s ease-in-out;transform:translate3d(0, 30px, 0)}.wp-block-uagb-image--layout-overlay__inner .uagb-image-caption{opacity:0;overflow:visible;color:#fff;transition:transform .45s,opacity .45s ease-in-out;transform:translate3d(0, 35px, 0)}.wp-block-uagb-image--layout-overlay__inner:hover .uagb-image-heading,.wp-block-uagb-image--layout-overlay__inner:hover .uagb-image-separator,.wp-block-uagb-image--layout-overlay__inner:hover .uagb-image-caption{opacity:1;transform:translate3d(0, 0, 0)}.wp-block-uagb-image--effect-zoomin .wp-block-uagb-image__figure img,.wp-block-uagb-image--effect-zoomin .wp-block-uagb-image__figure .wp-block-uagb-image--layout-overlay__color-wrapper{transform:scale(1);transition:transform .35s ease-in-out}.wp-block-uagb-image--effect-zoomin .wp-block-uagb-image__figure:hover img,.wp-block-uagb-image--effect-zoomin .wp-block-uagb-image__figure:hover .wp-block-uagb-image--layout-overlay__color-wrapper{transform:scale(1.05)}.wp-block-uagb-image--effect-slide .wp-block-uagb-image__figure img,.wp-block-uagb-image--effect-slide .wp-block-uagb-image__figure .wp-block-uagb-image--layout-overlay__color-wrapper{width:calc(100% + 40px) !important;max-width:none !important;transform:translate3d(-40px, 0, 0);transition:transform .35s ease-in-out}.wp-block-uagb-image--effect-slide .wp-block-uagb-image__figure:hover img,.wp-block-uagb-image--effect-slide .wp-block-uagb-image__figure:hover .wp-block-uagb-image--layout-overlay__color-wrapper{transform:translate3d(0, 0, 0)}.wp-block-uagb-image--effect-grayscale img{filter:grayscale(0%);transition:.35s ease-in-out}.wp-block-uagb-image--effect-grayscale:hover img{filter:grayscale(100%)}.wp-block-uagb-image--effect-blur img{filter:blur(0);transition:.35s ease-in-out}.wp-block-uagb-image--effect-blur:hover img{filter:blur(3px)}.uagb-block-e6f939b3.wp-block-uagb-image--layout-default figure img{box-shadow: 0px 0px 0 #00000070;}.uagb-block-e6f939b3.wp-block-uagb-image .wp-block-uagb-image__figure figcaption{font-style: normal;align-self: center;}.uagb-block-e6f939b3.wp-block-uagb-image--layout-overlay figure img{box-shadow: 0px 0px 0 #00000070;}.uagb-block-e6f939b3.wp-block-uagb-image--layout-overlay .wp-block-uagb-image--layout-overlay__color-wrapper{opacity: 0.2;}.uagb-block-e6f939b3.wp-block-uagb-image--layout-overlay .wp-block-uagb-image--layout-overlay__inner{left: 15px;right: 15px;top: 15px;bottom: 15px;}.uagb-block-e6f939b3.wp-block-uagb-image--layout-overlay .wp-block-uagb-image--layout-overlay__inner .uagb-image-heading{font-style: normal;color: #fff;opacity: 1;}.uagb-block-e6f939b3.wp-block-uagb-image--layout-overlay .wp-block-uagb-image--layout-overlay__inner .uagb-image-heading a{color: #fff;}.uagb-block-e6f939b3.wp-block-uagb-image--layout-overlay .wp-block-uagb-image--layout-overlay__inner .uagb-image-caption{opacity: 0;}.uagb-block-e6f939b3.wp-block-uagb-image--layout-overlay .wp-block-uagb-image__figure:hover .wp-block-uagb-image--layout-overlay__color-wrapper{opacity: 1;}.uagb-block-e6f939b3.wp-block-uagb-image .wp-block-uagb-image--layout-overlay__inner .uagb-image-separator{width: 30%;border-top-width: 2px;border-top-color: #fff;opacity: 0;}.uagb-block-e6f939b3.wp-block-uagb-image .wp-block-uagb-image__figure img{width: px;height: auto;}.uagb-block-e6f939b3.wp-block-uagb-image .wp-block-uagb-image__figure:hover .wp-block-uagb-image--layout-overlay__inner .uagb-image-caption{opacity: 1;}.uagb-block-e6f939b3.wp-block-uagb-image .wp-block-uagb-image__figure:hover .wp-block-uagb-image--layout-overlay__inner .uagb-image-separator{opacity: 1;}.uagb-block-e6f939b3.wp-block-uagb-image--layout-default figure:hover img{box-shadow: 0px 0px 0 #00000070;}.uagb-block-e6f939b3.wp-block-uagb-image--layout-overlay figure:hover img{box-shadow: 0px 0px 0 #00000070;}@media only screen and (max-width: 976px) {.uagb-block-e6f939b3.wp-block-uagb-image .wp-block-uagb-image__figure img{width: px;height: auto;}}@media only screen and (max-width: 767px) {.uagb-block-e6f939b3.wp-block-uagb-image .wp-block-uagb-image__figure img{width: px;height: auto;}}\";s:2:\"js\";s:0:\"\";s:18:\"current_block_list\";a:13:{i:0;s:11:\"core\/search\";i:1;s:10:\"core\/group\";i:2;s:12:\"core\/heading\";i:3;s:17:\"core\/latest-posts\";i:4;s:20:\"core\/latest-comments\";i:5;s:13:\"core\/archives\";i:6;s:15:\"core\/categories\";i:7;s:14:\"core\/paragraph\";i:8;s:10:\"uagb\/image\";i:9;s:11:\"core\/spacer\";i:10;s:30:\"woocommerce\/product-categories\";i:11;s:10:\"core\/image\";i:12;s:14:\"core\/shortcode\";}s:8:\"uag_flag\";b:1;s:11:\"uag_version\";s:10:\"1777335196\";s:6:\"gfonts\";a:0:{}s:10:\"gfonts_url\";s:0:\"\";s:12:\"gfonts_files\";a:0:{}s:14:\"uag_faq_layout\";b:0;}"]},"uagb_featured_image_src":{"full":["https:\/\/www.ferberpainting.com\/wp-content\/uploads\/2025\/05\/PastureandGrasslandFertilizerensac.png",2560,2560,false],"thumbnail":["https:\/\/www.ferberpainting.com\/wp-content\/uploads\/2025\/05\/PastureandGrasslandFertilizerensac-150x150.png",150,150,true],"medium":["https:\/\/www.ferberpainting.com\/wp-content\/uploads\/2025\/05\/PastureandGrasslandFertilizerensac-300x300.png",300,300,true],"medium_large":["https:\/\/www.ferberpainting.com\/wp-content\/uploads\/2025\/05\/PastureandGrasslandFertilizerensac-768x768.png",768,768,true],"large":["https:\/\/www.ferberpainting.com\/wp-content\/uploads\/2025\/05\/PastureandGrasslandFertilizerensac-1024x1024.png",1024,1024,true],"1536x1536":["https:\/\/www.ferberpainting.com\/wp-content\/uploads\/2025\/05\/PastureandGrasslandFertilizerensac-1536x1536.png",1536,1536,true],"2048x2048":["https:\/\/www.ferberpainting.com\/wp-content\/uploads\/2025\/05\/PastureandGrasslandFertilizerensac-2048x2048.png",2048,2048,true],"trp-custom-language-flag":["https:\/\/www.ferberpainting.com\/wp-content\/uploads\/2025\/05\/PastureandGrasslandFertilizerensac-12x12.png",12,12,true],"woocommerce_thumbnail":["https:\/\/www.ferberpainting.com\/wp-content\/uploads\/2025\/05\/PastureandGrasslandFertilizerensac-300x300.png",300,300,true],"woocommerce_single":["https:\/\/www.ferberpainting.com\/wp-content\/uploads\/2025\/05\/PastureandGrasslandFertilizerensac-600x600.png",600,600,true],"woocommerce_gallery_thumbnail":["https:\/\/www.ferberpainting.com\/wp-content\/uploads\/2025\/05\/PastureandGrasslandFertilizerensac-100x100.png",100,100,true]},"uagb_author_info":{"display_name":"admin","author_link":"https:\/\/www.ferberpainting.com\/hr\/author\/"},"uagb_comment_info":34,"uagb_excerpt":"A balanced fertilizer for lush meadows and nutritious pastures.\u00a0Meadows and pastures are essential spaces for feeding livestock and maintaining fertile soil. Our NPK 10-10-10 fertilizer is specially designed to ensure consistent growth and a homogeneous grass cover, thereby providing a nutrient-rich diet for livestock while maintaining soil health. Thanks to its balanced content of nitrogen&hellip;","_links":{"self":[{"href":"https:\/\/www.ferberpainting.com\/hr\/wp-json\/wp\/v2\/product\/24764","targetHints":{"allow":["GET"]}}],"collection":[{"href":"https:\/\/www.ferberpainting.com\/hr\/wp-json\/wp\/v2\/product"}],"about":[{"href":"https:\/\/www.ferberpainting.com\/hr\/wp-json\/wp\/v2\/types\/product"}],"replies":[{"embeddable":true,"href":"https:\/\/www.ferberpainting.com\/hr\/wp-json\/wp\/v2\/comments?post=24764"}],"version-history":[{"count":6,"href":"https:\/\/www.ferberpainting.com\/hr\/wp-json\/wp\/v2\/product\/24764\/revisions"}],"predecessor-version":[{"id":166703,"href":"https:\/\/www.ferberpainting.com\/hr\/wp-json\/wp\/v2\/product\/24764\/revisions\/166703"}],"wp:featuredmedia":[{"embeddable":true,"href":"https:\/\/www.ferberpainting.com\/hr\/wp-json\/wp\/v2\/media\/26619"}],"wp:attachment":[{"href":"https:\/\/www.ferberpainting.com\/hr\/wp-json\/wp\/v2\/media?parent=24764"}],"wp:term":[{"taxonomy":"product_brand","embeddable":true,"href":"https:\/\/www.ferberpainting.com\/hr\/wp-json\/wp\/v2\/product_brand?post=24764"},{"taxonomy":"product_cat","embeddable":true,"href":"https:\/\/www.ferberpainting.com\/hr\/wp-json\/wp\/v2\/product_cat?post=24764"},{"taxonomy":"product_tag","embeddable":true,"href":"https:\/\/www.ferberpainting.com\/hr\/wp-json\/wp\/v2\/product_tag?post=24764"}],"curies":[{"name":"radni list","href":"https:\/\/api.w.org\/{rel}","templated":true}]}}