{"id":24758,"date":"2025-05-26T10:26:58","date_gmt":"2025-05-26T08:26:58","guid":{"rendered":"https:\/\/www.ferberpainting.com\/products\/papyrus-fertilizer\/"},"modified":"2026-02-15T23:30:48","modified_gmt":"2026-02-15T22:30:48","slug":"papyrus-fertilizer","status":"publish","type":"product","link":"https:\/\/www.ferberpainting.com\/hr\/products\/papyrus-fertilizer\/","title":{"rendered":"Gnojivo za papirus"},"content":{"rendered":"<p><strong><img decoding=\"async\" style=\"margin-right: 12px;\" src=\"https:\/\/www.ferberpainting.com\/wp-content\/uploads\/2026\/02\/Check.svg\" alt=\"\" width=\"18\" height=\"15\" \/>Uravnote\u017eeno gnojivo za bujan rast i \u017eivahno li\u0161\u0107e.<\/strong>\u00a0Papirus, visoka, elegantna ukrasna biljka, zahtijeva specifi\u010dnu opskrbu hranjivim tvarima za razvoj sna\u017enih stabljika i gustog li\u0161\u0107a. Na\u0161e NPK 15-15-15 gnojivo savr\u0161eno je uravnote\u017eeno kako bi zadovoljilo potrebe papirusa osiguravaju\u0107i du\u0161ik (N) za sna\u017eno li\u0161\u0107e, fosfor (P) za ja\u010danje korijenovog sustava i kalij (K) za pobolj\u0161anje otpornosti na bolesti i klimatske uvjete. Zahvaljuju\u0107i ovoj potpunoj gnojidbi, va\u0161 papirus \u0107e pokazati brz rast, intenzivnu boju i izvrsnu otpornost na stresne uvjete iz okoli\u0161a.<\/p>\n<p><strong><img decoding=\"async\" style=\"margin-right: 12px;\" src=\"https:\/\/www.ferberpainting.com\/wp-content\/uploads\/2026\/02\/Check.svg\" alt=\"\" width=\"18\" height=\"15\" \/>Jamstvo povrata novca.<\/strong>\u00a0Uvjereni smo u u\u010dinkovitost na\u0161eg gnojiva od papirusa, zbog \u010dega nudimo jamstvo povrata novca. Ako nakon kori\u0161tenja prema preporuci ne primijetite zna\u010dajno pobolj\u0161anje u rastu i vitalnosti va\u0161e biljke, u potpunosti \u0107emo vam vratiti novac.<\/p>\n<p><strong><img decoding=\"async\" style=\"margin-right: 12px;\" src=\"https:\/\/www.ferberpainting.com\/wp-content\/uploads\/2026\/02\/Check.svg\" alt=\"\" width=\"18\" height=\"15\" \/>Pogodno za sve vrste podloga i vodenih okru\u017eenja.<\/strong>\u00a0Ovo gnojivo je osmi\u0161ljeno da bude u\u010dinkovito na svim vrstama supstrata, bilo da su glinovitih, pjeskovitih ili oboga\u0107enih organskom tvari. Tako\u0111er je prikladno za papirus uzgojen u ribnjacima, u posudama uronjenim u vodu ili na otvorenom tlu u vla\u017enom podru\u010dju. Zahvaljuju\u0107i svojoj topljivoj formulaciji, korijenje ga brzo apsorbira, osiguravaju\u0107i u\u010dinkovitu apsorpciju \u010dak i u vodenom okru\u017eenju.<\/p>\n<p><strong><img decoding=\"async\" style=\"margin-right: 12px;\" src=\"https:\/\/www.ferberpainting.com\/wp-content\/uploads\/2026\/02\/Check.svg\" alt=\"\" width=\"18\" height=\"15\" \/>Izvrsne ekonomske performanse i produ\u017eena gnojidba.<\/strong>\u00a0Ovo gnojivo se razrje\u0111uje u vodi za navodnjavanje, osiguravaju\u0107i homogenu raspodjelu hranjivih tvari sa svakom primjenom. S prinosom od 5 ml po litri vode, limenka od 5 litara mo\u017ee pripremiti do 1000 litara hranjive otopine, nude\u0107i gnojidbu koja traje nekoliko mjeseci. Zahvaljuju\u0107i sporom otpu\u0161tanju, osigurava kontinuiranu prehranu i izbjegava rasipanje hranjivih tvari.<\/p>\n<p><strong><img decoding=\"async\" style=\"margin-right: 12px;\" src=\"https:\/\/www.ferberpainting.com\/wp-content\/uploads\/2026\/02\/Check.svg\" alt=\"\" width=\"18\" height=\"15\" \/>Netoksi\u010dno, ekolo\u0161ki prihvatljivo gnojivo.<\/strong>\u00a0Ovo gnojivo ne sadr\u017ei agresivne kemikalije i dizajnirano je da bude sigurno za vodeni ekosustav. Potpuno je bezopasno za ribe, insekte opra\u0161iva\u010de i druge okolne vodene biljke. Njegov sastav po\u0161tuje prirodnu ravnote\u017eu tla i poti\u010de mikrobnu aktivnost korisnu za rast korijena.<\/p>\n<p><strong><img decoding=\"async\" style=\"margin-right: 12px;\" src=\"https:\/\/www.ferberpainting.com\/wp-content\/uploads\/2026\/02\/Check.svg\" alt=\"\" width=\"18\" height=\"15\" \/>Jednostavna primjena i gnojidba bez napora.<\/strong>\u00a0Za razliku od krutih gnojiva koja zahtijevaju mije\u0161anje u tlo, ovo teku\u0107e gnojivo mije\u0161a se izravno s vodom za navodnjavanje ili u ribnjaku. Jednostavno dodajte preporu\u010denu dozu i uklju\u010dite je u sustav za navodnjavanje kako biste s lako\u0107om nahranili svoj papirus. Njegova primjena je brza, prakti\u010dna i prikladna za sve vrtlare, bez obzira jesu li po\u010detnici ili iskusni.<\/p>\n<p><strong><img decoding=\"async\" style=\"margin-right: 12px;\" src=\"https:\/\/www.ferberpainting.com\/wp-content\/uploads\/2026\/02\/Check.svg\" alt=\"\" width=\"18\" height=\"15\" \/>Brzi i vidljivi rezultati za nekoliko tjedana.<\/strong>\u00a0Ve\u0107 od prvih tjedana primjene primijetit \u0107ete ubrzani rast, vi\u0161e stabljike i gu\u0161\u0107e li\u0161\u0107e. Zahvaljuju\u0107i brzoj apsorpciji, ovo gnojivo poti\u010de razvoj novih izdanaka i smanjuje rizik od \u017eu\u0107enja ili usporavanja rasta.<\/p>\n<p><strong><img decoding=\"async\" style=\"margin-right: 12px;\" src=\"https:\/\/www.ferberpainting.com\/wp-content\/uploads\/2026\/02\/Check.svg\" alt=\"\" width=\"18\" height=\"15\" \/>Cjelogodi\u0161nja zdrava gnojidba papirusa.<\/strong>\u00a0Zahvaljuju\u0107i postupnom otpu\u0161tanju hranjivih tvari, ovo gnojivo jam\u010di kontinuiran i stabilan rast, a istovremeno pove\u0107ava otpornost na bolesti i klimatske stresove. Va\u0161 papirus \u0107e zadr\u017eati estetski i sna\u017ean izgled tijekom cijele godine, \u010dak i tijekom razdoblja mirovanja.<\/p>\n<h2><strong>Protokol kori\u0161tenja<\/strong><\/h2>\n<p><strong>Preporu\u010dena doza <\/strong>:<\/p>\n<ul>\n<li><strong>Papirus u posudama uronjenim ili u ribnjaku <\/strong>Razrijedite 5 ml gnojiva u 1 litri vode i ulijte direktno u vodu ribnjaka ili oko lonca.<\/li>\n<li><strong>Papirus na otvorenom terenu u vla\u017enom tlu<\/strong>Nanesite 5 ml gnojiva razrije\u0111enog u 1 litri vode u podno\u017eje biljke.<\/li>\n<li><strong>Mlade biljke ili nedavno presa\u0111eni papirus <\/strong>Smanjite koncentraciju na 2,5 ml po litri vode kako biste izbjegli prekomjerno gnojenje.<\/li>\n<\/ul>\n<p><strong>Na\u010din primjene <\/strong>:<\/p>\n<ul>\n<li><strong>Zalijevanjem <\/strong>Hranjivu otopinu ulijte izravno u podno\u017eje papirusa kako biste osigurali optimalnu apsorpciju korijenjem.<\/li>\n<li><strong>Uranjanjem u ribnjak <\/strong>Dodajte hranjivu otopinu u vodu ribnjaka za postupnu difuziju hranjivih tvari.<\/li>\n<\/ul>\n<p><strong>U\u010destalost primjene <\/strong>:<\/p>\n<ul>\n<li><strong>Tijekom aktivnog razdoblja rasta (prolje\u0107e-ljeto) <\/strong>Gnojivo nanosite svaka dva tjedna kako biste potaknuli rast i oja\u010dali strukturu biljke.<\/li>\n<li><strong>Tijekom razdoblja mirovanja (jesen-zima) <\/strong>Smanjite primjenu na jednom mjese\u010dno kako biste odr\u017eali zdravlje papirusa bez pretjeranog stimuliranja rasta.<\/li>\n<\/ul>\n<p><strong>Mjere opreza pri kori\u0161tenju <\/strong>:<\/p>\n<ul>\n<li>Nemojte pretjerivati s gnojivom kako biste izbjegli prekomjernu koncentraciju hranjivih tvari, \u0161to bi moglo na\u0161tetiti ravnote\u017ei vode.<\/li>\n<li>Uvijek razrijedite gnojivo prije primjene kako biste osigurali ravnomjernu raspodjelu hranjivih tvari.<\/li>\n<li>Po\u017eeljno je primijeniti ujutro ili kasno poslijepodne kako bi se izbjeglo brzo isparavanje hranjivih tvari pod jakim sun\u010devim svjetlom.<\/li>\n<\/ul>\n<p><strong>Skladi\u0161tenje i konzerviranje <\/strong>:<\/p>\n<ul>\n<li>Gnojivo \u010duvajte na suhom i hladnom mjestu, za\u0161ti\u0107eno od izravne svjetlosti.<\/li>\n<li>Uvijek \u010dvrsto zatvorite posudu nakon svake upotrebe kako biste sa\u010duvali svje\u017einu i u\u010dinkovitost proizvoda.<\/li>\n<\/ul>\n<p>S ovim gnojivom za papirus, svojoj biljci nudite potpunu i uravnote\u017eenu prehranu, osiguravaju\u0107i sna\u017ean rast, gusto li\u0161\u0107e i produljeni vijek trajanja. Bez obzira uzgajate li svoj papirus u zatvorenom prostoru, na otvorenom, u posudama ili u ribnjaku, ovo jednostavno i isplativo hranjivo rje\u0161enje omogu\u0107uje vam jednostavnu i u\u010dinkovitu njegu va\u0161e biljke.<\/p>","protected":false},"excerpt":{"rendered":"<p>A balanced fertilizer for lush growth and vibrant foliage.\u00a0The papyrus, a tall, elegant decorative plant, requires a specific supply of nutrients to develop strong stems and dense foliage. Our NPK 15-15-15 fertilizer is perfectly balanced to meet the needs of papyrus by providing nitrogen (N) for vigorous foliage, phosphorus (P) to strengthen the root system, [&hellip;]<\/p>\n","protected":false},"featured_media":26615,"comment_status":"open","ping_status":"closed","template":"","meta":{"_uag_custom_page_level_css":"","site-sidebar-layout":"default","site-content-layout":"","ast-site-content-layout":"default","site-content-style":"default","site-sidebar-style":"default","ast-global-header-display":"","ast-banner-title-visibility":"","ast-main-header-display":"","ast-hfb-above-header-display":"","ast-hfb-below-header-display":"","ast-hfb-mobile-header-display":"","site-post-title":"","ast-breadcrumbs-content":"","ast-featured-img":"","footer-sml-layout":"","ast-disable-related-posts":"","theme-transparent-header-meta":"default","adv-header-id-meta":"","stick-header-meta":"","header-above-stick-meta":"","header-main-stick-meta":"","header-below-stick-meta":"","astra-migrate-meta-layouts":"set","ast-page-background-enabled":"default","ast-page-background-meta":{"desktop":{"background-color":"var(--ast-global-color-4)","background-image":"","background-repeat":"repeat","background-position":"center center","background-size":"auto","background-attachment":"scroll","background-type":"","background-media":"","overlay-type":"","overlay-color":"","overlay-opacity":"","overlay-gradient":""},"tablet":{"background-color":"","background-image":"","background-repeat":"repeat","background-position":"center center","background-size":"auto","background-attachment":"scroll","background-type":"","background-media":"","overlay-type":"","overlay-color":"","overlay-opacity":"","overlay-gradient":""},"mobile":{"background-color":"","background-image":"","background-repeat":"repeat","background-position":"center center","background-size":"auto","background-attachment":"scroll","background-type":"","background-media":"","overlay-type":"","overlay-color":"","overlay-opacity":"","overlay-gradient":""}},"ast-content-background-meta":{"desktop":{"background-color":"var(--ast-global-color-5)","background-image":"","background-repeat":"repeat","background-position":"center center","background-size":"auto","background-attachment":"scroll","background-type":"","background-media":"","overlay-type":"","overlay-color":"","overlay-opacity":"","overlay-gradient":""},"tablet":{"background-color":"var(--ast-global-color-5)","background-image":"","background-repeat":"repeat","background-position":"center center","background-size":"auto","background-attachment":"scroll","background-type":"","background-media":"","overlay-type":"","overlay-color":"","overlay-opacity":"","overlay-gradient":""},"mobile":{"background-color":"var(--ast-global-color-5)","background-image":"","background-repeat":"repeat","background-position":"center center","background-size":"auto","background-attachment":"scroll","background-type":"","background-media":"","overlay-type":"","overlay-color":"","overlay-opacity":"","overlay-gradient":""}}},"product_brand":[],"product_cat":[178],"product_tag":[],"class_list":{"0":"post-24758","1":"product","2":"type-product","3":"status-publish","4":"has-post-thumbnail","6":"product_cat-fertilizers","7":"desktop-align-left","8":"tablet-align-left","9":"mobile-align-left","11":"first","12":"instock","13":"sale","14":"taxable","15":"shipping-taxable","16":"purchasable","17":"product-type-variable","18":"has-default-attributes"},"spectra_custom_meta":{"_visibility":["visible"],"_shopify_product_id":["9068037538037"],"_s2w_shopify_domain":["ferberpainting.myshopify.com"],"_shopify_variant_id":["46509889126645"],"_sku":[""],"_manage_stock":["no"],"total_sales":["4"],"_tax_status":["taxable"],"_tax_class":[""],"_backorders":["no"],"_sold_individually":["no"],"_virtual":["no"],"_downloadable":["no"],"_download_limit":["-1"],"_download_expiry":["-1"],"_stock":[null],"_stock_status":["instock"],"_wc_average_rating":["4.57"],"_wc_review_count":["7"],"_product_attributes":["a:1:{s:6:\"volume\";a:6:{s:4:\"name\";s:6:\"Volume\";s:5:\"value\";s:20:\"5 liters | 25 liters\";s:8:\"position\";i:1;s:10:\"is_visible\";i:0;s:12:\"is_variation\";i:1;s:11:\"is_taxonomy\";i:0;}}"],"_product_version":["10.5.1"],"_thumbnail_id":["26615"],"_product_image_gallery":["26616"],"wpse_downloadable_file_names":[""],"wpse_downloadable_file_urls":[""],"_edit_last":["1"],"_default_attributes":["a:1:{s:6:\"volume\";s:8:\"5 liters\";}"],"_edit_lock":["1771194524:1"],"_price":["29.90","129.90"],"merchant-center-availability":["yes"],"merchant-center-category":["113"],"_wp_page_template":["default"],"site-sidebar-layout":["default"],"ast-site-content-layout":["default"],"site-content-style":["default"],"site-sidebar-style":["default"],"theme-transparent-header-meta":["default"],"_wc_rating_count":["a:2:{i:4;i:3;i:5;i:4;}"],"astra-migrate-meta-layouts":["set"],"_uag_css_file_name":["uag-css-24758.css"],"_elementor_page_assets":["a:0:{}"],"_uag_page_assets":["a:9:{s:3:\"css\";s:6873:\".wp-block-uagb-image{display:flex}.wp-block-uagb-image__figure{position:relative;display:flex;flex-direction:column;max-width:100%;height:auto;margin:0}.wp-block-uagb-image__figure img{height:auto;display:flex;max-width:100%;transition:box-shadow .2s ease}.wp-block-uagb-image__figure>a{display:inline-block}.wp-block-uagb-image__figure figcaption{text-align:center;margin-top:.5em;margin-bottom:1em}.wp-block-uagb-image .components-placeholder.block-editor-media-placeholder .components-placeholder__instructions{align-self:center}.wp-block-uagb-image--align-left{text-align:left}.wp-block-uagb-image--align-right{text-align:right}.wp-block-uagb-image--align-center{text-align:center}.wp-block-uagb-image--align-full .wp-block-uagb-image__figure{margin-left:calc(50% - 50vw);margin-right:calc(50% - 50vw);max-width:100vw;width:100vw;height:auto}.wp-block-uagb-image--align-full .wp-block-uagb-image__figure img{height:auto;width:100% !important}.wp-block-uagb-image--align-wide .wp-block-uagb-image__figure img{height:auto;width:100%}.wp-block-uagb-image--layout-overlay__color-wrapper{position:absolute;left:0;top:0;right:0;bottom:0;opacity:.2;background:rgba(0,0,0,.5);transition:opacity .35s ease-in-out}.wp-block-uagb-image--layout-overlay-link{position:absolute;left:0;right:0;bottom:0;top:0}.wp-block-uagb-image--layout-overlay .wp-block-uagb-image__figure:hover .wp-block-uagb-image--layout-overlay__color-wrapper{opacity:1}.wp-block-uagb-image--layout-overlay__inner{position:absolute;left:15px;right:15px;bottom:15px;top:15px;display:flex;align-items:center;justify-content:center;flex-direction:column;border-color:#fff;transition:.35s ease-in-out}.wp-block-uagb-image--layout-overlay__inner.top-left,.wp-block-uagb-image--layout-overlay__inner.top-center,.wp-block-uagb-image--layout-overlay__inner.top-right{justify-content:flex-start}.wp-block-uagb-image--layout-overlay__inner.bottom-left,.wp-block-uagb-image--layout-overlay__inner.bottom-center,.wp-block-uagb-image--layout-overlay__inner.bottom-right{justify-content:flex-end}.wp-block-uagb-image--layout-overlay__inner.top-left,.wp-block-uagb-image--layout-overlay__inner.center-left,.wp-block-uagb-image--layout-overlay__inner.bottom-left{align-items:flex-start}.wp-block-uagb-image--layout-overlay__inner.top-right,.wp-block-uagb-image--layout-overlay__inner.center-right,.wp-block-uagb-image--layout-overlay__inner.bottom-right{align-items:flex-end}.wp-block-uagb-image--layout-overlay__inner .uagb-image-heading{color:#fff;transition:transform .35s,opacity .35s ease-in-out;transform:translate3d(0, 24px, 0);margin:0;line-height:1em}.wp-block-uagb-image--layout-overlay__inner .uagb-image-separator{width:30%;border-top-width:2px;border-top-color:#fff;border-top-style:solid;margin-bottom:10px;opacity:0;transition:transform .4s,opacity .4s ease-in-out;transform:translate3d(0, 30px, 0)}.wp-block-uagb-image--layout-overlay__inner .uagb-image-caption{opacity:0;overflow:visible;color:#fff;transition:transform .45s,opacity .45s ease-in-out;transform:translate3d(0, 35px, 0)}.wp-block-uagb-image--layout-overlay__inner:hover .uagb-image-heading,.wp-block-uagb-image--layout-overlay__inner:hover .uagb-image-separator,.wp-block-uagb-image--layout-overlay__inner:hover .uagb-image-caption{opacity:1;transform:translate3d(0, 0, 0)}.wp-block-uagb-image--effect-zoomin .wp-block-uagb-image__figure img,.wp-block-uagb-image--effect-zoomin .wp-block-uagb-image__figure .wp-block-uagb-image--layout-overlay__color-wrapper{transform:scale(1);transition:transform .35s ease-in-out}.wp-block-uagb-image--effect-zoomin .wp-block-uagb-image__figure:hover img,.wp-block-uagb-image--effect-zoomin .wp-block-uagb-image__figure:hover .wp-block-uagb-image--layout-overlay__color-wrapper{transform:scale(1.05)}.wp-block-uagb-image--effect-slide .wp-block-uagb-image__figure img,.wp-block-uagb-image--effect-slide .wp-block-uagb-image__figure .wp-block-uagb-image--layout-overlay__color-wrapper{width:calc(100% + 40px) !important;max-width:none !important;transform:translate3d(-40px, 0, 0);transition:transform .35s ease-in-out}.wp-block-uagb-image--effect-slide .wp-block-uagb-image__figure:hover img,.wp-block-uagb-image--effect-slide .wp-block-uagb-image__figure:hover .wp-block-uagb-image--layout-overlay__color-wrapper{transform:translate3d(0, 0, 0)}.wp-block-uagb-image--effect-grayscale img{filter:grayscale(0%);transition:.35s ease-in-out}.wp-block-uagb-image--effect-grayscale:hover img{filter:grayscale(100%)}.wp-block-uagb-image--effect-blur img{filter:blur(0);transition:.35s ease-in-out}.wp-block-uagb-image--effect-blur:hover img{filter:blur(3px)}.uagb-block-e6f939b3.wp-block-uagb-image--layout-default figure img{box-shadow: 0px 0px 0 #00000070;}.uagb-block-e6f939b3.wp-block-uagb-image .wp-block-uagb-image__figure figcaption{font-style: normal;align-self: center;}.uagb-block-e6f939b3.wp-block-uagb-image--layout-overlay figure img{box-shadow: 0px 0px 0 #00000070;}.uagb-block-e6f939b3.wp-block-uagb-image--layout-overlay .wp-block-uagb-image--layout-overlay__color-wrapper{opacity: 0.2;}.uagb-block-e6f939b3.wp-block-uagb-image--layout-overlay .wp-block-uagb-image--layout-overlay__inner{left: 15px;right: 15px;top: 15px;bottom: 15px;}.uagb-block-e6f939b3.wp-block-uagb-image--layout-overlay .wp-block-uagb-image--layout-overlay__inner .uagb-image-heading{font-style: normal;color: #fff;opacity: 1;}.uagb-block-e6f939b3.wp-block-uagb-image--layout-overlay .wp-block-uagb-image--layout-overlay__inner .uagb-image-heading a{color: #fff;}.uagb-block-e6f939b3.wp-block-uagb-image--layout-overlay .wp-block-uagb-image--layout-overlay__inner .uagb-image-caption{opacity: 0;}.uagb-block-e6f939b3.wp-block-uagb-image--layout-overlay .wp-block-uagb-image__figure:hover .wp-block-uagb-image--layout-overlay__color-wrapper{opacity: 1;}.uagb-block-e6f939b3.wp-block-uagb-image .wp-block-uagb-image--layout-overlay__inner .uagb-image-separator{width: 30%;border-top-width: 2px;border-top-color: #fff;opacity: 0;}.uagb-block-e6f939b3.wp-block-uagb-image .wp-block-uagb-image__figure img{width: px;height: auto;}.uagb-block-e6f939b3.wp-block-uagb-image .wp-block-uagb-image__figure:hover .wp-block-uagb-image--layout-overlay__inner .uagb-image-caption{opacity: 1;}.uagb-block-e6f939b3.wp-block-uagb-image .wp-block-uagb-image__figure:hover .wp-block-uagb-image--layout-overlay__inner .uagb-image-separator{opacity: 1;}.uagb-block-e6f939b3.wp-block-uagb-image--layout-default figure:hover img{box-shadow: 0px 0px 0 #00000070;}.uagb-block-e6f939b3.wp-block-uagb-image--layout-overlay figure:hover img{box-shadow: 0px 0px 0 #00000070;}@media only screen and (max-width: 976px) {.uagb-block-e6f939b3.wp-block-uagb-image .wp-block-uagb-image__figure img{width: px;height: auto;}}@media only screen and (max-width: 767px) {.uagb-block-e6f939b3.wp-block-uagb-image .wp-block-uagb-image__figure img{width: px;height: auto;}}\";s:2:\"js\";s:0:\"\";s:18:\"current_block_list\";a:13:{i:0;s:11:\"core\/search\";i:1;s:10:\"core\/group\";i:2;s:12:\"core\/heading\";i:3;s:17:\"core\/latest-posts\";i:4;s:20:\"core\/latest-comments\";i:5;s:13:\"core\/archives\";i:6;s:15:\"core\/categories\";i:7;s:14:\"core\/paragraph\";i:8;s:10:\"uagb\/image\";i:9;s:11:\"core\/spacer\";i:10;s:30:\"woocommerce\/product-categories\";i:11;s:10:\"core\/image\";i:12;s:14:\"core\/shortcode\";}s:8:\"uag_flag\";b:1;s:11:\"uag_version\";s:10:\"1777323773\";s:6:\"gfonts\";a:0:{}s:10:\"gfonts_url\";s:0:\"\";s:12:\"gfonts_files\";a:0:{}s:14:\"uag_faq_layout\";b:0;}"]},"uagb_featured_image_src":{"full":["https:\/\/www.ferberpainting.com\/wp-content\/uploads\/2025\/05\/PapyrusFertilizer5L.png",2560,2560,false],"thumbnail":["https:\/\/www.ferberpainting.com\/wp-content\/uploads\/2025\/05\/PapyrusFertilizer5L-150x150.png",150,150,true],"medium":["https:\/\/www.ferberpainting.com\/wp-content\/uploads\/2025\/05\/PapyrusFertilizer5L-300x300.png",300,300,true],"medium_large":["https:\/\/www.ferberpainting.com\/wp-content\/uploads\/2025\/05\/PapyrusFertilizer5L-768x768.png",768,768,true],"large":["https:\/\/www.ferberpainting.com\/wp-content\/uploads\/2025\/05\/PapyrusFertilizer5L-1024x1024.png",1024,1024,true],"1536x1536":["https:\/\/www.ferberpainting.com\/wp-content\/uploads\/2025\/05\/PapyrusFertilizer5L-1536x1536.png",1536,1536,true],"2048x2048":["https:\/\/www.ferberpainting.com\/wp-content\/uploads\/2025\/05\/PapyrusFertilizer5L-2048x2048.png",2048,2048,true],"trp-custom-language-flag":["https:\/\/www.ferberpainting.com\/wp-content\/uploads\/2025\/05\/PapyrusFertilizer5L-12x12.png",12,12,true],"woocommerce_thumbnail":["https:\/\/www.ferberpainting.com\/wp-content\/uploads\/2025\/05\/PapyrusFertilizer5L-300x300.png",300,300,true],"woocommerce_single":["https:\/\/www.ferberpainting.com\/wp-content\/uploads\/2025\/05\/PapyrusFertilizer5L-600x600.png",600,600,true],"woocommerce_gallery_thumbnail":["https:\/\/www.ferberpainting.com\/wp-content\/uploads\/2025\/05\/PapyrusFertilizer5L-100x100.png",100,100,true]},"uagb_author_info":{"display_name":"admin","author_link":"https:\/\/www.ferberpainting.com\/hr\/author\/"},"uagb_comment_info":7,"uagb_excerpt":"A balanced fertilizer for lush growth and vibrant foliage.\u00a0The papyrus, a tall, elegant decorative plant, requires a specific supply of nutrients to develop strong stems and dense foliage. Our NPK 15-15-15 fertilizer is perfectly balanced to meet the needs of papyrus by providing nitrogen (N) for vigorous foliage, phosphorus (P) to strengthen the root system,&hellip;","_links":{"self":[{"href":"https:\/\/www.ferberpainting.com\/hr\/wp-json\/wp\/v2\/product\/24758","targetHints":{"allow":["GET"]}}],"collection":[{"href":"https:\/\/www.ferberpainting.com\/hr\/wp-json\/wp\/v2\/product"}],"about":[{"href":"https:\/\/www.ferberpainting.com\/hr\/wp-json\/wp\/v2\/types\/product"}],"replies":[{"embeddable":true,"href":"https:\/\/www.ferberpainting.com\/hr\/wp-json\/wp\/v2\/comments?post=24758"}],"version-history":[{"count":4,"href":"https:\/\/www.ferberpainting.com\/hr\/wp-json\/wp\/v2\/product\/24758\/revisions"}],"predecessor-version":[{"id":166691,"href":"https:\/\/www.ferberpainting.com\/hr\/wp-json\/wp\/v2\/product\/24758\/revisions\/166691"}],"wp:featuredmedia":[{"embeddable":true,"href":"https:\/\/www.ferberpainting.com\/hr\/wp-json\/wp\/v2\/media\/26615"}],"wp:attachment":[{"href":"https:\/\/www.ferberpainting.com\/hr\/wp-json\/wp\/v2\/media?parent=24758"}],"wp:term":[{"taxonomy":"product_brand","embeddable":true,"href":"https:\/\/www.ferberpainting.com\/hr\/wp-json\/wp\/v2\/product_brand?post=24758"},{"taxonomy":"product_cat","embeddable":true,"href":"https:\/\/www.ferberpainting.com\/hr\/wp-json\/wp\/v2\/product_cat?post=24758"},{"taxonomy":"product_tag","embeddable":true,"href":"https:\/\/www.ferberpainting.com\/hr\/wp-json\/wp\/v2\/product_tag?post=24758"}],"curies":[{"name":"radni list","href":"https:\/\/api.w.org\/{rel}","templated":true}]}}