{"id":24756,"date":"2025-05-26T10:26:57","date_gmt":"2025-05-26T08:26:57","guid":{"rendered":"https:\/\/www.ferberpainting.com\/products\/palm-and-yucca-fertilizer\/"},"modified":"2026-02-15T23:28:15","modified_gmt":"2026-02-15T22:28:15","slug":"palm-and-yucca-fertilizer","status":"publish","type":"product","link":"https:\/\/www.ferberpainting.com\/hr\/products\/palm-and-yucca-fertilizer\/","title":{"rendered":"Gnojivo za palme i juku 25 kg"},"content":{"rendered":"<p><strong><img decoding=\"async\" style=\"margin-right: 12px;\" src=\"https:\/\/www.ferberpainting.com\/wp-content\/uploads\/2026\/02\/Check.svg\" alt=\"\" width=\"18\" height=\"15\" \/>Potpuno gnojivo za optimalan rast i bujno li\u0161\u0107e.<\/strong>\u00a0Palme i juke su veli\u010danstvene biljke koje va\u0161em vrtu, terasi ili zatvorenom prostoru daju egzoti\u010dan dodir. Kako biste osigurali brz rast, dobro zdravlje i \u017eivo li\u0161\u0107e, bitno im je osigurati odgovaraju\u0107e hranjive tvari. Ovo NPK 10-10-10 gnojivo nudi potpunu i uravnote\u017eenu prehranu s du\u0161ikom (N) za poticanje razvoja li\u0161\u0107a i debla, fosforom (P) za poticanje sna\u017enog rasta korijena i kalijem (K) za ja\u010danje otpornosti na bolesti, nedostatak vode i vru\u0107inu. Zahvaljuju\u0107i ovom gnojivu, va\u0161e palme i juke pokazat \u0107e bujno i zeleno li\u0161\u0107e, bolju otpornost na okoli\u0161ne stresove i sna\u017eniji rast.<\/p>\n<p><strong><img decoding=\"async\" style=\"margin-right: 12px;\" src=\"https:\/\/www.ferberpainting.com\/wp-content\/uploads\/2026\/02\/Check.svg\" alt=\"\" width=\"18\" height=\"15\" \/>Jamstvo povrata novca.<\/strong>\u00a0Imamo potpuno povjerenje u kvalitetu i u\u010dinkovitost na\u0161eg gnojiva za palme i juke, zbog \u010dega nudimo jamstvo povrata novca. Ako nakon pravilne upotrebe prema na\u0161im preporukama ne primijetite vidljivo pobolj\u0161anje u rastu, li\u0161\u0107u ili bujnosti, u potpunosti \u0107emo vam vratiti novac.<\/p>\n<p><strong><img decoding=\"async\" style=\"margin-right: 12px;\" src=\"https:\/\/www.ferberpainting.com\/wp-content\/uploads\/2026\/02\/Check.svg\" alt=\"\" width=\"18\" height=\"15\" \/>Pogodno za sve vrste palmi i juka, u lon\u010danicama ili na otvorenom tlu.<\/strong>\u00a0Ovo gnojivo je svestrano i prilago\u0111eno svim sortama palmi (Washingtonia, Trachycarpus, Phoenix, Chamaerops, Butia itd.) i juka (Yucca rostrata, Yucca elephantipes, Yucca filamentosa itd.). Tako\u0111er je pogodno za biljke uzgojene na otvorenom tlu u vrtu ili u posudama na terasi, balkonu ili u zatvorenom prostoru. Tako\u0111er je kompatibilno sa svim vrstama tla, bilo pjeskovitim, glinastim ili vapnenastim, te poma\u017ee u pobolj\u0161anju strukture tla za bolje zadr\u017eavanje hranjivih tvari.<\/p>\n<p><strong><img decoding=\"async\" style=\"margin-right: 12px;\" src=\"https:\/\/www.ferberpainting.com\/wp-content\/uploads\/2026\/02\/Check.svg\" alt=\"\" width=\"18\" height=\"15\" \/>Izvrstan ekonomski prinos i dugotrajna gnojidba.<\/strong>\u00a0Zahvaljuju\u0107i svojoj formulaciji, ovo gnojivo polako otpu\u0161ta hranjive tvari, osiguravaju\u0107i u\u010dinkovitu gnojidbu tijekom nekoliko tjedana. Vre\u0107a od 25 kg mo\u017ee gnojiti veliki broj palmi i juka, nude\u0107i izvrstan omjer cijene i kvalitete. S optimalnom dozom od 200 g po stablu ili po kvadratnom metru, osigurava dobru opskrbu hranjivim tvarima bez vi\u0161ka ili rasipanja.<\/p>\n<p><strong><img decoding=\"async\" style=\"margin-right: 12px;\" src=\"https:\/\/www.ferberpainting.com\/wp-content\/uploads\/2026\/02\/Check.svg\" alt=\"\" width=\"18\" height=\"15\" \/>Sigurno i ekolo\u0161ki prihvatljivo gnojivo.<\/strong>\u00a0Ovo gnojivo ne sadr\u017ei \u0161tetne kemikalije, \u010dime se \u010duva kvaliteta tla i bioraznolikost. Doprinosi po\u0161tivanju ekolo\u0161ke ravnote\u017ee tla i poti\u010de aktivnost korisnih mikroorganizama, bitnih za zdravo korijenje. Osim toga, sigurno je za doma\u0107e \u017eivotinje i lokalne divlje \u017eivotinje, \u0161to osigurava sigurnu upotrebu u vrtu ili na balkonu.<\/p>\n<p><strong><img decoding=\"async\" style=\"margin-right: 12px;\" src=\"https:\/\/www.ferberpainting.com\/wp-content\/uploads\/2026\/02\/Check.svg\" alt=\"\" width=\"18\" height=\"15\" \/>Jednostavna primjena i gnojidba bez napora.<\/strong>\u00a0Za razliku od teku\u0107ih gnojiva koja zahtijevaju precizne doze i razrje\u0111enja, ovo gnojivo u krutom obliku primjenjuje se izravno u podno\u017eje biljaka. Jednostavno ga rasporedite oko debla i lagano zakopajte u tlo kako bi postupno otpu\u0161talo hranjive tvari. Njegova upotreba je jednostavna, brza i dostupna svima, \u010dak i po\u010detnicima u vrtlarstvu ili profesionalnim krajobraznim arhitektima.<\/p>\n<p><strong><img decoding=\"async\" style=\"margin-right: 12px;\" src=\"https:\/\/www.ferberpainting.com\/wp-content\/uploads\/2026\/02\/Check.svg\" alt=\"\" width=\"18\" height=\"15\" \/>Produ\u017eeno djelovanje za dugotrajan rast i bujno li\u0161\u0107e.<\/strong>\u00a0Zahvaljuju\u0107i postupnom otpu\u0161tanju, ovo gnojivo hrani palme i juke tijekom duljeg razdoblja, sprje\u010davaju\u0107i tako nedostatke i osiguravaju\u0107i kontinuiran i stabilan rast. Tako\u0111er ja\u010da otpornost biljaka na bolesti, \u0161tetnike i nepovoljne vremenske uvjete, osiguravaju\u0107i bujno li\u0161\u0107e tijekom cijele godine.<\/p>\n<p><strong><img decoding=\"async\" style=\"margin-right: 12px;\" src=\"https:\/\/www.ferberpainting.com\/wp-content\/uploads\/2026\/02\/Check.svg\" alt=\"\" width=\"18\" height=\"15\" \/>Vidljivi rezultati za samo nekoliko tjedana.<\/strong>\u00a0Ve\u0107 od prve primjene gnojiva primijetit \u0107ete br\u017ei rast, deblje li\u0161\u0107e i intenzivniju boju. Biljke \u0107e postati sna\u017enije i otpornije, skladno ispunjavaju\u0107i prostor uravnote\u017eenim li\u0161\u0107em i obilnijim novim izdancima. Gnojivo poma\u017ee pobolj\u0161ati cjelokupni izgled palmi i juka, \u010dine\u0107i ih veli\u010danstvenijim i spektakularnijim, bilo da su posa\u0111ene u zemlji ili u posudama.<\/p>\n<h2><strong>Protokol kori\u0161tenja<\/strong><\/h2>\n<p><strong>Preporu\u010dena doza <\/strong>:<\/p>\n<ul>\n<li><strong>Palme i juke na otvorenom tlu <\/strong>Nanesite 200 g gnojiva po stablu, ovisno o njegovoj veli\u010dini i starosti.<\/li>\n<li><strong>Palme i juke u saksijama <\/strong>Rasporedite 100 g po velikoj posudi i 50 g za male posude.<\/li>\n<li><strong>Za masovnu sadnju <\/strong>Koristite 200 g po m\u00b2 paze\u0107i da ravnomjerno rasporedite gnojivo.<\/li>\n<\/ul>\n<p><strong>Na\u010din primjene:<\/strong><\/p>\n<ul>\n<li><strong>Izravnim \u0161irenjem <\/strong>Ravnomjerno rasporedite gnojivo oko baze biljaka, izbjegavaju\u0107i izravan kontakt s deblom.<\/li>\n<li><strong>Ugradnjom u tlo <\/strong>Nakon posipanja, lagano zagrebite povr\u0161inu tla kako biste pomogli granulama da prodru i optimiziraju apsorpciju korijena.<\/li>\n<li><strong>Zalijevanje nakon primjene <\/strong>Nakon gnojidbe obilno zalijte kako biste aktivirali osloba\u0111anje hranjivih tvari i ubrzali njihovu difuziju u tlu.<\/li>\n<\/ul>\n<p><strong>U\u010destalost primjene <\/strong>:<\/p>\n<ul>\n<li><strong>Tijekom aktivnog razdoblja rasta (prolje\u0107e-ljeto) <\/strong>Gnojivo primjenjujte svakih 6 do 8 tjedana kako biste osigurali kontinuiranu opskrbu esencijalnim hranjivim tvarima.<\/li>\n<li><strong>Tijekom razdoblja mirovanja (jesen-zima) <\/strong>Smanjite u\u010destalost primjene na jednom svaka 3 mjeseca kako biste odr\u017eali zdravlje biljaka bez poticanja prekomjernog rasta.<\/li>\n<\/ul>\n<p><strong>Mjere opreza pri kori\u0161tenju <\/strong>Ne pretjeruj s gnojivom kako bi izbjegao vi\u0161ak du\u0161ika, \u0161to bi moglo dovesti do prekomjernog rasta li\u0161\u0107a na \u0161tetu korijena. Primjenjuj samo na blago vla\u017eno tlo za optimalnu apsorpciju hranjivih tvari.<\/p>\n<p><strong>Skladi\u0161tenje i konzerviranje <\/strong>Gnojivo \u010duvajte na suhom mjestu, dalje od vlage i ekstremnih temperatura. Nakon svake upotrebe \u010dvrsto zatvorite vre\u0107icu kako biste sa\u010duvali u\u010dinkovitost proizvoda i izbjegli gubitak hranjivih tvari.<\/p>\n<p>Ovim gnojivom za palme i juku osigurajte svojim biljkama potpunu i prilago\u0111enu prehranu njihovim specifi\u010dnim potrebama. Osigurava sna\u017ean rast, bujno li\u0161\u0107e i bolju otpornost na klimatske uvjete. Idealno je rje\u0161enje za uljep\u0161avanje va\u0161eg vrta, terase ili unutarnjeg prostora zdravim palmama i jukama tijekom cijele godine.<\/p>","protected":false},"excerpt":{"rendered":"<p>A complete fertilizer for optimal growth and lush foliage.\u00a0Palms and yuccas are majestic plants that add an exotic touch to your garden, terrace or indoors. To ensure rapid growth, good health and vibrant foliage, it is essential to provide them with adequate nutrients. This NPK 10-10-10 fertilizer offers a complete and balanced nutrition with nitrogen [&hellip;]<\/p>\n","protected":false},"featured_media":26614,"comment_status":"open","ping_status":"closed","template":"","meta":{"_uag_custom_page_level_css":"","site-sidebar-layout":"default","site-content-layout":"","ast-site-content-layout":"default","site-content-style":"default","site-sidebar-style":"default","ast-global-header-display":"","ast-banner-title-visibility":"","ast-main-header-display":"","ast-hfb-above-header-display":"","ast-hfb-below-header-display":"","ast-hfb-mobile-header-display":"","site-post-title":"","ast-breadcrumbs-content":"","ast-featured-img":"","footer-sml-layout":"","ast-disable-related-posts":"","theme-transparent-header-meta":"default","adv-header-id-meta":"","stick-header-meta":"","header-above-stick-meta":"","header-main-stick-meta":"","header-below-stick-meta":"","astra-migrate-meta-layouts":"set","ast-page-background-enabled":"default","ast-page-background-meta":{"desktop":{"background-color":"var(--ast-global-color-4)","background-image":"","background-repeat":"repeat","background-position":"center center","background-size":"auto","background-attachment":"scroll","background-type":"","background-media":"","overlay-type":"","overlay-color":"","overlay-opacity":"","overlay-gradient":""},"tablet":{"background-color":"","background-image":"","background-repeat":"repeat","background-position":"center center","background-size":"auto","background-attachment":"scroll","background-type":"","background-media":"","overlay-type":"","overlay-color":"","overlay-opacity":"","overlay-gradient":""},"mobile":{"background-color":"","background-image":"","background-repeat":"repeat","background-position":"center center","background-size":"auto","background-attachment":"scroll","background-type":"","background-media":"","overlay-type":"","overlay-color":"","overlay-opacity":"","overlay-gradient":""}},"ast-content-background-meta":{"desktop":{"background-color":"var(--ast-global-color-5)","background-image":"","background-repeat":"repeat","background-position":"center center","background-size":"auto","background-attachment":"scroll","background-type":"","background-media":"","overlay-type":"","overlay-color":"","overlay-opacity":"","overlay-gradient":""},"tablet":{"background-color":"var(--ast-global-color-5)","background-image":"","background-repeat":"repeat","background-position":"center center","background-size":"auto","background-attachment":"scroll","background-type":"","background-media":"","overlay-type":"","overlay-color":"","overlay-opacity":"","overlay-gradient":""},"mobile":{"background-color":"var(--ast-global-color-5)","background-image":"","background-repeat":"repeat","background-position":"center center","background-size":"auto","background-attachment":"scroll","background-type":"","background-media":"","overlay-type":"","overlay-color":"","overlay-opacity":"","overlay-gradient":""}}},"product_brand":[],"product_cat":[178],"product_tag":[],"class_list":{"0":"post-24756","1":"product","2":"type-product","3":"status-publish","4":"has-post-thumbnail","6":"product_cat-fertilizers","7":"desktop-align-left","8":"tablet-align-left","9":"mobile-align-left","11":"first","12":"instock","13":"taxable","14":"shipping-taxable","15":"purchasable","16":"product-type-simple"},"spectra_custom_meta":{"_visibility":["visible"],"_shopify_product_id":["9068011847925"],"_s2w_shopify_domain":["ferberpainting.myshopify.com"],"_shopify_variant_id":["46509802815733"],"_sku":["FPPALMANDYUCCAFERTILIZER25KG"],"_regular_price":["39.90"],"_price":["39.90"],"_sale_price":[""],"_weight":["18.5"],"_thumbnail_id":["26614"],"_global_unique_id":["5056773817579"],"total_sales":["54"],"_tax_status":["taxable"],"_tax_class":[""],"_manage_stock":["no"],"_backorders":["no"],"_sold_individually":["no"],"_virtual":["no"],"_downloadable":["no"],"_download_limit":["-1"],"_download_expiry":["-1"],"_stock":[null],"_stock_status":["instock"],"_wc_average_rating":["5.00"],"_wc_review_count":["31"],"_product_version":["10.5.1"],"_wc_rating_count":["a:1:{i:5;i:31;}"],"_edit_lock":["1774761996:3822"],"merchant-center-availability":["yes"],"merchant-center-category":["113"],"_edit_last":["1"],"_wp_page_template":["default"],"site-sidebar-layout":["default"],"ast-site-content-layout":["default"],"site-content-style":["default"],"site-sidebar-style":["default"],"theme-transparent-header-meta":["default"],"astra-migrate-meta-layouts":["set"],"_uag_css_file_name":["uag-css-24756.css"],"_elementor_page_assets":["a:0:{}"],"_uag_page_assets":["a:9:{s:3:\"css\";s:7133:\".uag-blocks-common-selector{z-index:var(--z-index-desktop) !important}@media(max-width: 976px){.uag-blocks-common-selector{z-index:var(--z-index-tablet) !important}}@media(max-width: 767px){.uag-blocks-common-selector{z-index:var(--z-index-mobile) !important}}.wp-block-uagb-image{display:flex}.wp-block-uagb-image__figure{position:relative;display:flex;flex-direction:column;max-width:100%;height:auto;margin:0}.wp-block-uagb-image__figure img{height:auto;display:flex;max-width:100%;transition:box-shadow .2s ease}.wp-block-uagb-image__figure>a{display:inline-block}.wp-block-uagb-image__figure figcaption{text-align:center;margin-top:.5em;margin-bottom:1em}.wp-block-uagb-image .components-placeholder.block-editor-media-placeholder .components-placeholder__instructions{align-self:center}.wp-block-uagb-image--align-left{text-align:left}.wp-block-uagb-image--align-right{text-align:right}.wp-block-uagb-image--align-center{text-align:center}.wp-block-uagb-image--align-full .wp-block-uagb-image__figure{margin-left:calc(50% - 50vw);margin-right:calc(50% - 50vw);max-width:100vw;width:100vw;height:auto}.wp-block-uagb-image--align-full .wp-block-uagb-image__figure img{height:auto;width:100% !important}.wp-block-uagb-image--align-wide .wp-block-uagb-image__figure img{height:auto;width:100%}.wp-block-uagb-image--layout-overlay__color-wrapper{position:absolute;left:0;top:0;right:0;bottom:0;opacity:.2;background:rgba(0,0,0,.5);transition:opacity .35s ease-in-out}.wp-block-uagb-image--layout-overlay-link{position:absolute;left:0;right:0;bottom:0;top:0}.wp-block-uagb-image--layout-overlay .wp-block-uagb-image__figure:hover .wp-block-uagb-image--layout-overlay__color-wrapper{opacity:1}.wp-block-uagb-image--layout-overlay__inner{position:absolute;left:15px;right:15px;bottom:15px;top:15px;display:flex;align-items:center;justify-content:center;flex-direction:column;border-color:#fff;transition:.35s ease-in-out}.wp-block-uagb-image--layout-overlay__inner.top-left,.wp-block-uagb-image--layout-overlay__inner.top-center,.wp-block-uagb-image--layout-overlay__inner.top-right{justify-content:flex-start}.wp-block-uagb-image--layout-overlay__inner.bottom-left,.wp-block-uagb-image--layout-overlay__inner.bottom-center,.wp-block-uagb-image--layout-overlay__inner.bottom-right{justify-content:flex-end}.wp-block-uagb-image--layout-overlay__inner.top-left,.wp-block-uagb-image--layout-overlay__inner.center-left,.wp-block-uagb-image--layout-overlay__inner.bottom-left{align-items:flex-start}.wp-block-uagb-image--layout-overlay__inner.top-right,.wp-block-uagb-image--layout-overlay__inner.center-right,.wp-block-uagb-image--layout-overlay__inner.bottom-right{align-items:flex-end}.wp-block-uagb-image--layout-overlay__inner .uagb-image-heading{color:#fff;transition:transform .35s,opacity .35s ease-in-out;transform:translate3d(0, 24px, 0);margin:0;line-height:1em}.wp-block-uagb-image--layout-overlay__inner .uagb-image-separator{width:30%;border-top-width:2px;border-top-color:#fff;border-top-style:solid;margin-bottom:10px;opacity:0;transition:transform .4s,opacity .4s ease-in-out;transform:translate3d(0, 30px, 0)}.wp-block-uagb-image--layout-overlay__inner .uagb-image-caption{opacity:0;overflow:visible;color:#fff;transition:transform .45s,opacity .45s ease-in-out;transform:translate3d(0, 35px, 0)}.wp-block-uagb-image--layout-overlay__inner:hover .uagb-image-heading,.wp-block-uagb-image--layout-overlay__inner:hover .uagb-image-separator,.wp-block-uagb-image--layout-overlay__inner:hover .uagb-image-caption{opacity:1;transform:translate3d(0, 0, 0)}.wp-block-uagb-image--effect-zoomin .wp-block-uagb-image__figure img,.wp-block-uagb-image--effect-zoomin .wp-block-uagb-image__figure .wp-block-uagb-image--layout-overlay__color-wrapper{transform:scale(1);transition:transform .35s ease-in-out}.wp-block-uagb-image--effect-zoomin .wp-block-uagb-image__figure:hover img,.wp-block-uagb-image--effect-zoomin .wp-block-uagb-image__figure:hover .wp-block-uagb-image--layout-overlay__color-wrapper{transform:scale(1.05)}.wp-block-uagb-image--effect-slide .wp-block-uagb-image__figure img,.wp-block-uagb-image--effect-slide .wp-block-uagb-image__figure .wp-block-uagb-image--layout-overlay__color-wrapper{width:calc(100% + 40px) !important;max-width:none !important;transform:translate3d(-40px, 0, 0);transition:transform .35s ease-in-out}.wp-block-uagb-image--effect-slide .wp-block-uagb-image__figure:hover img,.wp-block-uagb-image--effect-slide .wp-block-uagb-image__figure:hover .wp-block-uagb-image--layout-overlay__color-wrapper{transform:translate3d(0, 0, 0)}.wp-block-uagb-image--effect-grayscale img{filter:grayscale(0%);transition:.35s ease-in-out}.wp-block-uagb-image--effect-grayscale:hover img{filter:grayscale(100%)}.wp-block-uagb-image--effect-blur img{filter:blur(0);transition:.35s ease-in-out}.wp-block-uagb-image--effect-blur:hover img{filter:blur(3px)}.uagb-block-e6f939b3.wp-block-uagb-image--layout-default figure img{box-shadow: 0px 0px 0 #00000070;}.uagb-block-e6f939b3.wp-block-uagb-image .wp-block-uagb-image__figure figcaption{font-style: normal;align-self: center;}.uagb-block-e6f939b3.wp-block-uagb-image--layout-overlay figure img{box-shadow: 0px 0px 0 #00000070;}.uagb-block-e6f939b3.wp-block-uagb-image--layout-overlay .wp-block-uagb-image--layout-overlay__color-wrapper{opacity: 0.2;}.uagb-block-e6f939b3.wp-block-uagb-image--layout-overlay .wp-block-uagb-image--layout-overlay__inner{left: 15px;right: 15px;top: 15px;bottom: 15px;}.uagb-block-e6f939b3.wp-block-uagb-image--layout-overlay .wp-block-uagb-image--layout-overlay__inner .uagb-image-heading{font-style: normal;color: #fff;opacity: 1;}.uagb-block-e6f939b3.wp-block-uagb-image--layout-overlay .wp-block-uagb-image--layout-overlay__inner .uagb-image-heading a{color: #fff;}.uagb-block-e6f939b3.wp-block-uagb-image--layout-overlay .wp-block-uagb-image--layout-overlay__inner .uagb-image-caption{opacity: 0;}.uagb-block-e6f939b3.wp-block-uagb-image--layout-overlay .wp-block-uagb-image__figure:hover .wp-block-uagb-image--layout-overlay__color-wrapper{opacity: 1;}.uagb-block-e6f939b3.wp-block-uagb-image .wp-block-uagb-image--layout-overlay__inner .uagb-image-separator{width: 30%;border-top-width: 2px;border-top-color: #fff;opacity: 0;}.uagb-block-e6f939b3.wp-block-uagb-image .wp-block-uagb-image__figure img{width: px;height: auto;}.uagb-block-e6f939b3.wp-block-uagb-image .wp-block-uagb-image__figure:hover .wp-block-uagb-image--layout-overlay__inner .uagb-image-caption{opacity: 1;}.uagb-block-e6f939b3.wp-block-uagb-image .wp-block-uagb-image__figure:hover .wp-block-uagb-image--layout-overlay__inner .uagb-image-separator{opacity: 1;}.uagb-block-e6f939b3.wp-block-uagb-image--layout-default figure:hover img{box-shadow: 0px 0px 0 #00000070;}.uagb-block-e6f939b3.wp-block-uagb-image--layout-overlay figure:hover img{box-shadow: 0px 0px 0 #00000070;}@media only screen and (max-width: 976px) {.uagb-block-e6f939b3.wp-block-uagb-image .wp-block-uagb-image__figure img{width: px;height: auto;}}@media only screen and (max-width: 767px) {.uagb-block-e6f939b3.wp-block-uagb-image .wp-block-uagb-image__figure img{width: px;height: auto;}}\";s:2:\"js\";s:0:\"\";s:18:\"current_block_list\";a:13:{i:0;s:11:\"core\/search\";i:1;s:10:\"core\/group\";i:2;s:12:\"core\/heading\";i:3;s:17:\"core\/latest-posts\";i:4;s:20:\"core\/latest-comments\";i:5;s:13:\"core\/archives\";i:6;s:15:\"core\/categories\";i:7;s:14:\"core\/paragraph\";i:8;s:10:\"uagb\/image\";i:9;s:11:\"core\/spacer\";i:10;s:30:\"woocommerce\/product-categories\";i:11;s:10:\"core\/image\";i:12;s:14:\"core\/shortcode\";}s:8:\"uag_flag\";b:1;s:11:\"uag_version\";s:10:\"1777204199\";s:6:\"gfonts\";a:0:{}s:10:\"gfonts_url\";s:0:\"\";s:12:\"gfonts_files\";a:0:{}s:14:\"uag_faq_layout\";b:0;}"]},"uagb_featured_image_src":{"full":["https:\/\/www.ferberpainting.com\/wp-content\/uploads\/2025\/05\/PalmandYuccaFertilizer.png",2560,2560,false],"thumbnail":["https:\/\/www.ferberpainting.com\/wp-content\/uploads\/2025\/05\/PalmandYuccaFertilizer-150x150.png",150,150,true],"medium":["https:\/\/www.ferberpainting.com\/wp-content\/uploads\/2025\/05\/PalmandYuccaFertilizer-300x300.png",300,300,true],"medium_large":["https:\/\/www.ferberpainting.com\/wp-content\/uploads\/2025\/05\/PalmandYuccaFertilizer-768x768.png",768,768,true],"large":["https:\/\/www.ferberpainting.com\/wp-content\/uploads\/2025\/05\/PalmandYuccaFertilizer-1024x1024.png",1024,1024,true],"1536x1536":["https:\/\/www.ferberpainting.com\/wp-content\/uploads\/2025\/05\/PalmandYuccaFertilizer-1536x1536.png",1536,1536,true],"2048x2048":["https:\/\/www.ferberpainting.com\/wp-content\/uploads\/2025\/05\/PalmandYuccaFertilizer-2048x2048.png",2048,2048,true],"trp-custom-language-flag":["https:\/\/www.ferberpainting.com\/wp-content\/uploads\/2025\/05\/PalmandYuccaFertilizer-12x12.png",12,12,true],"woocommerce_thumbnail":["https:\/\/www.ferberpainting.com\/wp-content\/uploads\/2025\/05\/PalmandYuccaFertilizer-300x300.png",300,300,true],"woocommerce_single":["https:\/\/www.ferberpainting.com\/wp-content\/uploads\/2025\/05\/PalmandYuccaFertilizer-600x600.png",600,600,true],"woocommerce_gallery_thumbnail":["https:\/\/www.ferberpainting.com\/wp-content\/uploads\/2025\/05\/PalmandYuccaFertilizer-100x100.png",100,100,true]},"uagb_author_info":{"display_name":"admin","author_link":"https:\/\/www.ferberpainting.com\/hr\/author\/"},"uagb_comment_info":31,"uagb_excerpt":"A complete fertilizer for optimal growth and lush foliage.\u00a0Palms and yuccas are majestic plants that add an exotic touch to your garden, terrace or indoors. To ensure rapid growth, good health and vibrant foliage, it is essential to provide them with adequate nutrients. This NPK 10-10-10 fertilizer offers a complete and balanced nutrition with nitrogen&hellip;","_links":{"self":[{"href":"https:\/\/www.ferberpainting.com\/hr\/wp-json\/wp\/v2\/product\/24756","targetHints":{"allow":["GET"]}}],"collection":[{"href":"https:\/\/www.ferberpainting.com\/hr\/wp-json\/wp\/v2\/product"}],"about":[{"href":"https:\/\/www.ferberpainting.com\/hr\/wp-json\/wp\/v2\/types\/product"}],"replies":[{"embeddable":true,"href":"https:\/\/www.ferberpainting.com\/hr\/wp-json\/wp\/v2\/comments?post=24756"}],"version-history":[{"count":5,"href":"https:\/\/www.ferberpainting.com\/hr\/wp-json\/wp\/v2\/product\/24756\/revisions"}],"predecessor-version":[{"id":166686,"href":"https:\/\/www.ferberpainting.com\/hr\/wp-json\/wp\/v2\/product\/24756\/revisions\/166686"}],"wp:featuredmedia":[{"embeddable":true,"href":"https:\/\/www.ferberpainting.com\/hr\/wp-json\/wp\/v2\/media\/26614"}],"wp:attachment":[{"href":"https:\/\/www.ferberpainting.com\/hr\/wp-json\/wp\/v2\/media?parent=24756"}],"wp:term":[{"taxonomy":"product_brand","embeddable":true,"href":"https:\/\/www.ferberpainting.com\/hr\/wp-json\/wp\/v2\/product_brand?post=24756"},{"taxonomy":"product_cat","embeddable":true,"href":"https:\/\/www.ferberpainting.com\/hr\/wp-json\/wp\/v2\/product_cat?post=24756"},{"taxonomy":"product_tag","embeddable":true,"href":"https:\/\/www.ferberpainting.com\/hr\/wp-json\/wp\/v2\/product_tag?post=24756"}],"curies":[{"name":"radni list","href":"https:\/\/api.w.org\/{rel}","templated":true}]}}