{"id":24741,"date":"2025-07-01T00:21:51","date_gmt":"2025-06-30T22:21:51","guid":{"rendered":"https:\/\/www.ferberpainting.com\/?post_type=product&#038;p=24735"},"modified":"2026-02-15T23:14:12","modified_gmt":"2026-02-15T22:14:12","slug":"paint-cleaner","status":"publish","type":"product","link":"https:\/\/www.ferberpainting.com\/hr\/products\/paint-cleaner\/","title":{"rendered":"\u010cista\u010d za boju"},"content":{"rendered":"<p><strong><img decoding=\"async\" style=\"margin-right: 12px;\" src=\"https:\/\/www.ferberpainting.com\/wp-content\/uploads\/2026\/02\/Check.svg\" alt=\"\" width=\"18\" height=\"15\" \/>Optimalna u\u010dinkovitost.<\/strong>\u00a0Ovo sredstvo za \u010di\u0161\u0107enje boje dizajnirano je za u\u010dinkovito uklanjanje ostataka boje, mrlja, osu\u0161enih tragova kista i prskanja na raznim povr\u0161inama. Dubinski otapa ne\u010disto\u0107e bez o\u0161te\u0107enja tretiranih materijala, vra\u0107aju\u0107i im izvorni izgled. Zahvaljuju\u0107i svojoj sna\u017enoj formuli, brzo djeluje na boje na bazi vode, na bazi otapala ili lakove, osiguravaju\u0107i savr\u0161eno \u010di\u0161\u0107enje bez napora.<\/p>\n<p><strong><img decoding=\"async\" style=\"margin-right: 12px;\" src=\"https:\/\/www.ferberpainting.com\/wp-content\/uploads\/2026\/02\/Check.svg\" alt=\"\" width=\"18\" height=\"15\" \/>Jamstvo povrata novca.<\/strong>\u00a0Imamo potpuno povjerenje u u\u010dinkovitost na\u0161eg sredstva za \u010di\u0161\u0107enje boje. Ako nakon upotrebe niste u potpunosti zadovoljni rezultatima, imate pravo na puni povrat novca. To vam omogu\u0107uje da testirate proizvod bez rizika i u\u017eivate u njegovoj neusporedivoj mo\u0107i \u010di\u0161\u0107enja.<\/p>\n<p><strong><img decoding=\"async\" style=\"margin-right: 12px;\" src=\"https:\/\/www.ferberpainting.com\/wp-content\/uploads\/2026\/02\/Check.svg\" alt=\"\" width=\"18\" height=\"15\" \/>Iznimna svestranost.<\/strong>\u00a0Ovo sredstvo za \u010di\u0161\u0107enje nije ograni\u010deno samo na alat za bojanje! Tako\u0111er je u\u010dinkovito na mnogim povr\u0161inama poput drva, metala, PVC-a, stakla, kamena, betona i plo\u010dica. Mo\u017ee se koristiti za \u010di\u0161\u0107enje kistova, valjaka, pi\u0161tolja za prskanje, umjetni\u010dkih paleta, zidova, podova i namje\u0161taja umrljanog bojom. Njegovo vi\u0161enamjensko djelovanje \u010dini ga neizostavnim saveznikom i za profesionalce i za hobiste.<\/p>\n<p><strong><img decoding=\"async\" style=\"margin-right: 12px;\" src=\"https:\/\/www.ferberpainting.com\/wp-content\/uploads\/2026\/02\/Check.svg\" alt=\"\" width=\"18\" height=\"15\" \/>Isplative performanse.<\/strong>\u00a0Zahvaljuju\u0107i visokoj koncentraciji i trenutnoj u\u010dinkovitosti, ovo sredstvo za \u010di\u0161\u0107enje nudi izvrstan prinos uz minimalnu potrebnu koli\u010dinu proizvoda. Jedna litra proizvoda mo\u017ee tretirati do 50 m\u00b2 zaprljane povr\u0161ine ili temeljito o\u010distiti mnoge kistove i valjke. Njegov format od 5 litara omogu\u0107uje dulju upotrebu, smanjuju\u0107i u\u010destalost kupnje i tro\u0161kove odr\u017eavanja.<\/p>\n<p><strong><img decoding=\"async\" style=\"margin-right: 12px;\" src=\"https:\/\/www.ferberpainting.com\/wp-content\/uploads\/2026\/02\/Check.svg\" alt=\"\" width=\"18\" height=\"15\" \/>Sigurno za kori\u0161tenje.<\/strong>\u00a0Za razliku od agresivnih otapala koja osloba\u0111aju otrovne pare i uzrokuju iritaciju ko\u017ee, ovo sredstvo za \u010di\u0161\u0107enje formulirano je kako bi se smanjili rizici primjene. Ne sadr\u017ei korozivne tvari koje mogu promijeniti osjetljive povr\u0161ine i u skladu je s propisima o za\u0161titi okoli\u0161a. Sigurno je za upotrebu u zatvorenim i otvorenim prostorima, nude\u0107i optimalnu udobnost za korisnika.<\/p>\n<p><strong><img decoding=\"async\" style=\"margin-right: 12px;\" src=\"https:\/\/www.ferberpainting.com\/wp-content\/uploads\/2026\/02\/Check.svg\" alt=\"\" width=\"18\" height=\"15\" \/>Jednostavnost kori\u0161tenja.<\/strong>\u00a0Ovaj proizvod je spreman za upotrebu i ne zahtijeva razrje\u0111ivanje ili slo\u017eeno rukovanje. Nanosi se izravno na podru\u010dje koje treba o\u010distiti spu\u017evom, krpom, \u010detkom ili bo\u010dicom s raspr\u0161iva\u010dem. Djeluje za samo nekoliko minuta i lako se ispire bez ostavljanja ostataka. \u0160tedi vrijeme i pru\u017ea besprijekoran rezultat uz potpunu jednostavnost.<\/p>\n<p><strong><img decoding=\"async\" style=\"margin-right: 12px;\" src=\"https:\/\/www.ferberpainting.com\/wp-content\/uploads\/2026\/02\/Check.svg\" alt=\"\" width=\"18\" height=\"15\" \/>Produ\u017eena trajnost.<\/strong>\u00a0Zahvaljuju\u0107i dubinskom \u010di\u0161\u0107enju, ovo sredstvo za \u010di\u0161\u0107enje produljuje vijek trajanja alata za bojanje i obojenih povr\u0161ina. \u010cuva \u010dekinje kista, sprje\u010dava nakupljanje valjka i \u0161titi tretirane povr\u0161ine od preranog tro\u0161enja zbog ostataka boje. Odr\u017eavanje opreme u dobrom stanju poma\u017ee u izbjegavanju \u010destih zamjena i podr\u017eava odr\u017eivije kori\u0161tenje resursa.<\/p>\n<p><strong><img decoding=\"async\" style=\"margin-right: 12px;\" src=\"https:\/\/www.ferberpainting.com\/wp-content\/uploads\/2026\/02\/Check.svg\" alt=\"\" width=\"18\" height=\"15\" \/>Brza akcija.<\/strong>\u00a0Ovo sredstvo za \u010di\u0161\u0107enje djeluje odmah nakon nano\u0161enja. U\u010dinkovito uklanja mrlje i ostatke bez dugog ribanja. Za samo nekoliko minuta otapa osu\u0161enu boju i olak\u0161ava uklanjanje, \u0161tede\u0107i dragocjeno vrijeme korisniku.<\/p>\n<h2><strong>Protokol kori\u0161tenja<\/strong><\/h2>\n<ul>\n<li><strong>Priprema <\/strong>Prije nano\u0161enja provjerite je li povr\u0161ina koju \u017eelite o\u010distiti suha i bez pra\u0161ine. Za optimalne rezultate, prethodno uklonite debele ostatke \u0161patulom ili suhom krpom.<\/li>\n<li><strong>Ru\u010dna primjena na alatima <\/strong>Ulijte malu koli\u010dinu sredstva za \u010di\u0161\u0107enje u posudu i namo\u010dite kistove, valjke ili druge alate. Ostavite ih da se nama\u010du nekoliko minuta, a zatim nje\u017eno istrljajte \u010detkom ili krpom kako biste uklonili ostatke boje. Prije ponovne upotrebe temeljito isperite \u010distom vodom i osu\u0161ite alat.<\/li>\n<li><strong>Nano\u0161enje na obojene povr\u0161ine <\/strong>Nanesite izravno na zamrljano podru\u010dje spu\u017evom ili krpom natopljenom proizvodom. Ostavite da djeluje 2 do 5 minuta kako bi sredstvo za \u010di\u0161\u0107enje otopilo boju, a zatim po potrebi nje\u017eno istrljajte. Obri\u0161ite \u010distom krpom i isperite \u010distom vodom.<\/li>\n<li><strong>Uklanjanje mrlja od boje <\/strong>Za uklanjanje mrlja na staklu, drvu, metalu ili plo\u010dicama, nanesite proizvod mekom krpom i nje\u017eno utrljajte. Ostavite da djeluje nekoliko minuta, a zatim obri\u0161ite vla\u017enom krpom. Za besprijekoran rezultat, podru\u010dje obri\u0161ite suhom \u010distom krpom.<\/li>\n<li><strong>Ispiranje i zavr\u0161na obrada <\/strong>Nakon \u0161to se boja otopi, isperite tretiranu povr\u0161inu mlakom vodom ili obri\u0161ite vla\u017enom krpom kako biste uklonili sve tragove proizvoda. Za savr\u0161en zavr\u0161etak, osu\u0161ite podru\u010dje \u010distom krpom.<\/li>\n<li><strong>U\u010destalost kori\u0161tenja <\/strong>Koristite nakon svakog \u010di\u0161\u0107enja alata ili nakon svakog bojanja kako biste uklonili vi\u0161ak boje i produ\u017eili vijek trajanja kistova i valjaka. Za povr\u0161insku upotrebu, nanosite po potrebi ovisno o prisutnim mrljama i ostacima.<\/li>\n<li><strong>Pohrana <\/strong>Spremnik \u010duvajte na hladnom i suhom mjestu, dalje od topline i izravne sun\u010deve svjetlosti. Uvijek \u010dvrsto zatvorite nakon upotrebe kako biste sprije\u010dili isparavanje ili promjenu proizvoda.<\/li>\n<\/ul>\n<p>S na\u0161im sredstvom za \u010di\u0161\u0107enje boje u\u017eivajte u u\u010dinkovitom i jednostavnom odr\u017eavanju uz o\u010duvanje \u010disto\u0107e va\u0161ih alata i povr\u0161ina. Idealno rje\u0161enje za optimalno \u010di\u0161\u0107enje i odr\u017eivo upravljanje va\u0161om opremom za bojanje.<\/p>","protected":false},"excerpt":{"rendered":"<p>Optimal Efficiency.\u00a0This paint cleaner is designed to effectively eliminate paint residues, stains, dried brush marks, and splatters on a wide variety of surfaces. It deeply dissolves impurities without damaging treated materials, restoring their original appearance. Thanks to its powerful formula, it acts quickly on water-based, solvent-based, or varnish paints, ensuring perfect cleaning with no effort. [&hellip;]<\/p>\n","protected":false},"featured_media":36065,"comment_status":"open","ping_status":"closed","template":"","meta":{"_uag_custom_page_level_css":"","site-sidebar-layout":"default","site-content-layout":"","ast-site-content-layout":"default","site-content-style":"default","site-sidebar-style":"default","ast-global-header-display":"","ast-banner-title-visibility":"","ast-main-header-display":"","ast-hfb-above-header-display":"","ast-hfb-below-header-display":"","ast-hfb-mobile-header-display":"","site-post-title":"","ast-breadcrumbs-content":"","ast-featured-img":"","footer-sml-layout":"","ast-disable-related-posts":"","theme-transparent-header-meta":"default","adv-header-id-meta":"","stick-header-meta":"","header-above-stick-meta":"","header-main-stick-meta":"","header-below-stick-meta":"","astra-migrate-meta-layouts":"set","ast-page-background-enabled":"default","ast-page-background-meta":{"desktop":{"background-color":"var(--ast-global-color-4)","background-image":"","background-repeat":"repeat","background-position":"center center","background-size":"auto","background-attachment":"scroll","background-type":"","background-media":"","overlay-type":"","overlay-color":"","overlay-opacity":"","overlay-gradient":""},"tablet":{"background-color":"","background-image":"","background-repeat":"repeat","background-position":"center center","background-size":"auto","background-attachment":"scroll","background-type":"","background-media":"","overlay-type":"","overlay-color":"","overlay-opacity":"","overlay-gradient":""},"mobile":{"background-color":"","background-image":"","background-repeat":"repeat","background-position":"center center","background-size":"auto","background-attachment":"scroll","background-type":"","background-media":"","overlay-type":"","overlay-color":"","overlay-opacity":"","overlay-gradient":""}},"ast-content-background-meta":{"desktop":{"background-color":"var(--ast-global-color-5)","background-image":"","background-repeat":"repeat","background-position":"center center","background-size":"auto","background-attachment":"scroll","background-type":"","background-media":"","overlay-type":"","overlay-color":"","overlay-opacity":"","overlay-gradient":""},"tablet":{"background-color":"var(--ast-global-color-5)","background-image":"","background-repeat":"repeat","background-position":"center center","background-size":"auto","background-attachment":"scroll","background-type":"","background-media":"","overlay-type":"","overlay-color":"","overlay-opacity":"","overlay-gradient":""},"mobile":{"background-color":"var(--ast-global-color-5)","background-image":"","background-repeat":"repeat","background-position":"center center","background-size":"auto","background-attachment":"scroll","background-type":"","background-media":"","overlay-type":"","overlay-color":"","overlay-opacity":"","overlay-gradient":""}}},"product_brand":[],"product_cat":[175],"product_tag":[],"class_list":{"0":"post-24741","1":"product","2":"type-product","3":"status-publish","4":"has-post-thumbnail","6":"product_cat-cleaning-products","7":"desktop-align-left","8":"tablet-align-left","9":"mobile-align-left","11":"first","12":"instock","13":"sale","14":"taxable","15":"shipping-taxable","16":"purchasable","17":"product-type-variable","18":"has-default-attributes"},"spectra_custom_meta":{"_visibility":["visible"],"_shopify_product_id":["9106537545973"],"_s2w_shopify_domain":["ferberpainting.myshopify.com"],"_shopify_variant_id":["46626245902581"],"_sku":[""],"_manage_stock":["no"],"total_sales":["11"],"_tax_status":["taxable"],"_tax_class":[""],"_backorders":["no"],"_sold_individually":["no"],"_virtual":["no"],"_downloadable":["no"],"_download_limit":["-1"],"_download_expiry":["-1"],"_stock":[null],"_stock_status":["instock"],"_wc_average_rating":["5.00"],"_wc_review_count":["8"],"_product_attributes":["a:1:{s:6:\"volume\";a:6:{s:4:\"name\";s:6:\"Volume\";s:5:\"value\";s:20:\"5 liters | 25 liters\";s:8:\"position\";i:1;s:10:\"is_visible\";i:0;s:12:\"is_variation\";i:1;s:11:\"is_taxonomy\";i:0;}}"],"_product_version":["10.5.1"],"wpse_downloadable_file_names":[""],"wpse_downloadable_file_urls":[""],"_edit_last":["1"],"_default_attributes":["a:1:{s:6:\"volume\";s:8:\"5 liters\";}"],"_edit_lock":["1771193525:1"],"_price":["29.90","129.90"],"merchant-center-availability":["yes"],"merchant-center-category":["503741"],"_thumbnail_id":["36065"],"_wp_page_template":["default"],"_wp_old_date":["2025-05-26"],"_product_image_gallery":["36066"],"site-sidebar-layout":["default"],"ast-site-content-layout":["default"],"site-content-style":["default"],"site-sidebar-style":["default"],"theme-transparent-header-meta":["default"],"_wc_rating_count":["a:1:{i:5;i:8;}"],"astra-migrate-meta-layouts":["set"],"_uag_css_file_name":["uag-css-24741.css"],"_elementor_page_assets":["a:0:{}"],"_uag_page_assets":["a:9:{s:3:\"css\";s:7133:\".uag-blocks-common-selector{z-index:var(--z-index-desktop) !important}@media(max-width: 976px){.uag-blocks-common-selector{z-index:var(--z-index-tablet) !important}}@media(max-width: 767px){.uag-blocks-common-selector{z-index:var(--z-index-mobile) !important}}.wp-block-uagb-image{display:flex}.wp-block-uagb-image__figure{position:relative;display:flex;flex-direction:column;max-width:100%;height:auto;margin:0}.wp-block-uagb-image__figure img{height:auto;display:flex;max-width:100%;transition:box-shadow .2s ease}.wp-block-uagb-image__figure>a{display:inline-block}.wp-block-uagb-image__figure figcaption{text-align:center;margin-top:.5em;margin-bottom:1em}.wp-block-uagb-image .components-placeholder.block-editor-media-placeholder .components-placeholder__instructions{align-self:center}.wp-block-uagb-image--align-left{text-align:left}.wp-block-uagb-image--align-right{text-align:right}.wp-block-uagb-image--align-center{text-align:center}.wp-block-uagb-image--align-full .wp-block-uagb-image__figure{margin-left:calc(50% - 50vw);margin-right:calc(50% - 50vw);max-width:100vw;width:100vw;height:auto}.wp-block-uagb-image--align-full .wp-block-uagb-image__figure img{height:auto;width:100% !important}.wp-block-uagb-image--align-wide .wp-block-uagb-image__figure img{height:auto;width:100%}.wp-block-uagb-image--layout-overlay__color-wrapper{position:absolute;left:0;top:0;right:0;bottom:0;opacity:.2;background:rgba(0,0,0,.5);transition:opacity .35s ease-in-out}.wp-block-uagb-image--layout-overlay-link{position:absolute;left:0;right:0;bottom:0;top:0}.wp-block-uagb-image--layout-overlay .wp-block-uagb-image__figure:hover .wp-block-uagb-image--layout-overlay__color-wrapper{opacity:1}.wp-block-uagb-image--layout-overlay__inner{position:absolute;left:15px;right:15px;bottom:15px;top:15px;display:flex;align-items:center;justify-content:center;flex-direction:column;border-color:#fff;transition:.35s ease-in-out}.wp-block-uagb-image--layout-overlay__inner.top-left,.wp-block-uagb-image--layout-overlay__inner.top-center,.wp-block-uagb-image--layout-overlay__inner.top-right{justify-content:flex-start}.wp-block-uagb-image--layout-overlay__inner.bottom-left,.wp-block-uagb-image--layout-overlay__inner.bottom-center,.wp-block-uagb-image--layout-overlay__inner.bottom-right{justify-content:flex-end}.wp-block-uagb-image--layout-overlay__inner.top-left,.wp-block-uagb-image--layout-overlay__inner.center-left,.wp-block-uagb-image--layout-overlay__inner.bottom-left{align-items:flex-start}.wp-block-uagb-image--layout-overlay__inner.top-right,.wp-block-uagb-image--layout-overlay__inner.center-right,.wp-block-uagb-image--layout-overlay__inner.bottom-right{align-items:flex-end}.wp-block-uagb-image--layout-overlay__inner .uagb-image-heading{color:#fff;transition:transform .35s,opacity .35s ease-in-out;transform:translate3d(0, 24px, 0);margin:0;line-height:1em}.wp-block-uagb-image--layout-overlay__inner .uagb-image-separator{width:30%;border-top-width:2px;border-top-color:#fff;border-top-style:solid;margin-bottom:10px;opacity:0;transition:transform .4s,opacity .4s ease-in-out;transform:translate3d(0, 30px, 0)}.wp-block-uagb-image--layout-overlay__inner .uagb-image-caption{opacity:0;overflow:visible;color:#fff;transition:transform .45s,opacity .45s ease-in-out;transform:translate3d(0, 35px, 0)}.wp-block-uagb-image--layout-overlay__inner:hover .uagb-image-heading,.wp-block-uagb-image--layout-overlay__inner:hover .uagb-image-separator,.wp-block-uagb-image--layout-overlay__inner:hover .uagb-image-caption{opacity:1;transform:translate3d(0, 0, 0)}.wp-block-uagb-image--effect-zoomin .wp-block-uagb-image__figure img,.wp-block-uagb-image--effect-zoomin .wp-block-uagb-image__figure .wp-block-uagb-image--layout-overlay__color-wrapper{transform:scale(1);transition:transform .35s ease-in-out}.wp-block-uagb-image--effect-zoomin .wp-block-uagb-image__figure:hover img,.wp-block-uagb-image--effect-zoomin .wp-block-uagb-image__figure:hover .wp-block-uagb-image--layout-overlay__color-wrapper{transform:scale(1.05)}.wp-block-uagb-image--effect-slide .wp-block-uagb-image__figure img,.wp-block-uagb-image--effect-slide .wp-block-uagb-image__figure .wp-block-uagb-image--layout-overlay__color-wrapper{width:calc(100% + 40px) !important;max-width:none !important;transform:translate3d(-40px, 0, 0);transition:transform .35s ease-in-out}.wp-block-uagb-image--effect-slide .wp-block-uagb-image__figure:hover img,.wp-block-uagb-image--effect-slide .wp-block-uagb-image__figure:hover .wp-block-uagb-image--layout-overlay__color-wrapper{transform:translate3d(0, 0, 0)}.wp-block-uagb-image--effect-grayscale img{filter:grayscale(0%);transition:.35s ease-in-out}.wp-block-uagb-image--effect-grayscale:hover img{filter:grayscale(100%)}.wp-block-uagb-image--effect-blur img{filter:blur(0);transition:.35s ease-in-out}.wp-block-uagb-image--effect-blur:hover img{filter:blur(3px)}.uagb-block-e6f939b3.wp-block-uagb-image--layout-default figure img{box-shadow: 0px 0px 0 #00000070;}.uagb-block-e6f939b3.wp-block-uagb-image .wp-block-uagb-image__figure figcaption{font-style: normal;align-self: center;}.uagb-block-e6f939b3.wp-block-uagb-image--layout-overlay figure img{box-shadow: 0px 0px 0 #00000070;}.uagb-block-e6f939b3.wp-block-uagb-image--layout-overlay .wp-block-uagb-image--layout-overlay__color-wrapper{opacity: 0.2;}.uagb-block-e6f939b3.wp-block-uagb-image--layout-overlay .wp-block-uagb-image--layout-overlay__inner{left: 15px;right: 15px;top: 15px;bottom: 15px;}.uagb-block-e6f939b3.wp-block-uagb-image--layout-overlay .wp-block-uagb-image--layout-overlay__inner .uagb-image-heading{font-style: normal;color: #fff;opacity: 1;}.uagb-block-e6f939b3.wp-block-uagb-image--layout-overlay .wp-block-uagb-image--layout-overlay__inner .uagb-image-heading a{color: #fff;}.uagb-block-e6f939b3.wp-block-uagb-image--layout-overlay .wp-block-uagb-image--layout-overlay__inner .uagb-image-caption{opacity: 0;}.uagb-block-e6f939b3.wp-block-uagb-image--layout-overlay .wp-block-uagb-image__figure:hover .wp-block-uagb-image--layout-overlay__color-wrapper{opacity: 1;}.uagb-block-e6f939b3.wp-block-uagb-image .wp-block-uagb-image--layout-overlay__inner .uagb-image-separator{width: 30%;border-top-width: 2px;border-top-color: #fff;opacity: 0;}.uagb-block-e6f939b3.wp-block-uagb-image .wp-block-uagb-image__figure img{width: px;height: auto;}.uagb-block-e6f939b3.wp-block-uagb-image .wp-block-uagb-image__figure:hover .wp-block-uagb-image--layout-overlay__inner .uagb-image-caption{opacity: 1;}.uagb-block-e6f939b3.wp-block-uagb-image .wp-block-uagb-image__figure:hover .wp-block-uagb-image--layout-overlay__inner .uagb-image-separator{opacity: 1;}.uagb-block-e6f939b3.wp-block-uagb-image--layout-default figure:hover img{box-shadow: 0px 0px 0 #00000070;}.uagb-block-e6f939b3.wp-block-uagb-image--layout-overlay figure:hover img{box-shadow: 0px 0px 0 #00000070;}@media only screen and (max-width: 976px) {.uagb-block-e6f939b3.wp-block-uagb-image .wp-block-uagb-image__figure img{width: px;height: auto;}}@media only screen and (max-width: 767px) {.uagb-block-e6f939b3.wp-block-uagb-image .wp-block-uagb-image__figure img{width: px;height: auto;}}\";s:2:\"js\";s:0:\"\";s:18:\"current_block_list\";a:13:{i:0;s:11:\"core\/search\";i:1;s:10:\"core\/group\";i:2;s:12:\"core\/heading\";i:3;s:17:\"core\/latest-posts\";i:4;s:20:\"core\/latest-comments\";i:5;s:13:\"core\/archives\";i:6;s:15:\"core\/categories\";i:7;s:14:\"core\/paragraph\";i:8;s:10:\"uagb\/image\";i:9;s:11:\"core\/spacer\";i:10;s:30:\"woocommerce\/product-categories\";i:11;s:10:\"core\/image\";i:12;s:14:\"core\/shortcode\";}s:8:\"uag_flag\";b:1;s:11:\"uag_version\";s:10:\"1777196114\";s:6:\"gfonts\";a:0:{}s:10:\"gfonts_url\";s:0:\"\";s:12:\"gfonts_files\";a:0:{}s:14:\"uag_faq_layout\";b:0;}"]},"uagb_featured_image_src":{"full":["https:\/\/www.ferberpainting.com\/wp-content\/uploads\/2025\/05\/Paint-Cleaner-5L.png",2560,2560,false],"thumbnail":["https:\/\/www.ferberpainting.com\/wp-content\/uploads\/2025\/05\/Paint-Cleaner-5L-150x150.png",150,150,true],"medium":["https:\/\/www.ferberpainting.com\/wp-content\/uploads\/2025\/05\/Paint-Cleaner-5L-300x300.png",300,300,true],"medium_large":["https:\/\/www.ferberpainting.com\/wp-content\/uploads\/2025\/05\/Paint-Cleaner-5L-768x768.png",768,768,true],"large":["https:\/\/www.ferberpainting.com\/wp-content\/uploads\/2025\/05\/Paint-Cleaner-5L-1024x1024.png",1024,1024,true],"1536x1536":["https:\/\/www.ferberpainting.com\/wp-content\/uploads\/2025\/05\/Paint-Cleaner-5L-1536x1536.png",1536,1536,true],"2048x2048":["https:\/\/www.ferberpainting.com\/wp-content\/uploads\/2025\/05\/Paint-Cleaner-5L-2048x2048.png",2048,2048,true],"trp-custom-language-flag":["https:\/\/www.ferberpainting.com\/wp-content\/uploads\/2025\/05\/Paint-Cleaner-5L-12x12.png",12,12,true],"woocommerce_thumbnail":["https:\/\/www.ferberpainting.com\/wp-content\/uploads\/2025\/05\/Paint-Cleaner-5L-300x300.png",300,300,true],"woocommerce_single":["https:\/\/www.ferberpainting.com\/wp-content\/uploads\/2025\/05\/Paint-Cleaner-5L-600x600.png",600,600,true],"woocommerce_gallery_thumbnail":["https:\/\/www.ferberpainting.com\/wp-content\/uploads\/2025\/05\/Paint-Cleaner-5L-100x100.png",100,100,true]},"uagb_author_info":{"display_name":"admin","author_link":"https:\/\/www.ferberpainting.com\/hr\/author\/"},"uagb_comment_info":8,"uagb_excerpt":"Optimal Efficiency.\u00a0This paint cleaner is designed to effectively eliminate paint residues, stains, dried brush marks, and splatters on a wide variety of surfaces. It deeply dissolves impurities without damaging treated materials, restoring their original appearance. Thanks to its powerful formula, it acts quickly on water-based, solvent-based, or varnish paints, ensuring perfect cleaning with no effort.&hellip;","_links":{"self":[{"href":"https:\/\/www.ferberpainting.com\/hr\/wp-json\/wp\/v2\/product\/24741","targetHints":{"allow":["GET"]}}],"collection":[{"href":"https:\/\/www.ferberpainting.com\/hr\/wp-json\/wp\/v2\/product"}],"about":[{"href":"https:\/\/www.ferberpainting.com\/hr\/wp-json\/wp\/v2\/types\/product"}],"replies":[{"embeddable":true,"href":"https:\/\/www.ferberpainting.com\/hr\/wp-json\/wp\/v2\/comments?post=24741"}],"version-history":[{"count":4,"href":"https:\/\/www.ferberpainting.com\/hr\/wp-json\/wp\/v2\/product\/24741\/revisions"}],"predecessor-version":[{"id":166668,"href":"https:\/\/www.ferberpainting.com\/hr\/wp-json\/wp\/v2\/product\/24741\/revisions\/166668"}],"wp:featuredmedia":[{"embeddable":true,"href":"https:\/\/www.ferberpainting.com\/hr\/wp-json\/wp\/v2\/media\/36065"}],"wp:attachment":[{"href":"https:\/\/www.ferberpainting.com\/hr\/wp-json\/wp\/v2\/media?parent=24741"}],"wp:term":[{"taxonomy":"product_brand","embeddable":true,"href":"https:\/\/www.ferberpainting.com\/hr\/wp-json\/wp\/v2\/product_brand?post=24741"},{"taxonomy":"product_cat","embeddable":true,"href":"https:\/\/www.ferberpainting.com\/hr\/wp-json\/wp\/v2\/product_cat?post=24741"},{"taxonomy":"product_tag","embeddable":true,"href":"https:\/\/www.ferberpainting.com\/hr\/wp-json\/wp\/v2\/product_tag?post=24741"}],"curies":[{"name":"radni list","href":"https:\/\/api.w.org\/{rel}","templated":true}]}}