{"id":23544,"date":"2025-05-26T10:24:42","date_gmt":"2025-05-26T08:24:42","guid":{"rendered":"https:\/\/www.ferberpainting.com\/products\/hydroponic-fertilizer\/"},"modified":"2026-02-15T19:36:25","modified_gmt":"2026-02-15T18:36:25","slug":"hydroponic-fertilizer","status":"publish","type":"product","link":"https:\/\/www.ferberpainting.com\/hr\/products\/hydroponic-fertilizer\/","title":{"rendered":"Hidroponsko gnojivo"},"content":{"rendered":"<p><strong><img decoding=\"async\" style=\"margin-right: 12px;\" src=\"https:\/\/www.ferberpainting.com\/wp-content\/uploads\/2026\/02\/Check.svg\" alt=\"\" width=\"18\" height=\"15\" \/>Gnojivo posebno dizajnirano za uzgoj bez tla i hidroponski uzgoj.<\/strong>\u00a0Hidroponski uzgoj oslanja se na preciznu hranjivu tvar, omogu\u0107uju\u0107i biljkama rast bez zemlje isklju\u010divo apsorpcijom prilago\u0111ene otopine hranjivih tvari. Ovo NPK 15-15-15 gnojivo posebno je formulirano kako bi zadovoljilo potrebe hidroponskih usjeva osiguravaju\u0107i uravnote\u017eenu opskrbu du\u0161ikom (N) za poticanje sna\u017enog vegetativnog rasta, fosforom (P) za u\u010dinkovito ukorjenjivanje i kalijem (K) za pobolj\u0161anje otpornosti i produktivnosti biljaka. Zahvaljuju\u0107i svojoj potpuno vodotopivoj teku\u0107oj formuli, osigurava optimalnu apsorpciju hranjivih tvari i brz, ravnomjeran razvoj biljaka, bez rizika od nakupljanja ostataka.<\/p>\n<p><strong><img decoding=\"async\" style=\"margin-right: 12px;\" src=\"https:\/\/www.ferberpainting.com\/wp-content\/uploads\/2026\/02\/Check.svg\" alt=\"\" width=\"18\" height=\"15\" \/>Jamstvo povrata novca.<\/strong>\u00a0Toliko smo sigurni u u\u010dinkovitost na\u0161eg hidroponskog gnojiva da nudimo jamstvo povrata novca. Ako nakon upotrebe prema preporukama va\u0161i hidroponski usjevi ne poka\u017eu pobolj\u0161anje u rastu, cvjetanju ili prinosu, obe\u0107avamo vam puni povrat novca. Ovo jamstvo omogu\u0107uje vam da kupite ovaj proizvod s potpunim mirom.<\/p>\n<p><strong><img decoding=\"async\" style=\"margin-right: 12px;\" src=\"https:\/\/www.ferberpainting.com\/wp-content\/uploads\/2026\/02\/Check.svg\" alt=\"\" width=\"18\" height=\"15\" \/>Pogodno za sve vrste usjeva i hidroponske sustave.<\/strong>\u00a0Ovo gnojivo je prikladno za sve hidroponske kulture, bilo da se radi o lisnatom povr\u0107u (zelena salata, \u0161pinat, bosiljak), plodovitom povr\u0107u (raj\u010dice, paprike, jagode), cvije\u0107u ili \u010dak sobnim biljkama uzgojenim hidroponski. Kompatibilno je sa svim hidroponskim sustavima, uklju\u010duju\u0107i sustave kontinuiranog protoka, NFT (tehnika hranjivog filma), DWC (kultura duboke vode), aeroponiku i akvaponiku. Tako\u0111er djeluje na kulture uzgojene na inertnim supstratima (kamena vuna, glineni oblutci, kokos), osiguravaju\u0107i potpunu i u\u010dinkovitu gnojidbu.<\/p>\n<p><strong><img decoding=\"async\" style=\"margin-right: 12px;\" src=\"https:\/\/www.ferberpainting.com\/wp-content\/uploads\/2026\/02\/Check.svg\" alt=\"\" width=\"18\" height=\"15\" \/>Ekonomski prinos i optimizirana gnojidba.<\/strong>\u00a0Zahvaljuju\u0107i svojoj koncentriranoj teku\u0107oj formuli, jedna posuda od 5 litara dovoljna je za pripremu do 1000 litara hranjive otopine, nude\u0107i tako produljenu i ekonomi\u010dnu gnojidbu. S dozom od 5 ml po litri vode, osigurava potpunu prehranu biljaka bez vi\u0161ka ili ispiranja, omogu\u0107uju\u0107i optimalno upravljanje resursima i pove\u0107anu profitabilnost za uzgajiva\u010de.<\/p>\n<p><strong><img decoding=\"async\" style=\"margin-right: 12px;\" src=\"https:\/\/www.ferberpainting.com\/wp-content\/uploads\/2026\/02\/Check.svg\" alt=\"\" width=\"18\" height=\"15\" \/>Sigurno gnojivo bez rizika za usjeve.<\/strong>\u00a0Za razliku od krutih gnojiva koja mogu uzrokovati naslage i ne\u017eeljene nakupine, ovo gnojivo je potpuno topivo u vodi, \u0161to osigurava nesmetan protok hranjivih tvari u hidroponskim sustavima bez rizika od za\u010depljenja pumpe ili cijevi. Ne sadr\u017ei te\u0161ke metale, otrovne aditive i komponente koje bi mogle poremetiti ravnote\u017eu otopine hranjivih tvari, \u010dime se osigurava sigurna i u\u010dinkovita gnojidba.<\/p>\n<p><strong><img decoding=\"async\" style=\"margin-right: 12px;\" src=\"https:\/\/www.ferberpainting.com\/wp-content\/uploads\/2026\/02\/Check.svg\" alt=\"\" width=\"18\" height=\"15\" \/>Jednostavno za nano\u0161enje i jednostavno za kori\u0161tenje.<\/strong>\u00a0Za razliku od tradicionalnih gnojiva koja zahtijevaju slo\u017eenu smjesu, ovo gnojivo se brzo otapa u vodi i integrira izravno u hidroponski spremnik, osiguravaju\u0107i ravnomjernu difuziju hranjivih tvari bez dodatnog napora. Idealno je i za po\u010detnike i za iskusne uzgajiva\u010de, nude\u0107i jednostavnu, brzu i u\u010dinkovitu metodu gnojidbe.<\/p>\n<p><strong><img decoding=\"async\" style=\"margin-right: 12px;\" src=\"https:\/\/www.ferberpainting.com\/wp-content\/uploads\/2026\/02\/Check.svg\" alt=\"\" width=\"18\" height=\"15\" \/>Dugotrajno djelovanje za ubrzani rast i optimiziranu proizvodnju.<\/strong>\u00a0Zahvaljuju\u0107i uravnote\u017eenoj formuli i savr\u0161enoj topljivosti, ovo gnojivo osigurava trenutno osloba\u0111anje hranjivih tvari, poti\u010du\u0107i brzi razvoj korijena, sna\u017ean vegetativni rast i obilno cvjetanje. Tako\u0111er pobolj\u0161ava sposobnost biljaka da apsorbiraju vodu i esencijalne hranjive tvari, \u010dime se pobolj\u0161ava njihova otpornost na promjene pH vrijednosti i fluktuacije u hidroponskom sustavu.<\/p>\n<p><strong><img decoding=\"async\" style=\"margin-right: 12px;\" src=\"https:\/\/www.ferberpainting.com\/wp-content\/uploads\/2026\/02\/Check.svg\" alt=\"\" width=\"18\" height=\"15\" \/>Vidljivi rezultati ve\u0107 u prvih nekoliko tjedana.<\/strong>\u00a0Ve\u0107 od prve primjene, ovo gnojivo poti\u010de stvaranje novih izdanaka, pobolj\u0161ava ukorjenjivanje i poti\u010de ravnomjeran rast. Za samo nekoliko tjedana, biljke pokazuju bujno li\u0161\u0107e, robusne stabljike te pove\u0107anu proizvodnju cvjetova i plodova.<\/p>\n<h2><strong>Protokol kori\u0161tenja<\/strong><\/h2>\n<p><strong>Razrje\u0111ivanje gnojiva <\/strong>Pomije\u0161ajte 5 ml gnojiva na 1 litru vode. Prije svake primjene dobro protresite otopinu kako biste osigurali ravnomjernu raspodjelu hranjivih tvari.<strong><br \/>\nNa\u010din primjene <\/strong>:<\/p>\n<ul>\n<li><strong>U hidroponskom sustavu <\/strong>Razrije\u0111enu otopinu dodajte izravno u spremnik hidroponskog sustava, paze\u0107i da se odr\u017ei ravnomjerna cirkulacija hranjivih tvari.<\/li>\n<li><strong>Foliarno prskanje (nije obavezno) <\/strong>Lagano poprskajte otopinu po li\u0161\u0107u za dodatnu apsorpciju, izbjegavaju\u0107i sate s visokim temperaturama kako biste ograni\u010dili isparavanje.<\/li>\n<\/ul>\n<p><strong>U\u010destalost primjene <\/strong>:<\/p>\n<ul>\n<li><strong>Za uzgoj biljaka <\/strong>Gnojivo primjenjujte tjedno kako biste osigurali brz i zdrav razvoj li\u0161\u0107a i korijenja.<\/li>\n<li><strong>Za cvjetaju\u0107e i plodonosne biljke <\/strong>Gnojivo primjenjujte svakih 10 do 15 dana, odr\u017eavaju\u0107i dobru ravnote\u017eu hranjivih tvari kako biste optimizirali proizvodnju cvije\u0107a i plodova.<\/li>\n<\/ul>\n<p><strong>Pra\u0107enje i pode\u0161avanje pH vrijednosti <\/strong>Nakon dodavanja gnojiva, provjerite i prilagodite pH vrijednost hranjive otopine kako biste je odr\u017eali unutar optimalnog raspona za hidroponski uzgoj (obi\u010dno izme\u0111u 5,5 i 6,5, ovisno o biljkama).<\/p>\n<p><strong>Odr\u017eavanje i nadzor <\/strong>Redovito \u010distite pumpe i cijevi kako biste izbjegli nakupljanje ostataka i osigurali pravilno funkcioniranje hidroponskog sustava.<\/p>\n<p><strong>Mjere opreza pri kori\u0161tenju <\/strong>Ne pretjerajte s gnojivom kako biste izbjegli vi\u0161ak mineralnih soli u otopini, \u0161to bi moglo o\u0161tetiti korijenje biljke. Proizvod \u010duvajte na suhom i umjerenom mjestu, dalje od izravne svjetlosti i vlage.<\/p>\n<p><strong>Skladi\u0161tenje i konzerviranje <\/strong>Gnojivo \u010duvajte na hladnom i suhom mjestu, \u010dvrsto zatvaraju\u0107i posudu nakon svake upotrebe kako biste sa\u010duvali njegovu kvalitetu i sprije\u010dili isparavanje.<\/p>","protected":false},"excerpt":{"rendered":"<p>A fertilizer specially designed for soilless and hydroponic cultivation.\u00a0Hydroponic cultivation relies on precise nutrient feeding, allowing plants to grow without soil by exclusively absorbing a tailored nutrient solution. This NPK 15-15-15 fertilizer has been specially formulated to meet the needs of hydroponic crops by providing a balanced supply of nitrogen (N) to promote vigorous vegetative [&hellip;]<\/p>\n","protected":false},"featured_media":26034,"comment_status":"open","ping_status":"closed","template":"","meta":{"_uag_custom_page_level_css":"","site-sidebar-layout":"default","site-content-layout":"","ast-site-content-layout":"default","site-content-style":"default","site-sidebar-style":"default","ast-global-header-display":"","ast-banner-title-visibility":"","ast-main-header-display":"","ast-hfb-above-header-display":"","ast-hfb-below-header-display":"","ast-hfb-mobile-header-display":"","site-post-title":"","ast-breadcrumbs-content":"","ast-featured-img":"","footer-sml-layout":"","ast-disable-related-posts":"","theme-transparent-header-meta":"default","adv-header-id-meta":"","stick-header-meta":"","header-above-stick-meta":"","header-main-stick-meta":"","header-below-stick-meta":"","astra-migrate-meta-layouts":"set","ast-page-background-enabled":"default","ast-page-background-meta":{"desktop":{"background-color":"var(--ast-global-color-4)","background-image":"","background-repeat":"repeat","background-position":"center center","background-size":"auto","background-attachment":"scroll","background-type":"","background-media":"","overlay-type":"","overlay-color":"","overlay-opacity":"","overlay-gradient":""},"tablet":{"background-color":"","background-image":"","background-repeat":"repeat","background-position":"center center","background-size":"auto","background-attachment":"scroll","background-type":"","background-media":"","overlay-type":"","overlay-color":"","overlay-opacity":"","overlay-gradient":""},"mobile":{"background-color":"","background-image":"","background-repeat":"repeat","background-position":"center center","background-size":"auto","background-attachment":"scroll","background-type":"","background-media":"","overlay-type":"","overlay-color":"","overlay-opacity":"","overlay-gradient":""}},"ast-content-background-meta":{"desktop":{"background-color":"var(--ast-global-color-5)","background-image":"","background-repeat":"repeat","background-position":"center center","background-size":"auto","background-attachment":"scroll","background-type":"","background-media":"","overlay-type":"","overlay-color":"","overlay-opacity":"","overlay-gradient":""},"tablet":{"background-color":"var(--ast-global-color-5)","background-image":"","background-repeat":"repeat","background-position":"center center","background-size":"auto","background-attachment":"scroll","background-type":"","background-media":"","overlay-type":"","overlay-color":"","overlay-opacity":"","overlay-gradient":""},"mobile":{"background-color":"var(--ast-global-color-5)","background-image":"","background-repeat":"repeat","background-position":"center center","background-size":"auto","background-attachment":"scroll","background-type":"","background-media":"","overlay-type":"","overlay-color":"","overlay-opacity":"","overlay-gradient":""}}},"product_brand":[],"product_cat":[178],"product_tag":[],"class_list":{"0":"post-23544","1":"product","2":"type-product","3":"status-publish","4":"has-post-thumbnail","6":"product_cat-fertilizers","7":"desktop-align-left","8":"tablet-align-left","9":"mobile-align-left","11":"first","12":"instock","13":"sale","14":"taxable","15":"shipping-taxable","16":"purchasable","17":"product-type-variable","18":"has-default-attributes"},"spectra_custom_meta":{"_visibility":["visible"],"_shopify_product_id":["9067586420981"],"_s2w_shopify_domain":["ferberpainting.myshopify.com"],"_shopify_variant_id":["46507982192885"],"_sku":[""],"_manage_stock":["no"],"total_sales":["164"],"_tax_status":["taxable"],"_tax_class":[""],"_backorders":["no"],"_sold_individually":["no"],"_virtual":["no"],"_downloadable":["no"],"_download_limit":["-1"],"_download_expiry":["-1"],"_stock":[null],"_stock_status":["instock"],"_wc_average_rating":["4.57"],"_wc_review_count":["7"],"_product_attributes":["a:1:{s:6:\"volume\";a:6:{s:4:\"name\";s:6:\"Volume\";s:5:\"value\";s:20:\"5 liters | 25 liters\";s:8:\"position\";i:1;s:10:\"is_visible\";i:0;s:12:\"is_variation\";i:1;s:11:\"is_taxonomy\";i:0;}}"],"_product_version":["10.5.1"],"_thumbnail_id":["26034"],"_product_image_gallery":["26035"],"wpse_downloadable_file_names":[""],"wpse_downloadable_file_urls":[""],"_edit_last":["1"],"_default_attributes":["a:1:{s:6:\"volume\";s:8:\"5 liters\";}"],"_edit_lock":["1771180448:1"],"_price":["29.90","129.90"],"merchant-center-availability":["yes"],"merchant-center-category":["113"],"_wp_page_template":["default"],"site-sidebar-layout":["default"],"ast-site-content-layout":["default"],"site-content-style":["default"],"site-sidebar-style":["default"],"theme-transparent-header-meta":["default"],"_wc_rating_count":["a:2:{i:4;i:3;i:5;i:4;}"],"astra-migrate-meta-layouts":["set"],"_uag_css_file_name":["uag-css-23544.css"],"_elementor_page_assets":["a:0:{}"],"_uag_page_assets":["a:9:{s:3:\"css\";s:6873:\".wp-block-uagb-image{display:flex}.wp-block-uagb-image__figure{position:relative;display:flex;flex-direction:column;max-width:100%;height:auto;margin:0}.wp-block-uagb-image__figure img{height:auto;display:flex;max-width:100%;transition:box-shadow .2s ease}.wp-block-uagb-image__figure>a{display:inline-block}.wp-block-uagb-image__figure figcaption{text-align:center;margin-top:.5em;margin-bottom:1em}.wp-block-uagb-image .components-placeholder.block-editor-media-placeholder .components-placeholder__instructions{align-self:center}.wp-block-uagb-image--align-left{text-align:left}.wp-block-uagb-image--align-right{text-align:right}.wp-block-uagb-image--align-center{text-align:center}.wp-block-uagb-image--align-full .wp-block-uagb-image__figure{margin-left:calc(50% - 50vw);margin-right:calc(50% - 50vw);max-width:100vw;width:100vw;height:auto}.wp-block-uagb-image--align-full .wp-block-uagb-image__figure img{height:auto;width:100% !important}.wp-block-uagb-image--align-wide .wp-block-uagb-image__figure img{height:auto;width:100%}.wp-block-uagb-image--layout-overlay__color-wrapper{position:absolute;left:0;top:0;right:0;bottom:0;opacity:.2;background:rgba(0,0,0,.5);transition:opacity .35s ease-in-out}.wp-block-uagb-image--layout-overlay-link{position:absolute;left:0;right:0;bottom:0;top:0}.wp-block-uagb-image--layout-overlay .wp-block-uagb-image__figure:hover .wp-block-uagb-image--layout-overlay__color-wrapper{opacity:1}.wp-block-uagb-image--layout-overlay__inner{position:absolute;left:15px;right:15px;bottom:15px;top:15px;display:flex;align-items:center;justify-content:center;flex-direction:column;border-color:#fff;transition:.35s ease-in-out}.wp-block-uagb-image--layout-overlay__inner.top-left,.wp-block-uagb-image--layout-overlay__inner.top-center,.wp-block-uagb-image--layout-overlay__inner.top-right{justify-content:flex-start}.wp-block-uagb-image--layout-overlay__inner.bottom-left,.wp-block-uagb-image--layout-overlay__inner.bottom-center,.wp-block-uagb-image--layout-overlay__inner.bottom-right{justify-content:flex-end}.wp-block-uagb-image--layout-overlay__inner.top-left,.wp-block-uagb-image--layout-overlay__inner.center-left,.wp-block-uagb-image--layout-overlay__inner.bottom-left{align-items:flex-start}.wp-block-uagb-image--layout-overlay__inner.top-right,.wp-block-uagb-image--layout-overlay__inner.center-right,.wp-block-uagb-image--layout-overlay__inner.bottom-right{align-items:flex-end}.wp-block-uagb-image--layout-overlay__inner .uagb-image-heading{color:#fff;transition:transform .35s,opacity .35s ease-in-out;transform:translate3d(0, 24px, 0);margin:0;line-height:1em}.wp-block-uagb-image--layout-overlay__inner .uagb-image-separator{width:30%;border-top-width:2px;border-top-color:#fff;border-top-style:solid;margin-bottom:10px;opacity:0;transition:transform .4s,opacity .4s ease-in-out;transform:translate3d(0, 30px, 0)}.wp-block-uagb-image--layout-overlay__inner .uagb-image-caption{opacity:0;overflow:visible;color:#fff;transition:transform .45s,opacity .45s ease-in-out;transform:translate3d(0, 35px, 0)}.wp-block-uagb-image--layout-overlay__inner:hover .uagb-image-heading,.wp-block-uagb-image--layout-overlay__inner:hover .uagb-image-separator,.wp-block-uagb-image--layout-overlay__inner:hover .uagb-image-caption{opacity:1;transform:translate3d(0, 0, 0)}.wp-block-uagb-image--effect-zoomin .wp-block-uagb-image__figure img,.wp-block-uagb-image--effect-zoomin .wp-block-uagb-image__figure .wp-block-uagb-image--layout-overlay__color-wrapper{transform:scale(1);transition:transform .35s ease-in-out}.wp-block-uagb-image--effect-zoomin .wp-block-uagb-image__figure:hover img,.wp-block-uagb-image--effect-zoomin .wp-block-uagb-image__figure:hover .wp-block-uagb-image--layout-overlay__color-wrapper{transform:scale(1.05)}.wp-block-uagb-image--effect-slide .wp-block-uagb-image__figure img,.wp-block-uagb-image--effect-slide .wp-block-uagb-image__figure .wp-block-uagb-image--layout-overlay__color-wrapper{width:calc(100% + 40px) !important;max-width:none !important;transform:translate3d(-40px, 0, 0);transition:transform .35s ease-in-out}.wp-block-uagb-image--effect-slide .wp-block-uagb-image__figure:hover img,.wp-block-uagb-image--effect-slide .wp-block-uagb-image__figure:hover .wp-block-uagb-image--layout-overlay__color-wrapper{transform:translate3d(0, 0, 0)}.wp-block-uagb-image--effect-grayscale img{filter:grayscale(0%);transition:.35s ease-in-out}.wp-block-uagb-image--effect-grayscale:hover img{filter:grayscale(100%)}.wp-block-uagb-image--effect-blur img{filter:blur(0);transition:.35s ease-in-out}.wp-block-uagb-image--effect-blur:hover img{filter:blur(3px)}.uagb-block-e6f939b3.wp-block-uagb-image--layout-default figure img{box-shadow: 0px 0px 0 #00000070;}.uagb-block-e6f939b3.wp-block-uagb-image .wp-block-uagb-image__figure figcaption{font-style: normal;align-self: center;}.uagb-block-e6f939b3.wp-block-uagb-image--layout-overlay figure img{box-shadow: 0px 0px 0 #00000070;}.uagb-block-e6f939b3.wp-block-uagb-image--layout-overlay .wp-block-uagb-image--layout-overlay__color-wrapper{opacity: 0.2;}.uagb-block-e6f939b3.wp-block-uagb-image--layout-overlay .wp-block-uagb-image--layout-overlay__inner{left: 15px;right: 15px;top: 15px;bottom: 15px;}.uagb-block-e6f939b3.wp-block-uagb-image--layout-overlay .wp-block-uagb-image--layout-overlay__inner .uagb-image-heading{font-style: normal;color: #fff;opacity: 1;}.uagb-block-e6f939b3.wp-block-uagb-image--layout-overlay .wp-block-uagb-image--layout-overlay__inner .uagb-image-heading a{color: #fff;}.uagb-block-e6f939b3.wp-block-uagb-image--layout-overlay .wp-block-uagb-image--layout-overlay__inner .uagb-image-caption{opacity: 0;}.uagb-block-e6f939b3.wp-block-uagb-image--layout-overlay .wp-block-uagb-image__figure:hover .wp-block-uagb-image--layout-overlay__color-wrapper{opacity: 1;}.uagb-block-e6f939b3.wp-block-uagb-image .wp-block-uagb-image--layout-overlay__inner .uagb-image-separator{width: 30%;border-top-width: 2px;border-top-color: #fff;opacity: 0;}.uagb-block-e6f939b3.wp-block-uagb-image .wp-block-uagb-image__figure img{width: px;height: auto;}.uagb-block-e6f939b3.wp-block-uagb-image .wp-block-uagb-image__figure:hover .wp-block-uagb-image--layout-overlay__inner .uagb-image-caption{opacity: 1;}.uagb-block-e6f939b3.wp-block-uagb-image .wp-block-uagb-image__figure:hover .wp-block-uagb-image--layout-overlay__inner .uagb-image-separator{opacity: 1;}.uagb-block-e6f939b3.wp-block-uagb-image--layout-default figure:hover img{box-shadow: 0px 0px 0 #00000070;}.uagb-block-e6f939b3.wp-block-uagb-image--layout-overlay figure:hover img{box-shadow: 0px 0px 0 #00000070;}@media only screen and (max-width: 976px) {.uagb-block-e6f939b3.wp-block-uagb-image .wp-block-uagb-image__figure img{width: px;height: auto;}}@media only screen and (max-width: 767px) {.uagb-block-e6f939b3.wp-block-uagb-image .wp-block-uagb-image__figure img{width: px;height: auto;}}\";s:2:\"js\";s:0:\"\";s:18:\"current_block_list\";a:13:{i:0;s:11:\"core\/search\";i:1;s:10:\"core\/group\";i:2;s:12:\"core\/heading\";i:3;s:17:\"core\/latest-posts\";i:4;s:20:\"core\/latest-comments\";i:5;s:13:\"core\/archives\";i:6;s:15:\"core\/categories\";i:7;s:14:\"core\/paragraph\";i:8;s:10:\"uagb\/image\";i:9;s:11:\"core\/spacer\";i:10;s:30:\"woocommerce\/product-categories\";i:11;s:10:\"core\/image\";i:12;s:14:\"core\/shortcode\";}s:8:\"uag_flag\";b:1;s:11:\"uag_version\";s:10:\"1777335816\";s:6:\"gfonts\";a:0:{}s:10:\"gfonts_url\";s:0:\"\";s:12:\"gfonts_files\";a:0:{}s:14:\"uag_faq_layout\";b:0;}"]},"uagb_featured_image_src":{"full":["https:\/\/www.ferberpainting.com\/wp-content\/uploads\/2025\/05\/HydroponicFertilizer5L.png",2560,2560,false],"thumbnail":["https:\/\/www.ferberpainting.com\/wp-content\/uploads\/2025\/05\/HydroponicFertilizer5L-150x150.png",150,150,true],"medium":["https:\/\/www.ferberpainting.com\/wp-content\/uploads\/2025\/05\/HydroponicFertilizer5L-300x300.png",300,300,true],"medium_large":["https:\/\/www.ferberpainting.com\/wp-content\/uploads\/2025\/05\/HydroponicFertilizer5L-768x768.png",768,768,true],"large":["https:\/\/www.ferberpainting.com\/wp-content\/uploads\/2025\/05\/HydroponicFertilizer5L-1024x1024.png",1024,1024,true],"1536x1536":["https:\/\/www.ferberpainting.com\/wp-content\/uploads\/2025\/05\/HydroponicFertilizer5L-1536x1536.png",1536,1536,true],"2048x2048":["https:\/\/www.ferberpainting.com\/wp-content\/uploads\/2025\/05\/HydroponicFertilizer5L-2048x2048.png",2048,2048,true],"trp-custom-language-flag":["https:\/\/www.ferberpainting.com\/wp-content\/uploads\/2025\/05\/HydroponicFertilizer5L-12x12.png",12,12,true],"woocommerce_thumbnail":["https:\/\/www.ferberpainting.com\/wp-content\/uploads\/2025\/05\/HydroponicFertilizer5L-300x300.png",300,300,true],"woocommerce_single":["https:\/\/www.ferberpainting.com\/wp-content\/uploads\/2025\/05\/HydroponicFertilizer5L-600x600.png",600,600,true],"woocommerce_gallery_thumbnail":["https:\/\/www.ferberpainting.com\/wp-content\/uploads\/2025\/05\/HydroponicFertilizer5L-100x100.png",100,100,true]},"uagb_author_info":{"display_name":"admin","author_link":"https:\/\/www.ferberpainting.com\/hr\/author\/"},"uagb_comment_info":7,"uagb_excerpt":"A fertilizer specially designed for soilless and hydroponic cultivation.\u00a0Hydroponic cultivation relies on precise nutrient feeding, allowing plants to grow without soil by exclusively absorbing a tailored nutrient solution. This NPK 15-15-15 fertilizer has been specially formulated to meet the needs of hydroponic crops by providing a balanced supply of nitrogen (N) to promote vigorous vegetative&hellip;","_links":{"self":[{"href":"https:\/\/www.ferberpainting.com\/hr\/wp-json\/wp\/v2\/product\/23544","targetHints":{"allow":["GET"]}}],"collection":[{"href":"https:\/\/www.ferberpainting.com\/hr\/wp-json\/wp\/v2\/product"}],"about":[{"href":"https:\/\/www.ferberpainting.com\/hr\/wp-json\/wp\/v2\/types\/product"}],"replies":[{"embeddable":true,"href":"https:\/\/www.ferberpainting.com\/hr\/wp-json\/wp\/v2\/comments?post=23544"}],"version-history":[{"count":4,"href":"https:\/\/www.ferberpainting.com\/hr\/wp-json\/wp\/v2\/product\/23544\/revisions"}],"predecessor-version":[{"id":166371,"href":"https:\/\/www.ferberpainting.com\/hr\/wp-json\/wp\/v2\/product\/23544\/revisions\/166371"}],"wp:featuredmedia":[{"embeddable":true,"href":"https:\/\/www.ferberpainting.com\/hr\/wp-json\/wp\/v2\/media\/26034"}],"wp:attachment":[{"href":"https:\/\/www.ferberpainting.com\/hr\/wp-json\/wp\/v2\/media?parent=23544"}],"wp:term":[{"taxonomy":"product_brand","embeddable":true,"href":"https:\/\/www.ferberpainting.com\/hr\/wp-json\/wp\/v2\/product_brand?post=23544"},{"taxonomy":"product_cat","embeddable":true,"href":"https:\/\/www.ferberpainting.com\/hr\/wp-json\/wp\/v2\/product_cat?post=23544"},{"taxonomy":"product_tag","embeddable":true,"href":"https:\/\/www.ferberpainting.com\/hr\/wp-json\/wp\/v2\/product_tag?post=23544"}],"curies":[{"name":"radni list","href":"https:\/\/api.w.org\/{rel}","templated":true}]}}