{"id":23530,"date":"2025-07-01T12:03:26","date_gmt":"2025-07-01T10:03:26","guid":{"rendered":"https:\/\/www.ferberpainting.com\/?post_type=product&#038;p=23530"},"modified":"2026-02-15T19:21:59","modified_gmt":"2026-02-15T18:21:59","slug":"hardwood-and-laminate-floor-cleaner","status":"publish","type":"product","link":"https:\/\/www.ferberpainting.com\/hr\/products\/hardwood-and-laminate-floor-cleaner\/","title":{"rendered":"\u010cista\u010d za drvene i laminatne podove"},"content":{"rendered":"<p><strong><img decoding=\"async\" style=\"margin-right: 12px;\" src=\"https:\/\/www.ferberpainting.com\/wp-content\/uploads\/2026\/02\/Check.svg\" alt=\"\" width=\"18\" height=\"15\" \/>Optimalna u\u010dinkovitost.<\/strong>\u00a0Ovo sredstvo za \u010di\u0161\u0107enje drvenih podova posebno je formulirano za u\u010dinkovito uklanjanje pra\u0161ine, mrlja, otisaka stopala i svakodnevne prljav\u0161tine. Djeluje nje\u017eno, po\u0161tuju\u0107i povr\u0161inu drva, vra\u0107aju\u0107i mu prirodni sjaj i \u010dist izgled bez ostavljanja ostataka ili tragova. Tako\u0111er je idealno za dubinsko \u010di\u0161\u0107enje kako bi se vratio izvorni izgled drvenih podova.<\/p>\n<p><strong><img decoding=\"async\" style=\"margin-right: 12px;\" src=\"https:\/\/www.ferberpainting.com\/wp-content\/uploads\/2026\/02\/Check.svg\" alt=\"\" width=\"18\" height=\"15\" \/>Zadovoljstvo zajam\u010deno ili vra\u0107amo novac.<\/strong>\u00a0Imamo potpuno povjerenje u u\u010dinkovitost na\u0161eg sredstva za \u010di\u0161\u0107enje podova. Ako nakon upotrebe niste u potpunosti zadovoljni, imate pravo na puni povrat novca. Isprobajte ovo sredstvo za \u010di\u0161\u0107enje s potpunim mirom i u\u017eivajte u savr\u0161eno \u010distim podovima, bez rizika.<\/p>\n<p><strong><img decoding=\"async\" style=\"margin-right: 12px;\" src=\"https:\/\/www.ferberpainting.com\/wp-content\/uploads\/2026\/02\/Check.svg\" alt=\"\" width=\"18\" height=\"15\" \/>Iznimna svestranost.<\/strong>\u00a0Ovo sredstvo za \u010di\u0161\u0107enje nije ograni\u010deno samo na masivne drvene podove! Tako\u0111er je kompatibilno s laminatnim podovima, vitrificiranim, uljenim, voskiranim i lakiranim parketom, a mo\u017ee se koristiti \u010dak i na nekim sirovim ili kompozitnim drvenim povr\u0161inama uz pridr\u017eavanje mjera opreza. Njegovo nje\u017eno i u\u010dinkovito djelovanje prikladno je za sve vrste drvenih podova, bez obzira na zavr\u0161nu obradu ili ton.<\/p>\n<p><strong><img decoding=\"async\" style=\"margin-right: 12px;\" src=\"https:\/\/www.ferberpainting.com\/wp-content\/uploads\/2026\/02\/Check.svg\" alt=\"\" width=\"18\" height=\"15\" \/>Isplativo.<\/strong>\u00a0Zahvaljuju\u0107i spremniku od 5 litara i visoko koncentriranoj formuli, ovo sredstvo za \u010di\u0161\u0107enje nudi izvrsnu u\u010dinkovitost. Mala koli\u010dina dovoljna je za \u010di\u0161\u0107enje velikih povr\u0161ina bez otpada. U prosjeku, 1 litra mo\u017ee o\u010distiti do 100 m\u00b2, \u0161to ga \u010dini ekonomi\u010dnim i dugotrajnim rje\u0161enjem za odr\u017eavanje drvenih podova.<\/p>\n<p><strong><img decoding=\"async\" style=\"margin-right: 12px;\" src=\"https:\/\/www.ferberpainting.com\/wp-content\/uploads\/2026\/02\/Check.svg\" alt=\"\" width=\"18\" height=\"15\" \/>Sigurno za kori\u0161tenje.<\/strong>\u00a0Za razliku od agresivnih proizvoda na tr\u017ei\u0161tu, ovo sredstvo za \u010di\u0161\u0107enje ne sadr\u017ei abrazivna otapala ili \u0161tetne tvari. Sigurno je za okoli\u0161, ne ispu\u0161ta otrovne pare i ne o\u0161te\u0107uje drvo ili za\u0161titne premaze. Tako\u0111er je prikladno za domove s djecom i ku\u0107nim ljubimcima, osiguravaju\u0107i sigurnu i mirnu upotrebu.<\/p>\n<p><strong><img decoding=\"async\" style=\"margin-right: 12px;\" src=\"https:\/\/www.ferberpainting.com\/wp-content\/uploads\/2026\/02\/Check.svg\" alt=\"\" width=\"18\" height=\"15\" \/>Jednostavnost kori\u0161tenja.<\/strong>\u00a0Ovaj proizvod je spreman za upotrebu, ne zahtijeva razrje\u0111ivanje ili pripremu. Jednostavno ga nanesite izravno na pod pomo\u0107u krpe za brisanje, vla\u017ene krpe ili spu\u017eve i ravnomjerno rasporedite. Brzo se su\u0161i bez ispiranja, \u0161to ga \u010dini jednostavnim i prakti\u010dnim za svakodnevno \u010di\u0161\u0107enje.<\/p>\n<p><strong><img decoding=\"async\" style=\"margin-right: 12px;\" src=\"https:\/\/www.ferberpainting.com\/wp-content\/uploads\/2026\/02\/Check.svg\" alt=\"\" width=\"18\" height=\"15\" \/>Dugotrajna izdr\u017eljivost.<\/strong>\u00a0U\u010dinkovitim \u010di\u0161\u0107enjem i o\u010duvanjem zavr\u0161ne obrade drva, ovaj proizvod produ\u017euje vijek trajanja va\u0161eg poda. \u0160titi od preranog tro\u0161enja, sprje\u010dava nakupljanje pra\u0161ine i prljav\u0161tine te izbjegava mikroogrebotine uzrokovane abrazivnim ostacima. Redovitom upotrebom pod ostaje u savr\u0161enom stanju dugi niz godina.<\/p>\n<p><strong><img decoding=\"async\" style=\"margin-right: 12px;\" src=\"https:\/\/www.ferberpainting.com\/wp-content\/uploads\/2026\/02\/Check.svg\" alt=\"\" width=\"18\" height=\"15\" \/>Brza akcija.<\/strong>\u00a0Svojom visoko reaktivnom formulom, ovo sredstvo za \u010di\u0161\u0107enje trenuta\u010dno djeluje na prljav\u0161tinu i mrlje. Samo nekoliko poteza dovoljno je za \u010dist i sjajan pod uz minimalan napor. Brzo su\u0161enje sprje\u010dava tragove i omogu\u0107uje trenutnu upotrebu o\u010di\u0161\u0107enog podru\u010dja.<\/p>\n<h2><strong>Upute za uporabu<\/strong><\/h2>\n<ul>\n<li><strong>Priprema <\/strong>Prije nano\u0161enja proizvoda provjerite je li pod bez pra\u0161ine pomo\u0107u metle ili usisava\u010da.<\/li>\n<li><strong>Primjena <\/strong>: Ulijte malu koli\u010dinu sredstva za \u010di\u0161\u0107enje izravno na krpu za brisanje, spu\u017evu ili vla\u017enu krpu.<\/li>\n<li><strong>\u010ci\u0161\u0107enje <\/strong>Ravnomjerno obri\u0161ite povr\u0161inu redovitim pokretima naprijed-natrag, primjenjuju\u0107i malo ja\u010di pritisak na jako zaprljana podru\u010dja.<\/li>\n<li><strong>Su\u0161enje <\/strong>Ostavite da se prirodno osu\u0161i na zraku, bez ispiranja. Njegova formula bez ostataka trenuta\u010dno vra\u0107a sjaj podu.<\/li>\n<li><strong>Redovito odr\u017eavanje <\/strong>Koristite ovo sredstvo za \u010di\u0161\u0107enje jednom ili dva puta tjedno kako biste podove odr\u017eali \u010distima i za\u0161titili ih od vanjskog tro\u0161enja.<\/li>\n<li><strong>Pohrana <\/strong>\u010cvrsto zatvorite bo\u010dicu nakon svake upotrebe i \u010duvajte na hladnom i suhom mjestu, dalje od svjetlosti i ekstremnih temperatura, kako biste sa\u010duvali u\u010dinkovitost.<\/li>\n<\/ul>\n<p>S na\u0161im sredstvom za \u010di\u0161\u0107enje drvenih podova, pru\u017eite svojim podovima optimalnu njegu, jednostavno \u010di\u0161\u0107enje i dugotrajnu za\u0161titu za vje\u010dno blistave drvene povr\u0161ine.<\/p>","protected":false},"excerpt":{"rendered":"<p>Optimal effectiveness.\u00a0This wood floor cleaner is specially formulated to effectively eliminate dust, stains, footprints, and daily grime. It works gently while respecting the surface of the wood, restoring its natural shine and clean appearance without leaving any residue or streaks. It is also ideal for deep cleaning routines to restore the original look of wooden [&hellip;]<\/p>\n","protected":false},"featured_media":36287,"comment_status":"open","ping_status":"closed","template":"","meta":{"_uag_custom_page_level_css":"","site-sidebar-layout":"default","site-content-layout":"","ast-site-content-layout":"default","site-content-style":"default","site-sidebar-style":"default","ast-global-header-display":"","ast-banner-title-visibility":"","ast-main-header-display":"","ast-hfb-above-header-display":"","ast-hfb-below-header-display":"","ast-hfb-mobile-header-display":"","site-post-title":"","ast-breadcrumbs-content":"","ast-featured-img":"","footer-sml-layout":"","ast-disable-related-posts":"","theme-transparent-header-meta":"default","adv-header-id-meta":"","stick-header-meta":"","header-above-stick-meta":"","header-main-stick-meta":"","header-below-stick-meta":"","astra-migrate-meta-layouts":"set","ast-page-background-enabled":"default","ast-page-background-meta":{"desktop":{"background-color":"var(--ast-global-color-4)","background-image":"","background-repeat":"repeat","background-position":"center center","background-size":"auto","background-attachment":"scroll","background-type":"","background-media":"","overlay-type":"","overlay-color":"","overlay-opacity":"","overlay-gradient":""},"tablet":{"background-color":"","background-image":"","background-repeat":"repeat","background-position":"center center","background-size":"auto","background-attachment":"scroll","background-type":"","background-media":"","overlay-type":"","overlay-color":"","overlay-opacity":"","overlay-gradient":""},"mobile":{"background-color":"","background-image":"","background-repeat":"repeat","background-position":"center center","background-size":"auto","background-attachment":"scroll","background-type":"","background-media":"","overlay-type":"","overlay-color":"","overlay-opacity":"","overlay-gradient":""}},"ast-content-background-meta":{"desktop":{"background-color":"var(--ast-global-color-5)","background-image":"","background-repeat":"repeat","background-position":"center center","background-size":"auto","background-attachment":"scroll","background-type":"","background-media":"","overlay-type":"","overlay-color":"","overlay-opacity":"","overlay-gradient":""},"tablet":{"background-color":"var(--ast-global-color-5)","background-image":"","background-repeat":"repeat","background-position":"center center","background-size":"auto","background-attachment":"scroll","background-type":"","background-media":"","overlay-type":"","overlay-color":"","overlay-opacity":"","overlay-gradient":""},"mobile":{"background-color":"var(--ast-global-color-5)","background-image":"","background-repeat":"repeat","background-position":"center center","background-size":"auto","background-attachment":"scroll","background-type":"","background-media":"","overlay-type":"","overlay-color":"","overlay-opacity":"","overlay-gradient":""}}},"product_brand":[],"product_cat":[175],"product_tag":[],"class_list":{"0":"post-23530","1":"product","2":"type-product","3":"status-publish","4":"has-post-thumbnail","6":"product_cat-cleaning-products","7":"desktop-align-left","8":"tablet-align-left","9":"mobile-align-left","11":"first","12":"instock","13":"sale","14":"taxable","15":"shipping-taxable","16":"purchasable","17":"product-type-variable","18":"has-default-attributes"},"spectra_custom_meta":{"_visibility":["visible"],"_shopify_product_id":["9101801390325"],"_s2w_shopify_domain":["ferberpainting.myshopify.com"],"_shopify_variant_id":["46613490172149"],"_sku":[""],"_manage_stock":["no"],"total_sales":["10"],"_tax_status":["taxable"],"_tax_class":[""],"_backorders":["no"],"_sold_individually":["no"],"_virtual":["no"],"_downloadable":["no"],"_download_limit":["-1"],"_download_expiry":["-1"],"_stock":[null],"_stock_status":["instock"],"_wc_average_rating":["5.00"],"_wc_review_count":["32"],"_product_attributes":["a:1:{s:6:\"volume\";a:6:{s:4:\"name\";s:6:\"Volume\";s:5:\"value\";s:20:\"5 liters | 25 liters\";s:8:\"position\";i:1;s:10:\"is_visible\";i:0;s:12:\"is_variation\";i:1;s:11:\"is_taxonomy\";i:0;}}"],"_product_version":["10.5.1"],"wpse_downloadable_file_names":[""],"wpse_downloadable_file_urls":[""],"_edit_last":["1"],"_default_attributes":["a:1:{s:6:\"volume\";s:8:\"5 liters\";}"],"_edit_lock":["1771179594:1"],"_price":["29.90","129.90"],"merchant-center-availability":["yes"],"merchant-center-category":["4977"],"_thumbnail_id":["36287"],"_wp_page_template":["default"],"_wp_old_date":["2025-05-26"],"_product_image_gallery":["36288"],"site-sidebar-layout":["default"],"ast-site-content-layout":["default"],"site-content-style":["default"],"site-sidebar-style":["default"],"theme-transparent-header-meta":["default"],"_wc_rating_count":["a:1:{i:5;i:32;}"],"astra-migrate-meta-layouts":["set"],"_uag_css_file_name":["uag-css-23530.css"],"_elementor_page_assets":["a:0:{}"],"_uag_page_assets":["a:9:{s:3:\"css\";s:6873:\".wp-block-uagb-image{display:flex}.wp-block-uagb-image__figure{position:relative;display:flex;flex-direction:column;max-width:100%;height:auto;margin:0}.wp-block-uagb-image__figure img{height:auto;display:flex;max-width:100%;transition:box-shadow .2s ease}.wp-block-uagb-image__figure>a{display:inline-block}.wp-block-uagb-image__figure figcaption{text-align:center;margin-top:.5em;margin-bottom:1em}.wp-block-uagb-image .components-placeholder.block-editor-media-placeholder .components-placeholder__instructions{align-self:center}.wp-block-uagb-image--align-left{text-align:left}.wp-block-uagb-image--align-right{text-align:right}.wp-block-uagb-image--align-center{text-align:center}.wp-block-uagb-image--align-full .wp-block-uagb-image__figure{margin-left:calc(50% - 50vw);margin-right:calc(50% - 50vw);max-width:100vw;width:100vw;height:auto}.wp-block-uagb-image--align-full .wp-block-uagb-image__figure img{height:auto;width:100% !important}.wp-block-uagb-image--align-wide .wp-block-uagb-image__figure img{height:auto;width:100%}.wp-block-uagb-image--layout-overlay__color-wrapper{position:absolute;left:0;top:0;right:0;bottom:0;opacity:.2;background:rgba(0,0,0,.5);transition:opacity .35s ease-in-out}.wp-block-uagb-image--layout-overlay-link{position:absolute;left:0;right:0;bottom:0;top:0}.wp-block-uagb-image--layout-overlay .wp-block-uagb-image__figure:hover .wp-block-uagb-image--layout-overlay__color-wrapper{opacity:1}.wp-block-uagb-image--layout-overlay__inner{position:absolute;left:15px;right:15px;bottom:15px;top:15px;display:flex;align-items:center;justify-content:center;flex-direction:column;border-color:#fff;transition:.35s ease-in-out}.wp-block-uagb-image--layout-overlay__inner.top-left,.wp-block-uagb-image--layout-overlay__inner.top-center,.wp-block-uagb-image--layout-overlay__inner.top-right{justify-content:flex-start}.wp-block-uagb-image--layout-overlay__inner.bottom-left,.wp-block-uagb-image--layout-overlay__inner.bottom-center,.wp-block-uagb-image--layout-overlay__inner.bottom-right{justify-content:flex-end}.wp-block-uagb-image--layout-overlay__inner.top-left,.wp-block-uagb-image--layout-overlay__inner.center-left,.wp-block-uagb-image--layout-overlay__inner.bottom-left{align-items:flex-start}.wp-block-uagb-image--layout-overlay__inner.top-right,.wp-block-uagb-image--layout-overlay__inner.center-right,.wp-block-uagb-image--layout-overlay__inner.bottom-right{align-items:flex-end}.wp-block-uagb-image--layout-overlay__inner .uagb-image-heading{color:#fff;transition:transform .35s,opacity .35s ease-in-out;transform:translate3d(0, 24px, 0);margin:0;line-height:1em}.wp-block-uagb-image--layout-overlay__inner .uagb-image-separator{width:30%;border-top-width:2px;border-top-color:#fff;border-top-style:solid;margin-bottom:10px;opacity:0;transition:transform .4s,opacity .4s ease-in-out;transform:translate3d(0, 30px, 0)}.wp-block-uagb-image--layout-overlay__inner .uagb-image-caption{opacity:0;overflow:visible;color:#fff;transition:transform .45s,opacity .45s ease-in-out;transform:translate3d(0, 35px, 0)}.wp-block-uagb-image--layout-overlay__inner:hover .uagb-image-heading,.wp-block-uagb-image--layout-overlay__inner:hover .uagb-image-separator,.wp-block-uagb-image--layout-overlay__inner:hover .uagb-image-caption{opacity:1;transform:translate3d(0, 0, 0)}.wp-block-uagb-image--effect-zoomin .wp-block-uagb-image__figure img,.wp-block-uagb-image--effect-zoomin .wp-block-uagb-image__figure .wp-block-uagb-image--layout-overlay__color-wrapper{transform:scale(1);transition:transform .35s ease-in-out}.wp-block-uagb-image--effect-zoomin .wp-block-uagb-image__figure:hover img,.wp-block-uagb-image--effect-zoomin .wp-block-uagb-image__figure:hover .wp-block-uagb-image--layout-overlay__color-wrapper{transform:scale(1.05)}.wp-block-uagb-image--effect-slide .wp-block-uagb-image__figure img,.wp-block-uagb-image--effect-slide .wp-block-uagb-image__figure .wp-block-uagb-image--layout-overlay__color-wrapper{width:calc(100% + 40px) !important;max-width:none !important;transform:translate3d(-40px, 0, 0);transition:transform .35s ease-in-out}.wp-block-uagb-image--effect-slide .wp-block-uagb-image__figure:hover img,.wp-block-uagb-image--effect-slide .wp-block-uagb-image__figure:hover .wp-block-uagb-image--layout-overlay__color-wrapper{transform:translate3d(0, 0, 0)}.wp-block-uagb-image--effect-grayscale img{filter:grayscale(0%);transition:.35s ease-in-out}.wp-block-uagb-image--effect-grayscale:hover img{filter:grayscale(100%)}.wp-block-uagb-image--effect-blur img{filter:blur(0);transition:.35s ease-in-out}.wp-block-uagb-image--effect-blur:hover img{filter:blur(3px)}.uagb-block-e6f939b3.wp-block-uagb-image--layout-default figure img{box-shadow: 0px 0px 0 #00000070;}.uagb-block-e6f939b3.wp-block-uagb-image .wp-block-uagb-image__figure figcaption{font-style: normal;align-self: center;}.uagb-block-e6f939b3.wp-block-uagb-image--layout-overlay figure img{box-shadow: 0px 0px 0 #00000070;}.uagb-block-e6f939b3.wp-block-uagb-image--layout-overlay .wp-block-uagb-image--layout-overlay__color-wrapper{opacity: 0.2;}.uagb-block-e6f939b3.wp-block-uagb-image--layout-overlay .wp-block-uagb-image--layout-overlay__inner{left: 15px;right: 15px;top: 15px;bottom: 15px;}.uagb-block-e6f939b3.wp-block-uagb-image--layout-overlay .wp-block-uagb-image--layout-overlay__inner .uagb-image-heading{font-style: normal;color: #fff;opacity: 1;}.uagb-block-e6f939b3.wp-block-uagb-image--layout-overlay .wp-block-uagb-image--layout-overlay__inner .uagb-image-heading a{color: #fff;}.uagb-block-e6f939b3.wp-block-uagb-image--layout-overlay .wp-block-uagb-image--layout-overlay__inner .uagb-image-caption{opacity: 0;}.uagb-block-e6f939b3.wp-block-uagb-image--layout-overlay .wp-block-uagb-image__figure:hover .wp-block-uagb-image--layout-overlay__color-wrapper{opacity: 1;}.uagb-block-e6f939b3.wp-block-uagb-image .wp-block-uagb-image--layout-overlay__inner .uagb-image-separator{width: 30%;border-top-width: 2px;border-top-color: #fff;opacity: 0;}.uagb-block-e6f939b3.wp-block-uagb-image .wp-block-uagb-image__figure img{width: px;height: auto;}.uagb-block-e6f939b3.wp-block-uagb-image .wp-block-uagb-image__figure:hover .wp-block-uagb-image--layout-overlay__inner .uagb-image-caption{opacity: 1;}.uagb-block-e6f939b3.wp-block-uagb-image .wp-block-uagb-image__figure:hover .wp-block-uagb-image--layout-overlay__inner .uagb-image-separator{opacity: 1;}.uagb-block-e6f939b3.wp-block-uagb-image--layout-default figure:hover img{box-shadow: 0px 0px 0 #00000070;}.uagb-block-e6f939b3.wp-block-uagb-image--layout-overlay figure:hover img{box-shadow: 0px 0px 0 #00000070;}@media only screen and (max-width: 976px) {.uagb-block-e6f939b3.wp-block-uagb-image .wp-block-uagb-image__figure img{width: px;height: auto;}}@media only screen and (max-width: 767px) {.uagb-block-e6f939b3.wp-block-uagb-image .wp-block-uagb-image__figure img{width: px;height: auto;}}\";s:2:\"js\";s:0:\"\";s:18:\"current_block_list\";a:13:{i:0;s:11:\"core\/search\";i:1;s:10:\"core\/group\";i:2;s:12:\"core\/heading\";i:3;s:17:\"core\/latest-posts\";i:4;s:20:\"core\/latest-comments\";i:5;s:13:\"core\/archives\";i:6;s:15:\"core\/categories\";i:7;s:14:\"core\/paragraph\";i:8;s:10:\"uagb\/image\";i:9;s:11:\"core\/spacer\";i:10;s:30:\"woocommerce\/product-categories\";i:11;s:10:\"core\/image\";i:12;s:14:\"core\/shortcode\";}s:8:\"uag_flag\";b:1;s:11:\"uag_version\";s:10:\"1777235237\";s:6:\"gfonts\";a:0:{}s:10:\"gfonts_url\";s:0:\"\";s:12:\"gfonts_files\";a:0:{}s:14:\"uag_faq_layout\";b:0;}"]},"uagb_featured_image_src":{"full":["https:\/\/www.ferberpainting.com\/wp-content\/uploads\/2025\/05\/Hardwood-and-Laminate-Floor-Cleaner-5L-Mockup-.png",2560,2560,false],"thumbnail":["https:\/\/www.ferberpainting.com\/wp-content\/uploads\/2025\/05\/Hardwood-and-Laminate-Floor-Cleaner-5L-Mockup--150x150.png",150,150,true],"medium":["https:\/\/www.ferberpainting.com\/wp-content\/uploads\/2025\/05\/Hardwood-and-Laminate-Floor-Cleaner-5L-Mockup--300x300.png",300,300,true],"medium_large":["https:\/\/www.ferberpainting.com\/wp-content\/uploads\/2025\/05\/Hardwood-and-Laminate-Floor-Cleaner-5L-Mockup--768x768.png",768,768,true],"large":["https:\/\/www.ferberpainting.com\/wp-content\/uploads\/2025\/05\/Hardwood-and-Laminate-Floor-Cleaner-5L-Mockup--1024x1024.png",1024,1024,true],"1536x1536":["https:\/\/www.ferberpainting.com\/wp-content\/uploads\/2025\/05\/Hardwood-and-Laminate-Floor-Cleaner-5L-Mockup--1536x1536.png",1536,1536,true],"2048x2048":["https:\/\/www.ferberpainting.com\/wp-content\/uploads\/2025\/05\/Hardwood-and-Laminate-Floor-Cleaner-5L-Mockup--2048x2048.png",2048,2048,true],"trp-custom-language-flag":["https:\/\/www.ferberpainting.com\/wp-content\/uploads\/2025\/05\/Hardwood-and-Laminate-Floor-Cleaner-5L-Mockup--12x12.png",12,12,true],"woocommerce_thumbnail":["https:\/\/www.ferberpainting.com\/wp-content\/uploads\/2025\/05\/Hardwood-and-Laminate-Floor-Cleaner-5L-Mockup--300x300.png",300,300,true],"woocommerce_single":["https:\/\/www.ferberpainting.com\/wp-content\/uploads\/2025\/05\/Hardwood-and-Laminate-Floor-Cleaner-5L-Mockup--600x600.png",600,600,true],"woocommerce_gallery_thumbnail":["https:\/\/www.ferberpainting.com\/wp-content\/uploads\/2025\/05\/Hardwood-and-Laminate-Floor-Cleaner-5L-Mockup--100x100.png",100,100,true]},"uagb_author_info":{"display_name":"admin","author_link":"https:\/\/www.ferberpainting.com\/hr\/author\/"},"uagb_comment_info":32,"uagb_excerpt":"Optimal effectiveness.\u00a0This wood floor cleaner is specially formulated to effectively eliminate dust, stains, footprints, and daily grime. It works gently while respecting the surface of the wood, restoring its natural shine and clean appearance without leaving any residue or streaks. It is also ideal for deep cleaning routines to restore the original look of wooden&hellip;","_links":{"self":[{"href":"https:\/\/www.ferberpainting.com\/hr\/wp-json\/wp\/v2\/product\/23530","targetHints":{"allow":["GET"]}}],"collection":[{"href":"https:\/\/www.ferberpainting.com\/hr\/wp-json\/wp\/v2\/product"}],"about":[{"href":"https:\/\/www.ferberpainting.com\/hr\/wp-json\/wp\/v2\/types\/product"}],"replies":[{"embeddable":true,"href":"https:\/\/www.ferberpainting.com\/hr\/wp-json\/wp\/v2\/comments?post=23530"}],"version-history":[{"count":4,"href":"https:\/\/www.ferberpainting.com\/hr\/wp-json\/wp\/v2\/product\/23530\/revisions"}],"predecessor-version":[{"id":166355,"href":"https:\/\/www.ferberpainting.com\/hr\/wp-json\/wp\/v2\/product\/23530\/revisions\/166355"}],"wp:featuredmedia":[{"embeddable":true,"href":"https:\/\/www.ferberpainting.com\/hr\/wp-json\/wp\/v2\/media\/36287"}],"wp:attachment":[{"href":"https:\/\/www.ferberpainting.com\/hr\/wp-json\/wp\/v2\/media?parent=23530"}],"wp:term":[{"taxonomy":"product_brand","embeddable":true,"href":"https:\/\/www.ferberpainting.com\/hr\/wp-json\/wp\/v2\/product_brand?post=23530"},{"taxonomy":"product_cat","embeddable":true,"href":"https:\/\/www.ferberpainting.com\/hr\/wp-json\/wp\/v2\/product_cat?post=23530"},{"taxonomy":"product_tag","embeddable":true,"href":"https:\/\/www.ferberpainting.com\/hr\/wp-json\/wp\/v2\/product_tag?post=23530"}],"curies":[{"name":"radni list","href":"https:\/\/api.w.org\/{rel}","templated":true}]}}