{"id":23501,"date":"2025-07-01T12:15:25","date_gmt":"2025-07-01T10:15:25","guid":{"rendered":"https:\/\/www.ferberpainting.com\/?post_type=product&#038;p=23490"},"modified":"2026-02-15T15:32:55","modified_gmt":"2026-02-15T14:32:55","slug":"granite-water-repellent","status":"publish","type":"product","link":"https:\/\/www.ferberpainting.com\/hr\/products\/granite-water-repellent\/","title":{"rendered":"Hidrofobni premaz za granit"},"content":{"rendered":"<p><img decoding=\"async\" style=\"margin-right: 12px;\" src=\"https:\/\/www.ferberpainting.com\/wp-content\/uploads\/2026\/02\/Check.svg\" alt=\"\" width=\"18\" height=\"15\" \/><strong>Iznimna za\u0161tita za granit.<\/strong>\u00a0Hidroizolacija granita posebno je formulirana kako bi pru\u017eila optimalnu za\u0161titu od vlage, prodiranja vode i mrlja na granitnim povr\u0161inama. Ovaj proizvod stvara nevidljivu barijeru koja sprje\u010dava prodiranje vode, a istovremeno omogu\u0107uje materijalu da di\u0161e, \u010dime se \u010duva njegov izgled i struktura. Posebno je prikladan za vanjske povr\u0161ine poput prilaza, terasa, stepenica ili granitnih radnih plo\u010da.<\/p>\n<p><img decoding=\"async\" style=\"margin-right: 12px;\" src=\"https:\/\/www.ferberpainting.com\/wp-content\/uploads\/2026\/02\/Check.svg\" alt=\"\" width=\"18\" height=\"15\" \/><strong>Jamstvo povrata novca.<\/strong>\u00a0Uvjereni smo u u\u010dinkovitost na\u0161eg hidroizolacijskog sredstva za granit. Ako niste u potpunosti zadovoljni rezultatima, nudimo jamstvo zadovoljstva ili puni povrat novca. Dakle, ako proizvod ne ispunjava va\u0161a o\u010dekivanja, mo\u017eete zatra\u017eiti povrat novca, \u0161to vam omogu\u0107uje kupnju s potpunim mirom.<\/p>\n<p><img decoding=\"async\" style=\"margin-right: 12px;\" src=\"https:\/\/www.ferberpainting.com\/wp-content\/uploads\/2026\/02\/Check.svg\" alt=\"\" width=\"18\" height=\"15\" \/><strong>Vi\u0161enamjenski za granitne materijale.<\/strong>\u00a0Ovaj proizvod je posebno dizajniran za granit, ali se mo\u017ee koristiti i na sli\u010dnim kamenim povr\u0161inama poput mramora ili kvarca. Idealan je za za\u0161titu \u0161irokog raspona prirodnih kamenih materijala, posebno onih koji se koriste u vanjskom ure\u0111enju okoli\u0161a ili unutarnjim zavr\u0161nim obradama poput kuhinja i kupaonica. Vodootpornost \u0161titi od mrlja od masno\u0107e, ulja i vode, odr\u017eavaju\u0107i prirodni izgled granita bez promjene njegove boje.<\/p>\n<p><img decoding=\"async\" style=\"margin-right: 12px;\" src=\"https:\/\/www.ferberpainting.com\/wp-content\/uploads\/2026\/02\/Check.svg\" alt=\"\" width=\"18\" height=\"15\" \/><strong>Ekonomi\u010dne performanse.<\/strong>\u00a0Hidroizolacija granita nudi izvrstan prinos. S jednom litrom proizvoda mo\u017eete prekriti otprilike 8 do 10 m\u00b2 povr\u0161ine, ovisno o poroznosti materijala. Spremnik od 5 litara mo\u017ee tretirati do 50 m\u00b2, nude\u0107i ekonomi\u010dno rje\u0161enje za za\u0161titu velikih povr\u0161ina jednom primjenom.<\/p>\n<p><img decoding=\"async\" style=\"margin-right: 12px;\" src=\"https:\/\/www.ferberpainting.com\/wp-content\/uploads\/2026\/02\/Check.svg\" alt=\"\" width=\"18\" height=\"15\" \/><strong>Sef.<\/strong>\u00a0Dizajniran da bude siguran, ovaj hidroizolacijski premaz ne sadr\u017ei otrovne ili \u0161tetne tvari. Mo\u017ee se sigurno koristiti \u010dak i u osjetljivim okru\u017eenjima poput kuhinja ili vanjskih prostora. \u0160tovi\u0161e, ne ispu\u0161ta jake pare i ne predstavlja zdravstveni rizik kada se koristi prema uputama.<\/p>\n<p><img decoding=\"async\" style=\"margin-right: 12px;\" src=\"https:\/\/www.ferberpainting.com\/wp-content\/uploads\/2026\/02\/Check.svg\" alt=\"\" width=\"18\" height=\"15\" \/><strong>Jednostavno za nano\u0161enje.<\/strong>\u00a0Ovaj proizvod je izuzetno jednostavan za kori\u0161tenje. Spreman je za upotrebu, ne treba ga razrje\u0111ivati, \u0161to \u0161tedi znatno vrijeme. Mo\u017ee se nanositi raspr\u0161iva\u010dem, \u010detkom ili valjkom. Njegova teku\u0107a formula omogu\u0107uje ravnomjerno nano\u0161enje \u010dak i na neravnim povr\u0161inama, osiguravaju\u0107i optimalnu pokrivenost bez ostavljanja tragova.<\/p>\n<p><img decoding=\"async\" style=\"margin-right: 12px;\" src=\"https:\/\/www.ferberpainting.com\/wp-content\/uploads\/2026\/02\/Check.svg\" alt=\"\" width=\"18\" height=\"15\" \/><strong>Izdr\u017eljiv.<\/strong>\u00a0Hidroizolacija granita napravljena je da traje. Nakon nano\u0161enja, stvara za\u0161titni sloj koji je otporan na vremenske uvjete, UV zrake i uobi\u010dajene kemijske agense. \u0160titi povr\u0161ine nekoliko godina, smanjuju\u0107i potrebu za \u010destim ponovnim nano\u0161enjem. Njegova trajnost poma\u017ee u o\u010duvanju prirodnog izgleda granita, a istovremeno smanjuje dugoro\u010dne tro\u0161kove odr\u017eavanja.<\/p>\n<p><img decoding=\"async\" style=\"margin-right: 12px;\" src=\"https:\/\/www.ferberpainting.com\/wp-content\/uploads\/2026\/02\/Check.svg\" alt=\"\" width=\"18\" height=\"15\" \/><strong>Brzo su\u0161enje.<\/strong>\u00a0Ovaj proizvod nije samo u\u010dinkovit, ve\u0107 se i brzo su\u0161i. Ovisno o klimatskim uvjetima, su\u0161i se na dodir za otprilike 1 do 2 sata. Me\u0111utim, kako bismo osigurali optimalnu za\u0161titu i potpuno prodiranje u granit, preporu\u010dujemo pri\u010dekati oko 24 sata prije izlaganja povr\u0161ine vlazi ili vodi. Ovo brzo su\u0161enje omogu\u0107uje u\u010dinkovitu primjenu bez ometanja normalne upotrebe tretiranih povr\u0161ina.<\/p>\n<h2><strong>Protokol kori\u0161tenja<\/strong><\/h2>\n<ul>\n<li><strong>Priprema povr\u0161ine <\/strong>Prije nano\u0161enja hidroizolacije za granit, provjerite je li povr\u0161ina \u010dista i suha. O\u010distite povr\u0161ine blagim deterd\u017eentom i mekom \u010detkom ili krpom. Uklonite svu prljav\u0161tinu, pra\u0161inu, mahovinu ili plijesan. Za tvrdokorne mrlje mo\u017ee se koristiti sredstvo za \u010di\u0161\u0107enje posebno za granit. Nakon \u010di\u0161\u0107enja, pustite da se povr\u0161ina potpuno osu\u0161i prije nano\u0161enja hidroizolacije.<\/li>\n<li><strong>Primjena proizvoda <\/strong>Hidroizolacija je spremna za upotrebu i ne zahtijeva razrje\u0111ivanje. Nanesite prskalicom, \u010detkom ili valjkom, ovisno o veli\u010dini povr\u0161ine. Za ravnomjerno nano\u0161enje, nanesite tanke slojeve i osigurajte potpunu pokrivenost. Posebno se usredoto\u010dite na spojeve i rubove, koji su \u010desto najosjetljiviji na prodiranje vode. Ravnomjerno rasporedite proizvod kako biste izbjegli nakupljanje i osigurali \u010distu zavr\u0161nu obradu.<\/li>\n<li><strong>Iznos za kori\u0161tenje <\/strong>Iskoristivost hidroizolacije ovisi o poroznosti granita. U prosjeku, 1 litra proizvoda pokriva izme\u0111u 8 i 10 m\u00b2. Spremnik od 5 litara dovoljan je za tretiranje 40 do 50 m\u00b2, ovisno o stanju povr\u0161ine. Ako se nanosi drugi sloj, potro\u0161nja proizvoda bit \u0107e ne\u0161to ve\u0107a.<\/li>\n<li><strong>Vrijeme su\u0161enja <\/strong>Nakon nano\u0161enja, proizvod se su\u0161i na dodir za otprilike 1 do 2 sata. Me\u0111utim, kako bi se osigurala optimalna za\u0161tita i prodiranje, preporu\u010duje se pri\u010dekati 24 sata prije izlaganja povr\u0161ine vodi ili visokoj vla\u017enosti. Ovo razdoblje tako\u0111er poma\u017ee u maksimiziranju trajnosti za\u0161tite.<\/li>\n<li><strong>Ponovna primjena <\/strong>Ovisno o vremenskim uvjetima i prirodnom tro\u0161enju, hidroizolaciju granita mo\u017eda \u0107e trebati ponovno nanijeti svake 2 do 5 godina. Da biste to u\u010dinili, ponovno o\u010distite povr\u0161inu i nanesite novi sloj hidroizolacije. Ova ponovna nanos osigurava kontinuiranu za\u0161titu od vlage, mrlja i prljav\u0161tine.<\/li>\n<li><strong>Odr\u017eavanje tretirane povr\u0161ine <\/strong>Nakon nano\u0161enja tretmana, granit postaje otporniji na mrlje i vodu. Za rutinsko \u010di\u0161\u0107enje, obri\u0161ite povr\u0161inu mekom, neabrazivnom krpom ili spu\u017evom. Izbjegavajte jake kemikalije koje bi mogle o\u0161tetiti za\u0161titni sloj. Jednostavno ispiranje mlakom vodom dovoljno je za o\u010duvanje izgleda i integriteta tretiranog granita.<\/li>\n<\/ul>","protected":false},"excerpt":{"rendered":"<p>Exceptional protection for granite.\u00a0The granite waterproofer is specially formulated to provide optimal protection against moisture, water infiltration, and stains on granite surfaces. This product creates an invisible barrier that prevents water from penetrating while allowing the material to breathe, thereby preserving its appearance and structure. It is particularly suitable for outdoor surfaces such as driveways, [&hellip;]<\/p>\n","protected":false},"featured_media":36308,"comment_status":"open","ping_status":"closed","template":"","meta":{"_uag_custom_page_level_css":"","site-sidebar-layout":"default","site-content-layout":"","ast-site-content-layout":"default","site-content-style":"default","site-sidebar-style":"default","ast-global-header-display":"","ast-banner-title-visibility":"","ast-main-header-display":"","ast-hfb-above-header-display":"","ast-hfb-below-header-display":"","ast-hfb-mobile-header-display":"","site-post-title":"","ast-breadcrumbs-content":"","ast-featured-img":"","footer-sml-layout":"","ast-disable-related-posts":"","theme-transparent-header-meta":"default","adv-header-id-meta":"","stick-header-meta":"","header-above-stick-meta":"","header-main-stick-meta":"","header-below-stick-meta":"","astra-migrate-meta-layouts":"set","ast-page-background-enabled":"default","ast-page-background-meta":{"desktop":{"background-color":"var(--ast-global-color-4)","background-image":"","background-repeat":"repeat","background-position":"center center","background-size":"auto","background-attachment":"scroll","background-type":"","background-media":"","overlay-type":"","overlay-color":"","overlay-opacity":"","overlay-gradient":""},"tablet":{"background-color":"","background-image":"","background-repeat":"repeat","background-position":"center center","background-size":"auto","background-attachment":"scroll","background-type":"","background-media":"","overlay-type":"","overlay-color":"","overlay-opacity":"","overlay-gradient":""},"mobile":{"background-color":"","background-image":"","background-repeat":"repeat","background-position":"center center","background-size":"auto","background-attachment":"scroll","background-type":"","background-media":"","overlay-type":"","overlay-color":"","overlay-opacity":"","overlay-gradient":""}},"ast-content-background-meta":{"desktop":{"background-color":"var(--ast-global-color-5)","background-image":"","background-repeat":"repeat","background-position":"center center","background-size":"auto","background-attachment":"scroll","background-type":"","background-media":"","overlay-type":"","overlay-color":"","overlay-opacity":"","overlay-gradient":""},"tablet":{"background-color":"var(--ast-global-color-5)","background-image":"","background-repeat":"repeat","background-position":"center center","background-size":"auto","background-attachment":"scroll","background-type":"","background-media":"","overlay-type":"","overlay-color":"","overlay-opacity":"","overlay-gradient":""},"mobile":{"background-color":"var(--ast-global-color-5)","background-image":"","background-repeat":"repeat","background-position":"center center","background-size":"auto","background-attachment":"scroll","background-type":"","background-media":"","overlay-type":"","overlay-color":"","overlay-opacity":"","overlay-gradient":""}}},"product_brand":[],"product_cat":[191],"product_tag":[],"class_list":{"0":"post-23501","1":"product","2":"type-product","3":"status-publish","4":"has-post-thumbnail","6":"product_cat-water-repellent","7":"desktop-align-left","8":"tablet-align-left","9":"mobile-align-left","11":"first","12":"instock","13":"sale","14":"taxable","15":"shipping-taxable","16":"purchasable","17":"product-type-variable","18":"has-default-attributes"},"spectra_custom_meta":{"_visibility":["visible"],"_shopify_product_id":["9106657444085"],"_s2w_shopify_domain":["ferberpainting.myshopify.com"],"_shopify_variant_id":["46626410561781"],"_sku":[""],"_manage_stock":["no"],"total_sales":["57"],"_tax_status":["taxable"],"_tax_class":[""],"_backorders":["no"],"_sold_individually":["no"],"_virtual":["no"],"_downloadable":["no"],"_download_limit":["-1"],"_download_expiry":["-1"],"_stock":[null],"_stock_status":["instock"],"_wc_average_rating":["5.00"],"_wc_review_count":["36"],"_product_attributes":["a:1:{s:6:\"volume\";a:6:{s:4:\"name\";s:6:\"Volume\";s:5:\"value\";s:20:\"5 liters | 25 liters\";s:8:\"position\";i:1;s:10:\"is_visible\";i:0;s:12:\"is_variation\";i:1;s:11:\"is_taxonomy\";i:0;}}"],"_product_version":["10.5.1"],"wpse_downloadable_file_names":[""],"wpse_downloadable_file_urls":[""],"_edit_last":["1"],"_default_attributes":["a:1:{s:6:\"volume\";s:8:\"5 liters\";}"],"_edit_lock":["1771167149:1"],"_price":["29.90","129.90"],"merchant-center-availability":["yes"],"merchant-center-category":["503744"],"_thumbnail_id":["36308"],"_wp_page_template":["default"],"_wp_old_date":["2025-05-26"],"_product_image_gallery":["36309"],"site-sidebar-layout":["default"],"ast-site-content-layout":["default"],"site-content-style":["default"],"site-sidebar-style":["default"],"theme-transparent-header-meta":["default"],"_wc_rating_count":["a:1:{i:5;i:36;}"],"astra-migrate-meta-layouts":["set"],"_uag_css_file_name":["uag-css-23501.css"],"_elementor_page_assets":["a:0:{}"],"_uag_page_assets":["a:9:{s:3:\"css\";s:6873:\".wp-block-uagb-image{display:flex}.wp-block-uagb-image__figure{position:relative;display:flex;flex-direction:column;max-width:100%;height:auto;margin:0}.wp-block-uagb-image__figure img{height:auto;display:flex;max-width:100%;transition:box-shadow .2s ease}.wp-block-uagb-image__figure>a{display:inline-block}.wp-block-uagb-image__figure figcaption{text-align:center;margin-top:.5em;margin-bottom:1em}.wp-block-uagb-image .components-placeholder.block-editor-media-placeholder .components-placeholder__instructions{align-self:center}.wp-block-uagb-image--align-left{text-align:left}.wp-block-uagb-image--align-right{text-align:right}.wp-block-uagb-image--align-center{text-align:center}.wp-block-uagb-image--align-full .wp-block-uagb-image__figure{margin-left:calc(50% - 50vw);margin-right:calc(50% - 50vw);max-width:100vw;width:100vw;height:auto}.wp-block-uagb-image--align-full .wp-block-uagb-image__figure img{height:auto;width:100% !important}.wp-block-uagb-image--align-wide .wp-block-uagb-image__figure img{height:auto;width:100%}.wp-block-uagb-image--layout-overlay__color-wrapper{position:absolute;left:0;top:0;right:0;bottom:0;opacity:.2;background:rgba(0,0,0,.5);transition:opacity .35s ease-in-out}.wp-block-uagb-image--layout-overlay-link{position:absolute;left:0;right:0;bottom:0;top:0}.wp-block-uagb-image--layout-overlay .wp-block-uagb-image__figure:hover .wp-block-uagb-image--layout-overlay__color-wrapper{opacity:1}.wp-block-uagb-image--layout-overlay__inner{position:absolute;left:15px;right:15px;bottom:15px;top:15px;display:flex;align-items:center;justify-content:center;flex-direction:column;border-color:#fff;transition:.35s ease-in-out}.wp-block-uagb-image--layout-overlay__inner.top-left,.wp-block-uagb-image--layout-overlay__inner.top-center,.wp-block-uagb-image--layout-overlay__inner.top-right{justify-content:flex-start}.wp-block-uagb-image--layout-overlay__inner.bottom-left,.wp-block-uagb-image--layout-overlay__inner.bottom-center,.wp-block-uagb-image--layout-overlay__inner.bottom-right{justify-content:flex-end}.wp-block-uagb-image--layout-overlay__inner.top-left,.wp-block-uagb-image--layout-overlay__inner.center-left,.wp-block-uagb-image--layout-overlay__inner.bottom-left{align-items:flex-start}.wp-block-uagb-image--layout-overlay__inner.top-right,.wp-block-uagb-image--layout-overlay__inner.center-right,.wp-block-uagb-image--layout-overlay__inner.bottom-right{align-items:flex-end}.wp-block-uagb-image--layout-overlay__inner .uagb-image-heading{color:#fff;transition:transform .35s,opacity .35s ease-in-out;transform:translate3d(0, 24px, 0);margin:0;line-height:1em}.wp-block-uagb-image--layout-overlay__inner .uagb-image-separator{width:30%;border-top-width:2px;border-top-color:#fff;border-top-style:solid;margin-bottom:10px;opacity:0;transition:transform .4s,opacity .4s ease-in-out;transform:translate3d(0, 30px, 0)}.wp-block-uagb-image--layout-overlay__inner .uagb-image-caption{opacity:0;overflow:visible;color:#fff;transition:transform .45s,opacity .45s ease-in-out;transform:translate3d(0, 35px, 0)}.wp-block-uagb-image--layout-overlay__inner:hover .uagb-image-heading,.wp-block-uagb-image--layout-overlay__inner:hover .uagb-image-separator,.wp-block-uagb-image--layout-overlay__inner:hover .uagb-image-caption{opacity:1;transform:translate3d(0, 0, 0)}.wp-block-uagb-image--effect-zoomin .wp-block-uagb-image__figure img,.wp-block-uagb-image--effect-zoomin .wp-block-uagb-image__figure .wp-block-uagb-image--layout-overlay__color-wrapper{transform:scale(1);transition:transform .35s ease-in-out}.wp-block-uagb-image--effect-zoomin .wp-block-uagb-image__figure:hover img,.wp-block-uagb-image--effect-zoomin .wp-block-uagb-image__figure:hover .wp-block-uagb-image--layout-overlay__color-wrapper{transform:scale(1.05)}.wp-block-uagb-image--effect-slide .wp-block-uagb-image__figure img,.wp-block-uagb-image--effect-slide .wp-block-uagb-image__figure .wp-block-uagb-image--layout-overlay__color-wrapper{width:calc(100% + 40px) !important;max-width:none !important;transform:translate3d(-40px, 0, 0);transition:transform .35s ease-in-out}.wp-block-uagb-image--effect-slide .wp-block-uagb-image__figure:hover img,.wp-block-uagb-image--effect-slide .wp-block-uagb-image__figure:hover .wp-block-uagb-image--layout-overlay__color-wrapper{transform:translate3d(0, 0, 0)}.wp-block-uagb-image--effect-grayscale img{filter:grayscale(0%);transition:.35s ease-in-out}.wp-block-uagb-image--effect-grayscale:hover img{filter:grayscale(100%)}.wp-block-uagb-image--effect-blur img{filter:blur(0);transition:.35s ease-in-out}.wp-block-uagb-image--effect-blur:hover img{filter:blur(3px)}.uagb-block-e6f939b3.wp-block-uagb-image--layout-default figure img{box-shadow: 0px 0px 0 #00000070;}.uagb-block-e6f939b3.wp-block-uagb-image .wp-block-uagb-image__figure figcaption{font-style: normal;align-self: center;}.uagb-block-e6f939b3.wp-block-uagb-image--layout-overlay figure img{box-shadow: 0px 0px 0 #00000070;}.uagb-block-e6f939b3.wp-block-uagb-image--layout-overlay .wp-block-uagb-image--layout-overlay__color-wrapper{opacity: 0.2;}.uagb-block-e6f939b3.wp-block-uagb-image--layout-overlay .wp-block-uagb-image--layout-overlay__inner{left: 15px;right: 15px;top: 15px;bottom: 15px;}.uagb-block-e6f939b3.wp-block-uagb-image--layout-overlay .wp-block-uagb-image--layout-overlay__inner .uagb-image-heading{font-style: normal;color: #fff;opacity: 1;}.uagb-block-e6f939b3.wp-block-uagb-image--layout-overlay .wp-block-uagb-image--layout-overlay__inner .uagb-image-heading a{color: #fff;}.uagb-block-e6f939b3.wp-block-uagb-image--layout-overlay .wp-block-uagb-image--layout-overlay__inner .uagb-image-caption{opacity: 0;}.uagb-block-e6f939b3.wp-block-uagb-image--layout-overlay .wp-block-uagb-image__figure:hover .wp-block-uagb-image--layout-overlay__color-wrapper{opacity: 1;}.uagb-block-e6f939b3.wp-block-uagb-image .wp-block-uagb-image--layout-overlay__inner .uagb-image-separator{width: 30%;border-top-width: 2px;border-top-color: #fff;opacity: 0;}.uagb-block-e6f939b3.wp-block-uagb-image .wp-block-uagb-image__figure img{width: px;height: auto;}.uagb-block-e6f939b3.wp-block-uagb-image .wp-block-uagb-image__figure:hover .wp-block-uagb-image--layout-overlay__inner .uagb-image-caption{opacity: 1;}.uagb-block-e6f939b3.wp-block-uagb-image .wp-block-uagb-image__figure:hover .wp-block-uagb-image--layout-overlay__inner .uagb-image-separator{opacity: 1;}.uagb-block-e6f939b3.wp-block-uagb-image--layout-default figure:hover img{box-shadow: 0px 0px 0 #00000070;}.uagb-block-e6f939b3.wp-block-uagb-image--layout-overlay figure:hover img{box-shadow: 0px 0px 0 #00000070;}@media only screen and (max-width: 976px) {.uagb-block-e6f939b3.wp-block-uagb-image .wp-block-uagb-image__figure img{width: px;height: auto;}}@media only screen and (max-width: 767px) {.uagb-block-e6f939b3.wp-block-uagb-image .wp-block-uagb-image__figure img{width: px;height: auto;}}\";s:2:\"js\";s:0:\"\";s:18:\"current_block_list\";a:13:{i:0;s:11:\"core\/search\";i:1;s:10:\"core\/group\";i:2;s:12:\"core\/heading\";i:3;s:17:\"core\/latest-posts\";i:4;s:20:\"core\/latest-comments\";i:5;s:13:\"core\/archives\";i:6;s:15:\"core\/categories\";i:7;s:14:\"core\/paragraph\";i:8;s:10:\"uagb\/image\";i:9;s:11:\"core\/spacer\";i:10;s:30:\"woocommerce\/product-categories\";i:11;s:10:\"core\/image\";i:12;s:14:\"core\/shortcode\";}s:8:\"uag_flag\";b:1;s:11:\"uag_version\";s:10:\"1777262723\";s:6:\"gfonts\";a:0:{}s:10:\"gfonts_url\";s:0:\"\";s:12:\"gfonts_files\";a:0:{}s:14:\"uag_faq_layout\";b:0;}"]},"uagb_featured_image_src":{"full":["https:\/\/www.ferberpainting.com\/wp-content\/uploads\/2025\/05\/Granite-Water-Repellent-5L.png",2560,2560,false],"thumbnail":["https:\/\/www.ferberpainting.com\/wp-content\/uploads\/2025\/05\/Granite-Water-Repellent-5L-150x150.png",150,150,true],"medium":["https:\/\/www.ferberpainting.com\/wp-content\/uploads\/2025\/05\/Granite-Water-Repellent-5L-300x300.png",300,300,true],"medium_large":["https:\/\/www.ferberpainting.com\/wp-content\/uploads\/2025\/05\/Granite-Water-Repellent-5L-768x768.png",768,768,true],"large":["https:\/\/www.ferberpainting.com\/wp-content\/uploads\/2025\/05\/Granite-Water-Repellent-5L-1024x1024.png",1024,1024,true],"1536x1536":["https:\/\/www.ferberpainting.com\/wp-content\/uploads\/2025\/05\/Granite-Water-Repellent-5L-1536x1536.png",1536,1536,true],"2048x2048":["https:\/\/www.ferberpainting.com\/wp-content\/uploads\/2025\/05\/Granite-Water-Repellent-5L-2048x2048.png",2048,2048,true],"trp-custom-language-flag":["https:\/\/www.ferberpainting.com\/wp-content\/uploads\/2025\/05\/Granite-Water-Repellent-5L-12x12.png",12,12,true],"woocommerce_thumbnail":["https:\/\/www.ferberpainting.com\/wp-content\/uploads\/2025\/05\/Granite-Water-Repellent-5L-300x300.png",300,300,true],"woocommerce_single":["https:\/\/www.ferberpainting.com\/wp-content\/uploads\/2025\/05\/Granite-Water-Repellent-5L-600x600.png",600,600,true],"woocommerce_gallery_thumbnail":["https:\/\/www.ferberpainting.com\/wp-content\/uploads\/2025\/05\/Granite-Water-Repellent-5L-100x100.png",100,100,true]},"uagb_author_info":{"display_name":"admin","author_link":"https:\/\/www.ferberpainting.com\/hr\/author\/"},"uagb_comment_info":36,"uagb_excerpt":"Exceptional protection for granite.\u00a0The granite waterproofer is specially formulated to provide optimal protection against moisture, water infiltration, and stains on granite surfaces. This product creates an invisible barrier that prevents water from penetrating while allowing the material to breathe, thereby preserving its appearance and structure. It is particularly suitable for outdoor surfaces such as driveways,&hellip;","_links":{"self":[{"href":"https:\/\/www.ferberpainting.com\/hr\/wp-json\/wp\/v2\/product\/23501","targetHints":{"allow":["GET"]}}],"collection":[{"href":"https:\/\/www.ferberpainting.com\/hr\/wp-json\/wp\/v2\/product"}],"about":[{"href":"https:\/\/www.ferberpainting.com\/hr\/wp-json\/wp\/v2\/types\/product"}],"replies":[{"embeddable":true,"href":"https:\/\/www.ferberpainting.com\/hr\/wp-json\/wp\/v2\/comments?post=23501"}],"version-history":[{"count":5,"href":"https:\/\/www.ferberpainting.com\/hr\/wp-json\/wp\/v2\/product\/23501\/revisions"}],"predecessor-version":[{"id":166245,"href":"https:\/\/www.ferberpainting.com\/hr\/wp-json\/wp\/v2\/product\/23501\/revisions\/166245"}],"wp:featuredmedia":[{"embeddable":true,"href":"https:\/\/www.ferberpainting.com\/hr\/wp-json\/wp\/v2\/media\/36308"}],"wp:attachment":[{"href":"https:\/\/www.ferberpainting.com\/hr\/wp-json\/wp\/v2\/media?parent=23501"}],"wp:term":[{"taxonomy":"product_brand","embeddable":true,"href":"https:\/\/www.ferberpainting.com\/hr\/wp-json\/wp\/v2\/product_brand?post=23501"},{"taxonomy":"product_cat","embeddable":true,"href":"https:\/\/www.ferberpainting.com\/hr\/wp-json\/wp\/v2\/product_cat?post=23501"},{"taxonomy":"product_tag","embeddable":true,"href":"https:\/\/www.ferberpainting.com\/hr\/wp-json\/wp\/v2\/product_tag?post=23501"}],"curies":[{"name":"radni list","href":"https:\/\/api.w.org\/{rel}","templated":true}]}}