{"id":23490,"date":"2025-07-01T12:12:05","date_gmt":"2025-07-01T10:12:05","guid":{"rendered":"https:\/\/www.ferberpainting.com\/?post_type=product&#038;p=23490"},"modified":"2026-02-15T14:21:15","modified_gmt":"2026-02-15T13:21:15","slug":"glue-and-carpet-remover","status":"publish","type":"product","link":"https:\/\/www.ferberpainting.com\/hr\/products\/glue-and-carpet-remover\/","title":{"rendered":"Uklanja\u010d ljepila i tepiha"},"content":{"rendered":"<p><img decoding=\"async\" style=\"margin-right: 12px;\" src=\"https:\/\/www.ferberpainting.com\/wp-content\/uploads\/2026\/02\/Check.svg\" alt=\"\" width=\"18\" height=\"15\" \/><strong>U\u010dinkovito uklanjanje ostataka ljepila.<\/strong>\u00a0Sredstvo za uklanjanje ljepila i tepiha posebno je dizajnirano kako bi vam pomoglo u uklanjanju tvrdokornih ostataka ljepila koji ostaju nakon uklanjanja tepiha, prostirki ili drugih podnih obloga. Ovaj sna\u017ean proizvod brzo otapa ljepilo, olak\u0161avaju\u0107i uklanjanje bez o\u0161te\u0107enja podlo\u017enih povr\u0161ina. Bilo da se radi o betonu, plo\u010dicama ili drvu, ovo sredstvo za uklanjanje obnavlja va\u0161e podove u minimalnom vremenu i uz maksimalnu u\u010dinkovitost.<\/p>\n<p><img decoding=\"async\" style=\"margin-right: 12px;\" src=\"https:\/\/www.ferberpainting.com\/wp-content\/uploads\/2026\/02\/Check.svg\" alt=\"\" width=\"18\" height=\"15\" \/><strong>Jamstvo povrata novca.<\/strong>\u00a0Uvjereni smo u u\u010dinkovitost na\u0161eg ljepila i sredstva za uklanjanje ljepila s tepiha, zbog \u010dega nudimo jamstvo zadovoljstva ili povrata novca. Ako niste u potpunosti zadovoljni rezultatima, mo\u017eete zatra\u017eiti puni povrat novca. To vam omogu\u0107uje da bezbri\u017eno testirate na\u0161 proizvod i budete sigurni da ne preuzimate nikakav rizik.<\/p>\n<p><img decoding=\"async\" style=\"margin-right: 12px;\" src=\"https:\/\/www.ferberpainting.com\/wp-content\/uploads\/2026\/02\/Check.svg\" alt=\"\" width=\"18\" height=\"15\" \/><strong>Svestran.<\/strong>\u00a0Sredstvo za uklanjanje ljepila i ljepila s tepiha vi\u0161enamjenski je proizvod koji djeluje na \u0161irokom rasponu materijala. Mo\u017ee se koristiti na betonu, cementu, plo\u010dicama, drvu, pa \u010dak i povr\u0161inama na bazi morta. Bez obzira jeste li profesionalac ili majstor, ovaj proizvod vam omogu\u0107uje jednostavno uklanjanje ljepila s bilo koje vrste povr\u0161ine bez straha od o\u0161te\u0107enja.<\/p>\n<p><img decoding=\"async\" style=\"margin-right: 12px;\" src=\"https:\/\/www.ferberpainting.com\/wp-content\/uploads\/2026\/02\/Check.svg\" alt=\"\" width=\"18\" height=\"15\" \/><strong>Ekonomi\u010dno.<\/strong>\u00a0Sredstvo za uklanjanje ljepila nudi izvrsnu vrijednost za novac s visokim prinosom, pokrivaju\u0107i izme\u0111u 5 i 10 m\u00b2 po litri, ovisno o debljini ljepila i poroznosti povr\u0161ine. Spremnik od 5 litara mo\u017ee tretirati do 50 m\u00b2, \u0161to ga \u010dini ekonomi\u010dnim rje\u0161enjem za velike poslove uklanjanja ljepila. \u0160tedite na tro\u0161kovima uz postizanje optimalne u\u010dinkovitosti.<\/p>\n<p><img decoding=\"async\" style=\"margin-right: 12px;\" src=\"https:\/\/www.ferberpainting.com\/wp-content\/uploads\/2026\/02\/Check.svg\" alt=\"\" width=\"18\" height=\"15\" \/><strong>Netoksi\u010dno.<\/strong>\u00a0Ovo sredstvo za uklanjanje ljepila formulirano je da bude sigurno kada se koristi prema uputama. Dizajnirano je da bude ekolo\u0161ki prihvatljivo i bezopasno za zdravlje korisnika. Bez agresivnih kemikalija, idealno je za sve koji \u017eele ukloniti ljepilo bez ugro\u017eavanja sigurnosti. Me\u0111utim, kao i kod svih sredstava za \u010di\u0161\u0107enje, preporu\u010dujemo no\u0161enje rukavica i rad u prozra\u010denom prostoru za maksimalnu sigurnost.<\/p>\n<p><img decoding=\"async\" style=\"margin-right: 12px;\" src=\"https:\/\/www.ferberpainting.com\/wp-content\/uploads\/2026\/02\/Check.svg\" alt=\"\" width=\"18\" height=\"15\" \/><strong>Jednostavno za kori\u0161tenje.<\/strong>\u00a0Ovo sredstvo za uklanjanje spremno za upotrebu ne zahtijeva razrje\u0111ivanje ili dodatnu pripremu. Samo ga nanesite na ljepilo ili ljepilo za tepih i ostavite da djeluje. Njegova primjena je jednostavna i ne zahtijeva posebne vje\u0161tine. Bilo da se nanosi kistom, spu\u017evom ili valjkom, intuitivno je i brzo. Samo slijedite protokol upotrebe za impresivne rezultate bez napora.<\/p>\n<p><img decoding=\"async\" style=\"margin-right: 12px;\" src=\"https:\/\/www.ferberpainting.com\/wp-content\/uploads\/2026\/02\/Check.svg\" alt=\"\" width=\"18\" height=\"15\" \/><strong>Dugotrajno.<\/strong>\u00a0Sredstvo za uklanjanje ljepila i ljepila za tepihe dizajnirano je za dugoro\u010dnu u\u010dinkovitost. Zahvaljuju\u0107i svojoj sna\u017enoj formuli, omogu\u0107uje vam uklanjanje ostataka ljepila u jednom ili dva nano\u0161enja, smanjuju\u0107i potrebu za vi\u0161e proizvoda za dovr\u0161etak posla. U\u0161tedite vrijeme i trud dok istovremeno pripremate \u010distu povr\u0161inu za novu oblogu.<\/p>\n<p><img decoding=\"async\" style=\"margin-right: 12px;\" src=\"https:\/\/www.ferberpainting.com\/wp-content\/uploads\/2026\/02\/Check.svg\" alt=\"\" width=\"18\" height=\"15\" \/><strong>Brzo djelovanje.<\/strong>\u00a0Ovo sredstvo za uklanjanje ljepila cijenjeno je i zbog svog brzog djelovanja. Ostatke ljepila po\u010dinje otapati gotovo odmah nakon nano\u0161enja, \u0161to zna\u010dajno smanjuje vrijeme rada. Ovisno o debljini ljepila, potrebno je pri\u010dekati samo 10 do 20 minuta prije struganja ili brisanja povr\u0161ine. To vam \u0161tedi dragocjeno vrijeme, bilo da se radi o obnovi doma ili profesionalnom projektu.<\/p>\n<h2><strong>Protokol kori\u0161tenja<\/strong><\/h2>\n<ul>\n<li><strong>Priprema povr\u0161ine <\/strong>Prije nano\u0161enja sredstva za uklanjanje, provjerite je li povr\u0161ina \u010dista i bez pra\u0161ine i ostataka. Ako je potrebno, pometite ili usisajte podru\u010dje. Ovaj proizvod se mo\u017ee koristiti na suhim ili blago vla\u017enim podovima.<\/li>\n<li><strong>Primjena <\/strong>Proizvod je spreman za upotrebu i ne zahtijeva razrje\u0111ivanje. Nanesite sredstvo za uklanjanje ljepila izravno na podru\u010dja prekrivena ljepilom pomo\u0107u kista, valjka ili spu\u017eve. Pazite da ga ravnomjerno rasporedite po ljepilu bez pretjerivanja. Koli\u010dina koju trebate koristiti ovisi o debljini ljepila, ali u prosjeku je dovoljno 100 do 150 ml po m\u00b2.<\/li>\n<li><strong>Vrijeme djelovanja <\/strong>Ostavite sredstvo za uklanjanje ljepila da djeluje 10 do 20 minuta, ovisno o debljini i vrsti ljepila. Nemojte ga pustiti da se potpuno osu\u0161i prije uklanjanja, jer to mo\u017ee smanjiti njegovu u\u010dinkovitost.<\/li>\n<li><strong>Uklanjanje ljepila <\/strong>Nakon \u0161to je proizvod djelovao, upotrijebite strugalicu ili lopaticu za uklanjanje otopljenog ljepila. Za tvrdokornije ostatke, povr\u0161inu mo\u017eete oribati \u010detkom ili abrazivnom spu\u017evom. Ako je potrebno, nanesite drugi sloj sredstva za uklanjanje i ponovite postupak.<\/li>\n<li><strong>\u010ci\u0161\u0107enje alata <\/strong>Nakon upotrebe, odmah o\u010distite alat (\u010detke, valjke itd.) toplom vodom i sapunom ili prikladnim otapalom kako biste sprije\u010dili stvrdnjavanje proizvoda na povr\u0161inama.<\/li>\n<li><strong>Ventilacija i su\u0161enje <\/strong>Nakon \u0161to je skidanje premaza zavr\u0161eno, pustite povr\u0161inu da se osu\u0161i prije nano\u0161enja novog premaza. Pazite da je prostor dobro prozra\u010den kako biste ubrzali su\u0161enje.<\/li>\n<li><strong>Pohrana <\/strong>Proizvod \u010duvajte u originalnoj ambala\u017ei na hladnom i suhom mjestu, za\u0161ti\u0107eno od ekstremnih temperatura. Uz pravilno skladi\u0161tenje, proizvod se mo\u017ee \u010duvati nekoliko mjeseci.<\/li>\n<\/ul>","protected":false},"excerpt":{"rendered":"<p>Effective removal of glue residues.\u00a0The adhesive and carpet glue remover is specially designed to help you eliminate stubborn glue residues left behind after removing carpets, rugs, or other floor coverings. This powerful product quickly dissolves glue, making removal easier without damaging the underlying surfaces. Whether on concrete, tile, or wood, this remover restores your floors [&hellip;]<\/p>\n","protected":false},"featured_media":36302,"comment_status":"open","ping_status":"closed","template":"","meta":{"_uag_custom_page_level_css":"","site-sidebar-layout":"default","site-content-layout":"","ast-site-content-layout":"default","site-content-style":"default","site-sidebar-style":"default","ast-global-header-display":"","ast-banner-title-visibility":"","ast-main-header-display":"","ast-hfb-above-header-display":"","ast-hfb-below-header-display":"","ast-hfb-mobile-header-display":"","site-post-title":"","ast-breadcrumbs-content":"","ast-featured-img":"","footer-sml-layout":"","ast-disable-related-posts":"","theme-transparent-header-meta":"default","adv-header-id-meta":"","stick-header-meta":"","header-above-stick-meta":"","header-main-stick-meta":"","header-below-stick-meta":"","astra-migrate-meta-layouts":"set","ast-page-background-enabled":"default","ast-page-background-meta":{"desktop":{"background-color":"var(--ast-global-color-4)","background-image":"","background-repeat":"repeat","background-position":"center center","background-size":"auto","background-attachment":"scroll","background-type":"","background-media":"","overlay-type":"","overlay-color":"","overlay-opacity":"","overlay-gradient":""},"tablet":{"background-color":"","background-image":"","background-repeat":"repeat","background-position":"center center","background-size":"auto","background-attachment":"scroll","background-type":"","background-media":"","overlay-type":"","overlay-color":"","overlay-opacity":"","overlay-gradient":""},"mobile":{"background-color":"","background-image":"","background-repeat":"repeat","background-position":"center center","background-size":"auto","background-attachment":"scroll","background-type":"","background-media":"","overlay-type":"","overlay-color":"","overlay-opacity":"","overlay-gradient":""}},"ast-content-background-meta":{"desktop":{"background-color":"var(--ast-global-color-5)","background-image":"","background-repeat":"repeat","background-position":"center center","background-size":"auto","background-attachment":"scroll","background-type":"","background-media":"","overlay-type":"","overlay-color":"","overlay-opacity":"","overlay-gradient":""},"tablet":{"background-color":"var(--ast-global-color-5)","background-image":"","background-repeat":"repeat","background-position":"center center","background-size":"auto","background-attachment":"scroll","background-type":"","background-media":"","overlay-type":"","overlay-color":"","overlay-opacity":"","overlay-gradient":""},"mobile":{"background-color":"var(--ast-global-color-5)","background-image":"","background-repeat":"repeat","background-position":"center center","background-size":"auto","background-attachment":"scroll","background-type":"","background-media":"","overlay-type":"","overlay-color":"","overlay-opacity":"","overlay-gradient":""}}},"product_brand":[],"product_cat":[175],"product_tag":[],"class_list":{"0":"post-23490","1":"product","2":"type-product","3":"status-publish","4":"has-post-thumbnail","6":"product_cat-cleaning-products","7":"desktop-align-left","8":"tablet-align-left","9":"mobile-align-left","11":"first","12":"instock","13":"sale","14":"shipping-taxable","15":"purchasable","16":"product-type-variable","17":"has-default-attributes"},"spectra_custom_meta":{"_visibility":["visible"],"_shopify_product_id":["9106661572853"],"_s2w_shopify_domain":["ferberpainting.myshopify.com"],"_shopify_variant_id":["46626426126581"],"_sku":[""],"_manage_stock":["no"],"total_sales":["636"],"_tax_status":["taxable"],"_tax_class":[""],"_backorders":["no"],"_sold_individually":["no"],"_virtual":["no"],"_downloadable":["no"],"_download_limit":["-1"],"_download_expiry":["-1"],"_stock":[null],"_stock_status":["instock"],"_wc_average_rating":["5.00"],"_wc_review_count":["10"],"_product_attributes":["a:1:{s:6:\"volume\";a:6:{s:4:\"name\";s:6:\"Volume\";s:5:\"value\";s:20:\"5 liters | 25 liters\";s:8:\"position\";i:1;s:10:\"is_visible\";i:0;s:12:\"is_variation\";i:1;s:11:\"is_taxonomy\";i:0;}}"],"_product_version":["10.5.1"],"wpse_downloadable_file_names":[""],"wpse_downloadable_file_urls":[""],"_edit_last":["1"],"_default_attributes":["a:1:{s:6:\"volume\";s:8:\"5 liters\";}"],"_edit_lock":["1772567587:3823"],"merchant-center-availability":["yes"],"merchant-center-category":["503741"],"_thumbnail_id":["36302"],"_wp_page_template":["default"],"_wp_old_date":["2025-05-26"],"_product_image_gallery":["36303"],"site-sidebar-layout":["default"],"ast-site-content-layout":["default"],"site-content-style":["default"],"site-sidebar-style":["default"],"theme-transparent-header-meta":["default"],"_wc_rating_count":["a:1:{i:5;i:10;}"],"_price":["29.90","129.90"],"astra-migrate-meta-layouts":["set"],"_uag_css_file_name":["uag-css-23490.css"],"_elementor_page_assets":["a:0:{}"],"_uag_page_assets":["a:9:{s:3:\"css\";s:7133:\".uag-blocks-common-selector{z-index:var(--z-index-desktop) !important}@media(max-width: 976px){.uag-blocks-common-selector{z-index:var(--z-index-tablet) !important}}@media(max-width: 767px){.uag-blocks-common-selector{z-index:var(--z-index-mobile) !important}}.wp-block-uagb-image{display:flex}.wp-block-uagb-image__figure{position:relative;display:flex;flex-direction:column;max-width:100%;height:auto;margin:0}.wp-block-uagb-image__figure img{height:auto;display:flex;max-width:100%;transition:box-shadow .2s ease}.wp-block-uagb-image__figure>a{display:inline-block}.wp-block-uagb-image__figure figcaption{text-align:center;margin-top:.5em;margin-bottom:1em}.wp-block-uagb-image .components-placeholder.block-editor-media-placeholder .components-placeholder__instructions{align-self:center}.wp-block-uagb-image--align-left{text-align:left}.wp-block-uagb-image--align-right{text-align:right}.wp-block-uagb-image--align-center{text-align:center}.wp-block-uagb-image--align-full .wp-block-uagb-image__figure{margin-left:calc(50% - 50vw);margin-right:calc(50% - 50vw);max-width:100vw;width:100vw;height:auto}.wp-block-uagb-image--align-full .wp-block-uagb-image__figure img{height:auto;width:100% !important}.wp-block-uagb-image--align-wide .wp-block-uagb-image__figure img{height:auto;width:100%}.wp-block-uagb-image--layout-overlay__color-wrapper{position:absolute;left:0;top:0;right:0;bottom:0;opacity:.2;background:rgba(0,0,0,.5);transition:opacity .35s ease-in-out}.wp-block-uagb-image--layout-overlay-link{position:absolute;left:0;right:0;bottom:0;top:0}.wp-block-uagb-image--layout-overlay .wp-block-uagb-image__figure:hover .wp-block-uagb-image--layout-overlay__color-wrapper{opacity:1}.wp-block-uagb-image--layout-overlay__inner{position:absolute;left:15px;right:15px;bottom:15px;top:15px;display:flex;align-items:center;justify-content:center;flex-direction:column;border-color:#fff;transition:.35s ease-in-out}.wp-block-uagb-image--layout-overlay__inner.top-left,.wp-block-uagb-image--layout-overlay__inner.top-center,.wp-block-uagb-image--layout-overlay__inner.top-right{justify-content:flex-start}.wp-block-uagb-image--layout-overlay__inner.bottom-left,.wp-block-uagb-image--layout-overlay__inner.bottom-center,.wp-block-uagb-image--layout-overlay__inner.bottom-right{justify-content:flex-end}.wp-block-uagb-image--layout-overlay__inner.top-left,.wp-block-uagb-image--layout-overlay__inner.center-left,.wp-block-uagb-image--layout-overlay__inner.bottom-left{align-items:flex-start}.wp-block-uagb-image--layout-overlay__inner.top-right,.wp-block-uagb-image--layout-overlay__inner.center-right,.wp-block-uagb-image--layout-overlay__inner.bottom-right{align-items:flex-end}.wp-block-uagb-image--layout-overlay__inner .uagb-image-heading{color:#fff;transition:transform .35s,opacity .35s ease-in-out;transform:translate3d(0, 24px, 0);margin:0;line-height:1em}.wp-block-uagb-image--layout-overlay__inner .uagb-image-separator{width:30%;border-top-width:2px;border-top-color:#fff;border-top-style:solid;margin-bottom:10px;opacity:0;transition:transform .4s,opacity .4s ease-in-out;transform:translate3d(0, 30px, 0)}.wp-block-uagb-image--layout-overlay__inner .uagb-image-caption{opacity:0;overflow:visible;color:#fff;transition:transform .45s,opacity .45s ease-in-out;transform:translate3d(0, 35px, 0)}.wp-block-uagb-image--layout-overlay__inner:hover .uagb-image-heading,.wp-block-uagb-image--layout-overlay__inner:hover .uagb-image-separator,.wp-block-uagb-image--layout-overlay__inner:hover .uagb-image-caption{opacity:1;transform:translate3d(0, 0, 0)}.wp-block-uagb-image--effect-zoomin .wp-block-uagb-image__figure img,.wp-block-uagb-image--effect-zoomin .wp-block-uagb-image__figure .wp-block-uagb-image--layout-overlay__color-wrapper{transform:scale(1);transition:transform .35s ease-in-out}.wp-block-uagb-image--effect-zoomin .wp-block-uagb-image__figure:hover img,.wp-block-uagb-image--effect-zoomin .wp-block-uagb-image__figure:hover .wp-block-uagb-image--layout-overlay__color-wrapper{transform:scale(1.05)}.wp-block-uagb-image--effect-slide .wp-block-uagb-image__figure img,.wp-block-uagb-image--effect-slide .wp-block-uagb-image__figure .wp-block-uagb-image--layout-overlay__color-wrapper{width:calc(100% + 40px) !important;max-width:none !important;transform:translate3d(-40px, 0, 0);transition:transform .35s ease-in-out}.wp-block-uagb-image--effect-slide .wp-block-uagb-image__figure:hover img,.wp-block-uagb-image--effect-slide .wp-block-uagb-image__figure:hover .wp-block-uagb-image--layout-overlay__color-wrapper{transform:translate3d(0, 0, 0)}.wp-block-uagb-image--effect-grayscale img{filter:grayscale(0%);transition:.35s ease-in-out}.wp-block-uagb-image--effect-grayscale:hover img{filter:grayscale(100%)}.wp-block-uagb-image--effect-blur img{filter:blur(0);transition:.35s ease-in-out}.wp-block-uagb-image--effect-blur:hover img{filter:blur(3px)}.uagb-block-e6f939b3.wp-block-uagb-image--layout-default figure img{box-shadow: 0px 0px 0 #00000070;}.uagb-block-e6f939b3.wp-block-uagb-image .wp-block-uagb-image__figure figcaption{font-style: normal;align-self: center;}.uagb-block-e6f939b3.wp-block-uagb-image--layout-overlay figure img{box-shadow: 0px 0px 0 #00000070;}.uagb-block-e6f939b3.wp-block-uagb-image--layout-overlay .wp-block-uagb-image--layout-overlay__color-wrapper{opacity: 0.2;}.uagb-block-e6f939b3.wp-block-uagb-image--layout-overlay .wp-block-uagb-image--layout-overlay__inner{left: 15px;right: 15px;top: 15px;bottom: 15px;}.uagb-block-e6f939b3.wp-block-uagb-image--layout-overlay .wp-block-uagb-image--layout-overlay__inner .uagb-image-heading{font-style: normal;color: #fff;opacity: 1;}.uagb-block-e6f939b3.wp-block-uagb-image--layout-overlay .wp-block-uagb-image--layout-overlay__inner .uagb-image-heading a{color: #fff;}.uagb-block-e6f939b3.wp-block-uagb-image--layout-overlay .wp-block-uagb-image--layout-overlay__inner .uagb-image-caption{opacity: 0;}.uagb-block-e6f939b3.wp-block-uagb-image--layout-overlay .wp-block-uagb-image__figure:hover .wp-block-uagb-image--layout-overlay__color-wrapper{opacity: 1;}.uagb-block-e6f939b3.wp-block-uagb-image .wp-block-uagb-image--layout-overlay__inner .uagb-image-separator{width: 30%;border-top-width: 2px;border-top-color: #fff;opacity: 0;}.uagb-block-e6f939b3.wp-block-uagb-image .wp-block-uagb-image__figure img{width: px;height: auto;}.uagb-block-e6f939b3.wp-block-uagb-image .wp-block-uagb-image__figure:hover .wp-block-uagb-image--layout-overlay__inner .uagb-image-caption{opacity: 1;}.uagb-block-e6f939b3.wp-block-uagb-image .wp-block-uagb-image__figure:hover .wp-block-uagb-image--layout-overlay__inner .uagb-image-separator{opacity: 1;}.uagb-block-e6f939b3.wp-block-uagb-image--layout-default figure:hover img{box-shadow: 0px 0px 0 #00000070;}.uagb-block-e6f939b3.wp-block-uagb-image--layout-overlay figure:hover img{box-shadow: 0px 0px 0 #00000070;}@media only screen and (max-width: 976px) {.uagb-block-e6f939b3.wp-block-uagb-image .wp-block-uagb-image__figure img{width: px;height: auto;}}@media only screen and (max-width: 767px) {.uagb-block-e6f939b3.wp-block-uagb-image .wp-block-uagb-image__figure img{width: px;height: auto;}}\";s:2:\"js\";s:0:\"\";s:18:\"current_block_list\";a:13:{i:0;s:11:\"core\/search\";i:1;s:10:\"core\/group\";i:2;s:12:\"core\/heading\";i:3;s:17:\"core\/latest-posts\";i:4;s:20:\"core\/latest-comments\";i:5;s:13:\"core\/archives\";i:6;s:15:\"core\/categories\";i:7;s:14:\"core\/paragraph\";i:8;s:10:\"uagb\/image\";i:9;s:11:\"core\/spacer\";i:10;s:30:\"woocommerce\/product-categories\";i:11;s:10:\"core\/image\";i:12;s:14:\"core\/shortcode\";}s:8:\"uag_flag\";b:1;s:11:\"uag_version\";s:10:\"1777069736\";s:6:\"gfonts\";a:0:{}s:10:\"gfonts_url\";s:0:\"\";s:12:\"gfonts_files\";a:0:{}s:14:\"uag_faq_layout\";b:0;}"]},"uagb_featured_image_src":{"full":["https:\/\/www.ferberpainting.com\/wp-content\/uploads\/2025\/05\/Glue-and-Carpet-Remover-5L-.png",2560,2560,false],"thumbnail":["https:\/\/www.ferberpainting.com\/wp-content\/uploads\/2025\/05\/Glue-and-Carpet-Remover-5L--150x150.png",150,150,true],"medium":["https:\/\/www.ferberpainting.com\/wp-content\/uploads\/2025\/05\/Glue-and-Carpet-Remover-5L--300x300.png",300,300,true],"medium_large":["https:\/\/www.ferberpainting.com\/wp-content\/uploads\/2025\/05\/Glue-and-Carpet-Remover-5L--768x768.png",768,768,true],"large":["https:\/\/www.ferberpainting.com\/wp-content\/uploads\/2025\/05\/Glue-and-Carpet-Remover-5L--1024x1024.png",1024,1024,true],"1536x1536":["https:\/\/www.ferberpainting.com\/wp-content\/uploads\/2025\/05\/Glue-and-Carpet-Remover-5L--1536x1536.png",1536,1536,true],"2048x2048":["https:\/\/www.ferberpainting.com\/wp-content\/uploads\/2025\/05\/Glue-and-Carpet-Remover-5L--2048x2048.png",2048,2048,true],"trp-custom-language-flag":["https:\/\/www.ferberpainting.com\/wp-content\/uploads\/2025\/05\/Glue-and-Carpet-Remover-5L--12x12.png",12,12,true],"woocommerce_thumbnail":["https:\/\/www.ferberpainting.com\/wp-content\/uploads\/2025\/05\/Glue-and-Carpet-Remover-5L--300x300.png",300,300,true],"woocommerce_single":["https:\/\/www.ferberpainting.com\/wp-content\/uploads\/2025\/05\/Glue-and-Carpet-Remover-5L--600x600.png",600,600,true],"woocommerce_gallery_thumbnail":["https:\/\/www.ferberpainting.com\/wp-content\/uploads\/2025\/05\/Glue-and-Carpet-Remover-5L--100x100.png",100,100,true]},"uagb_author_info":{"display_name":"admin","author_link":"https:\/\/www.ferberpainting.com\/hr\/author\/"},"uagb_comment_info":10,"uagb_excerpt":"Effective removal of glue residues.\u00a0The adhesive and carpet glue remover is specially designed to help you eliminate stubborn glue residues left behind after removing carpets, rugs, or other floor coverings. This powerful product quickly dissolves glue, making removal easier without damaging the underlying surfaces. Whether on concrete, tile, or wood, this remover restores your floors&hellip;","_links":{"self":[{"href":"https:\/\/www.ferberpainting.com\/hr\/wp-json\/wp\/v2\/product\/23490","targetHints":{"allow":["GET"]}}],"collection":[{"href":"https:\/\/www.ferberpainting.com\/hr\/wp-json\/wp\/v2\/product"}],"about":[{"href":"https:\/\/www.ferberpainting.com\/hr\/wp-json\/wp\/v2\/types\/product"}],"replies":[{"embeddable":true,"href":"https:\/\/www.ferberpainting.com\/hr\/wp-json\/wp\/v2\/comments?post=23490"}],"version-history":[{"count":4,"href":"https:\/\/www.ferberpainting.com\/hr\/wp-json\/wp\/v2\/product\/23490\/revisions"}],"predecessor-version":[{"id":166176,"href":"https:\/\/www.ferberpainting.com\/hr\/wp-json\/wp\/v2\/product\/23490\/revisions\/166176"}],"wp:featuredmedia":[{"embeddable":true,"href":"https:\/\/www.ferberpainting.com\/hr\/wp-json\/wp\/v2\/media\/36302"}],"wp:attachment":[{"href":"https:\/\/www.ferberpainting.com\/hr\/wp-json\/wp\/v2\/media?parent=23490"}],"wp:term":[{"taxonomy":"product_brand","embeddable":true,"href":"https:\/\/www.ferberpainting.com\/hr\/wp-json\/wp\/v2\/product_brand?post=23490"},{"taxonomy":"product_cat","embeddable":true,"href":"https:\/\/www.ferberpainting.com\/hr\/wp-json\/wp\/v2\/product_cat?post=23490"},{"taxonomy":"product_tag","embeddable":true,"href":"https:\/\/www.ferberpainting.com\/hr\/wp-json\/wp\/v2\/product_tag?post=23490"}],"curies":[{"name":"radni list","href":"https:\/\/api.w.org\/{rel}","templated":true}]}}