{"id":23217,"date":"2025-07-01T13:27:04","date_gmt":"2025-07-01T11:27:04","guid":{"rendered":"https:\/\/www.ferberpainting.com\/?post_type=product&#038;p=23217"},"modified":"2026-02-15T13:56:17","modified_gmt":"2026-02-15T12:56:17","slug":"expanding-foam-cleaner","status":"publish","type":"product","link":"https:\/\/www.ferberpainting.com\/hr\/products\/expanding-foam-cleaner\/","title":{"rendered":"\u010cista\u010d PU pjene"},"content":{"rendered":"<p><img decoding=\"async\" style=\"margin-right: 12px;\" src=\"https:\/\/www.ferberpainting.com\/wp-content\/uploads\/2026\/02\/Check.svg\" alt=\"\" width=\"18\" height=\"15\" \/><strong>Optimalna u\u010dinkovitost.<\/strong>\u00a0Ovo sredstvo za \u010di\u0161\u0107enje pjene koja se \u0161iri dizajnirano je za u\u010dinkovito uklanjanje svje\u017eih ostataka poliuretanske pjene s alata, povr\u0161ina, pa \u010dak i ko\u017ee. Njegova sna\u017ena formula brzo otapa nestvrdnutu pjenu i sprje\u010dava prerano stvrdnjavanje, \u0161to olak\u0161ava \u010di\u0161\u0107enje pi\u0161tolja za nano\u0161enje i povr\u0161ina nakon upotrebe. Osigurava \u010dist i uredan rad svaki put sprje\u010davaju\u0107i neugledno nakupljanje pjene.<\/p>\n<p><img decoding=\"async\" style=\"margin-right: 12px;\" src=\"https:\/\/www.ferberpainting.com\/wp-content\/uploads\/2026\/02\/Check.svg\" alt=\"\" width=\"18\" height=\"15\" \/><strong>Jamstvo povrata novca.<\/strong>\u00a0Potpuno smo sigurni u u\u010dinkovitost na\u0161eg sredstva za \u010di\u0161\u0107enje. Ako niste u potpunosti zadovoljni rezultatima, imate pravo na puni povrat novca. Isprobajte na\u0161 proizvod bez rizika i u\u017eivajte u besprijekornom zavr\u0161etku sa svakom upotrebom.<\/p>\n<p><img decoding=\"async\" style=\"margin-right: 12px;\" src=\"https:\/\/www.ferberpainting.com\/wp-content\/uploads\/2026\/02\/Check.svg\" alt=\"\" width=\"18\" height=\"15\" \/><strong>Iznimna svestranost.<\/strong>\u00a0Ovaj \u010dista\u010d nije ograni\u010den samo na pi\u0161tolje za pjenu! Tako\u0111er uklanja svje\u017eu pjenu s raznih materijala poput betona, cementa, morta, metala, drva, plastike, aluminija, stakla i keramike. Tako\u0111er je idealan za \u010di\u0161\u0107enje opreme, radnih povr\u0161ina, pa \u010dak i odje\u0107e dok je pjena jo\u0161 mekana, osiguravaju\u0107i brzo i u\u010dinkovito \u010di\u0161\u0107enje svih zahva\u0107enih povr\u0161ina.<\/p>\n<p><img decoding=\"async\" style=\"margin-right: 12px;\" src=\"https:\/\/www.ferberpainting.com\/wp-content\/uploads\/2026\/02\/Check.svg\" alt=\"\" width=\"18\" height=\"15\" \/><strong>Isplativo.<\/strong>\u00a0S bocom od 5 litara i visokom koncentracijom, ovo sredstvo za \u010di\u0161\u0107enje pru\u017ea izvrstan u\u010dinak. Mala koli\u010dina dovoljna je za otapanje nestvrdnute pjene i \u010di\u0161\u0107enje nekoliko alata ili povr\u0161ina u jednom nano\u0161enju. U prosjeku, jedna litra tretira do 20 m\u00b2 povr\u0161ine zaprljane pjenom, \u0161to ga \u010dini u\u010dinkovitim i ekonomi\u010dnim rje\u0161enjem za redovitu ili intenzivnu upotrebu.<\/p>\n<p><img decoding=\"async\" style=\"margin-right: 12px;\" src=\"https:\/\/www.ferberpainting.com\/wp-content\/uploads\/2026\/02\/Check.svg\" alt=\"\" width=\"18\" height=\"15\" \/><strong>Sigurno za kori\u0161tenje.<\/strong>\u00a0Za razliku od jakih otapala koja mogu o\u0161tetiti materijale ili iritirati ko\u017eu, ovo sredstvo za \u010di\u0161\u0107enje formulirano je da bude sigurno i za povr\u0161ine i za korisnike. Ne sadr\u017ei otrovne pare, ne predstavlja rizik od korozije i jam\u010di sigurnu upotrebu i za profesionalce i za \u201euradi sam\u201c majstore. Njegovo nje\u017eno djelovanje u\u010dinkovito \u010disti bez o\u0161te\u0107enja opreme ili tretiranih povr\u0161ina.<\/p>\n<p><img decoding=\"async\" style=\"margin-right: 12px;\" src=\"https:\/\/www.ferberpainting.com\/wp-content\/uploads\/2026\/02\/Check.svg\" alt=\"\" width=\"18\" height=\"15\" \/><strong>Jednostavnost kori\u0161tenja.<\/strong>\u00a0Ovaj proizvod je spreman za upotrebu i ne zahtijeva razrje\u0111ivanje ili slo\u017eenu pripremu. Nanosi se izravno na nestvrdnutu pjenu krpom, spu\u017evom ili raspr\u0161iva\u010dem. Njegova brza i intuitivna primjena omogu\u0107uje jednostavno uklanjanje ostataka, \u010dine\u0107i \u010di\u0161\u0107enje alata i povr\u0161ine br\u017eim i lak\u0161im nego ikad prije.<\/p>\n<p><img decoding=\"async\" style=\"margin-right: 12px;\" src=\"https:\/\/www.ferberpainting.com\/wp-content\/uploads\/2026\/02\/Check.svg\" alt=\"\" width=\"18\" height=\"15\" \/><strong>Dugotrajna izvedba.<\/strong>\u00a0U\u010dinkovitim uklanjanjem ostataka pjene, ovo sredstvo za \u010di\u0161\u0107enje produljuje vijek trajanja pi\u0161tolja za pjenu i radnih alata. Sprje\u010dava za\u010depljenje komponenti, osiguravaju\u0107i optimalne performanse. Redovita upotreba ovog proizvoda odr\u017eava opremu \u010distom i u dobrom radnom stanju, izbjegavaju\u0107i skupe zamjene zbog za\u010depljenja osu\u0161enom pjenom.<\/p>\n<p><img decoding=\"async\" style=\"margin-right: 12px;\" src=\"https:\/\/www.ferberpainting.com\/wp-content\/uploads\/2026\/02\/Check.svg\" alt=\"\" width=\"18\" height=\"15\" \/><strong>Brza akcija.<\/strong>\u00a0Zahvaljuju\u0107i svojoj visoko reaktivnoj formuli, ovo sredstvo za \u010di\u0161\u0107enje odmah djeluje na svje\u017eu pjenu koja se \u0161iri. U samo nekoliko sekundi otapa ostatke i omogu\u0107uje jednostavno uklanjanje bez ribanja. Pru\u017ea brzo i u\u010dinkovito \u010di\u0161\u0107enje - idealno za radna mjesta gdje su brzina i \u010disto\u0107a klju\u010dni za uredan rezultat.<\/p>\n<h2><strong>Protokol kori\u0161tenja<\/strong><\/h2>\n<ul>\n<li><strong>Priprema <\/strong>Prije nano\u0161enja sredstva za \u010di\u0161\u0107enje provjerite je li pjena koja se \u0161iri jo\u0161 svje\u017ea. Nemojte \u010dekati da se stvrdne kako biste postigli optimalne rezultate.<\/li>\n<li><strong>Povr\u0161inska primjena <\/strong>: Ulijte malu koli\u010dinu sredstva za \u010di\u0161\u0107enje na \u010distu krpu ili spu\u017evu, a zatim nanesite izravno na pjenu kru\u017enim pokretima dok se proizvod ne utrlja.<\/li>\n<li><strong>Upotreba pi\u0161tolja za pjenu <\/strong>Odvijte kori\u0161tenu posudu s pjenom, umetnite mlaznicu sredstva za \u010di\u0161\u0107enje u pi\u0161tolj i prskajte sredstvo dok teku\u0107ina ne po\u010dne istjecati \u010dista. To osigurava potpuno uklanjanje unutarnjih ostataka.<\/li>\n<li><strong>Alati i oprema za \u010di\u0161\u0107enje <\/strong>Nanesite sredstvo za \u010di\u0161\u0107enje na krpu natopljenu proizvodom i obri\u0161ite lopatice, no\u017eeve, gleterice i ostali alat koji se koristi s pjenom. Ostavite da djeluje nekoliko trenutaka, a zatim obri\u0161ite suhom krpom.<\/li>\n<li><strong>\u010ci\u0161\u0107enje odje\u0107e i tkanina <\/strong>: U slu\u010daju prskanja po tkanini, odmah nanesite malu koli\u010dinu sredstva za \u010di\u0161\u0107enje i nje\u017eno istrljajte prije nego \u0161to se pjena stvrdne. Temeljito isperite \u010distom vodom.<\/li>\n<li><strong>Su\u0161enje i zavr\u0161na obrada <\/strong>: Prije ponovne upotrebe ostavite povr\u0161ine da se potpuno osu\u0161e. Kod pi\u0161tolja, potpuno ispraznite mehanizam prije ugradnje novog spremnika.<\/li>\n<li><strong>U\u010destalost kori\u0161tenja <\/strong>Koristiti nakon svakog nano\u0161enja ekspandiraju\u0107e pjene kako bi se sprije\u010dilo za\u010depljenje. Za povr\u0161ine nanijeti \u010dim se pojave ostaci pjene kako bi se sprije\u010dilo stvrdnjavanje.<\/li>\n<li><strong>Pohrana <\/strong>\u010cvrsto zatvorite bo\u010dicu nakon svake upotrebe i \u010duvajte na hladnom i suhom mjestu, za\u0161ti\u0107eno od svjetlosti i ekstremnih temperatura kako biste o\u010duvali dugoro\u010dnu u\u010dinkovitost proizvoda.<\/li>\n<\/ul>\n<p>S na\u0161im ekspandiraju\u0107im pjenastim sredstvom za \u010di\u0161\u0107enje, brzo i u\u010dinkovito uklonite ostatke, a istovremeno odr\u017eavajte svoj alat i radne povr\u0161ine u izvrsnom stanju. Idealno rje\u0161enje za brzo, uredno i jednostavno \u010di\u0161\u0107enje.<\/p>","protected":false},"excerpt":{"rendered":"<p>Optimal Efficiency.\u00a0This expanding foam cleaner is designed to effectively remove fresh polyurethane foam residues from tools, surfaces, and even skin. Its powerful formula rapidly dissolves uncured foam and prevents premature hardening, making it easier to clean applicator guns and surfaces after use. It ensures clean and neat work every time by preventing unsightly foam buildup. [&hellip;]<\/p>\n","protected":false},"featured_media":36372,"comment_status":"open","ping_status":"closed","template":"","meta":{"_uag_custom_page_level_css":"","site-sidebar-layout":"default","site-content-layout":"","ast-site-content-layout":"default","site-content-style":"default","site-sidebar-style":"default","ast-global-header-display":"","ast-banner-title-visibility":"","ast-main-header-display":"","ast-hfb-above-header-display":"","ast-hfb-below-header-display":"","ast-hfb-mobile-header-display":"","site-post-title":"","ast-breadcrumbs-content":"","ast-featured-img":"","footer-sml-layout":"","ast-disable-related-posts":"","theme-transparent-header-meta":"default","adv-header-id-meta":"","stick-header-meta":"","header-above-stick-meta":"","header-main-stick-meta":"","header-below-stick-meta":"","astra-migrate-meta-layouts":"set","ast-page-background-enabled":"default","ast-page-background-meta":{"desktop":{"background-color":"var(--ast-global-color-4)","background-image":"","background-repeat":"repeat","background-position":"center center","background-size":"auto","background-attachment":"scroll","background-type":"","background-media":"","overlay-type":"","overlay-color":"","overlay-opacity":"","overlay-gradient":""},"tablet":{"background-color":"","background-image":"","background-repeat":"repeat","background-position":"center center","background-size":"auto","background-attachment":"scroll","background-type":"","background-media":"","overlay-type":"","overlay-color":"","overlay-opacity":"","overlay-gradient":""},"mobile":{"background-color":"","background-image":"","background-repeat":"repeat","background-position":"center center","background-size":"auto","background-attachment":"scroll","background-type":"","background-media":"","overlay-type":"","overlay-color":"","overlay-opacity":"","overlay-gradient":""}},"ast-content-background-meta":{"desktop":{"background-color":"var(--ast-global-color-5)","background-image":"","background-repeat":"repeat","background-position":"center center","background-size":"auto","background-attachment":"scroll","background-type":"","background-media":"","overlay-type":"","overlay-color":"","overlay-opacity":"","overlay-gradient":""},"tablet":{"background-color":"var(--ast-global-color-5)","background-image":"","background-repeat":"repeat","background-position":"center center","background-size":"auto","background-attachment":"scroll","background-type":"","background-media":"","overlay-type":"","overlay-color":"","overlay-opacity":"","overlay-gradient":""},"mobile":{"background-color":"var(--ast-global-color-5)","background-image":"","background-repeat":"repeat","background-position":"center center","background-size":"auto","background-attachment":"scroll","background-type":"","background-media":"","overlay-type":"","overlay-color":"","overlay-opacity":"","overlay-gradient":""}}},"product_brand":[],"product_cat":[175],"product_tag":[],"class_list":{"0":"post-23217","1":"product","2":"type-product","3":"status-publish","4":"has-post-thumbnail","6":"product_cat-cleaning-products","7":"desktop-align-left","8":"tablet-align-left","9":"mobile-align-left","11":"first","12":"instock","13":"sale","14":"taxable","15":"shipping-taxable","16":"purchasable","17":"product-type-variable","18":"has-default-attributes"},"spectra_custom_meta":{"_visibility":["visible"],"_shopify_product_id":["9104800776437"],"_s2w_shopify_domain":["ferberpainting.myshopify.com"],"_shopify_variant_id":["46620998238453"],"_sku":[""],"_manage_stock":["no"],"total_sales":["1"],"_tax_status":["taxable"],"_tax_class":[""],"_backorders":["no"],"_sold_individually":["no"],"_virtual":["no"],"_downloadable":["no"],"_download_limit":["-1"],"_download_expiry":["-1"],"_stock":[null],"_stock_status":["instock"],"_wc_average_rating":["5.00"],"_wc_review_count":["19"],"_product_attributes":["a:1:{s:6:\"volume\";a:6:{s:4:\"name\";s:6:\"Volume\";s:5:\"value\";s:20:\"5 liters | 25 liters\";s:8:\"position\";i:1;s:10:\"is_visible\";i:0;s:12:\"is_variation\";i:1;s:11:\"is_taxonomy\";i:0;}}"],"_product_version":["10.5.1"],"wpse_downloadable_file_names":[""],"wpse_downloadable_file_urls":[""],"_edit_last":["1"],"_default_attributes":["a:1:{s:6:\"volume\";s:8:\"5 liters\";}"],"_edit_lock":["1771160038:1"],"merchant-center-availability":["yes"],"merchant-center-category":["7504"],"_price":["29.90","129.90"],"_thumbnail_id":["36372"],"_wp_page_template":["default"],"_wp_old_date":["2025-05-26"],"_product_image_gallery":["36373"],"site-sidebar-layout":["default"],"ast-site-content-layout":["default"],"site-content-style":["default"],"site-sidebar-style":["default"],"theme-transparent-header-meta":["default"],"_wc_rating_count":["a:1:{i:5;i:19;}"],"astra-migrate-meta-layouts":["set"],"_uag_css_file_name":["uag-css-23217.css"],"_elementor_page_assets":["a:0:{}"],"_uag_page_assets":["a:9:{s:3:\"css\";s:7133:\".uag-blocks-common-selector{z-index:var(--z-index-desktop) !important}@media(max-width: 976px){.uag-blocks-common-selector{z-index:var(--z-index-tablet) !important}}@media(max-width: 767px){.uag-blocks-common-selector{z-index:var(--z-index-mobile) !important}}.wp-block-uagb-image{display:flex}.wp-block-uagb-image__figure{position:relative;display:flex;flex-direction:column;max-width:100%;height:auto;margin:0}.wp-block-uagb-image__figure img{height:auto;display:flex;max-width:100%;transition:box-shadow .2s ease}.wp-block-uagb-image__figure>a{display:inline-block}.wp-block-uagb-image__figure figcaption{text-align:center;margin-top:.5em;margin-bottom:1em}.wp-block-uagb-image .components-placeholder.block-editor-media-placeholder .components-placeholder__instructions{align-self:center}.wp-block-uagb-image--align-left{text-align:left}.wp-block-uagb-image--align-right{text-align:right}.wp-block-uagb-image--align-center{text-align:center}.wp-block-uagb-image--align-full .wp-block-uagb-image__figure{margin-left:calc(50% - 50vw);margin-right:calc(50% - 50vw);max-width:100vw;width:100vw;height:auto}.wp-block-uagb-image--align-full .wp-block-uagb-image__figure img{height:auto;width:100% !important}.wp-block-uagb-image--align-wide .wp-block-uagb-image__figure img{height:auto;width:100%}.wp-block-uagb-image--layout-overlay__color-wrapper{position:absolute;left:0;top:0;right:0;bottom:0;opacity:.2;background:rgba(0,0,0,.5);transition:opacity .35s ease-in-out}.wp-block-uagb-image--layout-overlay-link{position:absolute;left:0;right:0;bottom:0;top:0}.wp-block-uagb-image--layout-overlay .wp-block-uagb-image__figure:hover .wp-block-uagb-image--layout-overlay__color-wrapper{opacity:1}.wp-block-uagb-image--layout-overlay__inner{position:absolute;left:15px;right:15px;bottom:15px;top:15px;display:flex;align-items:center;justify-content:center;flex-direction:column;border-color:#fff;transition:.35s ease-in-out}.wp-block-uagb-image--layout-overlay__inner.top-left,.wp-block-uagb-image--layout-overlay__inner.top-center,.wp-block-uagb-image--layout-overlay__inner.top-right{justify-content:flex-start}.wp-block-uagb-image--layout-overlay__inner.bottom-left,.wp-block-uagb-image--layout-overlay__inner.bottom-center,.wp-block-uagb-image--layout-overlay__inner.bottom-right{justify-content:flex-end}.wp-block-uagb-image--layout-overlay__inner.top-left,.wp-block-uagb-image--layout-overlay__inner.center-left,.wp-block-uagb-image--layout-overlay__inner.bottom-left{align-items:flex-start}.wp-block-uagb-image--layout-overlay__inner.top-right,.wp-block-uagb-image--layout-overlay__inner.center-right,.wp-block-uagb-image--layout-overlay__inner.bottom-right{align-items:flex-end}.wp-block-uagb-image--layout-overlay__inner .uagb-image-heading{color:#fff;transition:transform .35s,opacity .35s ease-in-out;transform:translate3d(0, 24px, 0);margin:0;line-height:1em}.wp-block-uagb-image--layout-overlay__inner .uagb-image-separator{width:30%;border-top-width:2px;border-top-color:#fff;border-top-style:solid;margin-bottom:10px;opacity:0;transition:transform .4s,opacity .4s ease-in-out;transform:translate3d(0, 30px, 0)}.wp-block-uagb-image--layout-overlay__inner .uagb-image-caption{opacity:0;overflow:visible;color:#fff;transition:transform .45s,opacity .45s ease-in-out;transform:translate3d(0, 35px, 0)}.wp-block-uagb-image--layout-overlay__inner:hover .uagb-image-heading,.wp-block-uagb-image--layout-overlay__inner:hover .uagb-image-separator,.wp-block-uagb-image--layout-overlay__inner:hover .uagb-image-caption{opacity:1;transform:translate3d(0, 0, 0)}.wp-block-uagb-image--effect-zoomin .wp-block-uagb-image__figure img,.wp-block-uagb-image--effect-zoomin .wp-block-uagb-image__figure .wp-block-uagb-image--layout-overlay__color-wrapper{transform:scale(1);transition:transform .35s ease-in-out}.wp-block-uagb-image--effect-zoomin .wp-block-uagb-image__figure:hover img,.wp-block-uagb-image--effect-zoomin .wp-block-uagb-image__figure:hover .wp-block-uagb-image--layout-overlay__color-wrapper{transform:scale(1.05)}.wp-block-uagb-image--effect-slide .wp-block-uagb-image__figure img,.wp-block-uagb-image--effect-slide .wp-block-uagb-image__figure .wp-block-uagb-image--layout-overlay__color-wrapper{width:calc(100% + 40px) !important;max-width:none !important;transform:translate3d(-40px, 0, 0);transition:transform .35s ease-in-out}.wp-block-uagb-image--effect-slide .wp-block-uagb-image__figure:hover img,.wp-block-uagb-image--effect-slide .wp-block-uagb-image__figure:hover .wp-block-uagb-image--layout-overlay__color-wrapper{transform:translate3d(0, 0, 0)}.wp-block-uagb-image--effect-grayscale img{filter:grayscale(0%);transition:.35s ease-in-out}.wp-block-uagb-image--effect-grayscale:hover img{filter:grayscale(100%)}.wp-block-uagb-image--effect-blur img{filter:blur(0);transition:.35s ease-in-out}.wp-block-uagb-image--effect-blur:hover img{filter:blur(3px)}.uagb-block-e6f939b3.wp-block-uagb-image--layout-default figure img{box-shadow: 0px 0px 0 #00000070;}.uagb-block-e6f939b3.wp-block-uagb-image .wp-block-uagb-image__figure figcaption{font-style: normal;align-self: center;}.uagb-block-e6f939b3.wp-block-uagb-image--layout-overlay figure img{box-shadow: 0px 0px 0 #00000070;}.uagb-block-e6f939b3.wp-block-uagb-image--layout-overlay .wp-block-uagb-image--layout-overlay__color-wrapper{opacity: 0.2;}.uagb-block-e6f939b3.wp-block-uagb-image--layout-overlay .wp-block-uagb-image--layout-overlay__inner{left: 15px;right: 15px;top: 15px;bottom: 15px;}.uagb-block-e6f939b3.wp-block-uagb-image--layout-overlay .wp-block-uagb-image--layout-overlay__inner .uagb-image-heading{font-style: normal;color: #fff;opacity: 1;}.uagb-block-e6f939b3.wp-block-uagb-image--layout-overlay .wp-block-uagb-image--layout-overlay__inner .uagb-image-heading a{color: #fff;}.uagb-block-e6f939b3.wp-block-uagb-image--layout-overlay .wp-block-uagb-image--layout-overlay__inner .uagb-image-caption{opacity: 0;}.uagb-block-e6f939b3.wp-block-uagb-image--layout-overlay .wp-block-uagb-image__figure:hover .wp-block-uagb-image--layout-overlay__color-wrapper{opacity: 1;}.uagb-block-e6f939b3.wp-block-uagb-image .wp-block-uagb-image--layout-overlay__inner .uagb-image-separator{width: 30%;border-top-width: 2px;border-top-color: #fff;opacity: 0;}.uagb-block-e6f939b3.wp-block-uagb-image .wp-block-uagb-image__figure img{width: px;height: auto;}.uagb-block-e6f939b3.wp-block-uagb-image .wp-block-uagb-image__figure:hover .wp-block-uagb-image--layout-overlay__inner .uagb-image-caption{opacity: 1;}.uagb-block-e6f939b3.wp-block-uagb-image .wp-block-uagb-image__figure:hover .wp-block-uagb-image--layout-overlay__inner .uagb-image-separator{opacity: 1;}.uagb-block-e6f939b3.wp-block-uagb-image--layout-default figure:hover img{box-shadow: 0px 0px 0 #00000070;}.uagb-block-e6f939b3.wp-block-uagb-image--layout-overlay figure:hover img{box-shadow: 0px 0px 0 #00000070;}@media only screen and (max-width: 976px) {.uagb-block-e6f939b3.wp-block-uagb-image .wp-block-uagb-image__figure img{width: px;height: auto;}}@media only screen and (max-width: 767px) {.uagb-block-e6f939b3.wp-block-uagb-image .wp-block-uagb-image__figure img{width: px;height: auto;}}\";s:2:\"js\";s:0:\"\";s:18:\"current_block_list\";a:13:{i:0;s:11:\"core\/search\";i:1;s:10:\"core\/group\";i:2;s:12:\"core\/heading\";i:3;s:17:\"core\/latest-posts\";i:4;s:20:\"core\/latest-comments\";i:5;s:13:\"core\/archives\";i:6;s:15:\"core\/categories\";i:7;s:14:\"core\/paragraph\";i:8;s:10:\"uagb\/image\";i:9;s:11:\"core\/spacer\";i:10;s:30:\"woocommerce\/product-categories\";i:11;s:10:\"core\/image\";i:12;s:14:\"core\/shortcode\";}s:8:\"uag_flag\";b:1;s:11:\"uag_version\";s:10:\"1777228540\";s:6:\"gfonts\";a:0:{}s:10:\"gfonts_url\";s:0:\"\";s:12:\"gfonts_files\";a:0:{}s:14:\"uag_faq_layout\";b:0;}"]},"uagb_featured_image_src":{"full":["https:\/\/www.ferberpainting.com\/wp-content\/uploads\/2025\/05\/Expanding-Foam-Cleaner-5L.png",2560,2560,false],"thumbnail":["https:\/\/www.ferberpainting.com\/wp-content\/uploads\/2025\/05\/Expanding-Foam-Cleaner-5L-150x150.png",150,150,true],"medium":["https:\/\/www.ferberpainting.com\/wp-content\/uploads\/2025\/05\/Expanding-Foam-Cleaner-5L-300x300.png",300,300,true],"medium_large":["https:\/\/www.ferberpainting.com\/wp-content\/uploads\/2025\/05\/Expanding-Foam-Cleaner-5L-768x768.png",768,768,true],"large":["https:\/\/www.ferberpainting.com\/wp-content\/uploads\/2025\/05\/Expanding-Foam-Cleaner-5L-1024x1024.png",1024,1024,true],"1536x1536":["https:\/\/www.ferberpainting.com\/wp-content\/uploads\/2025\/05\/Expanding-Foam-Cleaner-5L-1536x1536.png",1536,1536,true],"2048x2048":["https:\/\/www.ferberpainting.com\/wp-content\/uploads\/2025\/05\/Expanding-Foam-Cleaner-5L-2048x2048.png",2048,2048,true],"trp-custom-language-flag":["https:\/\/www.ferberpainting.com\/wp-content\/uploads\/2025\/05\/Expanding-Foam-Cleaner-5L-12x12.png",12,12,true],"woocommerce_thumbnail":["https:\/\/www.ferberpainting.com\/wp-content\/uploads\/2025\/05\/Expanding-Foam-Cleaner-5L-300x300.png",300,300,true],"woocommerce_single":["https:\/\/www.ferberpainting.com\/wp-content\/uploads\/2025\/05\/Expanding-Foam-Cleaner-5L-600x600.png",600,600,true],"woocommerce_gallery_thumbnail":["https:\/\/www.ferberpainting.com\/wp-content\/uploads\/2025\/05\/Expanding-Foam-Cleaner-5L-100x100.png",100,100,true]},"uagb_author_info":{"display_name":"admin","author_link":"https:\/\/www.ferberpainting.com\/hr\/author\/"},"uagb_comment_info":19,"uagb_excerpt":"Optimal Efficiency.\u00a0This expanding foam cleaner is designed to effectively remove fresh polyurethane foam residues from tools, surfaces, and even skin. Its powerful formula rapidly dissolves uncured foam and prevents premature hardening, making it easier to clean applicator guns and surfaces after use. It ensures clean and neat work every time by preventing unsightly foam buildup.&hellip;","_links":{"self":[{"href":"https:\/\/www.ferberpainting.com\/hr\/wp-json\/wp\/v2\/product\/23217","targetHints":{"allow":["GET"]}}],"collection":[{"href":"https:\/\/www.ferberpainting.com\/hr\/wp-json\/wp\/v2\/product"}],"about":[{"href":"https:\/\/www.ferberpainting.com\/hr\/wp-json\/wp\/v2\/types\/product"}],"replies":[{"embeddable":true,"href":"https:\/\/www.ferberpainting.com\/hr\/wp-json\/wp\/v2\/comments?post=23217"}],"version-history":[{"count":4,"href":"https:\/\/www.ferberpainting.com\/hr\/wp-json\/wp\/v2\/product\/23217\/revisions"}],"predecessor-version":[{"id":166107,"href":"https:\/\/www.ferberpainting.com\/hr\/wp-json\/wp\/v2\/product\/23217\/revisions\/166107"}],"wp:featuredmedia":[{"embeddable":true,"href":"https:\/\/www.ferberpainting.com\/hr\/wp-json\/wp\/v2\/media\/36372"}],"wp:attachment":[{"href":"https:\/\/www.ferberpainting.com\/hr\/wp-json\/wp\/v2\/media?parent=23217"}],"wp:term":[{"taxonomy":"product_brand","embeddable":true,"href":"https:\/\/www.ferberpainting.com\/hr\/wp-json\/wp\/v2\/product_brand?post=23217"},{"taxonomy":"product_cat","embeddable":true,"href":"https:\/\/www.ferberpainting.com\/hr\/wp-json\/wp\/v2\/product_cat?post=23217"},{"taxonomy":"product_tag","embeddable":true,"href":"https:\/\/www.ferberpainting.com\/hr\/wp-json\/wp\/v2\/product_tag?post=23217"}],"curies":[{"name":"radni list","href":"https:\/\/api.w.org\/{rel}","templated":true}]}}