{"id":23191,"date":"2025-05-26T10:23:14","date_gmt":"2025-05-26T08:23:14","guid":{"rendered":"https:\/\/www.ferberpainting.com\/products\/damp-wall-and-rising-damp-treatment\/"},"modified":"2026-02-15T13:46:22","modified_gmt":"2026-02-15T12:46:22","slug":"damp-wall-and-rising-damp-treatment","status":"publish","type":"product","link":"https:\/\/www.ferberpainting.com\/hr\/products\/damp-wall-and-rising-damp-treatment\/","title":{"rendered":"Tretman vla\u017enog zida i kapilarne vlage"},"content":{"rendered":"<p><img decoding=\"async\" style=\"margin-right: 12px;\" src=\"https:\/\/www.ferberpainting.com\/wp-content\/uploads\/2026\/02\/Check.svg\" alt=\"\" width=\"18\" height=\"15\" \/><strong>Dugotrajno uklanjanje vlage.<\/strong>\u00a0Ovaj posebno osmi\u0161ljen tretman za vla\u017ene zidove u\u010dinkovito blokira porast vlage i sprje\u010dava prodiranje vode u zidove kroz kapilarnost. Zahvaljuju\u0107i visokou\u010dinkovitom hidroizolacijskom djelovanju, stvara nepropusnu barijeru koja trajno zaustavlja porast vlage i \u0161titi konstrukcije od o\u0161te\u0107enja uzrokovanih vodom.<\/p>\n<p><img decoding=\"async\" style=\"margin-right: 12px;\" src=\"https:\/\/www.ferberpainting.com\/wp-content\/uploads\/2026\/02\/Check.svg\" alt=\"\" width=\"18\" height=\"15\" \/><strong>Jamstvo povrata novca.<\/strong>\u00a0Budu\u0107i da imamo potpuno povjerenje u u\u010dinkovitost na\u0161eg tretmana za hidrataciju, nudimo jamstvo povrata novca. Ako proizvod ne ispuni va\u0161a o\u010dekivanja nakon nano\u0161enja prema preporukama, mo\u017eete zatra\u017eiti povrat novca, osiguravaju\u0107i sigurnu i bezrizi\u010dnu kupnju.<\/p>\n<p><img decoding=\"async\" style=\"margin-right: 12px;\" src=\"https:\/\/www.ferberpainting.com\/wp-content\/uploads\/2026\/02\/Check.svg\" alt=\"\" width=\"18\" height=\"15\" \/><strong>Pogodno za razne materijale.<\/strong>\u00a0Ovaj tretman protiv vlage kompatibilan je sa \u0161irokim rasponom mineralnih povr\u0161ina kao \u0161to su beton, cigla, prirodni kamen, cement i blokovi od \u0161ljake. Mo\u017ee se nanositi na unutarnje i vanjske zidove i idealan je za podrume, fasade ili bilo koje drugo podru\u010dje pogo\u0111eno porastom vlage.<\/p>\n<p><img decoding=\"async\" style=\"margin-right: 12px;\" src=\"https:\/\/www.ferberpainting.com\/wp-content\/uploads\/2026\/02\/Check.svg\" alt=\"\" width=\"18\" height=\"15\" \/><strong>Isplativa i visokou\u010dinkovita pokrivenost.<\/strong>\u00a0Zahvaljuju\u0107i optimiziranoj koncentraciji, jedna litra proizvoda mo\u017ee tretirati pribli\u017eno 1 m\u00b2 zida, ovisno o njegovoj poroznosti i debljini. Spremnik od 5 l osigurava opse\u017enu pokrivenost s izvrsnim omjerom cijene i u\u010dinkovitosti. Njegovo dugotrajno djelovanje eliminira potrebu za ponovljenim tretmanima, \u0161to ga \u010dini ekonomi\u010dnim rje\u0161enjem na duge staze.<\/p>\n<p><img decoding=\"async\" style=\"margin-right: 12px;\" src=\"https:\/\/www.ferberpainting.com\/wp-content\/uploads\/2026\/02\/Check.svg\" alt=\"\" width=\"18\" height=\"15\" \/><strong>Sigurnost i netoksi\u010dnost.<\/strong>\u00a0Ovaj hidroizolacijski tretman formuliran je bez agresivnih otrovnih sastojaka i ne ispu\u0161ta opasne pare, \u0161to osigurava sigurnu upotrebu i za izvo\u0111a\u010de i za korisnike. U skladu je s va\u017ee\u0107im propisima o za\u0161titi okoli\u0161a i ne predstavlja rizik za tretirane povr\u0161ine.<\/p>\n<p><img decoding=\"async\" style=\"margin-right: 12px;\" src=\"https:\/\/www.ferberpainting.com\/wp-content\/uploads\/2026\/02\/Check.svg\" alt=\"\" width=\"18\" height=\"15\" \/><strong>Jednostavna primjena.<\/strong>\u00a0Dizajniran za upotrebu od strane profesionalaca i pojedinaca, ovaj tretman se nanosi injektiranjem u zidove nakon jednostavnog bu\u0161enja u redovitim intervalima. Ne zahtijeva napredne tehni\u010dke vje\u0161tine i omogu\u0107uje brzu primjenu standardnim alatima, osiguravaju\u0107i trenutnu i dugotrajnu u\u010dinkovitost.<\/p>\n<p><img decoding=\"async\" style=\"margin-right: 12px;\" src=\"https:\/\/www.ferberpainting.com\/wp-content\/uploads\/2026\/02\/Check.svg\" alt=\"\" width=\"18\" height=\"15\" \/><strong>Iznimna izdr\u017eljivost.<\/strong>\u00a0Za razliku od privremenih rje\u0161enja poput boja protiv vlage ili vodootpornih premaza, ovaj tretman prodire duboko u strukturu i ostaje u\u010dinkovit nekoliko desetlje\u0107a. Nakon nano\u0161enja, kontinuirano \u0161titi zid i sprje\u010dava daljnji porast vlage, sprje\u010davaju\u0107i propadanje premaza i boja.<\/p>\n<p><img decoding=\"async\" style=\"margin-right: 12px;\" src=\"https:\/\/www.ferberpainting.com\/wp-content\/uploads\/2026\/02\/Check.svg\" alt=\"\" width=\"18\" height=\"15\" \/><strong>Brzo djelovanje i vidljivi rezultati.<\/strong>\u00a0Ovaj proizvod djeluje brzo, s efektima vidljivim unutar nekoliko dana do nekoliko tjedana, ovisno o razini vla\u017enosti zida. Od trenutka nano\u0161enja po\u010dinje blokirati vodu i postupno isu\u0161ivanje zidova, \u0161to dovodi do zna\u010dajnog pobolj\u0161anja njihovog stanja u kratkom roku.<\/p>\n<h2><strong>Protokol kori\u0161tenja<\/strong><\/h2>\n<ul>\n<li><strong>Priprema zida:<\/strong> Provjerite stanje povr\u0161ina i identificirajte podru\u010dja zahva\u0107ena porastom vlage. Ako su prisutne naslage soli (cvjetanje) ili plijesan, o\u010distite povr\u0161inu prije nano\u0161enja.<\/li>\n<li><strong>Bu\u0161enje rupa za injektiranje:<\/strong> Izbu\u0161ite rupe promjera pribli\u017eno 10 do 14 mm, na 15 cm od tla, odr\u017eavaju\u0107i razmak od 10 do 15 cm izme\u0111u svake rupe. Rupe bi trebale biti blago nagnute prema dolje kako bi se osigurala bolja difuzija proizvoda.<\/li>\n<li><strong>Ubrizgavanje tretmana:<\/strong> Ubrizgajte proizvod u svaku rupu pomo\u0107u injektora ili prikladne \u0161price, paze\u0107i da je stijenka duboko zasi\u0107ena. Pustite da proizvod prodre i ponovite postupak ako je potrebno kako biste osigurali optimalnu za\u0161titu.<\/li>\n<li><strong>Su\u0161enje i isparavanje vlage:<\/strong> Pustite da proizvod djeluje i pratite proces smanjenja vlage. Potpuno su\u0161enje zida mo\u017ee potrajati od nekoliko tjedana do nekoliko mjeseci, ovisno o po\u010detnoj razini vlage i debljini zidova.<\/li>\n<li><strong>Brtvljenje rupa:<\/strong> Nakon \u0161to se zid stabilizira, rupe zatvorite odgovaraju\u0107im mortom ili zavr\u0161nom \u017ebukom kako biste vratili ujedna\u010denu i estetsku povr\u0161inu.<\/li>\n<li><strong>Zavr\u0161ni dodiri:<\/strong> Nakon \u0161to se vlaga potpuno ukloni, po potrebi nanesite kompatibilnu boju ili premaz kako biste za\u0161titili i pobolj\u0161ali tretiranu povr\u0161inu.<\/li>\n<\/ul>","protected":false},"excerpt":{"rendered":"<p>Long-lasting Moisture Elimination.\u00a0This specially designed treatment for damp walls effectively blocks rising damp and prevents water from infiltrating the walls through capillarity. Thanks to its high-performance waterproofing action, it forms an impermeable barrier that permanently stops ascending moisture and protects structures from water-related damage. Money-back Guarantee.\u00a0Because we have complete confidence in the effectiveness of our [&hellip;]<\/p>\n","protected":false},"featured_media":25750,"comment_status":"open","ping_status":"closed","template":"","meta":{"_uag_custom_page_level_css":"","site-sidebar-layout":"default","site-content-layout":"","ast-site-content-layout":"default","site-content-style":"default","site-sidebar-style":"default","ast-global-header-display":"","ast-banner-title-visibility":"","ast-main-header-display":"","ast-hfb-above-header-display":"","ast-hfb-below-header-display":"","ast-hfb-mobile-header-display":"","site-post-title":"","ast-breadcrumbs-content":"","ast-featured-img":"","footer-sml-layout":"","ast-disable-related-posts":"","theme-transparent-header-meta":"default","adv-header-id-meta":"","stick-header-meta":"","header-above-stick-meta":"","header-main-stick-meta":"","header-below-stick-meta":"","astra-migrate-meta-layouts":"set","ast-page-background-enabled":"default","ast-page-background-meta":{"desktop":{"background-color":"var(--ast-global-color-4)","background-image":"","background-repeat":"repeat","background-position":"center center","background-size":"auto","background-attachment":"scroll","background-type":"","background-media":"","overlay-type":"","overlay-color":"","overlay-opacity":"","overlay-gradient":""},"tablet":{"background-color":"","background-image":"","background-repeat":"repeat","background-position":"center center","background-size":"auto","background-attachment":"scroll","background-type":"","background-media":"","overlay-type":"","overlay-color":"","overlay-opacity":"","overlay-gradient":""},"mobile":{"background-color":"","background-image":"","background-repeat":"repeat","background-position":"center center","background-size":"auto","background-attachment":"scroll","background-type":"","background-media":"","overlay-type":"","overlay-color":"","overlay-opacity":"","overlay-gradient":""}},"ast-content-background-meta":{"desktop":{"background-color":"var(--ast-global-color-5)","background-image":"","background-repeat":"repeat","background-position":"center center","background-size":"auto","background-attachment":"scroll","background-type":"","background-media":"","overlay-type":"","overlay-color":"","overlay-opacity":"","overlay-gradient":""},"tablet":{"background-color":"var(--ast-global-color-5)","background-image":"","background-repeat":"repeat","background-position":"center center","background-size":"auto","background-attachment":"scroll","background-type":"","background-media":"","overlay-type":"","overlay-color":"","overlay-opacity":"","overlay-gradient":""},"mobile":{"background-color":"var(--ast-global-color-5)","background-image":"","background-repeat":"repeat","background-position":"center center","background-size":"auto","background-attachment":"scroll","background-type":"","background-media":"","overlay-type":"","overlay-color":"","overlay-opacity":"","overlay-gradient":""}}},"product_brand":[],"product_cat":[176],"product_tag":[],"class_list":{"0":"post-23191","1":"product","2":"type-product","3":"status-publish","4":"has-post-thumbnail","6":"product_cat-concrete-treatment","7":"desktop-align-left","8":"tablet-align-left","9":"mobile-align-left","11":"first","12":"instock","13":"sale","14":"shipping-taxable","15":"purchasable","16":"product-type-variable","17":"has-default-attributes"},"spectra_custom_meta":{"_visibility":["visible"],"_shopify_product_id":["9058928328949"],"_s2w_shopify_domain":["ferberpainting.myshopify.com"],"_shopify_variant_id":["46479679586549"],"_sku":[""],"_manage_stock":["no"],"total_sales":["208"],"_tax_status":["taxable"],"_tax_class":[""],"_backorders":["no"],"_sold_individually":["no"],"_virtual":["no"],"_downloadable":["no"],"_download_limit":["-1"],"_download_expiry":["-1"],"_stock":[null],"_stock_status":["instock"],"_wc_average_rating":["4.67"],"_wc_review_count":["6"],"_product_attributes":["a:1:{s:6:\"volume\";a:6:{s:4:\"name\";s:6:\"Volume\";s:5:\"value\";s:20:\"5 liters | 25 liters\";s:8:\"position\";i:1;s:10:\"is_visible\";i:0;s:12:\"is_variation\";i:1;s:11:\"is_taxonomy\";i:0;}}"],"_product_version":["10.5.1"],"_thumbnail_id":["25750"],"_product_image_gallery":["25751"],"wpse_downloadable_file_names":[""],"wpse_downloadable_file_urls":[""],"_edit_last":["1"],"_default_attributes":["a:1:{s:6:\"volume\";s:8:\"5 liters\";}"],"_edit_lock":["1771159457:1"],"merchant-center-availability":["yes"],"merchant-center-category":["2277"],"_price":["29.90","129.90"],"_wp_page_template":["default"],"site-sidebar-layout":["default"],"ast-site-content-layout":["default"],"site-content-style":["default"],"site-sidebar-style":["default"],"theme-transparent-header-meta":["default"],"_wc_rating_count":["a:2:{i:4;i:2;i:5;i:4;}"],"astra-migrate-meta-layouts":["set"],"_uag_css_file_name":["uag-css-23191.css"],"_elementor_page_assets":["a:0:{}"]},"uagb_featured_image_src":{"full":["https:\/\/www.ferberpainting.com\/wp-content\/uploads\/2025\/05\/DampWallandRisingDampTreatment5L.png",2560,2560,false],"thumbnail":["https:\/\/www.ferberpainting.com\/wp-content\/uploads\/2025\/05\/DampWallandRisingDampTreatment5L-150x150.png",150,150,true],"medium":["https:\/\/www.ferberpainting.com\/wp-content\/uploads\/2025\/05\/DampWallandRisingDampTreatment5L-300x300.png",300,300,true],"medium_large":["https:\/\/www.ferberpainting.com\/wp-content\/uploads\/2025\/05\/DampWallandRisingDampTreatment5L-768x768.png",768,768,true],"large":["https:\/\/www.ferberpainting.com\/wp-content\/uploads\/2025\/05\/DampWallandRisingDampTreatment5L-1024x1024.png",1024,1024,true],"1536x1536":["https:\/\/www.ferberpainting.com\/wp-content\/uploads\/2025\/05\/DampWallandRisingDampTreatment5L-1536x1536.png",1536,1536,true],"2048x2048":["https:\/\/www.ferberpainting.com\/wp-content\/uploads\/2025\/05\/DampWallandRisingDampTreatment5L-2048x2048.png",2048,2048,true],"trp-custom-language-flag":["https:\/\/www.ferberpainting.com\/wp-content\/uploads\/2025\/05\/DampWallandRisingDampTreatment5L-12x12.png",12,12,true],"woocommerce_thumbnail":["https:\/\/www.ferberpainting.com\/wp-content\/uploads\/2025\/05\/DampWallandRisingDampTreatment5L-300x300.png",300,300,true],"woocommerce_single":["https:\/\/www.ferberpainting.com\/wp-content\/uploads\/2025\/05\/DampWallandRisingDampTreatment5L-600x600.png",600,600,true],"woocommerce_gallery_thumbnail":["https:\/\/www.ferberpainting.com\/wp-content\/uploads\/2025\/05\/DampWallandRisingDampTreatment5L-100x100.png",100,100,true]},"uagb_author_info":{"display_name":"admin","author_link":"https:\/\/www.ferberpainting.com\/hr\/author\/"},"uagb_comment_info":6,"uagb_excerpt":"Long-lasting Moisture Elimination.\u00a0This specially designed treatment for damp walls effectively blocks rising damp and prevents water from infiltrating the walls through capillarity. Thanks to its high-performance waterproofing action, it forms an impermeable barrier that permanently stops ascending moisture and protects structures from water-related damage. Money-back Guarantee.\u00a0Because we have complete confidence in the effectiveness of our&hellip;","_links":{"self":[{"href":"https:\/\/www.ferberpainting.com\/hr\/wp-json\/wp\/v2\/product\/23191","targetHints":{"allow":["GET"]}}],"collection":[{"href":"https:\/\/www.ferberpainting.com\/hr\/wp-json\/wp\/v2\/product"}],"about":[{"href":"https:\/\/www.ferberpainting.com\/hr\/wp-json\/wp\/v2\/types\/product"}],"replies":[{"embeddable":true,"href":"https:\/\/www.ferberpainting.com\/hr\/wp-json\/wp\/v2\/comments?post=23191"}],"version-history":[{"count":4,"href":"https:\/\/www.ferberpainting.com\/hr\/wp-json\/wp\/v2\/product\/23191\/revisions"}],"predecessor-version":[{"id":166093,"href":"https:\/\/www.ferberpainting.com\/hr\/wp-json\/wp\/v2\/product\/23191\/revisions\/166093"}],"wp:featuredmedia":[{"embeddable":true,"href":"https:\/\/www.ferberpainting.com\/hr\/wp-json\/wp\/v2\/media\/25750"}],"wp:attachment":[{"href":"https:\/\/www.ferberpainting.com\/hr\/wp-json\/wp\/v2\/media?parent=23191"}],"wp:term":[{"taxonomy":"product_brand","embeddable":true,"href":"https:\/\/www.ferberpainting.com\/hr\/wp-json\/wp\/v2\/product_brand?post=23191"},{"taxonomy":"product_cat","embeddable":true,"href":"https:\/\/www.ferberpainting.com\/hr\/wp-json\/wp\/v2\/product_cat?post=23191"},{"taxonomy":"product_tag","embeddable":true,"href":"https:\/\/www.ferberpainting.com\/hr\/wp-json\/wp\/v2\/product_tag?post=23191"}],"curies":[{"name":"radni list","href":"https:\/\/api.w.org\/{rel}","templated":true}]}}