{"id":23177,"date":"2025-07-01T16:48:49","date_gmt":"2025-07-01T14:48:49","guid":{"rendered":"https:\/\/www.ferberpainting.com\/?post_type=product&#038;p=23177"},"modified":"2026-02-15T13:40:14","modified_gmt":"2026-02-15T12:40:14","slug":"concrete-block-water-repellent","status":"publish","type":"product","link":"https:\/\/www.ferberpainting.com\/hr\/products\/concrete-block-water-repellent\/","title":{"rendered":"Vodoodbojni betonski blok"},"content":{"rendered":"<p><img decoding=\"async\" style=\"margin-right: 12px;\" src=\"https:\/\/www.ferberpainting.com\/wp-content\/uploads\/2026\/02\/Check.svg\" alt=\"\" width=\"18\" height=\"15\" \/><strong>U\u010dinkovita za\u0161tita od vlage.<\/strong>\u00a0Hidroizolacija betonskih blokova dizajnirana je za optimalnu za\u0161titu od vlage i prodiranja vode u zidove od betonskih blokova. Zahvaljuju\u0107i posebno razvijenoj formuli, stvara nevidljivu barijeru koja sprje\u010dava prodiranje vode, a istovremeno omogu\u0107uje materijalu da di\u0161e. Idealan za vanjske zidove i temelje, ovaj proizvod poma\u017ee u o\u010duvanju strukture i sprje\u010davanju o\u0161te\u0107enja uzrokovanih vlagom, poput plijesni i degradacije materijala.<\/p>\n<p><img decoding=\"async\" style=\"margin-right: 12px;\" src=\"https:\/\/www.ferberpainting.com\/wp-content\/uploads\/2026\/02\/Check.svg\" alt=\"\" width=\"18\" height=\"15\" \/><strong>Jamstvo povrata novca.<\/strong>\u00a0\u010cvrsto vjerujemo u kvalitetu na\u0161eg proizvoda, zbog \u010dega nudimo jamstvo zadovoljstva ili povrata novca. Ako iz bilo kojeg razloga niste u potpunosti zadovoljni hidroizolacijom betonskih blokova, mo\u017eete zatra\u017eiti puni povrat novca. Ovo jamstvo vam omogu\u0107uje kupnju s potpunim povjerenjem, znaju\u0107i da nemate \u0161to izgubiti.<\/p>\n<p><img decoding=\"async\" style=\"margin-right: 12px;\" src=\"https:\/\/www.ferberpainting.com\/wp-content\/uploads\/2026\/02\/Check.svg\" alt=\"\" width=\"18\" height=\"15\" \/><strong>Kompatibilno s mnogim materijalima.<\/strong>\u00a0Iako je prvenstveno namijenjen betonskim blokovima, ovaj proizvod tako\u0111er vrlo dobro djeluje na druge zidarske materijale poput betona, cementa, morta, pa \u010dak i opeke. Ova svestranost \u010dini hidroizolaciju za betonske blokove idealnim rje\u0161enjem za projekte obnove ili gradnje, poma\u017eu\u0107i u za\u0161titi raznih povr\u0161ina od vlage i prodiranja vode.<\/p>\n<p><img decoding=\"async\" style=\"margin-right: 12px;\" src=\"https:\/\/www.ferberpainting.com\/wp-content\/uploads\/2026\/02\/Check.svg\" alt=\"\" width=\"18\" height=\"15\" \/><strong>Ekonomi\u010dne performanse.<\/strong>\u00a0Hidroizolacija betonskih blokova nudi izvrsnu vrijednost za novac zahvaljuju\u0107i ekonomi\u010dnom prinosu. Spremnik od 5 litara pokriva povr\u0161inu od 30 do 50 m\u00b2, ovisno o poroznosti materijala koji se tretira. S ovom visokom pokriveno\u0161\u0107u mo\u017eete tretirati veliku povr\u0161inu relativno malom koli\u010dinom proizvoda, \u0161to poma\u017ee u smanjenju tro\u0161kova uz osiguravanje visokokvalitetne za\u0161tite. Stoga je to isplativo rje\u0161enje za tretiranje velikih povr\u0161ina.<\/p>\n<p><img decoding=\"async\" style=\"margin-right: 12px;\" src=\"https:\/\/www.ferberpainting.com\/wp-content\/uploads\/2026\/02\/Check.svg\" alt=\"\" width=\"18\" height=\"15\" \/><strong>Sigurno za kori\u0161tenje.<\/strong>\u00a0Hidroizolacija betonskih blokova dizajnirana je za sigurnu upotrebu. Njegova formula je netoksi\u010dna i ne ispu\u0161ta \u0161tetne pare tijekom nano\u0161enja, \u0161to ga \u010dini ekolo\u0161ki i zdravstveno prihvatljivim. Mo\u017eete ga sigurno koristiti u zatvorenom ili na otvorenom prostoru, a savr\u0161eno je prikladan za osobe osjetljive na jake kemikalije.<\/p>\n<p><img decoding=\"async\" style=\"margin-right: 12px;\" src=\"https:\/\/www.ferberpainting.com\/wp-content\/uploads\/2026\/02\/Check.svg\" alt=\"\" width=\"18\" height=\"15\" \/><strong>Jednostavno za nano\u0161enje.<\/strong>\u00a0Nano\u0161enje hidroizolacije za betonske blokove je jednostavno i brzo. Ovaj proizvod je spreman za upotrebu i ne zahtijeva razrje\u0111ivanje. Jednostavno nanesite ravnomjeran sloj na povr\u0161inu raspr\u0161iva\u010dem, \u010detkom ili valjkom. Njegova teku\u0107a tekstura omogu\u0107uje ravnomjerno pokrivanje i duboko prodiranje u pore betonskog bloka, \u010dime se osigurava trajna za\u0161tita od vlage bez napora.<\/p>\n<p><img decoding=\"async\" style=\"margin-right: 12px;\" src=\"https:\/\/www.ferberpainting.com\/wp-content\/uploads\/2026\/02\/Check.svg\" alt=\"\" width=\"18\" height=\"15\" \/><strong>Trajnost i otpornost.<\/strong>\u00a0Nakon nano\u0161enja, hidroizolacija betonskih blokova stvara dugotrajnu za\u0161titu. \u0160titi od prodiranja vode, mrlja, prljav\u0161tine i degradacije uzrokovane vlagom. Ova za\u0161tita ostaje u\u010dinkovita nekoliko godina, smanjuju\u0107i potrebu za \u010destom ponovnom primjenom. Osigurava dugovje\u010dnost va\u0161ih zidova i temelja, a istovremeno odr\u017eava strukturni integritet va\u0161ih zgrada.<\/p>\n<p><img decoding=\"async\" style=\"margin-right: 12px;\" src=\"https:\/\/www.ferberpainting.com\/wp-content\/uploads\/2026\/02\/Check.svg\" alt=\"\" width=\"18\" height=\"15\" \/><strong>Brzo nano\u0161enje i su\u0161enje.<\/strong>\u00a0Ovaj proizvod se tako\u0111er isti\u010de po brzoj primjeni. Nakon nano\u0161enja, hidroizolacija betonskih blokova brzo se su\u0161i, za samo 1 do 2 sata. Stoga mo\u017eete nastaviti s tretiranjem velikih povr\u0161ina bez gubitka vremena. Za maksimalnu za\u0161titu preporu\u010duje se da se proizvod potpuno osu\u0161i 24 sata prije ponovnog pu\u0161tanja tretiranih povr\u0161ina u upotrebu. Ova brzina poma\u017ee u smanjenju vremena zastoja, a istovremeno osigurava u\u010dinkovitu za\u0161titu u najkra\u0107em mogu\u0107em roku.<\/p>\n<h2><strong>Protokol kori\u0161tenja<\/strong><\/h2>\n<ul>\n<li><strong>Priprema povr\u0161ine <\/strong>Prije nano\u0161enja hidroizolacije betonskih blokova, provjerite je li povr\u0161ina \u010dista, suha i bez prljav\u0161tine. Ako je potrebno, o\u010distite betonske blokove \u010distom vodom i blagim deterd\u017eentom kako biste uklonili prljav\u0161tinu ili plijesan. Prije nano\u0161enja proizvoda ostavite povr\u0161inu da se potpuno osu\u0161i.<\/li>\n<li><strong>Primjena proizvoda <\/strong>Hidroizolacija betonskih blokova spremna je za upotrebu i ne zahtijeva razrje\u0111ivanje. Nanesite je izravno na betonske blokove pomo\u0107u raspr\u0161iva\u010da, kista ili valjka. Osigurajte da je cijela povr\u0161ina ravnomjerno prekrivena kako biste osigurali ujedna\u010denu za\u0161titu. Ako radite na velikim povr\u0161inama, preporu\u010duje se nano\u0161enje u dijelovima kako biste sprije\u010dili su\u0161enje proizvoda prije pravilnog nano\u0161enja.<\/li>\n<li><strong>Iznos za kori\u0161tenje <\/strong>Prinos hidroizolacije betonskih blokova je otprilike 6 do 10 m\u00b2 po litri, ovisno o poroznosti materijala. Spremnik od 5 litara mo\u017ee pokriti izme\u0111u 30 i 50 m\u00b2, \u0161to vam omogu\u0107uje tretiranje velike povr\u0161ine s relativno malo proizvoda. Zbog toga je hidroizolacija betonskih blokova ekonomi\u010dno rje\u0161enje za tretiranje velikih povr\u0161ina.<\/li>\n<li><strong>Vrijeme su\u0161enja <\/strong>Nakon nano\u0161enja, proizvod se su\u0161i na dodir za 1 do 2 sata, ali preporu\u010duje se da se potpuno su\u0161i 24 sata kako bi se osigurala puna u\u010dinkovitost. Tijekom tog razdoblja izbjegavajte svaki kontakt s vlagom kako bi se proizvod pravilno stvrdnuo i stvorio trajnu vodootpornu barijeru.<\/li>\n<li><strong>Ponovna primjena <\/strong>Ovisno o vremenskim uvjetima i izlo\u017eenosti, ponovna primjena mo\u017ee biti potrebna svake 3 do 5 godina kako bi se odr\u017eala optimalna za\u0161tita. Prije svake nove primjene, temeljito o\u010distite povr\u0161inu kako biste uklonili svu prljav\u0161tinu ili ostatke prethodnog proizvoda.<\/li>\n<li><strong>Odr\u017eavanje <\/strong>Nakon tretmana preporu\u010duje se redovito \u010di\u0161\u0107enje tretiranih povr\u0161ina \u010distom vodom i mekom krpom kako bi se o\u010duvala u\u010dinkovitost za\u0161tite. Izbjegavajte kori\u0161tenje abrazivnih sredstava za \u010di\u0161\u0107enje ili kemikalija koje bi mogle o\u0161tetiti za\u0161titni sloj koji je stvorio hidroizolacijski premaz.<\/li>\n<\/ul>","protected":false},"excerpt":{"rendered":"<p>Effective protection against humidity.\u00a0The concrete block waterproofer is designed to offer optimal protection against moisture and water infiltration in concrete block walls. Thanks to its specially developed formula, it creates an invisible barrier that prevents water from penetrating while allowing the material to breathe. Ideal for both exterior walls and foundations, this product helps preserve [&hellip;]<\/p>\n","protected":false},"featured_media":36484,"comment_status":"open","ping_status":"closed","template":"","meta":{"_uag_custom_page_level_css":"","site-sidebar-layout":"default","site-content-layout":"","ast-site-content-layout":"default","site-content-style":"default","site-sidebar-style":"default","ast-global-header-display":"","ast-banner-title-visibility":"","ast-main-header-display":"","ast-hfb-above-header-display":"","ast-hfb-below-header-display":"","ast-hfb-mobile-header-display":"","site-post-title":"","ast-breadcrumbs-content":"","ast-featured-img":"","footer-sml-layout":"","ast-disable-related-posts":"","theme-transparent-header-meta":"default","adv-header-id-meta":"","stick-header-meta":"","header-above-stick-meta":"","header-main-stick-meta":"","header-below-stick-meta":"","astra-migrate-meta-layouts":"set","ast-page-background-enabled":"default","ast-page-background-meta":{"desktop":{"background-color":"var(--ast-global-color-4)","background-image":"","background-repeat":"repeat","background-position":"center center","background-size":"auto","background-attachment":"scroll","background-type":"","background-media":"","overlay-type":"","overlay-color":"","overlay-opacity":"","overlay-gradient":""},"tablet":{"background-color":"","background-image":"","background-repeat":"repeat","background-position":"center center","background-size":"auto","background-attachment":"scroll","background-type":"","background-media":"","overlay-type":"","overlay-color":"","overlay-opacity":"","overlay-gradient":""},"mobile":{"background-color":"","background-image":"","background-repeat":"repeat","background-position":"center center","background-size":"auto","background-attachment":"scroll","background-type":"","background-media":"","overlay-type":"","overlay-color":"","overlay-opacity":"","overlay-gradient":""}},"ast-content-background-meta":{"desktop":{"background-color":"var(--ast-global-color-5)","background-image":"","background-repeat":"repeat","background-position":"center center","background-size":"auto","background-attachment":"scroll","background-type":"","background-media":"","overlay-type":"","overlay-color":"","overlay-opacity":"","overlay-gradient":""},"tablet":{"background-color":"var(--ast-global-color-5)","background-image":"","background-repeat":"repeat","background-position":"center center","background-size":"auto","background-attachment":"scroll","background-type":"","background-media":"","overlay-type":"","overlay-color":"","overlay-opacity":"","overlay-gradient":""},"mobile":{"background-color":"var(--ast-global-color-5)","background-image":"","background-repeat":"repeat","background-position":"center center","background-size":"auto","background-attachment":"scroll","background-type":"","background-media":"","overlay-type":"","overlay-color":"","overlay-opacity":"","overlay-gradient":""}}},"product_brand":[],"product_cat":[176,191],"product_tag":[],"class_list":{"0":"post-23177","1":"product","2":"type-product","3":"status-publish","4":"has-post-thumbnail","6":"product_cat-concrete-treatment","7":"product_cat-water-repellent","8":"desktop-align-left","9":"tablet-align-left","10":"mobile-align-left","12":"first","13":"instock","14":"sale","15":"shipping-taxable","16":"purchasable","17":"product-type-variable","18":"has-default-attributes"},"spectra_custom_meta":{"_visibility":["visible"],"_shopify_product_id":["9106659508469"],"_s2w_shopify_domain":["ferberpainting.myshopify.com"],"_shopify_variant_id":["46626418393333"],"_sku":[""],"_manage_stock":["no"],"total_sales":["7"],"_tax_status":["taxable"],"_tax_class":[""],"_backorders":["no"],"_sold_individually":["no"],"_virtual":["no"],"_downloadable":["no"],"_download_limit":["-1"],"_download_expiry":["-1"],"_stock":[null],"_stock_status":["instock"],"_wc_average_rating":["5.00"],"_wc_review_count":["10"],"_product_attributes":["a:1:{s:6:\"volume\";a:6:{s:4:\"name\";s:6:\"Volume\";s:5:\"value\";s:20:\"5 liters | 25 liters\";s:8:\"position\";i:1;s:10:\"is_visible\";i:0;s:12:\"is_variation\";i:1;s:11:\"is_taxonomy\";i:0;}}"],"_product_version":["10.5.1"],"wpse_downloadable_file_names":[""],"wpse_downloadable_file_urls":[""],"_edit_last":["1"],"_default_attributes":["a:1:{s:6:\"volume\";s:8:\"5 liters\";}"],"_edit_lock":["1771159074:1"],"_price":["29.90","129.90"],"merchant-center-availability":["yes"],"merchant-center-category":["503744"],"_thumbnail_id":["36484"],"_wp_page_template":["default"],"_wp_old_date":["2025-05-26"],"_product_image_gallery":["36485"],"site-sidebar-layout":["default"],"ast-site-content-layout":["default"],"site-content-style":["default"],"site-sidebar-style":["default"],"theme-transparent-header-meta":["default"],"_wc_rating_count":["a:1:{i:5;i:10;}"],"astra-migrate-meta-layouts":["set"],"_uag_css_file_name":["uag-css-23177.css"],"_elementor_page_assets":["a:0:{}"],"_uag_page_assets":["a:9:{s:3:\"css\";s:6873:\".wp-block-uagb-image{display:flex}.wp-block-uagb-image__figure{position:relative;display:flex;flex-direction:column;max-width:100%;height:auto;margin:0}.wp-block-uagb-image__figure img{height:auto;display:flex;max-width:100%;transition:box-shadow .2s ease}.wp-block-uagb-image__figure>a{display:inline-block}.wp-block-uagb-image__figure figcaption{text-align:center;margin-top:.5em;margin-bottom:1em}.wp-block-uagb-image .components-placeholder.block-editor-media-placeholder .components-placeholder__instructions{align-self:center}.wp-block-uagb-image--align-left{text-align:left}.wp-block-uagb-image--align-right{text-align:right}.wp-block-uagb-image--align-center{text-align:center}.wp-block-uagb-image--align-full .wp-block-uagb-image__figure{margin-left:calc(50% - 50vw);margin-right:calc(50% - 50vw);max-width:100vw;width:100vw;height:auto}.wp-block-uagb-image--align-full .wp-block-uagb-image__figure img{height:auto;width:100% !important}.wp-block-uagb-image--align-wide .wp-block-uagb-image__figure img{height:auto;width:100%}.wp-block-uagb-image--layout-overlay__color-wrapper{position:absolute;left:0;top:0;right:0;bottom:0;opacity:.2;background:rgba(0,0,0,.5);transition:opacity .35s ease-in-out}.wp-block-uagb-image--layout-overlay-link{position:absolute;left:0;right:0;bottom:0;top:0}.wp-block-uagb-image--layout-overlay .wp-block-uagb-image__figure:hover .wp-block-uagb-image--layout-overlay__color-wrapper{opacity:1}.wp-block-uagb-image--layout-overlay__inner{position:absolute;left:15px;right:15px;bottom:15px;top:15px;display:flex;align-items:center;justify-content:center;flex-direction:column;border-color:#fff;transition:.35s ease-in-out}.wp-block-uagb-image--layout-overlay__inner.top-left,.wp-block-uagb-image--layout-overlay__inner.top-center,.wp-block-uagb-image--layout-overlay__inner.top-right{justify-content:flex-start}.wp-block-uagb-image--layout-overlay__inner.bottom-left,.wp-block-uagb-image--layout-overlay__inner.bottom-center,.wp-block-uagb-image--layout-overlay__inner.bottom-right{justify-content:flex-end}.wp-block-uagb-image--layout-overlay__inner.top-left,.wp-block-uagb-image--layout-overlay__inner.center-left,.wp-block-uagb-image--layout-overlay__inner.bottom-left{align-items:flex-start}.wp-block-uagb-image--layout-overlay__inner.top-right,.wp-block-uagb-image--layout-overlay__inner.center-right,.wp-block-uagb-image--layout-overlay__inner.bottom-right{align-items:flex-end}.wp-block-uagb-image--layout-overlay__inner .uagb-image-heading{color:#fff;transition:transform .35s,opacity .35s ease-in-out;transform:translate3d(0, 24px, 0);margin:0;line-height:1em}.wp-block-uagb-image--layout-overlay__inner .uagb-image-separator{width:30%;border-top-width:2px;border-top-color:#fff;border-top-style:solid;margin-bottom:10px;opacity:0;transition:transform .4s,opacity .4s ease-in-out;transform:translate3d(0, 30px, 0)}.wp-block-uagb-image--layout-overlay__inner .uagb-image-caption{opacity:0;overflow:visible;color:#fff;transition:transform .45s,opacity .45s ease-in-out;transform:translate3d(0, 35px, 0)}.wp-block-uagb-image--layout-overlay__inner:hover .uagb-image-heading,.wp-block-uagb-image--layout-overlay__inner:hover .uagb-image-separator,.wp-block-uagb-image--layout-overlay__inner:hover .uagb-image-caption{opacity:1;transform:translate3d(0, 0, 0)}.wp-block-uagb-image--effect-zoomin .wp-block-uagb-image__figure img,.wp-block-uagb-image--effect-zoomin .wp-block-uagb-image__figure .wp-block-uagb-image--layout-overlay__color-wrapper{transform:scale(1);transition:transform .35s ease-in-out}.wp-block-uagb-image--effect-zoomin .wp-block-uagb-image__figure:hover img,.wp-block-uagb-image--effect-zoomin .wp-block-uagb-image__figure:hover .wp-block-uagb-image--layout-overlay__color-wrapper{transform:scale(1.05)}.wp-block-uagb-image--effect-slide .wp-block-uagb-image__figure img,.wp-block-uagb-image--effect-slide .wp-block-uagb-image__figure .wp-block-uagb-image--layout-overlay__color-wrapper{width:calc(100% + 40px) !important;max-width:none !important;transform:translate3d(-40px, 0, 0);transition:transform .35s ease-in-out}.wp-block-uagb-image--effect-slide .wp-block-uagb-image__figure:hover img,.wp-block-uagb-image--effect-slide .wp-block-uagb-image__figure:hover .wp-block-uagb-image--layout-overlay__color-wrapper{transform:translate3d(0, 0, 0)}.wp-block-uagb-image--effect-grayscale img{filter:grayscale(0%);transition:.35s ease-in-out}.wp-block-uagb-image--effect-grayscale:hover img{filter:grayscale(100%)}.wp-block-uagb-image--effect-blur img{filter:blur(0);transition:.35s ease-in-out}.wp-block-uagb-image--effect-blur:hover img{filter:blur(3px)}.uagb-block-e6f939b3.wp-block-uagb-image--layout-default figure img{box-shadow: 0px 0px 0 #00000070;}.uagb-block-e6f939b3.wp-block-uagb-image .wp-block-uagb-image__figure figcaption{font-style: normal;align-self: center;}.uagb-block-e6f939b3.wp-block-uagb-image--layout-overlay figure img{box-shadow: 0px 0px 0 #00000070;}.uagb-block-e6f939b3.wp-block-uagb-image--layout-overlay .wp-block-uagb-image--layout-overlay__color-wrapper{opacity: 0.2;}.uagb-block-e6f939b3.wp-block-uagb-image--layout-overlay .wp-block-uagb-image--layout-overlay__inner{left: 15px;right: 15px;top: 15px;bottom: 15px;}.uagb-block-e6f939b3.wp-block-uagb-image--layout-overlay .wp-block-uagb-image--layout-overlay__inner .uagb-image-heading{font-style: normal;color: #fff;opacity: 1;}.uagb-block-e6f939b3.wp-block-uagb-image--layout-overlay .wp-block-uagb-image--layout-overlay__inner .uagb-image-heading a{color: #fff;}.uagb-block-e6f939b3.wp-block-uagb-image--layout-overlay .wp-block-uagb-image--layout-overlay__inner .uagb-image-caption{opacity: 0;}.uagb-block-e6f939b3.wp-block-uagb-image--layout-overlay .wp-block-uagb-image__figure:hover .wp-block-uagb-image--layout-overlay__color-wrapper{opacity: 1;}.uagb-block-e6f939b3.wp-block-uagb-image .wp-block-uagb-image--layout-overlay__inner .uagb-image-separator{width: 30%;border-top-width: 2px;border-top-color: #fff;opacity: 0;}.uagb-block-e6f939b3.wp-block-uagb-image .wp-block-uagb-image__figure img{width: px;height: auto;}.uagb-block-e6f939b3.wp-block-uagb-image .wp-block-uagb-image__figure:hover .wp-block-uagb-image--layout-overlay__inner .uagb-image-caption{opacity: 1;}.uagb-block-e6f939b3.wp-block-uagb-image .wp-block-uagb-image__figure:hover .wp-block-uagb-image--layout-overlay__inner .uagb-image-separator{opacity: 1;}.uagb-block-e6f939b3.wp-block-uagb-image--layout-default figure:hover img{box-shadow: 0px 0px 0 #00000070;}.uagb-block-e6f939b3.wp-block-uagb-image--layout-overlay figure:hover img{box-shadow: 0px 0px 0 #00000070;}@media only screen and (max-width: 976px) {.uagb-block-e6f939b3.wp-block-uagb-image .wp-block-uagb-image__figure img{width: px;height: auto;}}@media only screen and (max-width: 767px) {.uagb-block-e6f939b3.wp-block-uagb-image .wp-block-uagb-image__figure img{width: px;height: auto;}}\";s:2:\"js\";s:0:\"\";s:18:\"current_block_list\";a:13:{i:0;s:11:\"core\/search\";i:1;s:10:\"core\/group\";i:2;s:12:\"core\/heading\";i:3;s:17:\"core\/latest-posts\";i:4;s:20:\"core\/latest-comments\";i:5;s:13:\"core\/archives\";i:6;s:15:\"core\/categories\";i:7;s:14:\"core\/paragraph\";i:8;s:10:\"uagb\/image\";i:9;s:11:\"core\/spacer\";i:10;s:30:\"woocommerce\/product-categories\";i:11;s:10:\"core\/image\";i:12;s:14:\"core\/shortcode\";}s:8:\"uag_flag\";b:1;s:11:\"uag_version\";s:10:\"1777096529\";s:6:\"gfonts\";a:0:{}s:10:\"gfonts_url\";s:0:\"\";s:12:\"gfonts_files\";a:0:{}s:14:\"uag_faq_layout\";b:0;}"]},"uagb_featured_image_src":{"full":["https:\/\/www.ferberpainting.com\/wp-content\/uploads\/2025\/05\/Concrete-Block-Water-Repellent-5L-.png",2560,2560,false],"thumbnail":["https:\/\/www.ferberpainting.com\/wp-content\/uploads\/2025\/05\/Concrete-Block-Water-Repellent-5L--150x150.png",150,150,true],"medium":["https:\/\/www.ferberpainting.com\/wp-content\/uploads\/2025\/05\/Concrete-Block-Water-Repellent-5L--300x300.png",300,300,true],"medium_large":["https:\/\/www.ferberpainting.com\/wp-content\/uploads\/2025\/05\/Concrete-Block-Water-Repellent-5L--768x768.png",768,768,true],"large":["https:\/\/www.ferberpainting.com\/wp-content\/uploads\/2025\/05\/Concrete-Block-Water-Repellent-5L--1024x1024.png",1024,1024,true],"1536x1536":["https:\/\/www.ferberpainting.com\/wp-content\/uploads\/2025\/05\/Concrete-Block-Water-Repellent-5L--1536x1536.png",1536,1536,true],"2048x2048":["https:\/\/www.ferberpainting.com\/wp-content\/uploads\/2025\/05\/Concrete-Block-Water-Repellent-5L--2048x2048.png",2048,2048,true],"trp-custom-language-flag":["https:\/\/www.ferberpainting.com\/wp-content\/uploads\/2025\/05\/Concrete-Block-Water-Repellent-5L--12x12.png",12,12,true],"woocommerce_thumbnail":["https:\/\/www.ferberpainting.com\/wp-content\/uploads\/2025\/05\/Concrete-Block-Water-Repellent-5L--300x300.png",300,300,true],"woocommerce_single":["https:\/\/www.ferberpainting.com\/wp-content\/uploads\/2025\/05\/Concrete-Block-Water-Repellent-5L--600x600.png",600,600,true],"woocommerce_gallery_thumbnail":["https:\/\/www.ferberpainting.com\/wp-content\/uploads\/2025\/05\/Concrete-Block-Water-Repellent-5L--100x100.png",100,100,true]},"uagb_author_info":{"display_name":"admin","author_link":"https:\/\/www.ferberpainting.com\/hr\/author\/"},"uagb_comment_info":10,"uagb_excerpt":"Effective protection against humidity.\u00a0The concrete block waterproofer is designed to offer optimal protection against moisture and water infiltration in concrete block walls. Thanks to its specially developed formula, it creates an invisible barrier that prevents water from penetrating while allowing the material to breathe. Ideal for both exterior walls and foundations, this product helps preserve&hellip;","_links":{"self":[{"href":"https:\/\/www.ferberpainting.com\/hr\/wp-json\/wp\/v2\/product\/23177","targetHints":{"allow":["GET"]}}],"collection":[{"href":"https:\/\/www.ferberpainting.com\/hr\/wp-json\/wp\/v2\/product"}],"about":[{"href":"https:\/\/www.ferberpainting.com\/hr\/wp-json\/wp\/v2\/types\/product"}],"replies":[{"embeddable":true,"href":"https:\/\/www.ferberpainting.com\/hr\/wp-json\/wp\/v2\/comments?post=23177"}],"version-history":[{"count":6,"href":"https:\/\/www.ferberpainting.com\/hr\/wp-json\/wp\/v2\/product\/23177\/revisions"}],"predecessor-version":[{"id":166086,"href":"https:\/\/www.ferberpainting.com\/hr\/wp-json\/wp\/v2\/product\/23177\/revisions\/166086"}],"wp:featuredmedia":[{"embeddable":true,"href":"https:\/\/www.ferberpainting.com\/hr\/wp-json\/wp\/v2\/media\/36484"}],"wp:attachment":[{"href":"https:\/\/www.ferberpainting.com\/hr\/wp-json\/wp\/v2\/media?parent=23177"}],"wp:term":[{"taxonomy":"product_brand","embeddable":true,"href":"https:\/\/www.ferberpainting.com\/hr\/wp-json\/wp\/v2\/product_brand?post=23177"},{"taxonomy":"product_cat","embeddable":true,"href":"https:\/\/www.ferberpainting.com\/hr\/wp-json\/wp\/v2\/product_cat?post=23177"},{"taxonomy":"product_tag","embeddable":true,"href":"https:\/\/www.ferberpainting.com\/hr\/wp-json\/wp\/v2\/product_tag?post=23177"}],"curies":[{"name":"radni list","href":"https:\/\/api.w.org\/{rel}","templated":true}]}}