{"id":23174,"date":"2025-05-26T10:23:08","date_gmt":"2025-05-26T08:23:08","guid":{"rendered":"https:\/\/www.ferberpainting.com\/products\/cure-for-concrete-and-mortar\/"},"modified":"2026-02-15T16:44:44","modified_gmt":"2026-02-15T15:44:44","slug":"cure-for-concrete-and-mortar","status":"publish","type":"product","link":"https:\/\/www.ferberpainting.com\/hr\/products\/cure-for-concrete-and-mortar\/","title":{"rendered":"Su\u0161enje betona i morta"},"content":{"rendered":"<p><strong><img decoding=\"async\" style=\"margin-right: 12px;\" src=\"https:\/\/www.ferberpainting.com\/wp-content\/uploads\/2026\/02\/Check.svg\" alt=\"\" width=\"18\" height=\"15\" \/>Osigurajte optimalno stvrdnjavanje za ja\u010di i trajniji beton i mort.<\/strong> Na\u0161 tretman za beton i mort posebno je formuliran za regulaciju isparavanja vlage tijekom kriti\u010dne faze su\u0161enja, omogu\u0107uju\u0107i materijalima na bazi cementa da postignu maksimalnu \u010dvrsto\u0107u i strukturni integritet. Odr\u017eavanjem odgovaraju\u0107ih uvjeta hidratacije zna\u010dajno se smanjuje rizik od pucanja, skupljanja povr\u0161ine i prerane slabosti.<\/p>\n<p><strong><img decoding=\"async\" style=\"margin-right: 12px;\" src=\"https:\/\/www.ferberpainting.com\/wp-content\/uploads\/2026\/02\/Check.svg\" alt=\"\" width=\"18\" height=\"15\" \/>Naju\u010dinkovitije rje\u0161enje za su\u0161enje na tr\u017ei\u0161tu.<\/strong> Dizajniran s naprednom tehnologijom zadr\u017eavanja vlage, ovaj tretman su\u0161enja stvara za\u0161titni film koji usporava gubitak vode iz svje\u017ee izlivenog betona i morta. Ovaj kontrolirani proces su\u0161enja pove\u0107ava tla\u010dnu \u010dvrsto\u0107u, pobolj\u0161ava trajnost i osigurava ujedna\u010deniju i stabilniju kona\u010dnu strukturu u usporedbi s netretiranim povr\u0161inama.<\/p>\n<p><strong><img decoding=\"async\" style=\"margin-right: 12px;\" src=\"https:\/\/www.ferberpainting.com\/wp-content\/uploads\/2026\/02\/Check.svg\" alt=\"\" width=\"18\" height=\"15\" \/>Jamstvo povrata novca za potpuni mir.<\/strong> Potpuno smo sigurni u u\u010dinkovitost na\u0161eg sredstva za su\u0161enje betona i morta. Ako niste u potpunosti zadovoljni rezultatima, vratit \u0107emo vam novac. Na\u0161e jamstvo povrata novca osigurava da je va\u0161a investicija bez rizika i odra\u017eava na\u0161u predanost pouzdanosti profesionalne razine.<\/p>\n<p><strong><img decoding=\"async\" style=\"margin-right: 12px;\" src=\"https:\/\/www.ferberpainting.com\/wp-content\/uploads\/2026\/02\/Check.svg\" alt=\"\" width=\"18\" height=\"15\" \/>Najjeftinije profesionalno rje\u0161enje za su\u0161enje koje je dostupno.<\/strong> Visokokvalitetna za\u0161tita od su\u0161enja ne mora nu\u017eno imati visoku cijenu. Na\u0161 proizvod pru\u017ea vrhunske performanse po najkonkurentnijoj cijeni na tr\u017ei\u0161tu, nude\u0107i iznimnu vrijednost za gra\u0111evinske profesionalce i korisnike koji se bave samostalnim radom.<\/p>\n<p><strong><img decoding=\"async\" style=\"margin-right: 12px;\" src=\"https:\/\/www.ferberpainting.com\/wp-content\/uploads\/2026\/02\/Check.svg\" alt=\"\" width=\"18\" height=\"15\" \/>Brza 24-satna isporuka za vremenski osjetljive projekte.<\/strong> Beton i mort zahtijevaju trenutnu za\u0161titu od su\u0161enja nakon ugradnje. Zato nudimo pouzdanu dostavu u roku od 24 sata, osiguravaju\u0107i da proizvod primite brzo i da mo\u017eete za\u0161tititi svoje povr\u0161ine u pravom trenutku.<\/p>\n<p><strong><img decoding=\"async\" style=\"margin-right: 12px;\" src=\"https:\/\/www.ferberpainting.com\/wp-content\/uploads\/2026\/02\/Check.svg\" alt=\"\" width=\"18\" height=\"15\" \/>Pokrivenost do 5 m\u00b2 po litri za kontroliranu primjenu.<\/strong> Jedna litra proizvoda tretira do 5 \u010detvornih metara, osiguravaju\u0107i dovoljnu debljinu filma za u\u010dinkovito stvrdnjavanje. Ova definirana stopa pokrivenosti omogu\u0107uje precizno planiranje i osigurava dosljedno zadr\u017eavanje vlage na tretiranim povr\u0161inama.<\/p>\n<p><strong><img decoding=\"async\" style=\"margin-right: 12px;\" src=\"https:\/\/www.ferberpainting.com\/wp-content\/uploads\/2026\/02\/Check.svg\" alt=\"\" width=\"18\" height=\"15\" \/>Smanjuje pukotine i povr\u0161inske nedostatke.<\/strong> Sprje\u010davanjem brzog isparavanja vode, ovaj spoj za stvrdnjavanje zna\u010dajno smanjuje pukotine uzrokovane plasti\u010dnim skupljanjem, povr\u0161insko pra\u0161enje i strukturne mikropukotine. Poti\u010de ravnomjerno stvrdnjavanje i pobolj\u0161ava ukupnu kvalitetu povr\u0161ine.<\/p>\n<p><strong><img decoding=\"async\" style=\"margin-right: 12px;\" src=\"https:\/\/www.ferberpainting.com\/wp-content\/uploads\/2026\/02\/Check.svg\" alt=\"\" width=\"18\" height=\"15\" \/>Pove\u0107ava dugoro\u010dnu izdr\u017eljivost i \u010dvrsto\u0107u.<\/strong> Pravilno stvrdnjavanje pove\u0107ava tla\u010dnu \u010dvrsto\u0107u i otpornost na habanje. Ovaj proizvod poma\u017ee betonu i mortu da ostvare svoj puni mehani\u010dki potencijal, \u010dine\u0107i povr\u0161ine otpornijima na habanje, vremenske uvjete i utjecaje iz okoli\u0161a.<\/p>\n<p><strong><img decoding=\"async\" style=\"margin-right: 12px;\" src=\"https:\/\/www.ferberpainting.com\/wp-content\/uploads\/2026\/02\/Check.svg\" alt=\"\" width=\"18\" height=\"15\" \/>Pogodno za razne primjene na bazi cementa.<\/strong> Ovaj tretman za su\u0161enje idealan je za plo\u010de, temelje, estrihe, prilaze, zidove, stupove, plo\u010dnike i spojeve morta. U\u010dinkovito djeluje u stambenim, komercijalnim i industrijskim gra\u0111evinskim okru\u017eenjima.<\/p>\n<p><strong><img decoding=\"async\" style=\"margin-right: 12px;\" src=\"https:\/\/www.ferberpainting.com\/wp-content\/uploads\/2026\/02\/Check.svg\" alt=\"\" width=\"18\" height=\"15\" \/>Jednostavna primjena za profesionalce i vlasnike ku\u0107a.<\/strong> Dizajniran za prakti\u010dnu upotrebu, spoj za stvrdnjavanje mo\u017ee se nanositi niskotla\u010dnim raspr\u0161iva\u010dem, valjkom ili \u010detkom. Njegova ujedna\u010dena konzistencija omogu\u0107uje brzo i ravnomjerno prekrivanje bez slo\u017eene pripreme.<\/p>\n<h2><strong>Upute<\/strong><\/h2>\n<ul>\n<li>Nanesite odmah nakon zavr\u0161ne obrade betonske ili mortne povr\u0161ine, nakon \u0161to je voda isparila i povr\u0161ina postala dovoljno \u010dvrsta da podnese nano\u0161enje.<\/li>\n<li>Prije nano\u0161enja sredstva za u\u010dvr\u0161\u0107ivanje provjerite je li povr\u0161ina \u010dista i bez staja\u0107e vode.<\/li>\n<li>Prije upotrebe dobro protresite ili promije\u0161ajte proizvod kako biste osigurali ujedna\u010den sastav.<\/li>\n<li>Ravnomjerno nanesite niskotla\u010dnim raspr\u0161iva\u010dem, valjkom ili \u010detkom kako biste stvorili kontinuirani za\u0161titni film.<\/li>\n<li>Pridr\u017eavajte se preporu\u010dene pokrivenosti od do 5 m\u00b2 po litri. To odgovara prosje\u010dnoj dozi od pribli\u017eno 200 ml po kvadratnom metru kako bi se osiguralo u\u010dinkovito zadr\u017eavanje vlage.<\/li>\n<li>Osigurajte potpunu i jednoliku pokrivenost bez ostavljanja netretiranih podru\u010dja. Izbjegavajte pretjerano nakupljanje.<\/li>\n<li>Pustite da se film za stvrdnjavanje osu\u0161i i stvori za\u0161titnu membranu na povr\u0161ini.<\/li>\n<li>Za\u0161titite svje\u017ee tretirana podru\u010dja od jakog prometa ili mehani\u010dkih o\u0161te\u0107enja tijekom faze su\u0161enja.<\/li>\n<li>Izbjegavajte nano\u0161enje tijekom ki\u0161e ili ekstremnih vremenskih uvjeta koji bi mogli poremetiti stvaranje filma.<\/li>\n<li>Alat odmah nakon upotrebe o\u010distite vodom i proizvod \u010duvajte na hladnom i suhom mjestu, dalje od izravne sun\u010deve svjetlosti i temperatura ispod niskih temperatura.<\/li>\n<\/ul>","protected":false},"excerpt":{"rendered":"<p>Ensure optimal curing for stronger and more durable concrete and mortar. Our concrete and mortar cure is specially formulated to regulate moisture evaporation during the critical curing phase, allowing cement-based materials to achieve maximum strength and structural integrity. By maintaining proper hydration conditions, it significantly reduces the risk of cracking, surface shrinkage, and premature weakness. [&hellip;]<\/p>\n","protected":false},"featured_media":25741,"comment_status":"open","ping_status":"closed","template":"","meta":{"_uag_custom_page_level_css":"","site-sidebar-layout":"default","site-content-layout":"","ast-site-content-layout":"default","site-content-style":"default","site-sidebar-style":"default","ast-global-header-display":"","ast-banner-title-visibility":"","ast-main-header-display":"","ast-hfb-above-header-display":"","ast-hfb-below-header-display":"","ast-hfb-mobile-header-display":"","site-post-title":"","ast-breadcrumbs-content":"","ast-featured-img":"","footer-sml-layout":"","ast-disable-related-posts":"","theme-transparent-header-meta":"default","adv-header-id-meta":"","stick-header-meta":"","header-above-stick-meta":"","header-main-stick-meta":"","header-below-stick-meta":"","astra-migrate-meta-layouts":"set","ast-page-background-enabled":"default","ast-page-background-meta":{"desktop":{"background-color":"var(--ast-global-color-4)","background-image":"","background-repeat":"repeat","background-position":"center center","background-size":"auto","background-attachment":"scroll","background-type":"","background-media":"","overlay-type":"","overlay-color":"","overlay-opacity":"","overlay-gradient":""},"tablet":{"background-color":"","background-image":"","background-repeat":"repeat","background-position":"center center","background-size":"auto","background-attachment":"scroll","background-type":"","background-media":"","overlay-type":"","overlay-color":"","overlay-opacity":"","overlay-gradient":""},"mobile":{"background-color":"","background-image":"","background-repeat":"repeat","background-position":"center center","background-size":"auto","background-attachment":"scroll","background-type":"","background-media":"","overlay-type":"","overlay-color":"","overlay-opacity":"","overlay-gradient":""}},"ast-content-background-meta":{"desktop":{"background-color":"var(--ast-global-color-5)","background-image":"","background-repeat":"repeat","background-position":"center center","background-size":"auto","background-attachment":"scroll","background-type":"","background-media":"","overlay-type":"","overlay-color":"","overlay-opacity":"","overlay-gradient":""},"tablet":{"background-color":"var(--ast-global-color-5)","background-image":"","background-repeat":"repeat","background-position":"center center","background-size":"auto","background-attachment":"scroll","background-type":"","background-media":"","overlay-type":"","overlay-color":"","overlay-opacity":"","overlay-gradient":""},"mobile":{"background-color":"var(--ast-global-color-5)","background-image":"","background-repeat":"repeat","background-position":"center center","background-size":"auto","background-attachment":"scroll","background-type":"","background-media":"","overlay-type":"","overlay-color":"","overlay-opacity":"","overlay-gradient":""}}},"product_brand":[],"product_cat":[176],"product_tag":[],"class_list":{"0":"post-23174","1":"product","2":"type-product","3":"status-publish","4":"has-post-thumbnail","6":"product_cat-concrete-treatment","7":"desktop-align-left","8":"tablet-align-left","9":"mobile-align-left","11":"first","12":"instock","13":"sale","14":"shipping-taxable","15":"purchasable","16":"product-type-variable","17":"has-default-attributes"},"spectra_custom_meta":{"_visibility":["visible"],"_shopify_product_id":["8051450839285"],"_s2w_shopify_domain":["ferberpainting.myshopify.com"],"_shopify_variant_id":["43849357066485"],"_manage_stock":["no"],"total_sales":["12"],"_tax_status":["taxable"],"_tax_class":[""],"_backorders":["no"],"_sold_individually":["no"],"_virtual":["no"],"_downloadable":["no"],"_download_limit":["-1"],"_download_expiry":["-1"],"_stock":[null],"_stock_status":["instock"],"_wc_average_rating":["4.98"],"_wc_review_count":["86"],"_product_attributes":["a:1:{s:6:\"volume\";a:6:{s:4:\"name\";s:6:\"Volume\";s:5:\"value\";s:20:\"5 liters | 25 liters\";s:8:\"position\";i:1;s:10:\"is_visible\";i:0;s:12:\"is_variation\";i:1;s:11:\"is_taxonomy\";i:0;}}"],"_product_version":["10.5.1"],"_thumbnail_id":["25741"],"_product_image_gallery":["25742"],"_edit_lock":["1771170229:1"],"_default_attributes":["a:1:{s:6:\"volume\";s:8:\"5 liters\";}"],"merchant-center-availability":["yes"],"merchant-center-category":["2282"],"merchant-center-id":["CBEM5L"],"_edit_last":["1"],"_wp_page_template":["default"],"site-sidebar-layout":["default"],"ast-site-content-layout":["default"],"site-content-style":["default"],"site-sidebar-style":["default"],"theme-transparent-header-meta":["default"],"_price":["29.90","129.90"],"_wc_rating_count":["a:2:{i:4;i:2;i:5;i:84;}"],"astra-migrate-meta-layouts":["set"],"_uag_css_file_name":["uag-css-23174.css"]},"uagb_featured_image_src":{"full":["https:\/\/www.ferberpainting.com\/wp-content\/uploads\/2025\/05\/ConcreteandMortarCure5L.jpg",2560,2560,false],"thumbnail":["https:\/\/www.ferberpainting.com\/wp-content\/uploads\/2025\/05\/ConcreteandMortarCure5L-150x150.jpg",150,150,true],"medium":["https:\/\/www.ferberpainting.com\/wp-content\/uploads\/2025\/05\/ConcreteandMortarCure5L-300x300.jpg",300,300,true],"medium_large":["https:\/\/www.ferberpainting.com\/wp-content\/uploads\/2025\/05\/ConcreteandMortarCure5L-768x768.jpg",768,768,true],"large":["https:\/\/www.ferberpainting.com\/wp-content\/uploads\/2025\/05\/ConcreteandMortarCure5L-1024x1024.jpg",1024,1024,true],"1536x1536":["https:\/\/www.ferberpainting.com\/wp-content\/uploads\/2025\/05\/ConcreteandMortarCure5L-1536x1536.jpg",1536,1536,true],"2048x2048":["https:\/\/www.ferberpainting.com\/wp-content\/uploads\/2025\/05\/ConcreteandMortarCure5L-2048x2048.jpg",2048,2048,true],"trp-custom-language-flag":["https:\/\/www.ferberpainting.com\/wp-content\/uploads\/2025\/05\/ConcreteandMortarCure5L-12x12.jpg",12,12,true],"woocommerce_thumbnail":["https:\/\/www.ferberpainting.com\/wp-content\/uploads\/2025\/05\/ConcreteandMortarCure5L-300x300.jpg",300,300,true],"woocommerce_single":["https:\/\/www.ferberpainting.com\/wp-content\/uploads\/2025\/05\/ConcreteandMortarCure5L-600x600.jpg",600,600,true],"woocommerce_gallery_thumbnail":["https:\/\/www.ferberpainting.com\/wp-content\/uploads\/2025\/05\/ConcreteandMortarCure5L-100x100.jpg",100,100,true]},"uagb_author_info":{"display_name":"admin","author_link":"https:\/\/www.ferberpainting.com\/hr\/author\/"},"uagb_comment_info":86,"uagb_excerpt":"Ensure optimal curing for stronger and more durable concrete and mortar. Our concrete and mortar cure is specially formulated to regulate moisture evaporation during the critical curing phase, allowing cement-based materials to achieve maximum strength and structural integrity. By maintaining proper hydration conditions, it significantly reduces the risk of cracking, surface shrinkage, and premature weakness.&hellip;","_links":{"self":[{"href":"https:\/\/www.ferberpainting.com\/hr\/wp-json\/wp\/v2\/product\/23174","targetHints":{"allow":["GET"]}}],"collection":[{"href":"https:\/\/www.ferberpainting.com\/hr\/wp-json\/wp\/v2\/product"}],"about":[{"href":"https:\/\/www.ferberpainting.com\/hr\/wp-json\/wp\/v2\/types\/product"}],"replies":[{"embeddable":true,"href":"https:\/\/www.ferberpainting.com\/hr\/wp-json\/wp\/v2\/comments?post=23174"}],"version-history":[{"count":6,"href":"https:\/\/www.ferberpainting.com\/hr\/wp-json\/wp\/v2\/product\/23174\/revisions"}],"predecessor-version":[{"id":166280,"href":"https:\/\/www.ferberpainting.com\/hr\/wp-json\/wp\/v2\/product\/23174\/revisions\/166280"}],"wp:featuredmedia":[{"embeddable":true,"href":"https:\/\/www.ferberpainting.com\/hr\/wp-json\/wp\/v2\/media\/25741"}],"wp:attachment":[{"href":"https:\/\/www.ferberpainting.com\/hr\/wp-json\/wp\/v2\/media?parent=23174"}],"wp:term":[{"taxonomy":"product_brand","embeddable":true,"href":"https:\/\/www.ferberpainting.com\/hr\/wp-json\/wp\/v2\/product_brand?post=23174"},{"taxonomy":"product_cat","embeddable":true,"href":"https:\/\/www.ferberpainting.com\/hr\/wp-json\/wp\/v2\/product_cat?post=23174"},{"taxonomy":"product_tag","embeddable":true,"href":"https:\/\/www.ferberpainting.com\/hr\/wp-json\/wp\/v2\/product_tag?post=23174"}],"curies":[{"name":"radni list","href":"https:\/\/api.w.org\/{rel}","templated":true}]}}