{"id":23155,"date":"2025-05-26T10:23:02","date_gmt":"2025-05-26T08:23:02","guid":{"rendered":"https:\/\/www.ferberpainting.com\/products\/complete-organic-nitrogen-fertilizer\/"},"modified":"2026-02-15T16:43:51","modified_gmt":"2026-02-15T15:43:51","slug":"complete-organic-nitrogen-fertilizer","status":"publish","type":"product","link":"https:\/\/www.ferberpainting.com\/hr\/products\/complete-organic-nitrogen-fertilizer\/","title":{"rendered":"Kompletno organsko du\u0161i\u010dno gnojivo 25 kg"},"content":{"rendered":"<p><img decoding=\"async\" style=\"margin-right: 12px;\" src=\"https:\/\/www.ferberpainting.com\/wp-content\/uploads\/2026\/02\/Check.svg\" alt=\"\" width=\"18\" height=\"15\" \/><strong>Prirodno gnojivo za sna\u017ean rast i uravnote\u017eenu gnojidbu.<\/strong>\u00a0Organsko du\u0161i\u010dno gnojivo idealno je gnojivo za poticanje rasta biljaka uz po\u0161tivanje prirode. Njegova NPK 10-10-10 formula osigurava uravnote\u017eenu opskrbu du\u0161ikom (N) za poticanje razvoja li\u0161\u0107a i stabljika, fosforom (P) za ja\u010danje korijenja i kalijem (K) za pobolj\u0161anje otpornosti na bolesti i tolerancije na te\u0161ke klimatske uvjete. S ovim gnojivom va\u0161i \u0107e usjevi imati koristi od potpune prehrane, osiguravaju\u0107i skladan rast i bolju produktivnost.<\/p>\n<p><strong><img decoding=\"async\" style=\"margin-right: 12px;\" src=\"https:\/\/www.ferberpainting.com\/wp-content\/uploads\/2026\/02\/Check.svg\" alt=\"\" width=\"18\" height=\"15\" \/>Jamstvo povrata novca.<\/strong>\u00a0Uvjereni smo u u\u010dinkovitost na\u0161eg organskog du\u0161i\u010dnog gnojiva, zbog \u010dega nudimo jamstvo povrata novca. Ako nakon upotrebe u skladu s na\u0161im preporukama ne primijetite vidljivo pobolj\u0161anje zdravlja i rasta va\u0161ih biljaka, vratit \u0107emo vam puni iznos. Gnojidba bez rizika za uspje\u0161an vrt.<\/p>\n<p><img decoding=\"async\" style=\"margin-right: 12px;\" src=\"https:\/\/www.ferberpainting.com\/wp-content\/uploads\/2026\/02\/Check.svg\" alt=\"\" width=\"18\" height=\"15\" \/><strong>Pogodno za sve vrste biljaka i tla.<\/strong>\u00a0Ovo gnojivo je svestrano i prikladno za sve kulture. Pogodno je za povrtnjake, vo\u0107ke, grmlje, cvije\u0107e, travnjake i ukrasne biljke. U\u010dinkovito je na svim vrstama tla, bilo da je glinovito, pjeskovito, vapnenasto ili muljevito, te pobolj\u0161ava kvalitetu tla oboga\u0107uju\u0107i njegovu strukturu i poti\u010du\u0107i mikrobni \u017eivot. Tako\u0111er je idealno za sadnju na otvorenom tlu ili u posudama, prilago\u0111avaju\u0107i se svim uvjetima uzgoja.<\/p>\n<p><img decoding=\"async\" style=\"margin-right: 12px;\" src=\"https:\/\/www.ferberpainting.com\/wp-content\/uploads\/2026\/02\/Check.svg\" alt=\"\" width=\"18\" height=\"15\" \/><strong>Isplativ prinos i dugotrajna gnojidba.<\/strong>\u00a0Zahvaljuju\u0107i svojoj \u010dvrstoj formulaciji, ovo gnojivo postupno otpu\u0161ta hranjive tvari, osiguravaju\u0107i kontinuiranu gnojidbu tijekom nekoliko tjedana. Vre\u0107a od 25 kg pokriva veliku povr\u0161inu uzgoja, s optimalnom primjenom od 200 g po kvadratnom metru ili po stablu, osiguravaju\u0107i redoviti unos hranjivih tvari bez vi\u0161ka ili rasipanja.<\/p>\n<p><img decoding=\"async\" style=\"margin-right: 12px;\" src=\"https:\/\/www.ferberpainting.com\/wp-content\/uploads\/2026\/02\/Check.svg\" alt=\"\" width=\"18\" height=\"15\" \/><strong>Prirodno i ekolo\u0161ki prihvatljivo gnojivo.<\/strong>\u00a0Napravljeno od prirodnih sastojaka, ovo gnojivo ne sadr\u017ei agresivne kemikalije i po\u0161tuje ravnote\u017eu tla i okolnu bioraznolikost. Poti\u010de razvoj korisnih mikroorganizama, pobolj\u0161avaju\u0107i prirodnu plodnost tla, a istovremeno smanjuje rizik od one\u010di\u0161\u0107enja podzemnih voda. Ovo gnojivo je tako\u0111er sigurno za ku\u0107ne ljubimce i lokalne divlje \u017eivotinje, osiguravaju\u0107i potpunu sigurnost gnojidbe.<\/p>\n<p><img decoding=\"async\" style=\"margin-right: 12px;\" src=\"https:\/\/www.ferberpainting.com\/wp-content\/uploads\/2026\/02\/Check.svg\" alt=\"\" width=\"18\" height=\"15\" \/><strong>Jednostavna primjena i gnojidba bez napora.<\/strong>\u00a0Za razliku od teku\u0107ih gnojiva koja zahtijevaju pripremu i precizno doziranje, ovo gnojivo se primjenjuje izravno u tlo, \u0161to pojednostavljuje njegovu upotrebu. Jednostavno ga rasporedite oko biljaka i lagano zakopajte kako biste aktivirali njegovo osloba\u0111anje. Njegova brza i u\u010dinkovita metoda primjene \u010dini ga prikladnim i za amaterske i za profesionalne vrtlare, jam\u010de\u0107i jednostavnu dostavu hranjivih tvari.<\/p>\n<p><img decoding=\"async\" style=\"margin-right: 12px;\" src=\"https:\/\/www.ferberpainting.com\/wp-content\/uploads\/2026\/02\/Check.svg\" alt=\"\" width=\"18\" height=\"15\" \/><strong>Produ\u017eeno djelovanje za u\u010dinkovitu i dugotrajnu oplodnju.<\/strong>\u00a0Zahvaljuju\u0107i postupnom otpu\u0161tanju, ovo gnojivo kontinuirano hrani biljke nekoliko tjedana, sprje\u010davaju\u0107i nedostatke i poti\u010du\u0107i skladan rast. Poti\u010de rast biljaka, ja\u010da otpornost na bolesti i pobolj\u0161ava kvalitetu uroda, osiguravaju\u0107i bujan vrt ili produktivan povrtnjak tijekom cijele godine.<\/p>\n<p><img decoding=\"async\" style=\"margin-right: 12px;\" src=\"https:\/\/www.ferberpainting.com\/wp-content\/uploads\/2026\/02\/Check.svg\" alt=\"\" width=\"18\" height=\"15\" \/><strong>Vidljivi rezultati unutar nekoliko tjedana.<\/strong>\u00a0Ve\u0107 od prve primjene, biljke pokazuju br\u017ei rast, gu\u0161\u0107e li\u0161\u0107e i obilnije cvjetove. Za povrtlarske kulture i vo\u0107ke, tako\u0111er osigurava bolje prinose i ve\u0107u kvalitetu usjeva, zahvaljuju\u0107i potpunoj i uravnote\u017eenoj prehrani.<\/p>\n<h2><strong>Protokol kori\u0161tenja<\/strong><\/h2>\n<p><strong>Preporu\u010dena doza:<\/strong><\/p>\n<ul>\n<li>Za drve\u0107e i grmlje: Nanesite 200 g gnojiva po stablu, ovisno o njegovoj veli\u010dini i starosti.<\/li>\n<li>Za povr\u0107e i cvije\u0107e: Raspr\u0161ite 100 do 150 g po m\u00b2 oko biljaka, ovisno o njihovim potrebama.<\/li>\n<li>Za travnjake: Koristite 150 g po m\u00b2 za pove\u0107anje gusto\u0107e i otpornosti travnjaka.<\/li>\n<\/ul>\n<p><strong>Na\u010din primjene <\/strong>:<\/p>\n<ul>\n<li><strong>Izravno \u0161irenje <\/strong>Ravnomjerno rasporedite gnojivo oko biljaka, izbjegavaju\u0107i izravan kontakt sa stabljikama i li\u0161\u0107em.<\/li>\n<li><strong>Ugradnja u tlo <\/strong>Nakon rasipanja, lagano pograbljajte povr\u0161inu tla kako biste pomogli granulama da prodru i ubrzaju njihovu apsorpciju od strane korijena.<\/li>\n<li><strong>Zalijevanje nakon primjene <\/strong>Nakon gnojidbe temeljito zalijte kako biste aktivirali osloba\u0111anje hranjivih tvari i optimizirali apsorpciju.<\/li>\n<\/ul>\n<p><strong>U\u010destalost primjene <\/strong>:<\/p>\n<ul>\n<li><strong>Tijekom razdoblja rasta i cvjetanja (prolje\u0107e-ljeto) <\/strong>Gnojivo primjenjujte svakih 6 do 8 tjedana kako biste odr\u017eali kontinuiranu opskrbu hranjivim tvarima.<\/li>\n<li><strong>Tijekom vegetativnog mirovanja (jesen-zima) <\/strong>Smanjite primjenu na jednom svaka 3 mjeseca kako biste sa\u010duvali energiju biljke bez poticanja pretjeranog rasta.<\/li>\n<\/ul>\n<p><strong>Mjere opreza pri kori\u0161tenju <\/strong>Ne prekora\u010dujte preporu\u010dene doze kako biste izbjegli neravnote\u017eu hranjivih tvari koja bi mogla usporiti rast biljaka ili uzrokovati vi\u0161ak du\u0161ika u tlu. Primijenite na blago vla\u017eno tlo kako biste osigurali optimalnu apsorpciju hranjivih tvari.<\/p>\n<p><strong>Skladi\u0161tenje i konzerviranje <\/strong>Gnojivo \u010duvajte na suhom mjestu, dalje od vlage i ekstremnih temperatura. Nakon svake upotrebe \u010dvrsto zatvorite vre\u0107icu kako biste odr\u017eali u\u010dinkovitost proizvoda i sprije\u010dili gubitak hranjivih tvari.<\/p>\n<p>S ovim kompletnim organskim du\u0161i\u010dnim gnojivom, ponudite svom vrtu, povrtnjaku i vo\u0107njaku uravnote\u017eenu i prirodnu prehranu, osiguravaju\u0107i sna\u017ean rast, obilno cvjetanje i obilne urode. Idealno je rje\u0161enje za sve vrtlare koji brinu o kvaliteti tla i za\u0161titi okoli\u0161a, omogu\u0107uju\u0107i u\u010dinkovitu i odr\u017eivu gnojidbu za sve vrste usjeva.<\/p>","protected":false},"excerpt":{"rendered":"<p>A natural fertilizer for vigorous growth and balanced fertilization.\u00a0Organic nitrogen fertilizer is an ideal fertilizer to stimulate plant growth while respecting nature. Its NPK 10-10-10 formula provides a balanced supply of nitrogen (N) to promote the development of leaves and stems, phosphorus (P) to strengthen rooting, and potassium (K) to enhance disease resistance and tolerance [&hellip;]<\/p>\n","protected":false},"featured_media":25730,"comment_status":"open","ping_status":"closed","template":"","meta":{"_uag_custom_page_level_css":"","site-sidebar-layout":"default","site-content-layout":"","ast-site-content-layout":"default","site-content-style":"default","site-sidebar-style":"default","ast-global-header-display":"","ast-banner-title-visibility":"","ast-main-header-display":"","ast-hfb-above-header-display":"","ast-hfb-below-header-display":"","ast-hfb-mobile-header-display":"","site-post-title":"","ast-breadcrumbs-content":"","ast-featured-img":"","footer-sml-layout":"","ast-disable-related-posts":"","theme-transparent-header-meta":"default","adv-header-id-meta":"","stick-header-meta":"","header-above-stick-meta":"","header-main-stick-meta":"","header-below-stick-meta":"","astra-migrate-meta-layouts":"set","ast-page-background-enabled":"default","ast-page-background-meta":{"desktop":{"background-color":"var(--ast-global-color-4)","background-image":"","background-repeat":"repeat","background-position":"center center","background-size":"auto","background-attachment":"scroll","background-type":"","background-media":"","overlay-type":"","overlay-color":"","overlay-opacity":"","overlay-gradient":""},"tablet":{"background-color":"","background-image":"","background-repeat":"repeat","background-position":"center center","background-size":"auto","background-attachment":"scroll","background-type":"","background-media":"","overlay-type":"","overlay-color":"","overlay-opacity":"","overlay-gradient":""},"mobile":{"background-color":"","background-image":"","background-repeat":"repeat","background-position":"center center","background-size":"auto","background-attachment":"scroll","background-type":"","background-media":"","overlay-type":"","overlay-color":"","overlay-opacity":"","overlay-gradient":""}},"ast-content-background-meta":{"desktop":{"background-color":"var(--ast-global-color-5)","background-image":"","background-repeat":"repeat","background-position":"center center","background-size":"auto","background-attachment":"scroll","background-type":"","background-media":"","overlay-type":"","overlay-color":"","overlay-opacity":"","overlay-gradient":""},"tablet":{"background-color":"var(--ast-global-color-5)","background-image":"","background-repeat":"repeat","background-position":"center center","background-size":"auto","background-attachment":"scroll","background-type":"","background-media":"","overlay-type":"","overlay-color":"","overlay-opacity":"","overlay-gradient":""},"mobile":{"background-color":"var(--ast-global-color-5)","background-image":"","background-repeat":"repeat","background-position":"center center","background-size":"auto","background-attachment":"scroll","background-type":"","background-media":"","overlay-type":"","overlay-color":"","overlay-opacity":"","overlay-gradient":""}}},"product_brand":[],"product_cat":[178],"product_tag":[],"class_list":{"0":"post-23155","1":"product","2":"type-product","3":"status-publish","4":"has-post-thumbnail","6":"product_cat-fertilizers","7":"desktop-align-left","8":"tablet-align-left","9":"mobile-align-left","11":"first","12":"instock","13":"taxable","14":"shipping-taxable","15":"purchasable","16":"product-type-simple"},"spectra_custom_meta":{"_visibility":["visible"],"_shopify_product_id":["9067991531765"],"_s2w_shopify_domain":["ferberpainting.myshopify.com"],"_shopify_variant_id":["46509738295541"],"_sku":["FPCOMPLETEORGANICNITROGENFERTILIZERR25KG"],"_regular_price":["39.90"],"_price":["39.90"],"_sale_price":[""],"_weight":["18.5"],"_thumbnail_id":["25730"],"_global_unique_id":["5056773817562"],"total_sales":["6"],"_tax_status":["taxable"],"_tax_class":[""],"_manage_stock":["no"],"_backorders":["no"],"_sold_individually":["no"],"_virtual":["no"],"_downloadable":["no"],"_download_limit":["-1"],"_download_expiry":["-1"],"_stock":[null],"_stock_status":["instock"],"_wc_average_rating":["5.00"],"_wc_review_count":["18"],"_product_version":["10.5.1"],"_wc_rating_count":["a:1:{i:5;i:18;}"],"_edit_lock":["1771751021:3822"],"merchant-center-availability":["yes"],"merchant-center-category":["113"],"_edit_last":["1"],"_wp_page_template":["default"],"site-sidebar-layout":["default"],"ast-site-content-layout":["default"],"site-content-style":["default"],"site-sidebar-style":["default"],"theme-transparent-header-meta":["default"],"astra-migrate-meta-layouts":["set"],"_uag_css_file_name":["uag-css-23155.css"],"_elementor_page_assets":["a:0:{}"],"_uag_page_assets":["a:9:{s:3:\"css\";s:7133:\".uag-blocks-common-selector{z-index:var(--z-index-desktop) !important}@media(max-width: 976px){.uag-blocks-common-selector{z-index:var(--z-index-tablet) !important}}@media(max-width: 767px){.uag-blocks-common-selector{z-index:var(--z-index-mobile) !important}}.wp-block-uagb-image{display:flex}.wp-block-uagb-image__figure{position:relative;display:flex;flex-direction:column;max-width:100%;height:auto;margin:0}.wp-block-uagb-image__figure img{height:auto;display:flex;max-width:100%;transition:box-shadow .2s ease}.wp-block-uagb-image__figure>a{display:inline-block}.wp-block-uagb-image__figure figcaption{text-align:center;margin-top:.5em;margin-bottom:1em}.wp-block-uagb-image .components-placeholder.block-editor-media-placeholder .components-placeholder__instructions{align-self:center}.wp-block-uagb-image--align-left{text-align:left}.wp-block-uagb-image--align-right{text-align:right}.wp-block-uagb-image--align-center{text-align:center}.wp-block-uagb-image--align-full .wp-block-uagb-image__figure{margin-left:calc(50% - 50vw);margin-right:calc(50% - 50vw);max-width:100vw;width:100vw;height:auto}.wp-block-uagb-image--align-full .wp-block-uagb-image__figure img{height:auto;width:100% !important}.wp-block-uagb-image--align-wide .wp-block-uagb-image__figure img{height:auto;width:100%}.wp-block-uagb-image--layout-overlay__color-wrapper{position:absolute;left:0;top:0;right:0;bottom:0;opacity:.2;background:rgba(0,0,0,.5);transition:opacity .35s ease-in-out}.wp-block-uagb-image--layout-overlay-link{position:absolute;left:0;right:0;bottom:0;top:0}.wp-block-uagb-image--layout-overlay .wp-block-uagb-image__figure:hover .wp-block-uagb-image--layout-overlay__color-wrapper{opacity:1}.wp-block-uagb-image--layout-overlay__inner{position:absolute;left:15px;right:15px;bottom:15px;top:15px;display:flex;align-items:center;justify-content:center;flex-direction:column;border-color:#fff;transition:.35s ease-in-out}.wp-block-uagb-image--layout-overlay__inner.top-left,.wp-block-uagb-image--layout-overlay__inner.top-center,.wp-block-uagb-image--layout-overlay__inner.top-right{justify-content:flex-start}.wp-block-uagb-image--layout-overlay__inner.bottom-left,.wp-block-uagb-image--layout-overlay__inner.bottom-center,.wp-block-uagb-image--layout-overlay__inner.bottom-right{justify-content:flex-end}.wp-block-uagb-image--layout-overlay__inner.top-left,.wp-block-uagb-image--layout-overlay__inner.center-left,.wp-block-uagb-image--layout-overlay__inner.bottom-left{align-items:flex-start}.wp-block-uagb-image--layout-overlay__inner.top-right,.wp-block-uagb-image--layout-overlay__inner.center-right,.wp-block-uagb-image--layout-overlay__inner.bottom-right{align-items:flex-end}.wp-block-uagb-image--layout-overlay__inner .uagb-image-heading{color:#fff;transition:transform .35s,opacity .35s ease-in-out;transform:translate3d(0, 24px, 0);margin:0;line-height:1em}.wp-block-uagb-image--layout-overlay__inner .uagb-image-separator{width:30%;border-top-width:2px;border-top-color:#fff;border-top-style:solid;margin-bottom:10px;opacity:0;transition:transform .4s,opacity .4s ease-in-out;transform:translate3d(0, 30px, 0)}.wp-block-uagb-image--layout-overlay__inner .uagb-image-caption{opacity:0;overflow:visible;color:#fff;transition:transform .45s,opacity .45s ease-in-out;transform:translate3d(0, 35px, 0)}.wp-block-uagb-image--layout-overlay__inner:hover .uagb-image-heading,.wp-block-uagb-image--layout-overlay__inner:hover .uagb-image-separator,.wp-block-uagb-image--layout-overlay__inner:hover .uagb-image-caption{opacity:1;transform:translate3d(0, 0, 0)}.wp-block-uagb-image--effect-zoomin .wp-block-uagb-image__figure img,.wp-block-uagb-image--effect-zoomin .wp-block-uagb-image__figure .wp-block-uagb-image--layout-overlay__color-wrapper{transform:scale(1);transition:transform .35s ease-in-out}.wp-block-uagb-image--effect-zoomin .wp-block-uagb-image__figure:hover img,.wp-block-uagb-image--effect-zoomin .wp-block-uagb-image__figure:hover .wp-block-uagb-image--layout-overlay__color-wrapper{transform:scale(1.05)}.wp-block-uagb-image--effect-slide .wp-block-uagb-image__figure img,.wp-block-uagb-image--effect-slide .wp-block-uagb-image__figure .wp-block-uagb-image--layout-overlay__color-wrapper{width:calc(100% + 40px) !important;max-width:none !important;transform:translate3d(-40px, 0, 0);transition:transform .35s ease-in-out}.wp-block-uagb-image--effect-slide .wp-block-uagb-image__figure:hover img,.wp-block-uagb-image--effect-slide .wp-block-uagb-image__figure:hover .wp-block-uagb-image--layout-overlay__color-wrapper{transform:translate3d(0, 0, 0)}.wp-block-uagb-image--effect-grayscale img{filter:grayscale(0%);transition:.35s ease-in-out}.wp-block-uagb-image--effect-grayscale:hover img{filter:grayscale(100%)}.wp-block-uagb-image--effect-blur img{filter:blur(0);transition:.35s ease-in-out}.wp-block-uagb-image--effect-blur:hover img{filter:blur(3px)}.uagb-block-e6f939b3.wp-block-uagb-image--layout-default figure img{box-shadow: 0px 0px 0 #00000070;}.uagb-block-e6f939b3.wp-block-uagb-image .wp-block-uagb-image__figure figcaption{font-style: normal;align-self: center;}.uagb-block-e6f939b3.wp-block-uagb-image--layout-overlay figure img{box-shadow: 0px 0px 0 #00000070;}.uagb-block-e6f939b3.wp-block-uagb-image--layout-overlay .wp-block-uagb-image--layout-overlay__color-wrapper{opacity: 0.2;}.uagb-block-e6f939b3.wp-block-uagb-image--layout-overlay .wp-block-uagb-image--layout-overlay__inner{left: 15px;right: 15px;top: 15px;bottom: 15px;}.uagb-block-e6f939b3.wp-block-uagb-image--layout-overlay .wp-block-uagb-image--layout-overlay__inner .uagb-image-heading{font-style: normal;color: #fff;opacity: 1;}.uagb-block-e6f939b3.wp-block-uagb-image--layout-overlay .wp-block-uagb-image--layout-overlay__inner .uagb-image-heading a{color: #fff;}.uagb-block-e6f939b3.wp-block-uagb-image--layout-overlay .wp-block-uagb-image--layout-overlay__inner .uagb-image-caption{opacity: 0;}.uagb-block-e6f939b3.wp-block-uagb-image--layout-overlay .wp-block-uagb-image__figure:hover .wp-block-uagb-image--layout-overlay__color-wrapper{opacity: 1;}.uagb-block-e6f939b3.wp-block-uagb-image .wp-block-uagb-image--layout-overlay__inner .uagb-image-separator{width: 30%;border-top-width: 2px;border-top-color: #fff;opacity: 0;}.uagb-block-e6f939b3.wp-block-uagb-image .wp-block-uagb-image__figure img{width: px;height: auto;}.uagb-block-e6f939b3.wp-block-uagb-image .wp-block-uagb-image__figure:hover .wp-block-uagb-image--layout-overlay__inner .uagb-image-caption{opacity: 1;}.uagb-block-e6f939b3.wp-block-uagb-image .wp-block-uagb-image__figure:hover .wp-block-uagb-image--layout-overlay__inner .uagb-image-separator{opacity: 1;}.uagb-block-e6f939b3.wp-block-uagb-image--layout-default figure:hover img{box-shadow: 0px 0px 0 #00000070;}.uagb-block-e6f939b3.wp-block-uagb-image--layout-overlay figure:hover img{box-shadow: 0px 0px 0 #00000070;}@media only screen and (max-width: 976px) {.uagb-block-e6f939b3.wp-block-uagb-image .wp-block-uagb-image__figure img{width: px;height: auto;}}@media only screen and (max-width: 767px) {.uagb-block-e6f939b3.wp-block-uagb-image .wp-block-uagb-image__figure img{width: px;height: auto;}}\";s:2:\"js\";s:0:\"\";s:18:\"current_block_list\";a:13:{i:0;s:11:\"core\/search\";i:1;s:10:\"core\/group\";i:2;s:12:\"core\/heading\";i:3;s:17:\"core\/latest-posts\";i:4;s:20:\"core\/latest-comments\";i:5;s:13:\"core\/archives\";i:6;s:15:\"core\/categories\";i:7;s:14:\"core\/paragraph\";i:8;s:10:\"uagb\/image\";i:9;s:11:\"core\/spacer\";i:10;s:30:\"woocommerce\/product-categories\";i:11;s:10:\"core\/image\";i:12;s:14:\"core\/shortcode\";}s:8:\"uag_flag\";b:1;s:11:\"uag_version\";s:10:\"1777197371\";s:6:\"gfonts\";a:0:{}s:10:\"gfonts_url\";s:0:\"\";s:12:\"gfonts_files\";a:0:{}s:14:\"uag_faq_layout\";b:0;}"]},"uagb_featured_image_src":{"full":["https:\/\/www.ferberpainting.com\/wp-content\/uploads\/2025\/05\/CompleteOrganicNitrogenFertilizer.png",2560,2560,false],"thumbnail":["https:\/\/www.ferberpainting.com\/wp-content\/uploads\/2025\/05\/CompleteOrganicNitrogenFertilizer-150x150.png",150,150,true],"medium":["https:\/\/www.ferberpainting.com\/wp-content\/uploads\/2025\/05\/CompleteOrganicNitrogenFertilizer-300x300.png",300,300,true],"medium_large":["https:\/\/www.ferberpainting.com\/wp-content\/uploads\/2025\/05\/CompleteOrganicNitrogenFertilizer-768x768.png",768,768,true],"large":["https:\/\/www.ferberpainting.com\/wp-content\/uploads\/2025\/05\/CompleteOrganicNitrogenFertilizer-1024x1024.png",1024,1024,true],"1536x1536":["https:\/\/www.ferberpainting.com\/wp-content\/uploads\/2025\/05\/CompleteOrganicNitrogenFertilizer-1536x1536.png",1536,1536,true],"2048x2048":["https:\/\/www.ferberpainting.com\/wp-content\/uploads\/2025\/05\/CompleteOrganicNitrogenFertilizer-2048x2048.png",2048,2048,true],"trp-custom-language-flag":["https:\/\/www.ferberpainting.com\/wp-content\/uploads\/2025\/05\/CompleteOrganicNitrogenFertilizer-12x12.png",12,12,true],"woocommerce_thumbnail":["https:\/\/www.ferberpainting.com\/wp-content\/uploads\/2025\/05\/CompleteOrganicNitrogenFertilizer-300x300.png",300,300,true],"woocommerce_single":["https:\/\/www.ferberpainting.com\/wp-content\/uploads\/2025\/05\/CompleteOrganicNitrogenFertilizer-600x600.png",600,600,true],"woocommerce_gallery_thumbnail":["https:\/\/www.ferberpainting.com\/wp-content\/uploads\/2025\/05\/CompleteOrganicNitrogenFertilizer-100x100.png",100,100,true]},"uagb_author_info":{"display_name":"admin","author_link":"https:\/\/www.ferberpainting.com\/hr\/author\/"},"uagb_comment_info":18,"uagb_excerpt":"A natural fertilizer for vigorous growth and balanced fertilization.\u00a0Organic nitrogen fertilizer is an ideal fertilizer to stimulate plant growth while respecting nature. Its NPK 10-10-10 formula provides a balanced supply of nitrogen (N) to promote the development of leaves and stems, phosphorus (P) to strengthen rooting, and potassium (K) to enhance disease resistance and tolerance&hellip;","_links":{"self":[{"href":"https:\/\/www.ferberpainting.com\/hr\/wp-json\/wp\/v2\/product\/23155","targetHints":{"allow":["GET"]}}],"collection":[{"href":"https:\/\/www.ferberpainting.com\/hr\/wp-json\/wp\/v2\/product"}],"about":[{"href":"https:\/\/www.ferberpainting.com\/hr\/wp-json\/wp\/v2\/types\/product"}],"replies":[{"embeddable":true,"href":"https:\/\/www.ferberpainting.com\/hr\/wp-json\/wp\/v2\/comments?post=23155"}],"version-history":[{"count":7,"href":"https:\/\/www.ferberpainting.com\/hr\/wp-json\/wp\/v2\/product\/23155\/revisions"}],"predecessor-version":[{"id":166279,"href":"https:\/\/www.ferberpainting.com\/hr\/wp-json\/wp\/v2\/product\/23155\/revisions\/166279"}],"wp:featuredmedia":[{"embeddable":true,"href":"https:\/\/www.ferberpainting.com\/hr\/wp-json\/wp\/v2\/media\/25730"}],"wp:attachment":[{"href":"https:\/\/www.ferberpainting.com\/hr\/wp-json\/wp\/v2\/media?parent=23155"}],"wp:term":[{"taxonomy":"product_brand","embeddable":true,"href":"https:\/\/www.ferberpainting.com\/hr\/wp-json\/wp\/v2\/product_brand?post=23155"},{"taxonomy":"product_cat","embeddable":true,"href":"https:\/\/www.ferberpainting.com\/hr\/wp-json\/wp\/v2\/product_cat?post=23155"},{"taxonomy":"product_tag","embeddable":true,"href":"https:\/\/www.ferberpainting.com\/hr\/wp-json\/wp\/v2\/product_tag?post=23155"}],"curies":[{"name":"radni list","href":"https:\/\/api.w.org\/{rel}","templated":true}]}}